{"id":33186,"date":"2026-04-27T04:41:59","date_gmt":"2026-04-27T04:41:59","guid":{"rendered":""},"modified":"2026-04-27T04:41:59","modified_gmt":"2026-04-27T04:41:59","slug":"zlevneny-gude-stolni-kotoucova-pila-gtk-2000-a-33186","status":"publish","type":"product","link":"https:\/\/www.oknobuild.com\/index.php\/produkt\/zlevneny-gude-stolni-kotoucova-pila-gtk-2000-a-33186\/","title":{"rendered":"Zlevn\u011bn\u00fd G\u00dcDE Stoln\u00ed kotou\u010dov\u00e1 pila GTK 2000 A"},"content":{"rendered":"<table>\n<div class=\"tab-pane active product-description\" id=\"popis\" role=\"tabpanel\">\n<div class=\"short-description\" itemprop=\"description\"><\/div>\n<div class=\"description\">\n<p><span class=\"bullet-line\">Stoln\u00ed kotou\u010dov\u00e1 pila s plynule nastavitelnou v\u00fd\u0161kou pilov\u00e9ho kotou\u010de.&nbsp;<\/span><br \/><span class=\"bullet-line\">Pracovn\u00ed st\u016fl z hlin\u00edku, hlin\u00edkov\u00e1 paraleln\u00ed zar\u00e1\u017eka, nastaven\u00ed sklonu pomoc\u00ed ru\u010dn\u00edho kole\u010dka, roz\u0161\u00ed\u0159en\u00ed stolu z ocelov\u00e9ho plechu, ocelov\u00e1 sk\u0159\u00ed\u0148 pota\u017een\u00e1 pr\u00e1\u0161kovou vrstvou, p\u0159\u00edpojky na ods\u00e1v\u00e1n\u00ed t\u0159\u00edsek.&nbsp;<\/span><br \/><span class=\"bullet-line\">Pilov\u00fd kotou\u010d ze slinut\u00e9ho karbidu, za\u0159\u00edzen\u00ed na odkl\u00e1d\u00e1n\u00ed p\u0159\u00edslu\u0161enstv\u00ed, p\u0159\u00edlo\u017en\u00edk s milimetrovou stupnic\u00ed.<\/span><\/p>\n<p>&nbsp;<\/p>\n<\/div>\n<div class=\"parameters\">\n<tr>\n<td>S\u00ed\u0165ov\u00e9 nap\u011bt\u00ed:<\/td>\n<td>230 V<\/td>\n<\/tr>\n<tr>\n<td>Frekvence:<\/td>\n<td>50 Hz<\/td>\n<\/tr>\n<tr>\n<td>Provozn\u00ed re\u017eim:<\/td>\n<td>S6 \/ 40%<\/td>\n<\/tr>\n<tr>\n<td>V\u00fdkon motoru (P1):<\/td>\n<td>2000 W<\/td>\n<\/tr>\n<tr>\n<td>Po\u010det ot\u00e1\u010dek motoru:<\/td>\n<td>4800 min-1<\/td>\n<\/tr>\n<tr>\n<td>D\u00e9lka p\u0159\u00edpojn\u00e9ho kabelu:<\/td>\n<td>2100 mm<\/td>\n<\/tr>\n<tr>\n<td>V\u00fd\u0161ka \u0159ezu (p\u0159i 45 \u00b0):<\/td>\n<td>50 mm<\/td>\n<\/tr>\n<tr>\n<td>V\u00fd\u0161ka \u0159ezu (p\u0159i 90 \u00b0):<\/td>\n<td>72 mm<\/td>\n<\/tr>\n<tr>\n<td>Pr\u016fm\u011br pilov\u00e9ho kotou\u010de:<\/td>\n<td>250 mm<\/td>\n<\/tr>\n<tr>\n<td>Otvor pilov\u00e9ho kotou\u010de:<\/td>\n<td>30 mm<\/td>\n<\/tr>\n<tr>\n<td>Po\u010det zub\u016f:<\/td>\n<td>40<\/td>\n<\/tr>\n<tr>\n<td>Tlou\u0161\u0165ka pilov\u00e9ho kotou\u010de:<\/td>\n<td>2,8 mm<\/td>\n<\/tr>\n<tr>\n<td>Typ pilov\u00e9ho kotou\u010de:<\/td>\n<td>HM<\/td>\n<\/tr>\n<tr>\n<td>Rozm\u011bry stolu (\u0160xHxV):<\/td>\n<td>550 x 630 x 875 mm<\/td>\n<\/tr>\n<tr>\n<td>P\u0159\u00eddavn\u00fd st\u016fl (\u0160xH):<\/td>\n<td>190 x 630 mm<\/td>\n<\/tr>\n<tr>\n<td>Ze\u0161ikmen\u00fd doraz:<\/td>\n<td>45 \u00b0<\/td>\n<\/tr>\n<tr>\n<td>Pr\u016fm\u011br ods\u00e1vac\u00edho hrdla:<\/td>\n<td>40\/35 mm<\/td>\n<\/tr>\n<tr>\n<td>Hmotnost netto \/ brutto:<\/td>\n<td>22 kg \/ 23,5 kg<\/td>\n<\/tr><\/div>\n<\/table>\n","protected":false},"excerpt":{"rendered":"<p>Stoln\u00ed kotou\u010dov\u00e1 pila s plynule nastavitelnou v\u00fd\u0161kou pilov\u00e9ho kotou\u010de.&nbsp;Pracovn\u00ed st\u016fl z hlin\u00edku, hlin\u00edkov\u00e1 paraleln\u00ed zar\u00e1\u017eka, nastaven\u00ed sklonu pomoc\u00ed ru\u010dn\u00edho kole\u010dka, roz\u0161\u00ed\u0159en\u00ed stolu z ocelov\u00e9ho plechu, ocelov\u00e1 sk\u0159\u00ed\u0148 pota\u017een\u00e1 pr\u00e1\u0161kovou vrstvou, p\u0159\u00edpojky na ods\u00e1v\u00e1n\u00ed t\u0159\u00edsek.&nbsp;Pilov\u00fd kotou\u010d ze slinut\u00e9ho karbidu, za\u0159\u00edzen\u00ed na odkl\u00e1d\u00e1n\u00ed p\u0159\u00edslu\u0161enstv\u00ed, p\u0159\u00edlo\u017en\u00edk s milimetrovou stupnic\u00ed. &nbsp; S\u00ed\u0165ov\u00e9 nap\u011bt\u00ed: 230 V Frekvence: 50 Hz Provozn\u00ed [&hellip;]<\/p>\n","protected":false},"featured_media":33286,"comment_status":"open","ping_status":"open","template":"","meta":[],"product_brand":[],"product_cat":[41],"product_tag":[],"class_list":{"0":"post-33186","1":"product","2":"type-product","3":"status-publish","4":"has-post-thumbnail","6":"product_cat-naradi","8":"first","9":"instock","10":"sale","11":"shipping-taxable","12":"purchasable","13":"product-type-simple"},"yoast_head":"<!-- This site is optimized with the Yoast SEO plugin v26.8 - https:\/\/yoast.com\/product\/yoast-seo-wordpress\/ -->\n<title>Zlevn\u011bn\u00fd G\u00dcDE Stoln\u00ed kotou\u010dov\u00e1 pila GTK 2000 A -<\/title>\n<meta name=\"robots\" content=\"index, follow, max-snippet:-1, max-image-preview:large, max-video-preview:-1\" \/>\n<link rel=\"canonical\" href=\"https:\/\/www.oknobuild.com\/index.php\/produkt\/zlevneny-gude-stolni-kotoucova-pila-gtk-2000-a-33186\/\" \/>\n<meta property=\"og:locale\" content=\"cs_CZ\" \/>\n<meta property=\"og:type\" content=\"article\" \/>\n<meta property=\"og:title\" content=\"Zlevn\u011bn\u00fd G\u00dcDE Stoln\u00ed kotou\u010dov\u00e1 pila GTK 2000 A -\" \/>\n<meta property=\"og:description\" content=\"Stoln\u00ed kotou\u010dov\u00e1 pila s plynule nastavitelnou v\u00fd\u0161kou pilov\u00e9ho kotou\u010de.&nbsp;Pracovn\u00ed st\u016fl z hlin\u00edku, hlin\u00edkov\u00e1 paraleln\u00ed zar\u00e1\u017eka, nastaven\u00ed sklonu pomoc\u00ed ru\u010dn\u00edho kole\u010dka, roz\u0161\u00ed\u0159en\u00ed stolu z ocelov\u00e9ho plechu, ocelov\u00e1 sk\u0159\u00ed\u0148 pota\u017een\u00e1 pr\u00e1\u0161kovou vrstvou, p\u0159\u00edpojky na ods\u00e1v\u00e1n\u00ed t\u0159\u00edsek.&nbsp;Pilov\u00fd kotou\u010d ze slinut\u00e9ho karbidu, za\u0159\u00edzen\u00ed na odkl\u00e1d\u00e1n\u00ed p\u0159\u00edslu\u0161enstv\u00ed, p\u0159\u00edlo\u017en\u00edk s milimetrovou stupnic\u00ed. &nbsp; S\u00ed\u0165ov\u00e9 nap\u011bt\u00ed: 230 V Frekvence: 50 Hz Provozn\u00ed [&hellip;]\" \/>\n<meta property=\"og:url\" content=\"https:\/\/www.oknobuild.com\/index.php\/produkt\/zlevneny-gude-stolni-kotoucova-pila-gtk-2000-a-33186\/\" \/>\n<meta property=\"og:image\" content=\"https:\/\/www.oknobuild.com\/wp-content\/uploads\/2026\/SK0019740-CZ20260425-092328-0-1777080210-guede-stolova-kotucova-pila-gtk-2000-a.webp\" \/>\n\t<meta property=\"og:image:width\" content=\"408\" \/>\n\t<meta property=\"og:image:height\" content=\"408\" \/>\n\t<meta property=\"og:image:type\" content=\"image\/webp\" \/>\n<meta name=\"twitter:card\" content=\"summary_large_image\" \/>\n<meta name=\"twitter:label1\" content=\"Odhadovan\u00e1 doba \u010dten\u00ed\" \/>\n\t<meta name=\"twitter:data1\" content=\"1 minuta\" \/>\n<script type=\"application\/ld+json\" class=\"yoast-schema-graph\">{\"@context\":\"https:\/\/schema.org\",\"@graph\":[{\"@type\":\"WebPage\",\"@id\":\"https:\/\/www.oknobuild.com\/index.php\/produkt\/zlevneny-gude-stolni-kotoucova-pila-gtk-2000-a-33186\/\",\"url\":\"https:\/\/www.oknobuild.com\/index.php\/produkt\/zlevneny-gude-stolni-kotoucova-pila-gtk-2000-a-33186\/\",\"name\":\"Zlevn\u011bn\u00fd G\u00dcDE Stoln\u00ed kotou\u010dov\u00e1 pila GTK 2000 A -\",\"isPartOf\":{\"@id\":\"https:\/\/www.oknobuild.com\/#website\"},\"primaryImageOfPage\":{\"@id\":\"https:\/\/www.oknobuild.com\/index.php\/produkt\/zlevneny-gude-stolni-kotoucova-pila-gtk-2000-a-33186\/#primaryimage\"},\"image\":{\"@id\":\"https:\/\/www.oknobuild.com\/index.php\/produkt\/zlevneny-gude-stolni-kotoucova-pila-gtk-2000-a-33186\/#primaryimage\"},\"thumbnailUrl\":\"https:\/\/www.oknobuild.com\/wp-content\/uploads\/2026\/SK0019740-CZ20260425-092328-0-1777080210-guede-stolova-kotucova-pila-gtk-2000-a.webp\",\"datePublished\":\"2026-04-27T04:41:59+00:00\",\"breadcrumb\":{\"@id\":\"https:\/\/www.oknobuild.com\/index.php\/produkt\/zlevneny-gude-stolni-kotoucova-pila-gtk-2000-a-33186\/#breadcrumb\"},\"inLanguage\":\"cs\",\"potentialAction\":[{\"@type\":\"ReadAction\",\"target\":[\"https:\/\/www.oknobuild.com\/index.php\/produkt\/zlevneny-gude-stolni-kotoucova-pila-gtk-2000-a-33186\/\"]}]},{\"@type\":\"ImageObject\",\"inLanguage\":\"cs\",\"@id\":\"https:\/\/www.oknobuild.com\/index.php\/produkt\/zlevneny-gude-stolni-kotoucova-pila-gtk-2000-a-33186\/#primaryimage\",\"url\":\"https:\/\/www.oknobuild.com\/wp-content\/uploads\/2026\/SK0019740-CZ20260425-092328-0-1777080210-guede-stolova-kotucova-pila-gtk-2000-a.webp\",\"contentUrl\":\"https:\/\/www.oknobuild.com\/wp-content\/uploads\/2026\/SK0019740-CZ20260425-092328-0-1777080210-guede-stolova-kotucova-pila-gtk-2000-a.webp\",\"width\":408,\"height\":408},{\"@type\":\"BreadcrumbList\",\"@id\":\"https:\/\/www.oknobuild.com\/index.php\/produkt\/zlevneny-gude-stolni-kotoucova-pila-gtk-2000-a-33186\/#breadcrumb\",\"itemListElement\":[{\"@type\":\"ListItem\",\"position\":1,\"name\":\"Home\",\"item\":\"https:\/\/www.oknobuild.com\/\"},{\"@type\":\"ListItem\",\"position\":2,\"name\":\"Products\",\"item\":\"https:\/\/www.oknobuild.com\/index.php\/products\/\"},{\"@type\":\"ListItem\",\"position\":3,\"name\":\"Zlevn\u011bn\u00fd G\u00dcDE Stoln\u00ed kotou\u010dov\u00e1 pila GTK 2000 A\"}]},{\"@type\":\"WebSite\",\"@id\":\"https:\/\/www.oknobuild.com\/#website\",\"url\":\"https:\/\/www.oknobuild.com\/\",\"name\":\"\",\"description\":\"\",\"potentialAction\":[{\"@type\":\"SearchAction\",\"target\":{\"@type\":\"EntryPoint\",\"urlTemplate\":\"https:\/\/www.oknobuild.com\/?s={search_term_string}\"},\"query-input\":{\"@type\":\"PropertyValueSpecification\",\"valueRequired\":true,\"valueName\":\"search_term_string\"}}],\"inLanguage\":\"cs\"}]}<\/script>\n<!-- \/ Yoast SEO plugin. -->","yoast_head_json":{"title":"Zlevn\u011bn\u00fd G\u00dcDE Stoln\u00ed kotou\u010dov\u00e1 pila GTK 2000 A -","robots":{"index":"index","follow":"follow","max-snippet":"max-snippet:-1","max-image-preview":"max-image-preview:large","max-video-preview":"max-video-preview:-1"},"canonical":"https:\/\/www.oknobuild.com\/index.php\/produkt\/zlevneny-gude-stolni-kotoucova-pila-gtk-2000-a-33186\/","og_locale":"cs_CZ","og_type":"article","og_title":"Zlevn\u011bn\u00fd G\u00dcDE Stoln\u00ed kotou\u010dov\u00e1 pila GTK 2000 A -","og_description":"Stoln\u00ed kotou\u010dov\u00e1 pila s plynule nastavitelnou v\u00fd\u0161kou pilov\u00e9ho kotou\u010de.&nbsp;Pracovn\u00ed st\u016fl z hlin\u00edku, hlin\u00edkov\u00e1 paraleln\u00ed zar\u00e1\u017eka, nastaven\u00ed sklonu pomoc\u00ed ru\u010dn\u00edho kole\u010dka, roz\u0161\u00ed\u0159en\u00ed stolu z ocelov\u00e9ho plechu, ocelov\u00e1 sk\u0159\u00ed\u0148 pota\u017een\u00e1 pr\u00e1\u0161kovou vrstvou, p\u0159\u00edpojky na ods\u00e1v\u00e1n\u00ed t\u0159\u00edsek.&nbsp;Pilov\u00fd kotou\u010d ze slinut\u00e9ho karbidu, za\u0159\u00edzen\u00ed na odkl\u00e1d\u00e1n\u00ed p\u0159\u00edslu\u0161enstv\u00ed, p\u0159\u00edlo\u017en\u00edk s milimetrovou stupnic\u00ed. &nbsp; S\u00ed\u0165ov\u00e9 nap\u011bt\u00ed: 230 V Frekvence: 50 Hz Provozn\u00ed [&hellip;]","og_url":"https:\/\/www.oknobuild.com\/index.php\/produkt\/zlevneny-gude-stolni-kotoucova-pila-gtk-2000-a-33186\/","og_image":[{"width":408,"height":408,"url":"https:\/\/www.oknobuild.com\/wp-content\/uploads\/2026\/SK0019740-CZ20260425-092328-0-1777080210-guede-stolova-kotucova-pila-gtk-2000-a.webp","type":"image\/webp"}],"twitter_card":"summary_large_image","twitter_misc":{"Odhadovan\u00e1 doba \u010dten\u00ed":"1 minuta"},"schema":{"@context":"https:\/\/schema.org","@graph":[{"@type":"WebPage","@id":"https:\/\/www.oknobuild.com\/index.php\/produkt\/zlevneny-gude-stolni-kotoucova-pila-gtk-2000-a-33186\/","url":"https:\/\/www.oknobuild.com\/index.php\/produkt\/zlevneny-gude-stolni-kotoucova-pila-gtk-2000-a-33186\/","name":"Zlevn\u011bn\u00fd G\u00dcDE Stoln\u00ed kotou\u010dov\u00e1 pila GTK 2000 A -","isPartOf":{"@id":"https:\/\/www.oknobuild.com\/#website"},"primaryImageOfPage":{"@id":"https:\/\/www.oknobuild.com\/index.php\/produkt\/zlevneny-gude-stolni-kotoucova-pila-gtk-2000-a-33186\/#primaryimage"},"image":{"@id":"https:\/\/www.oknobuild.com\/index.php\/produkt\/zlevneny-gude-stolni-kotoucova-pila-gtk-2000-a-33186\/#primaryimage"},"thumbnailUrl":"https:\/\/www.oknobuild.com\/wp-content\/uploads\/2026\/SK0019740-CZ20260425-092328-0-1777080210-guede-stolova-kotucova-pila-gtk-2000-a.webp","datePublished":"2026-04-27T04:41:59+00:00","breadcrumb":{"@id":"https:\/\/www.oknobuild.com\/index.php\/produkt\/zlevneny-gude-stolni-kotoucova-pila-gtk-2000-a-33186\/#breadcrumb"},"inLanguage":"cs","potentialAction":[{"@type":"ReadAction","target":["https:\/\/www.oknobuild.com\/index.php\/produkt\/zlevneny-gude-stolni-kotoucova-pila-gtk-2000-a-33186\/"]}]},{"@type":"ImageObject","inLanguage":"cs","@id":"https:\/\/www.oknobuild.com\/index.php\/produkt\/zlevneny-gude-stolni-kotoucova-pila-gtk-2000-a-33186\/#primaryimage","url":"https:\/\/www.oknobuild.com\/wp-content\/uploads\/2026\/SK0019740-CZ20260425-092328-0-1777080210-guede-stolova-kotucova-pila-gtk-2000-a.webp","contentUrl":"https:\/\/www.oknobuild.com\/wp-content\/uploads\/2026\/SK0019740-CZ20260425-092328-0-1777080210-guede-stolova-kotucova-pila-gtk-2000-a.webp","width":408,"height":408},{"@type":"BreadcrumbList","@id":"https:\/\/www.oknobuild.com\/index.php\/produkt\/zlevneny-gude-stolni-kotoucova-pila-gtk-2000-a-33186\/#breadcrumb","itemListElement":[{"@type":"ListItem","position":1,"name":"Home","item":"https:\/\/www.oknobuild.com\/"},{"@type":"ListItem","position":2,"name":"Products","item":"https:\/\/www.oknobuild.com\/index.php\/products\/"},{"@type":"ListItem","position":3,"name":"Zlevn\u011bn\u00fd G\u00dcDE Stoln\u00ed kotou\u010dov\u00e1 pila GTK 2000 A"}]},{"@type":"WebSite","@id":"https:\/\/www.oknobuild.com\/#website","url":"https:\/\/www.oknobuild.com\/","name":"","description":"","potentialAction":[{"@type":"SearchAction","target":{"@type":"EntryPoint","urlTemplate":"https:\/\/www.oknobuild.com\/?s={search_term_string}"},"query-input":{"@type":"PropertyValueSpecification","valueRequired":true,"valueName":"search_term_string"}}],"inLanguage":"cs"}]}},"_links":{"self":[{"href":"https:\/\/www.oknobuild.com\/index.php\/wp-json\/wp\/v2\/product\/33186","targetHints":{"allow":["GET"]}}],"collection":[{"href":"https:\/\/www.oknobuild.com\/index.php\/wp-json\/wp\/v2\/product"}],"about":[{"href":"https:\/\/www.oknobuild.com\/index.php\/wp-json\/wp\/v2\/types\/product"}],"replies":[{"embeddable":true,"href":"https:\/\/www.oknobuild.com\/index.php\/wp-json\/wp\/v2\/comments?post=33186"}],"wp:featuredmedia":[{"embeddable":true,"href":"https:\/\/www.oknobuild.com\/index.php\/wp-json\/wp\/v2\/media\/33286"}],"wp:attachment":[{"href":"https:\/\/www.oknobuild.com\/index.php\/wp-json\/wp\/v2\/media?parent=33186"}],"wp:term":[{"taxonomy":"product_brand","embeddable":true,"href":"https:\/\/www.oknobuild.com\/index.php\/wp-json\/wp\/v2\/product_brand?post=33186"},{"taxonomy":"product_cat","embeddable":true,"href":"https:\/\/www.oknobuild.com\/index.php\/wp-json\/wp\/v2\/product_cat?post=33186"},{"taxonomy":"product_tag","embeddable":true,"href":"https:\/\/www.oknobuild.com\/index.php\/wp-json\/wp\/v2\/product_tag?post=33186"}],"curies":[{"name":"wp","href":"https:\/\/api.w.org\/{rel}","templated":true}]}}