{"id":33341,"date":"2026-04-27T04:41:59","date_gmt":"2026-04-27T04:41:59","guid":{"rendered":""},"modified":"2026-04-27T04:41:59","modified_gmt":"2026-04-27T04:41:59","slug":"znackovy-makita-elm3320-elektricka-sekacka-33cm-1200w-33341","status":"publish","type":"product","link":"https:\/\/www.oknobuild.com\/index.php\/produkt\/znackovy-makita-elm3320-elektricka-sekacka-33cm-1200w-33341\/","title":{"rendered":"Zna\u010dkov\u00fd Makita ELM3320 Elektrick\u00e1 seka\u010dka 33cm,1200W"},"content":{"rendered":"<table>\n<div class=\"tab-pane active product-description\" id=\"popis\" role=\"tabpanel\">\n<div class=\"short-description\" itemprop=\"description\"><\/div>\n<div class=\"description\">\n<p><span class=\"bullet-line\">Siln\u00fd a tich\u00fd elektromotor<\/span><br \/><span class=\"bullet-line\">Ide\u00e1ln\u00ed pro mal\u00e9 zahrady<\/span><br \/><span class=\"bullet-line\">Kvalitn\u00ed polypropylenov\u00e9 \u0161asi odoln\u00e9 v\u016f\u010di UV z\u00e1\u0159en\u00ed<\/span><br \/><span class=\"bullet-line\">Um\u00edst\u011bn\u00ed kol umo\u017e\u0148uje sek\u00e1n\u00ed bl\u00edzko st\u011bn<\/span><br \/><span class=\"bullet-line\">Veden\u00ed kabelu s omezen\u00edm tahu<\/span><br \/><span class=\"bullet-line\">Jednoduch\u00fd sklopn\u00fd syst\u00e9m rukojeti<\/span><br \/><span class=\"bullet-line\">Integrovan\u00fd dr\u017e\u00e1k pro pohodln\u00e9 p\u0159en\u00e1\u0161en\u00ed<\/span><br \/><span class=\"bullet-line\">Centr\u00e1ln\u00ed nastaven\u00ed v\u00fd\u0161ky sek\u00e1n\u00ed ve 3 stupn\u00edch<\/span><br \/><span class=\"bullet-line\">Velmi \u00fa\u010dinn\u00fd sb\u011br tr\u00e1vy<\/span><br \/><span class=\"bullet-line\">Sv\u011bteln\u00e1 signalizace zapojen\u00ed v s\u00edti<\/span><br \/><span class=\"bullet-line\">Syst\u00e9m 3 Cut &#8211; sek\u00e1n\u00ed tr\u00e1vy, sb\u011br tr\u00e1vy a sb\u011br list\u00ed<\/span><\/p>\n<\/div>\n<div class=\"parameters\">\n<tr>\n<td>P\u0159\u00edkon<\/td>\n<td>1200 W<\/td>\n<\/tr>\n<tr>\n<td>\u0160asi<\/td>\n<td>Polypropilene<\/td>\n<\/tr>\n<tr>\n<td>\u0160asi odoln\u00e9 proti UV z\u00e1\u0159en\u00ed<\/td>\n<td>ano<\/td>\n<\/tr>\n<tr>\n<td>Pro plochu do<\/td>\n<td>400 m2<\/td>\n<\/tr>\n<tr>\n<td>\u0160\u00ed\u0159ka \u0161asi<\/td>\n<td>35 cm<\/td>\n<\/tr>\n<tr>\n<td>\u0160\u00ed\u0159ka sek\u00e1n\u00ed<\/td>\n<td>33 cm<\/td>\n<\/tr>\n<tr>\n<td>Typ sek\u00e1n\u00ed<\/td>\n<td>3 cut<\/td>\n<\/tr>\n<tr>\n<td>Mul\u010dov\u00e1n\u00ed<\/td>\n<td>ne<\/td>\n<\/tr>\n<tr>\n<td>Mul\u010dovac\u00ed n\u016f\u017e<\/td>\n<td>ne<\/td>\n<\/tr>\n<tr>\n<td>Sekac\u00ed n\u016f\u017e<\/td>\n<td>ano<\/td>\n<\/tr>\n<tr>\n<td>Mul\u010dovac\u00ed sada<\/td>\n<td>ne<\/td>\n<\/tr>\n<tr>\n<td>Signalizace zapojen\u00ed<\/td>\n<td>ano<\/td>\n<\/tr>\n<tr>\n<td>Objem ko\u0161e<\/td>\n<td>30 l<\/td>\n<\/tr>\n<tr>\n<td>Z\u00e1suvka<\/td>\n<td>ano<\/td>\n<\/tr>\n<tr>\n<td>Sklopn\u00e1 rukoje\u0165<\/td>\n<td>ano<\/td>\n<\/tr>\n<tr>\n<td>Nastaviteln\u00e1 rukoje\u0165<\/td>\n<td>ne<\/td>\n<\/tr>\n<tr>\n<td>Nastaven\u00ed v\u00fd\u0161ky sek\u00e1n\u00ed<\/td>\n<td>centr\u00e1ln\u011b<\/td>\n<\/tr>\n<tr>\n<td>Po\u010det v\u00fd\u0161ek sek\u00e1n\u00ed<\/td>\n<td>3<\/td>\n<\/tr>\n<tr>\n<td>V\u00fd\u0161ka sek\u00e1n\u00ed<\/td>\n<td>20\/40\/55 mm<\/td>\n<\/tr>\n<tr>\n<td>Pohon kol<\/td>\n<td>ne<\/td>\n<\/tr>\n<tr>\n<td>\u010cist\u00e1 v\u00e1ha<\/td>\n<td>10,2 kg<\/td>\n<\/tr><\/div>\n<\/table>\n","protected":false},"excerpt":{"rendered":"<p>Siln\u00fd a tich\u00fd elektromotorIde\u00e1ln\u00ed pro mal\u00e9 zahradyKvalitn\u00ed polypropylenov\u00e9 \u0161asi odoln\u00e9 v\u016f\u010di UV z\u00e1\u0159en\u00edUm\u00edst\u011bn\u00ed kol umo\u017e\u0148uje sek\u00e1n\u00ed bl\u00edzko st\u011bnVeden\u00ed kabelu s omezen\u00edm tahuJednoduch\u00fd sklopn\u00fd syst\u00e9m rukojetiIntegrovan\u00fd dr\u017e\u00e1k pro pohodln\u00e9 p\u0159en\u00e1\u0161en\u00edCentr\u00e1ln\u00ed nastaven\u00ed v\u00fd\u0161ky sek\u00e1n\u00ed ve 3 stupn\u00edchVelmi \u00fa\u010dinn\u00fd sb\u011br tr\u00e1vySv\u011bteln\u00e1 signalizace zapojen\u00ed v s\u00edtiSyst\u00e9m 3 Cut &#8211; sek\u00e1n\u00ed tr\u00e1vy, sb\u011br tr\u00e1vy a sb\u011br list\u00ed P\u0159\u00edkon 1200 W [&hellip;]<\/p>\n","protected":false},"featured_media":33441,"comment_status":"open","ping_status":"open","template":"","meta":[],"product_brand":[],"product_cat":[33],"product_tag":[],"class_list":{"0":"post-33341","1":"product","2":"type-product","3":"status-publish","4":"has-post-thumbnail","6":"product_cat-zahrada","8":"first","9":"instock","10":"sale","11":"shipping-taxable","12":"purchasable","13":"product-type-simple"},"yoast_head":"<!-- This site is optimized with the Yoast SEO plugin v26.8 - https:\/\/yoast.com\/product\/yoast-seo-wordpress\/ -->\n<title>Zna\u010dkov\u00fd Makita ELM3320 Elektrick\u00e1 seka\u010dka 33cm,1200W -<\/title>\n<meta name=\"robots\" content=\"index, follow, max-snippet:-1, max-image-preview:large, max-video-preview:-1\" \/>\n<link rel=\"canonical\" href=\"https:\/\/www.oknobuild.com\/index.php\/produkt\/znackovy-makita-elm3320-elektricka-sekacka-33cm-1200w-33341\/\" \/>\n<meta property=\"og:locale\" content=\"cs_CZ\" \/>\n<meta property=\"og:type\" content=\"article\" \/>\n<meta property=\"og:title\" content=\"Zna\u010dkov\u00fd Makita ELM3320 Elektrick\u00e1 seka\u010dka 33cm,1200W -\" \/>\n<meta property=\"og:description\" content=\"Siln\u00fd a tich\u00fd elektromotorIde\u00e1ln\u00ed pro mal\u00e9 zahradyKvalitn\u00ed polypropylenov\u00e9 \u0161asi odoln\u00e9 v\u016f\u010di UV z\u00e1\u0159en\u00edUm\u00edst\u011bn\u00ed kol umo\u017e\u0148uje sek\u00e1n\u00ed bl\u00edzko st\u011bnVeden\u00ed kabelu s omezen\u00edm tahuJednoduch\u00fd sklopn\u00fd syst\u00e9m rukojetiIntegrovan\u00fd dr\u017e\u00e1k pro pohodln\u00e9 p\u0159en\u00e1\u0161en\u00edCentr\u00e1ln\u00ed nastaven\u00ed v\u00fd\u0161ky sek\u00e1n\u00ed ve 3 stupn\u00edchVelmi \u00fa\u010dinn\u00fd sb\u011br tr\u00e1vySv\u011bteln\u00e1 signalizace zapojen\u00ed v s\u00edtiSyst\u00e9m 3 Cut &#8211; sek\u00e1n\u00ed tr\u00e1vy, sb\u011br tr\u00e1vy a sb\u011br list\u00ed P\u0159\u00edkon 1200 W [&hellip;]\" \/>\n<meta property=\"og:url\" content=\"https:\/\/www.oknobuild.com\/index.php\/produkt\/znackovy-makita-elm3320-elektricka-sekacka-33cm-1200w-33341\/\" \/>\n<meta property=\"og:image\" content=\"https:\/\/www.oknobuild.com\/wp-content\/uploads\/2026\/SK0019795-CZ20260425-092328-0-1777080210-elm3320_c2l0.webp\" \/>\n\t<meta property=\"og:image:width\" content=\"582\" \/>\n\t<meta property=\"og:image:height\" content=\"800\" \/>\n\t<meta property=\"og:image:type\" content=\"image\/webp\" \/>\n<meta name=\"twitter:card\" content=\"summary_large_image\" \/>\n<meta name=\"twitter:label1\" content=\"Odhadovan\u00e1 doba \u010dten\u00ed\" \/>\n\t<meta name=\"twitter:data1\" content=\"1 minuta\" \/>\n<script type=\"application\/ld+json\" class=\"yoast-schema-graph\">{\"@context\":\"https:\/\/schema.org\",\"@graph\":[{\"@type\":\"WebPage\",\"@id\":\"https:\/\/www.oknobuild.com\/index.php\/produkt\/znackovy-makita-elm3320-elektricka-sekacka-33cm-1200w-33341\/\",\"url\":\"https:\/\/www.oknobuild.com\/index.php\/produkt\/znackovy-makita-elm3320-elektricka-sekacka-33cm-1200w-33341\/\",\"name\":\"Zna\u010dkov\u00fd Makita ELM3320 Elektrick\u00e1 seka\u010dka 33cm,1200W -\",\"isPartOf\":{\"@id\":\"https:\/\/www.oknobuild.com\/#website\"},\"primaryImageOfPage\":{\"@id\":\"https:\/\/www.oknobuild.com\/index.php\/produkt\/znackovy-makita-elm3320-elektricka-sekacka-33cm-1200w-33341\/#primaryimage\"},\"image\":{\"@id\":\"https:\/\/www.oknobuild.com\/index.php\/produkt\/znackovy-makita-elm3320-elektricka-sekacka-33cm-1200w-33341\/#primaryimage\"},\"thumbnailUrl\":\"https:\/\/www.oknobuild.com\/wp-content\/uploads\/2026\/SK0019795-CZ20260425-092328-0-1777080210-elm3320_c2l0.webp\",\"datePublished\":\"2026-04-27T04:41:59+00:00\",\"breadcrumb\":{\"@id\":\"https:\/\/www.oknobuild.com\/index.php\/produkt\/znackovy-makita-elm3320-elektricka-sekacka-33cm-1200w-33341\/#breadcrumb\"},\"inLanguage\":\"cs\",\"potentialAction\":[{\"@type\":\"ReadAction\",\"target\":[\"https:\/\/www.oknobuild.com\/index.php\/produkt\/znackovy-makita-elm3320-elektricka-sekacka-33cm-1200w-33341\/\"]}]},{\"@type\":\"ImageObject\",\"inLanguage\":\"cs\",\"@id\":\"https:\/\/www.oknobuild.com\/index.php\/produkt\/znackovy-makita-elm3320-elektricka-sekacka-33cm-1200w-33341\/#primaryimage\",\"url\":\"https:\/\/www.oknobuild.com\/wp-content\/uploads\/2026\/SK0019795-CZ20260425-092328-0-1777080210-elm3320_c2l0.webp\",\"contentUrl\":\"https:\/\/www.oknobuild.com\/wp-content\/uploads\/2026\/SK0019795-CZ20260425-092328-0-1777080210-elm3320_c2l0.webp\",\"width\":582,\"height\":800},{\"@type\":\"BreadcrumbList\",\"@id\":\"https:\/\/www.oknobuild.com\/index.php\/produkt\/znackovy-makita-elm3320-elektricka-sekacka-33cm-1200w-33341\/#breadcrumb\",\"itemListElement\":[{\"@type\":\"ListItem\",\"position\":1,\"name\":\"Home\",\"item\":\"https:\/\/www.oknobuild.com\/\"},{\"@type\":\"ListItem\",\"position\":2,\"name\":\"Products\",\"item\":\"https:\/\/www.oknobuild.com\/index.php\/products\/\"},{\"@type\":\"ListItem\",\"position\":3,\"name\":\"Zna\u010dkov\u00fd Makita ELM3320 Elektrick\u00e1 seka\u010dka 33cm,1200W\"}]},{\"@type\":\"WebSite\",\"@id\":\"https:\/\/www.oknobuild.com\/#website\",\"url\":\"https:\/\/www.oknobuild.com\/\",\"name\":\"\",\"description\":\"\",\"potentialAction\":[{\"@type\":\"SearchAction\",\"target\":{\"@type\":\"EntryPoint\",\"urlTemplate\":\"https:\/\/www.oknobuild.com\/?s={search_term_string}\"},\"query-input\":{\"@type\":\"PropertyValueSpecification\",\"valueRequired\":true,\"valueName\":\"search_term_string\"}}],\"inLanguage\":\"cs\"}]}<\/script>\n<!-- \/ Yoast SEO plugin. -->","yoast_head_json":{"title":"Zna\u010dkov\u00fd Makita ELM3320 Elektrick\u00e1 seka\u010dka 33cm,1200W -","robots":{"index":"index","follow":"follow","max-snippet":"max-snippet:-1","max-image-preview":"max-image-preview:large","max-video-preview":"max-video-preview:-1"},"canonical":"https:\/\/www.oknobuild.com\/index.php\/produkt\/znackovy-makita-elm3320-elektricka-sekacka-33cm-1200w-33341\/","og_locale":"cs_CZ","og_type":"article","og_title":"Zna\u010dkov\u00fd Makita ELM3320 Elektrick\u00e1 seka\u010dka 33cm,1200W -","og_description":"Siln\u00fd a tich\u00fd elektromotorIde\u00e1ln\u00ed pro mal\u00e9 zahradyKvalitn\u00ed polypropylenov\u00e9 \u0161asi odoln\u00e9 v\u016f\u010di UV z\u00e1\u0159en\u00edUm\u00edst\u011bn\u00ed kol umo\u017e\u0148uje sek\u00e1n\u00ed bl\u00edzko st\u011bnVeden\u00ed kabelu s omezen\u00edm tahuJednoduch\u00fd sklopn\u00fd syst\u00e9m rukojetiIntegrovan\u00fd dr\u017e\u00e1k pro pohodln\u00e9 p\u0159en\u00e1\u0161en\u00edCentr\u00e1ln\u00ed nastaven\u00ed v\u00fd\u0161ky sek\u00e1n\u00ed ve 3 stupn\u00edchVelmi \u00fa\u010dinn\u00fd sb\u011br tr\u00e1vySv\u011bteln\u00e1 signalizace zapojen\u00ed v s\u00edtiSyst\u00e9m 3 Cut &#8211; sek\u00e1n\u00ed tr\u00e1vy, sb\u011br tr\u00e1vy a sb\u011br list\u00ed P\u0159\u00edkon 1200 W [&hellip;]","og_url":"https:\/\/www.oknobuild.com\/index.php\/produkt\/znackovy-makita-elm3320-elektricka-sekacka-33cm-1200w-33341\/","og_image":[{"width":582,"height":800,"url":"https:\/\/www.oknobuild.com\/wp-content\/uploads\/2026\/SK0019795-CZ20260425-092328-0-1777080210-elm3320_c2l0.webp","type":"image\/webp"}],"twitter_card":"summary_large_image","twitter_misc":{"Odhadovan\u00e1 doba \u010dten\u00ed":"1 minuta"},"schema":{"@context":"https:\/\/schema.org","@graph":[{"@type":"WebPage","@id":"https:\/\/www.oknobuild.com\/index.php\/produkt\/znackovy-makita-elm3320-elektricka-sekacka-33cm-1200w-33341\/","url":"https:\/\/www.oknobuild.com\/index.php\/produkt\/znackovy-makita-elm3320-elektricka-sekacka-33cm-1200w-33341\/","name":"Zna\u010dkov\u00fd Makita ELM3320 Elektrick\u00e1 seka\u010dka 33cm,1200W -","isPartOf":{"@id":"https:\/\/www.oknobuild.com\/#website"},"primaryImageOfPage":{"@id":"https:\/\/www.oknobuild.com\/index.php\/produkt\/znackovy-makita-elm3320-elektricka-sekacka-33cm-1200w-33341\/#primaryimage"},"image":{"@id":"https:\/\/www.oknobuild.com\/index.php\/produkt\/znackovy-makita-elm3320-elektricka-sekacka-33cm-1200w-33341\/#primaryimage"},"thumbnailUrl":"https:\/\/www.oknobuild.com\/wp-content\/uploads\/2026\/SK0019795-CZ20260425-092328-0-1777080210-elm3320_c2l0.webp","datePublished":"2026-04-27T04:41:59+00:00","breadcrumb":{"@id":"https:\/\/www.oknobuild.com\/index.php\/produkt\/znackovy-makita-elm3320-elektricka-sekacka-33cm-1200w-33341\/#breadcrumb"},"inLanguage":"cs","potentialAction":[{"@type":"ReadAction","target":["https:\/\/www.oknobuild.com\/index.php\/produkt\/znackovy-makita-elm3320-elektricka-sekacka-33cm-1200w-33341\/"]}]},{"@type":"ImageObject","inLanguage":"cs","@id":"https:\/\/www.oknobuild.com\/index.php\/produkt\/znackovy-makita-elm3320-elektricka-sekacka-33cm-1200w-33341\/#primaryimage","url":"https:\/\/www.oknobuild.com\/wp-content\/uploads\/2026\/SK0019795-CZ20260425-092328-0-1777080210-elm3320_c2l0.webp","contentUrl":"https:\/\/www.oknobuild.com\/wp-content\/uploads\/2026\/SK0019795-CZ20260425-092328-0-1777080210-elm3320_c2l0.webp","width":582,"height":800},{"@type":"BreadcrumbList","@id":"https:\/\/www.oknobuild.com\/index.php\/produkt\/znackovy-makita-elm3320-elektricka-sekacka-33cm-1200w-33341\/#breadcrumb","itemListElement":[{"@type":"ListItem","position":1,"name":"Home","item":"https:\/\/www.oknobuild.com\/"},{"@type":"ListItem","position":2,"name":"Products","item":"https:\/\/www.oknobuild.com\/index.php\/products\/"},{"@type":"ListItem","position":3,"name":"Zna\u010dkov\u00fd Makita ELM3320 Elektrick\u00e1 seka\u010dka 33cm,1200W"}]},{"@type":"WebSite","@id":"https:\/\/www.oknobuild.com\/#website","url":"https:\/\/www.oknobuild.com\/","name":"","description":"","potentialAction":[{"@type":"SearchAction","target":{"@type":"EntryPoint","urlTemplate":"https:\/\/www.oknobuild.com\/?s={search_term_string}"},"query-input":{"@type":"PropertyValueSpecification","valueRequired":true,"valueName":"search_term_string"}}],"inLanguage":"cs"}]}},"_links":{"self":[{"href":"https:\/\/www.oknobuild.com\/index.php\/wp-json\/wp\/v2\/product\/33341","targetHints":{"allow":["GET"]}}],"collection":[{"href":"https:\/\/www.oknobuild.com\/index.php\/wp-json\/wp\/v2\/product"}],"about":[{"href":"https:\/\/www.oknobuild.com\/index.php\/wp-json\/wp\/v2\/types\/product"}],"replies":[{"embeddable":true,"href":"https:\/\/www.oknobuild.com\/index.php\/wp-json\/wp\/v2\/comments?post=33341"}],"wp:featuredmedia":[{"embeddable":true,"href":"https:\/\/www.oknobuild.com\/index.php\/wp-json\/wp\/v2\/media\/33441"}],"wp:attachment":[{"href":"https:\/\/www.oknobuild.com\/index.php\/wp-json\/wp\/v2\/media?parent=33341"}],"wp:term":[{"taxonomy":"product_brand","embeddable":true,"href":"https:\/\/www.oknobuild.com\/index.php\/wp-json\/wp\/v2\/product_brand?post=33341"},{"taxonomy":"product_cat","embeddable":true,"href":"https:\/\/www.oknobuild.com\/index.php\/wp-json\/wp\/v2\/product_cat?post=33341"},{"taxonomy":"product_tag","embeddable":true,"href":"https:\/\/www.oknobuild.com\/index.php\/wp-json\/wp\/v2\/product_tag?post=33341"}],"curies":[{"name":"wp","href":"https:\/\/api.w.org\/{rel}","templated":true}]}}