{"id":33350,"date":"2026-04-27T04:41:59","date_gmt":"2026-04-27T04:41:59","guid":{"rendered":""},"modified":"2026-04-27T04:41:59","modified_gmt":"2026-04-27T04:41:59","slug":"makita-cb100da-aku-vyhrivana-deka-1-4x0-7m-li-ion-cxt-10-8-12v-z-cenova-bomba-33350","status":"publish","type":"product","link":"https:\/\/www.oknobuild.com\/index.php\/produkt\/makita-cb100da-aku-vyhrivana-deka-1-4x0-7m-li-ion-cxt-10-8-12v-z-cenova-bomba-33350\/","title":{"rendered":"Makita CB100DA Aku vyh\u0159\u00edv\u00e1n\u00e1 deka 1,4&#215;0,7m Li-ion CXT 10,8\/12V Z Cenov\u00e1 Bomba"},"content":{"rendered":"<table>\n<div class=\"tab-pane active product-description\" id=\"popis\" role=\"tabpanel\">\n<div class=\"short-description\" itemprop=\"description\"><\/div>\n<div class=\"description\"><span class='bullet-line'>Vyh\u0159\u00edvan\u00e1 deka umo\u017e\u0148uje pohodl\u00ed u\u017eivateli p\u0159i pr\u00e1ci v mrazech<br \/><\/span><span class='bullet-line'>Deka je vyroben\u00e1 z polyesteru<br \/><\/span><span class='bullet-line'>Barevn\u00e9 proveden\u00ed &#8211; \u010dern\u00e1 vn\u011bj\u0161\u00ed \u010d\u00e1st, modr\u00e1 vnit\u0159n\u00ed \u010d\u00e1st<br \/><\/span><span class='bullet-line'>Rozm\u011bry deky jsou 1,4 x 0,7 m<br \/><\/span><span class='bullet-line'>Rozm\u011bry vyh\u0159\u00edvan\u00e9 plochy &#8211; 35 x 25 cm<br \/><\/span><span class='bullet-line'>Deku je mo\u017en\u00e9 rozprost\u0159\u00edt kolem ramen nebo okolo pasu a upnout pomoc\u00ed stiskac\u00edho knofl\u00edku nebo \u0161\u0148\u016frky<br \/><\/span><span class='bullet-line'>Deka umo\u017e\u0148uje vyh\u0159\u00edv\u00e1n\u00ed a\u017e po dobu 14 hodin (s BL1041B)<br \/><\/span><span class='bullet-line'>Deku je mo\u017en\u00e9 pr\u00e1t v auomatick\u00e9 pra\u010dce a su\u0161it v su\u0161i\u010dce<br \/><\/span><br \/>\u25ba P\u0159\u00edslu\u0161enstv\u00ed<span class='bullet-line'>Adapt\u00e9r 10,8\/12 V CXT (YL00000003)<br \/><\/span><span class='bullet-line'>Prodlu\u017eovac\u00ed kabel (YL00000068)<\/span><\/div>\n<div class=\"parameters\">\n<tr>\n<td>Doba pou\u017eit\u00ed Hi<\/td>\n<td>BL1041B &#8211; 4 hod<\/td>\n<\/tr>\n<tr>\n<td>Doba pou\u017eit\u00ed Mid<\/td>\n<td>BL1041B &#8211; 7,5 hod<\/td>\n<\/tr>\n<tr>\n<td>Doba pou\u017eit\u00ed Lo<\/td>\n<td>BL1041B &#8211; 14 hod<\/td>\n<\/tr>\n<tr>\n<td>V\u00fdh\u0159evnost<\/td>\n<td>Hi: 9,5W, Mid: 4,5W<\/td>\n<\/tr>\n<tr>\n<td>Velikost<\/td>\n<td>1400 x 700 mm<\/td>\n<\/tr>\n<tr>\n<td>Hmotnost<\/td>\n<td>0,5 kg<\/td>\n<\/tr><\/div>\n<\/table>\n","protected":false},"excerpt":{"rendered":"<p>Vyh\u0159\u00edvan\u00e1 deka umo\u017e\u0148uje pohodl\u00ed u\u017eivateli p\u0159i pr\u00e1ci v mrazechDeka je vyroben\u00e1 z polyesteruBarevn\u00e9 proveden\u00ed &#8211; \u010dern\u00e1 vn\u011bj\u0161\u00ed \u010d\u00e1st, modr\u00e1 vnit\u0159n\u00ed \u010d\u00e1stRozm\u011bry deky jsou 1,4 x 0,7 mRozm\u011bry vyh\u0159\u00edvan\u00e9 plochy &#8211; 35 x 25 cmDeku je mo\u017en\u00e9 rozprost\u0159\u00edt kolem ramen nebo okolo pasu a upnout pomoc\u00ed stiskac\u00edho knofl\u00edku nebo \u0161\u0148\u016frkyDeka umo\u017e\u0148uje vyh\u0159\u00edv\u00e1n\u00ed a\u017e po dobu 14 [&hellip;]<\/p>\n","protected":false},"featured_media":33450,"comment_status":"open","ping_status":"open","template":"","meta":[],"product_brand":[],"product_cat":[48],"product_tag":[],"class_list":{"0":"post-33350","1":"product","2":"type-product","3":"status-publish","4":"has-post-thumbnail","6":"product_cat-ochranne-pomucky","8":"first","9":"instock","10":"sale","11":"shipping-taxable","12":"purchasable","13":"product-type-simple"},"yoast_head":"<!-- This site is optimized with the Yoast SEO plugin v26.8 - https:\/\/yoast.com\/product\/yoast-seo-wordpress\/ -->\n<title>Makita CB100DA Aku vyh\u0159\u00edv\u00e1n\u00e1 deka 1,4x0,7m Li-ion CXT 10,8\/12V Z Cenov\u00e1 Bomba -<\/title>\n<meta name=\"robots\" content=\"index, follow, max-snippet:-1, max-image-preview:large, max-video-preview:-1\" \/>\n<link rel=\"canonical\" href=\"https:\/\/www.oknobuild.com\/index.php\/produkt\/makita-cb100da-aku-vyhrivana-deka-1-4x0-7m-li-ion-cxt-10-8-12v-z-cenova-bomba-33350\/\" \/>\n<meta property=\"og:locale\" content=\"cs_CZ\" \/>\n<meta property=\"og:type\" content=\"article\" \/>\n<meta property=\"og:title\" content=\"Makita CB100DA Aku vyh\u0159\u00edv\u00e1n\u00e1 deka 1,4x0,7m Li-ion CXT 10,8\/12V Z Cenov\u00e1 Bomba -\" \/>\n<meta property=\"og:description\" content=\"Vyh\u0159\u00edvan\u00e1 deka umo\u017e\u0148uje pohodl\u00ed u\u017eivateli p\u0159i pr\u00e1ci v mrazechDeka je vyroben\u00e1 z polyesteruBarevn\u00e9 proveden\u00ed &#8211; \u010dern\u00e1 vn\u011bj\u0161\u00ed \u010d\u00e1st, modr\u00e1 vnit\u0159n\u00ed \u010d\u00e1stRozm\u011bry deky jsou 1,4 x 0,7 mRozm\u011bry vyh\u0159\u00edvan\u00e9 plochy &#8211; 35 x 25 cmDeku je mo\u017en\u00e9 rozprost\u0159\u00edt kolem ramen nebo okolo pasu a upnout pomoc\u00ed stiskac\u00edho knofl\u00edku nebo \u0161\u0148\u016frkyDeka umo\u017e\u0148uje vyh\u0159\u00edv\u00e1n\u00ed a\u017e po dobu 14 [&hellip;]\" \/>\n<meta property=\"og:url\" content=\"https:\/\/www.oknobuild.com\/index.php\/produkt\/makita-cb100da-aku-vyhrivana-deka-1-4x0-7m-li-ion-cxt-10-8-12v-z-cenova-bomba-33350\/\" \/>\n<meta property=\"og:image\" content=\"https:\/\/www.oknobuild.com\/wp-content\/uploads\/2026\/SK0019804-CZ20260425-092328-0-1777080210-priloha_-skk-40257.webp\" \/>\n\t<meta property=\"og:image:width\" content=\"827\" \/>\n\t<meta property=\"og:image:height\" content=\"597\" \/>\n\t<meta property=\"og:image:type\" content=\"image\/webp\" \/>\n<meta name=\"twitter:card\" content=\"summary_large_image\" \/>\n<meta name=\"twitter:label1\" content=\"Odhadovan\u00e1 doba \u010dten\u00ed\" \/>\n\t<meta name=\"twitter:data1\" content=\"1 minuta\" \/>\n<script type=\"application\/ld+json\" class=\"yoast-schema-graph\">{\"@context\":\"https:\/\/schema.org\",\"@graph\":[{\"@type\":\"WebPage\",\"@id\":\"https:\/\/www.oknobuild.com\/index.php\/produkt\/makita-cb100da-aku-vyhrivana-deka-1-4x0-7m-li-ion-cxt-10-8-12v-z-cenova-bomba-33350\/\",\"url\":\"https:\/\/www.oknobuild.com\/index.php\/produkt\/makita-cb100da-aku-vyhrivana-deka-1-4x0-7m-li-ion-cxt-10-8-12v-z-cenova-bomba-33350\/\",\"name\":\"Makita CB100DA Aku vyh\u0159\u00edv\u00e1n\u00e1 deka 1,4x0,7m Li-ion CXT 10,8\/12V Z Cenov\u00e1 Bomba -\",\"isPartOf\":{\"@id\":\"https:\/\/www.oknobuild.com\/#website\"},\"primaryImageOfPage\":{\"@id\":\"https:\/\/www.oknobuild.com\/index.php\/produkt\/makita-cb100da-aku-vyhrivana-deka-1-4x0-7m-li-ion-cxt-10-8-12v-z-cenova-bomba-33350\/#primaryimage\"},\"image\":{\"@id\":\"https:\/\/www.oknobuild.com\/index.php\/produkt\/makita-cb100da-aku-vyhrivana-deka-1-4x0-7m-li-ion-cxt-10-8-12v-z-cenova-bomba-33350\/#primaryimage\"},\"thumbnailUrl\":\"https:\/\/www.oknobuild.com\/wp-content\/uploads\/2026\/SK0019804-CZ20260425-092328-0-1777080210-priloha_-skk-40257.webp\",\"datePublished\":\"2026-04-27T04:41:59+00:00\",\"breadcrumb\":{\"@id\":\"https:\/\/www.oknobuild.com\/index.php\/produkt\/makita-cb100da-aku-vyhrivana-deka-1-4x0-7m-li-ion-cxt-10-8-12v-z-cenova-bomba-33350\/#breadcrumb\"},\"inLanguage\":\"cs\",\"potentialAction\":[{\"@type\":\"ReadAction\",\"target\":[\"https:\/\/www.oknobuild.com\/index.php\/produkt\/makita-cb100da-aku-vyhrivana-deka-1-4x0-7m-li-ion-cxt-10-8-12v-z-cenova-bomba-33350\/\"]}]},{\"@type\":\"ImageObject\",\"inLanguage\":\"cs\",\"@id\":\"https:\/\/www.oknobuild.com\/index.php\/produkt\/makita-cb100da-aku-vyhrivana-deka-1-4x0-7m-li-ion-cxt-10-8-12v-z-cenova-bomba-33350\/#primaryimage\",\"url\":\"https:\/\/www.oknobuild.com\/wp-content\/uploads\/2026\/SK0019804-CZ20260425-092328-0-1777080210-priloha_-skk-40257.webp\",\"contentUrl\":\"https:\/\/www.oknobuild.com\/wp-content\/uploads\/2026\/SK0019804-CZ20260425-092328-0-1777080210-priloha_-skk-40257.webp\",\"width\":827,\"height\":597},{\"@type\":\"BreadcrumbList\",\"@id\":\"https:\/\/www.oknobuild.com\/index.php\/produkt\/makita-cb100da-aku-vyhrivana-deka-1-4x0-7m-li-ion-cxt-10-8-12v-z-cenova-bomba-33350\/#breadcrumb\",\"itemListElement\":[{\"@type\":\"ListItem\",\"position\":1,\"name\":\"Home\",\"item\":\"https:\/\/www.oknobuild.com\/\"},{\"@type\":\"ListItem\",\"position\":2,\"name\":\"Products\",\"item\":\"https:\/\/www.oknobuild.com\/index.php\/products\/\"},{\"@type\":\"ListItem\",\"position\":3,\"name\":\"Makita CB100DA Aku vyh\u0159\u00edv\u00e1n\u00e1 deka 1,4&#215;0,7m Li-ion CXT 10,8\/12V Z Cenov\u00e1 Bomba\"}]},{\"@type\":\"WebSite\",\"@id\":\"https:\/\/www.oknobuild.com\/#website\",\"url\":\"https:\/\/www.oknobuild.com\/\",\"name\":\"\",\"description\":\"\",\"potentialAction\":[{\"@type\":\"SearchAction\",\"target\":{\"@type\":\"EntryPoint\",\"urlTemplate\":\"https:\/\/www.oknobuild.com\/?s={search_term_string}\"},\"query-input\":{\"@type\":\"PropertyValueSpecification\",\"valueRequired\":true,\"valueName\":\"search_term_string\"}}],\"inLanguage\":\"cs\"}]}<\/script>\n<!-- \/ Yoast SEO plugin. -->","yoast_head_json":{"title":"Makita CB100DA Aku vyh\u0159\u00edv\u00e1n\u00e1 deka 1,4x0,7m Li-ion CXT 10,8\/12V Z Cenov\u00e1 Bomba -","robots":{"index":"index","follow":"follow","max-snippet":"max-snippet:-1","max-image-preview":"max-image-preview:large","max-video-preview":"max-video-preview:-1"},"canonical":"https:\/\/www.oknobuild.com\/index.php\/produkt\/makita-cb100da-aku-vyhrivana-deka-1-4x0-7m-li-ion-cxt-10-8-12v-z-cenova-bomba-33350\/","og_locale":"cs_CZ","og_type":"article","og_title":"Makita CB100DA Aku vyh\u0159\u00edv\u00e1n\u00e1 deka 1,4x0,7m Li-ion CXT 10,8\/12V Z Cenov\u00e1 Bomba -","og_description":"Vyh\u0159\u00edvan\u00e1 deka umo\u017e\u0148uje pohodl\u00ed u\u017eivateli p\u0159i pr\u00e1ci v mrazechDeka je vyroben\u00e1 z polyesteruBarevn\u00e9 proveden\u00ed &#8211; \u010dern\u00e1 vn\u011bj\u0161\u00ed \u010d\u00e1st, modr\u00e1 vnit\u0159n\u00ed \u010d\u00e1stRozm\u011bry deky jsou 1,4 x 0,7 mRozm\u011bry vyh\u0159\u00edvan\u00e9 plochy &#8211; 35 x 25 cmDeku je mo\u017en\u00e9 rozprost\u0159\u00edt kolem ramen nebo okolo pasu a upnout pomoc\u00ed stiskac\u00edho knofl\u00edku nebo \u0161\u0148\u016frkyDeka umo\u017e\u0148uje vyh\u0159\u00edv\u00e1n\u00ed a\u017e po dobu 14 [&hellip;]","og_url":"https:\/\/www.oknobuild.com\/index.php\/produkt\/makita-cb100da-aku-vyhrivana-deka-1-4x0-7m-li-ion-cxt-10-8-12v-z-cenova-bomba-33350\/","og_image":[{"width":827,"height":597,"url":"https:\/\/www.oknobuild.com\/wp-content\/uploads\/2026\/SK0019804-CZ20260425-092328-0-1777080210-priloha_-skk-40257.webp","type":"image\/webp"}],"twitter_card":"summary_large_image","twitter_misc":{"Odhadovan\u00e1 doba \u010dten\u00ed":"1 minuta"},"schema":{"@context":"https:\/\/schema.org","@graph":[{"@type":"WebPage","@id":"https:\/\/www.oknobuild.com\/index.php\/produkt\/makita-cb100da-aku-vyhrivana-deka-1-4x0-7m-li-ion-cxt-10-8-12v-z-cenova-bomba-33350\/","url":"https:\/\/www.oknobuild.com\/index.php\/produkt\/makita-cb100da-aku-vyhrivana-deka-1-4x0-7m-li-ion-cxt-10-8-12v-z-cenova-bomba-33350\/","name":"Makita CB100DA Aku vyh\u0159\u00edv\u00e1n\u00e1 deka 1,4x0,7m Li-ion CXT 10,8\/12V Z Cenov\u00e1 Bomba -","isPartOf":{"@id":"https:\/\/www.oknobuild.com\/#website"},"primaryImageOfPage":{"@id":"https:\/\/www.oknobuild.com\/index.php\/produkt\/makita-cb100da-aku-vyhrivana-deka-1-4x0-7m-li-ion-cxt-10-8-12v-z-cenova-bomba-33350\/#primaryimage"},"image":{"@id":"https:\/\/www.oknobuild.com\/index.php\/produkt\/makita-cb100da-aku-vyhrivana-deka-1-4x0-7m-li-ion-cxt-10-8-12v-z-cenova-bomba-33350\/#primaryimage"},"thumbnailUrl":"https:\/\/www.oknobuild.com\/wp-content\/uploads\/2026\/SK0019804-CZ20260425-092328-0-1777080210-priloha_-skk-40257.webp","datePublished":"2026-04-27T04:41:59+00:00","breadcrumb":{"@id":"https:\/\/www.oknobuild.com\/index.php\/produkt\/makita-cb100da-aku-vyhrivana-deka-1-4x0-7m-li-ion-cxt-10-8-12v-z-cenova-bomba-33350\/#breadcrumb"},"inLanguage":"cs","potentialAction":[{"@type":"ReadAction","target":["https:\/\/www.oknobuild.com\/index.php\/produkt\/makita-cb100da-aku-vyhrivana-deka-1-4x0-7m-li-ion-cxt-10-8-12v-z-cenova-bomba-33350\/"]}]},{"@type":"ImageObject","inLanguage":"cs","@id":"https:\/\/www.oknobuild.com\/index.php\/produkt\/makita-cb100da-aku-vyhrivana-deka-1-4x0-7m-li-ion-cxt-10-8-12v-z-cenova-bomba-33350\/#primaryimage","url":"https:\/\/www.oknobuild.com\/wp-content\/uploads\/2026\/SK0019804-CZ20260425-092328-0-1777080210-priloha_-skk-40257.webp","contentUrl":"https:\/\/www.oknobuild.com\/wp-content\/uploads\/2026\/SK0019804-CZ20260425-092328-0-1777080210-priloha_-skk-40257.webp","width":827,"height":597},{"@type":"BreadcrumbList","@id":"https:\/\/www.oknobuild.com\/index.php\/produkt\/makita-cb100da-aku-vyhrivana-deka-1-4x0-7m-li-ion-cxt-10-8-12v-z-cenova-bomba-33350\/#breadcrumb","itemListElement":[{"@type":"ListItem","position":1,"name":"Home","item":"https:\/\/www.oknobuild.com\/"},{"@type":"ListItem","position":2,"name":"Products","item":"https:\/\/www.oknobuild.com\/index.php\/products\/"},{"@type":"ListItem","position":3,"name":"Makita CB100DA Aku vyh\u0159\u00edv\u00e1n\u00e1 deka 1,4&#215;0,7m Li-ion CXT 10,8\/12V Z Cenov\u00e1 Bomba"}]},{"@type":"WebSite","@id":"https:\/\/www.oknobuild.com\/#website","url":"https:\/\/www.oknobuild.com\/","name":"","description":"","potentialAction":[{"@type":"SearchAction","target":{"@type":"EntryPoint","urlTemplate":"https:\/\/www.oknobuild.com\/?s={search_term_string}"},"query-input":{"@type":"PropertyValueSpecification","valueRequired":true,"valueName":"search_term_string"}}],"inLanguage":"cs"}]}},"_links":{"self":[{"href":"https:\/\/www.oknobuild.com\/index.php\/wp-json\/wp\/v2\/product\/33350","targetHints":{"allow":["GET"]}}],"collection":[{"href":"https:\/\/www.oknobuild.com\/index.php\/wp-json\/wp\/v2\/product"}],"about":[{"href":"https:\/\/www.oknobuild.com\/index.php\/wp-json\/wp\/v2\/types\/product"}],"replies":[{"embeddable":true,"href":"https:\/\/www.oknobuild.com\/index.php\/wp-json\/wp\/v2\/comments?post=33350"}],"wp:featuredmedia":[{"embeddable":true,"href":"https:\/\/www.oknobuild.com\/index.php\/wp-json\/wp\/v2\/media\/33450"}],"wp:attachment":[{"href":"https:\/\/www.oknobuild.com\/index.php\/wp-json\/wp\/v2\/media?parent=33350"}],"wp:term":[{"taxonomy":"product_brand","embeddable":true,"href":"https:\/\/www.oknobuild.com\/index.php\/wp-json\/wp\/v2\/product_brand?post=33350"},{"taxonomy":"product_cat","embeddable":true,"href":"https:\/\/www.oknobuild.com\/index.php\/wp-json\/wp\/v2\/product_cat?post=33350"},{"taxonomy":"product_tag","embeddable":true,"href":"https:\/\/www.oknobuild.com\/index.php\/wp-json\/wp\/v2\/product_tag?post=33350"}],"curies":[{"name":"wp","href":"https:\/\/api.w.org\/{rel}","templated":true}]}}