{"id":33529,"date":"2026-04-27T04:42:00","date_gmt":"2026-04-27T04:42:00","guid":{"rendered":""},"modified":"2026-04-27T04:42:00","modified_gmt":"2026-04-27T04:42:00","slug":"hit-sezony-hunersdorff-802000-palivova-nadrz-d-x-s-x-v-495-x-165-x-350-mm-20-l-33529","status":"publish","type":"product","link":"https:\/\/www.oknobuild.com\/index.php\/produkt\/hit-sezony-hunersdorff-802000-palivova-nadrz-d-x-s-x-v-495-x-165-x-350-mm-20-l-33529\/","title":{"rendered":"Hit Sez\u00f3ny H\u00fcnersdorff 802000 Palivov\u00e1 n\u00e1dr\u017e (D x \u0160 x V) 495 x 165 x 350 mm 20 l"},"content":{"rendered":"<table>\n<div class=\"tab-pane active product-description\" id=\"popis\" role=\"tabpanel\">\n<div class=\"short-description\" itemprop=\"description\"><\/div>\n<div class=\"description\"><span class='bullet-line'>Se schv\u00e1len\u00edm OSN <br \/><\/span><span class='bullet-line'>Plast <br \/><\/span><span class='bullet-line'>V integrovan\u00e9 v\u00fdstupn\u00ed trubici v t\u011ble n\u00e1doby.<\/span><\/div>\n<div class=\"parameters\">\n<tr>\n<td>Barva<\/td>\n<td>Olivov\u00fd<\/td>\n<\/tr>\n<tr>\n<td>Obsah<\/td>\n<td>1 ks<\/td>\n<\/tr>\n<tr>\n<td>Materi\u00e1l (podrobnosti)<\/td>\n<td>Plastick\u00fd<\/td>\n<\/tr>\n<tr>\n<td>\u0160\u00ed\u0159ka<\/td>\n<td>165 mm<\/td>\n<\/tr>\n<tr>\n<td>V\u00fd\u0161ka<\/td>\n<td>350 mm<\/td>\n<\/tr>\n<tr>\n<td>D\u00e9lka<\/td>\n<td>495 mm<\/td>\n<\/tr>\n<tr>\n<td>Objem<\/td>\n<td>20 l<\/td>\n<\/tr>\n<tr>\n<td>Typ produktu<\/td>\n<td>N\u00e1doba na palivo<\/td>\n<\/tr><\/div>\n<\/table>\n","protected":false},"excerpt":{"rendered":"<p>Se schv\u00e1len\u00edm OSN Plast V integrovan\u00e9 v\u00fdstupn\u00ed trubici v t\u011ble n\u00e1doby. Barva Olivov\u00fd Obsah 1 ks Materi\u00e1l (podrobnosti) Plastick\u00fd \u0160\u00ed\u0159ka 165 mm V\u00fd\u0161ka 350 mm D\u00e9lka 495 mm Objem 20 l Typ produktu N\u00e1doba na palivo<\/p>\n","protected":false},"featured_media":33629,"comment_status":"open","ping_status":"open","template":"","meta":[],"product_brand":[],"product_cat":[44],"product_tag":[],"class_list":{"0":"post-33529","1":"product","2":"type-product","3":"status-publish","4":"has-post-thumbnail","6":"product_cat-auto-moto","8":"first","9":"instock","10":"sale","11":"shipping-taxable","12":"purchasable","13":"product-type-simple"},"yoast_head":"<!-- This site is optimized with the Yoast SEO plugin v26.8 - https:\/\/yoast.com\/product\/yoast-seo-wordpress\/ -->\n<title>Hit Sez\u00f3ny H\u00fcnersdorff 802000 Palivov\u00e1 n\u00e1dr\u017e (D x \u0160 x V) 495 x 165 x 350 mm 20 l -<\/title>\n<meta name=\"robots\" content=\"index, follow, max-snippet:-1, max-image-preview:large, max-video-preview:-1\" \/>\n<link rel=\"canonical\" href=\"https:\/\/www.oknobuild.com\/index.php\/produkt\/hit-sezony-hunersdorff-802000-palivova-nadrz-d-x-s-x-v-495-x-165-x-350-mm-20-l-33529\/\" \/>\n<meta property=\"og:locale\" content=\"cs_CZ\" \/>\n<meta property=\"og:type\" content=\"article\" \/>\n<meta property=\"og:title\" content=\"Hit Sez\u00f3ny H\u00fcnersdorff 802000 Palivov\u00e1 n\u00e1dr\u017e (D x \u0160 x V) 495 x 165 x 350 mm 20 l -\" \/>\n<meta property=\"og:description\" content=\"Se schv\u00e1len\u00edm OSN Plast V integrovan\u00e9 v\u00fdstupn\u00ed trubici v t\u011ble n\u00e1doby. Barva Olivov\u00fd Obsah 1 ks Materi\u00e1l (podrobnosti) Plastick\u00fd \u0160\u00ed\u0159ka 165 mm V\u00fd\u0161ka 350 mm D\u00e9lka 495 mm Objem 20 l Typ produktu N\u00e1doba na palivo\" \/>\n<meta property=\"og:url\" content=\"https:\/\/www.oknobuild.com\/index.php\/produkt\/hit-sezony-hunersdorff-802000-palivova-nadrz-d-x-s-x-v-495-x-165-x-350-mm-20-l-33529\/\" \/>\n<meta property=\"og:image\" content=\"https:\/\/www.oknobuild.com\/wp-content\/uploads\/2026\/SK0019889-CZ20260425-092328-0-1777080210-image.jpg-x-600-600.webp\" \/>\n\t<meta property=\"og:image:width\" content=\"600\" \/>\n\t<meta property=\"og:image:height\" content=\"540\" \/>\n\t<meta property=\"og:image:type\" content=\"image\/webp\" \/>\n<meta name=\"twitter:card\" content=\"summary_large_image\" \/>\n<script type=\"application\/ld+json\" class=\"yoast-schema-graph\">{\"@context\":\"https:\/\/schema.org\",\"@graph\":[{\"@type\":\"WebPage\",\"@id\":\"https:\/\/www.oknobuild.com\/index.php\/produkt\/hit-sezony-hunersdorff-802000-palivova-nadrz-d-x-s-x-v-495-x-165-x-350-mm-20-l-33529\/\",\"url\":\"https:\/\/www.oknobuild.com\/index.php\/produkt\/hit-sezony-hunersdorff-802000-palivova-nadrz-d-x-s-x-v-495-x-165-x-350-mm-20-l-33529\/\",\"name\":\"Hit Sez\u00f3ny H\u00fcnersdorff 802000 Palivov\u00e1 n\u00e1dr\u017e (D x \u0160 x V) 495 x 165 x 350 mm 20 l -\",\"isPartOf\":{\"@id\":\"https:\/\/www.oknobuild.com\/#website\"},\"primaryImageOfPage\":{\"@id\":\"https:\/\/www.oknobuild.com\/index.php\/produkt\/hit-sezony-hunersdorff-802000-palivova-nadrz-d-x-s-x-v-495-x-165-x-350-mm-20-l-33529\/#primaryimage\"},\"image\":{\"@id\":\"https:\/\/www.oknobuild.com\/index.php\/produkt\/hit-sezony-hunersdorff-802000-palivova-nadrz-d-x-s-x-v-495-x-165-x-350-mm-20-l-33529\/#primaryimage\"},\"thumbnailUrl\":\"https:\/\/www.oknobuild.com\/wp-content\/uploads\/2026\/SK0019889-CZ20260425-092328-0-1777080210-image.jpg-x-600-600.webp\",\"datePublished\":\"2026-04-27T04:42:00+00:00\",\"breadcrumb\":{\"@id\":\"https:\/\/www.oknobuild.com\/index.php\/produkt\/hit-sezony-hunersdorff-802000-palivova-nadrz-d-x-s-x-v-495-x-165-x-350-mm-20-l-33529\/#breadcrumb\"},\"inLanguage\":\"cs\",\"potentialAction\":[{\"@type\":\"ReadAction\",\"target\":[\"https:\/\/www.oknobuild.com\/index.php\/produkt\/hit-sezony-hunersdorff-802000-palivova-nadrz-d-x-s-x-v-495-x-165-x-350-mm-20-l-33529\/\"]}]},{\"@type\":\"ImageObject\",\"inLanguage\":\"cs\",\"@id\":\"https:\/\/www.oknobuild.com\/index.php\/produkt\/hit-sezony-hunersdorff-802000-palivova-nadrz-d-x-s-x-v-495-x-165-x-350-mm-20-l-33529\/#primaryimage\",\"url\":\"https:\/\/www.oknobuild.com\/wp-content\/uploads\/2026\/SK0019889-CZ20260425-092328-0-1777080210-image.jpg-x-600-600.webp\",\"contentUrl\":\"https:\/\/www.oknobuild.com\/wp-content\/uploads\/2026\/SK0019889-CZ20260425-092328-0-1777080210-image.jpg-x-600-600.webp\",\"width\":600,\"height\":540},{\"@type\":\"BreadcrumbList\",\"@id\":\"https:\/\/www.oknobuild.com\/index.php\/produkt\/hit-sezony-hunersdorff-802000-palivova-nadrz-d-x-s-x-v-495-x-165-x-350-mm-20-l-33529\/#breadcrumb\",\"itemListElement\":[{\"@type\":\"ListItem\",\"position\":1,\"name\":\"Home\",\"item\":\"https:\/\/www.oknobuild.com\/\"},{\"@type\":\"ListItem\",\"position\":2,\"name\":\"Products\",\"item\":\"https:\/\/www.oknobuild.com\/index.php\/products\/\"},{\"@type\":\"ListItem\",\"position\":3,\"name\":\"Hit Sez\u00f3ny H\u00fcnersdorff 802000 Palivov\u00e1 n\u00e1dr\u017e (D x \u0160 x V) 495 x 165 x 350 mm 20 l\"}]},{\"@type\":\"WebSite\",\"@id\":\"https:\/\/www.oknobuild.com\/#website\",\"url\":\"https:\/\/www.oknobuild.com\/\",\"name\":\"\",\"description\":\"\",\"potentialAction\":[{\"@type\":\"SearchAction\",\"target\":{\"@type\":\"EntryPoint\",\"urlTemplate\":\"https:\/\/www.oknobuild.com\/?s={search_term_string}\"},\"query-input\":{\"@type\":\"PropertyValueSpecification\",\"valueRequired\":true,\"valueName\":\"search_term_string\"}}],\"inLanguage\":\"cs\"}]}<\/script>\n<!-- \/ Yoast SEO plugin. -->","yoast_head_json":{"title":"Hit Sez\u00f3ny H\u00fcnersdorff 802000 Palivov\u00e1 n\u00e1dr\u017e (D x \u0160 x V) 495 x 165 x 350 mm 20 l -","robots":{"index":"index","follow":"follow","max-snippet":"max-snippet:-1","max-image-preview":"max-image-preview:large","max-video-preview":"max-video-preview:-1"},"canonical":"https:\/\/www.oknobuild.com\/index.php\/produkt\/hit-sezony-hunersdorff-802000-palivova-nadrz-d-x-s-x-v-495-x-165-x-350-mm-20-l-33529\/","og_locale":"cs_CZ","og_type":"article","og_title":"Hit Sez\u00f3ny H\u00fcnersdorff 802000 Palivov\u00e1 n\u00e1dr\u017e (D x \u0160 x V) 495 x 165 x 350 mm 20 l -","og_description":"Se schv\u00e1len\u00edm OSN Plast V integrovan\u00e9 v\u00fdstupn\u00ed trubici v t\u011ble n\u00e1doby. Barva Olivov\u00fd Obsah 1 ks Materi\u00e1l (podrobnosti) Plastick\u00fd \u0160\u00ed\u0159ka 165 mm V\u00fd\u0161ka 350 mm D\u00e9lka 495 mm Objem 20 l Typ produktu N\u00e1doba na palivo","og_url":"https:\/\/www.oknobuild.com\/index.php\/produkt\/hit-sezony-hunersdorff-802000-palivova-nadrz-d-x-s-x-v-495-x-165-x-350-mm-20-l-33529\/","og_image":[{"width":600,"height":540,"url":"https:\/\/www.oknobuild.com\/wp-content\/uploads\/2026\/SK0019889-CZ20260425-092328-0-1777080210-image.jpg-x-600-600.webp","type":"image\/webp"}],"twitter_card":"summary_large_image","schema":{"@context":"https:\/\/schema.org","@graph":[{"@type":"WebPage","@id":"https:\/\/www.oknobuild.com\/index.php\/produkt\/hit-sezony-hunersdorff-802000-palivova-nadrz-d-x-s-x-v-495-x-165-x-350-mm-20-l-33529\/","url":"https:\/\/www.oknobuild.com\/index.php\/produkt\/hit-sezony-hunersdorff-802000-palivova-nadrz-d-x-s-x-v-495-x-165-x-350-mm-20-l-33529\/","name":"Hit Sez\u00f3ny H\u00fcnersdorff 802000 Palivov\u00e1 n\u00e1dr\u017e (D x \u0160 x V) 495 x 165 x 350 mm 20 l -","isPartOf":{"@id":"https:\/\/www.oknobuild.com\/#website"},"primaryImageOfPage":{"@id":"https:\/\/www.oknobuild.com\/index.php\/produkt\/hit-sezony-hunersdorff-802000-palivova-nadrz-d-x-s-x-v-495-x-165-x-350-mm-20-l-33529\/#primaryimage"},"image":{"@id":"https:\/\/www.oknobuild.com\/index.php\/produkt\/hit-sezony-hunersdorff-802000-palivova-nadrz-d-x-s-x-v-495-x-165-x-350-mm-20-l-33529\/#primaryimage"},"thumbnailUrl":"https:\/\/www.oknobuild.com\/wp-content\/uploads\/2026\/SK0019889-CZ20260425-092328-0-1777080210-image.jpg-x-600-600.webp","datePublished":"2026-04-27T04:42:00+00:00","breadcrumb":{"@id":"https:\/\/www.oknobuild.com\/index.php\/produkt\/hit-sezony-hunersdorff-802000-palivova-nadrz-d-x-s-x-v-495-x-165-x-350-mm-20-l-33529\/#breadcrumb"},"inLanguage":"cs","potentialAction":[{"@type":"ReadAction","target":["https:\/\/www.oknobuild.com\/index.php\/produkt\/hit-sezony-hunersdorff-802000-palivova-nadrz-d-x-s-x-v-495-x-165-x-350-mm-20-l-33529\/"]}]},{"@type":"ImageObject","inLanguage":"cs","@id":"https:\/\/www.oknobuild.com\/index.php\/produkt\/hit-sezony-hunersdorff-802000-palivova-nadrz-d-x-s-x-v-495-x-165-x-350-mm-20-l-33529\/#primaryimage","url":"https:\/\/www.oknobuild.com\/wp-content\/uploads\/2026\/SK0019889-CZ20260425-092328-0-1777080210-image.jpg-x-600-600.webp","contentUrl":"https:\/\/www.oknobuild.com\/wp-content\/uploads\/2026\/SK0019889-CZ20260425-092328-0-1777080210-image.jpg-x-600-600.webp","width":600,"height":540},{"@type":"BreadcrumbList","@id":"https:\/\/www.oknobuild.com\/index.php\/produkt\/hit-sezony-hunersdorff-802000-palivova-nadrz-d-x-s-x-v-495-x-165-x-350-mm-20-l-33529\/#breadcrumb","itemListElement":[{"@type":"ListItem","position":1,"name":"Home","item":"https:\/\/www.oknobuild.com\/"},{"@type":"ListItem","position":2,"name":"Products","item":"https:\/\/www.oknobuild.com\/index.php\/products\/"},{"@type":"ListItem","position":3,"name":"Hit Sez\u00f3ny H\u00fcnersdorff 802000 Palivov\u00e1 n\u00e1dr\u017e (D x \u0160 x V) 495 x 165 x 350 mm 20 l"}]},{"@type":"WebSite","@id":"https:\/\/www.oknobuild.com\/#website","url":"https:\/\/www.oknobuild.com\/","name":"","description":"","potentialAction":[{"@type":"SearchAction","target":{"@type":"EntryPoint","urlTemplate":"https:\/\/www.oknobuild.com\/?s={search_term_string}"},"query-input":{"@type":"PropertyValueSpecification","valueRequired":true,"valueName":"search_term_string"}}],"inLanguage":"cs"}]}},"_links":{"self":[{"href":"https:\/\/www.oknobuild.com\/index.php\/wp-json\/wp\/v2\/product\/33529","targetHints":{"allow":["GET"]}}],"collection":[{"href":"https:\/\/www.oknobuild.com\/index.php\/wp-json\/wp\/v2\/product"}],"about":[{"href":"https:\/\/www.oknobuild.com\/index.php\/wp-json\/wp\/v2\/types\/product"}],"replies":[{"embeddable":true,"href":"https:\/\/www.oknobuild.com\/index.php\/wp-json\/wp\/v2\/comments?post=33529"}],"wp:featuredmedia":[{"embeddable":true,"href":"https:\/\/www.oknobuild.com\/index.php\/wp-json\/wp\/v2\/media\/33629"}],"wp:attachment":[{"href":"https:\/\/www.oknobuild.com\/index.php\/wp-json\/wp\/v2\/media?parent=33529"}],"wp:term":[{"taxonomy":"product_brand","embeddable":true,"href":"https:\/\/www.oknobuild.com\/index.php\/wp-json\/wp\/v2\/product_brand?post=33529"},{"taxonomy":"product_cat","embeddable":true,"href":"https:\/\/www.oknobuild.com\/index.php\/wp-json\/wp\/v2\/product_cat?post=33529"},{"taxonomy":"product_tag","embeddable":true,"href":"https:\/\/www.oknobuild.com\/index.php\/wp-json\/wp\/v2\/product_tag?post=33529"}],"curies":[{"name":"wp","href":"https:\/\/api.w.org\/{rel}","templated":true}]}}