{"id":33555,"date":"2026-04-27T04:42:00","date_gmt":"2026-04-27T04:42:00","guid":{"rendered":""},"modified":"2026-04-27T04:42:00","modified_gmt":"2026-04-27T04:42:00","slug":"nejlepsi-cena-bosch-f016800572-sada-na-cisteni-vozidla-33555","status":"publish","type":"product","link":"https:\/\/www.oknobuild.com\/index.php\/produkt\/nejlepsi-cena-bosch-f016800572-sada-na-cisteni-vozidla-33555\/","title":{"rendered":"Nejlep\u0161\u00ed Cena Bosch F016800572 Sada na \u010di\u0161t\u011bn\u00ed vozidla"},"content":{"rendered":"<table>\n<div class=\"tab-pane active product-description\" id=\"popis\" role=\"tabpanel\">\n<div class=\"short-description\" itemprop=\"description\"><\/div>\n<div class=\"description\"><span class='bullet-line'>Syst\u00e9mov\u00e9 p\u0159\u00edslu\u0161enstv\u00ed Sada na \u010di\u0161t\u011bn\u00ed vozidla<br \/><\/span><span class='bullet-line'>Sada na myt\u00ed automobil\u016f pro vysoce efektivn\u00ed myt\u00ed vozidel<br \/><\/span><span class='bullet-line'>N\u00edzkotlak\u00fd kart\u00e1\u010d lze pou\u017e\u00edvat s\u00a0\u010distic\u00edm prost\u0159edkem a\u00a0rychle jej p\u0159ipojit k\u00a0pistoli<br \/><\/span><span class='bullet-line'>Prodlu\u017eovac\u00ed hadice umo\u017e\u0148uje v\u011bt\u0161\u00ed dosah a\u00a0lep\u0161\u00ed flexibilitu<br \/><\/span><span class='bullet-line'>Pevn\u00e1 90stup\u0148ov\u00e1 rozpra\u0161ovac\u00ed tryska pro dosah do t\u011b\u017eko p\u0159\u00edstupn\u00fdch m\u00edst<br \/><\/span><span class='bullet-line'>Sou\u010d\u00e1st\u00ed balen\u00ed je i\u00a0ut\u011brka z\u00a0mikrovl\u00e1kna pro rychl\u00e9 dokon\u010den\u00ed pr\u00e1ce<br \/><\/span><span class='bullet-line'>Kompatibiln\u00ed s\u00a0EasyAquatak 110\/120, UniversalAquatak, AQT\u00a033-10, AQT\u00a033-11, AQT\u00a035-12, AQT\u00a037-13, AQT\u00a040-13, AQT\u00a042-13<\/span><\/div>\n<div class=\"parameters\">\n<tr>\n<td>Rozm\u011bry balen\u00ed (\u0161\u00ed\u0159ka \u00d7 d\u00e9lka \u00d7 v\u00fd\u0161ka)<\/td>\n<td>355 x 110 x 355 mm<\/td>\n<\/tr><\/div>\n<\/table>\n","protected":false},"excerpt":{"rendered":"<p>Syst\u00e9mov\u00e9 p\u0159\u00edslu\u0161enstv\u00ed Sada na \u010di\u0161t\u011bn\u00ed vozidlaSada na myt\u00ed automobil\u016f pro vysoce efektivn\u00ed myt\u00ed vozidelN\u00edzkotlak\u00fd kart\u00e1\u010d lze pou\u017e\u00edvat s\u00a0\u010distic\u00edm prost\u0159edkem a\u00a0rychle jej p\u0159ipojit k\u00a0pistoliProdlu\u017eovac\u00ed hadice umo\u017e\u0148uje v\u011bt\u0161\u00ed dosah a\u00a0lep\u0161\u00ed flexibilituPevn\u00e1 90stup\u0148ov\u00e1 rozpra\u0161ovac\u00ed tryska pro dosah do t\u011b\u017eko p\u0159\u00edstupn\u00fdch m\u00edstSou\u010d\u00e1st\u00ed balen\u00ed je i\u00a0ut\u011brka z\u00a0mikrovl\u00e1kna pro rychl\u00e9 dokon\u010den\u00ed pr\u00e1ceKompatibiln\u00ed s\u00a0EasyAquatak 110\/120, UniversalAquatak, AQT\u00a033-10, AQT\u00a033-11, AQT\u00a035-12, AQT\u00a037-13, AQT\u00a040-13, AQT\u00a042-13 [&hellip;]<\/p>\n","protected":false},"featured_media":33655,"comment_status":"open","ping_status":"open","template":"","meta":[],"product_brand":[],"product_cat":[49],"product_tag":[],"class_list":{"0":"post-33555","1":"product","2":"type-product","3":"status-publish","4":"has-post-thumbnail","6":"product_cat-cistici-technika","8":"first","9":"instock","10":"sale","11":"shipping-taxable","12":"purchasable","13":"product-type-simple"},"yoast_head":"<!-- This site is optimized with the Yoast SEO plugin v26.8 - https:\/\/yoast.com\/product\/yoast-seo-wordpress\/ -->\n<title>Nejlep\u0161\u00ed Cena Bosch F016800572 Sada na \u010di\u0161t\u011bn\u00ed vozidla -<\/title>\n<meta name=\"robots\" content=\"index, follow, max-snippet:-1, max-image-preview:large, max-video-preview:-1\" \/>\n<link rel=\"canonical\" href=\"https:\/\/www.oknobuild.com\/index.php\/produkt\/nejlepsi-cena-bosch-f016800572-sada-na-cisteni-vozidla-33555\/\" \/>\n<meta property=\"og:locale\" content=\"cs_CZ\" \/>\n<meta property=\"og:type\" content=\"article\" \/>\n<meta property=\"og:title\" content=\"Nejlep\u0161\u00ed Cena Bosch F016800572 Sada na \u010di\u0161t\u011bn\u00ed vozidla -\" \/>\n<meta property=\"og:description\" content=\"Syst\u00e9mov\u00e9 p\u0159\u00edslu\u0161enstv\u00ed Sada na \u010di\u0161t\u011bn\u00ed vozidlaSada na myt\u00ed automobil\u016f pro vysoce efektivn\u00ed myt\u00ed vozidelN\u00edzkotlak\u00fd kart\u00e1\u010d lze pou\u017e\u00edvat s\u00a0\u010distic\u00edm prost\u0159edkem a\u00a0rychle jej p\u0159ipojit k\u00a0pistoliProdlu\u017eovac\u00ed hadice umo\u017e\u0148uje v\u011bt\u0161\u00ed dosah a\u00a0lep\u0161\u00ed flexibilituPevn\u00e1 90stup\u0148ov\u00e1 rozpra\u0161ovac\u00ed tryska pro dosah do t\u011b\u017eko p\u0159\u00edstupn\u00fdch m\u00edstSou\u010d\u00e1st\u00ed balen\u00ed je i\u00a0ut\u011brka z\u00a0mikrovl\u00e1kna pro rychl\u00e9 dokon\u010den\u00ed pr\u00e1ceKompatibiln\u00ed s\u00a0EasyAquatak 110\/120, UniversalAquatak, AQT\u00a033-10, AQT\u00a033-11, AQT\u00a035-12, AQT\u00a037-13, AQT\u00a040-13, AQT\u00a042-13 [&hellip;]\" \/>\n<meta property=\"og:url\" content=\"https:\/\/www.oknobuild.com\/index.php\/produkt\/nejlepsi-cena-bosch-f016800572-sada-na-cisteni-vozidla-33555\/\" \/>\n<meta property=\"og:image\" content=\"https:\/\/www.oknobuild.com\/wp-content\/uploads\/2026\/SK0019915-CZ20260425-092328-0-1777080210-f016800572_car_cleaning_kit_fcp-1.webp\" \/>\n\t<meta property=\"og:image:width\" content=\"699\" \/>\n\t<meta property=\"og:image:height\" content=\"466\" \/>\n\t<meta property=\"og:image:type\" content=\"image\/webp\" \/>\n<meta name=\"twitter:card\" content=\"summary_large_image\" \/>\n<meta name=\"twitter:label1\" content=\"Odhadovan\u00e1 doba \u010dten\u00ed\" \/>\n\t<meta name=\"twitter:data1\" content=\"1 minuta\" \/>\n<script type=\"application\/ld+json\" class=\"yoast-schema-graph\">{\"@context\":\"https:\/\/schema.org\",\"@graph\":[{\"@type\":\"WebPage\",\"@id\":\"https:\/\/www.oknobuild.com\/index.php\/produkt\/nejlepsi-cena-bosch-f016800572-sada-na-cisteni-vozidla-33555\/\",\"url\":\"https:\/\/www.oknobuild.com\/index.php\/produkt\/nejlepsi-cena-bosch-f016800572-sada-na-cisteni-vozidla-33555\/\",\"name\":\"Nejlep\u0161\u00ed Cena Bosch F016800572 Sada na \u010di\u0161t\u011bn\u00ed vozidla -\",\"isPartOf\":{\"@id\":\"https:\/\/www.oknobuild.com\/#website\"},\"primaryImageOfPage\":{\"@id\":\"https:\/\/www.oknobuild.com\/index.php\/produkt\/nejlepsi-cena-bosch-f016800572-sada-na-cisteni-vozidla-33555\/#primaryimage\"},\"image\":{\"@id\":\"https:\/\/www.oknobuild.com\/index.php\/produkt\/nejlepsi-cena-bosch-f016800572-sada-na-cisteni-vozidla-33555\/#primaryimage\"},\"thumbnailUrl\":\"https:\/\/www.oknobuild.com\/wp-content\/uploads\/2026\/SK0019915-CZ20260425-092328-0-1777080210-f016800572_car_cleaning_kit_fcp-1.webp\",\"datePublished\":\"2026-04-27T04:42:00+00:00\",\"breadcrumb\":{\"@id\":\"https:\/\/www.oknobuild.com\/index.php\/produkt\/nejlepsi-cena-bosch-f016800572-sada-na-cisteni-vozidla-33555\/#breadcrumb\"},\"inLanguage\":\"cs\",\"potentialAction\":[{\"@type\":\"ReadAction\",\"target\":[\"https:\/\/www.oknobuild.com\/index.php\/produkt\/nejlepsi-cena-bosch-f016800572-sada-na-cisteni-vozidla-33555\/\"]}]},{\"@type\":\"ImageObject\",\"inLanguage\":\"cs\",\"@id\":\"https:\/\/www.oknobuild.com\/index.php\/produkt\/nejlepsi-cena-bosch-f016800572-sada-na-cisteni-vozidla-33555\/#primaryimage\",\"url\":\"https:\/\/www.oknobuild.com\/wp-content\/uploads\/2026\/SK0019915-CZ20260425-092328-0-1777080210-f016800572_car_cleaning_kit_fcp-1.webp\",\"contentUrl\":\"https:\/\/www.oknobuild.com\/wp-content\/uploads\/2026\/SK0019915-CZ20260425-092328-0-1777080210-f016800572_car_cleaning_kit_fcp-1.webp\",\"width\":699,\"height\":466},{\"@type\":\"BreadcrumbList\",\"@id\":\"https:\/\/www.oknobuild.com\/index.php\/produkt\/nejlepsi-cena-bosch-f016800572-sada-na-cisteni-vozidla-33555\/#breadcrumb\",\"itemListElement\":[{\"@type\":\"ListItem\",\"position\":1,\"name\":\"Home\",\"item\":\"https:\/\/www.oknobuild.com\/\"},{\"@type\":\"ListItem\",\"position\":2,\"name\":\"Products\",\"item\":\"https:\/\/www.oknobuild.com\/index.php\/products\/\"},{\"@type\":\"ListItem\",\"position\":3,\"name\":\"Nejlep\u0161\u00ed Cena Bosch F016800572 Sada na \u010di\u0161t\u011bn\u00ed vozidla\"}]},{\"@type\":\"WebSite\",\"@id\":\"https:\/\/www.oknobuild.com\/#website\",\"url\":\"https:\/\/www.oknobuild.com\/\",\"name\":\"\",\"description\":\"\",\"potentialAction\":[{\"@type\":\"SearchAction\",\"target\":{\"@type\":\"EntryPoint\",\"urlTemplate\":\"https:\/\/www.oknobuild.com\/?s={search_term_string}\"},\"query-input\":{\"@type\":\"PropertyValueSpecification\",\"valueRequired\":true,\"valueName\":\"search_term_string\"}}],\"inLanguage\":\"cs\"}]}<\/script>\n<!-- \/ Yoast SEO plugin. -->","yoast_head_json":{"title":"Nejlep\u0161\u00ed Cena Bosch F016800572 Sada na \u010di\u0161t\u011bn\u00ed vozidla -","robots":{"index":"index","follow":"follow","max-snippet":"max-snippet:-1","max-image-preview":"max-image-preview:large","max-video-preview":"max-video-preview:-1"},"canonical":"https:\/\/www.oknobuild.com\/index.php\/produkt\/nejlepsi-cena-bosch-f016800572-sada-na-cisteni-vozidla-33555\/","og_locale":"cs_CZ","og_type":"article","og_title":"Nejlep\u0161\u00ed Cena Bosch F016800572 Sada na \u010di\u0161t\u011bn\u00ed vozidla -","og_description":"Syst\u00e9mov\u00e9 p\u0159\u00edslu\u0161enstv\u00ed Sada na \u010di\u0161t\u011bn\u00ed vozidlaSada na myt\u00ed automobil\u016f pro vysoce efektivn\u00ed myt\u00ed vozidelN\u00edzkotlak\u00fd kart\u00e1\u010d lze pou\u017e\u00edvat s\u00a0\u010distic\u00edm prost\u0159edkem a\u00a0rychle jej p\u0159ipojit k\u00a0pistoliProdlu\u017eovac\u00ed hadice umo\u017e\u0148uje v\u011bt\u0161\u00ed dosah a\u00a0lep\u0161\u00ed flexibilituPevn\u00e1 90stup\u0148ov\u00e1 rozpra\u0161ovac\u00ed tryska pro dosah do t\u011b\u017eko p\u0159\u00edstupn\u00fdch m\u00edstSou\u010d\u00e1st\u00ed balen\u00ed je i\u00a0ut\u011brka z\u00a0mikrovl\u00e1kna pro rychl\u00e9 dokon\u010den\u00ed pr\u00e1ceKompatibiln\u00ed s\u00a0EasyAquatak 110\/120, UniversalAquatak, AQT\u00a033-10, AQT\u00a033-11, AQT\u00a035-12, AQT\u00a037-13, AQT\u00a040-13, AQT\u00a042-13 [&hellip;]","og_url":"https:\/\/www.oknobuild.com\/index.php\/produkt\/nejlepsi-cena-bosch-f016800572-sada-na-cisteni-vozidla-33555\/","og_image":[{"width":699,"height":466,"url":"https:\/\/www.oknobuild.com\/wp-content\/uploads\/2026\/SK0019915-CZ20260425-092328-0-1777080210-f016800572_car_cleaning_kit_fcp-1.webp","type":"image\/webp"}],"twitter_card":"summary_large_image","twitter_misc":{"Odhadovan\u00e1 doba \u010dten\u00ed":"1 minuta"},"schema":{"@context":"https:\/\/schema.org","@graph":[{"@type":"WebPage","@id":"https:\/\/www.oknobuild.com\/index.php\/produkt\/nejlepsi-cena-bosch-f016800572-sada-na-cisteni-vozidla-33555\/","url":"https:\/\/www.oknobuild.com\/index.php\/produkt\/nejlepsi-cena-bosch-f016800572-sada-na-cisteni-vozidla-33555\/","name":"Nejlep\u0161\u00ed Cena Bosch F016800572 Sada na \u010di\u0161t\u011bn\u00ed vozidla -","isPartOf":{"@id":"https:\/\/www.oknobuild.com\/#website"},"primaryImageOfPage":{"@id":"https:\/\/www.oknobuild.com\/index.php\/produkt\/nejlepsi-cena-bosch-f016800572-sada-na-cisteni-vozidla-33555\/#primaryimage"},"image":{"@id":"https:\/\/www.oknobuild.com\/index.php\/produkt\/nejlepsi-cena-bosch-f016800572-sada-na-cisteni-vozidla-33555\/#primaryimage"},"thumbnailUrl":"https:\/\/www.oknobuild.com\/wp-content\/uploads\/2026\/SK0019915-CZ20260425-092328-0-1777080210-f016800572_car_cleaning_kit_fcp-1.webp","datePublished":"2026-04-27T04:42:00+00:00","breadcrumb":{"@id":"https:\/\/www.oknobuild.com\/index.php\/produkt\/nejlepsi-cena-bosch-f016800572-sada-na-cisteni-vozidla-33555\/#breadcrumb"},"inLanguage":"cs","potentialAction":[{"@type":"ReadAction","target":["https:\/\/www.oknobuild.com\/index.php\/produkt\/nejlepsi-cena-bosch-f016800572-sada-na-cisteni-vozidla-33555\/"]}]},{"@type":"ImageObject","inLanguage":"cs","@id":"https:\/\/www.oknobuild.com\/index.php\/produkt\/nejlepsi-cena-bosch-f016800572-sada-na-cisteni-vozidla-33555\/#primaryimage","url":"https:\/\/www.oknobuild.com\/wp-content\/uploads\/2026\/SK0019915-CZ20260425-092328-0-1777080210-f016800572_car_cleaning_kit_fcp-1.webp","contentUrl":"https:\/\/www.oknobuild.com\/wp-content\/uploads\/2026\/SK0019915-CZ20260425-092328-0-1777080210-f016800572_car_cleaning_kit_fcp-1.webp","width":699,"height":466},{"@type":"BreadcrumbList","@id":"https:\/\/www.oknobuild.com\/index.php\/produkt\/nejlepsi-cena-bosch-f016800572-sada-na-cisteni-vozidla-33555\/#breadcrumb","itemListElement":[{"@type":"ListItem","position":1,"name":"Home","item":"https:\/\/www.oknobuild.com\/"},{"@type":"ListItem","position":2,"name":"Products","item":"https:\/\/www.oknobuild.com\/index.php\/products\/"},{"@type":"ListItem","position":3,"name":"Nejlep\u0161\u00ed Cena Bosch F016800572 Sada na \u010di\u0161t\u011bn\u00ed vozidla"}]},{"@type":"WebSite","@id":"https:\/\/www.oknobuild.com\/#website","url":"https:\/\/www.oknobuild.com\/","name":"","description":"","potentialAction":[{"@type":"SearchAction","target":{"@type":"EntryPoint","urlTemplate":"https:\/\/www.oknobuild.com\/?s={search_term_string}"},"query-input":{"@type":"PropertyValueSpecification","valueRequired":true,"valueName":"search_term_string"}}],"inLanguage":"cs"}]}},"_links":{"self":[{"href":"https:\/\/www.oknobuild.com\/index.php\/wp-json\/wp\/v2\/product\/33555","targetHints":{"allow":["GET"]}}],"collection":[{"href":"https:\/\/www.oknobuild.com\/index.php\/wp-json\/wp\/v2\/product"}],"about":[{"href":"https:\/\/www.oknobuild.com\/index.php\/wp-json\/wp\/v2\/types\/product"}],"replies":[{"embeddable":true,"href":"https:\/\/www.oknobuild.com\/index.php\/wp-json\/wp\/v2\/comments?post=33555"}],"wp:featuredmedia":[{"embeddable":true,"href":"https:\/\/www.oknobuild.com\/index.php\/wp-json\/wp\/v2\/media\/33655"}],"wp:attachment":[{"href":"https:\/\/www.oknobuild.com\/index.php\/wp-json\/wp\/v2\/media?parent=33555"}],"wp:term":[{"taxonomy":"product_brand","embeddable":true,"href":"https:\/\/www.oknobuild.com\/index.php\/wp-json\/wp\/v2\/product_brand?post=33555"},{"taxonomy":"product_cat","embeddable":true,"href":"https:\/\/www.oknobuild.com\/index.php\/wp-json\/wp\/v2\/product_cat?post=33555"},{"taxonomy":"product_tag","embeddable":true,"href":"https:\/\/www.oknobuild.com\/index.php\/wp-json\/wp\/v2\/product_tag?post=33555"}],"curies":[{"name":"wp","href":"https:\/\/api.w.org\/{rel}","templated":true}]}}