{"id":33558,"date":"2026-04-27T04:42:00","date_gmt":"2026-04-27T04:42:00","guid":{"rendered":""},"modified":"2026-04-27T04:42:00","modified_gmt":"2026-04-27T04:42:00","slug":"ihned-k-objednani-bosch-f016800581-tryska-90deg-33558","status":"publish","type":"product","link":"https:\/\/www.oknobuild.com\/index.php\/produkt\/ihned-k-objednani-bosch-f016800581-tryska-90deg-33558\/","title":{"rendered":"Ihned K Objedn\u00e1n\u00ed Bosch F016800581 Tryska 90\u00b0"},"content":{"rendered":"<table>\n<div class=\"tab-pane active product-description\" id=\"popis\" role=\"tabpanel\">\n<div class=\"short-description\" itemprop=\"description\"><\/div>\n<div class=\"description\">\u25ba Pozice<span class='bullet-line'>Pohodln\u00e9 \u010di\u0161t\u011bn\u00ed v t\u011bsn\u00fdch prostorech<br \/><\/span><br \/>\u25ba P\u0159\u00ednos pro u\u017eivatele<span class='bullet-line'>Tryska s rozpra\u0161ov\u00e1n\u00edm pod 90\u00b0 \u00fahlem umo\u017e\u0148uje lep\u0161\u00ed p\u0159\u00edstup do t\u011bsn\u00fdch prostor\u016f.<br \/><\/span><span class='bullet-line'>Lze ji rychle a snadno p\u0159ipojit na konec kop\u00ed.<br \/><\/span><span class='bullet-line'>Skv\u011bl\u00e1 na \u010di\u0161t\u011bn\u00ed okap\u016f a podb\u011bh\u016f kol<br \/><\/span><span class='bullet-line'>Ide\u00e1ln\u00ed na \u010di\u0161t\u011bn\u00ed t\u011b\u017eko p\u0159\u00edstupn\u00fdch m\u00edst<br \/><\/span><span class='bullet-line'>Kompatibiln\u00ed s EasyAquatak 110\/120, UniversalAquatak, AdvancedAquatak 140, AQT 33-10, AQT 33-11, AQT 35-12, AQT 37-13, AQT 40-13, AQT 42-13, AQT 45-14 X<\/span><\/div>\n<\/table>\n","protected":false},"excerpt":{"rendered":"<p>\u25ba PozicePohodln\u00e9 \u010di\u0161t\u011bn\u00ed v t\u011bsn\u00fdch prostorech\u25ba P\u0159\u00ednos pro u\u017eivateleTryska s rozpra\u0161ov\u00e1n\u00edm pod 90\u00b0 \u00fahlem umo\u017e\u0148uje lep\u0161\u00ed p\u0159\u00edstup do t\u011bsn\u00fdch prostor\u016f.Lze ji rychle a snadno p\u0159ipojit na konec kop\u00ed.Skv\u011bl\u00e1 na \u010di\u0161t\u011bn\u00ed okap\u016f a podb\u011bh\u016f kolIde\u00e1ln\u00ed na \u010di\u0161t\u011bn\u00ed t\u011b\u017eko p\u0159\u00edstupn\u00fdch m\u00edstKompatibiln\u00ed s EasyAquatak 110\/120, UniversalAquatak, AdvancedAquatak 140, AQT 33-10, AQT 33-11, AQT 35-12, AQT 37-13, AQT 40-13, [&hellip;]<\/p>\n","protected":false},"featured_media":33658,"comment_status":"open","ping_status":"open","template":"","meta":[],"product_brand":[],"product_cat":[49],"product_tag":[],"class_list":{"0":"post-33558","1":"product","2":"type-product","3":"status-publish","4":"has-post-thumbnail","6":"product_cat-cistici-technika","8":"first","9":"instock","10":"sale","11":"shipping-taxable","12":"purchasable","13":"product-type-simple"},"yoast_head":"<!-- This site is optimized with the Yoast SEO plugin v26.8 - https:\/\/yoast.com\/product\/yoast-seo-wordpress\/ -->\n<title>Ihned K Objedn\u00e1n\u00ed Bosch F016800581 Tryska 90\u00b0 -<\/title>\n<meta name=\"robots\" content=\"index, follow, max-snippet:-1, max-image-preview:large, max-video-preview:-1\" \/>\n<link rel=\"canonical\" href=\"https:\/\/www.oknobuild.com\/index.php\/produkt\/ihned-k-objednani-bosch-f016800581-tryska-90deg-33558\/\" \/>\n<meta property=\"og:locale\" content=\"cs_CZ\" \/>\n<meta property=\"og:type\" content=\"article\" \/>\n<meta property=\"og:title\" content=\"Ihned K Objedn\u00e1n\u00ed Bosch F016800581 Tryska 90\u00b0 -\" \/>\n<meta property=\"og:description\" content=\"\u25ba PozicePohodln\u00e9 \u010di\u0161t\u011bn\u00ed v t\u011bsn\u00fdch prostorech\u25ba P\u0159\u00ednos pro u\u017eivateleTryska s rozpra\u0161ov\u00e1n\u00edm pod 90\u00b0 \u00fahlem umo\u017e\u0148uje lep\u0161\u00ed p\u0159\u00edstup do t\u011bsn\u00fdch prostor\u016f.Lze ji rychle a snadno p\u0159ipojit na konec kop\u00ed.Skv\u011bl\u00e1 na \u010di\u0161t\u011bn\u00ed okap\u016f a podb\u011bh\u016f kolIde\u00e1ln\u00ed na \u010di\u0161t\u011bn\u00ed t\u011b\u017eko p\u0159\u00edstupn\u00fdch m\u00edstKompatibiln\u00ed s EasyAquatak 110\/120, UniversalAquatak, AdvancedAquatak 140, AQT 33-10, AQT 33-11, AQT 35-12, AQT 37-13, AQT 40-13, [&hellip;]\" \/>\n<meta property=\"og:url\" content=\"https:\/\/www.oknobuild.com\/index.php\/produkt\/ihned-k-objednani-bosch-f016800581-tryska-90deg-33558\/\" \/>\n<meta property=\"og:image\" content=\"https:\/\/www.oknobuild.com\/wp-content\/uploads\/2026\/SK0019918-CZ20260425-092328-0-1777080210-hhaqt058-1.webp\" \/>\n\t<meta property=\"og:image:width\" content=\"589\" \/>\n\t<meta property=\"og:image:height\" content=\"700\" \/>\n\t<meta property=\"og:image:type\" content=\"image\/webp\" \/>\n<meta name=\"twitter:card\" content=\"summary_large_image\" \/>\n<script type=\"application\/ld+json\" class=\"yoast-schema-graph\">{\"@context\":\"https:\/\/schema.org\",\"@graph\":[{\"@type\":\"WebPage\",\"@id\":\"https:\/\/www.oknobuild.com\/index.php\/produkt\/ihned-k-objednani-bosch-f016800581-tryska-90deg-33558\/\",\"url\":\"https:\/\/www.oknobuild.com\/index.php\/produkt\/ihned-k-objednani-bosch-f016800581-tryska-90deg-33558\/\",\"name\":\"Ihned K Objedn\u00e1n\u00ed Bosch F016800581 Tryska 90\u00b0 -\",\"isPartOf\":{\"@id\":\"https:\/\/www.oknobuild.com\/#website\"},\"primaryImageOfPage\":{\"@id\":\"https:\/\/www.oknobuild.com\/index.php\/produkt\/ihned-k-objednani-bosch-f016800581-tryska-90deg-33558\/#primaryimage\"},\"image\":{\"@id\":\"https:\/\/www.oknobuild.com\/index.php\/produkt\/ihned-k-objednani-bosch-f016800581-tryska-90deg-33558\/#primaryimage\"},\"thumbnailUrl\":\"https:\/\/www.oknobuild.com\/wp-content\/uploads\/2026\/SK0019918-CZ20260425-092328-0-1777080210-hhaqt058-1.webp\",\"datePublished\":\"2026-04-27T04:42:00+00:00\",\"breadcrumb\":{\"@id\":\"https:\/\/www.oknobuild.com\/index.php\/produkt\/ihned-k-objednani-bosch-f016800581-tryska-90deg-33558\/#breadcrumb\"},\"inLanguage\":\"cs\",\"potentialAction\":[{\"@type\":\"ReadAction\",\"target\":[\"https:\/\/www.oknobuild.com\/index.php\/produkt\/ihned-k-objednani-bosch-f016800581-tryska-90deg-33558\/\"]}]},{\"@type\":\"ImageObject\",\"inLanguage\":\"cs\",\"@id\":\"https:\/\/www.oknobuild.com\/index.php\/produkt\/ihned-k-objednani-bosch-f016800581-tryska-90deg-33558\/#primaryimage\",\"url\":\"https:\/\/www.oknobuild.com\/wp-content\/uploads\/2026\/SK0019918-CZ20260425-092328-0-1777080210-hhaqt058-1.webp\",\"contentUrl\":\"https:\/\/www.oknobuild.com\/wp-content\/uploads\/2026\/SK0019918-CZ20260425-092328-0-1777080210-hhaqt058-1.webp\",\"width\":589,\"height\":700},{\"@type\":\"BreadcrumbList\",\"@id\":\"https:\/\/www.oknobuild.com\/index.php\/produkt\/ihned-k-objednani-bosch-f016800581-tryska-90deg-33558\/#breadcrumb\",\"itemListElement\":[{\"@type\":\"ListItem\",\"position\":1,\"name\":\"Home\",\"item\":\"https:\/\/www.oknobuild.com\/\"},{\"@type\":\"ListItem\",\"position\":2,\"name\":\"Products\",\"item\":\"https:\/\/www.oknobuild.com\/index.php\/products\/\"},{\"@type\":\"ListItem\",\"position\":3,\"name\":\"Ihned K Objedn\u00e1n\u00ed Bosch F016800581 Tryska 90\u00b0\"}]},{\"@type\":\"WebSite\",\"@id\":\"https:\/\/www.oknobuild.com\/#website\",\"url\":\"https:\/\/www.oknobuild.com\/\",\"name\":\"\",\"description\":\"\",\"potentialAction\":[{\"@type\":\"SearchAction\",\"target\":{\"@type\":\"EntryPoint\",\"urlTemplate\":\"https:\/\/www.oknobuild.com\/?s={search_term_string}\"},\"query-input\":{\"@type\":\"PropertyValueSpecification\",\"valueRequired\":true,\"valueName\":\"search_term_string\"}}],\"inLanguage\":\"cs\"}]}<\/script>\n<!-- \/ Yoast SEO plugin. -->","yoast_head_json":{"title":"Ihned K Objedn\u00e1n\u00ed Bosch F016800581 Tryska 90\u00b0 -","robots":{"index":"index","follow":"follow","max-snippet":"max-snippet:-1","max-image-preview":"max-image-preview:large","max-video-preview":"max-video-preview:-1"},"canonical":"https:\/\/www.oknobuild.com\/index.php\/produkt\/ihned-k-objednani-bosch-f016800581-tryska-90deg-33558\/","og_locale":"cs_CZ","og_type":"article","og_title":"Ihned K Objedn\u00e1n\u00ed Bosch F016800581 Tryska 90\u00b0 -","og_description":"\u25ba PozicePohodln\u00e9 \u010di\u0161t\u011bn\u00ed v t\u011bsn\u00fdch prostorech\u25ba P\u0159\u00ednos pro u\u017eivateleTryska s rozpra\u0161ov\u00e1n\u00edm pod 90\u00b0 \u00fahlem umo\u017e\u0148uje lep\u0161\u00ed p\u0159\u00edstup do t\u011bsn\u00fdch prostor\u016f.Lze ji rychle a snadno p\u0159ipojit na konec kop\u00ed.Skv\u011bl\u00e1 na \u010di\u0161t\u011bn\u00ed okap\u016f a podb\u011bh\u016f kolIde\u00e1ln\u00ed na \u010di\u0161t\u011bn\u00ed t\u011b\u017eko p\u0159\u00edstupn\u00fdch m\u00edstKompatibiln\u00ed s EasyAquatak 110\/120, UniversalAquatak, AdvancedAquatak 140, AQT 33-10, AQT 33-11, AQT 35-12, AQT 37-13, AQT 40-13, [&hellip;]","og_url":"https:\/\/www.oknobuild.com\/index.php\/produkt\/ihned-k-objednani-bosch-f016800581-tryska-90deg-33558\/","og_image":[{"width":589,"height":700,"url":"https:\/\/www.oknobuild.com\/wp-content\/uploads\/2026\/SK0019918-CZ20260425-092328-0-1777080210-hhaqt058-1.webp","type":"image\/webp"}],"twitter_card":"summary_large_image","schema":{"@context":"https:\/\/schema.org","@graph":[{"@type":"WebPage","@id":"https:\/\/www.oknobuild.com\/index.php\/produkt\/ihned-k-objednani-bosch-f016800581-tryska-90deg-33558\/","url":"https:\/\/www.oknobuild.com\/index.php\/produkt\/ihned-k-objednani-bosch-f016800581-tryska-90deg-33558\/","name":"Ihned K Objedn\u00e1n\u00ed Bosch F016800581 Tryska 90\u00b0 -","isPartOf":{"@id":"https:\/\/www.oknobuild.com\/#website"},"primaryImageOfPage":{"@id":"https:\/\/www.oknobuild.com\/index.php\/produkt\/ihned-k-objednani-bosch-f016800581-tryska-90deg-33558\/#primaryimage"},"image":{"@id":"https:\/\/www.oknobuild.com\/index.php\/produkt\/ihned-k-objednani-bosch-f016800581-tryska-90deg-33558\/#primaryimage"},"thumbnailUrl":"https:\/\/www.oknobuild.com\/wp-content\/uploads\/2026\/SK0019918-CZ20260425-092328-0-1777080210-hhaqt058-1.webp","datePublished":"2026-04-27T04:42:00+00:00","breadcrumb":{"@id":"https:\/\/www.oknobuild.com\/index.php\/produkt\/ihned-k-objednani-bosch-f016800581-tryska-90deg-33558\/#breadcrumb"},"inLanguage":"cs","potentialAction":[{"@type":"ReadAction","target":["https:\/\/www.oknobuild.com\/index.php\/produkt\/ihned-k-objednani-bosch-f016800581-tryska-90deg-33558\/"]}]},{"@type":"ImageObject","inLanguage":"cs","@id":"https:\/\/www.oknobuild.com\/index.php\/produkt\/ihned-k-objednani-bosch-f016800581-tryska-90deg-33558\/#primaryimage","url":"https:\/\/www.oknobuild.com\/wp-content\/uploads\/2026\/SK0019918-CZ20260425-092328-0-1777080210-hhaqt058-1.webp","contentUrl":"https:\/\/www.oknobuild.com\/wp-content\/uploads\/2026\/SK0019918-CZ20260425-092328-0-1777080210-hhaqt058-1.webp","width":589,"height":700},{"@type":"BreadcrumbList","@id":"https:\/\/www.oknobuild.com\/index.php\/produkt\/ihned-k-objednani-bosch-f016800581-tryska-90deg-33558\/#breadcrumb","itemListElement":[{"@type":"ListItem","position":1,"name":"Home","item":"https:\/\/www.oknobuild.com\/"},{"@type":"ListItem","position":2,"name":"Products","item":"https:\/\/www.oknobuild.com\/index.php\/products\/"},{"@type":"ListItem","position":3,"name":"Ihned K Objedn\u00e1n\u00ed Bosch F016800581 Tryska 90\u00b0"}]},{"@type":"WebSite","@id":"https:\/\/www.oknobuild.com\/#website","url":"https:\/\/www.oknobuild.com\/","name":"","description":"","potentialAction":[{"@type":"SearchAction","target":{"@type":"EntryPoint","urlTemplate":"https:\/\/www.oknobuild.com\/?s={search_term_string}"},"query-input":{"@type":"PropertyValueSpecification","valueRequired":true,"valueName":"search_term_string"}}],"inLanguage":"cs"}]}},"_links":{"self":[{"href":"https:\/\/www.oknobuild.com\/index.php\/wp-json\/wp\/v2\/product\/33558","targetHints":{"allow":["GET"]}}],"collection":[{"href":"https:\/\/www.oknobuild.com\/index.php\/wp-json\/wp\/v2\/product"}],"about":[{"href":"https:\/\/www.oknobuild.com\/index.php\/wp-json\/wp\/v2\/types\/product"}],"replies":[{"embeddable":true,"href":"https:\/\/www.oknobuild.com\/index.php\/wp-json\/wp\/v2\/comments?post=33558"}],"wp:featuredmedia":[{"embeddable":true,"href":"https:\/\/www.oknobuild.com\/index.php\/wp-json\/wp\/v2\/media\/33658"}],"wp:attachment":[{"href":"https:\/\/www.oknobuild.com\/index.php\/wp-json\/wp\/v2\/media?parent=33558"}],"wp:term":[{"taxonomy":"product_brand","embeddable":true,"href":"https:\/\/www.oknobuild.com\/index.php\/wp-json\/wp\/v2\/product_brand?post=33558"},{"taxonomy":"product_cat","embeddable":true,"href":"https:\/\/www.oknobuild.com\/index.php\/wp-json\/wp\/v2\/product_cat?post=33558"},{"taxonomy":"product_tag","embeddable":true,"href":"https:\/\/www.oknobuild.com\/index.php\/wp-json\/wp\/v2\/product_tag?post=33558"}],"curies":[{"name":"wp","href":"https:\/\/api.w.org\/{rel}","templated":true}]}}