{"id":33583,"date":"2026-04-27T04:42:00","date_gmt":"2026-04-27T04:42:00","guid":{"rendered":""},"modified":"2026-04-27T04:42:00","modified_gmt":"2026-04-27T04:42:00","slug":"vysoce-kvalitni-bosch-06008a7e01-dlouhe-kopi-easyaquatak-100-vysokotlaky-cistic-33583","status":"publish","type":"product","link":"https:\/\/www.oknobuild.com\/index.php\/produkt\/vysoce-kvalitni-bosch-06008a7e01-dlouhe-kopi-easyaquatak-100-vysokotlaky-cistic-33583\/","title":{"rendered":"Vysoce Kvalitn\u00ed Bosch 06008A7E01 Dlouh\u00e9 kop\u00ed EasyAquatak 100 Vysokotlak\u00fd \u010disti\u010d"},"content":{"rendered":"<table>\n<div class=\"tab-pane active product-description\" id=\"popis\" role=\"tabpanel\">\n<div class=\"short-description\" itemprop=\"description\"><\/div>\n<div class=\"description\"><span class='bullet-line'>100 bar; 1200 W;<br \/><\/span><br \/>\u25ba\t Pozice<span class='bullet-line'>Kompaktn\u00ed a rychl\u00e9 pro \u00fa\u010dinn\u00e9 \u010di\u0161t\u011bn\u00ed bez n\u00e1mahy<br \/><\/span><br \/>\u25ba\tP\u0159\u00ednos pro u\u017eivatele<span class='bullet-line'>Kompaktn\u00ed design umo\u017e\u0148uje snadnou man\u00e9vrovatelnost pro rychl\u00e9 \u010di\u0161t\u011bn\u00ed <br \/><\/span><span class='bullet-line'>Nastaviteln\u00e1 tryska \u2013 od siln\u00e9ho proudu po jemn\u00e9 oplachov\u00e1n\u00ed <br \/><\/span><span class='bullet-line'>Rychlop\u0159\u00edpojky Push-fit pro dokonal\u00e9 pohodl\u00ed <br \/><\/span><span class='bullet-line'>Snadno se vypo\u0159\u00e1dejte s men\u0161\u00edmi a\u017e st\u0159edn\u011b n\u00e1ro\u010dn\u00fdmi \u010dist\u00edc\u00edmi \u00fakoly<br \/><\/span><br \/>\u25ba Rozsah dod\u00e1vky<span class='bullet-line'>Kop\u00ed\t\u2713<br \/><\/span><span class='bullet-line'>Variabiln\u00ed v\u011bj\u00ed\u0159ov\u00e1 tryska\t\u2713<br \/><\/span><span class='bullet-line'>Vodn\u00ed filtr\t\u2713<br \/><\/span><span class='bullet-line'>Vysokotlak\u00e1 hadice 3 m\t\u2713<br \/><\/span><span class='bullet-line'>Vysokotlak\u00e1 pistole Bosch\t\u2713<\/span><\/div>\n<div class=\"parameters\">\n<tr>\n<td>\u25ba<\/td>\n<td>Technick\u00e9 \u00fadaje<\/td>\n<\/tr>\n<tr>\n<td>V\u00fdkon motoru<\/td>\n<td>1.200 W<\/td>\n<\/tr>\n<tr>\n<td>Max. tlak<\/td>\n<td>100 bar<\/td>\n<\/tr>\n<tr>\n<td>Max. pr\u016ftok<\/td>\n<td>300 l\/h<\/td>\n<\/tr>\n<tr>\n<td>Max. teplota p\u0159iv\u00e1d\u011bn\u00e9 vody<\/td>\n<td>40 \u00b0C<\/td>\n<\/tr>\n<tr>\n<td>Kapacita samonas\u00e1v\u00e1n\u00ed<\/td>\n<td>0.5 m<\/td>\n<\/tr>\n<tr>\n<td>Typ motoru<\/td>\n<td>\u0158ada<\/td>\n<\/tr>\n<tr>\n<td>Typ \u010derpadla<\/td>\n<td>T\u0159\u00edv\u00e1lcov\u00fd<\/td>\n<\/tr>\n<tr>\n<td>D\u00e9lka kabelu<\/td>\n<td>5 m<\/td>\n<\/tr>\n<tr>\n<td>D\u00e9lka hadice<\/td>\n<td>3 m (PVC)<\/td>\n<\/tr>\n<tr>\n<td>Hmotnost (bez p\u0159\u00edslu\u0161enstv\u00ed)<\/td>\n<td>3,3 kg<\/td>\n<\/tr>\n<tr>\n<td>Kop\u00ed<\/td>\n<td>Kop\u00ed<\/td>\n<\/tr>\n<tr>\n<td>Hubice<\/td>\n<td>Variabiln\u00ed v\u011bj\u00ed\u0159ov\u00e1 tryska<\/td>\n<\/tr>\n<tr>\n<td>Navij\u00e1k na hadici<\/td>\n<td>ru\u010dn\u011b<\/td>\n<\/tr>\n<tr>\n<td>\u25ba<\/td>\n<td>Funkce<\/td>\n<\/tr>\n<tr>\n<td>Compact<\/td>\n<td>\u2713<\/td>\n<\/tr>\n<tr>\n<td>P\u0159ipraven k pou\u017eit\u00ed ihned po vyjmut\u00ed z krabice<\/td>\n<td>\u2713<\/td>\n<\/tr>\n<tr>\n<td>Jednoduch\u00e9 rychlop\u0159\u00edpojky<\/td>\n<td>\u2713<\/td>\n<\/tr>\n<tr>\n<td>Samonas\u00e1v\u00e1n\u00ed \/ pou\u017eit\u00ed s n\u00e1dr\u017e\u00ed na vodu<\/td>\n<td>\u2713<\/td>\n<\/tr>\n<tr>\n<td>Vodn\u00ed filtr<\/td>\n<td>\u2713<\/td>\n<\/tr>\n<tr>\n<td>Celokovov\u00e9 \u010derpadlo<\/td>\n<td>\u2713<\/td>\n<\/tr>\n<tr>\n<td>Syst\u00e9m autostop<\/td>\n<td>\u2713<\/td>\n<\/tr>\n<tr>\n<td>\u25ba<\/td>\n<td>Mobilita<\/td>\n<\/tr>\n<tr>\n<td>Hmotnost n\u00e1\u0159ad\u00ed<\/td>\n<td>4.2 kg<\/td>\n<\/tr>\n<tr>\n<td>\u25ba<\/td>\n<td>Hadice<\/td>\n<\/tr>\n<tr>\n<td>D\u00e9lka hadice<\/td>\n<td>3 m<\/td>\n<\/tr>\n<tr>\n<td>Typ hadice<\/td>\n<td>PVC<\/td>\n<\/tr>\n<tr>\n<td>Buben na vysokotlakou hadici<\/td>\n<td>Ne<\/td>\n<\/tr>\n<tr>\n<td>\u25ba<\/td>\n<td>Informace o hluku a vibrac\u00edch<\/td>\n<\/tr>\n<tr>\n<td>Hladina akustick\u00e9ho tlaku<\/td>\n<td>80 dB(A)<\/td>\n<\/tr>\n<tr>\n<td>Hladina akustick\u00e9ho v\u00fdkonu<\/td>\n<td>91 dB(A)<\/td>\n<\/tr>\n<tr>\n<td>Nep\u0159esnost K<\/td>\n<td>3 dB<\/td>\n<\/tr><\/div>\n<\/table>\n","protected":false},"excerpt":{"rendered":"<p>100 bar; 1200 W;\u25ba PoziceKompaktn\u00ed a rychl\u00e9 pro \u00fa\u010dinn\u00e9 \u010di\u0161t\u011bn\u00ed bez n\u00e1mahy\u25ba P\u0159\u00ednos pro u\u017eivateleKompaktn\u00ed design umo\u017e\u0148uje snadnou man\u00e9vrovatelnost pro rychl\u00e9 \u010di\u0161t\u011bn\u00ed Nastaviteln\u00e1 tryska \u2013 od siln\u00e9ho proudu po jemn\u00e9 oplachov\u00e1n\u00ed Rychlop\u0159\u00edpojky Push-fit pro dokonal\u00e9 pohodl\u00ed Snadno se vypo\u0159\u00e1dejte s men\u0161\u00edmi a\u017e st\u0159edn\u011b n\u00e1ro\u010dn\u00fdmi \u010dist\u00edc\u00edmi \u00fakoly\u25ba Rozsah dod\u00e1vkyKop\u00ed \u2713Variabiln\u00ed v\u011bj\u00ed\u0159ov\u00e1 tryska \u2713Vodn\u00ed filtr \u2713Vysokotlak\u00e1 hadice [&hellip;]<\/p>\n","protected":false},"featured_media":33683,"comment_status":"open","ping_status":"open","template":"","meta":[],"product_brand":[],"product_cat":[49],"product_tag":[],"class_list":{"0":"post-33583","1":"product","2":"type-product","3":"status-publish","4":"has-post-thumbnail","6":"product_cat-cistici-technika","8":"first","9":"instock","10":"sale","11":"shipping-taxable","12":"purchasable","13":"product-type-simple"},"yoast_head":"<!-- This site is optimized with the Yoast SEO plugin v26.8 - https:\/\/yoast.com\/product\/yoast-seo-wordpress\/ -->\n<title>Vysoce Kvalitn\u00ed Bosch 06008A7E01 Dlouh\u00e9 kop\u00ed EasyAquatak 100 Vysokotlak\u00fd \u010disti\u010d -<\/title>\n<meta name=\"robots\" content=\"index, follow, max-snippet:-1, max-image-preview:large, max-video-preview:-1\" \/>\n<link rel=\"canonical\" href=\"https:\/\/www.oknobuild.com\/index.php\/produkt\/vysoce-kvalitni-bosch-06008a7e01-dlouhe-kopi-easyaquatak-100-vysokotlaky-cistic-33583\/\" \/>\n<meta property=\"og:locale\" content=\"cs_CZ\" \/>\n<meta property=\"og:type\" content=\"article\" \/>\n<meta property=\"og:title\" content=\"Vysoce Kvalitn\u00ed Bosch 06008A7E01 Dlouh\u00e9 kop\u00ed EasyAquatak 100 Vysokotlak\u00fd \u010disti\u010d -\" \/>\n<meta property=\"og:description\" content=\"100 bar; 1200 W;\u25ba PoziceKompaktn\u00ed a rychl\u00e9 pro \u00fa\u010dinn\u00e9 \u010di\u0161t\u011bn\u00ed bez n\u00e1mahy\u25ba P\u0159\u00ednos pro u\u017eivateleKompaktn\u00ed design umo\u017e\u0148uje snadnou man\u00e9vrovatelnost pro rychl\u00e9 \u010di\u0161t\u011bn\u00ed Nastaviteln\u00e1 tryska \u2013 od siln\u00e9ho proudu po jemn\u00e9 oplachov\u00e1n\u00ed Rychlop\u0159\u00edpojky Push-fit pro dokonal\u00e9 pohodl\u00ed Snadno se vypo\u0159\u00e1dejte s men\u0161\u00edmi a\u017e st\u0159edn\u011b n\u00e1ro\u010dn\u00fdmi \u010dist\u00edc\u00edmi \u00fakoly\u25ba Rozsah dod\u00e1vkyKop\u00ed \u2713Variabiln\u00ed v\u011bj\u00ed\u0159ov\u00e1 tryska \u2713Vodn\u00ed filtr \u2713Vysokotlak\u00e1 hadice [&hellip;]\" \/>\n<meta property=\"og:url\" content=\"https:\/\/www.oknobuild.com\/index.php\/produkt\/vysoce-kvalitni-bosch-06008a7e01-dlouhe-kopi-easyaquatak-100-vysokotlaky-cistic-33583\/\" \/>\n<meta property=\"og:image\" content=\"https:\/\/www.oknobuild.com\/wp-content\/uploads\/2026\/SK0019943-CZ20260425-092328-0-1777080210-hhaquatak156-1.webp\" \/>\n\t<meta property=\"og:image:width\" content=\"501\" \/>\n\t<meta property=\"og:image:height\" content=\"700\" \/>\n\t<meta property=\"og:image:type\" content=\"image\/webp\" \/>\n<meta name=\"twitter:card\" content=\"summary_large_image\" \/>\n<meta name=\"twitter:label1\" content=\"Odhadovan\u00e1 doba \u010dten\u00ed\" \/>\n\t<meta name=\"twitter:data1\" content=\"1 minuta\" \/>\n<script type=\"application\/ld+json\" class=\"yoast-schema-graph\">{\"@context\":\"https:\/\/schema.org\",\"@graph\":[{\"@type\":\"WebPage\",\"@id\":\"https:\/\/www.oknobuild.com\/index.php\/produkt\/vysoce-kvalitni-bosch-06008a7e01-dlouhe-kopi-easyaquatak-100-vysokotlaky-cistic-33583\/\",\"url\":\"https:\/\/www.oknobuild.com\/index.php\/produkt\/vysoce-kvalitni-bosch-06008a7e01-dlouhe-kopi-easyaquatak-100-vysokotlaky-cistic-33583\/\",\"name\":\"Vysoce Kvalitn\u00ed Bosch 06008A7E01 Dlouh\u00e9 kop\u00ed EasyAquatak 100 Vysokotlak\u00fd \u010disti\u010d -\",\"isPartOf\":{\"@id\":\"https:\/\/www.oknobuild.com\/#website\"},\"primaryImageOfPage\":{\"@id\":\"https:\/\/www.oknobuild.com\/index.php\/produkt\/vysoce-kvalitni-bosch-06008a7e01-dlouhe-kopi-easyaquatak-100-vysokotlaky-cistic-33583\/#primaryimage\"},\"image\":{\"@id\":\"https:\/\/www.oknobuild.com\/index.php\/produkt\/vysoce-kvalitni-bosch-06008a7e01-dlouhe-kopi-easyaquatak-100-vysokotlaky-cistic-33583\/#primaryimage\"},\"thumbnailUrl\":\"https:\/\/www.oknobuild.com\/wp-content\/uploads\/2026\/SK0019943-CZ20260425-092328-0-1777080210-hhaquatak156-1.webp\",\"datePublished\":\"2026-04-27T04:42:00+00:00\",\"breadcrumb\":{\"@id\":\"https:\/\/www.oknobuild.com\/index.php\/produkt\/vysoce-kvalitni-bosch-06008a7e01-dlouhe-kopi-easyaquatak-100-vysokotlaky-cistic-33583\/#breadcrumb\"},\"inLanguage\":\"cs\",\"potentialAction\":[{\"@type\":\"ReadAction\",\"target\":[\"https:\/\/www.oknobuild.com\/index.php\/produkt\/vysoce-kvalitni-bosch-06008a7e01-dlouhe-kopi-easyaquatak-100-vysokotlaky-cistic-33583\/\"]}]},{\"@type\":\"ImageObject\",\"inLanguage\":\"cs\",\"@id\":\"https:\/\/www.oknobuild.com\/index.php\/produkt\/vysoce-kvalitni-bosch-06008a7e01-dlouhe-kopi-easyaquatak-100-vysokotlaky-cistic-33583\/#primaryimage\",\"url\":\"https:\/\/www.oknobuild.com\/wp-content\/uploads\/2026\/SK0019943-CZ20260425-092328-0-1777080210-hhaquatak156-1.webp\",\"contentUrl\":\"https:\/\/www.oknobuild.com\/wp-content\/uploads\/2026\/SK0019943-CZ20260425-092328-0-1777080210-hhaquatak156-1.webp\",\"width\":501,\"height\":700},{\"@type\":\"BreadcrumbList\",\"@id\":\"https:\/\/www.oknobuild.com\/index.php\/produkt\/vysoce-kvalitni-bosch-06008a7e01-dlouhe-kopi-easyaquatak-100-vysokotlaky-cistic-33583\/#breadcrumb\",\"itemListElement\":[{\"@type\":\"ListItem\",\"position\":1,\"name\":\"Home\",\"item\":\"https:\/\/www.oknobuild.com\/\"},{\"@type\":\"ListItem\",\"position\":2,\"name\":\"Products\",\"item\":\"https:\/\/www.oknobuild.com\/index.php\/products\/\"},{\"@type\":\"ListItem\",\"position\":3,\"name\":\"Vysoce Kvalitn\u00ed Bosch 06008A7E01 Dlouh\u00e9 kop\u00ed EasyAquatak 100 Vysokotlak\u00fd \u010disti\u010d\"}]},{\"@type\":\"WebSite\",\"@id\":\"https:\/\/www.oknobuild.com\/#website\",\"url\":\"https:\/\/www.oknobuild.com\/\",\"name\":\"\",\"description\":\"\",\"potentialAction\":[{\"@type\":\"SearchAction\",\"target\":{\"@type\":\"EntryPoint\",\"urlTemplate\":\"https:\/\/www.oknobuild.com\/?s={search_term_string}\"},\"query-input\":{\"@type\":\"PropertyValueSpecification\",\"valueRequired\":true,\"valueName\":\"search_term_string\"}}],\"inLanguage\":\"cs\"}]}<\/script>\n<!-- \/ Yoast SEO plugin. -->","yoast_head_json":{"title":"Vysoce Kvalitn\u00ed Bosch 06008A7E01 Dlouh\u00e9 kop\u00ed EasyAquatak 100 Vysokotlak\u00fd \u010disti\u010d -","robots":{"index":"index","follow":"follow","max-snippet":"max-snippet:-1","max-image-preview":"max-image-preview:large","max-video-preview":"max-video-preview:-1"},"canonical":"https:\/\/www.oknobuild.com\/index.php\/produkt\/vysoce-kvalitni-bosch-06008a7e01-dlouhe-kopi-easyaquatak-100-vysokotlaky-cistic-33583\/","og_locale":"cs_CZ","og_type":"article","og_title":"Vysoce Kvalitn\u00ed Bosch 06008A7E01 Dlouh\u00e9 kop\u00ed EasyAquatak 100 Vysokotlak\u00fd \u010disti\u010d -","og_description":"100 bar; 1200 W;\u25ba PoziceKompaktn\u00ed a rychl\u00e9 pro \u00fa\u010dinn\u00e9 \u010di\u0161t\u011bn\u00ed bez n\u00e1mahy\u25ba P\u0159\u00ednos pro u\u017eivateleKompaktn\u00ed design umo\u017e\u0148uje snadnou man\u00e9vrovatelnost pro rychl\u00e9 \u010di\u0161t\u011bn\u00ed Nastaviteln\u00e1 tryska \u2013 od siln\u00e9ho proudu po jemn\u00e9 oplachov\u00e1n\u00ed Rychlop\u0159\u00edpojky Push-fit pro dokonal\u00e9 pohodl\u00ed Snadno se vypo\u0159\u00e1dejte s men\u0161\u00edmi a\u017e st\u0159edn\u011b n\u00e1ro\u010dn\u00fdmi \u010dist\u00edc\u00edmi \u00fakoly\u25ba Rozsah dod\u00e1vkyKop\u00ed \u2713Variabiln\u00ed v\u011bj\u00ed\u0159ov\u00e1 tryska \u2713Vodn\u00ed filtr \u2713Vysokotlak\u00e1 hadice [&hellip;]","og_url":"https:\/\/www.oknobuild.com\/index.php\/produkt\/vysoce-kvalitni-bosch-06008a7e01-dlouhe-kopi-easyaquatak-100-vysokotlaky-cistic-33583\/","og_image":[{"width":501,"height":700,"url":"https:\/\/www.oknobuild.com\/wp-content\/uploads\/2026\/SK0019943-CZ20260425-092328-0-1777080210-hhaquatak156-1.webp","type":"image\/webp"}],"twitter_card":"summary_large_image","twitter_misc":{"Odhadovan\u00e1 doba \u010dten\u00ed":"1 minuta"},"schema":{"@context":"https:\/\/schema.org","@graph":[{"@type":"WebPage","@id":"https:\/\/www.oknobuild.com\/index.php\/produkt\/vysoce-kvalitni-bosch-06008a7e01-dlouhe-kopi-easyaquatak-100-vysokotlaky-cistic-33583\/","url":"https:\/\/www.oknobuild.com\/index.php\/produkt\/vysoce-kvalitni-bosch-06008a7e01-dlouhe-kopi-easyaquatak-100-vysokotlaky-cistic-33583\/","name":"Vysoce Kvalitn\u00ed Bosch 06008A7E01 Dlouh\u00e9 kop\u00ed EasyAquatak 100 Vysokotlak\u00fd \u010disti\u010d -","isPartOf":{"@id":"https:\/\/www.oknobuild.com\/#website"},"primaryImageOfPage":{"@id":"https:\/\/www.oknobuild.com\/index.php\/produkt\/vysoce-kvalitni-bosch-06008a7e01-dlouhe-kopi-easyaquatak-100-vysokotlaky-cistic-33583\/#primaryimage"},"image":{"@id":"https:\/\/www.oknobuild.com\/index.php\/produkt\/vysoce-kvalitni-bosch-06008a7e01-dlouhe-kopi-easyaquatak-100-vysokotlaky-cistic-33583\/#primaryimage"},"thumbnailUrl":"https:\/\/www.oknobuild.com\/wp-content\/uploads\/2026\/SK0019943-CZ20260425-092328-0-1777080210-hhaquatak156-1.webp","datePublished":"2026-04-27T04:42:00+00:00","breadcrumb":{"@id":"https:\/\/www.oknobuild.com\/index.php\/produkt\/vysoce-kvalitni-bosch-06008a7e01-dlouhe-kopi-easyaquatak-100-vysokotlaky-cistic-33583\/#breadcrumb"},"inLanguage":"cs","potentialAction":[{"@type":"ReadAction","target":["https:\/\/www.oknobuild.com\/index.php\/produkt\/vysoce-kvalitni-bosch-06008a7e01-dlouhe-kopi-easyaquatak-100-vysokotlaky-cistic-33583\/"]}]},{"@type":"ImageObject","inLanguage":"cs","@id":"https:\/\/www.oknobuild.com\/index.php\/produkt\/vysoce-kvalitni-bosch-06008a7e01-dlouhe-kopi-easyaquatak-100-vysokotlaky-cistic-33583\/#primaryimage","url":"https:\/\/www.oknobuild.com\/wp-content\/uploads\/2026\/SK0019943-CZ20260425-092328-0-1777080210-hhaquatak156-1.webp","contentUrl":"https:\/\/www.oknobuild.com\/wp-content\/uploads\/2026\/SK0019943-CZ20260425-092328-0-1777080210-hhaquatak156-1.webp","width":501,"height":700},{"@type":"BreadcrumbList","@id":"https:\/\/www.oknobuild.com\/index.php\/produkt\/vysoce-kvalitni-bosch-06008a7e01-dlouhe-kopi-easyaquatak-100-vysokotlaky-cistic-33583\/#breadcrumb","itemListElement":[{"@type":"ListItem","position":1,"name":"Home","item":"https:\/\/www.oknobuild.com\/"},{"@type":"ListItem","position":2,"name":"Products","item":"https:\/\/www.oknobuild.com\/index.php\/products\/"},{"@type":"ListItem","position":3,"name":"Vysoce Kvalitn\u00ed Bosch 06008A7E01 Dlouh\u00e9 kop\u00ed EasyAquatak 100 Vysokotlak\u00fd \u010disti\u010d"}]},{"@type":"WebSite","@id":"https:\/\/www.oknobuild.com\/#website","url":"https:\/\/www.oknobuild.com\/","name":"","description":"","potentialAction":[{"@type":"SearchAction","target":{"@type":"EntryPoint","urlTemplate":"https:\/\/www.oknobuild.com\/?s={search_term_string}"},"query-input":{"@type":"PropertyValueSpecification","valueRequired":true,"valueName":"search_term_string"}}],"inLanguage":"cs"}]}},"_links":{"self":[{"href":"https:\/\/www.oknobuild.com\/index.php\/wp-json\/wp\/v2\/product\/33583","targetHints":{"allow":["GET"]}}],"collection":[{"href":"https:\/\/www.oknobuild.com\/index.php\/wp-json\/wp\/v2\/product"}],"about":[{"href":"https:\/\/www.oknobuild.com\/index.php\/wp-json\/wp\/v2\/types\/product"}],"replies":[{"embeddable":true,"href":"https:\/\/www.oknobuild.com\/index.php\/wp-json\/wp\/v2\/comments?post=33583"}],"wp:featuredmedia":[{"embeddable":true,"href":"https:\/\/www.oknobuild.com\/index.php\/wp-json\/wp\/v2\/media\/33683"}],"wp:attachment":[{"href":"https:\/\/www.oknobuild.com\/index.php\/wp-json\/wp\/v2\/media?parent=33583"}],"wp:term":[{"taxonomy":"product_brand","embeddable":true,"href":"https:\/\/www.oknobuild.com\/index.php\/wp-json\/wp\/v2\/product_brand?post=33583"},{"taxonomy":"product_cat","embeddable":true,"href":"https:\/\/www.oknobuild.com\/index.php\/wp-json\/wp\/v2\/product_cat?post=33583"},{"taxonomy":"product_tag","embeddable":true,"href":"https:\/\/www.oknobuild.com\/index.php\/wp-json\/wp\/v2\/product_tag?post=33583"}],"curies":[{"name":"wp","href":"https:\/\/api.w.org\/{rel}","templated":true}]}}