{"id":33586,"date":"2026-04-27T04:42:00","date_gmt":"2026-04-27T04:42:00","guid":{"rendered":""},"modified":"2026-04-27T04:42:00","modified_gmt":"2026-04-27T04:42:00","slug":"bosch-06008a7700-advancedaquatak-150-vysokotlaky-cistic-specialni-cena-33586","status":"publish","type":"product","link":"https:\/\/www.oknobuild.com\/index.php\/produkt\/bosch-06008a7700-advancedaquatak-150-vysokotlaky-cistic-specialni-cena-33586\/","title":{"rendered":"Bosch 06008A7700 AdvancedAquatak 150 Vysokotlak\u00fd \u010disti\u010d Speci\u00e1ln\u00ed Cena"},"content":{"rendered":"<table>\n<div class=\"tab-pane active product-description\" id=\"popis\" role=\"tabpanel\">\n<div class=\"short-description\" itemprop=\"description\"><\/div>\n<div class=\"description\"><span class='bullet-line'>2200 W, 150 bar, 500l\/h; max. 40 \u00b0C,Bosch kovov\u00e1 pistole, fixn\u00ed v\u011bj\u00ed\u0159ov\u00e1 tryska, variabiln\u00ed v\u011bj\u00ed\u0159ov\u00e1 tryska, rota\u010dn\u00ed tryska, standardn\u00ed tryska, vysokotlak\u00e1 tryska na sapon\u00e1t s regulac\u00ed, 8m hadice, kovov\u00fd vodn\u00ed filtr<br \/><\/span><br \/>\u25ba\tPozice<span class='bullet-line'>Vypo\u0159\u00e1dejte se s odoln\u00fdmi ne\u010distotami d\u00edky vysok\u00e9mu \u010distic\u00edmu v\u00fdkonu \u010derpadlov\u00e9 technologie Quad<br \/><\/span><br \/>\u25ba\tP\u0159\u00ednos pro u\u017eivatele<span class='bullet-line'>\u010cerpadlo Quad poskytuje p\u0159i \u010di\u0161t\u011bn\u00ed v\u00fdkonnost 150 bar\u016f<br \/><\/span><span class='bullet-line'>V\u00fdb\u011br trysek nab\u00edz\u00ed r\u016fznorod\u00e9 mo\u017enosti \u010di\u0161t\u011bn\u00ed, perfektn\u00ed na odolnou \u0161p\u00ednu<br \/><\/span><span class='bullet-line'>Snadn\u00e9 sestaven\u00ed d\u00edky vysokotlak\u00e9 nav\u00edjec\u00ed hadici a rychlop\u0159\u00edpojk\u00e1m push-fit<br \/><\/span><span class='bullet-line'>Vysokotlak\u00e1 tryska na \u010distic\u00ed prost\u0159edky o objemu 550 ml zkracuje dobu \u010di\u0161t\u011bn\u00ed rychlou aplikac\u00ed sapon\u00e1tu<br \/><\/span><span class='bullet-line'>Kovov\u00e1 teleskopick\u00e1 rukoje\u0165 a velk\u00e1 kole\u010dka zaji\u0161\u0165uj\u00ed lep\u0161\u00ed pohyblivost<br \/><\/span><br \/>\u25ba Rozsah dod\u00e1vky<span class='bullet-line'>Kop\u00ed\t\u2713<br \/><\/span><span class='bullet-line'>Pevn\u00e1 v\u011bj\u00ed\u0159ov\u00e1 tryska\t\u2713<br \/><\/span><span class='bullet-line'>Rota\u010dn\u00ed v\u011bj\u00ed\u0159ov\u00e9 kop\u00ed\t\u2713<br \/><\/span><span class='bullet-line'>Variabiln\u00ed v\u011bj\u00ed\u0159ov\u00e9 kop\u00ed\t\u2713<br \/><\/span><span class='bullet-line'>Vodn\u00ed filtr, kovov\u00fd\t\u2713<br \/><\/span><span class='bullet-line'>Vysokotlak\u00e1 hadice 8 m\t\u2713<br \/><\/span><span class='bullet-line'>Vysokotlak\u00e1 pistole s kovovou n\u00e1dr\u017ekou\t\u2713<br \/><\/span><span class='bullet-line'>Vysokotlak\u00e1 tryska na \u010distic\u00ed prost\u0159edky, 550 ml\t\u2713<\/span><\/div>\n<div class=\"parameters\">\n<tr>\n<td>\u25ba<\/td>\n<td>Technick\u00e9 \u00fadaje<\/td>\n<\/tr>\n<tr>\n<td>V\u00fdkon motoru<\/td>\n<td>2.200 W<\/td>\n<\/tr>\n<tr>\n<td>Max. tlak<\/td>\n<td>150 bar<\/td>\n<\/tr>\n<tr>\n<td>Max. pr\u016ftok<\/td>\n<td>480 l\/h<\/td>\n<\/tr>\n<tr>\n<td>Vstupn\u00ed teplota vody<\/td>\n<td>40 \u00b0C<\/td>\n<\/tr>\n<tr>\n<td>Kapacita samonas\u00e1v\u00e1n\u00ed<\/td>\n<td>0.5 m<\/td>\n<\/tr>\n<tr>\n<td>Detergentn\u00ed syst\u00e9m<\/td>\n<td>Vysokotlak\u00e1 p\u011bna<\/td>\n<\/tr>\n<tr>\n<td>Typ motoru<\/td>\n<td>Asynchronn\u00ed<\/td>\n<\/tr>\n<tr>\n<td>Typ \u010derpadla<\/td>\n<td>\u010cty\u0159v\u00e1lcov\u00fd<\/td>\n<\/tr>\n<tr>\n<td>Materi\u00e1l \u010derpadla<\/td>\n<td>celokovov\u00fd<\/td>\n<\/tr>\n<tr>\n<td>D\u00e9lka kabelu<\/td>\n<td>5 m<\/td>\n<\/tr>\n<tr>\n<td>\u25ba<\/td>\n<td>Mobilita<\/td>\n<\/tr>\n<tr>\n<td>Druh rukojeti<\/td>\n<td>Teleskopick\u00e9<\/td>\n<\/tr>\n<tr>\n<td>V\u00fd\u0161ka rukojeti<\/td>\n<td>1 m<\/td>\n<\/tr>\n<tr>\n<td>Hmotnost n\u00e1\u0159ad\u00ed<\/td>\n<td>22.45 kg<\/td>\n<\/tr>\n<tr>\n<td>\u25ba<\/td>\n<td>Funkce<\/td>\n<\/tr>\n<tr>\n<td>Compact<\/td>\n<td>\u2713<\/td>\n<\/tr>\n<tr>\n<td>P\u0159ipraven k pou\u017eit\u00ed ihned po vyjmut\u00ed z krabice<\/td>\n<td>\u2713<\/td>\n<\/tr>\n<tr>\n<td>M\u00edsto pro ukl\u00e1d\u00e1n\u00ed p\u0159\u00edslu\u0161enstv\u00ed\/hadice\/kabel\u016f<\/td>\n<td>\u2713<\/td>\n<\/tr>\n<tr>\n<td>Jednoduch\u00e9 rychlop\u0159\u00edpojky<\/td>\n<td>\u2713<\/td>\n<\/tr>\n<tr>\n<td>Bezpe\u010dn\u00e9 ulo\u017een\u00ed pistole i p\u0159i pr\u00e1ci<\/td>\n<td>\u2713<\/td>\n<\/tr>\n<tr>\n<td>Samonas\u00e1v\u00e1n\u00ed \/ pou\u017eit\u00ed s n\u00e1dr\u017e\u00ed na vodu<\/td>\n<td>\u2713<\/td>\n<\/tr>\n<tr>\n<td>Vodn\u00ed filtr<\/td>\n<td>\u2713<\/td>\n<\/tr>\n<tr>\n<td>Celokovov\u00e9 \u010derpadlo<\/td>\n<td>\u2713<\/td>\n<\/tr>\n<tr>\n<td>Syst\u00e9m autostop<\/td>\n<td>\u2713<\/td>\n<\/tr>\n<tr>\n<td>Teleskopick\u00e1 n\u00e1sada<\/td>\n<td>\u2713<\/td>\n<\/tr>\n<tr>\n<td>Buben na vysokotlakou hadici<\/td>\n<td>\u2713<\/td>\n<\/tr>\n<tr>\n<td>\u25ba<\/td>\n<td>Hadice<\/td>\n<\/tr>\n<tr>\n<td>D\u00e9lka hadice<\/td>\n<td>8 m<\/td>\n<\/tr>\n<tr>\n<td>Typ hadice<\/td>\n<td>PU<\/td>\n<\/tr>\n<tr>\n<td>Buben na vysokotlakou hadici<\/td>\n<td>Ano<\/td>\n<\/tr>\n<tr>\n<td>\u25ba<\/td>\n<td>Informace o hluku a vibrac\u00edch<\/td>\n<\/tr>\n<tr>\n<td>Hladina akustick\u00e9ho tlaku<\/td>\n<td>77 dB(A)<\/td>\n<\/tr>\n<tr>\n<td>Hladina akustick\u00e9ho v\u00fdkonu<\/td>\n<td>88 dB(A)<\/td>\n<\/tr>\n<tr>\n<td>Nep\u0159esnost K<\/td>\n<td>2 dB<\/td>\n<\/tr><\/div>\n<\/table>\n","protected":false},"excerpt":{"rendered":"<p>2200 W, 150 bar, 500l\/h; max. 40 \u00b0C,Bosch kovov\u00e1 pistole, fixn\u00ed v\u011bj\u00ed\u0159ov\u00e1 tryska, variabiln\u00ed v\u011bj\u00ed\u0159ov\u00e1 tryska, rota\u010dn\u00ed tryska, standardn\u00ed tryska, vysokotlak\u00e1 tryska na sapon\u00e1t s regulac\u00ed, 8m hadice, kovov\u00fd vodn\u00ed filtr\u25ba PoziceVypo\u0159\u00e1dejte se s odoln\u00fdmi ne\u010distotami d\u00edky vysok\u00e9mu \u010distic\u00edmu v\u00fdkonu \u010derpadlov\u00e9 technologie Quad\u25ba P\u0159\u00ednos pro u\u017eivatele\u010cerpadlo Quad poskytuje p\u0159i \u010di\u0161t\u011bn\u00ed v\u00fdkonnost 150 bar\u016fV\u00fdb\u011br trysek nab\u00edz\u00ed [&hellip;]<\/p>\n","protected":false},"featured_media":33686,"comment_status":"open","ping_status":"open","template":"","meta":[],"product_brand":[],"product_cat":[49],"product_tag":[],"class_list":{"0":"post-33586","1":"product","2":"type-product","3":"status-publish","4":"has-post-thumbnail","6":"product_cat-cistici-technika","8":"first","9":"instock","10":"sale","11":"shipping-taxable","12":"purchasable","13":"product-type-simple"},"yoast_head":"<!-- This site is optimized with the Yoast SEO plugin v26.8 - https:\/\/yoast.com\/product\/yoast-seo-wordpress\/ -->\n<title>Bosch 06008A7700 AdvancedAquatak 150 Vysokotlak\u00fd \u010disti\u010d Speci\u00e1ln\u00ed Cena -<\/title>\n<meta name=\"robots\" content=\"index, follow, max-snippet:-1, max-image-preview:large, max-video-preview:-1\" \/>\n<link rel=\"canonical\" href=\"https:\/\/www.oknobuild.com\/index.php\/produkt\/bosch-06008a7700-advancedaquatak-150-vysokotlaky-cistic-specialni-cena-33586\/\" \/>\n<meta property=\"og:locale\" content=\"cs_CZ\" \/>\n<meta property=\"og:type\" content=\"article\" \/>\n<meta property=\"og:title\" content=\"Bosch 06008A7700 AdvancedAquatak 150 Vysokotlak\u00fd \u010disti\u010d Speci\u00e1ln\u00ed Cena -\" \/>\n<meta property=\"og:description\" content=\"2200 W, 150 bar, 500l\/h; max. 40 \u00b0C,Bosch kovov\u00e1 pistole, fixn\u00ed v\u011bj\u00ed\u0159ov\u00e1 tryska, variabiln\u00ed v\u011bj\u00ed\u0159ov\u00e1 tryska, rota\u010dn\u00ed tryska, standardn\u00ed tryska, vysokotlak\u00e1 tryska na sapon\u00e1t s regulac\u00ed, 8m hadice, kovov\u00fd vodn\u00ed filtr\u25ba PoziceVypo\u0159\u00e1dejte se s odoln\u00fdmi ne\u010distotami d\u00edky vysok\u00e9mu \u010distic\u00edmu v\u00fdkonu \u010derpadlov\u00e9 technologie Quad\u25ba P\u0159\u00ednos pro u\u017eivatele\u010cerpadlo Quad poskytuje p\u0159i \u010di\u0161t\u011bn\u00ed v\u00fdkonnost 150 bar\u016fV\u00fdb\u011br trysek nab\u00edz\u00ed [&hellip;]\" \/>\n<meta property=\"og:url\" content=\"https:\/\/www.oknobuild.com\/index.php\/produkt\/bosch-06008a7700-advancedaquatak-150-vysokotlaky-cistic-specialni-cena-33586\/\" \/>\n<meta property=\"og:image\" content=\"https:\/\/www.oknobuild.com\/wp-content\/uploads\/2026\/SK0019946-CZ20260425-092328-0-1777080210-06008a7700_advancedaquatak150_fcp-1.webp\" \/>\n\t<meta property=\"og:image:width\" content=\"699\" \/>\n\t<meta property=\"og:image:height\" content=\"494\" \/>\n\t<meta property=\"og:image:type\" content=\"image\/webp\" \/>\n<meta name=\"twitter:card\" content=\"summary_large_image\" \/>\n<meta name=\"twitter:label1\" content=\"Odhadovan\u00e1 doba \u010dten\u00ed\" \/>\n\t<meta name=\"twitter:data1\" content=\"2 minuty\" \/>\n<script type=\"application\/ld+json\" class=\"yoast-schema-graph\">{\"@context\":\"https:\/\/schema.org\",\"@graph\":[{\"@type\":\"WebPage\",\"@id\":\"https:\/\/www.oknobuild.com\/index.php\/produkt\/bosch-06008a7700-advancedaquatak-150-vysokotlaky-cistic-specialni-cena-33586\/\",\"url\":\"https:\/\/www.oknobuild.com\/index.php\/produkt\/bosch-06008a7700-advancedaquatak-150-vysokotlaky-cistic-specialni-cena-33586\/\",\"name\":\"Bosch 06008A7700 AdvancedAquatak 150 Vysokotlak\u00fd \u010disti\u010d Speci\u00e1ln\u00ed Cena -\",\"isPartOf\":{\"@id\":\"https:\/\/www.oknobuild.com\/#website\"},\"primaryImageOfPage\":{\"@id\":\"https:\/\/www.oknobuild.com\/index.php\/produkt\/bosch-06008a7700-advancedaquatak-150-vysokotlaky-cistic-specialni-cena-33586\/#primaryimage\"},\"image\":{\"@id\":\"https:\/\/www.oknobuild.com\/index.php\/produkt\/bosch-06008a7700-advancedaquatak-150-vysokotlaky-cistic-specialni-cena-33586\/#primaryimage\"},\"thumbnailUrl\":\"https:\/\/www.oknobuild.com\/wp-content\/uploads\/2026\/SK0019946-CZ20260425-092328-0-1777080210-06008a7700_advancedaquatak150_fcp-1.webp\",\"datePublished\":\"2026-04-27T04:42:00+00:00\",\"breadcrumb\":{\"@id\":\"https:\/\/www.oknobuild.com\/index.php\/produkt\/bosch-06008a7700-advancedaquatak-150-vysokotlaky-cistic-specialni-cena-33586\/#breadcrumb\"},\"inLanguage\":\"cs\",\"potentialAction\":[{\"@type\":\"ReadAction\",\"target\":[\"https:\/\/www.oknobuild.com\/index.php\/produkt\/bosch-06008a7700-advancedaquatak-150-vysokotlaky-cistic-specialni-cena-33586\/\"]}]},{\"@type\":\"ImageObject\",\"inLanguage\":\"cs\",\"@id\":\"https:\/\/www.oknobuild.com\/index.php\/produkt\/bosch-06008a7700-advancedaquatak-150-vysokotlaky-cistic-specialni-cena-33586\/#primaryimage\",\"url\":\"https:\/\/www.oknobuild.com\/wp-content\/uploads\/2026\/SK0019946-CZ20260425-092328-0-1777080210-06008a7700_advancedaquatak150_fcp-1.webp\",\"contentUrl\":\"https:\/\/www.oknobuild.com\/wp-content\/uploads\/2026\/SK0019946-CZ20260425-092328-0-1777080210-06008a7700_advancedaquatak150_fcp-1.webp\",\"width\":699,\"height\":494},{\"@type\":\"BreadcrumbList\",\"@id\":\"https:\/\/www.oknobuild.com\/index.php\/produkt\/bosch-06008a7700-advancedaquatak-150-vysokotlaky-cistic-specialni-cena-33586\/#breadcrumb\",\"itemListElement\":[{\"@type\":\"ListItem\",\"position\":1,\"name\":\"Home\",\"item\":\"https:\/\/www.oknobuild.com\/\"},{\"@type\":\"ListItem\",\"position\":2,\"name\":\"Products\",\"item\":\"https:\/\/www.oknobuild.com\/index.php\/products\/\"},{\"@type\":\"ListItem\",\"position\":3,\"name\":\"Bosch 06008A7700 AdvancedAquatak 150 Vysokotlak\u00fd \u010disti\u010d Speci\u00e1ln\u00ed Cena\"}]},{\"@type\":\"WebSite\",\"@id\":\"https:\/\/www.oknobuild.com\/#website\",\"url\":\"https:\/\/www.oknobuild.com\/\",\"name\":\"\",\"description\":\"\",\"potentialAction\":[{\"@type\":\"SearchAction\",\"target\":{\"@type\":\"EntryPoint\",\"urlTemplate\":\"https:\/\/www.oknobuild.com\/?s={search_term_string}\"},\"query-input\":{\"@type\":\"PropertyValueSpecification\",\"valueRequired\":true,\"valueName\":\"search_term_string\"}}],\"inLanguage\":\"cs\"}]}<\/script>\n<!-- \/ Yoast SEO plugin. -->","yoast_head_json":{"title":"Bosch 06008A7700 AdvancedAquatak 150 Vysokotlak\u00fd \u010disti\u010d Speci\u00e1ln\u00ed Cena -","robots":{"index":"index","follow":"follow","max-snippet":"max-snippet:-1","max-image-preview":"max-image-preview:large","max-video-preview":"max-video-preview:-1"},"canonical":"https:\/\/www.oknobuild.com\/index.php\/produkt\/bosch-06008a7700-advancedaquatak-150-vysokotlaky-cistic-specialni-cena-33586\/","og_locale":"cs_CZ","og_type":"article","og_title":"Bosch 06008A7700 AdvancedAquatak 150 Vysokotlak\u00fd \u010disti\u010d Speci\u00e1ln\u00ed Cena -","og_description":"2200 W, 150 bar, 500l\/h; max. 40 \u00b0C,Bosch kovov\u00e1 pistole, fixn\u00ed v\u011bj\u00ed\u0159ov\u00e1 tryska, variabiln\u00ed v\u011bj\u00ed\u0159ov\u00e1 tryska, rota\u010dn\u00ed tryska, standardn\u00ed tryska, vysokotlak\u00e1 tryska na sapon\u00e1t s regulac\u00ed, 8m hadice, kovov\u00fd vodn\u00ed filtr\u25ba PoziceVypo\u0159\u00e1dejte se s odoln\u00fdmi ne\u010distotami d\u00edky vysok\u00e9mu \u010distic\u00edmu v\u00fdkonu \u010derpadlov\u00e9 technologie Quad\u25ba P\u0159\u00ednos pro u\u017eivatele\u010cerpadlo Quad poskytuje p\u0159i \u010di\u0161t\u011bn\u00ed v\u00fdkonnost 150 bar\u016fV\u00fdb\u011br trysek nab\u00edz\u00ed [&hellip;]","og_url":"https:\/\/www.oknobuild.com\/index.php\/produkt\/bosch-06008a7700-advancedaquatak-150-vysokotlaky-cistic-specialni-cena-33586\/","og_image":[{"width":699,"height":494,"url":"https:\/\/www.oknobuild.com\/wp-content\/uploads\/2026\/SK0019946-CZ20260425-092328-0-1777080210-06008a7700_advancedaquatak150_fcp-1.webp","type":"image\/webp"}],"twitter_card":"summary_large_image","twitter_misc":{"Odhadovan\u00e1 doba \u010dten\u00ed":"2 minuty"},"schema":{"@context":"https:\/\/schema.org","@graph":[{"@type":"WebPage","@id":"https:\/\/www.oknobuild.com\/index.php\/produkt\/bosch-06008a7700-advancedaquatak-150-vysokotlaky-cistic-specialni-cena-33586\/","url":"https:\/\/www.oknobuild.com\/index.php\/produkt\/bosch-06008a7700-advancedaquatak-150-vysokotlaky-cistic-specialni-cena-33586\/","name":"Bosch 06008A7700 AdvancedAquatak 150 Vysokotlak\u00fd \u010disti\u010d Speci\u00e1ln\u00ed Cena -","isPartOf":{"@id":"https:\/\/www.oknobuild.com\/#website"},"primaryImageOfPage":{"@id":"https:\/\/www.oknobuild.com\/index.php\/produkt\/bosch-06008a7700-advancedaquatak-150-vysokotlaky-cistic-specialni-cena-33586\/#primaryimage"},"image":{"@id":"https:\/\/www.oknobuild.com\/index.php\/produkt\/bosch-06008a7700-advancedaquatak-150-vysokotlaky-cistic-specialni-cena-33586\/#primaryimage"},"thumbnailUrl":"https:\/\/www.oknobuild.com\/wp-content\/uploads\/2026\/SK0019946-CZ20260425-092328-0-1777080210-06008a7700_advancedaquatak150_fcp-1.webp","datePublished":"2026-04-27T04:42:00+00:00","breadcrumb":{"@id":"https:\/\/www.oknobuild.com\/index.php\/produkt\/bosch-06008a7700-advancedaquatak-150-vysokotlaky-cistic-specialni-cena-33586\/#breadcrumb"},"inLanguage":"cs","potentialAction":[{"@type":"ReadAction","target":["https:\/\/www.oknobuild.com\/index.php\/produkt\/bosch-06008a7700-advancedaquatak-150-vysokotlaky-cistic-specialni-cena-33586\/"]}]},{"@type":"ImageObject","inLanguage":"cs","@id":"https:\/\/www.oknobuild.com\/index.php\/produkt\/bosch-06008a7700-advancedaquatak-150-vysokotlaky-cistic-specialni-cena-33586\/#primaryimage","url":"https:\/\/www.oknobuild.com\/wp-content\/uploads\/2026\/SK0019946-CZ20260425-092328-0-1777080210-06008a7700_advancedaquatak150_fcp-1.webp","contentUrl":"https:\/\/www.oknobuild.com\/wp-content\/uploads\/2026\/SK0019946-CZ20260425-092328-0-1777080210-06008a7700_advancedaquatak150_fcp-1.webp","width":699,"height":494},{"@type":"BreadcrumbList","@id":"https:\/\/www.oknobuild.com\/index.php\/produkt\/bosch-06008a7700-advancedaquatak-150-vysokotlaky-cistic-specialni-cena-33586\/#breadcrumb","itemListElement":[{"@type":"ListItem","position":1,"name":"Home","item":"https:\/\/www.oknobuild.com\/"},{"@type":"ListItem","position":2,"name":"Products","item":"https:\/\/www.oknobuild.com\/index.php\/products\/"},{"@type":"ListItem","position":3,"name":"Bosch 06008A7700 AdvancedAquatak 150 Vysokotlak\u00fd \u010disti\u010d Speci\u00e1ln\u00ed Cena"}]},{"@type":"WebSite","@id":"https:\/\/www.oknobuild.com\/#website","url":"https:\/\/www.oknobuild.com\/","name":"","description":"","potentialAction":[{"@type":"SearchAction","target":{"@type":"EntryPoint","urlTemplate":"https:\/\/www.oknobuild.com\/?s={search_term_string}"},"query-input":{"@type":"PropertyValueSpecification","valueRequired":true,"valueName":"search_term_string"}}],"inLanguage":"cs"}]}},"_links":{"self":[{"href":"https:\/\/www.oknobuild.com\/index.php\/wp-json\/wp\/v2\/product\/33586","targetHints":{"allow":["GET"]}}],"collection":[{"href":"https:\/\/www.oknobuild.com\/index.php\/wp-json\/wp\/v2\/product"}],"about":[{"href":"https:\/\/www.oknobuild.com\/index.php\/wp-json\/wp\/v2\/types\/product"}],"replies":[{"embeddable":true,"href":"https:\/\/www.oknobuild.com\/index.php\/wp-json\/wp\/v2\/comments?post=33586"}],"wp:featuredmedia":[{"embeddable":true,"href":"https:\/\/www.oknobuild.com\/index.php\/wp-json\/wp\/v2\/media\/33686"}],"wp:attachment":[{"href":"https:\/\/www.oknobuild.com\/index.php\/wp-json\/wp\/v2\/media?parent=33586"}],"wp:term":[{"taxonomy":"product_brand","embeddable":true,"href":"https:\/\/www.oknobuild.com\/index.php\/wp-json\/wp\/v2\/product_brand?post=33586"},{"taxonomy":"product_cat","embeddable":true,"href":"https:\/\/www.oknobuild.com\/index.php\/wp-json\/wp\/v2\/product_cat?post=33586"},{"taxonomy":"product_tag","embeddable":true,"href":"https:\/\/www.oknobuild.com\/index.php\/wp-json\/wp\/v2\/product_tag?post=33586"}],"curies":[{"name":"wp","href":"https:\/\/api.w.org\/{rel}","templated":true}]}}