{"id":3367,"date":"2026-04-27T04:40:44","date_gmt":"2026-04-27T04:40:44","guid":{"rendered":""},"modified":"2026-04-27T04:40:44","modified_gmt":"2026-04-27T04:40:44","slug":"znackovy-ceska-manufaktura-variogrow-obdelnik-27-5-cm-130-x-250-cm-bez-nopove-folie-vcetne-dna-3367","status":"publish","type":"product","link":"https:\/\/www.oknobuild.com\/index.php\/produkt\/znackovy-ceska-manufaktura-variogrow-obdelnik-27-5-cm-130-x-250-cm-bez-nopove-folie-vcetne-dna-3367\/","title":{"rendered":"Zna\u010dkov\u00fd \u010cesk\u00e1 Manufaktura Variogrow obdeln\u00edk 27,5 cm 130 x 250 cm bez nopov\u00e9 f\u00f3lie v\u010detn\u011b dna"},"content":{"rendered":"<div class=\"detail-description__right\">\n<div class=\"parameters\">\n<div class=\"table table--simple\">\n<table>\n<tbody>\n<tr>\n<td colspan=\"2\">\n<h4>Vlastnosti<\/h4>\n<\/td>\n<\/tr>\n<tr>\n<td>Materi\u00e1l<\/td>\n<td>d\u0159evo<\/td>\n<\/tr>\n<tr>\n<td>Tavr<\/td>\n<td>obd\u00e9ln\u00edk<\/td>\n<\/tr>\n<tr>\n<td>Barva<\/td>\n<td>p\u0159\u00edrodn\u00ed<\/td>\n<\/tr>\n<tr>\n<td>Nopov\u00e1 folie<\/td>\n<td>voliteln\u00e1<\/td>\n<\/tr>\n<tr>\n<td>Dno<\/td>\n<td>voliteln\u00e9<\/td>\n<\/tr>\n<tr>\n<td>Objem<\/td>\n<td>58\u20131101 l<\/td>\n<\/tr>\n<tr>\n<td>Hmotnost<\/td>\n<td>38\u2013173 kg<\/td>\n<\/tr>\n<tr>\n<td colspan=\"2\">\n<h4>Parametry<\/h4>\n<\/td>\n<\/tr>\n<tr>\n<td>Z\u00e1ruka<\/td>\n<td>24 m\u011bs\u00edc\u016f<\/td>\n<\/tr>\n<tr>\n<td>Zna\u010dka<\/td>\n<td>\u010cesk\u00e1 Manufaktura<\/td>\n<\/tr>\n<\/tbody>\n<\/table><\/div>\n<\/div><\/div>\n<div class=\"detail-description__top\">\t\t\t\t<\/div>\n<div class=\"detail-description__left\">\n<div class=\"detail-description__left__overflow\">\n<div class=\"detail-description__left__head\">\t\t\t\t\t\tPopis:\t\t\t\t\t<\/div>\n<div class=\"ul-style ul-style--check\">\n<p>Z\u00e1hon je zhotoven<strong> z pe\u010dliv\u011b vybran\u00fdch d\u0159ev\u011bn\u00fdch profil\u016f<\/strong> z certifikovan\u00e9 prob\u00edrkov\u00e9 kulatiny, kter\u00e9 pro\u0161ly tlakovou impregnac\u00ed pro zv\u00fd\u0161enou odolnost proti vlhkosti a pov\u011btrnostn\u00edm podm\u00ednk\u00e1m. K dispozici jsou varianty s dnem i bez dna \u2013 proveden\u00ed bez dna je ur\u010deno pro p\u0159\u00edm\u00fd kontakt se zeminou, zat\u00edmco varianta s dnem je vhodn\u00e1 pro um\u00edst\u011bn\u00ed na terasy, balkony nebo jin\u00e9 pevn\u00e9 povrchy.<\/p>\n<ul class=\"plusminus\">\n<li><i class=\"fas fa-check\"><\/i><span>Pohodln\u00fd p\u0159\u00edstup k rostlin\u00e1m<\/span><\/li>\n<li><i class=\"fas fa-check\"><\/i><span>Tlakov\u011b impregnovan\u00e9 d\u0159evo<\/span><\/li>\n<\/ul>\n<p>Voliteln\u00e1 nopov\u00e1 f\u00f3lie slou\u017e\u00ed jako ochrana vnit\u0159n\u00edch st\u011bn p\u0159ed vlhkost\u00ed a omezuje degradaci d\u0159eva p\u0159i dlouhodob\u00e9m styku se substr\u00e1tem. Konstrukce je \u0159e\u0161ena <strong>s d\u016frazem na rychlou a p\u0159esnou mont\u00e1\u017e<\/strong>, jednotliv\u00e9 d\u00edly na sebe p\u0159esn\u011b navazuj\u00ed. D\u00edky modul\u00e1rn\u00edmu syst\u00e9mu lze z\u00e1hon snadno p\u0159izp\u016fsobit jak kompaktn\u00edm m\u011bstsk\u00fdm prostor\u016fm, tak rozs\u00e1hlej\u0161\u00edm zahrad\u00e1m s po\u017eadavkem na v\u011bt\u0161\u00ed objem zeminy.<\/p>\n<div class=\"content-flickity content-flickity--3\">\n<div class=\"content-flickity__body\">\n<div class=\"carousel-item\">\t\t\t\t\t\t\t\t\t\t\t\t\t\t\t\t\t\t\t\t\t\t\t<\/div>\n<div class=\"carousel-item\">\t\t\t\t\t\t\t\t\t\t\t\t\t\t\t\t\t\t\t\t\t\t\t<\/div>\n<div class=\"carousel-item\">\t\t\t\t\t\t\t\t\t\t\t\t\t\t\t\t\t\t\t\t\t\t\t<\/div>\n<\/div>\n<div class=\"content-flickity__caption\">Vyv\u00fd\u0161en\u00fd z\u00e1hon \u010cesk\u00e1 Manufaktura Variogrow obdeln\u00edk<\/div>\n<\/div>\n<\/div>\n<div class=\"detail-description__left__more\">\t\t\t\t\t\t<span> <\/span><span> <\/span>\t\t\t\t\t<\/div>\n<\/p><\/div>\n<div class=\"extra-note\">\n<p>Barevn\u00e9 odchylky impregnovan\u00e9ho d\u0159eva vznikaj\u00ed vlivem materi\u00e1lu a sv\u011btla, \u010dasem se sjednot\u00ed. Nejde o vadu ani d\u016fvod k reklamaci.<\/p>\n<\/p><\/div>\n<\/p><\/div>\n<div class=\"detail-description__more\"><span> <\/span><span> <\/span><\/div>\n<\/p><\/div>\n<\/p><\/div>\n","protected":false},"excerpt":{"rendered":"<p>Vlastnosti Materi\u00e1l d\u0159evo Tavr obd\u00e9ln\u00edk Barva p\u0159\u00edrodn\u00ed Nopov\u00e1 folie voliteln\u00e1 Dno voliteln\u00e9 Objem 58\u20131101 l Hmotnost 38\u2013173 kg Parametry Z\u00e1ruka 24 m\u011bs\u00edc\u016f Zna\u010dka \u010cesk\u00e1 Manufaktura Popis: Z\u00e1hon je zhotoven z pe\u010dliv\u011b vybran\u00fdch d\u0159ev\u011bn\u00fdch profil\u016f z certifikovan\u00e9 prob\u00edrkov\u00e9 kulatiny, kter\u00e9 pro\u0161ly tlakovou impregnac\u00ed pro zv\u00fd\u0161enou odolnost proti vlhkosti a pov\u011btrnostn\u00edm podm\u00ednk\u00e1m. K dispozici jsou varianty s [&hellip;]<\/p>\n","protected":false},"featured_media":3467,"comment_status":"open","ping_status":"open","template":"","meta":[],"product_brand":[],"product_cat":[33],"product_tag":[],"class_list":{"0":"post-3367","1":"product","2":"type-product","3":"status-publish","4":"has-post-thumbnail","6":"product_cat-zahrada","8":"first","9":"instock","10":"sale","11":"shipping-taxable","12":"purchasable","13":"product-type-simple"},"yoast_head":"<!-- This site is optimized with the Yoast SEO plugin v26.8 - https:\/\/yoast.com\/product\/yoast-seo-wordpress\/ -->\n<title>Zna\u010dkov\u00fd \u010cesk\u00e1 Manufaktura Variogrow obdeln\u00edk 27,5 cm 130 x 250 cm bez nopov\u00e9 f\u00f3lie v\u010detn\u011b dna -<\/title>\n<meta name=\"robots\" content=\"index, follow, max-snippet:-1, max-image-preview:large, max-video-preview:-1\" \/>\n<link rel=\"canonical\" href=\"https:\/\/www.oknobuild.com\/index.php\/produkt\/znackovy-ceska-manufaktura-variogrow-obdelnik-27-5-cm-130-x-250-cm-bez-nopove-folie-vcetne-dna-3367\/\" \/>\n<meta property=\"og:locale\" content=\"cs_CZ\" \/>\n<meta property=\"og:type\" content=\"article\" \/>\n<meta property=\"og:title\" content=\"Zna\u010dkov\u00fd \u010cesk\u00e1 Manufaktura Variogrow obdeln\u00edk 27,5 cm 130 x 250 cm bez nopov\u00e9 f\u00f3lie v\u010detn\u011b dna -\" \/>\n<meta property=\"og:description\" content=\"Vlastnosti Materi\u00e1l d\u0159evo Tavr obd\u00e9ln\u00edk Barva p\u0159\u00edrodn\u00ed Nopov\u00e1 folie voliteln\u00e1 Dno voliteln\u00e9 Objem 58\u20131101 l Hmotnost 38\u2013173 kg Parametry Z\u00e1ruka 24 m\u011bs\u00edc\u016f Zna\u010dka \u010cesk\u00e1 Manufaktura Popis: Z\u00e1hon je zhotoven z pe\u010dliv\u011b vybran\u00fdch d\u0159ev\u011bn\u00fdch profil\u016f z certifikovan\u00e9 prob\u00edrkov\u00e9 kulatiny, kter\u00e9 pro\u0161ly tlakovou impregnac\u00ed pro zv\u00fd\u0161enou odolnost proti vlhkosti a pov\u011btrnostn\u00edm podm\u00ednk\u00e1m. K dispozici jsou varianty s [&hellip;]\" \/>\n<meta property=\"og:url\" content=\"https:\/\/www.oknobuild.com\/index.php\/produkt\/znackovy-ceska-manufaktura-variogrow-obdelnik-27-5-cm-130-x-250-cm-bez-nopove-folie-vcetne-dna-3367\/\" \/>\n<meta property=\"og:image\" content=\"https:\/\/www.oknobuild.com\/wp-content\/uploads\/2026\/SK0022228-CZ20260425-091936-0-1777079982-vyvyseny-zahon-ceska-manufaktura-variogrow-obdelnik-27-5-cm.webp\" \/>\n\t<meta property=\"og:image:width\" content=\"1000\" \/>\n\t<meta property=\"og:image:height\" content=\"523\" \/>\n\t<meta property=\"og:image:type\" content=\"image\/webp\" \/>\n<meta name=\"twitter:card\" content=\"summary_large_image\" \/>\n<meta name=\"twitter:label1\" content=\"Odhadovan\u00e1 doba \u010dten\u00ed\" \/>\n\t<meta name=\"twitter:data1\" content=\"1 minuta\" \/>\n<script type=\"application\/ld+json\" class=\"yoast-schema-graph\">{\"@context\":\"https:\/\/schema.org\",\"@graph\":[{\"@type\":\"WebPage\",\"@id\":\"https:\/\/www.oknobuild.com\/index.php\/produkt\/znackovy-ceska-manufaktura-variogrow-obdelnik-27-5-cm-130-x-250-cm-bez-nopove-folie-vcetne-dna-3367\/\",\"url\":\"https:\/\/www.oknobuild.com\/index.php\/produkt\/znackovy-ceska-manufaktura-variogrow-obdelnik-27-5-cm-130-x-250-cm-bez-nopove-folie-vcetne-dna-3367\/\",\"name\":\"Zna\u010dkov\u00fd \u010cesk\u00e1 Manufaktura Variogrow obdeln\u00edk 27,5 cm 130 x 250 cm bez nopov\u00e9 f\u00f3lie v\u010detn\u011b dna -\",\"isPartOf\":{\"@id\":\"https:\/\/www.oknobuild.com\/#website\"},\"primaryImageOfPage\":{\"@id\":\"https:\/\/www.oknobuild.com\/index.php\/produkt\/znackovy-ceska-manufaktura-variogrow-obdelnik-27-5-cm-130-x-250-cm-bez-nopove-folie-vcetne-dna-3367\/#primaryimage\"},\"image\":{\"@id\":\"https:\/\/www.oknobuild.com\/index.php\/produkt\/znackovy-ceska-manufaktura-variogrow-obdelnik-27-5-cm-130-x-250-cm-bez-nopove-folie-vcetne-dna-3367\/#primaryimage\"},\"thumbnailUrl\":\"https:\/\/www.oknobuild.com\/wp-content\/uploads\/2026\/SK0022228-CZ20260425-091936-0-1777079982-vyvyseny-zahon-ceska-manufaktura-variogrow-obdelnik-27-5-cm.webp\",\"datePublished\":\"2026-04-27T04:40:44+00:00\",\"breadcrumb\":{\"@id\":\"https:\/\/www.oknobuild.com\/index.php\/produkt\/znackovy-ceska-manufaktura-variogrow-obdelnik-27-5-cm-130-x-250-cm-bez-nopove-folie-vcetne-dna-3367\/#breadcrumb\"},\"inLanguage\":\"cs\",\"potentialAction\":[{\"@type\":\"ReadAction\",\"target\":[\"https:\/\/www.oknobuild.com\/index.php\/produkt\/znackovy-ceska-manufaktura-variogrow-obdelnik-27-5-cm-130-x-250-cm-bez-nopove-folie-vcetne-dna-3367\/\"]}]},{\"@type\":\"ImageObject\",\"inLanguage\":\"cs\",\"@id\":\"https:\/\/www.oknobuild.com\/index.php\/produkt\/znackovy-ceska-manufaktura-variogrow-obdelnik-27-5-cm-130-x-250-cm-bez-nopove-folie-vcetne-dna-3367\/#primaryimage\",\"url\":\"https:\/\/www.oknobuild.com\/wp-content\/uploads\/2026\/SK0022228-CZ20260425-091936-0-1777079982-vyvyseny-zahon-ceska-manufaktura-variogrow-obdelnik-27-5-cm.webp\",\"contentUrl\":\"https:\/\/www.oknobuild.com\/wp-content\/uploads\/2026\/SK0022228-CZ20260425-091936-0-1777079982-vyvyseny-zahon-ceska-manufaktura-variogrow-obdelnik-27-5-cm.webp\",\"width\":1000,\"height\":523},{\"@type\":\"BreadcrumbList\",\"@id\":\"https:\/\/www.oknobuild.com\/index.php\/produkt\/znackovy-ceska-manufaktura-variogrow-obdelnik-27-5-cm-130-x-250-cm-bez-nopove-folie-vcetne-dna-3367\/#breadcrumb\",\"itemListElement\":[{\"@type\":\"ListItem\",\"position\":1,\"name\":\"Home\",\"item\":\"https:\/\/www.oknobuild.com\/\"},{\"@type\":\"ListItem\",\"position\":2,\"name\":\"Products\",\"item\":\"https:\/\/www.oknobuild.com\/index.php\/products\/\"},{\"@type\":\"ListItem\",\"position\":3,\"name\":\"Zna\u010dkov\u00fd \u010cesk\u00e1 Manufaktura Variogrow obdeln\u00edk 27,5 cm 130 x 250 cm bez nopov\u00e9 f\u00f3lie v\u010detn\u011b dna\"}]},{\"@type\":\"WebSite\",\"@id\":\"https:\/\/www.oknobuild.com\/#website\",\"url\":\"https:\/\/www.oknobuild.com\/\",\"name\":\"\",\"description\":\"\",\"potentialAction\":[{\"@type\":\"SearchAction\",\"target\":{\"@type\":\"EntryPoint\",\"urlTemplate\":\"https:\/\/www.oknobuild.com\/?s={search_term_string}\"},\"query-input\":{\"@type\":\"PropertyValueSpecification\",\"valueRequired\":true,\"valueName\":\"search_term_string\"}}],\"inLanguage\":\"cs\"}]}<\/script>\n<!-- \/ Yoast SEO plugin. -->","yoast_head_json":{"title":"Zna\u010dkov\u00fd \u010cesk\u00e1 Manufaktura Variogrow obdeln\u00edk 27,5 cm 130 x 250 cm bez nopov\u00e9 f\u00f3lie v\u010detn\u011b dna -","robots":{"index":"index","follow":"follow","max-snippet":"max-snippet:-1","max-image-preview":"max-image-preview:large","max-video-preview":"max-video-preview:-1"},"canonical":"https:\/\/www.oknobuild.com\/index.php\/produkt\/znackovy-ceska-manufaktura-variogrow-obdelnik-27-5-cm-130-x-250-cm-bez-nopove-folie-vcetne-dna-3367\/","og_locale":"cs_CZ","og_type":"article","og_title":"Zna\u010dkov\u00fd \u010cesk\u00e1 Manufaktura Variogrow obdeln\u00edk 27,5 cm 130 x 250 cm bez nopov\u00e9 f\u00f3lie v\u010detn\u011b dna -","og_description":"Vlastnosti Materi\u00e1l d\u0159evo Tavr obd\u00e9ln\u00edk Barva p\u0159\u00edrodn\u00ed Nopov\u00e1 folie voliteln\u00e1 Dno voliteln\u00e9 Objem 58\u20131101 l Hmotnost 38\u2013173 kg Parametry Z\u00e1ruka 24 m\u011bs\u00edc\u016f Zna\u010dka \u010cesk\u00e1 Manufaktura Popis: Z\u00e1hon je zhotoven z pe\u010dliv\u011b vybran\u00fdch d\u0159ev\u011bn\u00fdch profil\u016f z certifikovan\u00e9 prob\u00edrkov\u00e9 kulatiny, kter\u00e9 pro\u0161ly tlakovou impregnac\u00ed pro zv\u00fd\u0161enou odolnost proti vlhkosti a pov\u011btrnostn\u00edm podm\u00ednk\u00e1m. K dispozici jsou varianty s [&hellip;]","og_url":"https:\/\/www.oknobuild.com\/index.php\/produkt\/znackovy-ceska-manufaktura-variogrow-obdelnik-27-5-cm-130-x-250-cm-bez-nopove-folie-vcetne-dna-3367\/","og_image":[{"width":1000,"height":523,"url":"https:\/\/www.oknobuild.com\/wp-content\/uploads\/2026\/SK0022228-CZ20260425-091936-0-1777079982-vyvyseny-zahon-ceska-manufaktura-variogrow-obdelnik-27-5-cm.webp","type":"image\/webp"}],"twitter_card":"summary_large_image","twitter_misc":{"Odhadovan\u00e1 doba \u010dten\u00ed":"1 minuta"},"schema":{"@context":"https:\/\/schema.org","@graph":[{"@type":"WebPage","@id":"https:\/\/www.oknobuild.com\/index.php\/produkt\/znackovy-ceska-manufaktura-variogrow-obdelnik-27-5-cm-130-x-250-cm-bez-nopove-folie-vcetne-dna-3367\/","url":"https:\/\/www.oknobuild.com\/index.php\/produkt\/znackovy-ceska-manufaktura-variogrow-obdelnik-27-5-cm-130-x-250-cm-bez-nopove-folie-vcetne-dna-3367\/","name":"Zna\u010dkov\u00fd \u010cesk\u00e1 Manufaktura Variogrow obdeln\u00edk 27,5 cm 130 x 250 cm bez nopov\u00e9 f\u00f3lie v\u010detn\u011b dna -","isPartOf":{"@id":"https:\/\/www.oknobuild.com\/#website"},"primaryImageOfPage":{"@id":"https:\/\/www.oknobuild.com\/index.php\/produkt\/znackovy-ceska-manufaktura-variogrow-obdelnik-27-5-cm-130-x-250-cm-bez-nopove-folie-vcetne-dna-3367\/#primaryimage"},"image":{"@id":"https:\/\/www.oknobuild.com\/index.php\/produkt\/znackovy-ceska-manufaktura-variogrow-obdelnik-27-5-cm-130-x-250-cm-bez-nopove-folie-vcetne-dna-3367\/#primaryimage"},"thumbnailUrl":"https:\/\/www.oknobuild.com\/wp-content\/uploads\/2026\/SK0022228-CZ20260425-091936-0-1777079982-vyvyseny-zahon-ceska-manufaktura-variogrow-obdelnik-27-5-cm.webp","datePublished":"2026-04-27T04:40:44+00:00","breadcrumb":{"@id":"https:\/\/www.oknobuild.com\/index.php\/produkt\/znackovy-ceska-manufaktura-variogrow-obdelnik-27-5-cm-130-x-250-cm-bez-nopove-folie-vcetne-dna-3367\/#breadcrumb"},"inLanguage":"cs","potentialAction":[{"@type":"ReadAction","target":["https:\/\/www.oknobuild.com\/index.php\/produkt\/znackovy-ceska-manufaktura-variogrow-obdelnik-27-5-cm-130-x-250-cm-bez-nopove-folie-vcetne-dna-3367\/"]}]},{"@type":"ImageObject","inLanguage":"cs","@id":"https:\/\/www.oknobuild.com\/index.php\/produkt\/znackovy-ceska-manufaktura-variogrow-obdelnik-27-5-cm-130-x-250-cm-bez-nopove-folie-vcetne-dna-3367\/#primaryimage","url":"https:\/\/www.oknobuild.com\/wp-content\/uploads\/2026\/SK0022228-CZ20260425-091936-0-1777079982-vyvyseny-zahon-ceska-manufaktura-variogrow-obdelnik-27-5-cm.webp","contentUrl":"https:\/\/www.oknobuild.com\/wp-content\/uploads\/2026\/SK0022228-CZ20260425-091936-0-1777079982-vyvyseny-zahon-ceska-manufaktura-variogrow-obdelnik-27-5-cm.webp","width":1000,"height":523},{"@type":"BreadcrumbList","@id":"https:\/\/www.oknobuild.com\/index.php\/produkt\/znackovy-ceska-manufaktura-variogrow-obdelnik-27-5-cm-130-x-250-cm-bez-nopove-folie-vcetne-dna-3367\/#breadcrumb","itemListElement":[{"@type":"ListItem","position":1,"name":"Home","item":"https:\/\/www.oknobuild.com\/"},{"@type":"ListItem","position":2,"name":"Products","item":"https:\/\/www.oknobuild.com\/index.php\/products\/"},{"@type":"ListItem","position":3,"name":"Zna\u010dkov\u00fd \u010cesk\u00e1 Manufaktura Variogrow obdeln\u00edk 27,5 cm 130 x 250 cm bez nopov\u00e9 f\u00f3lie v\u010detn\u011b dna"}]},{"@type":"WebSite","@id":"https:\/\/www.oknobuild.com\/#website","url":"https:\/\/www.oknobuild.com\/","name":"","description":"","potentialAction":[{"@type":"SearchAction","target":{"@type":"EntryPoint","urlTemplate":"https:\/\/www.oknobuild.com\/?s={search_term_string}"},"query-input":{"@type":"PropertyValueSpecification","valueRequired":true,"valueName":"search_term_string"}}],"inLanguage":"cs"}]}},"_links":{"self":[{"href":"https:\/\/www.oknobuild.com\/index.php\/wp-json\/wp\/v2\/product\/3367","targetHints":{"allow":["GET"]}}],"collection":[{"href":"https:\/\/www.oknobuild.com\/index.php\/wp-json\/wp\/v2\/product"}],"about":[{"href":"https:\/\/www.oknobuild.com\/index.php\/wp-json\/wp\/v2\/types\/product"}],"replies":[{"embeddable":true,"href":"https:\/\/www.oknobuild.com\/index.php\/wp-json\/wp\/v2\/comments?post=3367"}],"wp:featuredmedia":[{"embeddable":true,"href":"https:\/\/www.oknobuild.com\/index.php\/wp-json\/wp\/v2\/media\/3467"}],"wp:attachment":[{"href":"https:\/\/www.oknobuild.com\/index.php\/wp-json\/wp\/v2\/media?parent=3367"}],"wp:term":[{"taxonomy":"product_brand","embeddable":true,"href":"https:\/\/www.oknobuild.com\/index.php\/wp-json\/wp\/v2\/product_brand?post=3367"},{"taxonomy":"product_cat","embeddable":true,"href":"https:\/\/www.oknobuild.com\/index.php\/wp-json\/wp\/v2\/product_cat?post=3367"},{"taxonomy":"product_tag","embeddable":true,"href":"https:\/\/www.oknobuild.com\/index.php\/wp-json\/wp\/v2\/product_tag?post=3367"}],"curies":[{"name":"wp","href":"https:\/\/api.w.org\/{rel}","templated":true}]}}