{"id":33894,"date":"2026-04-27T04:42:01","date_gmt":"2026-04-27T04:42:01","guid":{"rendered":""},"modified":"2026-04-27T04:42:01","modified_gmt":"2026-04-27T04:42:01","slug":"cenova-bomba-steinbach-kartac-na-cisteni-bazenu-kratky-25cm-s-pripojkou-33894","status":"publish","type":"product","link":"https:\/\/www.oknobuild.com\/index.php\/produkt\/cenova-bomba-steinbach-kartac-na-cisteni-bazenu-kratky-25cm-s-pripojkou-33894\/","title":{"rendered":"Cenov\u00e1 Bomba Steinbach kart\u00e1\u010d na \u010di\u0161t\u011bn\u00ed baz\u00e9nu kr\u00e1tk\u00fd 25cm, s p\u0159\u00edpojkou"},"content":{"rendered":"<table>\n<div class=\"tab-pane active product-description\" id=\"popis\" role=\"tabpanel\">\n<div class=\"short-description\" itemprop=\"description\"><\/div>\n<div class=\"description\"><span class='bullet-line'>Robustn\u00ed<\/span><span class='bullet-line'>\u0160\u00ed\u0159ka 25 cm<\/span><span class='bullet-line'>Flexibiln\u00ed plastov\u00e9 kart\u00e1\u010de pro jemn\u00e9 \u010di\u0161t\u011bn\u00ed obrazovky baz\u00e9nu<\/span><span class='bullet-line'>Z\u00e1v\u011bs na konci rukojeti<\/span><span class='bullet-line'>Nahr\u00e1v\u00e1n\u00ed, vhodn\u00e9 pro v\u0161echny druhy hlin\u00edkov\u00fdch teleskopick\u00fdch ty\u010d\u00ed (1184857)<\/span><\/div>\n<div class=\"parameters\">\n<tr>\n<td>v\u00e1ha p\u0159edm\u011btu<\/td>\n<td>292g<\/td>\n<\/tr>\n<tr>\n<td>\u010c\u00edslo d\u00edlu<\/td>\n<td>061119<\/td>\n<\/tr><\/div>\n<\/table>\n","protected":false},"excerpt":{"rendered":"<p>Robustn\u00ed\u0160\u00ed\u0159ka 25 cmFlexibiln\u00ed plastov\u00e9 kart\u00e1\u010de pro jemn\u00e9 \u010di\u0161t\u011bn\u00ed obrazovky baz\u00e9nuZ\u00e1v\u011bs na konci rukojetiNahr\u00e1v\u00e1n\u00ed, vhodn\u00e9 pro v\u0161echny druhy hlin\u00edkov\u00fdch teleskopick\u00fdch ty\u010d\u00ed (1184857) v\u00e1ha p\u0159edm\u011btu 292g \u010c\u00edslo d\u00edlu 061119<\/p>\n","protected":false},"featured_media":33994,"comment_status":"open","ping_status":"open","template":"","meta":[],"product_brand":[],"product_cat":[81,82,83],"product_tag":[],"class_list":{"0":"post-33894","1":"product","2":"type-product","3":"status-publish","4":"has-post-thumbnail","6":"product_cat-bazen","7":"product_cat-sport","8":"product_cat-volny-cas","10":"first","11":"instock","12":"sale","13":"shipping-taxable","14":"purchasable","15":"product-type-simple"},"yoast_head":"<!-- This site is optimized with the Yoast SEO plugin v26.8 - https:\/\/yoast.com\/product\/yoast-seo-wordpress\/ -->\n<title>Cenov\u00e1 Bomba Steinbach kart\u00e1\u010d na \u010di\u0161t\u011bn\u00ed baz\u00e9nu kr\u00e1tk\u00fd 25cm, s p\u0159\u00edpojkou -<\/title>\n<meta name=\"robots\" content=\"index, follow, max-snippet:-1, max-image-preview:large, max-video-preview:-1\" \/>\n<link rel=\"canonical\" href=\"https:\/\/www.oknobuild.com\/index.php\/produkt\/cenova-bomba-steinbach-kartac-na-cisteni-bazenu-kratky-25cm-s-pripojkou-33894\/\" \/>\n<meta property=\"og:locale\" content=\"cs_CZ\" \/>\n<meta property=\"og:type\" content=\"article\" \/>\n<meta property=\"og:title\" content=\"Cenov\u00e1 Bomba Steinbach kart\u00e1\u010d na \u010di\u0161t\u011bn\u00ed baz\u00e9nu kr\u00e1tk\u00fd 25cm, s p\u0159\u00edpojkou -\" \/>\n<meta property=\"og:description\" content=\"Robustn\u00ed\u0160\u00ed\u0159ka 25 cmFlexibiln\u00ed plastov\u00e9 kart\u00e1\u010de pro jemn\u00e9 \u010di\u0161t\u011bn\u00ed obrazovky baz\u00e9nuZ\u00e1v\u011bs na konci rukojetiNahr\u00e1v\u00e1n\u00ed, vhodn\u00e9 pro v\u0161echny druhy hlin\u00edkov\u00fdch teleskopick\u00fdch ty\u010d\u00ed (1184857) v\u00e1ha p\u0159edm\u011btu 292g \u010c\u00edslo d\u00edlu 061119\" \/>\n<meta property=\"og:url\" content=\"https:\/\/www.oknobuild.com\/index.php\/produkt\/cenova-bomba-steinbach-kartac-na-cisteni-bazenu-kratky-25cm-s-pripojkou-33894\/\" \/>\n<meta property=\"og:image\" content=\"https:\/\/www.oknobuild.com\/wp-content\/uploads\/2026\/SK0020054-CZ20260425-092328-0-1777080210-211225-1_121419.webp\" \/>\n\t<meta property=\"og:image:width\" content=\"774\" \/>\n\t<meta property=\"og:image:height\" content=\"800\" \/>\n\t<meta property=\"og:image:type\" content=\"image\/webp\" \/>\n<meta name=\"twitter:card\" content=\"summary_large_image\" \/>\n<script type=\"application\/ld+json\" class=\"yoast-schema-graph\">{\"@context\":\"https:\/\/schema.org\",\"@graph\":[{\"@type\":\"WebPage\",\"@id\":\"https:\/\/www.oknobuild.com\/index.php\/produkt\/cenova-bomba-steinbach-kartac-na-cisteni-bazenu-kratky-25cm-s-pripojkou-33894\/\",\"url\":\"https:\/\/www.oknobuild.com\/index.php\/produkt\/cenova-bomba-steinbach-kartac-na-cisteni-bazenu-kratky-25cm-s-pripojkou-33894\/\",\"name\":\"Cenov\u00e1 Bomba Steinbach kart\u00e1\u010d na \u010di\u0161t\u011bn\u00ed baz\u00e9nu kr\u00e1tk\u00fd 25cm, s p\u0159\u00edpojkou -\",\"isPartOf\":{\"@id\":\"https:\/\/www.oknobuild.com\/#website\"},\"primaryImageOfPage\":{\"@id\":\"https:\/\/www.oknobuild.com\/index.php\/produkt\/cenova-bomba-steinbach-kartac-na-cisteni-bazenu-kratky-25cm-s-pripojkou-33894\/#primaryimage\"},\"image\":{\"@id\":\"https:\/\/www.oknobuild.com\/index.php\/produkt\/cenova-bomba-steinbach-kartac-na-cisteni-bazenu-kratky-25cm-s-pripojkou-33894\/#primaryimage\"},\"thumbnailUrl\":\"https:\/\/www.oknobuild.com\/wp-content\/uploads\/2026\/SK0020054-CZ20260425-092328-0-1777080210-211225-1_121419.webp\",\"datePublished\":\"2026-04-27T04:42:01+00:00\",\"breadcrumb\":{\"@id\":\"https:\/\/www.oknobuild.com\/index.php\/produkt\/cenova-bomba-steinbach-kartac-na-cisteni-bazenu-kratky-25cm-s-pripojkou-33894\/#breadcrumb\"},\"inLanguage\":\"cs\",\"potentialAction\":[{\"@type\":\"ReadAction\",\"target\":[\"https:\/\/www.oknobuild.com\/index.php\/produkt\/cenova-bomba-steinbach-kartac-na-cisteni-bazenu-kratky-25cm-s-pripojkou-33894\/\"]}]},{\"@type\":\"ImageObject\",\"inLanguage\":\"cs\",\"@id\":\"https:\/\/www.oknobuild.com\/index.php\/produkt\/cenova-bomba-steinbach-kartac-na-cisteni-bazenu-kratky-25cm-s-pripojkou-33894\/#primaryimage\",\"url\":\"https:\/\/www.oknobuild.com\/wp-content\/uploads\/2026\/SK0020054-CZ20260425-092328-0-1777080210-211225-1_121419.webp\",\"contentUrl\":\"https:\/\/www.oknobuild.com\/wp-content\/uploads\/2026\/SK0020054-CZ20260425-092328-0-1777080210-211225-1_121419.webp\",\"width\":774,\"height\":800},{\"@type\":\"BreadcrumbList\",\"@id\":\"https:\/\/www.oknobuild.com\/index.php\/produkt\/cenova-bomba-steinbach-kartac-na-cisteni-bazenu-kratky-25cm-s-pripojkou-33894\/#breadcrumb\",\"itemListElement\":[{\"@type\":\"ListItem\",\"position\":1,\"name\":\"Home\",\"item\":\"https:\/\/www.oknobuild.com\/\"},{\"@type\":\"ListItem\",\"position\":2,\"name\":\"Products\",\"item\":\"https:\/\/www.oknobuild.com\/index.php\/products\/\"},{\"@type\":\"ListItem\",\"position\":3,\"name\":\"Cenov\u00e1 Bomba Steinbach kart\u00e1\u010d na \u010di\u0161t\u011bn\u00ed baz\u00e9nu kr\u00e1tk\u00fd 25cm, s p\u0159\u00edpojkou\"}]},{\"@type\":\"WebSite\",\"@id\":\"https:\/\/www.oknobuild.com\/#website\",\"url\":\"https:\/\/www.oknobuild.com\/\",\"name\":\"\",\"description\":\"\",\"potentialAction\":[{\"@type\":\"SearchAction\",\"target\":{\"@type\":\"EntryPoint\",\"urlTemplate\":\"https:\/\/www.oknobuild.com\/?s={search_term_string}\"},\"query-input\":{\"@type\":\"PropertyValueSpecification\",\"valueRequired\":true,\"valueName\":\"search_term_string\"}}],\"inLanguage\":\"cs\"}]}<\/script>\n<!-- \/ Yoast SEO plugin. -->","yoast_head_json":{"title":"Cenov\u00e1 Bomba Steinbach kart\u00e1\u010d na \u010di\u0161t\u011bn\u00ed baz\u00e9nu kr\u00e1tk\u00fd 25cm, s p\u0159\u00edpojkou -","robots":{"index":"index","follow":"follow","max-snippet":"max-snippet:-1","max-image-preview":"max-image-preview:large","max-video-preview":"max-video-preview:-1"},"canonical":"https:\/\/www.oknobuild.com\/index.php\/produkt\/cenova-bomba-steinbach-kartac-na-cisteni-bazenu-kratky-25cm-s-pripojkou-33894\/","og_locale":"cs_CZ","og_type":"article","og_title":"Cenov\u00e1 Bomba Steinbach kart\u00e1\u010d na \u010di\u0161t\u011bn\u00ed baz\u00e9nu kr\u00e1tk\u00fd 25cm, s p\u0159\u00edpojkou -","og_description":"Robustn\u00ed\u0160\u00ed\u0159ka 25 cmFlexibiln\u00ed plastov\u00e9 kart\u00e1\u010de pro jemn\u00e9 \u010di\u0161t\u011bn\u00ed obrazovky baz\u00e9nuZ\u00e1v\u011bs na konci rukojetiNahr\u00e1v\u00e1n\u00ed, vhodn\u00e9 pro v\u0161echny druhy hlin\u00edkov\u00fdch teleskopick\u00fdch ty\u010d\u00ed (1184857) v\u00e1ha p\u0159edm\u011btu 292g \u010c\u00edslo d\u00edlu 061119","og_url":"https:\/\/www.oknobuild.com\/index.php\/produkt\/cenova-bomba-steinbach-kartac-na-cisteni-bazenu-kratky-25cm-s-pripojkou-33894\/","og_image":[{"width":774,"height":800,"url":"https:\/\/www.oknobuild.com\/wp-content\/uploads\/2026\/SK0020054-CZ20260425-092328-0-1777080210-211225-1_121419.webp","type":"image\/webp"}],"twitter_card":"summary_large_image","schema":{"@context":"https:\/\/schema.org","@graph":[{"@type":"WebPage","@id":"https:\/\/www.oknobuild.com\/index.php\/produkt\/cenova-bomba-steinbach-kartac-na-cisteni-bazenu-kratky-25cm-s-pripojkou-33894\/","url":"https:\/\/www.oknobuild.com\/index.php\/produkt\/cenova-bomba-steinbach-kartac-na-cisteni-bazenu-kratky-25cm-s-pripojkou-33894\/","name":"Cenov\u00e1 Bomba Steinbach kart\u00e1\u010d na \u010di\u0161t\u011bn\u00ed baz\u00e9nu kr\u00e1tk\u00fd 25cm, s p\u0159\u00edpojkou -","isPartOf":{"@id":"https:\/\/www.oknobuild.com\/#website"},"primaryImageOfPage":{"@id":"https:\/\/www.oknobuild.com\/index.php\/produkt\/cenova-bomba-steinbach-kartac-na-cisteni-bazenu-kratky-25cm-s-pripojkou-33894\/#primaryimage"},"image":{"@id":"https:\/\/www.oknobuild.com\/index.php\/produkt\/cenova-bomba-steinbach-kartac-na-cisteni-bazenu-kratky-25cm-s-pripojkou-33894\/#primaryimage"},"thumbnailUrl":"https:\/\/www.oknobuild.com\/wp-content\/uploads\/2026\/SK0020054-CZ20260425-092328-0-1777080210-211225-1_121419.webp","datePublished":"2026-04-27T04:42:01+00:00","breadcrumb":{"@id":"https:\/\/www.oknobuild.com\/index.php\/produkt\/cenova-bomba-steinbach-kartac-na-cisteni-bazenu-kratky-25cm-s-pripojkou-33894\/#breadcrumb"},"inLanguage":"cs","potentialAction":[{"@type":"ReadAction","target":["https:\/\/www.oknobuild.com\/index.php\/produkt\/cenova-bomba-steinbach-kartac-na-cisteni-bazenu-kratky-25cm-s-pripojkou-33894\/"]}]},{"@type":"ImageObject","inLanguage":"cs","@id":"https:\/\/www.oknobuild.com\/index.php\/produkt\/cenova-bomba-steinbach-kartac-na-cisteni-bazenu-kratky-25cm-s-pripojkou-33894\/#primaryimage","url":"https:\/\/www.oknobuild.com\/wp-content\/uploads\/2026\/SK0020054-CZ20260425-092328-0-1777080210-211225-1_121419.webp","contentUrl":"https:\/\/www.oknobuild.com\/wp-content\/uploads\/2026\/SK0020054-CZ20260425-092328-0-1777080210-211225-1_121419.webp","width":774,"height":800},{"@type":"BreadcrumbList","@id":"https:\/\/www.oknobuild.com\/index.php\/produkt\/cenova-bomba-steinbach-kartac-na-cisteni-bazenu-kratky-25cm-s-pripojkou-33894\/#breadcrumb","itemListElement":[{"@type":"ListItem","position":1,"name":"Home","item":"https:\/\/www.oknobuild.com\/"},{"@type":"ListItem","position":2,"name":"Products","item":"https:\/\/www.oknobuild.com\/index.php\/products\/"},{"@type":"ListItem","position":3,"name":"Cenov\u00e1 Bomba Steinbach kart\u00e1\u010d na \u010di\u0161t\u011bn\u00ed baz\u00e9nu kr\u00e1tk\u00fd 25cm, s p\u0159\u00edpojkou"}]},{"@type":"WebSite","@id":"https:\/\/www.oknobuild.com\/#website","url":"https:\/\/www.oknobuild.com\/","name":"","description":"","potentialAction":[{"@type":"SearchAction","target":{"@type":"EntryPoint","urlTemplate":"https:\/\/www.oknobuild.com\/?s={search_term_string}"},"query-input":{"@type":"PropertyValueSpecification","valueRequired":true,"valueName":"search_term_string"}}],"inLanguage":"cs"}]}},"_links":{"self":[{"href":"https:\/\/www.oknobuild.com\/index.php\/wp-json\/wp\/v2\/product\/33894","targetHints":{"allow":["GET"]}}],"collection":[{"href":"https:\/\/www.oknobuild.com\/index.php\/wp-json\/wp\/v2\/product"}],"about":[{"href":"https:\/\/www.oknobuild.com\/index.php\/wp-json\/wp\/v2\/types\/product"}],"replies":[{"embeddable":true,"href":"https:\/\/www.oknobuild.com\/index.php\/wp-json\/wp\/v2\/comments?post=33894"}],"wp:featuredmedia":[{"embeddable":true,"href":"https:\/\/www.oknobuild.com\/index.php\/wp-json\/wp\/v2\/media\/33994"}],"wp:attachment":[{"href":"https:\/\/www.oknobuild.com\/index.php\/wp-json\/wp\/v2\/media?parent=33894"}],"wp:term":[{"taxonomy":"product_brand","embeddable":true,"href":"https:\/\/www.oknobuild.com\/index.php\/wp-json\/wp\/v2\/product_brand?post=33894"},{"taxonomy":"product_cat","embeddable":true,"href":"https:\/\/www.oknobuild.com\/index.php\/wp-json\/wp\/v2\/product_cat?post=33894"},{"taxonomy":"product_tag","embeddable":true,"href":"https:\/\/www.oknobuild.com\/index.php\/wp-json\/wp\/v2\/product_tag?post=33894"}],"curies":[{"name":"wp","href":"https:\/\/api.w.org\/{rel}","templated":true}]}}