{"id":33896,"date":"2026-04-27T04:42:01","date_gmt":"2026-04-27T04:42:01","guid":{"rendered":""},"modified":"2026-04-27T04:42:01","modified_gmt":"2026-04-27T04:42:01","slug":"originalni-steinbach-rucni-houba-dvojbaleni-33896","status":"publish","type":"product","link":"https:\/\/www.oknobuild.com\/index.php\/produkt\/originalni-steinbach-rucni-houba-dvojbaleni-33896\/","title":{"rendered":"Origin\u00e1ln\u00ed Steinbach ru\u010dn\u00ed houba dvojbalen\u00ed"},"content":{"rendered":"<table>\n<div class=\"tab-pane active product-description\" id=\"popis\" role=\"tabpanel\">\n<div class=\"short-description\" itemprop=\"description\"><\/div>\n<div class=\"description\"><span class='bullet-line'>dva r\u016fzn\u00e9 povrchy<\/span><span class='bullet-line'>snadn\u00e1 manipulace<\/span><span class='bullet-line'>pro d\u016fkladn\u00e9 vy\u010di\u0161t\u011bn\u00ed, ve dvojit\u00e9m balen\u00ed<\/span><\/div>\n<div class=\"parameters\">\n<tr>\n<td>v\u00e1ha p\u0159edm\u011btu<\/td>\n<td>120g<\/td>\n<\/tr>\n<tr>\n<td>\u010c\u00edslo d\u00edlu<\/td>\n<td>061135<\/td>\n<\/tr>\n<tr>\n<td>Rozm\u011bry<\/td>\n<td>29,5 x 18,5 x 7 cm<\/td>\n<\/tr><\/div>\n<\/table>\n","protected":false},"excerpt":{"rendered":"<p>dva r\u016fzn\u00e9 povrchysnadn\u00e1 manipulacepro d\u016fkladn\u00e9 vy\u010di\u0161t\u011bn\u00ed, ve dvojit\u00e9m balen\u00ed v\u00e1ha p\u0159edm\u011btu 120g \u010c\u00edslo d\u00edlu 061135 Rozm\u011bry 29,5 x 18,5 x 7 cm<\/p>\n","protected":false},"featured_media":33996,"comment_status":"open","ping_status":"open","template":"","meta":[],"product_brand":[],"product_cat":[81,82,83],"product_tag":[],"class_list":{"0":"post-33896","1":"product","2":"type-product","3":"status-publish","4":"has-post-thumbnail","6":"product_cat-bazen","7":"product_cat-sport","8":"product_cat-volny-cas","10":"first","11":"instock","12":"sale","13":"shipping-taxable","14":"purchasable","15":"product-type-simple"},"yoast_head":"<!-- This site is optimized with the Yoast SEO plugin v26.8 - https:\/\/yoast.com\/product\/yoast-seo-wordpress\/ -->\n<title>Origin\u00e1ln\u00ed Steinbach ru\u010dn\u00ed houba dvojbalen\u00ed -<\/title>\n<meta name=\"robots\" content=\"index, follow, max-snippet:-1, max-image-preview:large, max-video-preview:-1\" \/>\n<link rel=\"canonical\" href=\"https:\/\/www.oknobuild.com\/index.php\/produkt\/originalni-steinbach-rucni-houba-dvojbaleni-33896\/\" \/>\n<meta property=\"og:locale\" content=\"cs_CZ\" \/>\n<meta property=\"og:type\" content=\"article\" \/>\n<meta property=\"og:title\" content=\"Origin\u00e1ln\u00ed Steinbach ru\u010dn\u00ed houba dvojbalen\u00ed -\" \/>\n<meta property=\"og:description\" content=\"dva r\u016fzn\u00e9 povrchysnadn\u00e1 manipulacepro d\u016fkladn\u00e9 vy\u010di\u0161t\u011bn\u00ed, ve dvojit\u00e9m balen\u00ed v\u00e1ha p\u0159edm\u011btu 120g \u010c\u00edslo d\u00edlu 061135 Rozm\u011bry 29,5 x 18,5 x 7 cm\" \/>\n<meta property=\"og:url\" content=\"https:\/\/www.oknobuild.com\/index.php\/produkt\/originalni-steinbach-rucni-houba-dvojbaleni-33896\/\" \/>\n<meta property=\"og:image\" content=\"https:\/\/www.oknobuild.com\/wp-content\/uploads\/2026\/SK0020056-CZ20260425-092328-0-1777080210-211229-1_121619.webp\" \/>\n\t<meta property=\"og:image:width\" content=\"1000\" \/>\n\t<meta property=\"og:image:height\" content=\"534\" \/>\n\t<meta property=\"og:image:type\" content=\"image\/webp\" \/>\n<meta name=\"twitter:card\" content=\"summary_large_image\" \/>\n<script type=\"application\/ld+json\" class=\"yoast-schema-graph\">{\"@context\":\"https:\/\/schema.org\",\"@graph\":[{\"@type\":\"WebPage\",\"@id\":\"https:\/\/www.oknobuild.com\/index.php\/produkt\/originalni-steinbach-rucni-houba-dvojbaleni-33896\/\",\"url\":\"https:\/\/www.oknobuild.com\/index.php\/produkt\/originalni-steinbach-rucni-houba-dvojbaleni-33896\/\",\"name\":\"Origin\u00e1ln\u00ed Steinbach ru\u010dn\u00ed houba dvojbalen\u00ed -\",\"isPartOf\":{\"@id\":\"https:\/\/www.oknobuild.com\/#website\"},\"primaryImageOfPage\":{\"@id\":\"https:\/\/www.oknobuild.com\/index.php\/produkt\/originalni-steinbach-rucni-houba-dvojbaleni-33896\/#primaryimage\"},\"image\":{\"@id\":\"https:\/\/www.oknobuild.com\/index.php\/produkt\/originalni-steinbach-rucni-houba-dvojbaleni-33896\/#primaryimage\"},\"thumbnailUrl\":\"https:\/\/www.oknobuild.com\/wp-content\/uploads\/2026\/SK0020056-CZ20260425-092328-0-1777080210-211229-1_121619.webp\",\"datePublished\":\"2026-04-27T04:42:01+00:00\",\"breadcrumb\":{\"@id\":\"https:\/\/www.oknobuild.com\/index.php\/produkt\/originalni-steinbach-rucni-houba-dvojbaleni-33896\/#breadcrumb\"},\"inLanguage\":\"cs\",\"potentialAction\":[{\"@type\":\"ReadAction\",\"target\":[\"https:\/\/www.oknobuild.com\/index.php\/produkt\/originalni-steinbach-rucni-houba-dvojbaleni-33896\/\"]}]},{\"@type\":\"ImageObject\",\"inLanguage\":\"cs\",\"@id\":\"https:\/\/www.oknobuild.com\/index.php\/produkt\/originalni-steinbach-rucni-houba-dvojbaleni-33896\/#primaryimage\",\"url\":\"https:\/\/www.oknobuild.com\/wp-content\/uploads\/2026\/SK0020056-CZ20260425-092328-0-1777080210-211229-1_121619.webp\",\"contentUrl\":\"https:\/\/www.oknobuild.com\/wp-content\/uploads\/2026\/SK0020056-CZ20260425-092328-0-1777080210-211229-1_121619.webp\",\"width\":1000,\"height\":534},{\"@type\":\"BreadcrumbList\",\"@id\":\"https:\/\/www.oknobuild.com\/index.php\/produkt\/originalni-steinbach-rucni-houba-dvojbaleni-33896\/#breadcrumb\",\"itemListElement\":[{\"@type\":\"ListItem\",\"position\":1,\"name\":\"Home\",\"item\":\"https:\/\/www.oknobuild.com\/\"},{\"@type\":\"ListItem\",\"position\":2,\"name\":\"Products\",\"item\":\"https:\/\/www.oknobuild.com\/index.php\/products\/\"},{\"@type\":\"ListItem\",\"position\":3,\"name\":\"Origin\u00e1ln\u00ed Steinbach ru\u010dn\u00ed houba dvojbalen\u00ed\"}]},{\"@type\":\"WebSite\",\"@id\":\"https:\/\/www.oknobuild.com\/#website\",\"url\":\"https:\/\/www.oknobuild.com\/\",\"name\":\"\",\"description\":\"\",\"potentialAction\":[{\"@type\":\"SearchAction\",\"target\":{\"@type\":\"EntryPoint\",\"urlTemplate\":\"https:\/\/www.oknobuild.com\/?s={search_term_string}\"},\"query-input\":{\"@type\":\"PropertyValueSpecification\",\"valueRequired\":true,\"valueName\":\"search_term_string\"}}],\"inLanguage\":\"cs\"}]}<\/script>\n<!-- \/ Yoast SEO plugin. -->","yoast_head_json":{"title":"Origin\u00e1ln\u00ed Steinbach ru\u010dn\u00ed houba dvojbalen\u00ed -","robots":{"index":"index","follow":"follow","max-snippet":"max-snippet:-1","max-image-preview":"max-image-preview:large","max-video-preview":"max-video-preview:-1"},"canonical":"https:\/\/www.oknobuild.com\/index.php\/produkt\/originalni-steinbach-rucni-houba-dvojbaleni-33896\/","og_locale":"cs_CZ","og_type":"article","og_title":"Origin\u00e1ln\u00ed Steinbach ru\u010dn\u00ed houba dvojbalen\u00ed -","og_description":"dva r\u016fzn\u00e9 povrchysnadn\u00e1 manipulacepro d\u016fkladn\u00e9 vy\u010di\u0161t\u011bn\u00ed, ve dvojit\u00e9m balen\u00ed v\u00e1ha p\u0159edm\u011btu 120g \u010c\u00edslo d\u00edlu 061135 Rozm\u011bry 29,5 x 18,5 x 7 cm","og_url":"https:\/\/www.oknobuild.com\/index.php\/produkt\/originalni-steinbach-rucni-houba-dvojbaleni-33896\/","og_image":[{"width":1000,"height":534,"url":"https:\/\/www.oknobuild.com\/wp-content\/uploads\/2026\/SK0020056-CZ20260425-092328-0-1777080210-211229-1_121619.webp","type":"image\/webp"}],"twitter_card":"summary_large_image","schema":{"@context":"https:\/\/schema.org","@graph":[{"@type":"WebPage","@id":"https:\/\/www.oknobuild.com\/index.php\/produkt\/originalni-steinbach-rucni-houba-dvojbaleni-33896\/","url":"https:\/\/www.oknobuild.com\/index.php\/produkt\/originalni-steinbach-rucni-houba-dvojbaleni-33896\/","name":"Origin\u00e1ln\u00ed Steinbach ru\u010dn\u00ed houba dvojbalen\u00ed -","isPartOf":{"@id":"https:\/\/www.oknobuild.com\/#website"},"primaryImageOfPage":{"@id":"https:\/\/www.oknobuild.com\/index.php\/produkt\/originalni-steinbach-rucni-houba-dvojbaleni-33896\/#primaryimage"},"image":{"@id":"https:\/\/www.oknobuild.com\/index.php\/produkt\/originalni-steinbach-rucni-houba-dvojbaleni-33896\/#primaryimage"},"thumbnailUrl":"https:\/\/www.oknobuild.com\/wp-content\/uploads\/2026\/SK0020056-CZ20260425-092328-0-1777080210-211229-1_121619.webp","datePublished":"2026-04-27T04:42:01+00:00","breadcrumb":{"@id":"https:\/\/www.oknobuild.com\/index.php\/produkt\/originalni-steinbach-rucni-houba-dvojbaleni-33896\/#breadcrumb"},"inLanguage":"cs","potentialAction":[{"@type":"ReadAction","target":["https:\/\/www.oknobuild.com\/index.php\/produkt\/originalni-steinbach-rucni-houba-dvojbaleni-33896\/"]}]},{"@type":"ImageObject","inLanguage":"cs","@id":"https:\/\/www.oknobuild.com\/index.php\/produkt\/originalni-steinbach-rucni-houba-dvojbaleni-33896\/#primaryimage","url":"https:\/\/www.oknobuild.com\/wp-content\/uploads\/2026\/SK0020056-CZ20260425-092328-0-1777080210-211229-1_121619.webp","contentUrl":"https:\/\/www.oknobuild.com\/wp-content\/uploads\/2026\/SK0020056-CZ20260425-092328-0-1777080210-211229-1_121619.webp","width":1000,"height":534},{"@type":"BreadcrumbList","@id":"https:\/\/www.oknobuild.com\/index.php\/produkt\/originalni-steinbach-rucni-houba-dvojbaleni-33896\/#breadcrumb","itemListElement":[{"@type":"ListItem","position":1,"name":"Home","item":"https:\/\/www.oknobuild.com\/"},{"@type":"ListItem","position":2,"name":"Products","item":"https:\/\/www.oknobuild.com\/index.php\/products\/"},{"@type":"ListItem","position":3,"name":"Origin\u00e1ln\u00ed Steinbach ru\u010dn\u00ed houba dvojbalen\u00ed"}]},{"@type":"WebSite","@id":"https:\/\/www.oknobuild.com\/#website","url":"https:\/\/www.oknobuild.com\/","name":"","description":"","potentialAction":[{"@type":"SearchAction","target":{"@type":"EntryPoint","urlTemplate":"https:\/\/www.oknobuild.com\/?s={search_term_string}"},"query-input":{"@type":"PropertyValueSpecification","valueRequired":true,"valueName":"search_term_string"}}],"inLanguage":"cs"}]}},"_links":{"self":[{"href":"https:\/\/www.oknobuild.com\/index.php\/wp-json\/wp\/v2\/product\/33896","targetHints":{"allow":["GET"]}}],"collection":[{"href":"https:\/\/www.oknobuild.com\/index.php\/wp-json\/wp\/v2\/product"}],"about":[{"href":"https:\/\/www.oknobuild.com\/index.php\/wp-json\/wp\/v2\/types\/product"}],"replies":[{"embeddable":true,"href":"https:\/\/www.oknobuild.com\/index.php\/wp-json\/wp\/v2\/comments?post=33896"}],"wp:featuredmedia":[{"embeddable":true,"href":"https:\/\/www.oknobuild.com\/index.php\/wp-json\/wp\/v2\/media\/33996"}],"wp:attachment":[{"href":"https:\/\/www.oknobuild.com\/index.php\/wp-json\/wp\/v2\/media?parent=33896"}],"wp:term":[{"taxonomy":"product_brand","embeddable":true,"href":"https:\/\/www.oknobuild.com\/index.php\/wp-json\/wp\/v2\/product_brand?post=33896"},{"taxonomy":"product_cat","embeddable":true,"href":"https:\/\/www.oknobuild.com\/index.php\/wp-json\/wp\/v2\/product_cat?post=33896"},{"taxonomy":"product_tag","embeddable":true,"href":"https:\/\/www.oknobuild.com\/index.php\/wp-json\/wp\/v2\/product_tag?post=33896"}],"curies":[{"name":"wp","href":"https:\/\/api.w.org\/{rel}","templated":true}]}}