{"id":33900,"date":"2026-04-27T04:42:01","date_gmt":"2026-04-27T04:42:01","guid":{"rendered":""},"modified":"2026-04-27T04:42:01","modified_gmt":"2026-04-27T04:42:01","slug":"akce-steinbach-plovouci-teplomer-s-plovakem-33900","status":"publish","type":"product","link":"https:\/\/www.oknobuild.com\/index.php\/produkt\/akce-steinbach-plovouci-teplomer-s-plovakem-33900\/","title":{"rendered":"Akce Steinbach plovouc\u00ed teplom\u011br s plov\u00e1kem"},"content":{"rendered":"<table>\n<div class=\"tab-pane active product-description\" id=\"popis\" role=\"tabpanel\">\n<div class=\"short-description\" itemprop=\"description\"><\/div>\n<div class=\"description\"><span class='bullet-line'>velk\u00e1, \u010derven\u00e1 kulov\u00e1 hlava<\/span><span class='bullet-line'>snadno \u010diteln\u00e9 \u010d\u00edslice<\/span><span class='bullet-line'>Bezpe\u010dnostn\u00ed linie<\/span><\/div>\n<div class=\"parameters\">\n<tr>\n<td>v\u00e1ha p\u0159edm\u011btu<\/td>\n<td>160g<\/td>\n<\/tr>\n<tr>\n<td>\u010c\u00edslo d\u00edlu<\/td>\n<td>1184860<\/td>\n<\/tr><\/div>\n<\/table>\n","protected":false},"excerpt":{"rendered":"<p>velk\u00e1, \u010derven\u00e1 kulov\u00e1 hlavasnadno \u010diteln\u00e9 \u010d\u00edsliceBezpe\u010dnostn\u00ed linie v\u00e1ha p\u0159edm\u011btu 160g \u010c\u00edslo d\u00edlu 1184860<\/p>\n","protected":false},"featured_media":34000,"comment_status":"open","ping_status":"open","template":"","meta":[],"product_brand":[],"product_cat":[81,82,83],"product_tag":[],"class_list":{"0":"post-33900","1":"product","2":"type-product","3":"status-publish","4":"has-post-thumbnail","6":"product_cat-bazen","7":"product_cat-sport","8":"product_cat-volny-cas","10":"first","11":"instock","12":"sale","13":"shipping-taxable","14":"purchasable","15":"product-type-simple"},"yoast_head":"<!-- This site is optimized with the Yoast SEO plugin v26.8 - https:\/\/yoast.com\/product\/yoast-seo-wordpress\/ -->\n<title>Akce Steinbach plovouc\u00ed teplom\u011br s plov\u00e1kem -<\/title>\n<meta name=\"robots\" content=\"index, follow, max-snippet:-1, max-image-preview:large, max-video-preview:-1\" \/>\n<link rel=\"canonical\" href=\"https:\/\/www.oknobuild.com\/index.php\/produkt\/akce-steinbach-plovouci-teplomer-s-plovakem-33900\/\" \/>\n<meta property=\"og:locale\" content=\"cs_CZ\" \/>\n<meta property=\"og:type\" content=\"article\" \/>\n<meta property=\"og:title\" content=\"Akce Steinbach plovouc\u00ed teplom\u011br s plov\u00e1kem -\" \/>\n<meta property=\"og:description\" content=\"velk\u00e1, \u010derven\u00e1 kulov\u00e1 hlavasnadno \u010diteln\u00e9 \u010d\u00edsliceBezpe\u010dnostn\u00ed linie v\u00e1ha p\u0159edm\u011btu 160g \u010c\u00edslo d\u00edlu 1184860\" \/>\n<meta property=\"og:url\" content=\"https:\/\/www.oknobuild.com\/index.php\/produkt\/akce-steinbach-plovouci-teplomer-s-plovakem-33900\/\" \/>\n<meta property=\"og:image\" content=\"https:\/\/www.oknobuild.com\/wp-content\/uploads\/2026\/SK0020060-CZ20260425-092328-0-1777080210-211234-1_122119.webp\" \/>\n\t<meta property=\"og:image:width\" content=\"314\" \/>\n\t<meta property=\"og:image:height\" content=\"800\" \/>\n\t<meta property=\"og:image:type\" content=\"image\/webp\" \/>\n<meta name=\"twitter:card\" content=\"summary_large_image\" \/>\n<script type=\"application\/ld+json\" class=\"yoast-schema-graph\">{\"@context\":\"https:\/\/schema.org\",\"@graph\":[{\"@type\":\"WebPage\",\"@id\":\"https:\/\/www.oknobuild.com\/index.php\/produkt\/akce-steinbach-plovouci-teplomer-s-plovakem-33900\/\",\"url\":\"https:\/\/www.oknobuild.com\/index.php\/produkt\/akce-steinbach-plovouci-teplomer-s-plovakem-33900\/\",\"name\":\"Akce Steinbach plovouc\u00ed teplom\u011br s plov\u00e1kem -\",\"isPartOf\":{\"@id\":\"https:\/\/www.oknobuild.com\/#website\"},\"primaryImageOfPage\":{\"@id\":\"https:\/\/www.oknobuild.com\/index.php\/produkt\/akce-steinbach-plovouci-teplomer-s-plovakem-33900\/#primaryimage\"},\"image\":{\"@id\":\"https:\/\/www.oknobuild.com\/index.php\/produkt\/akce-steinbach-plovouci-teplomer-s-plovakem-33900\/#primaryimage\"},\"thumbnailUrl\":\"https:\/\/www.oknobuild.com\/wp-content\/uploads\/2026\/SK0020060-CZ20260425-092328-0-1777080210-211234-1_122119.webp\",\"datePublished\":\"2026-04-27T04:42:01+00:00\",\"breadcrumb\":{\"@id\":\"https:\/\/www.oknobuild.com\/index.php\/produkt\/akce-steinbach-plovouci-teplomer-s-plovakem-33900\/#breadcrumb\"},\"inLanguage\":\"cs\",\"potentialAction\":[{\"@type\":\"ReadAction\",\"target\":[\"https:\/\/www.oknobuild.com\/index.php\/produkt\/akce-steinbach-plovouci-teplomer-s-plovakem-33900\/\"]}]},{\"@type\":\"ImageObject\",\"inLanguage\":\"cs\",\"@id\":\"https:\/\/www.oknobuild.com\/index.php\/produkt\/akce-steinbach-plovouci-teplomer-s-plovakem-33900\/#primaryimage\",\"url\":\"https:\/\/www.oknobuild.com\/wp-content\/uploads\/2026\/SK0020060-CZ20260425-092328-0-1777080210-211234-1_122119.webp\",\"contentUrl\":\"https:\/\/www.oknobuild.com\/wp-content\/uploads\/2026\/SK0020060-CZ20260425-092328-0-1777080210-211234-1_122119.webp\",\"width\":314,\"height\":800},{\"@type\":\"BreadcrumbList\",\"@id\":\"https:\/\/www.oknobuild.com\/index.php\/produkt\/akce-steinbach-plovouci-teplomer-s-plovakem-33900\/#breadcrumb\",\"itemListElement\":[{\"@type\":\"ListItem\",\"position\":1,\"name\":\"Home\",\"item\":\"https:\/\/www.oknobuild.com\/\"},{\"@type\":\"ListItem\",\"position\":2,\"name\":\"Products\",\"item\":\"https:\/\/www.oknobuild.com\/index.php\/products\/\"},{\"@type\":\"ListItem\",\"position\":3,\"name\":\"Akce Steinbach plovouc\u00ed teplom\u011br s plov\u00e1kem\"}]},{\"@type\":\"WebSite\",\"@id\":\"https:\/\/www.oknobuild.com\/#website\",\"url\":\"https:\/\/www.oknobuild.com\/\",\"name\":\"\",\"description\":\"\",\"potentialAction\":[{\"@type\":\"SearchAction\",\"target\":{\"@type\":\"EntryPoint\",\"urlTemplate\":\"https:\/\/www.oknobuild.com\/?s={search_term_string}\"},\"query-input\":{\"@type\":\"PropertyValueSpecification\",\"valueRequired\":true,\"valueName\":\"search_term_string\"}}],\"inLanguage\":\"cs\"}]}<\/script>\n<!-- \/ Yoast SEO plugin. -->","yoast_head_json":{"title":"Akce Steinbach plovouc\u00ed teplom\u011br s plov\u00e1kem -","robots":{"index":"index","follow":"follow","max-snippet":"max-snippet:-1","max-image-preview":"max-image-preview:large","max-video-preview":"max-video-preview:-1"},"canonical":"https:\/\/www.oknobuild.com\/index.php\/produkt\/akce-steinbach-plovouci-teplomer-s-plovakem-33900\/","og_locale":"cs_CZ","og_type":"article","og_title":"Akce Steinbach plovouc\u00ed teplom\u011br s plov\u00e1kem -","og_description":"velk\u00e1, \u010derven\u00e1 kulov\u00e1 hlavasnadno \u010diteln\u00e9 \u010d\u00edsliceBezpe\u010dnostn\u00ed linie v\u00e1ha p\u0159edm\u011btu 160g \u010c\u00edslo d\u00edlu 1184860","og_url":"https:\/\/www.oknobuild.com\/index.php\/produkt\/akce-steinbach-plovouci-teplomer-s-plovakem-33900\/","og_image":[{"width":314,"height":800,"url":"https:\/\/www.oknobuild.com\/wp-content\/uploads\/2026\/SK0020060-CZ20260425-092328-0-1777080210-211234-1_122119.webp","type":"image\/webp"}],"twitter_card":"summary_large_image","schema":{"@context":"https:\/\/schema.org","@graph":[{"@type":"WebPage","@id":"https:\/\/www.oknobuild.com\/index.php\/produkt\/akce-steinbach-plovouci-teplomer-s-plovakem-33900\/","url":"https:\/\/www.oknobuild.com\/index.php\/produkt\/akce-steinbach-plovouci-teplomer-s-plovakem-33900\/","name":"Akce Steinbach plovouc\u00ed teplom\u011br s plov\u00e1kem -","isPartOf":{"@id":"https:\/\/www.oknobuild.com\/#website"},"primaryImageOfPage":{"@id":"https:\/\/www.oknobuild.com\/index.php\/produkt\/akce-steinbach-plovouci-teplomer-s-plovakem-33900\/#primaryimage"},"image":{"@id":"https:\/\/www.oknobuild.com\/index.php\/produkt\/akce-steinbach-plovouci-teplomer-s-plovakem-33900\/#primaryimage"},"thumbnailUrl":"https:\/\/www.oknobuild.com\/wp-content\/uploads\/2026\/SK0020060-CZ20260425-092328-0-1777080210-211234-1_122119.webp","datePublished":"2026-04-27T04:42:01+00:00","breadcrumb":{"@id":"https:\/\/www.oknobuild.com\/index.php\/produkt\/akce-steinbach-plovouci-teplomer-s-plovakem-33900\/#breadcrumb"},"inLanguage":"cs","potentialAction":[{"@type":"ReadAction","target":["https:\/\/www.oknobuild.com\/index.php\/produkt\/akce-steinbach-plovouci-teplomer-s-plovakem-33900\/"]}]},{"@type":"ImageObject","inLanguage":"cs","@id":"https:\/\/www.oknobuild.com\/index.php\/produkt\/akce-steinbach-plovouci-teplomer-s-plovakem-33900\/#primaryimage","url":"https:\/\/www.oknobuild.com\/wp-content\/uploads\/2026\/SK0020060-CZ20260425-092328-0-1777080210-211234-1_122119.webp","contentUrl":"https:\/\/www.oknobuild.com\/wp-content\/uploads\/2026\/SK0020060-CZ20260425-092328-0-1777080210-211234-1_122119.webp","width":314,"height":800},{"@type":"BreadcrumbList","@id":"https:\/\/www.oknobuild.com\/index.php\/produkt\/akce-steinbach-plovouci-teplomer-s-plovakem-33900\/#breadcrumb","itemListElement":[{"@type":"ListItem","position":1,"name":"Home","item":"https:\/\/www.oknobuild.com\/"},{"@type":"ListItem","position":2,"name":"Products","item":"https:\/\/www.oknobuild.com\/index.php\/products\/"},{"@type":"ListItem","position":3,"name":"Akce Steinbach plovouc\u00ed teplom\u011br s plov\u00e1kem"}]},{"@type":"WebSite","@id":"https:\/\/www.oknobuild.com\/#website","url":"https:\/\/www.oknobuild.com\/","name":"","description":"","potentialAction":[{"@type":"SearchAction","target":{"@type":"EntryPoint","urlTemplate":"https:\/\/www.oknobuild.com\/?s={search_term_string}"},"query-input":{"@type":"PropertyValueSpecification","valueRequired":true,"valueName":"search_term_string"}}],"inLanguage":"cs"}]}},"_links":{"self":[{"href":"https:\/\/www.oknobuild.com\/index.php\/wp-json\/wp\/v2\/product\/33900","targetHints":{"allow":["GET"]}}],"collection":[{"href":"https:\/\/www.oknobuild.com\/index.php\/wp-json\/wp\/v2\/product"}],"about":[{"href":"https:\/\/www.oknobuild.com\/index.php\/wp-json\/wp\/v2\/types\/product"}],"replies":[{"embeddable":true,"href":"https:\/\/www.oknobuild.com\/index.php\/wp-json\/wp\/v2\/comments?post=33900"}],"wp:featuredmedia":[{"embeddable":true,"href":"https:\/\/www.oknobuild.com\/index.php\/wp-json\/wp\/v2\/media\/34000"}],"wp:attachment":[{"href":"https:\/\/www.oknobuild.com\/index.php\/wp-json\/wp\/v2\/media?parent=33900"}],"wp:term":[{"taxonomy":"product_brand","embeddable":true,"href":"https:\/\/www.oknobuild.com\/index.php\/wp-json\/wp\/v2\/product_brand?post=33900"},{"taxonomy":"product_cat","embeddable":true,"href":"https:\/\/www.oknobuild.com\/index.php\/wp-json\/wp\/v2\/product_cat?post=33900"},{"taxonomy":"product_tag","embeddable":true,"href":"https:\/\/www.oknobuild.com\/index.php\/wp-json\/wp\/v2\/product_tag?post=33900"}],"curies":[{"name":"wp","href":"https:\/\/api.w.org\/{rel}","templated":true}]}}