{"id":33902,"date":"2026-04-27T04:42:01","date_gmt":"2026-04-27T04:42:01","guid":{"rendered":""},"modified":"2026-04-27T04:42:01","modified_gmt":"2026-04-27T04:42:01","slug":"steinbach-vysavac-poolrunner-battery-modry-top-prodej-33902","status":"publish","type":"product","link":"https:\/\/www.oknobuild.com\/index.php\/produkt\/steinbach-vysavac-poolrunner-battery-modry-top-prodej-33902\/","title":{"rendered":"Steinbach vysava\u010d Poolrunner Battery+,modr\u00fd Top Prodej"},"content":{"rendered":"<table>\n<div class=\"tab-pane active product-description\" id=\"popis\" role=\"tabpanel\">\n<div class=\"short-description\" itemprop=\"description\">Automatick\u00fd akumul\u00e1torov\u00fd vysava\u010d pro \u010di\u0161t\u011bn\u00ed baz\u00e9n\u016f s ploch\u00fdm dnem bez kabelu!<\/div>\n<div class=\"description\">\n<p><span class=\"bullet-line\">Pln\u011b automatick\u00e1 baterie Steinbach Poolrunner + baterie se pou\u017e\u00edv\u00e1 k \u010di\u0161t\u011bn\u00ed v\u0161ech baz\u00e9n\u016f s ploch\u00fdm dnem.&nbsp;<\/span><br \/><span class=\"bullet-line\">Pou\u017e\u00edv\u00e1 integrovanou dob\u00edjec\u00ed baterii, je bezdr\u00e1tov\u00e1 a je proto vhodn\u00e1 pro baz\u00e9ny v\u0161ech velikost\u00ed.&nbsp;<\/span><br \/><span class=\"bullet-line\">Tento vysava\u010d doporu\u010dujeme pou\u017e\u00edt pro baz\u00e9ny do 80 m2 a maxim\u00e1ln\u00ed hloubku 2 m.&nbsp;<\/span><br \/><span class=\"bullet-line\">Aspir\u00e1tor automaticky za\u010dne pracovat, kdy\u017e je zcela pono\u0159en do vody, a vypne se, pokud hladina vody nen\u00ed dostate\u010dn\u00e1, \u010d\u00edm\u017e se chr\u00e1n\u00ed motor.&nbsp;<\/span><br \/><span class=\"bullet-line\">\u010cisti\u010d je vybaven 12,6 V DC motorem s proudov\u00fdm motorem pro \u010di\u0161t\u011bn\u00ed podlah samostatn\u011b.&nbsp;<\/span><br \/><span class=\"bullet-line\">Ovl\u00e1d\u00e1n\u00ed se prov\u00e1d\u00ed pomoc\u00ed trysky vp\u0159edu nebo vzadu.&nbsp;<\/span><br \/><span class=\"bullet-line\">S kart\u00e1\u010dem integrovan\u00fdm ve spodn\u00ed \u010d\u00e1sti a 180 \u03bcm filtra\u010dn\u00ed jednotkou Vysava\u010d je ide\u00e1ln\u00ed pro odstra\u0148ov\u00e1n\u00ed ne\u010distot z baz\u00e9nu a zaji\u0161\u0165uje k\u0159i\u0161\u0165\u00e1lov\u011b \u010distou vodu v baz\u00e9nu.&nbsp;<\/span><br \/><span class=\"bullet-line\">Integrovan\u00fd filtra\u010dn\u00ed syst\u00e9m m\u00e1 v\u00fdkon asi 10 m3 \/ h.&nbsp;<\/span><br \/><span class=\"bullet-line\">\u017divotnost baterie je a\u017e 120 minut.&nbsp;<\/span><br \/><span class=\"bullet-line\">D\u00edky v\u00edcebarevn\u00e9mu LED indik\u00e1toru zobrazuje robot baz\u00e9nu, kdy\u017e je baterie dostate\u010dn\u00e1 (modr\u00e9 sv\u011btlo) nebo kritick\u00e1 (\u010derven\u00e9 sv\u011btlo).&nbsp;<\/span><br \/><span class=\"bullet-line\">Dob\u00edjec\u00ed lithium-iontov\u00e1 baterie s kapacitou baterie 6600 mAh vy\u017eaduje dobu nab\u00edjen\u00ed 5-6 hodin.&nbsp;<\/span><br \/><span class=\"bullet-line\">Podlahov\u00fd vysava\u010d se rychle a snadno \u010dist\u00ed a m\u00e1 velkou n\u00e1dobu na sb\u011br ne\u010distot o objemu 5 litr\u016f.&nbsp;<\/span><br \/><span class=\"bullet-line\">Robot s bateri\u00ed pro optim\u00e1ln\u00ed \u010di\u0161t\u011bn\u00ed podlahy baz\u00e9nu.<\/span><br \/><span class=\"bullet-line\">Ovl\u00e1d\u00e1n\u00ed pomoc\u00ed vodn\u00edch trysek vp\u0159edu a vzadu.<\/span><br \/><span class=\"bullet-line\">Senzor vody pro automatick\u00e9 zapnut\u00ed a vypnut\u00ed.<\/span><br \/><span class=\"bullet-line\">Filtra\u010dn\u00ed \u010derpadlo 12,6 V, 50 W<\/span><br \/><span class=\"bullet-line\">Dob\u00edjec\u00ed lithium-iontov\u00e1 baterie s kapacitou 6600 mAh.<\/span><br \/><span class=\"bullet-line\">V\u00edcebarevn\u00fd LED displej<\/span><br \/><span class=\"bullet-line\">Extra sv\u011btlo pro snadnou manipulaci.<\/span><br \/>&nbsp;<\/p>\n<\/div>\n<div class=\"parameters\">\n<tr>\n<td>Rozm\u011bry a \/ nebo hmotnost<\/td>\n<td>40 x 36 x 27 cm<\/td>\n<\/tr>\n<tr>\n<td>Po\u010det d\u00edl\u016f<\/td>\n<td>061013<\/td>\n<\/tr><\/div>\n<\/table>\n","protected":false},"excerpt":{"rendered":"<p>Automatick\u00fd akumul\u00e1torov\u00fd vysava\u010d pro \u010di\u0161t\u011bn\u00ed baz\u00e9n\u016f s ploch\u00fdm dnem bez kabelu! Pln\u011b automatick\u00e1 baterie Steinbach Poolrunner + baterie se pou\u017e\u00edv\u00e1 k \u010di\u0161t\u011bn\u00ed v\u0161ech baz\u00e9n\u016f s ploch\u00fdm dnem.&nbsp;Pou\u017e\u00edv\u00e1 integrovanou dob\u00edjec\u00ed baterii, je bezdr\u00e1tov\u00e1 a je proto vhodn\u00e1 pro baz\u00e9ny v\u0161ech velikost\u00ed.&nbsp;Tento vysava\u010d doporu\u010dujeme pou\u017e\u00edt pro baz\u00e9ny do 80 m2 a maxim\u00e1ln\u00ed hloubku 2 m.&nbsp;Aspir\u00e1tor automaticky za\u010dne [&hellip;]<\/p>\n","protected":false},"featured_media":34002,"comment_status":"open","ping_status":"open","template":"","meta":[],"product_brand":[],"product_cat":[81,82,83],"product_tag":[],"class_list":{"0":"post-33902","1":"product","2":"type-product","3":"status-publish","4":"has-post-thumbnail","6":"product_cat-bazen","7":"product_cat-sport","8":"product_cat-volny-cas","10":"first","11":"instock","12":"sale","13":"shipping-taxable","14":"purchasable","15":"product-type-simple"},"yoast_head":"<!-- This site is optimized with the Yoast SEO plugin v26.8 - https:\/\/yoast.com\/product\/yoast-seo-wordpress\/ -->\n<title>Steinbach vysava\u010d Poolrunner Battery+,modr\u00fd Top Prodej -<\/title>\n<meta name=\"robots\" content=\"index, follow, max-snippet:-1, max-image-preview:large, max-video-preview:-1\" \/>\n<link rel=\"canonical\" href=\"https:\/\/www.oknobuild.com\/index.php\/produkt\/steinbach-vysavac-poolrunner-battery-modry-top-prodej-33902\/\" \/>\n<meta property=\"og:locale\" content=\"cs_CZ\" \/>\n<meta property=\"og:type\" content=\"article\" \/>\n<meta property=\"og:title\" content=\"Steinbach vysava\u010d Poolrunner Battery+,modr\u00fd Top Prodej -\" \/>\n<meta property=\"og:description\" content=\"Automatick\u00fd akumul\u00e1torov\u00fd vysava\u010d pro \u010di\u0161t\u011bn\u00ed baz\u00e9n\u016f s ploch\u00fdm dnem bez kabelu! Pln\u011b automatick\u00e1 baterie Steinbach Poolrunner + baterie se pou\u017e\u00edv\u00e1 k \u010di\u0161t\u011bn\u00ed v\u0161ech baz\u00e9n\u016f s ploch\u00fdm dnem.&nbsp;Pou\u017e\u00edv\u00e1 integrovanou dob\u00edjec\u00ed baterii, je bezdr\u00e1tov\u00e1 a je proto vhodn\u00e1 pro baz\u00e9ny v\u0161ech velikost\u00ed.&nbsp;Tento vysava\u010d doporu\u010dujeme pou\u017e\u00edt pro baz\u00e9ny do 80 m2 a maxim\u00e1ln\u00ed hloubku 2 m.&nbsp;Aspir\u00e1tor automaticky za\u010dne [&hellip;]\" \/>\n<meta property=\"og:url\" content=\"https:\/\/www.oknobuild.com\/index.php\/produkt\/steinbach-vysavac-poolrunner-battery-modry-top-prodej-33902\/\" \/>\n<meta property=\"og:image\" content=\"https:\/\/www.oknobuild.com\/wp-content\/uploads\/2026\/SK0020063-CZ20260425-092328-0-1777080210-211288-1_124519.webp\" \/>\n\t<meta property=\"og:image:width\" content=\"1000\" \/>\n\t<meta property=\"og:image:height\" content=\"714\" \/>\n\t<meta property=\"og:image:type\" content=\"image\/webp\" \/>\n<meta name=\"twitter:card\" content=\"summary_large_image\" \/>\n<meta name=\"twitter:label1\" content=\"Odhadovan\u00e1 doba \u010dten\u00ed\" \/>\n\t<meta name=\"twitter:data1\" content=\"2 minuty\" \/>\n<script type=\"application\/ld+json\" class=\"yoast-schema-graph\">{\"@context\":\"https:\/\/schema.org\",\"@graph\":[{\"@type\":\"WebPage\",\"@id\":\"https:\/\/www.oknobuild.com\/index.php\/produkt\/steinbach-vysavac-poolrunner-battery-modry-top-prodej-33902\/\",\"url\":\"https:\/\/www.oknobuild.com\/index.php\/produkt\/steinbach-vysavac-poolrunner-battery-modry-top-prodej-33902\/\",\"name\":\"Steinbach vysava\u010d Poolrunner Battery+,modr\u00fd Top Prodej -\",\"isPartOf\":{\"@id\":\"https:\/\/www.oknobuild.com\/#website\"},\"primaryImageOfPage\":{\"@id\":\"https:\/\/www.oknobuild.com\/index.php\/produkt\/steinbach-vysavac-poolrunner-battery-modry-top-prodej-33902\/#primaryimage\"},\"image\":{\"@id\":\"https:\/\/www.oknobuild.com\/index.php\/produkt\/steinbach-vysavac-poolrunner-battery-modry-top-prodej-33902\/#primaryimage\"},\"thumbnailUrl\":\"https:\/\/www.oknobuild.com\/wp-content\/uploads\/2026\/SK0020063-CZ20260425-092328-0-1777080210-211288-1_124519.webp\",\"datePublished\":\"2026-04-27T04:42:01+00:00\",\"breadcrumb\":{\"@id\":\"https:\/\/www.oknobuild.com\/index.php\/produkt\/steinbach-vysavac-poolrunner-battery-modry-top-prodej-33902\/#breadcrumb\"},\"inLanguage\":\"cs\",\"potentialAction\":[{\"@type\":\"ReadAction\",\"target\":[\"https:\/\/www.oknobuild.com\/index.php\/produkt\/steinbach-vysavac-poolrunner-battery-modry-top-prodej-33902\/\"]}]},{\"@type\":\"ImageObject\",\"inLanguage\":\"cs\",\"@id\":\"https:\/\/www.oknobuild.com\/index.php\/produkt\/steinbach-vysavac-poolrunner-battery-modry-top-prodej-33902\/#primaryimage\",\"url\":\"https:\/\/www.oknobuild.com\/wp-content\/uploads\/2026\/SK0020063-CZ20260425-092328-0-1777080210-211288-1_124519.webp\",\"contentUrl\":\"https:\/\/www.oknobuild.com\/wp-content\/uploads\/2026\/SK0020063-CZ20260425-092328-0-1777080210-211288-1_124519.webp\",\"width\":1000,\"height\":714},{\"@type\":\"BreadcrumbList\",\"@id\":\"https:\/\/www.oknobuild.com\/index.php\/produkt\/steinbach-vysavac-poolrunner-battery-modry-top-prodej-33902\/#breadcrumb\",\"itemListElement\":[{\"@type\":\"ListItem\",\"position\":1,\"name\":\"Home\",\"item\":\"https:\/\/www.oknobuild.com\/\"},{\"@type\":\"ListItem\",\"position\":2,\"name\":\"Products\",\"item\":\"https:\/\/www.oknobuild.com\/index.php\/products\/\"},{\"@type\":\"ListItem\",\"position\":3,\"name\":\"Steinbach vysava\u010d Poolrunner Battery+,modr\u00fd Top Prodej\"}]},{\"@type\":\"WebSite\",\"@id\":\"https:\/\/www.oknobuild.com\/#website\",\"url\":\"https:\/\/www.oknobuild.com\/\",\"name\":\"\",\"description\":\"\",\"potentialAction\":[{\"@type\":\"SearchAction\",\"target\":{\"@type\":\"EntryPoint\",\"urlTemplate\":\"https:\/\/www.oknobuild.com\/?s={search_term_string}\"},\"query-input\":{\"@type\":\"PropertyValueSpecification\",\"valueRequired\":true,\"valueName\":\"search_term_string\"}}],\"inLanguage\":\"cs\"}]}<\/script>\n<!-- \/ Yoast SEO plugin. -->","yoast_head_json":{"title":"Steinbach vysava\u010d Poolrunner Battery+,modr\u00fd Top Prodej -","robots":{"index":"index","follow":"follow","max-snippet":"max-snippet:-1","max-image-preview":"max-image-preview:large","max-video-preview":"max-video-preview:-1"},"canonical":"https:\/\/www.oknobuild.com\/index.php\/produkt\/steinbach-vysavac-poolrunner-battery-modry-top-prodej-33902\/","og_locale":"cs_CZ","og_type":"article","og_title":"Steinbach vysava\u010d Poolrunner Battery+,modr\u00fd Top Prodej -","og_description":"Automatick\u00fd akumul\u00e1torov\u00fd vysava\u010d pro \u010di\u0161t\u011bn\u00ed baz\u00e9n\u016f s ploch\u00fdm dnem bez kabelu! Pln\u011b automatick\u00e1 baterie Steinbach Poolrunner + baterie se pou\u017e\u00edv\u00e1 k \u010di\u0161t\u011bn\u00ed v\u0161ech baz\u00e9n\u016f s ploch\u00fdm dnem.&nbsp;Pou\u017e\u00edv\u00e1 integrovanou dob\u00edjec\u00ed baterii, je bezdr\u00e1tov\u00e1 a je proto vhodn\u00e1 pro baz\u00e9ny v\u0161ech velikost\u00ed.&nbsp;Tento vysava\u010d doporu\u010dujeme pou\u017e\u00edt pro baz\u00e9ny do 80 m2 a maxim\u00e1ln\u00ed hloubku 2 m.&nbsp;Aspir\u00e1tor automaticky za\u010dne [&hellip;]","og_url":"https:\/\/www.oknobuild.com\/index.php\/produkt\/steinbach-vysavac-poolrunner-battery-modry-top-prodej-33902\/","og_image":[{"width":1000,"height":714,"url":"https:\/\/www.oknobuild.com\/wp-content\/uploads\/2026\/SK0020063-CZ20260425-092328-0-1777080210-211288-1_124519.webp","type":"image\/webp"}],"twitter_card":"summary_large_image","twitter_misc":{"Odhadovan\u00e1 doba \u010dten\u00ed":"2 minuty"},"schema":{"@context":"https:\/\/schema.org","@graph":[{"@type":"WebPage","@id":"https:\/\/www.oknobuild.com\/index.php\/produkt\/steinbach-vysavac-poolrunner-battery-modry-top-prodej-33902\/","url":"https:\/\/www.oknobuild.com\/index.php\/produkt\/steinbach-vysavac-poolrunner-battery-modry-top-prodej-33902\/","name":"Steinbach vysava\u010d Poolrunner Battery+,modr\u00fd Top Prodej -","isPartOf":{"@id":"https:\/\/www.oknobuild.com\/#website"},"primaryImageOfPage":{"@id":"https:\/\/www.oknobuild.com\/index.php\/produkt\/steinbach-vysavac-poolrunner-battery-modry-top-prodej-33902\/#primaryimage"},"image":{"@id":"https:\/\/www.oknobuild.com\/index.php\/produkt\/steinbach-vysavac-poolrunner-battery-modry-top-prodej-33902\/#primaryimage"},"thumbnailUrl":"https:\/\/www.oknobuild.com\/wp-content\/uploads\/2026\/SK0020063-CZ20260425-092328-0-1777080210-211288-1_124519.webp","datePublished":"2026-04-27T04:42:01+00:00","breadcrumb":{"@id":"https:\/\/www.oknobuild.com\/index.php\/produkt\/steinbach-vysavac-poolrunner-battery-modry-top-prodej-33902\/#breadcrumb"},"inLanguage":"cs","potentialAction":[{"@type":"ReadAction","target":["https:\/\/www.oknobuild.com\/index.php\/produkt\/steinbach-vysavac-poolrunner-battery-modry-top-prodej-33902\/"]}]},{"@type":"ImageObject","inLanguage":"cs","@id":"https:\/\/www.oknobuild.com\/index.php\/produkt\/steinbach-vysavac-poolrunner-battery-modry-top-prodej-33902\/#primaryimage","url":"https:\/\/www.oknobuild.com\/wp-content\/uploads\/2026\/SK0020063-CZ20260425-092328-0-1777080210-211288-1_124519.webp","contentUrl":"https:\/\/www.oknobuild.com\/wp-content\/uploads\/2026\/SK0020063-CZ20260425-092328-0-1777080210-211288-1_124519.webp","width":1000,"height":714},{"@type":"BreadcrumbList","@id":"https:\/\/www.oknobuild.com\/index.php\/produkt\/steinbach-vysavac-poolrunner-battery-modry-top-prodej-33902\/#breadcrumb","itemListElement":[{"@type":"ListItem","position":1,"name":"Home","item":"https:\/\/www.oknobuild.com\/"},{"@type":"ListItem","position":2,"name":"Products","item":"https:\/\/www.oknobuild.com\/index.php\/products\/"},{"@type":"ListItem","position":3,"name":"Steinbach vysava\u010d Poolrunner Battery+,modr\u00fd Top Prodej"}]},{"@type":"WebSite","@id":"https:\/\/www.oknobuild.com\/#website","url":"https:\/\/www.oknobuild.com\/","name":"","description":"","potentialAction":[{"@type":"SearchAction","target":{"@type":"EntryPoint","urlTemplate":"https:\/\/www.oknobuild.com\/?s={search_term_string}"},"query-input":{"@type":"PropertyValueSpecification","valueRequired":true,"valueName":"search_term_string"}}],"inLanguage":"cs"}]}},"_links":{"self":[{"href":"https:\/\/www.oknobuild.com\/index.php\/wp-json\/wp\/v2\/product\/33902","targetHints":{"allow":["GET"]}}],"collection":[{"href":"https:\/\/www.oknobuild.com\/index.php\/wp-json\/wp\/v2\/product"}],"about":[{"href":"https:\/\/www.oknobuild.com\/index.php\/wp-json\/wp\/v2\/types\/product"}],"replies":[{"embeddable":true,"href":"https:\/\/www.oknobuild.com\/index.php\/wp-json\/wp\/v2\/comments?post=33902"}],"wp:featuredmedia":[{"embeddable":true,"href":"https:\/\/www.oknobuild.com\/index.php\/wp-json\/wp\/v2\/media\/34002"}],"wp:attachment":[{"href":"https:\/\/www.oknobuild.com\/index.php\/wp-json\/wp\/v2\/media?parent=33902"}],"wp:term":[{"taxonomy":"product_brand","embeddable":true,"href":"https:\/\/www.oknobuild.com\/index.php\/wp-json\/wp\/v2\/product_brand?post=33902"},{"taxonomy":"product_cat","embeddable":true,"href":"https:\/\/www.oknobuild.com\/index.php\/wp-json\/wp\/v2\/product_cat?post=33902"},{"taxonomy":"product_tag","embeddable":true,"href":"https:\/\/www.oknobuild.com\/index.php\/wp-json\/wp\/v2\/product_tag?post=33902"}],"curies":[{"name":"wp","href":"https:\/\/api.w.org\/{rel}","templated":true}]}}