{"id":33903,"date":"2026-04-27T04:42:01","date_gmt":"2026-04-27T04:42:01","guid":{"rendered":""},"modified":"2026-04-27T04:42:01","modified_gmt":"2026-04-27T04:42:01","slug":"steinbach-poolrunner-battery-basic-2-0-bazenovy-roboticky-vysavac-cenove-vyhodny-33903","status":"publish","type":"product","link":"https:\/\/www.oknobuild.com\/index.php\/produkt\/steinbach-poolrunner-battery-basic-2-0-bazenovy-roboticky-vysavac-cenove-vyhodny-33903\/","title":{"rendered":"Steinbach Poolrunner Battery Basic 2.0 baz\u00e9nov\u00fd robotick\u00fd vysava\u010d Cenov\u011b V\u00fdhodn\u00fd"},"content":{"rendered":"<table>\n<div class=\"tab-pane active product-description\" id=\"popis\" role=\"tabpanel\">\n<div class=\"short-description\" itemprop=\"description\">* 12,6V\/2600mAh, do 10m2<\/div>\n<div class=\"description\"><span class='bullet-line'>Bateriov\u00fd baz\u00e9nov\u00fd vysava\u010d pro \u010di\u0161t\u011bn\u00ed baz\u00e9n\u016f s ploch\u00fdm dnem <br \/><\/span><span class='bullet-line'>Pln\u011b automatick\u00fd a bez\u0161\u0148\u016frov\u00fd <br \/><\/span><span class='bullet-line'>Pro baz\u00e9ny do 10 m2 a max. hloubka 2 m <br \/><\/span><span class='bullet-line'>Vestav\u011bn\u00e1 technologie \u201eTouch and Reverse\u201c <br \/><\/span><span class='bullet-line'>Zaoblen\u00e9 hrany pro v\u011bt\u0161\u00ed ochranu baz\u00e9nov\u00e9 vlo\u017eky <br \/><\/span><span class='bullet-line'>\u017divotnost baterie a\u017e 60 min doba nab\u00edjen\u00ed 3 h &#8211; 4 h <br \/><\/span><span class='bullet-line'>Filtra\u010dn\u00ed \u010derpadlo 12,6 V, 29 W <br \/><\/span><span class='bullet-line'>Lithium-iontov\u00e1 baterie 2 600 mAh <br \/><\/span><span class='bullet-line'>Extra sv\u011btlo pro snadnou manipulaci<\/span><\/div>\n<\/table>\n","protected":false},"excerpt":{"rendered":"<p>* 12,6V\/2600mAh, do 10m2 Bateriov\u00fd baz\u00e9nov\u00fd vysava\u010d pro \u010di\u0161t\u011bn\u00ed baz\u00e9n\u016f s ploch\u00fdm dnem Pln\u011b automatick\u00fd a bez\u0161\u0148\u016frov\u00fd Pro baz\u00e9ny do 10 m2 a max. hloubka 2 m Vestav\u011bn\u00e1 technologie \u201eTouch and Reverse\u201c Zaoblen\u00e9 hrany pro v\u011bt\u0161\u00ed ochranu baz\u00e9nov\u00e9 vlo\u017eky \u017divotnost baterie a\u017e 60 min doba nab\u00edjen\u00ed 3 h &#8211; 4 h Filtra\u010dn\u00ed \u010derpadlo 12,6 V, [&hellip;]<\/p>\n","protected":false},"featured_media":34003,"comment_status":"open","ping_status":"open","template":"","meta":[],"product_brand":[],"product_cat":[81,82,83],"product_tag":[],"class_list":{"0":"post-33903","1":"product","2":"type-product","3":"status-publish","4":"has-post-thumbnail","6":"product_cat-bazen","7":"product_cat-sport","8":"product_cat-volny-cas","10":"first","11":"instock","12":"sale","13":"shipping-taxable","14":"purchasable","15":"product-type-simple"},"yoast_head":"<!-- This site is optimized with the Yoast SEO plugin v26.8 - https:\/\/yoast.com\/product\/yoast-seo-wordpress\/ -->\n<title>Steinbach Poolrunner Battery Basic 2.0 baz\u00e9nov\u00fd robotick\u00fd vysava\u010d Cenov\u011b V\u00fdhodn\u00fd -<\/title>\n<meta name=\"robots\" content=\"index, follow, max-snippet:-1, max-image-preview:large, max-video-preview:-1\" \/>\n<link rel=\"canonical\" href=\"https:\/\/www.oknobuild.com\/index.php\/produkt\/steinbach-poolrunner-battery-basic-2-0-bazenovy-roboticky-vysavac-cenove-vyhodny-33903\/\" \/>\n<meta property=\"og:locale\" content=\"cs_CZ\" \/>\n<meta property=\"og:type\" content=\"article\" \/>\n<meta property=\"og:title\" content=\"Steinbach Poolrunner Battery Basic 2.0 baz\u00e9nov\u00fd robotick\u00fd vysava\u010d Cenov\u011b V\u00fdhodn\u00fd -\" \/>\n<meta property=\"og:description\" content=\"* 12,6V\/2600mAh, do 10m2 Bateriov\u00fd baz\u00e9nov\u00fd vysava\u010d pro \u010di\u0161t\u011bn\u00ed baz\u00e9n\u016f s ploch\u00fdm dnem Pln\u011b automatick\u00fd a bez\u0161\u0148\u016frov\u00fd Pro baz\u00e9ny do 10 m2 a max. hloubka 2 m Vestav\u011bn\u00e1 technologie \u201eTouch and Reverse\u201c Zaoblen\u00e9 hrany pro v\u011bt\u0161\u00ed ochranu baz\u00e9nov\u00e9 vlo\u017eky \u017divotnost baterie a\u017e 60 min doba nab\u00edjen\u00ed 3 h &#8211; 4 h Filtra\u010dn\u00ed \u010derpadlo 12,6 V, [&hellip;]\" \/>\n<meta property=\"og:url\" content=\"https:\/\/www.oknobuild.com\/index.php\/produkt\/steinbach-poolrunner-battery-basic-2-0-bazenovy-roboticky-vysavac-cenove-vyhodny-33903\/\" \/>\n<meta property=\"og:image\" content=\"https:\/\/www.oknobuild.com\/wp-content\/uploads\/2026\/SK0020064-CZ20260425-092328-0-1777080210-001_1291027.webp\" \/>\n\t<meta property=\"og:image:width\" content=\"700\" \/>\n\t<meta property=\"og:image:height\" content=\"700\" \/>\n\t<meta property=\"og:image:type\" content=\"image\/webp\" \/>\n<meta name=\"twitter:card\" content=\"summary_large_image\" \/>\n<script type=\"application\/ld+json\" class=\"yoast-schema-graph\">{\"@context\":\"https:\/\/schema.org\",\"@graph\":[{\"@type\":\"WebPage\",\"@id\":\"https:\/\/www.oknobuild.com\/index.php\/produkt\/steinbach-poolrunner-battery-basic-2-0-bazenovy-roboticky-vysavac-cenove-vyhodny-33903\/\",\"url\":\"https:\/\/www.oknobuild.com\/index.php\/produkt\/steinbach-poolrunner-battery-basic-2-0-bazenovy-roboticky-vysavac-cenove-vyhodny-33903\/\",\"name\":\"Steinbach Poolrunner Battery Basic 2.0 baz\u00e9nov\u00fd robotick\u00fd vysava\u010d Cenov\u011b V\u00fdhodn\u00fd -\",\"isPartOf\":{\"@id\":\"https:\/\/www.oknobuild.com\/#website\"},\"primaryImageOfPage\":{\"@id\":\"https:\/\/www.oknobuild.com\/index.php\/produkt\/steinbach-poolrunner-battery-basic-2-0-bazenovy-roboticky-vysavac-cenove-vyhodny-33903\/#primaryimage\"},\"image\":{\"@id\":\"https:\/\/www.oknobuild.com\/index.php\/produkt\/steinbach-poolrunner-battery-basic-2-0-bazenovy-roboticky-vysavac-cenove-vyhodny-33903\/#primaryimage\"},\"thumbnailUrl\":\"https:\/\/www.oknobuild.com\/wp-content\/uploads\/2026\/SK0020064-CZ20260425-092328-0-1777080210-001_1291027.webp\",\"datePublished\":\"2026-04-27T04:42:01+00:00\",\"breadcrumb\":{\"@id\":\"https:\/\/www.oknobuild.com\/index.php\/produkt\/steinbach-poolrunner-battery-basic-2-0-bazenovy-roboticky-vysavac-cenove-vyhodny-33903\/#breadcrumb\"},\"inLanguage\":\"cs\",\"potentialAction\":[{\"@type\":\"ReadAction\",\"target\":[\"https:\/\/www.oknobuild.com\/index.php\/produkt\/steinbach-poolrunner-battery-basic-2-0-bazenovy-roboticky-vysavac-cenove-vyhodny-33903\/\"]}]},{\"@type\":\"ImageObject\",\"inLanguage\":\"cs\",\"@id\":\"https:\/\/www.oknobuild.com\/index.php\/produkt\/steinbach-poolrunner-battery-basic-2-0-bazenovy-roboticky-vysavac-cenove-vyhodny-33903\/#primaryimage\",\"url\":\"https:\/\/www.oknobuild.com\/wp-content\/uploads\/2026\/SK0020064-CZ20260425-092328-0-1777080210-001_1291027.webp\",\"contentUrl\":\"https:\/\/www.oknobuild.com\/wp-content\/uploads\/2026\/SK0020064-CZ20260425-092328-0-1777080210-001_1291027.webp\",\"width\":700,\"height\":700},{\"@type\":\"BreadcrumbList\",\"@id\":\"https:\/\/www.oknobuild.com\/index.php\/produkt\/steinbach-poolrunner-battery-basic-2-0-bazenovy-roboticky-vysavac-cenove-vyhodny-33903\/#breadcrumb\",\"itemListElement\":[{\"@type\":\"ListItem\",\"position\":1,\"name\":\"Home\",\"item\":\"https:\/\/www.oknobuild.com\/\"},{\"@type\":\"ListItem\",\"position\":2,\"name\":\"Products\",\"item\":\"https:\/\/www.oknobuild.com\/index.php\/products\/\"},{\"@type\":\"ListItem\",\"position\":3,\"name\":\"Steinbach Poolrunner Battery Basic 2.0 baz\u00e9nov\u00fd robotick\u00fd vysava\u010d Cenov\u011b V\u00fdhodn\u00fd\"}]},{\"@type\":\"WebSite\",\"@id\":\"https:\/\/www.oknobuild.com\/#website\",\"url\":\"https:\/\/www.oknobuild.com\/\",\"name\":\"\",\"description\":\"\",\"potentialAction\":[{\"@type\":\"SearchAction\",\"target\":{\"@type\":\"EntryPoint\",\"urlTemplate\":\"https:\/\/www.oknobuild.com\/?s={search_term_string}\"},\"query-input\":{\"@type\":\"PropertyValueSpecification\",\"valueRequired\":true,\"valueName\":\"search_term_string\"}}],\"inLanguage\":\"cs\"}]}<\/script>\n<!-- \/ Yoast SEO plugin. -->","yoast_head_json":{"title":"Steinbach Poolrunner Battery Basic 2.0 baz\u00e9nov\u00fd robotick\u00fd vysava\u010d Cenov\u011b V\u00fdhodn\u00fd -","robots":{"index":"index","follow":"follow","max-snippet":"max-snippet:-1","max-image-preview":"max-image-preview:large","max-video-preview":"max-video-preview:-1"},"canonical":"https:\/\/www.oknobuild.com\/index.php\/produkt\/steinbach-poolrunner-battery-basic-2-0-bazenovy-roboticky-vysavac-cenove-vyhodny-33903\/","og_locale":"cs_CZ","og_type":"article","og_title":"Steinbach Poolrunner Battery Basic 2.0 baz\u00e9nov\u00fd robotick\u00fd vysava\u010d Cenov\u011b V\u00fdhodn\u00fd -","og_description":"* 12,6V\/2600mAh, do 10m2 Bateriov\u00fd baz\u00e9nov\u00fd vysava\u010d pro \u010di\u0161t\u011bn\u00ed baz\u00e9n\u016f s ploch\u00fdm dnem Pln\u011b automatick\u00fd a bez\u0161\u0148\u016frov\u00fd Pro baz\u00e9ny do 10 m2 a max. hloubka 2 m Vestav\u011bn\u00e1 technologie \u201eTouch and Reverse\u201c Zaoblen\u00e9 hrany pro v\u011bt\u0161\u00ed ochranu baz\u00e9nov\u00e9 vlo\u017eky \u017divotnost baterie a\u017e 60 min doba nab\u00edjen\u00ed 3 h &#8211; 4 h Filtra\u010dn\u00ed \u010derpadlo 12,6 V, [&hellip;]","og_url":"https:\/\/www.oknobuild.com\/index.php\/produkt\/steinbach-poolrunner-battery-basic-2-0-bazenovy-roboticky-vysavac-cenove-vyhodny-33903\/","og_image":[{"width":700,"height":700,"url":"https:\/\/www.oknobuild.com\/wp-content\/uploads\/2026\/SK0020064-CZ20260425-092328-0-1777080210-001_1291027.webp","type":"image\/webp"}],"twitter_card":"summary_large_image","schema":{"@context":"https:\/\/schema.org","@graph":[{"@type":"WebPage","@id":"https:\/\/www.oknobuild.com\/index.php\/produkt\/steinbach-poolrunner-battery-basic-2-0-bazenovy-roboticky-vysavac-cenove-vyhodny-33903\/","url":"https:\/\/www.oknobuild.com\/index.php\/produkt\/steinbach-poolrunner-battery-basic-2-0-bazenovy-roboticky-vysavac-cenove-vyhodny-33903\/","name":"Steinbach Poolrunner Battery Basic 2.0 baz\u00e9nov\u00fd robotick\u00fd vysava\u010d Cenov\u011b V\u00fdhodn\u00fd -","isPartOf":{"@id":"https:\/\/www.oknobuild.com\/#website"},"primaryImageOfPage":{"@id":"https:\/\/www.oknobuild.com\/index.php\/produkt\/steinbach-poolrunner-battery-basic-2-0-bazenovy-roboticky-vysavac-cenove-vyhodny-33903\/#primaryimage"},"image":{"@id":"https:\/\/www.oknobuild.com\/index.php\/produkt\/steinbach-poolrunner-battery-basic-2-0-bazenovy-roboticky-vysavac-cenove-vyhodny-33903\/#primaryimage"},"thumbnailUrl":"https:\/\/www.oknobuild.com\/wp-content\/uploads\/2026\/SK0020064-CZ20260425-092328-0-1777080210-001_1291027.webp","datePublished":"2026-04-27T04:42:01+00:00","breadcrumb":{"@id":"https:\/\/www.oknobuild.com\/index.php\/produkt\/steinbach-poolrunner-battery-basic-2-0-bazenovy-roboticky-vysavac-cenove-vyhodny-33903\/#breadcrumb"},"inLanguage":"cs","potentialAction":[{"@type":"ReadAction","target":["https:\/\/www.oknobuild.com\/index.php\/produkt\/steinbach-poolrunner-battery-basic-2-0-bazenovy-roboticky-vysavac-cenove-vyhodny-33903\/"]}]},{"@type":"ImageObject","inLanguage":"cs","@id":"https:\/\/www.oknobuild.com\/index.php\/produkt\/steinbach-poolrunner-battery-basic-2-0-bazenovy-roboticky-vysavac-cenove-vyhodny-33903\/#primaryimage","url":"https:\/\/www.oknobuild.com\/wp-content\/uploads\/2026\/SK0020064-CZ20260425-092328-0-1777080210-001_1291027.webp","contentUrl":"https:\/\/www.oknobuild.com\/wp-content\/uploads\/2026\/SK0020064-CZ20260425-092328-0-1777080210-001_1291027.webp","width":700,"height":700},{"@type":"BreadcrumbList","@id":"https:\/\/www.oknobuild.com\/index.php\/produkt\/steinbach-poolrunner-battery-basic-2-0-bazenovy-roboticky-vysavac-cenove-vyhodny-33903\/#breadcrumb","itemListElement":[{"@type":"ListItem","position":1,"name":"Home","item":"https:\/\/www.oknobuild.com\/"},{"@type":"ListItem","position":2,"name":"Products","item":"https:\/\/www.oknobuild.com\/index.php\/products\/"},{"@type":"ListItem","position":3,"name":"Steinbach Poolrunner Battery Basic 2.0 baz\u00e9nov\u00fd robotick\u00fd vysava\u010d Cenov\u011b V\u00fdhodn\u00fd"}]},{"@type":"WebSite","@id":"https:\/\/www.oknobuild.com\/#website","url":"https:\/\/www.oknobuild.com\/","name":"","description":"","potentialAction":[{"@type":"SearchAction","target":{"@type":"EntryPoint","urlTemplate":"https:\/\/www.oknobuild.com\/?s={search_term_string}"},"query-input":{"@type":"PropertyValueSpecification","valueRequired":true,"valueName":"search_term_string"}}],"inLanguage":"cs"}]}},"_links":{"self":[{"href":"https:\/\/www.oknobuild.com\/index.php\/wp-json\/wp\/v2\/product\/33903","targetHints":{"allow":["GET"]}}],"collection":[{"href":"https:\/\/www.oknobuild.com\/index.php\/wp-json\/wp\/v2\/product"}],"about":[{"href":"https:\/\/www.oknobuild.com\/index.php\/wp-json\/wp\/v2\/types\/product"}],"replies":[{"embeddable":true,"href":"https:\/\/www.oknobuild.com\/index.php\/wp-json\/wp\/v2\/comments?post=33903"}],"wp:featuredmedia":[{"embeddable":true,"href":"https:\/\/www.oknobuild.com\/index.php\/wp-json\/wp\/v2\/media\/34003"}],"wp:attachment":[{"href":"https:\/\/www.oknobuild.com\/index.php\/wp-json\/wp\/v2\/media?parent=33903"}],"wp:term":[{"taxonomy":"product_brand","embeddable":true,"href":"https:\/\/www.oknobuild.com\/index.php\/wp-json\/wp\/v2\/product_brand?post=33903"},{"taxonomy":"product_cat","embeddable":true,"href":"https:\/\/www.oknobuild.com\/index.php\/wp-json\/wp\/v2\/product_cat?post=33903"},{"taxonomy":"product_tag","embeddable":true,"href":"https:\/\/www.oknobuild.com\/index.php\/wp-json\/wp\/v2\/product_tag?post=33903"}],"curies":[{"name":"wp","href":"https:\/\/api.w.org\/{rel}","templated":true}]}}