{"id":33912,"date":"2026-04-27T04:42:01","date_gmt":"2026-04-27T04:42:01","guid":{"rendered":""},"modified":"2026-04-27T04:42:01","modified_gmt":"2026-04-27T04:42:01","slug":"zlevneny-soudal-tmel-na-drevo-borovice-250g-33912","status":"publish","type":"product","link":"https:\/\/www.oknobuild.com\/index.php\/produkt\/zlevneny-soudal-tmel-na-drevo-borovice-250g-33912\/","title":{"rendered":"Zlevn\u011bn\u00fd SOUDAL Tmel na d\u0159evo borovice 250g"},"content":{"rendered":"<table>\n<div class=\"tab-pane active product-description\" id=\"popis\" role=\"tabpanel\">\n<div class=\"short-description\" itemprop=\"description\"><\/div>\n<div class=\"description\"><span class='bullet-line'>Vyrovn\u00e1v\u00e1n\u00ed d\u0159ev\u011bn\u00fdch, d\u0159evot\u0159\u00edskov\u00fdch, cemento-t\u0159\u00edskov\u00fdch a ostatn\u00edch sav\u00fdch podklad\u016f, lok\u00e1ln\u00ed opravy a tmelen\u00ed d\u011br, prasklin a nerovnost\u00ed, zarovn\u00e1v\u00e1n\u00ed stykov\u00fdch sp\u00e1r v li\u0161tov\u00fdch a deskov\u00fdch spoj\u00edch, vyrovn\u00e1v\u00e1n\u00ed ploch pod n\u00e1t\u011bry emailem. <\/span><span class='bullet-line'>Velmi dob\u0159e p\u0159ilne na d\u0159evo a ostatn\u00ed sav\u00e9 materi\u00e1ly, po vytvrzen\u00ed je objemov\u011b st\u00e1l\u00fd a snadno brousiteln\u00fd. <\/span><span class='bullet-line'>Pro exteri\u00e9rov\u00e9 aplikace nutno opat\u0159it n\u00e1t\u011brem.<\/span><br \/>\u25ba CHARAKTERISTIKA PRODUKTU<span class='bullet-line'>velmi dobr\u00e1 p\u0159ilnavost na d\u0159evo a sav\u00e9 materi\u00e1ly<\/span><span class='bullet-line'>po vytvrzen\u00ed snadno brousiteln\u00fd<\/span><span class='bullet-line'>dob\u0159e zpracovateln\u00e1 pastovit\u00e1 konzistence<\/span><span class='bullet-line'>\u0159editeln\u00fd a \u010distiteln\u00fd vodou<\/span><br \/>\u25ba P\u0158\u00cdKLADY POU\u017dIT\u00cd<span class='bullet-line'>vyrovn\u00e1v\u00e1n\u00ed d\u0159ev\u011bn\u00fdch povrch\u016f<\/span><span class='bullet-line'>lok\u00e1ln\u00ed opravy a tmelen\u00ed vryp\u016f, d\u011br a prasklin<\/span><span class='bullet-line'>sp\u00e1ry spoj\u016f d\u0159ev\u011bn\u00fdch li\u0161t a desek<\/span><span class='bullet-line'>plo\u0161n\u00e9 vyrovn\u00e1v\u00e1n\u00ed d\u0159ev\u011bn\u00fdch ploch p\u0159ed n\u00e1t\u011brem<\/span><br \/>\u25ba PRACOVN\u00cd POSTUP<span class='bullet-line'>Pracovn\u00ed postup naleznete v technick\u00e9m listu<\/span><\/div>\n<div class=\"parameters\">\n<tr>\n<td>B\u00e1ze<\/td>\n<td>akryl\u00e1t<\/td>\n<\/tr>\n<tr>\n<td>Konzistence<\/td>\n<td>pasta<\/td>\n<\/tr>\n<tr>\n<td>Syst\u00e9m vytvrzov\u00e1n\u00ed<\/td>\n<td>fyzik\u00e1ln\u00ed vysych\u00e1n\u00ed<\/td>\n<\/tr>\n<tr>\n<td>Vydatnost (celoplo\u0161n\u00e1 aplikace v jedn\u00e9 vrstv\u011b)<\/td>\n<td>0,2-0,4 m\u00b2\/ 100g<\/td>\n<\/tr>\n<tr>\n<td>Rychlost vytvrzov\u00e1n\u00ed (dle tlou\u0161\u0165ky vrstvy)<\/td>\n<td>min. 2hod<\/td>\n<\/tr>\n<tr>\n<td>Obsah su\u0161iny (\u010cSN 64 9002)<\/td>\n<td>75%<\/td>\n<\/tr>\n<tr>\n<td>P\u0159\u00eddr\u017enost na d\u0159evo ( \u010cSN 73 2577)<\/td>\n<td>0,35 +\/- 0,06 MPa<\/td>\n<\/tr>\n<tr>\n<td>P\u0159\u00eddr\u017enost na p\u0159ekli\u017eku ( \u010cSN 73 2577)<\/td>\n<td>0,35 +\/- 0,05 MPa<\/td>\n<\/tr>\n<tr>\n<td>Doba vytvrzov\u00e1n\u00ed\/tlou\u0161\u0165ka vrstvy (20\u00b0C 65% r.v.)<\/td>\n<td>0,4 mm cca 6 hod.<\/td>\n<\/tr>\n<tr>\n<td><\/td>\n<td>0,7 mm 7 hod.<\/td>\n<\/tr>\n<tr>\n<td><\/td>\n<td>1,5 mm 9 hod.<\/td>\n<\/tr>\n<tr>\n<td><\/td>\n<td>2,0 mm 10 hod<\/td>\n<\/tr><\/div>\n<\/table>\n","protected":false},"excerpt":{"rendered":"<p>Vyrovn\u00e1v\u00e1n\u00ed d\u0159ev\u011bn\u00fdch, d\u0159evot\u0159\u00edskov\u00fdch, cemento-t\u0159\u00edskov\u00fdch a ostatn\u00edch sav\u00fdch podklad\u016f, lok\u00e1ln\u00ed opravy a tmelen\u00ed d\u011br, prasklin a nerovnost\u00ed, zarovn\u00e1v\u00e1n\u00ed stykov\u00fdch sp\u00e1r v li\u0161tov\u00fdch a deskov\u00fdch spoj\u00edch, vyrovn\u00e1v\u00e1n\u00ed ploch pod n\u00e1t\u011bry emailem. Velmi dob\u0159e p\u0159ilne na d\u0159evo a ostatn\u00ed sav\u00e9 materi\u00e1ly, po vytvrzen\u00ed je objemov\u011b st\u00e1l\u00fd a snadno brousiteln\u00fd. Pro exteri\u00e9rov\u00e9 aplikace nutno opat\u0159it n\u00e1t\u011brem.\u25ba CHARAKTERISTIKA PRODUKTUvelmi dobr\u00e1 [&hellip;]<\/p>\n","protected":false},"featured_media":34012,"comment_status":"open","ping_status":"open","template":"","meta":[],"product_brand":[],"product_cat":[50,52,51],"product_tag":[],"class_list":{"0":"post-33912","1":"product","2":"type-product","3":"status-publish","4":"has-post-thumbnail","6":"product_cat-barvy","7":"product_cat-chemie","8":"product_cat-laky","10":"first","11":"instock","12":"sale","13":"shipping-taxable","14":"purchasable","15":"product-type-simple"},"yoast_head":"<!-- This site is optimized with the Yoast SEO plugin v26.8 - https:\/\/yoast.com\/product\/yoast-seo-wordpress\/ -->\n<title>Zlevn\u011bn\u00fd SOUDAL Tmel na d\u0159evo borovice 250g -<\/title>\n<meta name=\"robots\" content=\"index, follow, max-snippet:-1, max-image-preview:large, max-video-preview:-1\" \/>\n<link rel=\"canonical\" href=\"https:\/\/www.oknobuild.com\/index.php\/produkt\/zlevneny-soudal-tmel-na-drevo-borovice-250g-33912\/\" \/>\n<meta property=\"og:locale\" content=\"cs_CZ\" \/>\n<meta property=\"og:type\" content=\"article\" \/>\n<meta property=\"og:title\" content=\"Zlevn\u011bn\u00fd SOUDAL Tmel na d\u0159evo borovice 250g -\" \/>\n<meta property=\"og:description\" content=\"Vyrovn\u00e1v\u00e1n\u00ed d\u0159ev\u011bn\u00fdch, d\u0159evot\u0159\u00edskov\u00fdch, cemento-t\u0159\u00edskov\u00fdch a ostatn\u00edch sav\u00fdch podklad\u016f, lok\u00e1ln\u00ed opravy a tmelen\u00ed d\u011br, prasklin a nerovnost\u00ed, zarovn\u00e1v\u00e1n\u00ed stykov\u00fdch sp\u00e1r v li\u0161tov\u00fdch a deskov\u00fdch spoj\u00edch, vyrovn\u00e1v\u00e1n\u00ed ploch pod n\u00e1t\u011bry emailem. Velmi dob\u0159e p\u0159ilne na d\u0159evo a ostatn\u00ed sav\u00e9 materi\u00e1ly, po vytvrzen\u00ed je objemov\u011b st\u00e1l\u00fd a snadno brousiteln\u00fd. Pro exteri\u00e9rov\u00e9 aplikace nutno opat\u0159it n\u00e1t\u011brem.\u25ba CHARAKTERISTIKA PRODUKTUvelmi dobr\u00e1 [&hellip;]\" \/>\n<meta property=\"og:url\" content=\"https:\/\/www.oknobuild.com\/index.php\/produkt\/zlevneny-soudal-tmel-na-drevo-borovice-250g-33912\/\" \/>\n<meta property=\"og:image\" content=\"https:\/\/www.oknobuild.com\/wp-content\/uploads\/2026\/SK0020073-CZ20260425-092328-0-1777080210-211300-1_102910..webp\" \/>\n\t<meta property=\"og:image:width\" content=\"645\" \/>\n\t<meta property=\"og:image:height\" content=\"640\" \/>\n\t<meta property=\"og:image:type\" content=\"image\/webp\" \/>\n<meta name=\"twitter:card\" content=\"summary_large_image\" \/>\n<meta name=\"twitter:label1\" content=\"Odhadovan\u00e1 doba \u010dten\u00ed\" \/>\n\t<meta name=\"twitter:data1\" content=\"1 minuta\" \/>\n<script type=\"application\/ld+json\" class=\"yoast-schema-graph\">{\"@context\":\"https:\/\/schema.org\",\"@graph\":[{\"@type\":\"WebPage\",\"@id\":\"https:\/\/www.oknobuild.com\/index.php\/produkt\/zlevneny-soudal-tmel-na-drevo-borovice-250g-33912\/\",\"url\":\"https:\/\/www.oknobuild.com\/index.php\/produkt\/zlevneny-soudal-tmel-na-drevo-borovice-250g-33912\/\",\"name\":\"Zlevn\u011bn\u00fd SOUDAL Tmel na d\u0159evo borovice 250g -\",\"isPartOf\":{\"@id\":\"https:\/\/www.oknobuild.com\/#website\"},\"primaryImageOfPage\":{\"@id\":\"https:\/\/www.oknobuild.com\/index.php\/produkt\/zlevneny-soudal-tmel-na-drevo-borovice-250g-33912\/#primaryimage\"},\"image\":{\"@id\":\"https:\/\/www.oknobuild.com\/index.php\/produkt\/zlevneny-soudal-tmel-na-drevo-borovice-250g-33912\/#primaryimage\"},\"thumbnailUrl\":\"https:\/\/www.oknobuild.com\/wp-content\/uploads\/2026\/SK0020073-CZ20260425-092328-0-1777080210-211300-1_102910..webp\",\"datePublished\":\"2026-04-27T04:42:01+00:00\",\"breadcrumb\":{\"@id\":\"https:\/\/www.oknobuild.com\/index.php\/produkt\/zlevneny-soudal-tmel-na-drevo-borovice-250g-33912\/#breadcrumb\"},\"inLanguage\":\"cs\",\"potentialAction\":[{\"@type\":\"ReadAction\",\"target\":[\"https:\/\/www.oknobuild.com\/index.php\/produkt\/zlevneny-soudal-tmel-na-drevo-borovice-250g-33912\/\"]}]},{\"@type\":\"ImageObject\",\"inLanguage\":\"cs\",\"@id\":\"https:\/\/www.oknobuild.com\/index.php\/produkt\/zlevneny-soudal-tmel-na-drevo-borovice-250g-33912\/#primaryimage\",\"url\":\"https:\/\/www.oknobuild.com\/wp-content\/uploads\/2026\/SK0020073-CZ20260425-092328-0-1777080210-211300-1_102910..webp\",\"contentUrl\":\"https:\/\/www.oknobuild.com\/wp-content\/uploads\/2026\/SK0020073-CZ20260425-092328-0-1777080210-211300-1_102910..webp\",\"width\":645,\"height\":640},{\"@type\":\"BreadcrumbList\",\"@id\":\"https:\/\/www.oknobuild.com\/index.php\/produkt\/zlevneny-soudal-tmel-na-drevo-borovice-250g-33912\/#breadcrumb\",\"itemListElement\":[{\"@type\":\"ListItem\",\"position\":1,\"name\":\"Home\",\"item\":\"https:\/\/www.oknobuild.com\/\"},{\"@type\":\"ListItem\",\"position\":2,\"name\":\"Products\",\"item\":\"https:\/\/www.oknobuild.com\/index.php\/products\/\"},{\"@type\":\"ListItem\",\"position\":3,\"name\":\"Zlevn\u011bn\u00fd SOUDAL Tmel na d\u0159evo borovice 250g\"}]},{\"@type\":\"WebSite\",\"@id\":\"https:\/\/www.oknobuild.com\/#website\",\"url\":\"https:\/\/www.oknobuild.com\/\",\"name\":\"\",\"description\":\"\",\"potentialAction\":[{\"@type\":\"SearchAction\",\"target\":{\"@type\":\"EntryPoint\",\"urlTemplate\":\"https:\/\/www.oknobuild.com\/?s={search_term_string}\"},\"query-input\":{\"@type\":\"PropertyValueSpecification\",\"valueRequired\":true,\"valueName\":\"search_term_string\"}}],\"inLanguage\":\"cs\"}]}<\/script>\n<!-- \/ Yoast SEO plugin. -->","yoast_head_json":{"title":"Zlevn\u011bn\u00fd SOUDAL Tmel na d\u0159evo borovice 250g -","robots":{"index":"index","follow":"follow","max-snippet":"max-snippet:-1","max-image-preview":"max-image-preview:large","max-video-preview":"max-video-preview:-1"},"canonical":"https:\/\/www.oknobuild.com\/index.php\/produkt\/zlevneny-soudal-tmel-na-drevo-borovice-250g-33912\/","og_locale":"cs_CZ","og_type":"article","og_title":"Zlevn\u011bn\u00fd SOUDAL Tmel na d\u0159evo borovice 250g -","og_description":"Vyrovn\u00e1v\u00e1n\u00ed d\u0159ev\u011bn\u00fdch, d\u0159evot\u0159\u00edskov\u00fdch, cemento-t\u0159\u00edskov\u00fdch a ostatn\u00edch sav\u00fdch podklad\u016f, lok\u00e1ln\u00ed opravy a tmelen\u00ed d\u011br, prasklin a nerovnost\u00ed, zarovn\u00e1v\u00e1n\u00ed stykov\u00fdch sp\u00e1r v li\u0161tov\u00fdch a deskov\u00fdch spoj\u00edch, vyrovn\u00e1v\u00e1n\u00ed ploch pod n\u00e1t\u011bry emailem. Velmi dob\u0159e p\u0159ilne na d\u0159evo a ostatn\u00ed sav\u00e9 materi\u00e1ly, po vytvrzen\u00ed je objemov\u011b st\u00e1l\u00fd a snadno brousiteln\u00fd. Pro exteri\u00e9rov\u00e9 aplikace nutno opat\u0159it n\u00e1t\u011brem.\u25ba CHARAKTERISTIKA PRODUKTUvelmi dobr\u00e1 [&hellip;]","og_url":"https:\/\/www.oknobuild.com\/index.php\/produkt\/zlevneny-soudal-tmel-na-drevo-borovice-250g-33912\/","og_image":[{"width":645,"height":640,"url":"https:\/\/www.oknobuild.com\/wp-content\/uploads\/2026\/SK0020073-CZ20260425-092328-0-1777080210-211300-1_102910..webp","type":"image\/webp"}],"twitter_card":"summary_large_image","twitter_misc":{"Odhadovan\u00e1 doba \u010dten\u00ed":"1 minuta"},"schema":{"@context":"https:\/\/schema.org","@graph":[{"@type":"WebPage","@id":"https:\/\/www.oknobuild.com\/index.php\/produkt\/zlevneny-soudal-tmel-na-drevo-borovice-250g-33912\/","url":"https:\/\/www.oknobuild.com\/index.php\/produkt\/zlevneny-soudal-tmel-na-drevo-borovice-250g-33912\/","name":"Zlevn\u011bn\u00fd SOUDAL Tmel na d\u0159evo borovice 250g -","isPartOf":{"@id":"https:\/\/www.oknobuild.com\/#website"},"primaryImageOfPage":{"@id":"https:\/\/www.oknobuild.com\/index.php\/produkt\/zlevneny-soudal-tmel-na-drevo-borovice-250g-33912\/#primaryimage"},"image":{"@id":"https:\/\/www.oknobuild.com\/index.php\/produkt\/zlevneny-soudal-tmel-na-drevo-borovice-250g-33912\/#primaryimage"},"thumbnailUrl":"https:\/\/www.oknobuild.com\/wp-content\/uploads\/2026\/SK0020073-CZ20260425-092328-0-1777080210-211300-1_102910..webp","datePublished":"2026-04-27T04:42:01+00:00","breadcrumb":{"@id":"https:\/\/www.oknobuild.com\/index.php\/produkt\/zlevneny-soudal-tmel-na-drevo-borovice-250g-33912\/#breadcrumb"},"inLanguage":"cs","potentialAction":[{"@type":"ReadAction","target":["https:\/\/www.oknobuild.com\/index.php\/produkt\/zlevneny-soudal-tmel-na-drevo-borovice-250g-33912\/"]}]},{"@type":"ImageObject","inLanguage":"cs","@id":"https:\/\/www.oknobuild.com\/index.php\/produkt\/zlevneny-soudal-tmel-na-drevo-borovice-250g-33912\/#primaryimage","url":"https:\/\/www.oknobuild.com\/wp-content\/uploads\/2026\/SK0020073-CZ20260425-092328-0-1777080210-211300-1_102910..webp","contentUrl":"https:\/\/www.oknobuild.com\/wp-content\/uploads\/2026\/SK0020073-CZ20260425-092328-0-1777080210-211300-1_102910..webp","width":645,"height":640},{"@type":"BreadcrumbList","@id":"https:\/\/www.oknobuild.com\/index.php\/produkt\/zlevneny-soudal-tmel-na-drevo-borovice-250g-33912\/#breadcrumb","itemListElement":[{"@type":"ListItem","position":1,"name":"Home","item":"https:\/\/www.oknobuild.com\/"},{"@type":"ListItem","position":2,"name":"Products","item":"https:\/\/www.oknobuild.com\/index.php\/products\/"},{"@type":"ListItem","position":3,"name":"Zlevn\u011bn\u00fd SOUDAL Tmel na d\u0159evo borovice 250g"}]},{"@type":"WebSite","@id":"https:\/\/www.oknobuild.com\/#website","url":"https:\/\/www.oknobuild.com\/","name":"","description":"","potentialAction":[{"@type":"SearchAction","target":{"@type":"EntryPoint","urlTemplate":"https:\/\/www.oknobuild.com\/?s={search_term_string}"},"query-input":{"@type":"PropertyValueSpecification","valueRequired":true,"valueName":"search_term_string"}}],"inLanguage":"cs"}]}},"_links":{"self":[{"href":"https:\/\/www.oknobuild.com\/index.php\/wp-json\/wp\/v2\/product\/33912","targetHints":{"allow":["GET"]}}],"collection":[{"href":"https:\/\/www.oknobuild.com\/index.php\/wp-json\/wp\/v2\/product"}],"about":[{"href":"https:\/\/www.oknobuild.com\/index.php\/wp-json\/wp\/v2\/types\/product"}],"replies":[{"embeddable":true,"href":"https:\/\/www.oknobuild.com\/index.php\/wp-json\/wp\/v2\/comments?post=33912"}],"wp:featuredmedia":[{"embeddable":true,"href":"https:\/\/www.oknobuild.com\/index.php\/wp-json\/wp\/v2\/media\/34012"}],"wp:attachment":[{"href":"https:\/\/www.oknobuild.com\/index.php\/wp-json\/wp\/v2\/media?parent=33912"}],"wp:term":[{"taxonomy":"product_brand","embeddable":true,"href":"https:\/\/www.oknobuild.com\/index.php\/wp-json\/wp\/v2\/product_brand?post=33912"},{"taxonomy":"product_cat","embeddable":true,"href":"https:\/\/www.oknobuild.com\/index.php\/wp-json\/wp\/v2\/product_cat?post=33912"},{"taxonomy":"product_tag","embeddable":true,"href":"https:\/\/www.oknobuild.com\/index.php\/wp-json\/wp\/v2\/product_tag?post=33912"}],"curies":[{"name":"wp","href":"https:\/\/api.w.org\/{rel}","templated":true}]}}