{"id":33913,"date":"2026-04-27T04:42:01","date_gmt":"2026-04-27T04:42:01","guid":{"rendered":""},"modified":"2026-04-27T04:42:01","modified_gmt":"2026-04-27T04:42:01","slug":"intex-40100-piskova-filtrace-speedclean-comfort-75-primo-od-vyrobce-33913","status":"publish","type":"product","link":"https:\/\/www.oknobuild.com\/index.php\/produkt\/intex-40100-piskova-filtrace-speedclean-comfort-75-primo-od-vyrobce-33913\/","title":{"rendered":"Intex 40100 P\u00edskov\u00e1 filtrace SpeedClean Comfort 75 P\u0159\u00edmo Od V\u00fdrobce"},"content":{"rendered":"<table>\n<div class=\"tab-pane active product-description\" id=\"popis\" role=\"tabpanel\">\n<div class=\"short-description\" itemprop=\"description\"><\/div>\n<div class=\"description\"><span class='bullet-line'>V\u00fdkon \u010derpadla 9,5 m3 za hodinu a \u010dist\u00fd v\u00fdkon 8,0 m3 za hodinu, s vodn\u00edm sloupcem 4 metry.<br \/><\/span><span class='bullet-line'>S integrovan\u00fdm \u010dasova\u010dem. Vysok\u00fd v\u00fdkon, vhodn\u00fd tak\u00e9 pro velk\u00e9 baz\u00e9ny, samonas\u00e1vac\u00ed \u010derpadlo Deluxe, 10000 s filtrem ze s\u00ed\u0165oviny.<br \/><\/span><span class='bullet-line'>6cestn\u00fd ventil pro v\u0161echny hlavn\u00ed operace. <br \/><\/span><span class='bullet-line'>P\u00edskov\u00fd filtr je nejpohodln\u011bj\u0161\u00ed filtra\u010dn\u00ed metodou pro baz\u00e9ny.<br \/><\/span><span class='bullet-line'>Vysoce \u00fa\u010dinn\u00e9 \u010derpadlo se zvl\u00e1\u0161tn\u00edm adapt\u00e9rem v cen\u011b, kompatibiln\u00ed s jak\u00fdmkoli fondem Intex.<\/span><\/div>\n<div class=\"parameters\">\n<tr>\n<td>Cirkula\u010dn\u00ed kapacita<\/td>\n<td>8 000 l \/ h<\/td>\n<\/tr>\n<tr>\n<td>kotel<\/td>\n<td>\u00d8 400 mm<\/td>\n<\/tr>\n<tr>\n<td>p\u0159ipojen\u00ed<\/td>\n<td>\u00d8 32\/38 mm<\/td>\n<\/tr>\n<tr>\n<td>Pr\u016ftok<\/td>\n<td>8 m\u00b3 \/ h<\/td>\n<\/tr>\n<tr>\n<td>Vestav\u011bn\u00fd \u010dasova\u010d<\/td>\n<td>ano<\/td>\n<\/tr>\n<tr>\n<td>7cestn\u00fd ventil s manometrem<\/td>\n<td>ano<\/td>\n<\/tr>\n<tr>\n<td>Provozn\u00ed tlak<\/td>\n<td>0,4 bar<\/td>\n<\/tr>\n<tr>\n<td>vysok\u00fd tlak<\/td>\n<td>1,5 bar<\/td>\n<\/tr>\n<tr>\n<td>filtr<\/td>\n<td>0,13 m\u00b2<\/td>\n<\/tr>\n<tr>\n<td>nap\u00e1jen\u00ed<\/td>\n<td>230 V 50 Hz 550 W<\/td>\n<\/tr>\n<tr>\n<td>standard<\/td>\n<td>IP X5<\/td>\n<\/tr>\n<tr>\n<td>maxim\u00e1ln\u00ed u\u017eitn\u00e1 teplota<\/td>\n<td>35 \u00b0 C<\/td>\n<\/tr>\n<tr>\n<td>filtr max.<\/td>\n<td>25 kg<\/td>\n<\/tr>\n<tr>\n<td>Vestav\u011bn\u00fd \u010dasova\u010d<\/td>\n<td>ano<\/td>\n<\/tr><\/div>\n<\/table>\n","protected":false},"excerpt":{"rendered":"<p>V\u00fdkon \u010derpadla 9,5 m3 za hodinu a \u010dist\u00fd v\u00fdkon 8,0 m3 za hodinu, s vodn\u00edm sloupcem 4 metry.S integrovan\u00fdm \u010dasova\u010dem. Vysok\u00fd v\u00fdkon, vhodn\u00fd tak\u00e9 pro velk\u00e9 baz\u00e9ny, samonas\u00e1vac\u00ed \u010derpadlo Deluxe, 10000 s filtrem ze s\u00ed\u0165oviny.6cestn\u00fd ventil pro v\u0161echny hlavn\u00ed operace. P\u00edskov\u00fd filtr je nejpohodln\u011bj\u0161\u00ed filtra\u010dn\u00ed metodou pro baz\u00e9ny.Vysoce \u00fa\u010dinn\u00e9 \u010derpadlo se zvl\u00e1\u0161tn\u00edm adapt\u00e9rem v cen\u011b, [&hellip;]<\/p>\n","protected":false},"featured_media":34013,"comment_status":"open","ping_status":"open","template":"","meta":[],"product_brand":[],"product_cat":[81,82,83],"product_tag":[],"class_list":{"0":"post-33913","1":"product","2":"type-product","3":"status-publish","4":"has-post-thumbnail","6":"product_cat-bazen","7":"product_cat-sport","8":"product_cat-volny-cas","10":"first","11":"instock","12":"sale","13":"shipping-taxable","14":"purchasable","15":"product-type-simple"},"yoast_head":"<!-- This site is optimized with the Yoast SEO plugin v26.8 - https:\/\/yoast.com\/product\/yoast-seo-wordpress\/ -->\n<title>Intex 40100 P\u00edskov\u00e1 filtrace SpeedClean Comfort 75 P\u0159\u00edmo Od V\u00fdrobce -<\/title>\n<meta name=\"robots\" content=\"index, follow, max-snippet:-1, max-image-preview:large, max-video-preview:-1\" \/>\n<link rel=\"canonical\" href=\"https:\/\/www.oknobuild.com\/index.php\/produkt\/intex-40100-piskova-filtrace-speedclean-comfort-75-primo-od-vyrobce-33913\/\" \/>\n<meta property=\"og:locale\" content=\"cs_CZ\" \/>\n<meta property=\"og:type\" content=\"article\" \/>\n<meta property=\"og:title\" content=\"Intex 40100 P\u00edskov\u00e1 filtrace SpeedClean Comfort 75 P\u0159\u00edmo Od V\u00fdrobce -\" \/>\n<meta property=\"og:description\" content=\"V\u00fdkon \u010derpadla 9,5 m3 za hodinu a \u010dist\u00fd v\u00fdkon 8,0 m3 za hodinu, s vodn\u00edm sloupcem 4 metry.S integrovan\u00fdm \u010dasova\u010dem. Vysok\u00fd v\u00fdkon, vhodn\u00fd tak\u00e9 pro velk\u00e9 baz\u00e9ny, samonas\u00e1vac\u00ed \u010derpadlo Deluxe, 10000 s filtrem ze s\u00ed\u0165oviny.6cestn\u00fd ventil pro v\u0161echny hlavn\u00ed operace. P\u00edskov\u00fd filtr je nejpohodln\u011bj\u0161\u00ed filtra\u010dn\u00ed metodou pro baz\u00e9ny.Vysoce \u00fa\u010dinn\u00e9 \u010derpadlo se zvl\u00e1\u0161tn\u00edm adapt\u00e9rem v cen\u011b, [&hellip;]\" \/>\n<meta property=\"og:url\" content=\"https:\/\/www.oknobuild.com\/index.php\/produkt\/intex-40100-piskova-filtrace-speedclean-comfort-75-primo-od-vyrobce-33913\/\" \/>\n<meta property=\"og:image\" content=\"https:\/\/www.oknobuild.com\/wp-content\/uploads\/2026\/SK0020074-CZ20260425-092328-0-1777080210-211303-1_103956.webp\" \/>\n\t<meta property=\"og:image:width\" content=\"800\" \/>\n\t<meta property=\"og:image:height\" content=\"800\" \/>\n\t<meta property=\"og:image:type\" content=\"image\/webp\" \/>\n<meta name=\"twitter:card\" content=\"summary_large_image\" \/>\n<meta name=\"twitter:label1\" content=\"Odhadovan\u00e1 doba \u010dten\u00ed\" \/>\n\t<meta name=\"twitter:data1\" content=\"1 minuta\" \/>\n<script type=\"application\/ld+json\" class=\"yoast-schema-graph\">{\"@context\":\"https:\/\/schema.org\",\"@graph\":[{\"@type\":\"WebPage\",\"@id\":\"https:\/\/www.oknobuild.com\/index.php\/produkt\/intex-40100-piskova-filtrace-speedclean-comfort-75-primo-od-vyrobce-33913\/\",\"url\":\"https:\/\/www.oknobuild.com\/index.php\/produkt\/intex-40100-piskova-filtrace-speedclean-comfort-75-primo-od-vyrobce-33913\/\",\"name\":\"Intex 40100 P\u00edskov\u00e1 filtrace SpeedClean Comfort 75 P\u0159\u00edmo Od V\u00fdrobce -\",\"isPartOf\":{\"@id\":\"https:\/\/www.oknobuild.com\/#website\"},\"primaryImageOfPage\":{\"@id\":\"https:\/\/www.oknobuild.com\/index.php\/produkt\/intex-40100-piskova-filtrace-speedclean-comfort-75-primo-od-vyrobce-33913\/#primaryimage\"},\"image\":{\"@id\":\"https:\/\/www.oknobuild.com\/index.php\/produkt\/intex-40100-piskova-filtrace-speedclean-comfort-75-primo-od-vyrobce-33913\/#primaryimage\"},\"thumbnailUrl\":\"https:\/\/www.oknobuild.com\/wp-content\/uploads\/2026\/SK0020074-CZ20260425-092328-0-1777080210-211303-1_103956.webp\",\"datePublished\":\"2026-04-27T04:42:01+00:00\",\"breadcrumb\":{\"@id\":\"https:\/\/www.oknobuild.com\/index.php\/produkt\/intex-40100-piskova-filtrace-speedclean-comfort-75-primo-od-vyrobce-33913\/#breadcrumb\"},\"inLanguage\":\"cs\",\"potentialAction\":[{\"@type\":\"ReadAction\",\"target\":[\"https:\/\/www.oknobuild.com\/index.php\/produkt\/intex-40100-piskova-filtrace-speedclean-comfort-75-primo-od-vyrobce-33913\/\"]}]},{\"@type\":\"ImageObject\",\"inLanguage\":\"cs\",\"@id\":\"https:\/\/www.oknobuild.com\/index.php\/produkt\/intex-40100-piskova-filtrace-speedclean-comfort-75-primo-od-vyrobce-33913\/#primaryimage\",\"url\":\"https:\/\/www.oknobuild.com\/wp-content\/uploads\/2026\/SK0020074-CZ20260425-092328-0-1777080210-211303-1_103956.webp\",\"contentUrl\":\"https:\/\/www.oknobuild.com\/wp-content\/uploads\/2026\/SK0020074-CZ20260425-092328-0-1777080210-211303-1_103956.webp\",\"width\":800,\"height\":800},{\"@type\":\"BreadcrumbList\",\"@id\":\"https:\/\/www.oknobuild.com\/index.php\/produkt\/intex-40100-piskova-filtrace-speedclean-comfort-75-primo-od-vyrobce-33913\/#breadcrumb\",\"itemListElement\":[{\"@type\":\"ListItem\",\"position\":1,\"name\":\"Home\",\"item\":\"https:\/\/www.oknobuild.com\/\"},{\"@type\":\"ListItem\",\"position\":2,\"name\":\"Products\",\"item\":\"https:\/\/www.oknobuild.com\/index.php\/products\/\"},{\"@type\":\"ListItem\",\"position\":3,\"name\":\"Intex 40100 P\u00edskov\u00e1 filtrace SpeedClean Comfort 75 P\u0159\u00edmo Od V\u00fdrobce\"}]},{\"@type\":\"WebSite\",\"@id\":\"https:\/\/www.oknobuild.com\/#website\",\"url\":\"https:\/\/www.oknobuild.com\/\",\"name\":\"\",\"description\":\"\",\"potentialAction\":[{\"@type\":\"SearchAction\",\"target\":{\"@type\":\"EntryPoint\",\"urlTemplate\":\"https:\/\/www.oknobuild.com\/?s={search_term_string}\"},\"query-input\":{\"@type\":\"PropertyValueSpecification\",\"valueRequired\":true,\"valueName\":\"search_term_string\"}}],\"inLanguage\":\"cs\"}]}<\/script>\n<!-- \/ Yoast SEO plugin. -->","yoast_head_json":{"title":"Intex 40100 P\u00edskov\u00e1 filtrace SpeedClean Comfort 75 P\u0159\u00edmo Od V\u00fdrobce -","robots":{"index":"index","follow":"follow","max-snippet":"max-snippet:-1","max-image-preview":"max-image-preview:large","max-video-preview":"max-video-preview:-1"},"canonical":"https:\/\/www.oknobuild.com\/index.php\/produkt\/intex-40100-piskova-filtrace-speedclean-comfort-75-primo-od-vyrobce-33913\/","og_locale":"cs_CZ","og_type":"article","og_title":"Intex 40100 P\u00edskov\u00e1 filtrace SpeedClean Comfort 75 P\u0159\u00edmo Od V\u00fdrobce -","og_description":"V\u00fdkon \u010derpadla 9,5 m3 za hodinu a \u010dist\u00fd v\u00fdkon 8,0 m3 za hodinu, s vodn\u00edm sloupcem 4 metry.S integrovan\u00fdm \u010dasova\u010dem. Vysok\u00fd v\u00fdkon, vhodn\u00fd tak\u00e9 pro velk\u00e9 baz\u00e9ny, samonas\u00e1vac\u00ed \u010derpadlo Deluxe, 10000 s filtrem ze s\u00ed\u0165oviny.6cestn\u00fd ventil pro v\u0161echny hlavn\u00ed operace. P\u00edskov\u00fd filtr je nejpohodln\u011bj\u0161\u00ed filtra\u010dn\u00ed metodou pro baz\u00e9ny.Vysoce \u00fa\u010dinn\u00e9 \u010derpadlo se zvl\u00e1\u0161tn\u00edm adapt\u00e9rem v cen\u011b, [&hellip;]","og_url":"https:\/\/www.oknobuild.com\/index.php\/produkt\/intex-40100-piskova-filtrace-speedclean-comfort-75-primo-od-vyrobce-33913\/","og_image":[{"width":800,"height":800,"url":"https:\/\/www.oknobuild.com\/wp-content\/uploads\/2026\/SK0020074-CZ20260425-092328-0-1777080210-211303-1_103956.webp","type":"image\/webp"}],"twitter_card":"summary_large_image","twitter_misc":{"Odhadovan\u00e1 doba \u010dten\u00ed":"1 minuta"},"schema":{"@context":"https:\/\/schema.org","@graph":[{"@type":"WebPage","@id":"https:\/\/www.oknobuild.com\/index.php\/produkt\/intex-40100-piskova-filtrace-speedclean-comfort-75-primo-od-vyrobce-33913\/","url":"https:\/\/www.oknobuild.com\/index.php\/produkt\/intex-40100-piskova-filtrace-speedclean-comfort-75-primo-od-vyrobce-33913\/","name":"Intex 40100 P\u00edskov\u00e1 filtrace SpeedClean Comfort 75 P\u0159\u00edmo Od V\u00fdrobce -","isPartOf":{"@id":"https:\/\/www.oknobuild.com\/#website"},"primaryImageOfPage":{"@id":"https:\/\/www.oknobuild.com\/index.php\/produkt\/intex-40100-piskova-filtrace-speedclean-comfort-75-primo-od-vyrobce-33913\/#primaryimage"},"image":{"@id":"https:\/\/www.oknobuild.com\/index.php\/produkt\/intex-40100-piskova-filtrace-speedclean-comfort-75-primo-od-vyrobce-33913\/#primaryimage"},"thumbnailUrl":"https:\/\/www.oknobuild.com\/wp-content\/uploads\/2026\/SK0020074-CZ20260425-092328-0-1777080210-211303-1_103956.webp","datePublished":"2026-04-27T04:42:01+00:00","breadcrumb":{"@id":"https:\/\/www.oknobuild.com\/index.php\/produkt\/intex-40100-piskova-filtrace-speedclean-comfort-75-primo-od-vyrobce-33913\/#breadcrumb"},"inLanguage":"cs","potentialAction":[{"@type":"ReadAction","target":["https:\/\/www.oknobuild.com\/index.php\/produkt\/intex-40100-piskova-filtrace-speedclean-comfort-75-primo-od-vyrobce-33913\/"]}]},{"@type":"ImageObject","inLanguage":"cs","@id":"https:\/\/www.oknobuild.com\/index.php\/produkt\/intex-40100-piskova-filtrace-speedclean-comfort-75-primo-od-vyrobce-33913\/#primaryimage","url":"https:\/\/www.oknobuild.com\/wp-content\/uploads\/2026\/SK0020074-CZ20260425-092328-0-1777080210-211303-1_103956.webp","contentUrl":"https:\/\/www.oknobuild.com\/wp-content\/uploads\/2026\/SK0020074-CZ20260425-092328-0-1777080210-211303-1_103956.webp","width":800,"height":800},{"@type":"BreadcrumbList","@id":"https:\/\/www.oknobuild.com\/index.php\/produkt\/intex-40100-piskova-filtrace-speedclean-comfort-75-primo-od-vyrobce-33913\/#breadcrumb","itemListElement":[{"@type":"ListItem","position":1,"name":"Home","item":"https:\/\/www.oknobuild.com\/"},{"@type":"ListItem","position":2,"name":"Products","item":"https:\/\/www.oknobuild.com\/index.php\/products\/"},{"@type":"ListItem","position":3,"name":"Intex 40100 P\u00edskov\u00e1 filtrace SpeedClean Comfort 75 P\u0159\u00edmo Od V\u00fdrobce"}]},{"@type":"WebSite","@id":"https:\/\/www.oknobuild.com\/#website","url":"https:\/\/www.oknobuild.com\/","name":"","description":"","potentialAction":[{"@type":"SearchAction","target":{"@type":"EntryPoint","urlTemplate":"https:\/\/www.oknobuild.com\/?s={search_term_string}"},"query-input":{"@type":"PropertyValueSpecification","valueRequired":true,"valueName":"search_term_string"}}],"inLanguage":"cs"}]}},"_links":{"self":[{"href":"https:\/\/www.oknobuild.com\/index.php\/wp-json\/wp\/v2\/product\/33913","targetHints":{"allow":["GET"]}}],"collection":[{"href":"https:\/\/www.oknobuild.com\/index.php\/wp-json\/wp\/v2\/product"}],"about":[{"href":"https:\/\/www.oknobuild.com\/index.php\/wp-json\/wp\/v2\/types\/product"}],"replies":[{"embeddable":true,"href":"https:\/\/www.oknobuild.com\/index.php\/wp-json\/wp\/v2\/comments?post=33913"}],"wp:featuredmedia":[{"embeddable":true,"href":"https:\/\/www.oknobuild.com\/index.php\/wp-json\/wp\/v2\/media\/34013"}],"wp:attachment":[{"href":"https:\/\/www.oknobuild.com\/index.php\/wp-json\/wp\/v2\/media?parent=33913"}],"wp:term":[{"taxonomy":"product_brand","embeddable":true,"href":"https:\/\/www.oknobuild.com\/index.php\/wp-json\/wp\/v2\/product_brand?post=33913"},{"taxonomy":"product_cat","embeddable":true,"href":"https:\/\/www.oknobuild.com\/index.php\/wp-json\/wp\/v2\/product_cat?post=33913"},{"taxonomy":"product_tag","embeddable":true,"href":"https:\/\/www.oknobuild.com\/index.php\/wp-json\/wp\/v2\/product_tag?post=33913"}],"curies":[{"name":"wp","href":"https:\/\/api.w.org\/{rel}","templated":true}]}}