{"id":33914,"date":"2026-04-27T04:42:01","date_gmt":"2026-04-27T04:42:01","guid":{"rendered":""},"modified":"2026-04-27T04:42:01","modified_gmt":"2026-04-27T04:42:01","slug":"intex-40200-piskova-filtrace-speedclean-comfort-50-akce-33914","status":"publish","type":"product","link":"https:\/\/www.oknobuild.com\/index.php\/produkt\/intex-40200-piskova-filtrace-speedclean-comfort-50-akce-33914\/","title":{"rendered":"Intex 40200 P\u00edskov\u00e1 filtrace SpeedClean Comfort 50 Akce"},"content":{"rendered":"<table>\n<div class=\"tab-pane active product-description\" id=\"popis\" role=\"tabpanel\">\n<div class=\"short-description\" itemprop=\"description\"><\/div>\n<div class=\"description\"><span class='bullet-line'>Sv\u011btle modr\u00e1 polyethylenov\u00e1 filtra\u010dn\u00ed n\u00e1doba vyroben\u00e1 z jednoho kusu se samonas\u00e1vac\u00ed<br \/><\/span>pumpou a p\u0159edfiltrem.<span class='bullet-line'>Unik\u00e1tn\u00ed nov\u00fd 7cestn\u00fd ventil bez t\u011bsnic\u00edch bod\u016f, kompletn\u011b<br \/><\/span><span class='bullet-line'>smontovan\u00fd na kotli, tak\u017ee nen\u00ed t\u0159eba dal\u0161\u00edch mont\u00e1\u017en\u00edch prac\u00ed.<br \/><\/span><span class='bullet-line'>Pomoc\u00ed dvou \u0161roubov\u00fdch spoj\u016f na krytu<br \/><\/span><span class='bullet-line'>lze instalovat UV dezinfekci nebo topn\u00fd \u010dl\u00e1nek s topn\u00fdm v\u00fdkonem 3 KW.<br \/><\/span><span class='bullet-line'>Syst\u00e9m p\u00edskov\u00e9ho filtru lze pou\u017e\u00edt s p\u00edskem pro baz\u00e9ny nebo se speci\u00e1ln\u00ed<br \/><\/span><span class='bullet-line'>rybn\u00edkovou vlo\u017ekou pro filtraci rybn\u00edka<br \/><\/span><br \/>\u25ba Data:<span class='bullet-line'>P\u0159i pln\u011bn\u00ed p\u00edskem je doporu\u010den\u00e9 mno\u017estv\u00ed n\u00e1pln\u011b p\u0159ibli\u017en\u011b 15 kg zrna<br \/><\/span><span class='bullet-line'>p\u00edsku: 0,4 &#8211; 0,8 mm nebo 0,7 &#8211; 1,25 mm<br \/><\/span><span class='bullet-line'>Novinka: S 24hodinov\u00fdm provozn\u00edm v\u00fdkonem \u010dasova\u010de<br \/><\/span><span class='bullet-line'>6,6 m\u00b3 \/ h p\u0159i 0,4 baru<br \/><\/span><span class='bullet-line'>Spot\u0159eba energie: 375 watt\u016f \/ h<br \/><\/span><span class='bullet-line'>Vhodn\u00e9 pro baz\u00e9ny do cca 33 m3<\/span><\/div>\n<div class=\"parameters\">\n<tr>\n<td>Cirkula\u010dn\u00ed kapacita<\/td>\n<td>6 600 l \/ h<\/td>\n<\/tr>\n<tr>\n<td>Samonas\u00e1vac\u00ed \u010derpadlo s p\u0159edfiltrem<\/td>\n<td>ano<\/td>\n<\/tr>\n<tr>\n<td>Maxim\u00e1ln\u00ed teplota vody<\/td>\n<td>35 \u00b0 C<\/td>\n<\/tr>\n<tr>\n<td>Nap\u011bt\u00ed<\/td>\n<td>230 V \/ 450 W<\/td>\n<\/tr>\n<tr>\n<td>Integrovan\u00fd \u010dasova\u010d<\/td>\n<td>ano<\/td>\n<\/tr>\n<tr>\n<td>7cestn\u00fd ventil s manometrem<\/td>\n<td>ano<\/td>\n<\/tr>\n<tr>\n<td>Kotel<\/td>\n<td>\u00d8 400 mm<\/td>\n<\/tr>\n<tr>\n<td>P\u0159ipojen\u00ed<\/td>\n<td>\u00d8 32\/38 mm<\/td>\n<\/tr>\n<tr>\n<td>Z\u00e1kladn\u00ed deska<\/td>\n<td>ano<\/td>\n<\/tr>\n<tr>\n<td>pot\u0159ebn\u00e9 mno\u017estv\u00ed p\u00edsku<\/td>\n<td>cca 15 kg<\/td>\n<\/tr>\n<tr>\n<td>doporu\u010den\u00e1 velikost zrna<\/td>\n<td>0,7 &#8211; 1,2 mm<\/td>\n<\/tr>\n<tr>\n<td>pro baz\u00e9ny<\/td>\n<td>do 33 000 l vody<\/td>\n<\/tr>\n<tr>\n<td>Mo\u017enost p\u0159ipojen\u00ed UV syst\u00e9mu Speed \u200b\u200bUV a p\u0159\u00eddavn\u00e9ho oh\u0159\u00edva\u010de Speedheat Titan integrovan\u00e9ho do krytu filtru<\/td>\n<td>ano<\/td>\n<\/tr><\/div>\n<\/table>\n","protected":false},"excerpt":{"rendered":"<p>Sv\u011btle modr\u00e1 polyethylenov\u00e1 filtra\u010dn\u00ed n\u00e1doba vyroben\u00e1 z jednoho kusu se samonas\u00e1vac\u00edpumpou a p\u0159edfiltrem.Unik\u00e1tn\u00ed nov\u00fd 7cestn\u00fd ventil bez t\u011bsnic\u00edch bod\u016f, kompletn\u011bsmontovan\u00fd na kotli, tak\u017ee nen\u00ed t\u0159eba dal\u0161\u00edch mont\u00e1\u017en\u00edch prac\u00ed.Pomoc\u00ed dvou \u0161roubov\u00fdch spoj\u016f na krytulze instalovat UV dezinfekci nebo topn\u00fd \u010dl\u00e1nek s topn\u00fdm v\u00fdkonem 3 KW.Syst\u00e9m p\u00edskov\u00e9ho filtru lze pou\u017e\u00edt s p\u00edskem pro baz\u00e9ny nebo se speci\u00e1ln\u00edrybn\u00edkovou [&hellip;]<\/p>\n","protected":false},"featured_media":34014,"comment_status":"open","ping_status":"open","template":"","meta":[],"product_brand":[],"product_cat":[81,82,83],"product_tag":[],"class_list":{"0":"post-33914","1":"product","2":"type-product","3":"status-publish","4":"has-post-thumbnail","6":"product_cat-bazen","7":"product_cat-sport","8":"product_cat-volny-cas","10":"first","11":"instock","12":"sale","13":"shipping-taxable","14":"purchasable","15":"product-type-simple"},"yoast_head":"<!-- This site is optimized with the Yoast SEO plugin v26.8 - https:\/\/yoast.com\/product\/yoast-seo-wordpress\/ -->\n<title>Intex 40200 P\u00edskov\u00e1 filtrace SpeedClean Comfort 50 Akce -<\/title>\n<meta name=\"robots\" content=\"index, follow, max-snippet:-1, max-image-preview:large, max-video-preview:-1\" \/>\n<link rel=\"canonical\" href=\"https:\/\/www.oknobuild.com\/index.php\/produkt\/intex-40200-piskova-filtrace-speedclean-comfort-50-akce-33914\/\" \/>\n<meta property=\"og:locale\" content=\"cs_CZ\" \/>\n<meta property=\"og:type\" content=\"article\" \/>\n<meta property=\"og:title\" content=\"Intex 40200 P\u00edskov\u00e1 filtrace SpeedClean Comfort 50 Akce -\" \/>\n<meta property=\"og:description\" content=\"Sv\u011btle modr\u00e1 polyethylenov\u00e1 filtra\u010dn\u00ed n\u00e1doba vyroben\u00e1 z jednoho kusu se samonas\u00e1vac\u00edpumpou a p\u0159edfiltrem.Unik\u00e1tn\u00ed nov\u00fd 7cestn\u00fd ventil bez t\u011bsnic\u00edch bod\u016f, kompletn\u011bsmontovan\u00fd na kotli, tak\u017ee nen\u00ed t\u0159eba dal\u0161\u00edch mont\u00e1\u017en\u00edch prac\u00ed.Pomoc\u00ed dvou \u0161roubov\u00fdch spoj\u016f na krytulze instalovat UV dezinfekci nebo topn\u00fd \u010dl\u00e1nek s topn\u00fdm v\u00fdkonem 3 KW.Syst\u00e9m p\u00edskov\u00e9ho filtru lze pou\u017e\u00edt s p\u00edskem pro baz\u00e9ny nebo se speci\u00e1ln\u00edrybn\u00edkovou [&hellip;]\" \/>\n<meta property=\"og:url\" content=\"https:\/\/www.oknobuild.com\/index.php\/produkt\/intex-40200-piskova-filtrace-speedclean-comfort-50-akce-33914\/\" \/>\n<meta property=\"og:image\" content=\"https:\/\/www.oknobuild.com\/wp-content\/uploads\/2026\/SK0020075-CZ20260425-092328-0-1777080210-211304-1_103956.webp\" \/>\n\t<meta property=\"og:image:width\" content=\"892\" \/>\n\t<meta property=\"og:image:height\" content=\"800\" \/>\n\t<meta property=\"og:image:type\" content=\"image\/webp\" \/>\n<meta name=\"twitter:card\" content=\"summary_large_image\" \/>\n<meta name=\"twitter:label1\" content=\"Odhadovan\u00e1 doba \u010dten\u00ed\" \/>\n\t<meta name=\"twitter:data1\" content=\"1 minuta\" \/>\n<script type=\"application\/ld+json\" class=\"yoast-schema-graph\">{\"@context\":\"https:\/\/schema.org\",\"@graph\":[{\"@type\":\"WebPage\",\"@id\":\"https:\/\/www.oknobuild.com\/index.php\/produkt\/intex-40200-piskova-filtrace-speedclean-comfort-50-akce-33914\/\",\"url\":\"https:\/\/www.oknobuild.com\/index.php\/produkt\/intex-40200-piskova-filtrace-speedclean-comfort-50-akce-33914\/\",\"name\":\"Intex 40200 P\u00edskov\u00e1 filtrace SpeedClean Comfort 50 Akce -\",\"isPartOf\":{\"@id\":\"https:\/\/www.oknobuild.com\/#website\"},\"primaryImageOfPage\":{\"@id\":\"https:\/\/www.oknobuild.com\/index.php\/produkt\/intex-40200-piskova-filtrace-speedclean-comfort-50-akce-33914\/#primaryimage\"},\"image\":{\"@id\":\"https:\/\/www.oknobuild.com\/index.php\/produkt\/intex-40200-piskova-filtrace-speedclean-comfort-50-akce-33914\/#primaryimage\"},\"thumbnailUrl\":\"https:\/\/www.oknobuild.com\/wp-content\/uploads\/2026\/SK0020075-CZ20260425-092328-0-1777080210-211304-1_103956.webp\",\"datePublished\":\"2026-04-27T04:42:01+00:00\",\"breadcrumb\":{\"@id\":\"https:\/\/www.oknobuild.com\/index.php\/produkt\/intex-40200-piskova-filtrace-speedclean-comfort-50-akce-33914\/#breadcrumb\"},\"inLanguage\":\"cs\",\"potentialAction\":[{\"@type\":\"ReadAction\",\"target\":[\"https:\/\/www.oknobuild.com\/index.php\/produkt\/intex-40200-piskova-filtrace-speedclean-comfort-50-akce-33914\/\"]}]},{\"@type\":\"ImageObject\",\"inLanguage\":\"cs\",\"@id\":\"https:\/\/www.oknobuild.com\/index.php\/produkt\/intex-40200-piskova-filtrace-speedclean-comfort-50-akce-33914\/#primaryimage\",\"url\":\"https:\/\/www.oknobuild.com\/wp-content\/uploads\/2026\/SK0020075-CZ20260425-092328-0-1777080210-211304-1_103956.webp\",\"contentUrl\":\"https:\/\/www.oknobuild.com\/wp-content\/uploads\/2026\/SK0020075-CZ20260425-092328-0-1777080210-211304-1_103956.webp\",\"width\":892,\"height\":800},{\"@type\":\"BreadcrumbList\",\"@id\":\"https:\/\/www.oknobuild.com\/index.php\/produkt\/intex-40200-piskova-filtrace-speedclean-comfort-50-akce-33914\/#breadcrumb\",\"itemListElement\":[{\"@type\":\"ListItem\",\"position\":1,\"name\":\"Home\",\"item\":\"https:\/\/www.oknobuild.com\/\"},{\"@type\":\"ListItem\",\"position\":2,\"name\":\"Products\",\"item\":\"https:\/\/www.oknobuild.com\/index.php\/products\/\"},{\"@type\":\"ListItem\",\"position\":3,\"name\":\"Intex 40200 P\u00edskov\u00e1 filtrace SpeedClean Comfort 50 Akce\"}]},{\"@type\":\"WebSite\",\"@id\":\"https:\/\/www.oknobuild.com\/#website\",\"url\":\"https:\/\/www.oknobuild.com\/\",\"name\":\"\",\"description\":\"\",\"potentialAction\":[{\"@type\":\"SearchAction\",\"target\":{\"@type\":\"EntryPoint\",\"urlTemplate\":\"https:\/\/www.oknobuild.com\/?s={search_term_string}\"},\"query-input\":{\"@type\":\"PropertyValueSpecification\",\"valueRequired\":true,\"valueName\":\"search_term_string\"}}],\"inLanguage\":\"cs\"}]}<\/script>\n<!-- \/ Yoast SEO plugin. -->","yoast_head_json":{"title":"Intex 40200 P\u00edskov\u00e1 filtrace SpeedClean Comfort 50 Akce -","robots":{"index":"index","follow":"follow","max-snippet":"max-snippet:-1","max-image-preview":"max-image-preview:large","max-video-preview":"max-video-preview:-1"},"canonical":"https:\/\/www.oknobuild.com\/index.php\/produkt\/intex-40200-piskova-filtrace-speedclean-comfort-50-akce-33914\/","og_locale":"cs_CZ","og_type":"article","og_title":"Intex 40200 P\u00edskov\u00e1 filtrace SpeedClean Comfort 50 Akce -","og_description":"Sv\u011btle modr\u00e1 polyethylenov\u00e1 filtra\u010dn\u00ed n\u00e1doba vyroben\u00e1 z jednoho kusu se samonas\u00e1vac\u00edpumpou a p\u0159edfiltrem.Unik\u00e1tn\u00ed nov\u00fd 7cestn\u00fd ventil bez t\u011bsnic\u00edch bod\u016f, kompletn\u011bsmontovan\u00fd na kotli, tak\u017ee nen\u00ed t\u0159eba dal\u0161\u00edch mont\u00e1\u017en\u00edch prac\u00ed.Pomoc\u00ed dvou \u0161roubov\u00fdch spoj\u016f na krytulze instalovat UV dezinfekci nebo topn\u00fd \u010dl\u00e1nek s topn\u00fdm v\u00fdkonem 3 KW.Syst\u00e9m p\u00edskov\u00e9ho filtru lze pou\u017e\u00edt s p\u00edskem pro baz\u00e9ny nebo se speci\u00e1ln\u00edrybn\u00edkovou [&hellip;]","og_url":"https:\/\/www.oknobuild.com\/index.php\/produkt\/intex-40200-piskova-filtrace-speedclean-comfort-50-akce-33914\/","og_image":[{"width":892,"height":800,"url":"https:\/\/www.oknobuild.com\/wp-content\/uploads\/2026\/SK0020075-CZ20260425-092328-0-1777080210-211304-1_103956.webp","type":"image\/webp"}],"twitter_card":"summary_large_image","twitter_misc":{"Odhadovan\u00e1 doba \u010dten\u00ed":"1 minuta"},"schema":{"@context":"https:\/\/schema.org","@graph":[{"@type":"WebPage","@id":"https:\/\/www.oknobuild.com\/index.php\/produkt\/intex-40200-piskova-filtrace-speedclean-comfort-50-akce-33914\/","url":"https:\/\/www.oknobuild.com\/index.php\/produkt\/intex-40200-piskova-filtrace-speedclean-comfort-50-akce-33914\/","name":"Intex 40200 P\u00edskov\u00e1 filtrace SpeedClean Comfort 50 Akce -","isPartOf":{"@id":"https:\/\/www.oknobuild.com\/#website"},"primaryImageOfPage":{"@id":"https:\/\/www.oknobuild.com\/index.php\/produkt\/intex-40200-piskova-filtrace-speedclean-comfort-50-akce-33914\/#primaryimage"},"image":{"@id":"https:\/\/www.oknobuild.com\/index.php\/produkt\/intex-40200-piskova-filtrace-speedclean-comfort-50-akce-33914\/#primaryimage"},"thumbnailUrl":"https:\/\/www.oknobuild.com\/wp-content\/uploads\/2026\/SK0020075-CZ20260425-092328-0-1777080210-211304-1_103956.webp","datePublished":"2026-04-27T04:42:01+00:00","breadcrumb":{"@id":"https:\/\/www.oknobuild.com\/index.php\/produkt\/intex-40200-piskova-filtrace-speedclean-comfort-50-akce-33914\/#breadcrumb"},"inLanguage":"cs","potentialAction":[{"@type":"ReadAction","target":["https:\/\/www.oknobuild.com\/index.php\/produkt\/intex-40200-piskova-filtrace-speedclean-comfort-50-akce-33914\/"]}]},{"@type":"ImageObject","inLanguage":"cs","@id":"https:\/\/www.oknobuild.com\/index.php\/produkt\/intex-40200-piskova-filtrace-speedclean-comfort-50-akce-33914\/#primaryimage","url":"https:\/\/www.oknobuild.com\/wp-content\/uploads\/2026\/SK0020075-CZ20260425-092328-0-1777080210-211304-1_103956.webp","contentUrl":"https:\/\/www.oknobuild.com\/wp-content\/uploads\/2026\/SK0020075-CZ20260425-092328-0-1777080210-211304-1_103956.webp","width":892,"height":800},{"@type":"BreadcrumbList","@id":"https:\/\/www.oknobuild.com\/index.php\/produkt\/intex-40200-piskova-filtrace-speedclean-comfort-50-akce-33914\/#breadcrumb","itemListElement":[{"@type":"ListItem","position":1,"name":"Home","item":"https:\/\/www.oknobuild.com\/"},{"@type":"ListItem","position":2,"name":"Products","item":"https:\/\/www.oknobuild.com\/index.php\/products\/"},{"@type":"ListItem","position":3,"name":"Intex 40200 P\u00edskov\u00e1 filtrace SpeedClean Comfort 50 Akce"}]},{"@type":"WebSite","@id":"https:\/\/www.oknobuild.com\/#website","url":"https:\/\/www.oknobuild.com\/","name":"","description":"","potentialAction":[{"@type":"SearchAction","target":{"@type":"EntryPoint","urlTemplate":"https:\/\/www.oknobuild.com\/?s={search_term_string}"},"query-input":{"@type":"PropertyValueSpecification","valueRequired":true,"valueName":"search_term_string"}}],"inLanguage":"cs"}]}},"_links":{"self":[{"href":"https:\/\/www.oknobuild.com\/index.php\/wp-json\/wp\/v2\/product\/33914","targetHints":{"allow":["GET"]}}],"collection":[{"href":"https:\/\/www.oknobuild.com\/index.php\/wp-json\/wp\/v2\/product"}],"about":[{"href":"https:\/\/www.oknobuild.com\/index.php\/wp-json\/wp\/v2\/types\/product"}],"replies":[{"embeddable":true,"href":"https:\/\/www.oknobuild.com\/index.php\/wp-json\/wp\/v2\/comments?post=33914"}],"wp:featuredmedia":[{"embeddable":true,"href":"https:\/\/www.oknobuild.com\/index.php\/wp-json\/wp\/v2\/media\/34014"}],"wp:attachment":[{"href":"https:\/\/www.oknobuild.com\/index.php\/wp-json\/wp\/v2\/media?parent=33914"}],"wp:term":[{"taxonomy":"product_brand","embeddable":true,"href":"https:\/\/www.oknobuild.com\/index.php\/wp-json\/wp\/v2\/product_brand?post=33914"},{"taxonomy":"product_cat","embeddable":true,"href":"https:\/\/www.oknobuild.com\/index.php\/wp-json\/wp\/v2\/product_cat?post=33914"},{"taxonomy":"product_tag","embeddable":true,"href":"https:\/\/www.oknobuild.com\/index.php\/wp-json\/wp\/v2\/product_tag?post=33914"}],"curies":[{"name":"wp","href":"https:\/\/api.w.org\/{rel}","templated":true}]}}