{"id":33915,"date":"2026-04-27T04:42:01","date_gmt":"2026-04-27T04:42:01","guid":{"rendered":""},"modified":"2026-04-27T04:42:01","modified_gmt":"2026-04-27T04:42:01","slug":"intex-129000-filtracni-kartuse-typ-a-sleva-33915","status":"publish","type":"product","link":"https:\/\/www.oknobuild.com\/index.php\/produkt\/intex-129000-filtracni-kartuse-typ-a-sleva-33915\/","title":{"rendered":"Intex 129000 Filtra\u010dn\u00ed kartu\u0161e typ A Sleva"},"content":{"rendered":"<table>\n<div class=\"tab-pane active product-description\" id=\"popis\" role=\"tabpanel\">\n<div class=\"short-description\" itemprop=\"description\"><\/div>\n<div class=\"description\"><span class='bullet-line'>Pro v\u0161echny INTEX kartu\u0161ov\u00e9 filtrace s filtra\u010dn\u00ed kartu\u0161\u00ed typu A.<\/span><span class='bullet-line'>INTEX DACRON \u010dist\u00ed ve\u0161ker\u00e9 ne\u010distoty z Va\u0161\u00ed baz\u00e9nov\u00e9 vody.<\/span><span class='bullet-line'>Velmi jemn\u00fd filtr pro k\u0159i\u0161\u0165\u00e1lov\u011b \u010distou vodu v baz\u00e9nu.<\/span><span class='bullet-line'>M\u011b\u0148te pravideln\u011b p\u0159\u00edslu\u0161n\u00e9 kartu\u0161e, doporu\u010dujeme v\u00fdm\u011bnu po 4 t\u00fddnech pou\u017eit\u00ed.<\/span><span class='bullet-line'>Jednoduch\u00e1 \u00fadr\u017eba omyt\u00edm proudem vody.<\/span><span class='bullet-line'>Je vyrobena z materi\u00e1lu DACRON, kter\u00fd tvo\u0159\u00ed vlastn\u00ed filtra\u010dn\u00ed materi\u00e1l. <\/span><span class='bullet-line'>Jedn\u00e1 se o hust\u011b skl\u00e1dan\u00fd filtr, kter\u00fd je ulo\u017een v kruhov\u00e9m plastov\u00e9m lo\u017ei. <\/span><span class='bullet-line'>D\u00edky tomu, \u017ee je filtr hust\u011b skl\u00e1dan\u00fd, je podstatn\u011b zv\u00fd\u0161ena plocha filtra\u010dn\u00edho povrchu, a t\u00edm je zv\u00fd\u0161ena i schopnost zachycovat ne\u010distoty.<\/span><\/div>\n<div class=\"parameters\">\n<tr>\n<td>Typ<\/td>\n<td>A<\/td>\n<\/tr>\n<tr>\n<td>V\u00fd\u0161ka<\/td>\n<td>20 cm<\/td>\n<\/tr>\n<tr>\n<td>Vn\u011bj\u0161\u00ed pr\u016fm\u011br<\/td>\n<td>10,7 cm<\/td>\n<\/tr>\n<tr>\n<td>Vnit\u0159n\u00ed pr\u016fm\u011br<\/td>\n<td>4,7 cm<\/td>\n<\/tr>\n<tr>\n<td>Omyvateln\u00e1<\/td>\n<td>ano<\/td>\n<\/tr>\n<tr>\n<td>\u0160\u00ed\u0159ka<\/td>\n<td>10 cm<\/td>\n<\/tr>\n<tr>\n<td>V\u00fd\u0161ka<\/td>\n<td>20.5 cm<\/td>\n<\/tr>\n<tr>\n<td>Hloubka<\/td>\n<td>10 cm<\/td>\n<\/tr>\n<tr>\n<td>Hmotnost<\/td>\n<td>0.169 kg<\/td>\n<\/tr><\/div>\n<\/table>\n","protected":false},"excerpt":{"rendered":"<p>Pro v\u0161echny INTEX kartu\u0161ov\u00e9 filtrace s filtra\u010dn\u00ed kartu\u0161\u00ed typu A.INTEX DACRON \u010dist\u00ed ve\u0161ker\u00e9 ne\u010distoty z Va\u0161\u00ed baz\u00e9nov\u00e9 vody.Velmi jemn\u00fd filtr pro k\u0159i\u0161\u0165\u00e1lov\u011b \u010distou vodu v baz\u00e9nu.M\u011b\u0148te pravideln\u011b p\u0159\u00edslu\u0161n\u00e9 kartu\u0161e, doporu\u010dujeme v\u00fdm\u011bnu po 4 t\u00fddnech pou\u017eit\u00ed.Jednoduch\u00e1 \u00fadr\u017eba omyt\u00edm proudem vody.Je vyrobena z materi\u00e1lu DACRON, kter\u00fd tvo\u0159\u00ed vlastn\u00ed filtra\u010dn\u00ed materi\u00e1l. Jedn\u00e1 se o hust\u011b skl\u00e1dan\u00fd filtr, kter\u00fd [&hellip;]<\/p>\n","protected":false},"featured_media":34015,"comment_status":"open","ping_status":"open","template":"","meta":[],"product_brand":[],"product_cat":[81,82,83],"product_tag":[],"class_list":{"0":"post-33915","1":"product","2":"type-product","3":"status-publish","4":"has-post-thumbnail","6":"product_cat-bazen","7":"product_cat-sport","8":"product_cat-volny-cas","10":"first","11":"instock","12":"sale","13":"shipping-taxable","14":"purchasable","15":"product-type-simple"},"yoast_head":"<!-- This site is optimized with the Yoast SEO plugin v26.8 - https:\/\/yoast.com\/product\/yoast-seo-wordpress\/ -->\n<title>Intex 129000 Filtra\u010dn\u00ed kartu\u0161e typ A Sleva -<\/title>\n<meta name=\"robots\" content=\"index, follow, max-snippet:-1, max-image-preview:large, max-video-preview:-1\" \/>\n<link rel=\"canonical\" href=\"https:\/\/www.oknobuild.com\/index.php\/produkt\/intex-129000-filtracni-kartuse-typ-a-sleva-33915\/\" \/>\n<meta property=\"og:locale\" content=\"cs_CZ\" \/>\n<meta property=\"og:type\" content=\"article\" \/>\n<meta property=\"og:title\" content=\"Intex 129000 Filtra\u010dn\u00ed kartu\u0161e typ A Sleva -\" \/>\n<meta property=\"og:description\" content=\"Pro v\u0161echny INTEX kartu\u0161ov\u00e9 filtrace s filtra\u010dn\u00ed kartu\u0161\u00ed typu A.INTEX DACRON \u010dist\u00ed ve\u0161ker\u00e9 ne\u010distoty z Va\u0161\u00ed baz\u00e9nov\u00e9 vody.Velmi jemn\u00fd filtr pro k\u0159i\u0161\u0165\u00e1lov\u011b \u010distou vodu v baz\u00e9nu.M\u011b\u0148te pravideln\u011b p\u0159\u00edslu\u0161n\u00e9 kartu\u0161e, doporu\u010dujeme v\u00fdm\u011bnu po 4 t\u00fddnech pou\u017eit\u00ed.Jednoduch\u00e1 \u00fadr\u017eba omyt\u00edm proudem vody.Je vyrobena z materi\u00e1lu DACRON, kter\u00fd tvo\u0159\u00ed vlastn\u00ed filtra\u010dn\u00ed materi\u00e1l. Jedn\u00e1 se o hust\u011b skl\u00e1dan\u00fd filtr, kter\u00fd [&hellip;]\" \/>\n<meta property=\"og:url\" content=\"https:\/\/www.oknobuild.com\/index.php\/produkt\/intex-129000-filtracni-kartuse-typ-a-sleva-33915\/\" \/>\n<meta property=\"og:image\" content=\"https:\/\/www.oknobuild.com\/wp-content\/uploads\/2026\/SK0020076-CZ20260425-092328-0-1777080210-211305-1_104056.webp\" \/>\n\t<meta property=\"og:image:width\" content=\"800\" \/>\n\t<meta property=\"og:image:height\" content=\"800\" \/>\n\t<meta property=\"og:image:type\" content=\"image\/webp\" \/>\n<meta name=\"twitter:card\" content=\"summary_large_image\" \/>\n<meta name=\"twitter:label1\" content=\"Odhadovan\u00e1 doba \u010dten\u00ed\" \/>\n\t<meta name=\"twitter:data1\" content=\"1 minuta\" \/>\n<script type=\"application\/ld+json\" class=\"yoast-schema-graph\">{\"@context\":\"https:\/\/schema.org\",\"@graph\":[{\"@type\":\"WebPage\",\"@id\":\"https:\/\/www.oknobuild.com\/index.php\/produkt\/intex-129000-filtracni-kartuse-typ-a-sleva-33915\/\",\"url\":\"https:\/\/www.oknobuild.com\/index.php\/produkt\/intex-129000-filtracni-kartuse-typ-a-sleva-33915\/\",\"name\":\"Intex 129000 Filtra\u010dn\u00ed kartu\u0161e typ A Sleva -\",\"isPartOf\":{\"@id\":\"https:\/\/www.oknobuild.com\/#website\"},\"primaryImageOfPage\":{\"@id\":\"https:\/\/www.oknobuild.com\/index.php\/produkt\/intex-129000-filtracni-kartuse-typ-a-sleva-33915\/#primaryimage\"},\"image\":{\"@id\":\"https:\/\/www.oknobuild.com\/index.php\/produkt\/intex-129000-filtracni-kartuse-typ-a-sleva-33915\/#primaryimage\"},\"thumbnailUrl\":\"https:\/\/www.oknobuild.com\/wp-content\/uploads\/2026\/SK0020076-CZ20260425-092328-0-1777080210-211305-1_104056.webp\",\"datePublished\":\"2026-04-27T04:42:01+00:00\",\"breadcrumb\":{\"@id\":\"https:\/\/www.oknobuild.com\/index.php\/produkt\/intex-129000-filtracni-kartuse-typ-a-sleva-33915\/#breadcrumb\"},\"inLanguage\":\"cs\",\"potentialAction\":[{\"@type\":\"ReadAction\",\"target\":[\"https:\/\/www.oknobuild.com\/index.php\/produkt\/intex-129000-filtracni-kartuse-typ-a-sleva-33915\/\"]}]},{\"@type\":\"ImageObject\",\"inLanguage\":\"cs\",\"@id\":\"https:\/\/www.oknobuild.com\/index.php\/produkt\/intex-129000-filtracni-kartuse-typ-a-sleva-33915\/#primaryimage\",\"url\":\"https:\/\/www.oknobuild.com\/wp-content\/uploads\/2026\/SK0020076-CZ20260425-092328-0-1777080210-211305-1_104056.webp\",\"contentUrl\":\"https:\/\/www.oknobuild.com\/wp-content\/uploads\/2026\/SK0020076-CZ20260425-092328-0-1777080210-211305-1_104056.webp\",\"width\":800,\"height\":800},{\"@type\":\"BreadcrumbList\",\"@id\":\"https:\/\/www.oknobuild.com\/index.php\/produkt\/intex-129000-filtracni-kartuse-typ-a-sleva-33915\/#breadcrumb\",\"itemListElement\":[{\"@type\":\"ListItem\",\"position\":1,\"name\":\"Home\",\"item\":\"https:\/\/www.oknobuild.com\/\"},{\"@type\":\"ListItem\",\"position\":2,\"name\":\"Products\",\"item\":\"https:\/\/www.oknobuild.com\/index.php\/products\/\"},{\"@type\":\"ListItem\",\"position\":3,\"name\":\"Intex 129000 Filtra\u010dn\u00ed kartu\u0161e typ A Sleva\"}]},{\"@type\":\"WebSite\",\"@id\":\"https:\/\/www.oknobuild.com\/#website\",\"url\":\"https:\/\/www.oknobuild.com\/\",\"name\":\"\",\"description\":\"\",\"potentialAction\":[{\"@type\":\"SearchAction\",\"target\":{\"@type\":\"EntryPoint\",\"urlTemplate\":\"https:\/\/www.oknobuild.com\/?s={search_term_string}\"},\"query-input\":{\"@type\":\"PropertyValueSpecification\",\"valueRequired\":true,\"valueName\":\"search_term_string\"}}],\"inLanguage\":\"cs\"}]}<\/script>\n<!-- \/ Yoast SEO plugin. -->","yoast_head_json":{"title":"Intex 129000 Filtra\u010dn\u00ed kartu\u0161e typ A Sleva -","robots":{"index":"index","follow":"follow","max-snippet":"max-snippet:-1","max-image-preview":"max-image-preview:large","max-video-preview":"max-video-preview:-1"},"canonical":"https:\/\/www.oknobuild.com\/index.php\/produkt\/intex-129000-filtracni-kartuse-typ-a-sleva-33915\/","og_locale":"cs_CZ","og_type":"article","og_title":"Intex 129000 Filtra\u010dn\u00ed kartu\u0161e typ A Sleva -","og_description":"Pro v\u0161echny INTEX kartu\u0161ov\u00e9 filtrace s filtra\u010dn\u00ed kartu\u0161\u00ed typu A.INTEX DACRON \u010dist\u00ed ve\u0161ker\u00e9 ne\u010distoty z Va\u0161\u00ed baz\u00e9nov\u00e9 vody.Velmi jemn\u00fd filtr pro k\u0159i\u0161\u0165\u00e1lov\u011b \u010distou vodu v baz\u00e9nu.M\u011b\u0148te pravideln\u011b p\u0159\u00edslu\u0161n\u00e9 kartu\u0161e, doporu\u010dujeme v\u00fdm\u011bnu po 4 t\u00fddnech pou\u017eit\u00ed.Jednoduch\u00e1 \u00fadr\u017eba omyt\u00edm proudem vody.Je vyrobena z materi\u00e1lu DACRON, kter\u00fd tvo\u0159\u00ed vlastn\u00ed filtra\u010dn\u00ed materi\u00e1l. Jedn\u00e1 se o hust\u011b skl\u00e1dan\u00fd filtr, kter\u00fd [&hellip;]","og_url":"https:\/\/www.oknobuild.com\/index.php\/produkt\/intex-129000-filtracni-kartuse-typ-a-sleva-33915\/","og_image":[{"width":800,"height":800,"url":"https:\/\/www.oknobuild.com\/wp-content\/uploads\/2026\/SK0020076-CZ20260425-092328-0-1777080210-211305-1_104056.webp","type":"image\/webp"}],"twitter_card":"summary_large_image","twitter_misc":{"Odhadovan\u00e1 doba \u010dten\u00ed":"1 minuta"},"schema":{"@context":"https:\/\/schema.org","@graph":[{"@type":"WebPage","@id":"https:\/\/www.oknobuild.com\/index.php\/produkt\/intex-129000-filtracni-kartuse-typ-a-sleva-33915\/","url":"https:\/\/www.oknobuild.com\/index.php\/produkt\/intex-129000-filtracni-kartuse-typ-a-sleva-33915\/","name":"Intex 129000 Filtra\u010dn\u00ed kartu\u0161e typ A Sleva -","isPartOf":{"@id":"https:\/\/www.oknobuild.com\/#website"},"primaryImageOfPage":{"@id":"https:\/\/www.oknobuild.com\/index.php\/produkt\/intex-129000-filtracni-kartuse-typ-a-sleva-33915\/#primaryimage"},"image":{"@id":"https:\/\/www.oknobuild.com\/index.php\/produkt\/intex-129000-filtracni-kartuse-typ-a-sleva-33915\/#primaryimage"},"thumbnailUrl":"https:\/\/www.oknobuild.com\/wp-content\/uploads\/2026\/SK0020076-CZ20260425-092328-0-1777080210-211305-1_104056.webp","datePublished":"2026-04-27T04:42:01+00:00","breadcrumb":{"@id":"https:\/\/www.oknobuild.com\/index.php\/produkt\/intex-129000-filtracni-kartuse-typ-a-sleva-33915\/#breadcrumb"},"inLanguage":"cs","potentialAction":[{"@type":"ReadAction","target":["https:\/\/www.oknobuild.com\/index.php\/produkt\/intex-129000-filtracni-kartuse-typ-a-sleva-33915\/"]}]},{"@type":"ImageObject","inLanguage":"cs","@id":"https:\/\/www.oknobuild.com\/index.php\/produkt\/intex-129000-filtracni-kartuse-typ-a-sleva-33915\/#primaryimage","url":"https:\/\/www.oknobuild.com\/wp-content\/uploads\/2026\/SK0020076-CZ20260425-092328-0-1777080210-211305-1_104056.webp","contentUrl":"https:\/\/www.oknobuild.com\/wp-content\/uploads\/2026\/SK0020076-CZ20260425-092328-0-1777080210-211305-1_104056.webp","width":800,"height":800},{"@type":"BreadcrumbList","@id":"https:\/\/www.oknobuild.com\/index.php\/produkt\/intex-129000-filtracni-kartuse-typ-a-sleva-33915\/#breadcrumb","itemListElement":[{"@type":"ListItem","position":1,"name":"Home","item":"https:\/\/www.oknobuild.com\/"},{"@type":"ListItem","position":2,"name":"Products","item":"https:\/\/www.oknobuild.com\/index.php\/products\/"},{"@type":"ListItem","position":3,"name":"Intex 129000 Filtra\u010dn\u00ed kartu\u0161e typ A Sleva"}]},{"@type":"WebSite","@id":"https:\/\/www.oknobuild.com\/#website","url":"https:\/\/www.oknobuild.com\/","name":"","description":"","potentialAction":[{"@type":"SearchAction","target":{"@type":"EntryPoint","urlTemplate":"https:\/\/www.oknobuild.com\/?s={search_term_string}"},"query-input":{"@type":"PropertyValueSpecification","valueRequired":true,"valueName":"search_term_string"}}],"inLanguage":"cs"}]}},"_links":{"self":[{"href":"https:\/\/www.oknobuild.com\/index.php\/wp-json\/wp\/v2\/product\/33915","targetHints":{"allow":["GET"]}}],"collection":[{"href":"https:\/\/www.oknobuild.com\/index.php\/wp-json\/wp\/v2\/product"}],"about":[{"href":"https:\/\/www.oknobuild.com\/index.php\/wp-json\/wp\/v2\/types\/product"}],"replies":[{"embeddable":true,"href":"https:\/\/www.oknobuild.com\/index.php\/wp-json\/wp\/v2\/comments?post=33915"}],"wp:featuredmedia":[{"embeddable":true,"href":"https:\/\/www.oknobuild.com\/index.php\/wp-json\/wp\/v2\/media\/34015"}],"wp:attachment":[{"href":"https:\/\/www.oknobuild.com\/index.php\/wp-json\/wp\/v2\/media?parent=33915"}],"wp:term":[{"taxonomy":"product_brand","embeddable":true,"href":"https:\/\/www.oknobuild.com\/index.php\/wp-json\/wp\/v2\/product_brand?post=33915"},{"taxonomy":"product_cat","embeddable":true,"href":"https:\/\/www.oknobuild.com\/index.php\/wp-json\/wp\/v2\/product_cat?post=33915"},{"taxonomy":"product_tag","embeddable":true,"href":"https:\/\/www.oknobuild.com\/index.php\/wp-json\/wp\/v2\/product_tag?post=33915"}],"curies":[{"name":"wp","href":"https:\/\/api.w.org\/{rel}","templated":true}]}}