{"id":33916,"date":"2026-04-27T04:42:01","date_gmt":"2026-04-27T04:42:01","guid":{"rendered":""},"modified":"2026-04-27T04:42:01","modified_gmt":"2026-04-27T04:42:01","slug":"intex-128001-bazenovy-vysavac-automatik-top-prodej-33916","status":"publish","type":"product","link":"https:\/\/www.oknobuild.com\/index.php\/produkt\/intex-128001-bazenovy-vysavac-automatik-top-prodej-33916\/","title":{"rendered":"Intex 128001 Baz\u00e9nov\u00fd vysava\u010d automatik Top Prodej"},"content":{"rendered":"<table>\n<div class=\"tab-pane active product-description\" id=\"popis\" role=\"tabpanel\">\n<div class=\"short-description\" itemprop=\"description\"><\/div>\n<div class=\"description\">\n<p><span class=\"bullet-line\">p\u0159ipojen\u00ed k filtraci pomoc\u00ed hadice, kter\u00e1 vrac\u00ed vodu do baz\u00e9nu (a\u017e na v\u00fdtlak)<\/span><br \/><span class=\"bullet-line\">pracuje na &#8222;Venturiho principu&#8220; p\u0159i zapnut\u00e9 filtraci<\/span><br \/><span class=\"bullet-line\">p\u0159i dotyku se st\u011bnou baz\u00e9nu se p\u0159epnou jednoduch\u00e9 ventily a vysava\u010d zm\u011bn\u00ed sm\u011br j\u00edzdy<\/span><br \/><span class=\"bullet-line\">doba provozu nen\u00ed omezena<\/span><br \/><span class=\"bullet-line\">jednoduch\u00e1 obsluha<\/span><br \/><span class=\"bullet-line\">minim\u00e1ln\u00ed filtra\u010dn\u00ed pr\u016ftok: 4,5 l\/h<\/span><br \/><span class=\"bullet-line\">sou\u010d\u00e1st balen\u00ed: hadice o d\u00e9lce 7,5 m a p\u0159ipojovac\u00ed materi\u00e1l<\/span><br \/><span class=\"bullet-line\">Poloautomatick\u00fd dnov\u00fd vysava\u010d Auto Pool Cleaner je vhodn\u00fd pouze pro baz\u00e9ny Intex.&nbsp;<\/span><br \/><span class=\"bullet-line\">Rychle a bez n\u00e1mahy vy\u010dist\u00ed v\u00e1\u0161 baz\u00e9n, zat\u00edmco vy odpo\u010d\u00edv\u00e1te na zahrad\u011b.<\/span><br \/><span class=\"bullet-line\">Auto Pool Cleaner je ur\u010den pro baz\u00e9ny Intex s p\u0159\u00edpojkou hadice 38mm, s p\u0159ipojen\u00edm na filtra\u010dn\u00ed \u010derpadlo.&nbsp;<\/span><br \/><span class=\"bullet-line\">\u00da\u010dinn\u011b a bezprobl\u00e9mov\u011b vys\u00e1v\u00e1 celou podlahu baz\u00e9nu<\/span><br \/><span class=\"bullet-line\">Je jednoduch\u00fd pro p\u0159ipojen\u00ed.&nbsp;<\/span><br \/><span class=\"bullet-line\">Po zapnut\u00ed funguje bez dal\u0161\u00ed obsluhy pro o\u010distu vody v baz\u00e9nu.<\/span><br \/><span class=\"bullet-line\">vy\u017eaduje filtra\u010dn\u00ed \u010derpadlo s pr\u016ftokem mezi 1 500\u2013 3500 gph (5678\u201313248 l\/hr)<\/span><br \/><span class=\"bullet-line\">Rozm\u011bry balen\u00ed: 61\u00d736\u00d733 cm<\/span><br \/><span class=\"bullet-line\">Materi\u00e1l: plast<\/span><br \/><span class=\"bullet-line\">Vysokov\u00fdkonn\u00fd poloautomatick\u00fd baz\u00e9nov\u00fd vysava\u010d pro baz\u00e9ny INTEX s minim\u00e1ln\u00edm v\u00fdkonem filtrace 4.542 l\/h.&nbsp;<\/span><br \/><span class=\"bullet-line\">Vhodn\u00fd i pro slanou vodu<\/span><\/p>\n<\/div>\n<div class=\"parameters\">\n<tr>\n<td>Hmotnost (kg)<\/td>\n<td>10.000<\/td>\n<\/tr>\n<tr>\n<td>V\u00fd\u0161ka (cm)<\/td>\n<td>33.00<\/td>\n<\/tr>\n<tr>\n<td>\u0160\u00ed\u0159ka (cm)<\/td>\n<td>65.00<\/td>\n<\/tr>\n<tr>\n<td>Hloubka (cm)<\/td>\n<td>36.00<\/td>\n<\/tr>\n<tr>\n<td>EAN<\/td>\n<td>078257589487<\/td>\n<\/tr><\/div>\n<\/table>\n","protected":false},"excerpt":{"rendered":"<p>p\u0159ipojen\u00ed k filtraci pomoc\u00ed hadice, kter\u00e1 vrac\u00ed vodu do baz\u00e9nu (a\u017e na v\u00fdtlak)pracuje na &#8222;Venturiho principu&#8220; p\u0159i zapnut\u00e9 filtracip\u0159i dotyku se st\u011bnou baz\u00e9nu se p\u0159epnou jednoduch\u00e9 ventily a vysava\u010d zm\u011bn\u00ed sm\u011br j\u00edzdydoba provozu nen\u00ed omezenajednoduch\u00e1 obsluhaminim\u00e1ln\u00ed filtra\u010dn\u00ed pr\u016ftok: 4,5 l\/hsou\u010d\u00e1st balen\u00ed: hadice o d\u00e9lce 7,5 m a p\u0159ipojovac\u00ed materi\u00e1lPoloautomatick\u00fd dnov\u00fd vysava\u010d Auto Pool Cleaner je [&hellip;]<\/p>\n","protected":false},"featured_media":34016,"comment_status":"open","ping_status":"open","template":"","meta":[],"product_brand":[],"product_cat":[81,82,83],"product_tag":[],"class_list":{"0":"post-33916","1":"product","2":"type-product","3":"status-publish","4":"has-post-thumbnail","6":"product_cat-bazen","7":"product_cat-sport","8":"product_cat-volny-cas","10":"first","11":"instock","12":"sale","13":"shipping-taxable","14":"purchasable","15":"product-type-simple"},"yoast_head":"<!-- This site is optimized with the Yoast SEO plugin v26.8 - https:\/\/yoast.com\/product\/yoast-seo-wordpress\/ -->\n<title>Intex 128001 Baz\u00e9nov\u00fd vysava\u010d automatik Top Prodej -<\/title>\n<meta name=\"robots\" content=\"index, follow, max-snippet:-1, max-image-preview:large, max-video-preview:-1\" \/>\n<link rel=\"canonical\" href=\"https:\/\/www.oknobuild.com\/index.php\/produkt\/intex-128001-bazenovy-vysavac-automatik-top-prodej-33916\/\" \/>\n<meta property=\"og:locale\" content=\"cs_CZ\" \/>\n<meta property=\"og:type\" content=\"article\" \/>\n<meta property=\"og:title\" content=\"Intex 128001 Baz\u00e9nov\u00fd vysava\u010d automatik Top Prodej -\" \/>\n<meta property=\"og:description\" content=\"p\u0159ipojen\u00ed k filtraci pomoc\u00ed hadice, kter\u00e1 vrac\u00ed vodu do baz\u00e9nu (a\u017e na v\u00fdtlak)pracuje na &#8222;Venturiho principu&#8220; p\u0159i zapnut\u00e9 filtracip\u0159i dotyku se st\u011bnou baz\u00e9nu se p\u0159epnou jednoduch\u00e9 ventily a vysava\u010d zm\u011bn\u00ed sm\u011br j\u00edzdydoba provozu nen\u00ed omezenajednoduch\u00e1 obsluhaminim\u00e1ln\u00ed filtra\u010dn\u00ed pr\u016ftok: 4,5 l\/hsou\u010d\u00e1st balen\u00ed: hadice o d\u00e9lce 7,5 m a p\u0159ipojovac\u00ed materi\u00e1lPoloautomatick\u00fd dnov\u00fd vysava\u010d Auto Pool Cleaner je [&hellip;]\" \/>\n<meta property=\"og:url\" content=\"https:\/\/www.oknobuild.com\/index.php\/produkt\/intex-128001-bazenovy-vysavac-automatik-top-prodej-33916\/\" \/>\n<meta property=\"og:image\" content=\"https:\/\/www.oknobuild.com\/wp-content\/uploads\/2026\/SK0020077-CZ20260425-092328-0-1777080210-211306-1_104056.webp\" \/>\n\t<meta property=\"og:image:width\" content=\"974\" \/>\n\t<meta property=\"og:image:height\" content=\"790\" \/>\n\t<meta property=\"og:image:type\" content=\"image\/webp\" \/>\n<meta name=\"twitter:card\" content=\"summary_large_image\" \/>\n<meta name=\"twitter:label1\" content=\"Odhadovan\u00e1 doba \u010dten\u00ed\" \/>\n\t<meta name=\"twitter:data1\" content=\"1 minuta\" \/>\n<script type=\"application\/ld+json\" class=\"yoast-schema-graph\">{\"@context\":\"https:\/\/schema.org\",\"@graph\":[{\"@type\":\"WebPage\",\"@id\":\"https:\/\/www.oknobuild.com\/index.php\/produkt\/intex-128001-bazenovy-vysavac-automatik-top-prodej-33916\/\",\"url\":\"https:\/\/www.oknobuild.com\/index.php\/produkt\/intex-128001-bazenovy-vysavac-automatik-top-prodej-33916\/\",\"name\":\"Intex 128001 Baz\u00e9nov\u00fd vysava\u010d automatik Top Prodej -\",\"isPartOf\":{\"@id\":\"https:\/\/www.oknobuild.com\/#website\"},\"primaryImageOfPage\":{\"@id\":\"https:\/\/www.oknobuild.com\/index.php\/produkt\/intex-128001-bazenovy-vysavac-automatik-top-prodej-33916\/#primaryimage\"},\"image\":{\"@id\":\"https:\/\/www.oknobuild.com\/index.php\/produkt\/intex-128001-bazenovy-vysavac-automatik-top-prodej-33916\/#primaryimage\"},\"thumbnailUrl\":\"https:\/\/www.oknobuild.com\/wp-content\/uploads\/2026\/SK0020077-CZ20260425-092328-0-1777080210-211306-1_104056.webp\",\"datePublished\":\"2026-04-27T04:42:01+00:00\",\"breadcrumb\":{\"@id\":\"https:\/\/www.oknobuild.com\/index.php\/produkt\/intex-128001-bazenovy-vysavac-automatik-top-prodej-33916\/#breadcrumb\"},\"inLanguage\":\"cs\",\"potentialAction\":[{\"@type\":\"ReadAction\",\"target\":[\"https:\/\/www.oknobuild.com\/index.php\/produkt\/intex-128001-bazenovy-vysavac-automatik-top-prodej-33916\/\"]}]},{\"@type\":\"ImageObject\",\"inLanguage\":\"cs\",\"@id\":\"https:\/\/www.oknobuild.com\/index.php\/produkt\/intex-128001-bazenovy-vysavac-automatik-top-prodej-33916\/#primaryimage\",\"url\":\"https:\/\/www.oknobuild.com\/wp-content\/uploads\/2026\/SK0020077-CZ20260425-092328-0-1777080210-211306-1_104056.webp\",\"contentUrl\":\"https:\/\/www.oknobuild.com\/wp-content\/uploads\/2026\/SK0020077-CZ20260425-092328-0-1777080210-211306-1_104056.webp\",\"width\":974,\"height\":790},{\"@type\":\"BreadcrumbList\",\"@id\":\"https:\/\/www.oknobuild.com\/index.php\/produkt\/intex-128001-bazenovy-vysavac-automatik-top-prodej-33916\/#breadcrumb\",\"itemListElement\":[{\"@type\":\"ListItem\",\"position\":1,\"name\":\"Home\",\"item\":\"https:\/\/www.oknobuild.com\/\"},{\"@type\":\"ListItem\",\"position\":2,\"name\":\"Products\",\"item\":\"https:\/\/www.oknobuild.com\/index.php\/products\/\"},{\"@type\":\"ListItem\",\"position\":3,\"name\":\"Intex 128001 Baz\u00e9nov\u00fd vysava\u010d automatik Top Prodej\"}]},{\"@type\":\"WebSite\",\"@id\":\"https:\/\/www.oknobuild.com\/#website\",\"url\":\"https:\/\/www.oknobuild.com\/\",\"name\":\"\",\"description\":\"\",\"potentialAction\":[{\"@type\":\"SearchAction\",\"target\":{\"@type\":\"EntryPoint\",\"urlTemplate\":\"https:\/\/www.oknobuild.com\/?s={search_term_string}\"},\"query-input\":{\"@type\":\"PropertyValueSpecification\",\"valueRequired\":true,\"valueName\":\"search_term_string\"}}],\"inLanguage\":\"cs\"}]}<\/script>\n<!-- \/ Yoast SEO plugin. -->","yoast_head_json":{"title":"Intex 128001 Baz\u00e9nov\u00fd vysava\u010d automatik Top Prodej -","robots":{"index":"index","follow":"follow","max-snippet":"max-snippet:-1","max-image-preview":"max-image-preview:large","max-video-preview":"max-video-preview:-1"},"canonical":"https:\/\/www.oknobuild.com\/index.php\/produkt\/intex-128001-bazenovy-vysavac-automatik-top-prodej-33916\/","og_locale":"cs_CZ","og_type":"article","og_title":"Intex 128001 Baz\u00e9nov\u00fd vysava\u010d automatik Top Prodej -","og_description":"p\u0159ipojen\u00ed k filtraci pomoc\u00ed hadice, kter\u00e1 vrac\u00ed vodu do baz\u00e9nu (a\u017e na v\u00fdtlak)pracuje na &#8222;Venturiho principu&#8220; p\u0159i zapnut\u00e9 filtracip\u0159i dotyku se st\u011bnou baz\u00e9nu se p\u0159epnou jednoduch\u00e9 ventily a vysava\u010d zm\u011bn\u00ed sm\u011br j\u00edzdydoba provozu nen\u00ed omezenajednoduch\u00e1 obsluhaminim\u00e1ln\u00ed filtra\u010dn\u00ed pr\u016ftok: 4,5 l\/hsou\u010d\u00e1st balen\u00ed: hadice o d\u00e9lce 7,5 m a p\u0159ipojovac\u00ed materi\u00e1lPoloautomatick\u00fd dnov\u00fd vysava\u010d Auto Pool Cleaner je [&hellip;]","og_url":"https:\/\/www.oknobuild.com\/index.php\/produkt\/intex-128001-bazenovy-vysavac-automatik-top-prodej-33916\/","og_image":[{"width":974,"height":790,"url":"https:\/\/www.oknobuild.com\/wp-content\/uploads\/2026\/SK0020077-CZ20260425-092328-0-1777080210-211306-1_104056.webp","type":"image\/webp"}],"twitter_card":"summary_large_image","twitter_misc":{"Odhadovan\u00e1 doba \u010dten\u00ed":"1 minuta"},"schema":{"@context":"https:\/\/schema.org","@graph":[{"@type":"WebPage","@id":"https:\/\/www.oknobuild.com\/index.php\/produkt\/intex-128001-bazenovy-vysavac-automatik-top-prodej-33916\/","url":"https:\/\/www.oknobuild.com\/index.php\/produkt\/intex-128001-bazenovy-vysavac-automatik-top-prodej-33916\/","name":"Intex 128001 Baz\u00e9nov\u00fd vysava\u010d automatik Top Prodej -","isPartOf":{"@id":"https:\/\/www.oknobuild.com\/#website"},"primaryImageOfPage":{"@id":"https:\/\/www.oknobuild.com\/index.php\/produkt\/intex-128001-bazenovy-vysavac-automatik-top-prodej-33916\/#primaryimage"},"image":{"@id":"https:\/\/www.oknobuild.com\/index.php\/produkt\/intex-128001-bazenovy-vysavac-automatik-top-prodej-33916\/#primaryimage"},"thumbnailUrl":"https:\/\/www.oknobuild.com\/wp-content\/uploads\/2026\/SK0020077-CZ20260425-092328-0-1777080210-211306-1_104056.webp","datePublished":"2026-04-27T04:42:01+00:00","breadcrumb":{"@id":"https:\/\/www.oknobuild.com\/index.php\/produkt\/intex-128001-bazenovy-vysavac-automatik-top-prodej-33916\/#breadcrumb"},"inLanguage":"cs","potentialAction":[{"@type":"ReadAction","target":["https:\/\/www.oknobuild.com\/index.php\/produkt\/intex-128001-bazenovy-vysavac-automatik-top-prodej-33916\/"]}]},{"@type":"ImageObject","inLanguage":"cs","@id":"https:\/\/www.oknobuild.com\/index.php\/produkt\/intex-128001-bazenovy-vysavac-automatik-top-prodej-33916\/#primaryimage","url":"https:\/\/www.oknobuild.com\/wp-content\/uploads\/2026\/SK0020077-CZ20260425-092328-0-1777080210-211306-1_104056.webp","contentUrl":"https:\/\/www.oknobuild.com\/wp-content\/uploads\/2026\/SK0020077-CZ20260425-092328-0-1777080210-211306-1_104056.webp","width":974,"height":790},{"@type":"BreadcrumbList","@id":"https:\/\/www.oknobuild.com\/index.php\/produkt\/intex-128001-bazenovy-vysavac-automatik-top-prodej-33916\/#breadcrumb","itemListElement":[{"@type":"ListItem","position":1,"name":"Home","item":"https:\/\/www.oknobuild.com\/"},{"@type":"ListItem","position":2,"name":"Products","item":"https:\/\/www.oknobuild.com\/index.php\/products\/"},{"@type":"ListItem","position":3,"name":"Intex 128001 Baz\u00e9nov\u00fd vysava\u010d automatik Top Prodej"}]},{"@type":"WebSite","@id":"https:\/\/www.oknobuild.com\/#website","url":"https:\/\/www.oknobuild.com\/","name":"","description":"","potentialAction":[{"@type":"SearchAction","target":{"@type":"EntryPoint","urlTemplate":"https:\/\/www.oknobuild.com\/?s={search_term_string}"},"query-input":{"@type":"PropertyValueSpecification","valueRequired":true,"valueName":"search_term_string"}}],"inLanguage":"cs"}]}},"_links":{"self":[{"href":"https:\/\/www.oknobuild.com\/index.php\/wp-json\/wp\/v2\/product\/33916","targetHints":{"allow":["GET"]}}],"collection":[{"href":"https:\/\/www.oknobuild.com\/index.php\/wp-json\/wp\/v2\/product"}],"about":[{"href":"https:\/\/www.oknobuild.com\/index.php\/wp-json\/wp\/v2\/types\/product"}],"replies":[{"embeddable":true,"href":"https:\/\/www.oknobuild.com\/index.php\/wp-json\/wp\/v2\/comments?post=33916"}],"wp:featuredmedia":[{"embeddable":true,"href":"https:\/\/www.oknobuild.com\/index.php\/wp-json\/wp\/v2\/media\/34016"}],"wp:attachment":[{"href":"https:\/\/www.oknobuild.com\/index.php\/wp-json\/wp\/v2\/media?parent=33916"}],"wp:term":[{"taxonomy":"product_brand","embeddable":true,"href":"https:\/\/www.oknobuild.com\/index.php\/wp-json\/wp\/v2\/product_brand?post=33916"},{"taxonomy":"product_cat","embeddable":true,"href":"https:\/\/www.oknobuild.com\/index.php\/wp-json\/wp\/v2\/product_cat?post=33916"},{"taxonomy":"product_tag","embeddable":true,"href":"https:\/\/www.oknobuild.com\/index.php\/wp-json\/wp\/v2\/product_tag?post=33916"}],"curies":[{"name":"wp","href":"https:\/\/api.w.org\/{rel}","templated":true}]}}