{"id":33975,"date":"2026-04-27T04:42:01","date_gmt":"2026-04-27T04:42:01","guid":{"rendered":""},"modified":"2026-04-27T04:42:01","modified_gmt":"2026-04-27T04:42:01","slug":"znackovy-makita-dhk180zj-akumulatorove-bouraci-kladivo-18-v-bez-baterii-a-nabijecky-33975","status":"publish","type":"product","link":"https:\/\/www.oknobuild.com\/index.php\/produkt\/znackovy-makita-dhk180zj-akumulatorove-bouraci-kladivo-18-v-bez-baterii-a-nabijecky-33975\/","title":{"rendered":"Zna\u010dkov\u00fd Makita DHK180ZJ Akumul\u00e1torov\u00e9 bourac\u00ed kladivo 18 V bez bateri\u00ed a nab\u00edje\u010dky"},"content":{"rendered":"<table>\n<div class=\"tab-pane active product-description\" id=\"popis\" role=\"tabpanel\">\n<div class=\"short-description\" itemprop=\"description\"><\/div>\n<div class=\"description\"><span class='bullet-line'>Akumul\u00e1torov\u00e1 \u0161krabka s p\u0159ipojen\u00edm SDS-plus pro odstra\u0148ov\u00e1n\u00ed obklad\u016f, dla\u017edic a zbytk\u016f malty.<br \/><\/span><span class='bullet-line'>\u0160irok\u00e1 \u0161k\u00e1la aplikac\u00ed d\u00edky variabiln\u00ed rychlosti.<br \/><\/span><span class='bullet-line'>Velmi n\u00edzk\u00e1 \u00farove\u0148 vibrac\u00ed d\u00edky technologii Anti Vibration (AVT).<br \/><\/span><span class='bullet-line'>\u00dadern\u00e1 s\u00edla (3,1 Joul\u016f) se rovn\u00e1 ekvivalentu \u0161\u0148\u016fry HK1820.<br \/><\/span><span class='bullet-line'>Vybaven konstantn\u00ed rychlost\u00ed, tak\u017ee stroj z\u016fst\u00e1v\u00e1 a\u017e do rychlosti i p\u0159i zat\u00ed\u017een\u00ed.<br \/><\/span><span class='bullet-line'>Dl\u00e1to lze uzamknout ve 12 pozic\u00edch, tak\u017ee v\u017edy m\u016f\u017eete pracovat ve spr\u00e1vn\u00e9m \u00fahlu.<br \/><\/span><span class='bullet-line'>Odoln\u00fd, energeticky \u00fasporn\u00fd a bez\u00fadr\u017ebov\u00fd stroj d\u00edky bezkart\u00e1\u010dov\u00e9mu motoru. Vysok\u00e1 man\u00e9vrovatelnost d\u00edky kompaktn\u00edm rozm\u011br\u016fm a n\u00edzk\u00e9 hmotnosti.<br \/><\/span><span class='bullet-line'>Integrovan\u00e9 LED osv\u011btlen\u00ed pro lep\u0161\u00ed pohled na pr\u00e1ci.<br \/><\/span><br \/>\u25ba Rozsah dod\u00e1vky:<span class='bullet-line'>191C37-7 Sada na p\u0159en\u00e1\u0161en\u00ed h\u00e1\u010dk\u016f<br \/><\/span><span class='bullet-line'>198993-4 Z\u00e1sobn\u00edk na 100 ml vrt\u00e1ku a dl\u00e1ta<br \/><\/span><span class='bullet-line'>443122-7 \u010cistic\u00ed had\u0159\u00edk<br \/><\/span><span class='bullet-line'>3 dl\u00e1ta sds-plus<br \/><\/span><span class='bullet-line'>MBox<br \/><\/span><span class='bullet-line'>Dod\u00e1v\u00e1no bez bateri\u00ed a nab\u00edje\u010dky<\/span><\/div>\n<div class=\"parameters\">\n<tr>\n<td>Platforma<\/td>\n<td>LXT 18 V.<\/td>\n<\/tr>\n<tr>\n<td>P\u0159ipojen\u00ed \/ nahr\u00e1v\u00e1n\u00ed<\/td>\n<td>SDS-PLUS<\/td>\n<\/tr>\n<tr>\n<td>N\u00e1razov\u00e1 s\u00edla (EPTA)<\/td>\n<td>3,1 joul\u016f<\/td>\n<\/tr>\n<tr>\n<td>Po\u010det nastaviteln\u00fdch poloh sek\u00e1\u010d\u016f<\/td>\n<td>12<\/td>\n<\/tr>\n<tr>\n<td>Po\u010det \u00fader\u016f (\u00farove\u0148 1)<\/td>\n<td>0 &#8211; 3200<\/td>\n<\/tr>\n<tr>\n<td>Var. regulace rychlosti (oto\u010dn\u00fd knofl\u00edk)<\/td>\n<td>Var. regulace rychlosti (sp\u00edna\u010d)<\/td>\n<\/tr>\n<tr>\n<td>Blokovac\u00ed tla\u010d\u00edtko Volt (nap\u011bt\u00ed)<\/td>\n<td>18 V.<\/td>\n<\/tr>\n<tr>\n<td>Konstantn\u00ed rychlost<\/td>\n<td>ano<\/td>\n<\/tr>\n<tr>\n<td>Softgrip<\/td>\n<td>ano<\/td>\n<\/tr>\n<tr>\n<td>Ochrana baterie<\/td>\n<td>ano<\/td>\n<\/tr>\n<tr>\n<td>Vestav\u011bn\u00e9 osv\u011btlen\u00ed<\/td>\n<td>ano<\/td>\n<\/tr>\n<tr>\n<td>Dim. Dx\u0160xV<\/td>\n<td>368x99x211 mm<\/td>\n<\/tr>\n<tr>\n<td>Vysok\u00e1 pracovn\u00ed doba (BL1860B)<\/td>\n<td>00:21 hodin<\/td>\n<\/tr>\n<tr>\n<td>Hladina akustick\u00e9ho tlaku (LpA)<\/td>\n<td>83 dB (A)<\/td>\n<\/tr>\n<tr>\n<td>Nejistota (K) (LpA)<\/td>\n<td>3 dB (A)<\/td>\n<\/tr>\n<tr>\n<td>Hladina akustick\u00e9ho v\u00fdkonu (Lwa)<\/td>\n<td>94 dB (A)<\/td>\n<\/tr>\n<tr>\n<td>Nejistota (K) (Lwa)<\/td>\n<td>3 dB (A)<\/td>\n<\/tr>\n<tr>\n<td>Vibrace ah sek\u00e1n\u00ed<\/td>\n<td>4,5 m \/ s\u00b2<\/td>\n<\/tr>\n<tr>\n<td>Sek\u00e1n\u00ed vibrac\u00ed (K)<\/td>\n<td>1,5 m \/ s\u00b2<\/td>\n<\/tr>\n<tr>\n<td>Hmotnost (EPTA)<\/td>\n<td>2,816 kg<\/td>\n<\/tr>\n<tr>\n<td>Hmotnost s n\u00edzkou 18 V bateri\u00ed<\/td>\n<td>LXT 3,3 kg<\/td>\n<\/tr>\n<tr>\n<td>Hmotnost s vysokou 18 V bateri\u00ed<\/td>\n<td>LXT 3,6 kg<\/td>\n<\/tr><\/div>\n<\/table>\n","protected":false},"excerpt":{"rendered":"<p>Akumul\u00e1torov\u00e1 \u0161krabka s p\u0159ipojen\u00edm SDS-plus pro odstra\u0148ov\u00e1n\u00ed obklad\u016f, dla\u017edic a zbytk\u016f malty.\u0160irok\u00e1 \u0161k\u00e1la aplikac\u00ed d\u00edky variabiln\u00ed rychlosti.Velmi n\u00edzk\u00e1 \u00farove\u0148 vibrac\u00ed d\u00edky technologii Anti Vibration (AVT).\u00dadern\u00e1 s\u00edla (3,1 Joul\u016f) se rovn\u00e1 ekvivalentu \u0161\u0148\u016fry HK1820.Vybaven konstantn\u00ed rychlost\u00ed, tak\u017ee stroj z\u016fst\u00e1v\u00e1 a\u017e do rychlosti i p\u0159i zat\u00ed\u017een\u00ed.Dl\u00e1to lze uzamknout ve 12 pozic\u00edch, tak\u017ee v\u017edy m\u016f\u017eete pracovat ve spr\u00e1vn\u00e9m [&hellip;]<\/p>\n","protected":false},"featured_media":34075,"comment_status":"open","ping_status":"open","template":"","meta":[],"product_brand":[],"product_cat":[41],"product_tag":[],"class_list":{"0":"post-33975","1":"product","2":"type-product","3":"status-publish","4":"has-post-thumbnail","6":"product_cat-naradi","8":"first","9":"instock","10":"sale","11":"shipping-taxable","12":"purchasable","13":"product-type-simple"},"yoast_head":"<!-- This site is optimized with the Yoast SEO plugin v26.8 - https:\/\/yoast.com\/product\/yoast-seo-wordpress\/ -->\n<title>Zna\u010dkov\u00fd Makita DHK180ZJ Akumul\u00e1torov\u00e9 bourac\u00ed kladivo 18 V bez bateri\u00ed a nab\u00edje\u010dky -<\/title>\n<meta name=\"robots\" content=\"index, follow, max-snippet:-1, max-image-preview:large, max-video-preview:-1\" \/>\n<link rel=\"canonical\" href=\"https:\/\/www.oknobuild.com\/index.php\/produkt\/znackovy-makita-dhk180zj-akumulatorove-bouraci-kladivo-18-v-bez-baterii-a-nabijecky-33975\/\" \/>\n<meta property=\"og:locale\" content=\"cs_CZ\" \/>\n<meta property=\"og:type\" content=\"article\" \/>\n<meta property=\"og:title\" content=\"Zna\u010dkov\u00fd Makita DHK180ZJ Akumul\u00e1torov\u00e9 bourac\u00ed kladivo 18 V bez bateri\u00ed a nab\u00edje\u010dky -\" \/>\n<meta property=\"og:description\" content=\"Akumul\u00e1torov\u00e1 \u0161krabka s p\u0159ipojen\u00edm SDS-plus pro odstra\u0148ov\u00e1n\u00ed obklad\u016f, dla\u017edic a zbytk\u016f malty.\u0160irok\u00e1 \u0161k\u00e1la aplikac\u00ed d\u00edky variabiln\u00ed rychlosti.Velmi n\u00edzk\u00e1 \u00farove\u0148 vibrac\u00ed d\u00edky technologii Anti Vibration (AVT).\u00dadern\u00e1 s\u00edla (3,1 Joul\u016f) se rovn\u00e1 ekvivalentu \u0161\u0148\u016fry HK1820.Vybaven konstantn\u00ed rychlost\u00ed, tak\u017ee stroj z\u016fst\u00e1v\u00e1 a\u017e do rychlosti i p\u0159i zat\u00ed\u017een\u00ed.Dl\u00e1to lze uzamknout ve 12 pozic\u00edch, tak\u017ee v\u017edy m\u016f\u017eete pracovat ve spr\u00e1vn\u00e9m [&hellip;]\" \/>\n<meta property=\"og:url\" content=\"https:\/\/www.oknobuild.com\/index.php\/produkt\/znackovy-makita-dhk180zj-akumulatorove-bouraci-kladivo-18-v-bez-baterii-a-nabijecky-33975\/\" \/>\n<meta property=\"og:image\" content=\"https:\/\/www.oknobuild.com\/wp-content\/uploads\/2026\/SK0020136-CZ20260425-092328-0-1777080210-dhk180zj4.webp\" \/>\n\t<meta property=\"og:image:width\" content=\"700\" \/>\n\t<meta property=\"og:image:height\" content=\"559\" \/>\n\t<meta property=\"og:image:type\" content=\"image\/webp\" \/>\n<meta name=\"twitter:card\" content=\"summary_large_image\" \/>\n<meta name=\"twitter:label1\" content=\"Odhadovan\u00e1 doba \u010dten\u00ed\" \/>\n\t<meta name=\"twitter:data1\" content=\"1 minuta\" \/>\n<script type=\"application\/ld+json\" class=\"yoast-schema-graph\">{\"@context\":\"https:\/\/schema.org\",\"@graph\":[{\"@type\":\"WebPage\",\"@id\":\"https:\/\/www.oknobuild.com\/index.php\/produkt\/znackovy-makita-dhk180zj-akumulatorove-bouraci-kladivo-18-v-bez-baterii-a-nabijecky-33975\/\",\"url\":\"https:\/\/www.oknobuild.com\/index.php\/produkt\/znackovy-makita-dhk180zj-akumulatorove-bouraci-kladivo-18-v-bez-baterii-a-nabijecky-33975\/\",\"name\":\"Zna\u010dkov\u00fd Makita DHK180ZJ Akumul\u00e1torov\u00e9 bourac\u00ed kladivo 18 V bez bateri\u00ed a nab\u00edje\u010dky -\",\"isPartOf\":{\"@id\":\"https:\/\/www.oknobuild.com\/#website\"},\"primaryImageOfPage\":{\"@id\":\"https:\/\/www.oknobuild.com\/index.php\/produkt\/znackovy-makita-dhk180zj-akumulatorove-bouraci-kladivo-18-v-bez-baterii-a-nabijecky-33975\/#primaryimage\"},\"image\":{\"@id\":\"https:\/\/www.oknobuild.com\/index.php\/produkt\/znackovy-makita-dhk180zj-akumulatorove-bouraci-kladivo-18-v-bez-baterii-a-nabijecky-33975\/#primaryimage\"},\"thumbnailUrl\":\"https:\/\/www.oknobuild.com\/wp-content\/uploads\/2026\/SK0020136-CZ20260425-092328-0-1777080210-dhk180zj4.webp\",\"datePublished\":\"2026-04-27T04:42:01+00:00\",\"breadcrumb\":{\"@id\":\"https:\/\/www.oknobuild.com\/index.php\/produkt\/znackovy-makita-dhk180zj-akumulatorove-bouraci-kladivo-18-v-bez-baterii-a-nabijecky-33975\/#breadcrumb\"},\"inLanguage\":\"cs\",\"potentialAction\":[{\"@type\":\"ReadAction\",\"target\":[\"https:\/\/www.oknobuild.com\/index.php\/produkt\/znackovy-makita-dhk180zj-akumulatorove-bouraci-kladivo-18-v-bez-baterii-a-nabijecky-33975\/\"]}]},{\"@type\":\"ImageObject\",\"inLanguage\":\"cs\",\"@id\":\"https:\/\/www.oknobuild.com\/index.php\/produkt\/znackovy-makita-dhk180zj-akumulatorove-bouraci-kladivo-18-v-bez-baterii-a-nabijecky-33975\/#primaryimage\",\"url\":\"https:\/\/www.oknobuild.com\/wp-content\/uploads\/2026\/SK0020136-CZ20260425-092328-0-1777080210-dhk180zj4.webp\",\"contentUrl\":\"https:\/\/www.oknobuild.com\/wp-content\/uploads\/2026\/SK0020136-CZ20260425-092328-0-1777080210-dhk180zj4.webp\",\"width\":700,\"height\":559},{\"@type\":\"BreadcrumbList\",\"@id\":\"https:\/\/www.oknobuild.com\/index.php\/produkt\/znackovy-makita-dhk180zj-akumulatorove-bouraci-kladivo-18-v-bez-baterii-a-nabijecky-33975\/#breadcrumb\",\"itemListElement\":[{\"@type\":\"ListItem\",\"position\":1,\"name\":\"Home\",\"item\":\"https:\/\/www.oknobuild.com\/\"},{\"@type\":\"ListItem\",\"position\":2,\"name\":\"Products\",\"item\":\"https:\/\/www.oknobuild.com\/index.php\/products\/\"},{\"@type\":\"ListItem\",\"position\":3,\"name\":\"Zna\u010dkov\u00fd Makita DHK180ZJ Akumul\u00e1torov\u00e9 bourac\u00ed kladivo 18 V bez bateri\u00ed a nab\u00edje\u010dky\"}]},{\"@type\":\"WebSite\",\"@id\":\"https:\/\/www.oknobuild.com\/#website\",\"url\":\"https:\/\/www.oknobuild.com\/\",\"name\":\"\",\"description\":\"\",\"potentialAction\":[{\"@type\":\"SearchAction\",\"target\":{\"@type\":\"EntryPoint\",\"urlTemplate\":\"https:\/\/www.oknobuild.com\/?s={search_term_string}\"},\"query-input\":{\"@type\":\"PropertyValueSpecification\",\"valueRequired\":true,\"valueName\":\"search_term_string\"}}],\"inLanguage\":\"cs\"}]}<\/script>\n<!-- \/ Yoast SEO plugin. -->","yoast_head_json":{"title":"Zna\u010dkov\u00fd Makita DHK180ZJ Akumul\u00e1torov\u00e9 bourac\u00ed kladivo 18 V bez bateri\u00ed a nab\u00edje\u010dky -","robots":{"index":"index","follow":"follow","max-snippet":"max-snippet:-1","max-image-preview":"max-image-preview:large","max-video-preview":"max-video-preview:-1"},"canonical":"https:\/\/www.oknobuild.com\/index.php\/produkt\/znackovy-makita-dhk180zj-akumulatorove-bouraci-kladivo-18-v-bez-baterii-a-nabijecky-33975\/","og_locale":"cs_CZ","og_type":"article","og_title":"Zna\u010dkov\u00fd Makita DHK180ZJ Akumul\u00e1torov\u00e9 bourac\u00ed kladivo 18 V bez bateri\u00ed a nab\u00edje\u010dky -","og_description":"Akumul\u00e1torov\u00e1 \u0161krabka s p\u0159ipojen\u00edm SDS-plus pro odstra\u0148ov\u00e1n\u00ed obklad\u016f, dla\u017edic a zbytk\u016f malty.\u0160irok\u00e1 \u0161k\u00e1la aplikac\u00ed d\u00edky variabiln\u00ed rychlosti.Velmi n\u00edzk\u00e1 \u00farove\u0148 vibrac\u00ed d\u00edky technologii Anti Vibration (AVT).\u00dadern\u00e1 s\u00edla (3,1 Joul\u016f) se rovn\u00e1 ekvivalentu \u0161\u0148\u016fry HK1820.Vybaven konstantn\u00ed rychlost\u00ed, tak\u017ee stroj z\u016fst\u00e1v\u00e1 a\u017e do rychlosti i p\u0159i zat\u00ed\u017een\u00ed.Dl\u00e1to lze uzamknout ve 12 pozic\u00edch, tak\u017ee v\u017edy m\u016f\u017eete pracovat ve spr\u00e1vn\u00e9m [&hellip;]","og_url":"https:\/\/www.oknobuild.com\/index.php\/produkt\/znackovy-makita-dhk180zj-akumulatorove-bouraci-kladivo-18-v-bez-baterii-a-nabijecky-33975\/","og_image":[{"width":700,"height":559,"url":"https:\/\/www.oknobuild.com\/wp-content\/uploads\/2026\/SK0020136-CZ20260425-092328-0-1777080210-dhk180zj4.webp","type":"image\/webp"}],"twitter_card":"summary_large_image","twitter_misc":{"Odhadovan\u00e1 doba \u010dten\u00ed":"1 minuta"},"schema":{"@context":"https:\/\/schema.org","@graph":[{"@type":"WebPage","@id":"https:\/\/www.oknobuild.com\/index.php\/produkt\/znackovy-makita-dhk180zj-akumulatorove-bouraci-kladivo-18-v-bez-baterii-a-nabijecky-33975\/","url":"https:\/\/www.oknobuild.com\/index.php\/produkt\/znackovy-makita-dhk180zj-akumulatorove-bouraci-kladivo-18-v-bez-baterii-a-nabijecky-33975\/","name":"Zna\u010dkov\u00fd Makita DHK180ZJ Akumul\u00e1torov\u00e9 bourac\u00ed kladivo 18 V bez bateri\u00ed a nab\u00edje\u010dky -","isPartOf":{"@id":"https:\/\/www.oknobuild.com\/#website"},"primaryImageOfPage":{"@id":"https:\/\/www.oknobuild.com\/index.php\/produkt\/znackovy-makita-dhk180zj-akumulatorove-bouraci-kladivo-18-v-bez-baterii-a-nabijecky-33975\/#primaryimage"},"image":{"@id":"https:\/\/www.oknobuild.com\/index.php\/produkt\/znackovy-makita-dhk180zj-akumulatorove-bouraci-kladivo-18-v-bez-baterii-a-nabijecky-33975\/#primaryimage"},"thumbnailUrl":"https:\/\/www.oknobuild.com\/wp-content\/uploads\/2026\/SK0020136-CZ20260425-092328-0-1777080210-dhk180zj4.webp","datePublished":"2026-04-27T04:42:01+00:00","breadcrumb":{"@id":"https:\/\/www.oknobuild.com\/index.php\/produkt\/znackovy-makita-dhk180zj-akumulatorove-bouraci-kladivo-18-v-bez-baterii-a-nabijecky-33975\/#breadcrumb"},"inLanguage":"cs","potentialAction":[{"@type":"ReadAction","target":["https:\/\/www.oknobuild.com\/index.php\/produkt\/znackovy-makita-dhk180zj-akumulatorove-bouraci-kladivo-18-v-bez-baterii-a-nabijecky-33975\/"]}]},{"@type":"ImageObject","inLanguage":"cs","@id":"https:\/\/www.oknobuild.com\/index.php\/produkt\/znackovy-makita-dhk180zj-akumulatorove-bouraci-kladivo-18-v-bez-baterii-a-nabijecky-33975\/#primaryimage","url":"https:\/\/www.oknobuild.com\/wp-content\/uploads\/2026\/SK0020136-CZ20260425-092328-0-1777080210-dhk180zj4.webp","contentUrl":"https:\/\/www.oknobuild.com\/wp-content\/uploads\/2026\/SK0020136-CZ20260425-092328-0-1777080210-dhk180zj4.webp","width":700,"height":559},{"@type":"BreadcrumbList","@id":"https:\/\/www.oknobuild.com\/index.php\/produkt\/znackovy-makita-dhk180zj-akumulatorove-bouraci-kladivo-18-v-bez-baterii-a-nabijecky-33975\/#breadcrumb","itemListElement":[{"@type":"ListItem","position":1,"name":"Home","item":"https:\/\/www.oknobuild.com\/"},{"@type":"ListItem","position":2,"name":"Products","item":"https:\/\/www.oknobuild.com\/index.php\/products\/"},{"@type":"ListItem","position":3,"name":"Zna\u010dkov\u00fd Makita DHK180ZJ Akumul\u00e1torov\u00e9 bourac\u00ed kladivo 18 V bez bateri\u00ed a nab\u00edje\u010dky"}]},{"@type":"WebSite","@id":"https:\/\/www.oknobuild.com\/#website","url":"https:\/\/www.oknobuild.com\/","name":"","description":"","potentialAction":[{"@type":"SearchAction","target":{"@type":"EntryPoint","urlTemplate":"https:\/\/www.oknobuild.com\/?s={search_term_string}"},"query-input":{"@type":"PropertyValueSpecification","valueRequired":true,"valueName":"search_term_string"}}],"inLanguage":"cs"}]}},"_links":{"self":[{"href":"https:\/\/www.oknobuild.com\/index.php\/wp-json\/wp\/v2\/product\/33975","targetHints":{"allow":["GET"]}}],"collection":[{"href":"https:\/\/www.oknobuild.com\/index.php\/wp-json\/wp\/v2\/product"}],"about":[{"href":"https:\/\/www.oknobuild.com\/index.php\/wp-json\/wp\/v2\/types\/product"}],"replies":[{"embeddable":true,"href":"https:\/\/www.oknobuild.com\/index.php\/wp-json\/wp\/v2\/comments?post=33975"}],"wp:featuredmedia":[{"embeddable":true,"href":"https:\/\/www.oknobuild.com\/index.php\/wp-json\/wp\/v2\/media\/34075"}],"wp:attachment":[{"href":"https:\/\/www.oknobuild.com\/index.php\/wp-json\/wp\/v2\/media?parent=33975"}],"wp:term":[{"taxonomy":"product_brand","embeddable":true,"href":"https:\/\/www.oknobuild.com\/index.php\/wp-json\/wp\/v2\/product_brand?post=33975"},{"taxonomy":"product_cat","embeddable":true,"href":"https:\/\/www.oknobuild.com\/index.php\/wp-json\/wp\/v2\/product_cat?post=33975"},{"taxonomy":"product_tag","embeddable":true,"href":"https:\/\/www.oknobuild.com\/index.php\/wp-json\/wp\/v2\/product_tag?post=33975"}],"curies":[{"name":"wp","href":"https:\/\/api.w.org\/{rel}","templated":true}]}}