{"id":34331,"date":"2026-04-27T04:42:02","date_gmt":"2026-04-27T04:42:02","guid":{"rendered":""},"modified":"2026-04-27T04:42:02","modified_gmt":"2026-04-27T04:42:02","slug":"akce-austis-eternal-na-strechy-10-kg-hneda-309-34331","status":"publish","type":"product","link":"https:\/\/www.oknobuild.com\/index.php\/produkt\/akce-austis-eternal-na-strechy-10-kg-hneda-309-34331\/","title":{"rendered":"Akce AUSTIS ETERNAL na st\u0159echy 10 kg hn\u011bd\u00e1 309"},"content":{"rendered":"<table>\n<div class=\"tab-pane active product-description\" id=\"popis\" role=\"tabpanel\">\n<div class=\"short-description\" itemprop=\"description\"><\/div>\n<div class=\"description\">\n<p><span class=\"bullet-line\">trvale pru\u017en\u00e1 barva pro ochrann\u00e9 n\u00e1t\u011bry a drobn\u00e9 opravy vl\u00e1knocementov\u00e9, betonov\u00e9 a asfaltov\u00e9 st\u0159e\u0161n\u00ed krytiny v\u00fdrazn\u011b prodlu\u017euj\u00edc\u00ed jej\u00ed \u017eivotnost<\/span><\/p>\n<p>\u25ba Pou\u017eit\u00ed<span class=\"bullet-line\">ETERNAL na st\u0159echy je ur\u010den k \u00fadr\u017eb\u011b st\u0159e\u0161n\u00ed krytiny z vl\u00e1knocementu, betonov\u00fdch a neglazovan\u00fdch p\u00e1len\u00fdch st\u0159e\u0161n\u00edch ta\u0161ek a d\u0159ev\u011bn\u00fdch \u0161indel\u016f na st\u0159ech\u00e1ch se sklonem minim\u00e1ln\u011b 10\u00b0.<\/span><br \/><span class=\"bullet-line\">Je vhodn\u00fd tak\u00e9 k n\u00e1t\u011br\u016fm asfaltov\u00fdch krytin.&nbsp;<\/span><br \/><span class=\"bullet-line\">ETERNAL na st\u0159echy po zaschnut\u00ed vytv\u00e1\u0159\u00ed vodot\u011bsn\u00fd n\u00e1t\u011brov\u00fd film s vysokou p\u0159\u00eddr\u017enost\u00ed k podkladu, dlouhodobou \u017eivotnost\u00ed, odoln\u00fd UV z\u00e1\u0159en\u00ed a trvale pru\u017en\u00fd i p\u0159i n\u00edzk\u00fdch teplot\u00e1ch.<\/span><br \/><span class=\"bullet-line\">Pomoc\u00ed n\u00e1t\u011brov\u00e9 hmoty ETERNAL na st\u0159echy je mo\u017en\u00e9 zakr\u00fdt a ut\u011bsnit drobn\u00e9 trhlinky v podkladu.<\/span><\/p>\n<p>\u25ba Zp\u016fsoby aplikace<span class=\"bullet-line\">\u0160t\u011btcem<\/span><br \/><span class=\"bullet-line\">V\u00e1le\u010dkem<\/span><\/p>\n<p>\u25ba Zpracov\u00e1n\u00ed<span class=\"bullet-line\">ETERNAL na st\u0159echy se po \u0159\u00e1dn\u00e9m prom\u00edch\u00e1n\u00ed nan\u00e1\u0161\u00ed na such\u00fd, dokonale o\u010di\u0161t\u011bn\u00fd a odma\u0161t\u011bn\u00fd, pou\u017eijte ETERNAL odma\u0161\u0165ova\u010d, podklad \u0161t\u011btcem nebo v\u00e1le\u010dkem v 1\u20132 vrstv\u00e1ch p\u0159i teplot\u011b 8\u201330 \u00b0C.&nbsp;<\/span><br \/><span class=\"bullet-line\">Druh\u00fd n\u00e1t\u011br je mo\u017en\u00e9 nan\u00e1\u0161et nejd\u0159\u00edve po 12 hod. ETERNAL na st\u0159echy se nesm\u00ed \u0159edit.<\/span><\/p>\n<p>\u25ba Zpracov\u00e1n\u00ed<span class=\"bullet-line\">ETERNAL na st\u0159echy se po \u0159\u00e1dn\u00e9m prom\u00edch\u00e1n\u00ed nan\u00e1\u0161\u00ed such\u00fd, dokonale o\u010di\u0161t\u011bn\u00fd a odma\u0161t\u011bn\u00fd podklad \u0161t\u011btcem nebo v\u00e1le\u010dkem v 1-2 vrstv\u00e1ch p\u0159i teplot\u011b 5\u00b0- 30\u00b0C.&nbsp;<\/span><br \/><span class=\"bullet-line\">Druh\u00fd n\u00e1t\u011br je mo\u017en\u00e9 nan\u00e1\u0161et nejd\u0159\u00edve po 4 hod.&nbsp;<\/span><br \/><span class=\"bullet-line\">ETERNAL na st\u0159echy se nesm\u00ed \u0159edit.<\/span><\/p>\n<\/div>\n<div class=\"parameters\">\n<tr>\n<td>Velikost<\/td>\n<td>10<\/td>\n<\/tr>\n<tr>\n<td>vl\u00e1knocement, betonov\u00e9 a p\u00e1len\u00e9 st\u0159e\u0161n\u00ed ta\u0161ky, d\u0159ev\u011bn\u00e9 \u0161indele<\/td>\n<td>0,50-0,55 kg\/m2 (na 2 vrstvy)<\/td>\n<\/tr>\n<tr>\n<td>asfaltov\u00e9 p\u00e1sy<\/td>\n<td>0,50-1,00 kg\/m2 (na 2 vrstvy)<\/td>\n<\/tr><\/div>\n<\/table>\n","protected":false},"excerpt":{"rendered":"<p>trvale pru\u017en\u00e1 barva pro ochrann\u00e9 n\u00e1t\u011bry a drobn\u00e9 opravy vl\u00e1knocementov\u00e9, betonov\u00e9 a asfaltov\u00e9 st\u0159e\u0161n\u00ed krytiny v\u00fdrazn\u011b prodlu\u017euj\u00edc\u00ed jej\u00ed \u017eivotnost \u25ba Pou\u017eit\u00edETERNAL na st\u0159echy je ur\u010den k \u00fadr\u017eb\u011b st\u0159e\u0161n\u00ed krytiny z vl\u00e1knocementu, betonov\u00fdch a neglazovan\u00fdch p\u00e1len\u00fdch st\u0159e\u0161n\u00edch ta\u0161ek a d\u0159ev\u011bn\u00fdch \u0161indel\u016f na st\u0159ech\u00e1ch se sklonem minim\u00e1ln\u011b 10\u00b0.Je vhodn\u00fd tak\u00e9 k n\u00e1t\u011br\u016fm asfaltov\u00fdch krytin.&nbsp;ETERNAL na st\u0159echy po [&hellip;]<\/p>\n","protected":false},"featured_media":34431,"comment_status":"open","ping_status":"open","template":"","meta":[],"product_brand":[],"product_cat":[50,52,51],"product_tag":[],"class_list":{"0":"post-34331","1":"product","2":"type-product","3":"status-publish","4":"has-post-thumbnail","6":"product_cat-barvy","7":"product_cat-chemie","8":"product_cat-laky","10":"first","11":"instock","12":"sale","13":"shipping-taxable","14":"purchasable","15":"product-type-simple"},"yoast_head":"<!-- This site is optimized with the Yoast SEO plugin v26.8 - https:\/\/yoast.com\/product\/yoast-seo-wordpress\/ -->\n<title>Akce AUSTIS ETERNAL na st\u0159echy 10 kg hn\u011bd\u00e1 309 -<\/title>\n<meta name=\"robots\" content=\"index, follow, max-snippet:-1, max-image-preview:large, max-video-preview:-1\" \/>\n<link rel=\"canonical\" href=\"https:\/\/www.oknobuild.com\/index.php\/produkt\/akce-austis-eternal-na-strechy-10-kg-hneda-309-34331\/\" \/>\n<meta property=\"og:locale\" content=\"cs_CZ\" \/>\n<meta property=\"og:type\" content=\"article\" \/>\n<meta property=\"og:title\" content=\"Akce AUSTIS ETERNAL na st\u0159echy 10 kg hn\u011bd\u00e1 309 -\" \/>\n<meta property=\"og:description\" content=\"trvale pru\u017en\u00e1 barva pro ochrann\u00e9 n\u00e1t\u011bry a drobn\u00e9 opravy vl\u00e1knocementov\u00e9, betonov\u00e9 a asfaltov\u00e9 st\u0159e\u0161n\u00ed krytiny v\u00fdrazn\u011b prodlu\u017euj\u00edc\u00ed jej\u00ed \u017eivotnost \u25ba Pou\u017eit\u00edETERNAL na st\u0159echy je ur\u010den k \u00fadr\u017eb\u011b st\u0159e\u0161n\u00ed krytiny z vl\u00e1knocementu, betonov\u00fdch a neglazovan\u00fdch p\u00e1len\u00fdch st\u0159e\u0161n\u00edch ta\u0161ek a d\u0159ev\u011bn\u00fdch \u0161indel\u016f na st\u0159ech\u00e1ch se sklonem minim\u00e1ln\u011b 10\u00b0.Je vhodn\u00fd tak\u00e9 k n\u00e1t\u011br\u016fm asfaltov\u00fdch krytin.&nbsp;ETERNAL na st\u0159echy po [&hellip;]\" \/>\n<meta property=\"og:url\" content=\"https:\/\/www.oknobuild.com\/index.php\/produkt\/akce-austis-eternal-na-strechy-10-kg-hneda-309-34331\/\" \/>\n<meta property=\"og:image\" content=\"https:\/\/www.oknobuild.com\/wp-content\/uploads\/2026\/SK0020293-CZ20260425-092328-0-1777080210-et_na-strechy_10kg_2022_4.webp\" \/>\n\t<meta property=\"og:image:width\" content=\"700\" \/>\n\t<meta property=\"og:image:height\" content=\"576\" \/>\n\t<meta property=\"og:image:type\" content=\"image\/webp\" \/>\n<meta name=\"twitter:card\" content=\"summary_large_image\" \/>\n<meta name=\"twitter:label1\" content=\"Odhadovan\u00e1 doba \u010dten\u00ed\" \/>\n\t<meta name=\"twitter:data1\" content=\"2 minuty\" \/>\n<script type=\"application\/ld+json\" class=\"yoast-schema-graph\">{\"@context\":\"https:\/\/schema.org\",\"@graph\":[{\"@type\":\"WebPage\",\"@id\":\"https:\/\/www.oknobuild.com\/index.php\/produkt\/akce-austis-eternal-na-strechy-10-kg-hneda-309-34331\/\",\"url\":\"https:\/\/www.oknobuild.com\/index.php\/produkt\/akce-austis-eternal-na-strechy-10-kg-hneda-309-34331\/\",\"name\":\"Akce AUSTIS ETERNAL na st\u0159echy 10 kg hn\u011bd\u00e1 309 -\",\"isPartOf\":{\"@id\":\"https:\/\/www.oknobuild.com\/#website\"},\"primaryImageOfPage\":{\"@id\":\"https:\/\/www.oknobuild.com\/index.php\/produkt\/akce-austis-eternal-na-strechy-10-kg-hneda-309-34331\/#primaryimage\"},\"image\":{\"@id\":\"https:\/\/www.oknobuild.com\/index.php\/produkt\/akce-austis-eternal-na-strechy-10-kg-hneda-309-34331\/#primaryimage\"},\"thumbnailUrl\":\"https:\/\/www.oknobuild.com\/wp-content\/uploads\/2026\/SK0020293-CZ20260425-092328-0-1777080210-et_na-strechy_10kg_2022_4.webp\",\"datePublished\":\"2026-04-27T04:42:02+00:00\",\"breadcrumb\":{\"@id\":\"https:\/\/www.oknobuild.com\/index.php\/produkt\/akce-austis-eternal-na-strechy-10-kg-hneda-309-34331\/#breadcrumb\"},\"inLanguage\":\"cs\",\"potentialAction\":[{\"@type\":\"ReadAction\",\"target\":[\"https:\/\/www.oknobuild.com\/index.php\/produkt\/akce-austis-eternal-na-strechy-10-kg-hneda-309-34331\/\"]}]},{\"@type\":\"ImageObject\",\"inLanguage\":\"cs\",\"@id\":\"https:\/\/www.oknobuild.com\/index.php\/produkt\/akce-austis-eternal-na-strechy-10-kg-hneda-309-34331\/#primaryimage\",\"url\":\"https:\/\/www.oknobuild.com\/wp-content\/uploads\/2026\/SK0020293-CZ20260425-092328-0-1777080210-et_na-strechy_10kg_2022_4.webp\",\"contentUrl\":\"https:\/\/www.oknobuild.com\/wp-content\/uploads\/2026\/SK0020293-CZ20260425-092328-0-1777080210-et_na-strechy_10kg_2022_4.webp\",\"width\":700,\"height\":576},{\"@type\":\"BreadcrumbList\",\"@id\":\"https:\/\/www.oknobuild.com\/index.php\/produkt\/akce-austis-eternal-na-strechy-10-kg-hneda-309-34331\/#breadcrumb\",\"itemListElement\":[{\"@type\":\"ListItem\",\"position\":1,\"name\":\"Home\",\"item\":\"https:\/\/www.oknobuild.com\/\"},{\"@type\":\"ListItem\",\"position\":2,\"name\":\"Products\",\"item\":\"https:\/\/www.oknobuild.com\/index.php\/products\/\"},{\"@type\":\"ListItem\",\"position\":3,\"name\":\"Akce AUSTIS ETERNAL na st\u0159echy 10 kg hn\u011bd\u00e1 309\"}]},{\"@type\":\"WebSite\",\"@id\":\"https:\/\/www.oknobuild.com\/#website\",\"url\":\"https:\/\/www.oknobuild.com\/\",\"name\":\"\",\"description\":\"\",\"potentialAction\":[{\"@type\":\"SearchAction\",\"target\":{\"@type\":\"EntryPoint\",\"urlTemplate\":\"https:\/\/www.oknobuild.com\/?s={search_term_string}\"},\"query-input\":{\"@type\":\"PropertyValueSpecification\",\"valueRequired\":true,\"valueName\":\"search_term_string\"}}],\"inLanguage\":\"cs\"}]}<\/script>\n<!-- \/ Yoast SEO plugin. -->","yoast_head_json":{"title":"Akce AUSTIS ETERNAL na st\u0159echy 10 kg hn\u011bd\u00e1 309 -","robots":{"index":"index","follow":"follow","max-snippet":"max-snippet:-1","max-image-preview":"max-image-preview:large","max-video-preview":"max-video-preview:-1"},"canonical":"https:\/\/www.oknobuild.com\/index.php\/produkt\/akce-austis-eternal-na-strechy-10-kg-hneda-309-34331\/","og_locale":"cs_CZ","og_type":"article","og_title":"Akce AUSTIS ETERNAL na st\u0159echy 10 kg hn\u011bd\u00e1 309 -","og_description":"trvale pru\u017en\u00e1 barva pro ochrann\u00e9 n\u00e1t\u011bry a drobn\u00e9 opravy vl\u00e1knocementov\u00e9, betonov\u00e9 a asfaltov\u00e9 st\u0159e\u0161n\u00ed krytiny v\u00fdrazn\u011b prodlu\u017euj\u00edc\u00ed jej\u00ed \u017eivotnost \u25ba Pou\u017eit\u00edETERNAL na st\u0159echy je ur\u010den k \u00fadr\u017eb\u011b st\u0159e\u0161n\u00ed krytiny z vl\u00e1knocementu, betonov\u00fdch a neglazovan\u00fdch p\u00e1len\u00fdch st\u0159e\u0161n\u00edch ta\u0161ek a d\u0159ev\u011bn\u00fdch \u0161indel\u016f na st\u0159ech\u00e1ch se sklonem minim\u00e1ln\u011b 10\u00b0.Je vhodn\u00fd tak\u00e9 k n\u00e1t\u011br\u016fm asfaltov\u00fdch krytin.&nbsp;ETERNAL na st\u0159echy po [&hellip;]","og_url":"https:\/\/www.oknobuild.com\/index.php\/produkt\/akce-austis-eternal-na-strechy-10-kg-hneda-309-34331\/","og_image":[{"width":700,"height":576,"url":"https:\/\/www.oknobuild.com\/wp-content\/uploads\/2026\/SK0020293-CZ20260425-092328-0-1777080210-et_na-strechy_10kg_2022_4.webp","type":"image\/webp"}],"twitter_card":"summary_large_image","twitter_misc":{"Odhadovan\u00e1 doba \u010dten\u00ed":"2 minuty"},"schema":{"@context":"https:\/\/schema.org","@graph":[{"@type":"WebPage","@id":"https:\/\/www.oknobuild.com\/index.php\/produkt\/akce-austis-eternal-na-strechy-10-kg-hneda-309-34331\/","url":"https:\/\/www.oknobuild.com\/index.php\/produkt\/akce-austis-eternal-na-strechy-10-kg-hneda-309-34331\/","name":"Akce AUSTIS ETERNAL na st\u0159echy 10 kg hn\u011bd\u00e1 309 -","isPartOf":{"@id":"https:\/\/www.oknobuild.com\/#website"},"primaryImageOfPage":{"@id":"https:\/\/www.oknobuild.com\/index.php\/produkt\/akce-austis-eternal-na-strechy-10-kg-hneda-309-34331\/#primaryimage"},"image":{"@id":"https:\/\/www.oknobuild.com\/index.php\/produkt\/akce-austis-eternal-na-strechy-10-kg-hneda-309-34331\/#primaryimage"},"thumbnailUrl":"https:\/\/www.oknobuild.com\/wp-content\/uploads\/2026\/SK0020293-CZ20260425-092328-0-1777080210-et_na-strechy_10kg_2022_4.webp","datePublished":"2026-04-27T04:42:02+00:00","breadcrumb":{"@id":"https:\/\/www.oknobuild.com\/index.php\/produkt\/akce-austis-eternal-na-strechy-10-kg-hneda-309-34331\/#breadcrumb"},"inLanguage":"cs","potentialAction":[{"@type":"ReadAction","target":["https:\/\/www.oknobuild.com\/index.php\/produkt\/akce-austis-eternal-na-strechy-10-kg-hneda-309-34331\/"]}]},{"@type":"ImageObject","inLanguage":"cs","@id":"https:\/\/www.oknobuild.com\/index.php\/produkt\/akce-austis-eternal-na-strechy-10-kg-hneda-309-34331\/#primaryimage","url":"https:\/\/www.oknobuild.com\/wp-content\/uploads\/2026\/SK0020293-CZ20260425-092328-0-1777080210-et_na-strechy_10kg_2022_4.webp","contentUrl":"https:\/\/www.oknobuild.com\/wp-content\/uploads\/2026\/SK0020293-CZ20260425-092328-0-1777080210-et_na-strechy_10kg_2022_4.webp","width":700,"height":576},{"@type":"BreadcrumbList","@id":"https:\/\/www.oknobuild.com\/index.php\/produkt\/akce-austis-eternal-na-strechy-10-kg-hneda-309-34331\/#breadcrumb","itemListElement":[{"@type":"ListItem","position":1,"name":"Home","item":"https:\/\/www.oknobuild.com\/"},{"@type":"ListItem","position":2,"name":"Products","item":"https:\/\/www.oknobuild.com\/index.php\/products\/"},{"@type":"ListItem","position":3,"name":"Akce AUSTIS ETERNAL na st\u0159echy 10 kg hn\u011bd\u00e1 309"}]},{"@type":"WebSite","@id":"https:\/\/www.oknobuild.com\/#website","url":"https:\/\/www.oknobuild.com\/","name":"","description":"","potentialAction":[{"@type":"SearchAction","target":{"@type":"EntryPoint","urlTemplate":"https:\/\/www.oknobuild.com\/?s={search_term_string}"},"query-input":{"@type":"PropertyValueSpecification","valueRequired":true,"valueName":"search_term_string"}}],"inLanguage":"cs"}]}},"_links":{"self":[{"href":"https:\/\/www.oknobuild.com\/index.php\/wp-json\/wp\/v2\/product\/34331","targetHints":{"allow":["GET"]}}],"collection":[{"href":"https:\/\/www.oknobuild.com\/index.php\/wp-json\/wp\/v2\/product"}],"about":[{"href":"https:\/\/www.oknobuild.com\/index.php\/wp-json\/wp\/v2\/types\/product"}],"replies":[{"embeddable":true,"href":"https:\/\/www.oknobuild.com\/index.php\/wp-json\/wp\/v2\/comments?post=34331"}],"wp:featuredmedia":[{"embeddable":true,"href":"https:\/\/www.oknobuild.com\/index.php\/wp-json\/wp\/v2\/media\/34431"}],"wp:attachment":[{"href":"https:\/\/www.oknobuild.com\/index.php\/wp-json\/wp\/v2\/media?parent=34331"}],"wp:term":[{"taxonomy":"product_brand","embeddable":true,"href":"https:\/\/www.oknobuild.com\/index.php\/wp-json\/wp\/v2\/product_brand?post=34331"},{"taxonomy":"product_cat","embeddable":true,"href":"https:\/\/www.oknobuild.com\/index.php\/wp-json\/wp\/v2\/product_cat?post=34331"},{"taxonomy":"product_tag","embeddable":true,"href":"https:\/\/www.oknobuild.com\/index.php\/wp-json\/wp\/v2\/product_tag?post=34331"}],"curies":[{"name":"wp","href":"https:\/\/api.w.org\/{rel}","templated":true}]}}