{"id":34341,"date":"2026-04-27T04:42:02","date_gmt":"2026-04-27T04:42:02","guid":{"rendered":""},"modified":"2026-04-27T04:42:02","modified_gmt":"2026-04-27T04:42:02","slug":"akce-austis-eternal-na-kovy-0-7-kg-medena-442-34341","status":"publish","type":"product","link":"https:\/\/www.oknobuild.com\/index.php\/produkt\/akce-austis-eternal-na-kovy-0-7-kg-medena-442-34341\/","title":{"rendered":"Akce AUSTIS ETERNAL na kovy 0,7 kg m\u011bd\u011bn\u00e1 442"},"content":{"rendered":"<table>\n<div class=\"tab-pane active product-description\" id=\"popis\" role=\"tabpanel\">\n<div class=\"short-description\" itemprop=\"description\"><\/div>\n<div class=\"description\">\n<p><span class=\"bullet-line\">VODOU \u0158EDITELN\u00c1 BARVA K N\u00c1T\u011aR\u016eM V\u0160ECH DRUH\u016e KOVOV\u00ddCH PODKLAD\u016e<\/span><br \/><span class=\"bullet-line\">okapy, ploty, vrata, z\u00e1bradl\u00ed, parapety, st\u0159echy, kovov\u00e9 konstrukce, sto\u017e\u00e1ry, potrub\u00ed<\/span><br \/><span class=\"bullet-line\">ocel, pozink i nezoxidovan\u00fd, litina, hlin\u00edk, m\u011b\u010f,<\/span><br \/>mosaz, nerez, zinek, titanzinek<span class=\"bullet-line\">samoz\u00e1kladuj\u00edc\u00ed n\u00e1t\u011brov\u00e1 hmota k p\u0159\u00edm\u00e9mu<\/span><br \/>pou\u017eit\u00ed<br \/>na kov, bez nutnosti z\u00e1kladn\u00edho n\u00e1t\u011bru, ur\u010den\u00e1 i pro vy\u0161\u0161\u00ed korozn\u00ed zat\u00ed\u017een\u00ed<span class=\"bullet-line\">barva pro z\u00e1kladn\u00ed i vrchn\u00ed n\u00e1t\u011bry v\u0161ech druh\u016f kovov\u00fdch podklad\u016f<\/span><\/p>\n<p>\u25ba Pou\u017eit\u00ed<span class=\"bullet-line\">ETERNAL na kovy je matn\u00e1, samoz\u00e1kladuj\u00edc\u00ed n\u00e1t\u011brov\u00e1 hmota k p\u0159\u00edm\u00e9mu pou\u017eit\u00ed na kovov\u00e9 podklady.&nbsp;<\/span><br \/><span class=\"bullet-line\">Vyzna\u010duje se vysokou adhez\u00ed na kovov\u00fdch podkladech a to i na zinku, titanzinku, lehk\u00fdch kovech a antikorozn\u00edch ocel\u00edch, zv\u00fd\u0161enou ochranou proti korozi, vysokou odolnost\u00ed UV z\u00e1\u0159en\u00ed a pov\u011btrnostn\u00edm vliv\u016fm.&nbsp;<\/span><br \/><span class=\"bullet-line\">Je ur\u010den pro z\u00e1kladn\u00ed i vrchn\u00ed n\u00e1t\u011bry kovov\u00fdch konstrukc\u00ed, sto\u017e\u00e1r\u016f, vn\u011bj\u0161\u00edch povrch\u016f n\u00e1dr\u017e\u00ed, potrub\u00ed, plot\u016f, z\u00e1bradl\u00ed, plechov\u00e9 krytiny, trubek, plech\u016f, a dal\u0161\u00edch kovov\u00fdch v\u00fdrobk\u016f z oceli, litiny, zinku, antikorozn\u00edch ocel\u00ed, hlin\u00edku, m\u011bdi, mosazi i v prost\u0159ed\u00ed s vy\u0161\u0161\u00edm korozn\u00edm zat\u00ed\u017een\u00edm.<\/span><br \/><span class=\"bullet-line\">Odst\u00edny s kov\u00e1\u0159sk\u00fdm vzhledem jsou ur\u010deny pro n\u00e1t\u011bry plot\u016f, bran, vrat, z\u00e1bradl\u00ed, kovov\u00e9ho n\u00e1bytku a kov\u00e1\u0159sk\u00fdch v\u00fdrobk\u016f.<\/span><\/p>\n<p>\u25ba Zpracov\u00e1n\u00ed<span class=\"bullet-line\">ETERNAL na kovy se nan\u00e1\u0161\u00ed na p\u0159ipraven\u00fd kovov\u00fd podklad \u0161t\u011btcem, v\u00e1le\u010dkem, vzduchov\u00fdm nebo bezvzduchov\u00fdm st\u0159\u00edk\u00e1n\u00edm p\u0159i teplot\u011b podkladu i prost\u0159ed\u00ed nejm\u00e9n\u011b 10 \u00b0C v 1 &#8211; 3 vrstv\u00e1ch s p\u0159est\u00e1vkou mezi n\u00e1t\u011bry min. 4 hodin \/20\u00b0C\/ tak, aby celkov\u00e1 spot\u0159eba byla 0,30 \u2013 0,36 kg\/m2.&nbsp;<\/span><br \/><span class=\"bullet-line\">N\u00e1t\u011bry ocelov\u00fdch podklad\u016f je t\u0159eba prov\u00e1d\u011bt v such\u00e9m prost\u0159ed\u00ed.&nbsp;<\/span><br \/><span class=\"bullet-line\">Za chladn\u00e9ho po\u010das\u00ed je vhodn\u00e9 prov\u00e9st nejprve jeden velmi tenk\u00fd n\u00e1t\u011br tak, aby rychle zaschl.&nbsp;<\/span><\/p>\n<p>\u25ba Zp\u016fsoby aplikace<span class=\"bullet-line\">\u0161t\u011btcem<\/span><br \/><span class=\"bullet-line\">v\u00e1le\u010dkem<\/span><br \/><span class=\"bullet-line\">st\u0159\u00edkac\u00ed pistol\u00ed<\/span><\/p>\n<\/div>\n<div class=\"parameters\">\n<tr>\n<td>Velikost<\/td>\n<td>0,7<\/td>\n<\/tr>\n<tr>\n<td>Spot\u0159eba<\/td>\n<td>0,12\u20130,17 kg\/m2 (na 1 vrstvu)<\/td>\n<\/tr><\/div>\n<\/table>\n","protected":false},"excerpt":{"rendered":"<p>VODOU \u0158EDITELN\u00c1 BARVA K N\u00c1T\u011aR\u016eM V\u0160ECH DRUH\u016e KOVOV\u00ddCH PODKLAD\u016eokapy, ploty, vrata, z\u00e1bradl\u00ed, parapety, st\u0159echy, kovov\u00e9 konstrukce, sto\u017e\u00e1ry, potrub\u00edocel, pozink i nezoxidovan\u00fd, litina, hlin\u00edk, m\u011b\u010f,mosaz, nerez, zinek, titanzineksamoz\u00e1kladuj\u00edc\u00ed n\u00e1t\u011brov\u00e1 hmota k p\u0159\u00edm\u00e9mupou\u017eit\u00edna kov, bez nutnosti z\u00e1kladn\u00edho n\u00e1t\u011bru, ur\u010den\u00e1 i pro vy\u0161\u0161\u00ed korozn\u00ed zat\u00ed\u017een\u00edbarva pro z\u00e1kladn\u00ed i vrchn\u00ed n\u00e1t\u011bry v\u0161ech druh\u016f kovov\u00fdch podklad\u016f \u25ba Pou\u017eit\u00edETERNAL na kovy [&hellip;]<\/p>\n","protected":false},"featured_media":34441,"comment_status":"open","ping_status":"open","template":"","meta":[],"product_brand":[],"product_cat":[50,52,51],"product_tag":[],"class_list":{"0":"post-34341","1":"product","2":"type-product","3":"status-publish","4":"has-post-thumbnail","6":"product_cat-barvy","7":"product_cat-chemie","8":"product_cat-laky","10":"first","11":"instock","12":"sale","13":"shipping-taxable","14":"purchasable","15":"product-type-simple"},"yoast_head":"<!-- This site is optimized with the Yoast SEO plugin v26.8 - https:\/\/yoast.com\/product\/yoast-seo-wordpress\/ -->\n<title>Akce AUSTIS ETERNAL na kovy 0,7 kg m\u011bd\u011bn\u00e1 442 -<\/title>\n<meta name=\"robots\" content=\"index, follow, max-snippet:-1, max-image-preview:large, max-video-preview:-1\" \/>\n<link rel=\"canonical\" href=\"https:\/\/www.oknobuild.com\/index.php\/produkt\/akce-austis-eternal-na-kovy-0-7-kg-medena-442-34341\/\" \/>\n<meta property=\"og:locale\" content=\"cs_CZ\" \/>\n<meta property=\"og:type\" content=\"article\" \/>\n<meta property=\"og:title\" content=\"Akce AUSTIS ETERNAL na kovy 0,7 kg m\u011bd\u011bn\u00e1 442 -\" \/>\n<meta property=\"og:description\" content=\"VODOU \u0158EDITELN\u00c1 BARVA K N\u00c1T\u011aR\u016eM V\u0160ECH DRUH\u016e KOVOV\u00ddCH PODKLAD\u016eokapy, ploty, vrata, z\u00e1bradl\u00ed, parapety, st\u0159echy, kovov\u00e9 konstrukce, sto\u017e\u00e1ry, potrub\u00edocel, pozink i nezoxidovan\u00fd, litina, hlin\u00edk, m\u011b\u010f,mosaz, nerez, zinek, titanzineksamoz\u00e1kladuj\u00edc\u00ed n\u00e1t\u011brov\u00e1 hmota k p\u0159\u00edm\u00e9mupou\u017eit\u00edna kov, bez nutnosti z\u00e1kladn\u00edho n\u00e1t\u011bru, ur\u010den\u00e1 i pro vy\u0161\u0161\u00ed korozn\u00ed zat\u00ed\u017een\u00edbarva pro z\u00e1kladn\u00ed i vrchn\u00ed n\u00e1t\u011bry v\u0161ech druh\u016f kovov\u00fdch podklad\u016f \u25ba Pou\u017eit\u00edETERNAL na kovy [&hellip;]\" \/>\n<meta property=\"og:url\" content=\"https:\/\/www.oknobuild.com\/index.php\/produkt\/akce-austis-eternal-na-kovy-0-7-kg-medena-442-34341\/\" \/>\n<meta property=\"og:image\" content=\"https:\/\/www.oknobuild.com\/wp-content\/uploads\/2026\/SK0020303-CZ20260425-092328-0-1777080210-0-7-na-kovy-med.webp\" \/>\n\t<meta property=\"og:image:width\" content=\"700\" \/>\n\t<meta property=\"og:image:height\" content=\"700\" \/>\n\t<meta property=\"og:image:type\" content=\"image\/webp\" \/>\n<meta name=\"twitter:card\" content=\"summary_large_image\" \/>\n<meta name=\"twitter:label1\" content=\"Odhadovan\u00e1 doba \u010dten\u00ed\" \/>\n\t<meta name=\"twitter:data1\" content=\"2 minuty\" \/>\n<script type=\"application\/ld+json\" class=\"yoast-schema-graph\">{\"@context\":\"https:\/\/schema.org\",\"@graph\":[{\"@type\":\"WebPage\",\"@id\":\"https:\/\/www.oknobuild.com\/index.php\/produkt\/akce-austis-eternal-na-kovy-0-7-kg-medena-442-34341\/\",\"url\":\"https:\/\/www.oknobuild.com\/index.php\/produkt\/akce-austis-eternal-na-kovy-0-7-kg-medena-442-34341\/\",\"name\":\"Akce AUSTIS ETERNAL na kovy 0,7 kg m\u011bd\u011bn\u00e1 442 -\",\"isPartOf\":{\"@id\":\"https:\/\/www.oknobuild.com\/#website\"},\"primaryImageOfPage\":{\"@id\":\"https:\/\/www.oknobuild.com\/index.php\/produkt\/akce-austis-eternal-na-kovy-0-7-kg-medena-442-34341\/#primaryimage\"},\"image\":{\"@id\":\"https:\/\/www.oknobuild.com\/index.php\/produkt\/akce-austis-eternal-na-kovy-0-7-kg-medena-442-34341\/#primaryimage\"},\"thumbnailUrl\":\"https:\/\/www.oknobuild.com\/wp-content\/uploads\/2026\/SK0020303-CZ20260425-092328-0-1777080210-0-7-na-kovy-med.webp\",\"datePublished\":\"2026-04-27T04:42:02+00:00\",\"breadcrumb\":{\"@id\":\"https:\/\/www.oknobuild.com\/index.php\/produkt\/akce-austis-eternal-na-kovy-0-7-kg-medena-442-34341\/#breadcrumb\"},\"inLanguage\":\"cs\",\"potentialAction\":[{\"@type\":\"ReadAction\",\"target\":[\"https:\/\/www.oknobuild.com\/index.php\/produkt\/akce-austis-eternal-na-kovy-0-7-kg-medena-442-34341\/\"]}]},{\"@type\":\"ImageObject\",\"inLanguage\":\"cs\",\"@id\":\"https:\/\/www.oknobuild.com\/index.php\/produkt\/akce-austis-eternal-na-kovy-0-7-kg-medena-442-34341\/#primaryimage\",\"url\":\"https:\/\/www.oknobuild.com\/wp-content\/uploads\/2026\/SK0020303-CZ20260425-092328-0-1777080210-0-7-na-kovy-med.webp\",\"contentUrl\":\"https:\/\/www.oknobuild.com\/wp-content\/uploads\/2026\/SK0020303-CZ20260425-092328-0-1777080210-0-7-na-kovy-med.webp\",\"width\":700,\"height\":700},{\"@type\":\"BreadcrumbList\",\"@id\":\"https:\/\/www.oknobuild.com\/index.php\/produkt\/akce-austis-eternal-na-kovy-0-7-kg-medena-442-34341\/#breadcrumb\",\"itemListElement\":[{\"@type\":\"ListItem\",\"position\":1,\"name\":\"Home\",\"item\":\"https:\/\/www.oknobuild.com\/\"},{\"@type\":\"ListItem\",\"position\":2,\"name\":\"Products\",\"item\":\"https:\/\/www.oknobuild.com\/index.php\/products\/\"},{\"@type\":\"ListItem\",\"position\":3,\"name\":\"Akce AUSTIS ETERNAL na kovy 0,7 kg m\u011bd\u011bn\u00e1 442\"}]},{\"@type\":\"WebSite\",\"@id\":\"https:\/\/www.oknobuild.com\/#website\",\"url\":\"https:\/\/www.oknobuild.com\/\",\"name\":\"\",\"description\":\"\",\"potentialAction\":[{\"@type\":\"SearchAction\",\"target\":{\"@type\":\"EntryPoint\",\"urlTemplate\":\"https:\/\/www.oknobuild.com\/?s={search_term_string}\"},\"query-input\":{\"@type\":\"PropertyValueSpecification\",\"valueRequired\":true,\"valueName\":\"search_term_string\"}}],\"inLanguage\":\"cs\"}]}<\/script>\n<!-- \/ Yoast SEO plugin. -->","yoast_head_json":{"title":"Akce AUSTIS ETERNAL na kovy 0,7 kg m\u011bd\u011bn\u00e1 442 -","robots":{"index":"index","follow":"follow","max-snippet":"max-snippet:-1","max-image-preview":"max-image-preview:large","max-video-preview":"max-video-preview:-1"},"canonical":"https:\/\/www.oknobuild.com\/index.php\/produkt\/akce-austis-eternal-na-kovy-0-7-kg-medena-442-34341\/","og_locale":"cs_CZ","og_type":"article","og_title":"Akce AUSTIS ETERNAL na kovy 0,7 kg m\u011bd\u011bn\u00e1 442 -","og_description":"VODOU \u0158EDITELN\u00c1 BARVA K N\u00c1T\u011aR\u016eM V\u0160ECH DRUH\u016e KOVOV\u00ddCH PODKLAD\u016eokapy, ploty, vrata, z\u00e1bradl\u00ed, parapety, st\u0159echy, kovov\u00e9 konstrukce, sto\u017e\u00e1ry, potrub\u00edocel, pozink i nezoxidovan\u00fd, litina, hlin\u00edk, m\u011b\u010f,mosaz, nerez, zinek, titanzineksamoz\u00e1kladuj\u00edc\u00ed n\u00e1t\u011brov\u00e1 hmota k p\u0159\u00edm\u00e9mupou\u017eit\u00edna kov, bez nutnosti z\u00e1kladn\u00edho n\u00e1t\u011bru, ur\u010den\u00e1 i pro vy\u0161\u0161\u00ed korozn\u00ed zat\u00ed\u017een\u00edbarva pro z\u00e1kladn\u00ed i vrchn\u00ed n\u00e1t\u011bry v\u0161ech druh\u016f kovov\u00fdch podklad\u016f \u25ba Pou\u017eit\u00edETERNAL na kovy [&hellip;]","og_url":"https:\/\/www.oknobuild.com\/index.php\/produkt\/akce-austis-eternal-na-kovy-0-7-kg-medena-442-34341\/","og_image":[{"width":700,"height":700,"url":"https:\/\/www.oknobuild.com\/wp-content\/uploads\/2026\/SK0020303-CZ20260425-092328-0-1777080210-0-7-na-kovy-med.webp","type":"image\/webp"}],"twitter_card":"summary_large_image","twitter_misc":{"Odhadovan\u00e1 doba \u010dten\u00ed":"2 minuty"},"schema":{"@context":"https:\/\/schema.org","@graph":[{"@type":"WebPage","@id":"https:\/\/www.oknobuild.com\/index.php\/produkt\/akce-austis-eternal-na-kovy-0-7-kg-medena-442-34341\/","url":"https:\/\/www.oknobuild.com\/index.php\/produkt\/akce-austis-eternal-na-kovy-0-7-kg-medena-442-34341\/","name":"Akce AUSTIS ETERNAL na kovy 0,7 kg m\u011bd\u011bn\u00e1 442 -","isPartOf":{"@id":"https:\/\/www.oknobuild.com\/#website"},"primaryImageOfPage":{"@id":"https:\/\/www.oknobuild.com\/index.php\/produkt\/akce-austis-eternal-na-kovy-0-7-kg-medena-442-34341\/#primaryimage"},"image":{"@id":"https:\/\/www.oknobuild.com\/index.php\/produkt\/akce-austis-eternal-na-kovy-0-7-kg-medena-442-34341\/#primaryimage"},"thumbnailUrl":"https:\/\/www.oknobuild.com\/wp-content\/uploads\/2026\/SK0020303-CZ20260425-092328-0-1777080210-0-7-na-kovy-med.webp","datePublished":"2026-04-27T04:42:02+00:00","breadcrumb":{"@id":"https:\/\/www.oknobuild.com\/index.php\/produkt\/akce-austis-eternal-na-kovy-0-7-kg-medena-442-34341\/#breadcrumb"},"inLanguage":"cs","potentialAction":[{"@type":"ReadAction","target":["https:\/\/www.oknobuild.com\/index.php\/produkt\/akce-austis-eternal-na-kovy-0-7-kg-medena-442-34341\/"]}]},{"@type":"ImageObject","inLanguage":"cs","@id":"https:\/\/www.oknobuild.com\/index.php\/produkt\/akce-austis-eternal-na-kovy-0-7-kg-medena-442-34341\/#primaryimage","url":"https:\/\/www.oknobuild.com\/wp-content\/uploads\/2026\/SK0020303-CZ20260425-092328-0-1777080210-0-7-na-kovy-med.webp","contentUrl":"https:\/\/www.oknobuild.com\/wp-content\/uploads\/2026\/SK0020303-CZ20260425-092328-0-1777080210-0-7-na-kovy-med.webp","width":700,"height":700},{"@type":"BreadcrumbList","@id":"https:\/\/www.oknobuild.com\/index.php\/produkt\/akce-austis-eternal-na-kovy-0-7-kg-medena-442-34341\/#breadcrumb","itemListElement":[{"@type":"ListItem","position":1,"name":"Home","item":"https:\/\/www.oknobuild.com\/"},{"@type":"ListItem","position":2,"name":"Products","item":"https:\/\/www.oknobuild.com\/index.php\/products\/"},{"@type":"ListItem","position":3,"name":"Akce AUSTIS ETERNAL na kovy 0,7 kg m\u011bd\u011bn\u00e1 442"}]},{"@type":"WebSite","@id":"https:\/\/www.oknobuild.com\/#website","url":"https:\/\/www.oknobuild.com\/","name":"","description":"","potentialAction":[{"@type":"SearchAction","target":{"@type":"EntryPoint","urlTemplate":"https:\/\/www.oknobuild.com\/?s={search_term_string}"},"query-input":{"@type":"PropertyValueSpecification","valueRequired":true,"valueName":"search_term_string"}}],"inLanguage":"cs"}]}},"_links":{"self":[{"href":"https:\/\/www.oknobuild.com\/index.php\/wp-json\/wp\/v2\/product\/34341","targetHints":{"allow":["GET"]}}],"collection":[{"href":"https:\/\/www.oknobuild.com\/index.php\/wp-json\/wp\/v2\/product"}],"about":[{"href":"https:\/\/www.oknobuild.com\/index.php\/wp-json\/wp\/v2\/types\/product"}],"replies":[{"embeddable":true,"href":"https:\/\/www.oknobuild.com\/index.php\/wp-json\/wp\/v2\/comments?post=34341"}],"wp:featuredmedia":[{"embeddable":true,"href":"https:\/\/www.oknobuild.com\/index.php\/wp-json\/wp\/v2\/media\/34441"}],"wp:attachment":[{"href":"https:\/\/www.oknobuild.com\/index.php\/wp-json\/wp\/v2\/media?parent=34341"}],"wp:term":[{"taxonomy":"product_brand","embeddable":true,"href":"https:\/\/www.oknobuild.com\/index.php\/wp-json\/wp\/v2\/product_brand?post=34341"},{"taxonomy":"product_cat","embeddable":true,"href":"https:\/\/www.oknobuild.com\/index.php\/wp-json\/wp\/v2\/product_cat?post=34341"},{"taxonomy":"product_tag","embeddable":true,"href":"https:\/\/www.oknobuild.com\/index.php\/wp-json\/wp\/v2\/product_tag?post=34341"}],"curies":[{"name":"wp","href":"https:\/\/api.w.org\/{rel}","templated":true}]}}