{"id":34357,"date":"2026-04-27T04:42:02","date_gmt":"2026-04-27T04:42:02","guid":{"rendered":""},"modified":"2026-04-27T04:42:02","modified_gmt":"2026-04-27T04:42:02","slug":"znackovy-austis-eternal-pololesk-akrylatovy-0-35-kg-bila-ral-9003-34357","status":"publish","type":"product","link":"https:\/\/www.oknobuild.com\/index.php\/produkt\/znackovy-austis-eternal-pololesk-akrylatovy-0-35-kg-bila-ral-9003-34357\/","title":{"rendered":"Zna\u010dkov\u00fd AUSTIS ETERNAL pololesk akryl\u00e1tov\u00fd 0,35 kg b\u00edl\u00e1 RAL 9003"},"content":{"rendered":"<table>\n<div class=\"tab-pane active product-description\" id=\"popis\" role=\"tabpanel\">\n<div class=\"short-description\" itemprop=\"description\"><\/div>\n<div class=\"description\"><span class='bullet-line'>polomatn\u00e1 barva pro univerz\u00e1ln\u00ed n\u00e1t\u011bry d\u0159eva, kovu, betonu<br \/><\/span>\u25ba Pou\u017eit\u00ed<span class='bullet-line'>ETERNAL pololesk akryl\u00e1tov\u00fd je ur\u010den k vnit\u0159n\u00edm i venkovn\u00edm n\u00e1t\u011br\u016fm d\u0159eva, d\u0159evovl\u00e1knov\u00fdch, d\u0159evot\u0159\u00edskov\u00fdch a t\u0159\u00edskocementov\u00fdch desek, s\u00e1drokartonu, nepochoz\u00edho betonu a kovov\u00fdch podklad\u016f opat\u0159en\u00fdch antikorozn\u00edm n\u00e1t\u011brem. <br \/><\/span><span class='bullet-line'>Je vhodn\u00fd pro n\u00e1t\u011bry okenn\u00edch r\u00e1m\u016f a k\u0159\u00eddel, dve\u0159\u00ed, dve\u0159n\u00edch z\u00e1rubn\u00ed, t\u011bles \u00fast\u0159edn\u00edho topen\u00ed, n\u00e1bytku, jako nap\u0159. d\u0159ev\u011bn\u00fdch i kovov\u00fdch \u017eidl\u00ed, polic, lavi\u010dek, konstrukc\u00ed d\u011btsk\u00fdch h\u0159i\u0161\u0165. <br \/><\/span><span class='bullet-line'>ETERNAL pololesk akryl\u00e1tov\u00fd je vhodn\u00fd pro nov\u00e9 i obnovovac\u00ed n\u00e1t\u011bry. <br \/><\/span><span class='bullet-line'>Pou\u017eit\u00ed najde v\u0161ude tam, kde nen\u00ed \u017e\u00e1douc\u00ed vysok\u00fd lesk, ale sou\u010dasn\u011b je po\u017eadov\u00e1na snadn\u00e1 \u00fadr\u017eba povrch\u016f. <br \/><\/span><span class='bullet-line'>Nen\u00ed ur\u010den k n\u00e1t\u011br\u016fm betonov\u00fdch podlah.<br \/><\/span><br \/>\u25ba Zpracov\u00e1n\u00ed<span class='bullet-line'>ETERNAL pololesk akryl\u00e1tov\u00fd se nan\u00e1\u0161\u00ed na such\u00fd, dokonale o\u010di\u0161t\u011bn\u00fd a odma\u0161t\u011bn\u00fd podklad zbaven\u00fd nesoudr\u017en\u00fdch \u010d\u00e1stic a zbytk\u016f nep\u0159ilnav\u00fdch n\u00e1t\u011br\u016f p\u0159i teplot\u011b podkladu a okol\u00ed v rozmez\u00ed 8\u201430 \u00b0C a relativn\u00ed vlhkosti max. 75 %. <br \/><\/span><span class='bullet-line'>Dle zvolen\u00e9 technologie nan\u00e1\u0161en\u00ed se n\u00e1t\u011brov\u00e1 hmota m\u016f\u017ee \u0159edit vodou do max. 10 hm. %. <br \/><\/span><span class='bullet-line'>ETERNAL pololesk akryl\u00e1tov\u00fd se nan\u00e1\u0161\u00ed ve 2\u20143 vrstv\u00e1ch dle po\u017eadovan\u00e9 tlou\u0161\u0165ky, v \u010dasov\u00e9m rozmez\u00ed min. 3 hodin (20 \u00b0C). <br \/><\/span><span class='bullet-line'>P\u0159i ni\u017e\u0161\u00ed teplot\u011b a vy\u0161\u0161\u00ed relativn\u00ed vlhkosti je nutn\u00e9 \u010dasov\u00e9 rozmez\u00ed prodlou\u017eit. <br \/><\/span><span class='bullet-line'>Prodlou\u017een\u00ed je nutn\u00e9 i u siln\u011b sav\u00fdch podklad\u016f.<br \/><\/span><br \/>\u25ba Zp\u016fsoby aplikace<span class='bullet-line'>\u0161t\u011btcem<br \/><\/span><span class='bullet-line'>v\u00e1le\u010dkem<br \/><\/span><span class='bullet-line'>st\u0159\u00edkac\u00ed pistol\u00ed<\/span><\/div>\n<div class=\"parameters\">\n<tr>\n<td>Velikost<\/td>\n<td>0,35<\/td>\n<\/tr>\n<tr>\n<td>Spot\u0159eba<\/td>\n<td>0,24\u20130,35 kg\/m2 (na 2 vrstvy)<\/td>\n<\/tr><\/div>\n<\/table>\n","protected":false},"excerpt":{"rendered":"<p>polomatn\u00e1 barva pro univerz\u00e1ln\u00ed n\u00e1t\u011bry d\u0159eva, kovu, betonu\u25ba Pou\u017eit\u00edETERNAL pololesk akryl\u00e1tov\u00fd je ur\u010den k vnit\u0159n\u00edm i venkovn\u00edm n\u00e1t\u011br\u016fm d\u0159eva, d\u0159evovl\u00e1knov\u00fdch, d\u0159evot\u0159\u00edskov\u00fdch a t\u0159\u00edskocementov\u00fdch desek, s\u00e1drokartonu, nepochoz\u00edho betonu a kovov\u00fdch podklad\u016f opat\u0159en\u00fdch antikorozn\u00edm n\u00e1t\u011brem. Je vhodn\u00fd pro n\u00e1t\u011bry okenn\u00edch r\u00e1m\u016f a k\u0159\u00eddel, dve\u0159\u00ed, dve\u0159n\u00edch z\u00e1rubn\u00ed, t\u011bles \u00fast\u0159edn\u00edho topen\u00ed, n\u00e1bytku, jako nap\u0159. d\u0159ev\u011bn\u00fdch i kovov\u00fdch \u017eidl\u00ed, polic, [&hellip;]<\/p>\n","protected":false},"featured_media":34457,"comment_status":"open","ping_status":"open","template":"","meta":[],"product_brand":[],"product_cat":[50,52,51],"product_tag":[],"class_list":{"0":"post-34357","1":"product","2":"type-product","3":"status-publish","4":"has-post-thumbnail","6":"product_cat-barvy","7":"product_cat-chemie","8":"product_cat-laky","10":"first","11":"instock","12":"sale","13":"shipping-taxable","14":"purchasable","15":"product-type-simple"},"yoast_head":"<!-- This site is optimized with the Yoast SEO plugin v26.8 - https:\/\/yoast.com\/product\/yoast-seo-wordpress\/ -->\n<title>Zna\u010dkov\u00fd AUSTIS ETERNAL pololesk akryl\u00e1tov\u00fd 0,35 kg b\u00edl\u00e1 RAL 9003 -<\/title>\n<meta name=\"robots\" content=\"index, follow, max-snippet:-1, max-image-preview:large, max-video-preview:-1\" \/>\n<link rel=\"canonical\" href=\"https:\/\/www.oknobuild.com\/index.php\/produkt\/znackovy-austis-eternal-pololesk-akrylatovy-0-35-kg-bila-ral-9003-34357\/\" \/>\n<meta property=\"og:locale\" content=\"cs_CZ\" \/>\n<meta property=\"og:type\" content=\"article\" \/>\n<meta property=\"og:title\" content=\"Zna\u010dkov\u00fd AUSTIS ETERNAL pololesk akryl\u00e1tov\u00fd 0,35 kg b\u00edl\u00e1 RAL 9003 -\" \/>\n<meta property=\"og:description\" content=\"polomatn\u00e1 barva pro univerz\u00e1ln\u00ed n\u00e1t\u011bry d\u0159eva, kovu, betonu\u25ba Pou\u017eit\u00edETERNAL pololesk akryl\u00e1tov\u00fd je ur\u010den k vnit\u0159n\u00edm i venkovn\u00edm n\u00e1t\u011br\u016fm d\u0159eva, d\u0159evovl\u00e1knov\u00fdch, d\u0159evot\u0159\u00edskov\u00fdch a t\u0159\u00edskocementov\u00fdch desek, s\u00e1drokartonu, nepochoz\u00edho betonu a kovov\u00fdch podklad\u016f opat\u0159en\u00fdch antikorozn\u00edm n\u00e1t\u011brem. Je vhodn\u00fd pro n\u00e1t\u011bry okenn\u00edch r\u00e1m\u016f a k\u0159\u00eddel, dve\u0159\u00ed, dve\u0159n\u00edch z\u00e1rubn\u00ed, t\u011bles \u00fast\u0159edn\u00edho topen\u00ed, n\u00e1bytku, jako nap\u0159. d\u0159ev\u011bn\u00fdch i kovov\u00fdch \u017eidl\u00ed, polic, [&hellip;]\" \/>\n<meta property=\"og:url\" content=\"https:\/\/www.oknobuild.com\/index.php\/produkt\/znackovy-austis-eternal-pololesk-akrylatovy-0-35-kg-bila-ral-9003-34357\/\" \/>\n<meta property=\"og:image\" content=\"https:\/\/www.oknobuild.com\/wp-content\/uploads\/2026\/SK0020319-CZ20260425-092328-0-1777080210-0-35-bil.webp\" \/>\n\t<meta property=\"og:image:width\" content=\"618\" \/>\n\t<meta property=\"og:image:height\" content=\"700\" \/>\n\t<meta property=\"og:image:type\" content=\"image\/webp\" \/>\n<meta name=\"twitter:card\" content=\"summary_large_image\" \/>\n<meta name=\"twitter:label1\" content=\"Odhadovan\u00e1 doba \u010dten\u00ed\" \/>\n\t<meta name=\"twitter:data1\" content=\"1 minuta\" \/>\n<script type=\"application\/ld+json\" class=\"yoast-schema-graph\">{\"@context\":\"https:\/\/schema.org\",\"@graph\":[{\"@type\":\"WebPage\",\"@id\":\"https:\/\/www.oknobuild.com\/index.php\/produkt\/znackovy-austis-eternal-pololesk-akrylatovy-0-35-kg-bila-ral-9003-34357\/\",\"url\":\"https:\/\/www.oknobuild.com\/index.php\/produkt\/znackovy-austis-eternal-pololesk-akrylatovy-0-35-kg-bila-ral-9003-34357\/\",\"name\":\"Zna\u010dkov\u00fd AUSTIS ETERNAL pololesk akryl\u00e1tov\u00fd 0,35 kg b\u00edl\u00e1 RAL 9003 -\",\"isPartOf\":{\"@id\":\"https:\/\/www.oknobuild.com\/#website\"},\"primaryImageOfPage\":{\"@id\":\"https:\/\/www.oknobuild.com\/index.php\/produkt\/znackovy-austis-eternal-pololesk-akrylatovy-0-35-kg-bila-ral-9003-34357\/#primaryimage\"},\"image\":{\"@id\":\"https:\/\/www.oknobuild.com\/index.php\/produkt\/znackovy-austis-eternal-pololesk-akrylatovy-0-35-kg-bila-ral-9003-34357\/#primaryimage\"},\"thumbnailUrl\":\"https:\/\/www.oknobuild.com\/wp-content\/uploads\/2026\/SK0020319-CZ20260425-092328-0-1777080210-0-35-bil.webp\",\"datePublished\":\"2026-04-27T04:42:02+00:00\",\"breadcrumb\":{\"@id\":\"https:\/\/www.oknobuild.com\/index.php\/produkt\/znackovy-austis-eternal-pololesk-akrylatovy-0-35-kg-bila-ral-9003-34357\/#breadcrumb\"},\"inLanguage\":\"cs\",\"potentialAction\":[{\"@type\":\"ReadAction\",\"target\":[\"https:\/\/www.oknobuild.com\/index.php\/produkt\/znackovy-austis-eternal-pololesk-akrylatovy-0-35-kg-bila-ral-9003-34357\/\"]}]},{\"@type\":\"ImageObject\",\"inLanguage\":\"cs\",\"@id\":\"https:\/\/www.oknobuild.com\/index.php\/produkt\/znackovy-austis-eternal-pololesk-akrylatovy-0-35-kg-bila-ral-9003-34357\/#primaryimage\",\"url\":\"https:\/\/www.oknobuild.com\/wp-content\/uploads\/2026\/SK0020319-CZ20260425-092328-0-1777080210-0-35-bil.webp\",\"contentUrl\":\"https:\/\/www.oknobuild.com\/wp-content\/uploads\/2026\/SK0020319-CZ20260425-092328-0-1777080210-0-35-bil.webp\",\"width\":618,\"height\":700},{\"@type\":\"BreadcrumbList\",\"@id\":\"https:\/\/www.oknobuild.com\/index.php\/produkt\/znackovy-austis-eternal-pololesk-akrylatovy-0-35-kg-bila-ral-9003-34357\/#breadcrumb\",\"itemListElement\":[{\"@type\":\"ListItem\",\"position\":1,\"name\":\"Home\",\"item\":\"https:\/\/www.oknobuild.com\/\"},{\"@type\":\"ListItem\",\"position\":2,\"name\":\"Products\",\"item\":\"https:\/\/www.oknobuild.com\/index.php\/products\/\"},{\"@type\":\"ListItem\",\"position\":3,\"name\":\"Zna\u010dkov\u00fd AUSTIS ETERNAL pololesk akryl\u00e1tov\u00fd 0,35 kg b\u00edl\u00e1 RAL 9003\"}]},{\"@type\":\"WebSite\",\"@id\":\"https:\/\/www.oknobuild.com\/#website\",\"url\":\"https:\/\/www.oknobuild.com\/\",\"name\":\"\",\"description\":\"\",\"potentialAction\":[{\"@type\":\"SearchAction\",\"target\":{\"@type\":\"EntryPoint\",\"urlTemplate\":\"https:\/\/www.oknobuild.com\/?s={search_term_string}\"},\"query-input\":{\"@type\":\"PropertyValueSpecification\",\"valueRequired\":true,\"valueName\":\"search_term_string\"}}],\"inLanguage\":\"cs\"}]}<\/script>\n<!-- \/ Yoast SEO plugin. -->","yoast_head_json":{"title":"Zna\u010dkov\u00fd AUSTIS ETERNAL pololesk akryl\u00e1tov\u00fd 0,35 kg b\u00edl\u00e1 RAL 9003 -","robots":{"index":"index","follow":"follow","max-snippet":"max-snippet:-1","max-image-preview":"max-image-preview:large","max-video-preview":"max-video-preview:-1"},"canonical":"https:\/\/www.oknobuild.com\/index.php\/produkt\/znackovy-austis-eternal-pololesk-akrylatovy-0-35-kg-bila-ral-9003-34357\/","og_locale":"cs_CZ","og_type":"article","og_title":"Zna\u010dkov\u00fd AUSTIS ETERNAL pololesk akryl\u00e1tov\u00fd 0,35 kg b\u00edl\u00e1 RAL 9003 -","og_description":"polomatn\u00e1 barva pro univerz\u00e1ln\u00ed n\u00e1t\u011bry d\u0159eva, kovu, betonu\u25ba Pou\u017eit\u00edETERNAL pololesk akryl\u00e1tov\u00fd je ur\u010den k vnit\u0159n\u00edm i venkovn\u00edm n\u00e1t\u011br\u016fm d\u0159eva, d\u0159evovl\u00e1knov\u00fdch, d\u0159evot\u0159\u00edskov\u00fdch a t\u0159\u00edskocementov\u00fdch desek, s\u00e1drokartonu, nepochoz\u00edho betonu a kovov\u00fdch podklad\u016f opat\u0159en\u00fdch antikorozn\u00edm n\u00e1t\u011brem. Je vhodn\u00fd pro n\u00e1t\u011bry okenn\u00edch r\u00e1m\u016f a k\u0159\u00eddel, dve\u0159\u00ed, dve\u0159n\u00edch z\u00e1rubn\u00ed, t\u011bles \u00fast\u0159edn\u00edho topen\u00ed, n\u00e1bytku, jako nap\u0159. d\u0159ev\u011bn\u00fdch i kovov\u00fdch \u017eidl\u00ed, polic, [&hellip;]","og_url":"https:\/\/www.oknobuild.com\/index.php\/produkt\/znackovy-austis-eternal-pololesk-akrylatovy-0-35-kg-bila-ral-9003-34357\/","og_image":[{"width":618,"height":700,"url":"https:\/\/www.oknobuild.com\/wp-content\/uploads\/2026\/SK0020319-CZ20260425-092328-0-1777080210-0-35-bil.webp","type":"image\/webp"}],"twitter_card":"summary_large_image","twitter_misc":{"Odhadovan\u00e1 doba \u010dten\u00ed":"1 minuta"},"schema":{"@context":"https:\/\/schema.org","@graph":[{"@type":"WebPage","@id":"https:\/\/www.oknobuild.com\/index.php\/produkt\/znackovy-austis-eternal-pololesk-akrylatovy-0-35-kg-bila-ral-9003-34357\/","url":"https:\/\/www.oknobuild.com\/index.php\/produkt\/znackovy-austis-eternal-pololesk-akrylatovy-0-35-kg-bila-ral-9003-34357\/","name":"Zna\u010dkov\u00fd AUSTIS ETERNAL pololesk akryl\u00e1tov\u00fd 0,35 kg b\u00edl\u00e1 RAL 9003 -","isPartOf":{"@id":"https:\/\/www.oknobuild.com\/#website"},"primaryImageOfPage":{"@id":"https:\/\/www.oknobuild.com\/index.php\/produkt\/znackovy-austis-eternal-pololesk-akrylatovy-0-35-kg-bila-ral-9003-34357\/#primaryimage"},"image":{"@id":"https:\/\/www.oknobuild.com\/index.php\/produkt\/znackovy-austis-eternal-pololesk-akrylatovy-0-35-kg-bila-ral-9003-34357\/#primaryimage"},"thumbnailUrl":"https:\/\/www.oknobuild.com\/wp-content\/uploads\/2026\/SK0020319-CZ20260425-092328-0-1777080210-0-35-bil.webp","datePublished":"2026-04-27T04:42:02+00:00","breadcrumb":{"@id":"https:\/\/www.oknobuild.com\/index.php\/produkt\/znackovy-austis-eternal-pololesk-akrylatovy-0-35-kg-bila-ral-9003-34357\/#breadcrumb"},"inLanguage":"cs","potentialAction":[{"@type":"ReadAction","target":["https:\/\/www.oknobuild.com\/index.php\/produkt\/znackovy-austis-eternal-pololesk-akrylatovy-0-35-kg-bila-ral-9003-34357\/"]}]},{"@type":"ImageObject","inLanguage":"cs","@id":"https:\/\/www.oknobuild.com\/index.php\/produkt\/znackovy-austis-eternal-pololesk-akrylatovy-0-35-kg-bila-ral-9003-34357\/#primaryimage","url":"https:\/\/www.oknobuild.com\/wp-content\/uploads\/2026\/SK0020319-CZ20260425-092328-0-1777080210-0-35-bil.webp","contentUrl":"https:\/\/www.oknobuild.com\/wp-content\/uploads\/2026\/SK0020319-CZ20260425-092328-0-1777080210-0-35-bil.webp","width":618,"height":700},{"@type":"BreadcrumbList","@id":"https:\/\/www.oknobuild.com\/index.php\/produkt\/znackovy-austis-eternal-pololesk-akrylatovy-0-35-kg-bila-ral-9003-34357\/#breadcrumb","itemListElement":[{"@type":"ListItem","position":1,"name":"Home","item":"https:\/\/www.oknobuild.com\/"},{"@type":"ListItem","position":2,"name":"Products","item":"https:\/\/www.oknobuild.com\/index.php\/products\/"},{"@type":"ListItem","position":3,"name":"Zna\u010dkov\u00fd AUSTIS ETERNAL pololesk akryl\u00e1tov\u00fd 0,35 kg b\u00edl\u00e1 RAL 9003"}]},{"@type":"WebSite","@id":"https:\/\/www.oknobuild.com\/#website","url":"https:\/\/www.oknobuild.com\/","name":"","description":"","potentialAction":[{"@type":"SearchAction","target":{"@type":"EntryPoint","urlTemplate":"https:\/\/www.oknobuild.com\/?s={search_term_string}"},"query-input":{"@type":"PropertyValueSpecification","valueRequired":true,"valueName":"search_term_string"}}],"inLanguage":"cs"}]}},"_links":{"self":[{"href":"https:\/\/www.oknobuild.com\/index.php\/wp-json\/wp\/v2\/product\/34357","targetHints":{"allow":["GET"]}}],"collection":[{"href":"https:\/\/www.oknobuild.com\/index.php\/wp-json\/wp\/v2\/product"}],"about":[{"href":"https:\/\/www.oknobuild.com\/index.php\/wp-json\/wp\/v2\/types\/product"}],"replies":[{"embeddable":true,"href":"https:\/\/www.oknobuild.com\/index.php\/wp-json\/wp\/v2\/comments?post=34357"}],"wp:featuredmedia":[{"embeddable":true,"href":"https:\/\/www.oknobuild.com\/index.php\/wp-json\/wp\/v2\/media\/34457"}],"wp:attachment":[{"href":"https:\/\/www.oknobuild.com\/index.php\/wp-json\/wp\/v2\/media?parent=34357"}],"wp:term":[{"taxonomy":"product_brand","embeddable":true,"href":"https:\/\/www.oknobuild.com\/index.php\/wp-json\/wp\/v2\/product_brand?post=34357"},{"taxonomy":"product_cat","embeddable":true,"href":"https:\/\/www.oknobuild.com\/index.php\/wp-json\/wp\/v2\/product_cat?post=34357"},{"taxonomy":"product_tag","embeddable":true,"href":"https:\/\/www.oknobuild.com\/index.php\/wp-json\/wp\/v2\/product_tag?post=34357"}],"curies":[{"name":"wp","href":"https:\/\/api.w.org\/{rel}","templated":true}]}}