{"id":34381,"date":"2026-04-27T04:42:02","date_gmt":"2026-04-27T04:42:02","guid":{"rendered":""},"modified":"2026-04-27T04:42:02","modified_gmt":"2026-04-27T04:42:02","slug":"akcni-cena-austis-eternal-univerzalni-penetrace-10-kg-34381","status":"publish","type":"product","link":"https:\/\/www.oknobuild.com\/index.php\/produkt\/akcni-cena-austis-eternal-univerzalni-penetrace-10-kg-34381\/","title":{"rendered":"Ak\u010dn\u00ed Cena AUSTIS ETERNAL univerz\u00e1ln\u00ed penetrace 10 kg"},"content":{"rendered":"<table>\n<div class=\"tab-pane active product-description\" id=\"popis\" role=\"tabpanel\">\n<div class=\"short-description\" itemprop=\"description\"><\/div>\n<div class=\"description\">\n<p><span class=\"bullet-line\">univerz\u00e1ln\u00ed penetra\u010dn\u00ed prost\u0159edek pro zpevn\u011bn\u00ed podkladu a zv\u00fd\u0161en\u00ed p\u0159ilnavosti n\u00e1sledn\u011b aplikovan\u00fdch disperzn\u00edch n\u00e1t\u011brov\u00fdch hmot<\/span><\/p>\n<p>\u25ba Pou\u017eit\u00ed<span class=\"bullet-line\">ETERNAL univerz\u00e1ln\u00ed penetrace se pou\u017e\u00edv\u00e1 pro penetraci sav\u00fdch podklad\u016f, jako jsou nap\u0159. pohledov\u00fd beton, miner\u00e1ln\u00ed nebo s\u00e1drov\u00e9 om\u00edtky, s\u00e1drokartonov\u00e9 desky aj., pro zpevn\u011bn\u00ed podkladu a zlep\u0161en\u00ed p\u0159ilnavosti n\u00e1sledn\u00fdch vrstev tmel\u016f, lepidel p\u0159\u00edp. disperzn\u00edch n\u00e1t\u011brov\u00fdch hmot.&nbsp;<\/span><br \/><span class=\"bullet-line\">ETERNAL univerz\u00e1ln\u00ed penetrace nen\u00ed vhodn\u00e1 na vlhk\u00e9 podklady.<\/span><\/p>\n<p>\u25ba Zpracov\u00e1n\u00ed<span class=\"bullet-line\">ETERNAL univerz\u00e1ln\u00ed penetrace se nan\u00e1\u0161\u00ed \u0161t\u011btcem nebo mal\u00ed\u0159skou \u0161t\u011btkou na such\u00fd, \u010dist\u00fd, odma\u0161t\u011bn\u00fd podklad zbaven\u00fd v\u0161ech zbytk\u016f star\u00fdch n\u00e1t\u011br\u016f p\u0159i teplot\u011b okol\u00ed i podkladu v rozmez\u00ed 5 \u00b0C a\u017e 30 \u00b0C.&nbsp;<\/span><br \/><span class=\"bullet-line\">Na takto p\u0159ipraven\u00fd podklad nan\u00e1\u0161\u00edme dal\u0161\u00ed hmoty po zaschnut\u00ed penetrace, tj. cca po 6 hodin\u00e1ch.<\/span><\/p>\n<p>\u25ba Zp\u016fsoby aplikace<span class=\"bullet-line\">\u0161t\u011btcem<\/span><br \/><span class=\"bullet-line\">kulatou \u0161t\u011btkou<\/span><\/p>\n<\/div>\n<div class=\"parameters\">\n<tr>\n<td>Velikost<\/td>\n<td>10<\/td>\n<\/tr>\n<tr>\n<td>Spot\u0159eba<\/td>\n<td>1,50\u20132,00 kg\/m2 (tlou\u0161\u0165ka such\u00e9ho filmu cca 1 mm)<\/td>\n<\/tr><\/div>\n<\/table>\n","protected":false},"excerpt":{"rendered":"<p>univerz\u00e1ln\u00ed penetra\u010dn\u00ed prost\u0159edek pro zpevn\u011bn\u00ed podkladu a zv\u00fd\u0161en\u00ed p\u0159ilnavosti n\u00e1sledn\u011b aplikovan\u00fdch disperzn\u00edch n\u00e1t\u011brov\u00fdch hmot \u25ba Pou\u017eit\u00edETERNAL univerz\u00e1ln\u00ed penetrace se pou\u017e\u00edv\u00e1 pro penetraci sav\u00fdch podklad\u016f, jako jsou nap\u0159. pohledov\u00fd beton, miner\u00e1ln\u00ed nebo s\u00e1drov\u00e9 om\u00edtky, s\u00e1drokartonov\u00e9 desky aj., pro zpevn\u011bn\u00ed podkladu a zlep\u0161en\u00ed p\u0159ilnavosti n\u00e1sledn\u00fdch vrstev tmel\u016f, lepidel p\u0159\u00edp. disperzn\u00edch n\u00e1t\u011brov\u00fdch hmot.&nbsp;ETERNAL univerz\u00e1ln\u00ed penetrace nen\u00ed vhodn\u00e1 na [&hellip;]<\/p>\n","protected":false},"featured_media":34481,"comment_status":"open","ping_status":"open","template":"","meta":[],"product_brand":[],"product_cat":[50,52,51],"product_tag":[],"class_list":{"0":"post-34381","1":"product","2":"type-product","3":"status-publish","4":"has-post-thumbnail","6":"product_cat-barvy","7":"product_cat-chemie","8":"product_cat-laky","10":"first","11":"instock","12":"sale","13":"shipping-taxable","14":"purchasable","15":"product-type-simple"},"yoast_head":"<!-- This site is optimized with the Yoast SEO plugin v26.8 - https:\/\/yoast.com\/product\/yoast-seo-wordpress\/ -->\n<title>Ak\u010dn\u00ed Cena AUSTIS ETERNAL univerz\u00e1ln\u00ed penetrace 10 kg -<\/title>\n<meta name=\"robots\" content=\"index, follow, max-snippet:-1, max-image-preview:large, max-video-preview:-1\" \/>\n<link rel=\"canonical\" href=\"https:\/\/www.oknobuild.com\/index.php\/produkt\/akcni-cena-austis-eternal-univerzalni-penetrace-10-kg-34381\/\" \/>\n<meta property=\"og:locale\" content=\"cs_CZ\" \/>\n<meta property=\"og:type\" content=\"article\" \/>\n<meta property=\"og:title\" content=\"Ak\u010dn\u00ed Cena AUSTIS ETERNAL univerz\u00e1ln\u00ed penetrace 10 kg -\" \/>\n<meta property=\"og:description\" content=\"univerz\u00e1ln\u00ed penetra\u010dn\u00ed prost\u0159edek pro zpevn\u011bn\u00ed podkladu a zv\u00fd\u0161en\u00ed p\u0159ilnavosti n\u00e1sledn\u011b aplikovan\u00fdch disperzn\u00edch n\u00e1t\u011brov\u00fdch hmot \u25ba Pou\u017eit\u00edETERNAL univerz\u00e1ln\u00ed penetrace se pou\u017e\u00edv\u00e1 pro penetraci sav\u00fdch podklad\u016f, jako jsou nap\u0159. pohledov\u00fd beton, miner\u00e1ln\u00ed nebo s\u00e1drov\u00e9 om\u00edtky, s\u00e1drokartonov\u00e9 desky aj., pro zpevn\u011bn\u00ed podkladu a zlep\u0161en\u00ed p\u0159ilnavosti n\u00e1sledn\u00fdch vrstev tmel\u016f, lepidel p\u0159\u00edp. disperzn\u00edch n\u00e1t\u011brov\u00fdch hmot.&nbsp;ETERNAL univerz\u00e1ln\u00ed penetrace nen\u00ed vhodn\u00e1 na [&hellip;]\" \/>\n<meta property=\"og:url\" content=\"https:\/\/www.oknobuild.com\/index.php\/produkt\/akcni-cena-austis-eternal-univerzalni-penetrace-10-kg-34381\/\" \/>\n<meta property=\"og:image\" content=\"https:\/\/www.oknobuild.com\/wp-content\/uploads\/2026\/SK0020343-CZ20260425-092328-0-1777080210-8fb0aa9c678159d79e70095465f29631_1.webp\" \/>\n\t<meta property=\"og:image:width\" content=\"460\" \/>\n\t<meta property=\"og:image:height\" content=\"700\" \/>\n\t<meta property=\"og:image:type\" content=\"image\/webp\" \/>\n<meta name=\"twitter:card\" content=\"summary_large_image\" \/>\n<meta name=\"twitter:label1\" content=\"Odhadovan\u00e1 doba \u010dten\u00ed\" \/>\n\t<meta name=\"twitter:data1\" content=\"1 minuta\" \/>\n<script type=\"application\/ld+json\" class=\"yoast-schema-graph\">{\"@context\":\"https:\/\/schema.org\",\"@graph\":[{\"@type\":\"WebPage\",\"@id\":\"https:\/\/www.oknobuild.com\/index.php\/produkt\/akcni-cena-austis-eternal-univerzalni-penetrace-10-kg-34381\/\",\"url\":\"https:\/\/www.oknobuild.com\/index.php\/produkt\/akcni-cena-austis-eternal-univerzalni-penetrace-10-kg-34381\/\",\"name\":\"Ak\u010dn\u00ed Cena AUSTIS ETERNAL univerz\u00e1ln\u00ed penetrace 10 kg -\",\"isPartOf\":{\"@id\":\"https:\/\/www.oknobuild.com\/#website\"},\"primaryImageOfPage\":{\"@id\":\"https:\/\/www.oknobuild.com\/index.php\/produkt\/akcni-cena-austis-eternal-univerzalni-penetrace-10-kg-34381\/#primaryimage\"},\"image\":{\"@id\":\"https:\/\/www.oknobuild.com\/index.php\/produkt\/akcni-cena-austis-eternal-univerzalni-penetrace-10-kg-34381\/#primaryimage\"},\"thumbnailUrl\":\"https:\/\/www.oknobuild.com\/wp-content\/uploads\/2026\/SK0020343-CZ20260425-092328-0-1777080210-8fb0aa9c678159d79e70095465f29631_1.webp\",\"datePublished\":\"2026-04-27T04:42:02+00:00\",\"breadcrumb\":{\"@id\":\"https:\/\/www.oknobuild.com\/index.php\/produkt\/akcni-cena-austis-eternal-univerzalni-penetrace-10-kg-34381\/#breadcrumb\"},\"inLanguage\":\"cs\",\"potentialAction\":[{\"@type\":\"ReadAction\",\"target\":[\"https:\/\/www.oknobuild.com\/index.php\/produkt\/akcni-cena-austis-eternal-univerzalni-penetrace-10-kg-34381\/\"]}]},{\"@type\":\"ImageObject\",\"inLanguage\":\"cs\",\"@id\":\"https:\/\/www.oknobuild.com\/index.php\/produkt\/akcni-cena-austis-eternal-univerzalni-penetrace-10-kg-34381\/#primaryimage\",\"url\":\"https:\/\/www.oknobuild.com\/wp-content\/uploads\/2026\/SK0020343-CZ20260425-092328-0-1777080210-8fb0aa9c678159d79e70095465f29631_1.webp\",\"contentUrl\":\"https:\/\/www.oknobuild.com\/wp-content\/uploads\/2026\/SK0020343-CZ20260425-092328-0-1777080210-8fb0aa9c678159d79e70095465f29631_1.webp\",\"width\":460,\"height\":700},{\"@type\":\"BreadcrumbList\",\"@id\":\"https:\/\/www.oknobuild.com\/index.php\/produkt\/akcni-cena-austis-eternal-univerzalni-penetrace-10-kg-34381\/#breadcrumb\",\"itemListElement\":[{\"@type\":\"ListItem\",\"position\":1,\"name\":\"Home\",\"item\":\"https:\/\/www.oknobuild.com\/\"},{\"@type\":\"ListItem\",\"position\":2,\"name\":\"Products\",\"item\":\"https:\/\/www.oknobuild.com\/index.php\/products\/\"},{\"@type\":\"ListItem\",\"position\":3,\"name\":\"Ak\u010dn\u00ed Cena AUSTIS ETERNAL univerz\u00e1ln\u00ed penetrace 10 kg\"}]},{\"@type\":\"WebSite\",\"@id\":\"https:\/\/www.oknobuild.com\/#website\",\"url\":\"https:\/\/www.oknobuild.com\/\",\"name\":\"\",\"description\":\"\",\"potentialAction\":[{\"@type\":\"SearchAction\",\"target\":{\"@type\":\"EntryPoint\",\"urlTemplate\":\"https:\/\/www.oknobuild.com\/?s={search_term_string}\"},\"query-input\":{\"@type\":\"PropertyValueSpecification\",\"valueRequired\":true,\"valueName\":\"search_term_string\"}}],\"inLanguage\":\"cs\"}]}<\/script>\n<!-- \/ Yoast SEO plugin. -->","yoast_head_json":{"title":"Ak\u010dn\u00ed Cena AUSTIS ETERNAL univerz\u00e1ln\u00ed penetrace 10 kg -","robots":{"index":"index","follow":"follow","max-snippet":"max-snippet:-1","max-image-preview":"max-image-preview:large","max-video-preview":"max-video-preview:-1"},"canonical":"https:\/\/www.oknobuild.com\/index.php\/produkt\/akcni-cena-austis-eternal-univerzalni-penetrace-10-kg-34381\/","og_locale":"cs_CZ","og_type":"article","og_title":"Ak\u010dn\u00ed Cena AUSTIS ETERNAL univerz\u00e1ln\u00ed penetrace 10 kg -","og_description":"univerz\u00e1ln\u00ed penetra\u010dn\u00ed prost\u0159edek pro zpevn\u011bn\u00ed podkladu a zv\u00fd\u0161en\u00ed p\u0159ilnavosti n\u00e1sledn\u011b aplikovan\u00fdch disperzn\u00edch n\u00e1t\u011brov\u00fdch hmot \u25ba Pou\u017eit\u00edETERNAL univerz\u00e1ln\u00ed penetrace se pou\u017e\u00edv\u00e1 pro penetraci sav\u00fdch podklad\u016f, jako jsou nap\u0159. pohledov\u00fd beton, miner\u00e1ln\u00ed nebo s\u00e1drov\u00e9 om\u00edtky, s\u00e1drokartonov\u00e9 desky aj., pro zpevn\u011bn\u00ed podkladu a zlep\u0161en\u00ed p\u0159ilnavosti n\u00e1sledn\u00fdch vrstev tmel\u016f, lepidel p\u0159\u00edp. disperzn\u00edch n\u00e1t\u011brov\u00fdch hmot.&nbsp;ETERNAL univerz\u00e1ln\u00ed penetrace nen\u00ed vhodn\u00e1 na [&hellip;]","og_url":"https:\/\/www.oknobuild.com\/index.php\/produkt\/akcni-cena-austis-eternal-univerzalni-penetrace-10-kg-34381\/","og_image":[{"width":460,"height":700,"url":"https:\/\/www.oknobuild.com\/wp-content\/uploads\/2026\/SK0020343-CZ20260425-092328-0-1777080210-8fb0aa9c678159d79e70095465f29631_1.webp","type":"image\/webp"}],"twitter_card":"summary_large_image","twitter_misc":{"Odhadovan\u00e1 doba \u010dten\u00ed":"1 minuta"},"schema":{"@context":"https:\/\/schema.org","@graph":[{"@type":"WebPage","@id":"https:\/\/www.oknobuild.com\/index.php\/produkt\/akcni-cena-austis-eternal-univerzalni-penetrace-10-kg-34381\/","url":"https:\/\/www.oknobuild.com\/index.php\/produkt\/akcni-cena-austis-eternal-univerzalni-penetrace-10-kg-34381\/","name":"Ak\u010dn\u00ed Cena AUSTIS ETERNAL univerz\u00e1ln\u00ed penetrace 10 kg -","isPartOf":{"@id":"https:\/\/www.oknobuild.com\/#website"},"primaryImageOfPage":{"@id":"https:\/\/www.oknobuild.com\/index.php\/produkt\/akcni-cena-austis-eternal-univerzalni-penetrace-10-kg-34381\/#primaryimage"},"image":{"@id":"https:\/\/www.oknobuild.com\/index.php\/produkt\/akcni-cena-austis-eternal-univerzalni-penetrace-10-kg-34381\/#primaryimage"},"thumbnailUrl":"https:\/\/www.oknobuild.com\/wp-content\/uploads\/2026\/SK0020343-CZ20260425-092328-0-1777080210-8fb0aa9c678159d79e70095465f29631_1.webp","datePublished":"2026-04-27T04:42:02+00:00","breadcrumb":{"@id":"https:\/\/www.oknobuild.com\/index.php\/produkt\/akcni-cena-austis-eternal-univerzalni-penetrace-10-kg-34381\/#breadcrumb"},"inLanguage":"cs","potentialAction":[{"@type":"ReadAction","target":["https:\/\/www.oknobuild.com\/index.php\/produkt\/akcni-cena-austis-eternal-univerzalni-penetrace-10-kg-34381\/"]}]},{"@type":"ImageObject","inLanguage":"cs","@id":"https:\/\/www.oknobuild.com\/index.php\/produkt\/akcni-cena-austis-eternal-univerzalni-penetrace-10-kg-34381\/#primaryimage","url":"https:\/\/www.oknobuild.com\/wp-content\/uploads\/2026\/SK0020343-CZ20260425-092328-0-1777080210-8fb0aa9c678159d79e70095465f29631_1.webp","contentUrl":"https:\/\/www.oknobuild.com\/wp-content\/uploads\/2026\/SK0020343-CZ20260425-092328-0-1777080210-8fb0aa9c678159d79e70095465f29631_1.webp","width":460,"height":700},{"@type":"BreadcrumbList","@id":"https:\/\/www.oknobuild.com\/index.php\/produkt\/akcni-cena-austis-eternal-univerzalni-penetrace-10-kg-34381\/#breadcrumb","itemListElement":[{"@type":"ListItem","position":1,"name":"Home","item":"https:\/\/www.oknobuild.com\/"},{"@type":"ListItem","position":2,"name":"Products","item":"https:\/\/www.oknobuild.com\/index.php\/products\/"},{"@type":"ListItem","position":3,"name":"Ak\u010dn\u00ed Cena AUSTIS ETERNAL univerz\u00e1ln\u00ed penetrace 10 kg"}]},{"@type":"WebSite","@id":"https:\/\/www.oknobuild.com\/#website","url":"https:\/\/www.oknobuild.com\/","name":"","description":"","potentialAction":[{"@type":"SearchAction","target":{"@type":"EntryPoint","urlTemplate":"https:\/\/www.oknobuild.com\/?s={search_term_string}"},"query-input":{"@type":"PropertyValueSpecification","valueRequired":true,"valueName":"search_term_string"}}],"inLanguage":"cs"}]}},"_links":{"self":[{"href":"https:\/\/www.oknobuild.com\/index.php\/wp-json\/wp\/v2\/product\/34381","targetHints":{"allow":["GET"]}}],"collection":[{"href":"https:\/\/www.oknobuild.com\/index.php\/wp-json\/wp\/v2\/product"}],"about":[{"href":"https:\/\/www.oknobuild.com\/index.php\/wp-json\/wp\/v2\/types\/product"}],"replies":[{"embeddable":true,"href":"https:\/\/www.oknobuild.com\/index.php\/wp-json\/wp\/v2\/comments?post=34381"}],"wp:featuredmedia":[{"embeddable":true,"href":"https:\/\/www.oknobuild.com\/index.php\/wp-json\/wp\/v2\/media\/34481"}],"wp:attachment":[{"href":"https:\/\/www.oknobuild.com\/index.php\/wp-json\/wp\/v2\/media?parent=34381"}],"wp:term":[{"taxonomy":"product_brand","embeddable":true,"href":"https:\/\/www.oknobuild.com\/index.php\/wp-json\/wp\/v2\/product_brand?post=34381"},{"taxonomy":"product_cat","embeddable":true,"href":"https:\/\/www.oknobuild.com\/index.php\/wp-json\/wp\/v2\/product_cat?post=34381"},{"taxonomy":"product_tag","embeddable":true,"href":"https:\/\/www.oknobuild.com\/index.php\/wp-json\/wp\/v2\/product_tag?post=34381"}],"curies":[{"name":"wp","href":"https:\/\/api.w.org\/{rel}","templated":true}]}}