{"id":34389,"date":"2026-04-27T04:42:02","date_gmt":"2026-04-27T04:42:02","guid":{"rendered":""},"modified":"2026-04-27T04:42:02","modified_gmt":"2026-04-27T04:42:02","slug":"znackovy-austis-eternal-lak-na-beton-2-5-kg-novinka-34389","status":"publish","type":"product","link":"https:\/\/www.oknobuild.com\/index.php\/produkt\/znackovy-austis-eternal-lak-na-beton-2-5-kg-novinka-34389\/","title":{"rendered":"Zna\u010dkov\u00fd AUSTIS ETERNAL lak na beton 2,5 kg &#8211; NOVINKA"},"content":{"rendered":"<table>\n<div class=\"tab-pane active product-description\" id=\"popis\" role=\"tabpanel\">\n<div class=\"short-description\" itemprop=\"description\"><\/div>\n<div class=\"description\"><span class='bullet-line'>bezrozpou\u0161t\u011bdlov\u00fd vysokoz\u00e1t\u011b\u017eov\u00fd lak pro impregna\u010dn\u00ed a tenkovrstv\u00e9 n\u00e1t\u011bry miner\u00e1ln\u00edch podklad\u016f v interi\u00e9ru i exteri\u00e9ru.<br \/><\/span><br \/>\u25ba Oblast pou\u017eit\u00ed<span class='bullet-line'>ETERNAL lak na beton je ur\u010den k povrchov\u00e9 \u00faprav\u011b betonov\u00fdch podklad\u016f, mramoru, betonov\u00fdch a kamenn\u00fdch dla\u017edic, obklad\u016f z betonu, p\u0159\u00edrodn\u00edho kamene \u010di teraca. <br \/><\/span><span class='bullet-line'>D\u00edky sv\u00fdm spec\u00e1ln\u00edm vlastnostem je vhodn\u00fd zejm\u00e9na pro m\u00edsta vystaven\u00e1 vysok\u00e9 z\u00e1t\u011b\u017ei, jako jsou skladi\u0161t\u011b, d\u00edlny, v\u00fdstavn\u00ed prostory \u010di prodejny. <br \/><\/span><span class='bullet-line'>ETERNAL lak na beton pronik\u00e1 hluboko do podkladu a po zaschnut\u00ed vytv\u00e1\u0159\u00ed exklusivn\u011b leskl\u00fd, tvrd\u00fd, transparentn\u00ed film s protiskluzn\u00fdmi vlastnostmi, extr\u00e9mn\u00ed chemickou a tepelnou odolnost\u00ed.<br \/><\/span><span class='bullet-line'>O\u0161et\u0159en\u00fd povrch usnad\u0148uje \u00fadr\u017ebu betonov\u00fdch ploch. <br \/><\/span><span class='bullet-line'>Vyzna\u010duje se velmi n\u00edzkou spot\u0159ebou. <br \/><\/span><span class='bullet-line'>P\u0159\u00edpravek je k p\u0159\u00edm\u00e9mu pou\u017eit\u00ed, ne\u0159ed\u00ed se.<br \/><\/span><br \/>\u25ba Zpracov\u00e1n\u00ed<span class='bullet-line'>ETERNAL lak na beton se aplikuje ve 2 vrstv\u00e1ch v dodan\u00e9 konzistenci. <br \/><\/span><span class='bullet-line'>Nen\u00ed \u0159editeln\u00fd vodou! Je mo\u017en\u00e9 ho pou\u017e\u00edt i na ne zcela vyzr\u00e1l\u00fd beton (zr\u00e1n\u00ed cca 7 dn\u00ed). <br \/><\/span><span class='bullet-line'>Podklad v\u0161ak mus\u00ed b\u00fdt such\u00fd, pevn\u00fd, soudr\u017en\u00fd, odma\u0161t\u011bn\u00fd a o\u010di\u0161t\u011bn\u00fd od voln\u00fdch mechanick\u00fdch \u010d\u00e1stic a star\u00fdch n\u00e1t\u011br\u016f. <br \/><\/span><span class='bullet-line'>ETERNAL lak na beton se p\u0159ed aplikac\u00ed d\u016fkladn\u011b prom\u00edch\u00e1 a n\u00e1sledn\u011b se nan\u00e1\u0161\u00ed pomoc\u00ed \u0161t\u011btce \u010di v\u00e1le\u010dku s kr\u00e1tk\u00fdm chlupem (nap\u0159. Velur). <br \/><\/span><span class='bullet-line'>Mo\u017en\u00e1 je i aplikace st\u0159\u00edk\u00e1n\u00edm. <br \/><\/span><span class='bullet-line'>Po zaschnut\u00ed prvn\u00ed vrstvy m\u016f\u017ee film vykazovat nehomogenn\u00ed vzhled, kter\u00fd se v\u0161ak sjednot\u00ed po zaschnut\u00ed druh\u00e9 vrstvy (nan\u00e1\u0161ejte maxim\u00e1ln\u011b 50 g\/m2 na jednu vrstvu) <br \/><\/span><span class='bullet-line'>Tu je nutno nan\u00e9st nejpozd\u011bji do 24 hodin od aplikace prvn\u00edho n\u00e1t\u011bru. <br \/><\/span><span class='bullet-line'>P\u0159i aplikace je nezbytn\u011b nutn\u00e9, aby se n\u00e1t\u011br neaplikoval ve velk\u00e9 tlou\u0161\u0165ce, co\u017e by mohlo m\u00edt za n\u00e1sledek poprask\u00e1n\u00ed filmu. <br \/><\/span><span class='bullet-line'>Zajist\u011bte dostate\u010dn\u00e9 v\u011btr\u00e1n\u00ed p\u0159i aplikaci a nejm\u00e9n\u011b 2 hodiny po ukon\u010den\u00ed nan\u00e1\u0161en\u00ed laku. <br \/><\/span><span class='bullet-line'>N\u00e1\u0159ad\u00ed je nutn\u00e9 ihned po aplikaci um\u00fdt technick\u00fdm benz\u00ednem \u010di jin\u00fdmi rozpou\u0161t\u011bdly na podobn\u00e9 b\u00e1zi. <br \/><\/span><span class='bullet-line'>P\u0159i aplikaci se \u0159i\u010fte \u00fadaji v technick\u00e9m listu v\u00fdrobku.<br \/><\/span><br \/>\u25ba Zp\u016fsoby aplikace<span class='bullet-line'>\u0161t\u011btcem<br \/><\/span><span class='bullet-line'>v\u00e1le\u010dkem<br \/><\/span><span class='bullet-line'>st\u0159\u00edkac\u00ed pistol\u00ed<\/span><\/div>\n<div class=\"parameters\">\n<tr>\n<td>Velikost<\/td>\n<td>2,5<\/td>\n<\/tr>\n<tr>\n<td>Spot\u0159eba<\/td>\n<td>0,08 \u2013 0,12 kg \/m\u00b2 ve dvou vrstv\u00e1ch<\/td>\n<\/tr><\/div>\n<\/table>\n","protected":false},"excerpt":{"rendered":"<p>bezrozpou\u0161t\u011bdlov\u00fd vysokoz\u00e1t\u011b\u017eov\u00fd lak pro impregna\u010dn\u00ed a tenkovrstv\u00e9 n\u00e1t\u011bry miner\u00e1ln\u00edch podklad\u016f v interi\u00e9ru i exteri\u00e9ru.\u25ba Oblast pou\u017eit\u00edETERNAL lak na beton je ur\u010den k povrchov\u00e9 \u00faprav\u011b betonov\u00fdch podklad\u016f, mramoru, betonov\u00fdch a kamenn\u00fdch dla\u017edic, obklad\u016f z betonu, p\u0159\u00edrodn\u00edho kamene \u010di teraca. D\u00edky sv\u00fdm spec\u00e1ln\u00edm vlastnostem je vhodn\u00fd zejm\u00e9na pro m\u00edsta vystaven\u00e1 vysok\u00e9 z\u00e1t\u011b\u017ei, jako jsou skladi\u0161t\u011b, d\u00edlny, v\u00fdstavn\u00ed [&hellip;]<\/p>\n","protected":false},"featured_media":34489,"comment_status":"open","ping_status":"open","template":"","meta":[],"product_brand":[],"product_cat":[50,52,51],"product_tag":[],"class_list":{"0":"post-34389","1":"product","2":"type-product","3":"status-publish","4":"has-post-thumbnail","6":"product_cat-barvy","7":"product_cat-chemie","8":"product_cat-laky","10":"first","11":"instock","12":"sale","13":"shipping-taxable","14":"purchasable","15":"product-type-simple"},"yoast_head":"<!-- This site is optimized with the Yoast SEO plugin v26.8 - https:\/\/yoast.com\/product\/yoast-seo-wordpress\/ -->\n<title>Zna\u010dkov\u00fd AUSTIS ETERNAL lak na beton 2,5 kg - NOVINKA -<\/title>\n<meta name=\"robots\" content=\"index, follow, max-snippet:-1, max-image-preview:large, max-video-preview:-1\" \/>\n<link rel=\"canonical\" href=\"https:\/\/www.oknobuild.com\/index.php\/produkt\/znackovy-austis-eternal-lak-na-beton-2-5-kg-novinka-34389\/\" \/>\n<meta property=\"og:locale\" content=\"cs_CZ\" \/>\n<meta property=\"og:type\" content=\"article\" \/>\n<meta property=\"og:title\" content=\"Zna\u010dkov\u00fd AUSTIS ETERNAL lak na beton 2,5 kg - NOVINKA -\" \/>\n<meta property=\"og:description\" content=\"bezrozpou\u0161t\u011bdlov\u00fd vysokoz\u00e1t\u011b\u017eov\u00fd lak pro impregna\u010dn\u00ed a tenkovrstv\u00e9 n\u00e1t\u011bry miner\u00e1ln\u00edch podklad\u016f v interi\u00e9ru i exteri\u00e9ru.\u25ba Oblast pou\u017eit\u00edETERNAL lak na beton je ur\u010den k povrchov\u00e9 \u00faprav\u011b betonov\u00fdch podklad\u016f, mramoru, betonov\u00fdch a kamenn\u00fdch dla\u017edic, obklad\u016f z betonu, p\u0159\u00edrodn\u00edho kamene \u010di teraca. D\u00edky sv\u00fdm spec\u00e1ln\u00edm vlastnostem je vhodn\u00fd zejm\u00e9na pro m\u00edsta vystaven\u00e1 vysok\u00e9 z\u00e1t\u011b\u017ei, jako jsou skladi\u0161t\u011b, d\u00edlny, v\u00fdstavn\u00ed [&hellip;]\" \/>\n<meta property=\"og:url\" content=\"https:\/\/www.oknobuild.com\/index.php\/produkt\/znackovy-austis-eternal-lak-na-beton-2-5-kg-novinka-34389\/\" \/>\n<meta property=\"og:image\" content=\"https:\/\/www.oknobuild.com\/wp-content\/uploads\/2026\/SK0020351-CZ20260425-092328-0-1777080210-e5550f4de6ad293f221603a12992848c-et-lak-na-beton-web.webp\" \/>\n\t<meta property=\"og:image:width\" content=\"1000\" \/>\n\t<meta property=\"og:image:height\" content=\"665\" \/>\n\t<meta property=\"og:image:type\" content=\"image\/webp\" \/>\n<meta name=\"twitter:card\" content=\"summary_large_image\" \/>\n<meta name=\"twitter:label1\" content=\"Odhadovan\u00e1 doba \u010dten\u00ed\" \/>\n\t<meta name=\"twitter:data1\" content=\"2 minuty\" \/>\n<script type=\"application\/ld+json\" class=\"yoast-schema-graph\">{\"@context\":\"https:\/\/schema.org\",\"@graph\":[{\"@type\":\"WebPage\",\"@id\":\"https:\/\/www.oknobuild.com\/index.php\/produkt\/znackovy-austis-eternal-lak-na-beton-2-5-kg-novinka-34389\/\",\"url\":\"https:\/\/www.oknobuild.com\/index.php\/produkt\/znackovy-austis-eternal-lak-na-beton-2-5-kg-novinka-34389\/\",\"name\":\"Zna\u010dkov\u00fd AUSTIS ETERNAL lak na beton 2,5 kg - NOVINKA -\",\"isPartOf\":{\"@id\":\"https:\/\/www.oknobuild.com\/#website\"},\"primaryImageOfPage\":{\"@id\":\"https:\/\/www.oknobuild.com\/index.php\/produkt\/znackovy-austis-eternal-lak-na-beton-2-5-kg-novinka-34389\/#primaryimage\"},\"image\":{\"@id\":\"https:\/\/www.oknobuild.com\/index.php\/produkt\/znackovy-austis-eternal-lak-na-beton-2-5-kg-novinka-34389\/#primaryimage\"},\"thumbnailUrl\":\"https:\/\/www.oknobuild.com\/wp-content\/uploads\/2026\/SK0020351-CZ20260425-092328-0-1777080210-e5550f4de6ad293f221603a12992848c-et-lak-na-beton-web.webp\",\"datePublished\":\"2026-04-27T04:42:02+00:00\",\"breadcrumb\":{\"@id\":\"https:\/\/www.oknobuild.com\/index.php\/produkt\/znackovy-austis-eternal-lak-na-beton-2-5-kg-novinka-34389\/#breadcrumb\"},\"inLanguage\":\"cs\",\"potentialAction\":[{\"@type\":\"ReadAction\",\"target\":[\"https:\/\/www.oknobuild.com\/index.php\/produkt\/znackovy-austis-eternal-lak-na-beton-2-5-kg-novinka-34389\/\"]}]},{\"@type\":\"ImageObject\",\"inLanguage\":\"cs\",\"@id\":\"https:\/\/www.oknobuild.com\/index.php\/produkt\/znackovy-austis-eternal-lak-na-beton-2-5-kg-novinka-34389\/#primaryimage\",\"url\":\"https:\/\/www.oknobuild.com\/wp-content\/uploads\/2026\/SK0020351-CZ20260425-092328-0-1777080210-e5550f4de6ad293f221603a12992848c-et-lak-na-beton-web.webp\",\"contentUrl\":\"https:\/\/www.oknobuild.com\/wp-content\/uploads\/2026\/SK0020351-CZ20260425-092328-0-1777080210-e5550f4de6ad293f221603a12992848c-et-lak-na-beton-web.webp\",\"width\":1000,\"height\":665},{\"@type\":\"BreadcrumbList\",\"@id\":\"https:\/\/www.oknobuild.com\/index.php\/produkt\/znackovy-austis-eternal-lak-na-beton-2-5-kg-novinka-34389\/#breadcrumb\",\"itemListElement\":[{\"@type\":\"ListItem\",\"position\":1,\"name\":\"Home\",\"item\":\"https:\/\/www.oknobuild.com\/\"},{\"@type\":\"ListItem\",\"position\":2,\"name\":\"Products\",\"item\":\"https:\/\/www.oknobuild.com\/index.php\/products\/\"},{\"@type\":\"ListItem\",\"position\":3,\"name\":\"Zna\u010dkov\u00fd AUSTIS ETERNAL lak na beton 2,5 kg &#8211; NOVINKA\"}]},{\"@type\":\"WebSite\",\"@id\":\"https:\/\/www.oknobuild.com\/#website\",\"url\":\"https:\/\/www.oknobuild.com\/\",\"name\":\"\",\"description\":\"\",\"potentialAction\":[{\"@type\":\"SearchAction\",\"target\":{\"@type\":\"EntryPoint\",\"urlTemplate\":\"https:\/\/www.oknobuild.com\/?s={search_term_string}\"},\"query-input\":{\"@type\":\"PropertyValueSpecification\",\"valueRequired\":true,\"valueName\":\"search_term_string\"}}],\"inLanguage\":\"cs\"}]}<\/script>\n<!-- \/ Yoast SEO plugin. -->","yoast_head_json":{"title":"Zna\u010dkov\u00fd AUSTIS ETERNAL lak na beton 2,5 kg - NOVINKA -","robots":{"index":"index","follow":"follow","max-snippet":"max-snippet:-1","max-image-preview":"max-image-preview:large","max-video-preview":"max-video-preview:-1"},"canonical":"https:\/\/www.oknobuild.com\/index.php\/produkt\/znackovy-austis-eternal-lak-na-beton-2-5-kg-novinka-34389\/","og_locale":"cs_CZ","og_type":"article","og_title":"Zna\u010dkov\u00fd AUSTIS ETERNAL lak na beton 2,5 kg - NOVINKA -","og_description":"bezrozpou\u0161t\u011bdlov\u00fd vysokoz\u00e1t\u011b\u017eov\u00fd lak pro impregna\u010dn\u00ed a tenkovrstv\u00e9 n\u00e1t\u011bry miner\u00e1ln\u00edch podklad\u016f v interi\u00e9ru i exteri\u00e9ru.\u25ba Oblast pou\u017eit\u00edETERNAL lak na beton je ur\u010den k povrchov\u00e9 \u00faprav\u011b betonov\u00fdch podklad\u016f, mramoru, betonov\u00fdch a kamenn\u00fdch dla\u017edic, obklad\u016f z betonu, p\u0159\u00edrodn\u00edho kamene \u010di teraca. D\u00edky sv\u00fdm spec\u00e1ln\u00edm vlastnostem je vhodn\u00fd zejm\u00e9na pro m\u00edsta vystaven\u00e1 vysok\u00e9 z\u00e1t\u011b\u017ei, jako jsou skladi\u0161t\u011b, d\u00edlny, v\u00fdstavn\u00ed [&hellip;]","og_url":"https:\/\/www.oknobuild.com\/index.php\/produkt\/znackovy-austis-eternal-lak-na-beton-2-5-kg-novinka-34389\/","og_image":[{"width":1000,"height":665,"url":"https:\/\/www.oknobuild.com\/wp-content\/uploads\/2026\/SK0020351-CZ20260425-092328-0-1777080210-e5550f4de6ad293f221603a12992848c-et-lak-na-beton-web.webp","type":"image\/webp"}],"twitter_card":"summary_large_image","twitter_misc":{"Odhadovan\u00e1 doba \u010dten\u00ed":"2 minuty"},"schema":{"@context":"https:\/\/schema.org","@graph":[{"@type":"WebPage","@id":"https:\/\/www.oknobuild.com\/index.php\/produkt\/znackovy-austis-eternal-lak-na-beton-2-5-kg-novinka-34389\/","url":"https:\/\/www.oknobuild.com\/index.php\/produkt\/znackovy-austis-eternal-lak-na-beton-2-5-kg-novinka-34389\/","name":"Zna\u010dkov\u00fd AUSTIS ETERNAL lak na beton 2,5 kg - NOVINKA -","isPartOf":{"@id":"https:\/\/www.oknobuild.com\/#website"},"primaryImageOfPage":{"@id":"https:\/\/www.oknobuild.com\/index.php\/produkt\/znackovy-austis-eternal-lak-na-beton-2-5-kg-novinka-34389\/#primaryimage"},"image":{"@id":"https:\/\/www.oknobuild.com\/index.php\/produkt\/znackovy-austis-eternal-lak-na-beton-2-5-kg-novinka-34389\/#primaryimage"},"thumbnailUrl":"https:\/\/www.oknobuild.com\/wp-content\/uploads\/2026\/SK0020351-CZ20260425-092328-0-1777080210-e5550f4de6ad293f221603a12992848c-et-lak-na-beton-web.webp","datePublished":"2026-04-27T04:42:02+00:00","breadcrumb":{"@id":"https:\/\/www.oknobuild.com\/index.php\/produkt\/znackovy-austis-eternal-lak-na-beton-2-5-kg-novinka-34389\/#breadcrumb"},"inLanguage":"cs","potentialAction":[{"@type":"ReadAction","target":["https:\/\/www.oknobuild.com\/index.php\/produkt\/znackovy-austis-eternal-lak-na-beton-2-5-kg-novinka-34389\/"]}]},{"@type":"ImageObject","inLanguage":"cs","@id":"https:\/\/www.oknobuild.com\/index.php\/produkt\/znackovy-austis-eternal-lak-na-beton-2-5-kg-novinka-34389\/#primaryimage","url":"https:\/\/www.oknobuild.com\/wp-content\/uploads\/2026\/SK0020351-CZ20260425-092328-0-1777080210-e5550f4de6ad293f221603a12992848c-et-lak-na-beton-web.webp","contentUrl":"https:\/\/www.oknobuild.com\/wp-content\/uploads\/2026\/SK0020351-CZ20260425-092328-0-1777080210-e5550f4de6ad293f221603a12992848c-et-lak-na-beton-web.webp","width":1000,"height":665},{"@type":"BreadcrumbList","@id":"https:\/\/www.oknobuild.com\/index.php\/produkt\/znackovy-austis-eternal-lak-na-beton-2-5-kg-novinka-34389\/#breadcrumb","itemListElement":[{"@type":"ListItem","position":1,"name":"Home","item":"https:\/\/www.oknobuild.com\/"},{"@type":"ListItem","position":2,"name":"Products","item":"https:\/\/www.oknobuild.com\/index.php\/products\/"},{"@type":"ListItem","position":3,"name":"Zna\u010dkov\u00fd AUSTIS ETERNAL lak na beton 2,5 kg &#8211; NOVINKA"}]},{"@type":"WebSite","@id":"https:\/\/www.oknobuild.com\/#website","url":"https:\/\/www.oknobuild.com\/","name":"","description":"","potentialAction":[{"@type":"SearchAction","target":{"@type":"EntryPoint","urlTemplate":"https:\/\/www.oknobuild.com\/?s={search_term_string}"},"query-input":{"@type":"PropertyValueSpecification","valueRequired":true,"valueName":"search_term_string"}}],"inLanguage":"cs"}]}},"_links":{"self":[{"href":"https:\/\/www.oknobuild.com\/index.php\/wp-json\/wp\/v2\/product\/34389","targetHints":{"allow":["GET"]}}],"collection":[{"href":"https:\/\/www.oknobuild.com\/index.php\/wp-json\/wp\/v2\/product"}],"about":[{"href":"https:\/\/www.oknobuild.com\/index.php\/wp-json\/wp\/v2\/types\/product"}],"replies":[{"embeddable":true,"href":"https:\/\/www.oknobuild.com\/index.php\/wp-json\/wp\/v2\/comments?post=34389"}],"wp:featuredmedia":[{"embeddable":true,"href":"https:\/\/www.oknobuild.com\/index.php\/wp-json\/wp\/v2\/media\/34489"}],"wp:attachment":[{"href":"https:\/\/www.oknobuild.com\/index.php\/wp-json\/wp\/v2\/media?parent=34389"}],"wp:term":[{"taxonomy":"product_brand","embeddable":true,"href":"https:\/\/www.oknobuild.com\/index.php\/wp-json\/wp\/v2\/product_brand?post=34389"},{"taxonomy":"product_cat","embeddable":true,"href":"https:\/\/www.oknobuild.com\/index.php\/wp-json\/wp\/v2\/product_cat?post=34389"},{"taxonomy":"product_tag","embeddable":true,"href":"https:\/\/www.oknobuild.com\/index.php\/wp-json\/wp\/v2\/product_tag?post=34389"}],"curies":[{"name":"wp","href":"https:\/\/api.w.org\/{rel}","templated":true}]}}