{"id":34519,"date":"2026-04-27T04:42:03","date_gmt":"2026-04-27T04:42:03","guid":{"rendered":""},"modified":"2026-04-27T04:42:03","modified_gmt":"2026-04-27T04:42:03","slug":"akce-austis-forte-opravny-beton-12-5-kg-34519","status":"publish","type":"product","link":"https:\/\/www.oknobuild.com\/index.php\/produkt\/akce-austis-forte-opravny-beton-12-5-kg-34519\/","title":{"rendered":"Akce AUSTIS FORTE opravn\u00fd beton 12,5 kg"},"content":{"rendered":"<table>\n<div class=\"tab-pane active product-description\" id=\"popis\" role=\"tabpanel\">\n<div class=\"short-description\" itemprop=\"description\"><\/div>\n<div class=\"description\">\n<p><span class=\"bullet-line\">rychle tvrdnouc\u00ed hmota pro drobn\u00e9 beton\u00e1\u0159sk\u00e9 pr\u00e1ce a opravy betonu<\/span><\/p>\n<p>\u25ba Oblast pou\u017eit\u00ed<span class=\"bullet-line\">FORTE opravn\u00fd beton je ur\u010den pro drobn\u00e9 beton\u00e1\u0159sk\u00e9 pr\u00e1ce v interi\u00e9ru i exteri\u00e9ru, opravy betonu, kotven\u00ed, vypln\u011bn\u00ed v\u00fdtluk\u016f a opravy vodorovn\u00fdch ploch, kter\u00e9 mus\u00ed b\u00fdt po kr\u00e1tk\u00e9 dob\u011b zat\u00ed\u017eiteln\u00e9.&nbsp;<\/span><br \/><span class=\"bullet-line\">Umo\u017e\u0148uje rychl\u00e9 vyspr\u00e1vky konstrukc\u00ed a podlah balk\u00f3n\u016f p\u0159ed hydroizolac\u00ed hmotami FORTE BAK, FORTISOL, FORTISOL 1K.&nbsp;<\/span><br \/><span class=\"bullet-line\">Proveden\u00e9 opravy jsou pochoz\u00ed ji\u017e po 2 hodin\u00e1ch.&nbsp;<\/span><br \/><span class=\"bullet-line\">Vyzna\u010duje se rychl\u00fdm tuhnut\u00edm a tvrdnut\u00edm, vysokou p\u0159\u00eddr\u017enost\u00ed k podkladu, pevnost\u00ed, odolnost\u00ed mrazu a v\u00fdbornou zpracovatelnost\u00ed.&nbsp;<\/span><br \/><span class=\"bullet-line\">FORTE opravn\u00fd beton nen\u00ed vhodn\u00fd na \u017eivi\u010dn\u00e9 podklady, d\u0159evo, plasty a kovy.<\/span><\/p>\n<p>\u25ba Zpracov\u00e1n\u00ed<span class=\"bullet-line\">M\u00edsen\u00edm such\u00e9 sm\u011bsi FORTE opravn\u00fd beton s \u010distou studenou vodou vznikne lehce zpracovateln\u00e1 hmota.&nbsp;<\/span><br \/><span class=\"bullet-line\">Tato hmota se nan\u00e1\u0161\u00ed ve vrstv\u011b tlou\u0161\u0165ky 2- 50 mm na pevn\u00fd, \u010dist\u00fd podklad opat\u0159en\u00fd adhezn\u00edm m\u016fstkem, p\u0159ipraven\u00fd ze stejn\u00e9 sm\u011bsi.&nbsp;<\/span><br \/><span class=\"bullet-line\">Pro v\u011bt\u0161\u00ed tlou\u0161\u0165ky vrstev a beton\u00e1\u0159sk\u00e9 pr\u00e1ce se do rozm\u00edchan\u00e9 sm\u011bsi p\u0159id\u00e1v\u00e1 \u0161t\u011brk zrnitosti 4-8 mm.&nbsp;<\/span><br \/><span class=\"bullet-line\">Doba zpracovatelnosti p\u0159ipraven\u00e9 hmoty je cca 30 minut p\u0159i 20\u00b0C.&nbsp;<\/span><br \/><span class=\"bullet-line\">Po cca 2 hodin\u00e1ch je \u00faprava pochoz\u00ed.&nbsp;<\/span><br \/><span class=\"bullet-line\">Hmotu je mo\u017en\u00e9 zpracov\u00e1vat p\u0159i teplot\u011b podkladu a prost\u0159ed\u00ed v rozmez\u00ed 5\u00b0C-25 \u00b0C.<\/span><\/p>\n<p>\u25ba Zp\u016fsoby aplikace<span class=\"bullet-line\">hlad\u00edtka<\/span><\/p>\n<\/div>\n<div class=\"parameters\">\n<tr>\n<td>Velikost<\/td>\n<td>12,5<\/td>\n<\/tr>\n<tr>\n<td>Spot\u0159eba<\/td>\n<td>16 kg such\u00e9 sm\u011bsi na 1 m2 p\u0159i tlou\u0161\u0165ce vrstvy 1 cm<\/td>\n<\/tr><\/div>\n<\/table>\n","protected":false},"excerpt":{"rendered":"<p>rychle tvrdnouc\u00ed hmota pro drobn\u00e9 beton\u00e1\u0159sk\u00e9 pr\u00e1ce a opravy betonu \u25ba Oblast pou\u017eit\u00edFORTE opravn\u00fd beton je ur\u010den pro drobn\u00e9 beton\u00e1\u0159sk\u00e9 pr\u00e1ce v interi\u00e9ru i exteri\u00e9ru, opravy betonu, kotven\u00ed, vypln\u011bn\u00ed v\u00fdtluk\u016f a opravy vodorovn\u00fdch ploch, kter\u00e9 mus\u00ed b\u00fdt po kr\u00e1tk\u00e9 dob\u011b zat\u00ed\u017eiteln\u00e9.&nbsp;Umo\u017e\u0148uje rychl\u00e9 vyspr\u00e1vky konstrukc\u00ed a podlah balk\u00f3n\u016f p\u0159ed hydroizolac\u00ed hmotami FORTE BAK, FORTISOL, FORTISOL 1K.&nbsp;Proveden\u00e9 [&hellip;]<\/p>\n","protected":false},"featured_media":34619,"comment_status":"open","ping_status":"open","template":"","meta":[],"product_brand":[],"product_cat":[50,52,51],"product_tag":[],"class_list":{"0":"post-34519","1":"product","2":"type-product","3":"status-publish","4":"has-post-thumbnail","6":"product_cat-barvy","7":"product_cat-chemie","8":"product_cat-laky","10":"first","11":"instock","12":"sale","13":"shipping-taxable","14":"purchasable","15":"product-type-simple"},"yoast_head":"<!-- This site is optimized with the Yoast SEO plugin v26.8 - https:\/\/yoast.com\/product\/yoast-seo-wordpress\/ -->\n<title>Akce AUSTIS FORTE opravn\u00fd beton 12,5 kg -<\/title>\n<meta name=\"robots\" content=\"index, follow, max-snippet:-1, max-image-preview:large, max-video-preview:-1\" \/>\n<link rel=\"canonical\" href=\"https:\/\/www.oknobuild.com\/index.php\/produkt\/akce-austis-forte-opravny-beton-12-5-kg-34519\/\" \/>\n<meta property=\"og:locale\" content=\"cs_CZ\" \/>\n<meta property=\"og:type\" content=\"article\" \/>\n<meta property=\"og:title\" content=\"Akce AUSTIS FORTE opravn\u00fd beton 12,5 kg -\" \/>\n<meta property=\"og:description\" content=\"rychle tvrdnouc\u00ed hmota pro drobn\u00e9 beton\u00e1\u0159sk\u00e9 pr\u00e1ce a opravy betonu \u25ba Oblast pou\u017eit\u00edFORTE opravn\u00fd beton je ur\u010den pro drobn\u00e9 beton\u00e1\u0159sk\u00e9 pr\u00e1ce v interi\u00e9ru i exteri\u00e9ru, opravy betonu, kotven\u00ed, vypln\u011bn\u00ed v\u00fdtluk\u016f a opravy vodorovn\u00fdch ploch, kter\u00e9 mus\u00ed b\u00fdt po kr\u00e1tk\u00e9 dob\u011b zat\u00ed\u017eiteln\u00e9.&nbsp;Umo\u017e\u0148uje rychl\u00e9 vyspr\u00e1vky konstrukc\u00ed a podlah balk\u00f3n\u016f p\u0159ed hydroizolac\u00ed hmotami FORTE BAK, FORTISOL, FORTISOL 1K.&nbsp;Proveden\u00e9 [&hellip;]\" \/>\n<meta property=\"og:url\" content=\"https:\/\/www.oknobuild.com\/index.php\/produkt\/akce-austis-forte-opravny-beton-12-5-kg-34519\/\" \/>\n<meta property=\"og:image\" content=\"https:\/\/www.oknobuild.com\/wp-content\/uploads\/2026\/SK0020381-CZ20260425-092328-0-1777080210-6561344fbcee9e3b5589e07732197145.webp\" \/>\n\t<meta property=\"og:image:width\" content=\"418\" \/>\n\t<meta property=\"og:image:height\" content=\"600\" \/>\n\t<meta property=\"og:image:type\" content=\"image\/webp\" \/>\n<meta name=\"twitter:card\" content=\"summary_large_image\" \/>\n<meta name=\"twitter:label1\" content=\"Odhadovan\u00e1 doba \u010dten\u00ed\" \/>\n\t<meta name=\"twitter:data1\" content=\"1 minuta\" \/>\n<script type=\"application\/ld+json\" class=\"yoast-schema-graph\">{\"@context\":\"https:\/\/schema.org\",\"@graph\":[{\"@type\":\"WebPage\",\"@id\":\"https:\/\/www.oknobuild.com\/index.php\/produkt\/akce-austis-forte-opravny-beton-12-5-kg-34519\/\",\"url\":\"https:\/\/www.oknobuild.com\/index.php\/produkt\/akce-austis-forte-opravny-beton-12-5-kg-34519\/\",\"name\":\"Akce AUSTIS FORTE opravn\u00fd beton 12,5 kg -\",\"isPartOf\":{\"@id\":\"https:\/\/www.oknobuild.com\/#website\"},\"primaryImageOfPage\":{\"@id\":\"https:\/\/www.oknobuild.com\/index.php\/produkt\/akce-austis-forte-opravny-beton-12-5-kg-34519\/#primaryimage\"},\"image\":{\"@id\":\"https:\/\/www.oknobuild.com\/index.php\/produkt\/akce-austis-forte-opravny-beton-12-5-kg-34519\/#primaryimage\"},\"thumbnailUrl\":\"https:\/\/www.oknobuild.com\/wp-content\/uploads\/2026\/SK0020381-CZ20260425-092328-0-1777080210-6561344fbcee9e3b5589e07732197145.webp\",\"datePublished\":\"2026-04-27T04:42:03+00:00\",\"breadcrumb\":{\"@id\":\"https:\/\/www.oknobuild.com\/index.php\/produkt\/akce-austis-forte-opravny-beton-12-5-kg-34519\/#breadcrumb\"},\"inLanguage\":\"cs\",\"potentialAction\":[{\"@type\":\"ReadAction\",\"target\":[\"https:\/\/www.oknobuild.com\/index.php\/produkt\/akce-austis-forte-opravny-beton-12-5-kg-34519\/\"]}]},{\"@type\":\"ImageObject\",\"inLanguage\":\"cs\",\"@id\":\"https:\/\/www.oknobuild.com\/index.php\/produkt\/akce-austis-forte-opravny-beton-12-5-kg-34519\/#primaryimage\",\"url\":\"https:\/\/www.oknobuild.com\/wp-content\/uploads\/2026\/SK0020381-CZ20260425-092328-0-1777080210-6561344fbcee9e3b5589e07732197145.webp\",\"contentUrl\":\"https:\/\/www.oknobuild.com\/wp-content\/uploads\/2026\/SK0020381-CZ20260425-092328-0-1777080210-6561344fbcee9e3b5589e07732197145.webp\",\"width\":418,\"height\":600},{\"@type\":\"BreadcrumbList\",\"@id\":\"https:\/\/www.oknobuild.com\/index.php\/produkt\/akce-austis-forte-opravny-beton-12-5-kg-34519\/#breadcrumb\",\"itemListElement\":[{\"@type\":\"ListItem\",\"position\":1,\"name\":\"Home\",\"item\":\"https:\/\/www.oknobuild.com\/\"},{\"@type\":\"ListItem\",\"position\":2,\"name\":\"Products\",\"item\":\"https:\/\/www.oknobuild.com\/index.php\/products\/\"},{\"@type\":\"ListItem\",\"position\":3,\"name\":\"Akce AUSTIS FORTE opravn\u00fd beton 12,5 kg\"}]},{\"@type\":\"WebSite\",\"@id\":\"https:\/\/www.oknobuild.com\/#website\",\"url\":\"https:\/\/www.oknobuild.com\/\",\"name\":\"\",\"description\":\"\",\"potentialAction\":[{\"@type\":\"SearchAction\",\"target\":{\"@type\":\"EntryPoint\",\"urlTemplate\":\"https:\/\/www.oknobuild.com\/?s={search_term_string}\"},\"query-input\":{\"@type\":\"PropertyValueSpecification\",\"valueRequired\":true,\"valueName\":\"search_term_string\"}}],\"inLanguage\":\"cs\"}]}<\/script>\n<!-- \/ Yoast SEO plugin. -->","yoast_head_json":{"title":"Akce AUSTIS FORTE opravn\u00fd beton 12,5 kg -","robots":{"index":"index","follow":"follow","max-snippet":"max-snippet:-1","max-image-preview":"max-image-preview:large","max-video-preview":"max-video-preview:-1"},"canonical":"https:\/\/www.oknobuild.com\/index.php\/produkt\/akce-austis-forte-opravny-beton-12-5-kg-34519\/","og_locale":"cs_CZ","og_type":"article","og_title":"Akce AUSTIS FORTE opravn\u00fd beton 12,5 kg -","og_description":"rychle tvrdnouc\u00ed hmota pro drobn\u00e9 beton\u00e1\u0159sk\u00e9 pr\u00e1ce a opravy betonu \u25ba Oblast pou\u017eit\u00edFORTE opravn\u00fd beton je ur\u010den pro drobn\u00e9 beton\u00e1\u0159sk\u00e9 pr\u00e1ce v interi\u00e9ru i exteri\u00e9ru, opravy betonu, kotven\u00ed, vypln\u011bn\u00ed v\u00fdtluk\u016f a opravy vodorovn\u00fdch ploch, kter\u00e9 mus\u00ed b\u00fdt po kr\u00e1tk\u00e9 dob\u011b zat\u00ed\u017eiteln\u00e9.&nbsp;Umo\u017e\u0148uje rychl\u00e9 vyspr\u00e1vky konstrukc\u00ed a podlah balk\u00f3n\u016f p\u0159ed hydroizolac\u00ed hmotami FORTE BAK, FORTISOL, FORTISOL 1K.&nbsp;Proveden\u00e9 [&hellip;]","og_url":"https:\/\/www.oknobuild.com\/index.php\/produkt\/akce-austis-forte-opravny-beton-12-5-kg-34519\/","og_image":[{"width":418,"height":600,"url":"https:\/\/www.oknobuild.com\/wp-content\/uploads\/2026\/SK0020381-CZ20260425-092328-0-1777080210-6561344fbcee9e3b5589e07732197145.webp","type":"image\/webp"}],"twitter_card":"summary_large_image","twitter_misc":{"Odhadovan\u00e1 doba \u010dten\u00ed":"1 minuta"},"schema":{"@context":"https:\/\/schema.org","@graph":[{"@type":"WebPage","@id":"https:\/\/www.oknobuild.com\/index.php\/produkt\/akce-austis-forte-opravny-beton-12-5-kg-34519\/","url":"https:\/\/www.oknobuild.com\/index.php\/produkt\/akce-austis-forte-opravny-beton-12-5-kg-34519\/","name":"Akce AUSTIS FORTE opravn\u00fd beton 12,5 kg -","isPartOf":{"@id":"https:\/\/www.oknobuild.com\/#website"},"primaryImageOfPage":{"@id":"https:\/\/www.oknobuild.com\/index.php\/produkt\/akce-austis-forte-opravny-beton-12-5-kg-34519\/#primaryimage"},"image":{"@id":"https:\/\/www.oknobuild.com\/index.php\/produkt\/akce-austis-forte-opravny-beton-12-5-kg-34519\/#primaryimage"},"thumbnailUrl":"https:\/\/www.oknobuild.com\/wp-content\/uploads\/2026\/SK0020381-CZ20260425-092328-0-1777080210-6561344fbcee9e3b5589e07732197145.webp","datePublished":"2026-04-27T04:42:03+00:00","breadcrumb":{"@id":"https:\/\/www.oknobuild.com\/index.php\/produkt\/akce-austis-forte-opravny-beton-12-5-kg-34519\/#breadcrumb"},"inLanguage":"cs","potentialAction":[{"@type":"ReadAction","target":["https:\/\/www.oknobuild.com\/index.php\/produkt\/akce-austis-forte-opravny-beton-12-5-kg-34519\/"]}]},{"@type":"ImageObject","inLanguage":"cs","@id":"https:\/\/www.oknobuild.com\/index.php\/produkt\/akce-austis-forte-opravny-beton-12-5-kg-34519\/#primaryimage","url":"https:\/\/www.oknobuild.com\/wp-content\/uploads\/2026\/SK0020381-CZ20260425-092328-0-1777080210-6561344fbcee9e3b5589e07732197145.webp","contentUrl":"https:\/\/www.oknobuild.com\/wp-content\/uploads\/2026\/SK0020381-CZ20260425-092328-0-1777080210-6561344fbcee9e3b5589e07732197145.webp","width":418,"height":600},{"@type":"BreadcrumbList","@id":"https:\/\/www.oknobuild.com\/index.php\/produkt\/akce-austis-forte-opravny-beton-12-5-kg-34519\/#breadcrumb","itemListElement":[{"@type":"ListItem","position":1,"name":"Home","item":"https:\/\/www.oknobuild.com\/"},{"@type":"ListItem","position":2,"name":"Products","item":"https:\/\/www.oknobuild.com\/index.php\/products\/"},{"@type":"ListItem","position":3,"name":"Akce AUSTIS FORTE opravn\u00fd beton 12,5 kg"}]},{"@type":"WebSite","@id":"https:\/\/www.oknobuild.com\/#website","url":"https:\/\/www.oknobuild.com\/","name":"","description":"","potentialAction":[{"@type":"SearchAction","target":{"@type":"EntryPoint","urlTemplate":"https:\/\/www.oknobuild.com\/?s={search_term_string}"},"query-input":{"@type":"PropertyValueSpecification","valueRequired":true,"valueName":"search_term_string"}}],"inLanguage":"cs"}]}},"_links":{"self":[{"href":"https:\/\/www.oknobuild.com\/index.php\/wp-json\/wp\/v2\/product\/34519","targetHints":{"allow":["GET"]}}],"collection":[{"href":"https:\/\/www.oknobuild.com\/index.php\/wp-json\/wp\/v2\/product"}],"about":[{"href":"https:\/\/www.oknobuild.com\/index.php\/wp-json\/wp\/v2\/types\/product"}],"replies":[{"embeddable":true,"href":"https:\/\/www.oknobuild.com\/index.php\/wp-json\/wp\/v2\/comments?post=34519"}],"wp:featuredmedia":[{"embeddable":true,"href":"https:\/\/www.oknobuild.com\/index.php\/wp-json\/wp\/v2\/media\/34619"}],"wp:attachment":[{"href":"https:\/\/www.oknobuild.com\/index.php\/wp-json\/wp\/v2\/media?parent=34519"}],"wp:term":[{"taxonomy":"product_brand","embeddable":true,"href":"https:\/\/www.oknobuild.com\/index.php\/wp-json\/wp\/v2\/product_brand?post=34519"},{"taxonomy":"product_cat","embeddable":true,"href":"https:\/\/www.oknobuild.com\/index.php\/wp-json\/wp\/v2\/product_cat?post=34519"},{"taxonomy":"product_tag","embeddable":true,"href":"https:\/\/www.oknobuild.com\/index.php\/wp-json\/wp\/v2\/product_tag?post=34519"}],"curies":[{"name":"wp","href":"https:\/\/api.w.org\/{rel}","templated":true}]}}