{"id":34529,"date":"2026-04-27T04:42:03","date_gmt":"2026-04-27T04:42:03","guid":{"rendered":""},"modified":"2026-04-27T04:42:03","modified_gmt":"2026-04-27T04:42:03","slug":"akce-osmo-3011-tvrdy-voskovy-olej-original-10-l-34529","status":"publish","type":"product","link":"https:\/\/www.oknobuild.com\/index.php\/produkt\/akce-osmo-3011-tvrdy-voskovy-olej-original-10-l-34529\/","title":{"rendered":"Akce OSMO 3011 Tvrd\u00fd voskov\u00fd olej Original 10 L"},"content":{"rendered":"<table>\n<div class=\"tab-pane active product-description\" id=\"popis\" role=\"tabpanel\">\n<div class=\"gift-text\">D\u00e1rek: Slevov\u00fd kup\u00f3n v hodnot\u011b 10% v ko\u0161\u00edku<\/div>\n<div class=\"short-description\" itemprop=\"description\">Bezbarv\u00fd leskl\u00fd<\/div>\n<div class=\"description\"><span class='bullet-line'>Ide\u00e1ln\u00ed pro prkna z masivn\u00edho d\u0159eva, selsk\u00e1 prkna, palubkov\u00e9 podlahy, OSB\u2013desky a korkov\u00e9 podlahy. <br \/><\/span><span class='bullet-line'>Osmo Tvrd\u00e9 voskov\u00e9 oleje jsou odoln\u00e9 v\u016f\u010di o\u0161lap\u00e1n\u00ed, trvale zat\u00ed\u017eiteln\u00e9 a mimo\u0159\u00e1dn\u011b odoln\u00e9. <br \/><\/span><span class='bullet-line'>Povrch odpuzuje vodu a ne\u010distoty a je rovn\u011b\u017e odoln\u00fd v\u016f\u010di v\u00ednu, pivu, cole, k\u00e1v\u011b, \u010daji, ovocn\u00e9 \u0161\u0165\u00e1v\u011b, ml\u00e9ku a vod\u011b podle DIN 68861 \u2013 1A. <br \/><\/span><span class='bullet-line'>P\u0159\u00edrodn\u00ed povrch z\u016fstane zachov\u00e1n<br \/><\/span><span class='bullet-line'>Speci\u00e1ln\u011b p\u0159izp\u016fsoben d\u0159ev\u011bn\u00fdm podlah\u00e1m \u2013 povrch se snadnou \u00fadr\u017ebou a pro zdrav\u00e9 bydlen\u00ed!<br \/><\/span><span class='bullet-line'>Bezbarv\u00fd, k pou\u017eit\u00ed uvnit\u0159<br \/><\/span><span class='bullet-line'>Obzvl\u00e1\u0161t\u011b se doporu\u010duje pro masivn\u00ed podlahov\u00e9 palubky, selsk\u00e1 prkna, parketov\u00e9 podlahy, OSB a korkov\u00e9 podlahy; tak\u00e9 vhodn\u00fd na plochy n\u00e1bytku a lepen\u00e9 d\u0159evo<br \/><\/span><span class='bullet-line'>Tvrd\u00fd voskov\u00fd olej Original zesiluje barevnou intenzitu p\u0159\u00edrodn\u00edho vzhledu povrchu d\u0159eva, je odoln\u00fd v\u016f\u010di o\u0161lap\u00e1n\u00ed, odpuzuje vodu a ne\u010distoty, je trvale zat\u00ed\u017eiteln\u00fd a mimo\u0159\u00e1dn\u011b odoln\u00fd<br \/><\/span><span class='bullet-line'>Po\u010det n\u00e1t\u011br\u016f: U d\u0159eva bez povrchov\u00e9 \u00fapravy dva n\u00e1t\u011bry, v p\u0159\u00edpad\u011b renovace sta\u010d\u00ed zpravidla jeden n\u00e1t\u011br na o\u010di\u0161t\u011bn\u00fd povrch \u2013 bez obru\u0161ov\u00e1n\u00ed!<br \/><\/span><span class='bullet-line'>Velikosti balen\u00ed : 0,375 l, 0,75 l, 2,5 l, 10 l, 25 l<br \/><\/span><span class='bullet-line'>1 litr sta\u010d\u00ed p\u0159i jednom n\u00e1t\u011bru na cca 24 m2<\/span><\/div>\n<div class=\"parameters\">\n<tr>\n<td>Balen\u00ed v litrech<\/td>\n<td>10<\/td>\n<\/tr>\n<tr>\n<td>Barevn\u00e9 odst\u00edny<\/td>\n<td>\u010d. 3011 bezbarv\u00fd, leskl\u00fd<\/td>\n<\/tr>\n<tr>\n<td><\/td>\n<td>\u010d. 3032 bezbarv\u00fd, hedv\u00e1bn\u00fd polomatn\u00fd<\/td>\n<\/tr>\n<tr>\n<td><\/td>\n<td>\u010d. 3062 bezbarv\u00fd, matn\u00fd<\/td>\n<\/tr>\n<tr>\n<td><\/td>\n<td>\u010d. 3065 bezbarv\u00fd polomatn\u00fd<\/td>\n<\/tr>\n<tr>\n<td>Velikosti balen\u00ed<\/td>\n<td>0,375 l, 0,75 l, 2,5 l, 10 l, 25 l<\/td>\n<\/tr>\n<tr>\n<td>Vydatnost<\/td>\n<td>1l sta\u010d\u00ed p\u0159i 1 n\u00e1t\u011bru na cca 24 m2<\/td>\n<\/tr>\n<tr>\n<td>Zbo\u017e\u00ed m\u016f\u017eete objedn\u00e1vat pop\u0159\u00edpad\u011b dohodnout OBJEKTOV\u00c9 CENY i prost\u0159ednictv\u00edm e-mailu<\/td>\n<td>stairsbalak@gmail.com<\/td>\n<\/tr><\/div>\n<\/table>\n","protected":false},"excerpt":{"rendered":"<p>D\u00e1rek: Slevov\u00fd kup\u00f3n v hodnot\u011b 10% v ko\u0161\u00edku Bezbarv\u00fd leskl\u00fd Ide\u00e1ln\u00ed pro prkna z masivn\u00edho d\u0159eva, selsk\u00e1 prkna, palubkov\u00e9 podlahy, OSB\u2013desky a korkov\u00e9 podlahy. Osmo Tvrd\u00e9 voskov\u00e9 oleje jsou odoln\u00e9 v\u016f\u010di o\u0161lap\u00e1n\u00ed, trvale zat\u00ed\u017eiteln\u00e9 a mimo\u0159\u00e1dn\u011b odoln\u00e9. Povrch odpuzuje vodu a ne\u010distoty a je rovn\u011b\u017e odoln\u00fd v\u016f\u010di v\u00ednu, pivu, cole, k\u00e1v\u011b, \u010daji, ovocn\u00e9 \u0161\u0165\u00e1v\u011b, ml\u00e9ku [&hellip;]<\/p>\n","protected":false},"featured_media":34629,"comment_status":"open","ping_status":"open","template":"","meta":[],"product_brand":[],"product_cat":[50,52,51],"product_tag":[],"class_list":{"0":"post-34529","1":"product","2":"type-product","3":"status-publish","4":"has-post-thumbnail","6":"product_cat-barvy","7":"product_cat-chemie","8":"product_cat-laky","10":"first","11":"instock","12":"sale","13":"shipping-taxable","14":"purchasable","15":"product-type-simple"},"yoast_head":"<!-- This site is optimized with the Yoast SEO plugin v26.8 - https:\/\/yoast.com\/product\/yoast-seo-wordpress\/ -->\n<title>Akce OSMO 3011 Tvrd\u00fd voskov\u00fd olej Original 10 L -<\/title>\n<meta name=\"robots\" content=\"index, follow, max-snippet:-1, max-image-preview:large, max-video-preview:-1\" \/>\n<link rel=\"canonical\" href=\"https:\/\/www.oknobuild.com\/index.php\/produkt\/akce-osmo-3011-tvrdy-voskovy-olej-original-10-l-34529\/\" \/>\n<meta property=\"og:locale\" content=\"cs_CZ\" \/>\n<meta property=\"og:type\" content=\"article\" \/>\n<meta property=\"og:title\" content=\"Akce OSMO 3011 Tvrd\u00fd voskov\u00fd olej Original 10 L -\" \/>\n<meta property=\"og:description\" content=\"D\u00e1rek: Slevov\u00fd kup\u00f3n v hodnot\u011b 10% v ko\u0161\u00edku Bezbarv\u00fd leskl\u00fd Ide\u00e1ln\u00ed pro prkna z masivn\u00edho d\u0159eva, selsk\u00e1 prkna, palubkov\u00e9 podlahy, OSB\u2013desky a korkov\u00e9 podlahy. Osmo Tvrd\u00e9 voskov\u00e9 oleje jsou odoln\u00e9 v\u016f\u010di o\u0161lap\u00e1n\u00ed, trvale zat\u00ed\u017eiteln\u00e9 a mimo\u0159\u00e1dn\u011b odoln\u00e9. Povrch odpuzuje vodu a ne\u010distoty a je rovn\u011b\u017e odoln\u00fd v\u016f\u010di v\u00ednu, pivu, cole, k\u00e1v\u011b, \u010daji, ovocn\u00e9 \u0161\u0165\u00e1v\u011b, ml\u00e9ku [&hellip;]\" \/>\n<meta property=\"og:url\" content=\"https:\/\/www.oknobuild.com\/index.php\/produkt\/akce-osmo-3011-tvrdy-voskovy-olej-original-10-l-34529\/\" \/>\n<meta property=\"og:image\" content=\"https:\/\/www.oknobuild.com\/wp-content\/uploads\/2026\/SK0020391-CZ20260425-092328-0-1777080210-csm_slider-osmo-produkte-farbe-innen-hartwachs-oel-original.webp\" \/>\n\t<meta property=\"og:image:width\" content=\"605\" \/>\n\t<meta property=\"og:image:height\" content=\"605\" \/>\n\t<meta property=\"og:image:type\" content=\"image\/webp\" \/>\n<meta name=\"twitter:card\" content=\"summary_large_image\" \/>\n<meta name=\"twitter:label1\" content=\"Odhadovan\u00e1 doba \u010dten\u00ed\" \/>\n\t<meta name=\"twitter:data1\" content=\"1 minuta\" \/>\n<script type=\"application\/ld+json\" class=\"yoast-schema-graph\">{\"@context\":\"https:\/\/schema.org\",\"@graph\":[{\"@type\":\"WebPage\",\"@id\":\"https:\/\/www.oknobuild.com\/index.php\/produkt\/akce-osmo-3011-tvrdy-voskovy-olej-original-10-l-34529\/\",\"url\":\"https:\/\/www.oknobuild.com\/index.php\/produkt\/akce-osmo-3011-tvrdy-voskovy-olej-original-10-l-34529\/\",\"name\":\"Akce OSMO 3011 Tvrd\u00fd voskov\u00fd olej Original 10 L -\",\"isPartOf\":{\"@id\":\"https:\/\/www.oknobuild.com\/#website\"},\"primaryImageOfPage\":{\"@id\":\"https:\/\/www.oknobuild.com\/index.php\/produkt\/akce-osmo-3011-tvrdy-voskovy-olej-original-10-l-34529\/#primaryimage\"},\"image\":{\"@id\":\"https:\/\/www.oknobuild.com\/index.php\/produkt\/akce-osmo-3011-tvrdy-voskovy-olej-original-10-l-34529\/#primaryimage\"},\"thumbnailUrl\":\"https:\/\/www.oknobuild.com\/wp-content\/uploads\/2026\/SK0020391-CZ20260425-092328-0-1777080210-csm_slider-osmo-produkte-farbe-innen-hartwachs-oel-original.webp\",\"datePublished\":\"2026-04-27T04:42:03+00:00\",\"breadcrumb\":{\"@id\":\"https:\/\/www.oknobuild.com\/index.php\/produkt\/akce-osmo-3011-tvrdy-voskovy-olej-original-10-l-34529\/#breadcrumb\"},\"inLanguage\":\"cs\",\"potentialAction\":[{\"@type\":\"ReadAction\",\"target\":[\"https:\/\/www.oknobuild.com\/index.php\/produkt\/akce-osmo-3011-tvrdy-voskovy-olej-original-10-l-34529\/\"]}]},{\"@type\":\"ImageObject\",\"inLanguage\":\"cs\",\"@id\":\"https:\/\/www.oknobuild.com\/index.php\/produkt\/akce-osmo-3011-tvrdy-voskovy-olej-original-10-l-34529\/#primaryimage\",\"url\":\"https:\/\/www.oknobuild.com\/wp-content\/uploads\/2026\/SK0020391-CZ20260425-092328-0-1777080210-csm_slider-osmo-produkte-farbe-innen-hartwachs-oel-original.webp\",\"contentUrl\":\"https:\/\/www.oknobuild.com\/wp-content\/uploads\/2026\/SK0020391-CZ20260425-092328-0-1777080210-csm_slider-osmo-produkte-farbe-innen-hartwachs-oel-original.webp\",\"width\":605,\"height\":605},{\"@type\":\"BreadcrumbList\",\"@id\":\"https:\/\/www.oknobuild.com\/index.php\/produkt\/akce-osmo-3011-tvrdy-voskovy-olej-original-10-l-34529\/#breadcrumb\",\"itemListElement\":[{\"@type\":\"ListItem\",\"position\":1,\"name\":\"Home\",\"item\":\"https:\/\/www.oknobuild.com\/\"},{\"@type\":\"ListItem\",\"position\":2,\"name\":\"Products\",\"item\":\"https:\/\/www.oknobuild.com\/index.php\/products\/\"},{\"@type\":\"ListItem\",\"position\":3,\"name\":\"Akce OSMO 3011 Tvrd\u00fd voskov\u00fd olej Original 10 L\"}]},{\"@type\":\"WebSite\",\"@id\":\"https:\/\/www.oknobuild.com\/#website\",\"url\":\"https:\/\/www.oknobuild.com\/\",\"name\":\"\",\"description\":\"\",\"potentialAction\":[{\"@type\":\"SearchAction\",\"target\":{\"@type\":\"EntryPoint\",\"urlTemplate\":\"https:\/\/www.oknobuild.com\/?s={search_term_string}\"},\"query-input\":{\"@type\":\"PropertyValueSpecification\",\"valueRequired\":true,\"valueName\":\"search_term_string\"}}],\"inLanguage\":\"cs\"}]}<\/script>\n<!-- \/ Yoast SEO plugin. -->","yoast_head_json":{"title":"Akce OSMO 3011 Tvrd\u00fd voskov\u00fd olej Original 10 L -","robots":{"index":"index","follow":"follow","max-snippet":"max-snippet:-1","max-image-preview":"max-image-preview:large","max-video-preview":"max-video-preview:-1"},"canonical":"https:\/\/www.oknobuild.com\/index.php\/produkt\/akce-osmo-3011-tvrdy-voskovy-olej-original-10-l-34529\/","og_locale":"cs_CZ","og_type":"article","og_title":"Akce OSMO 3011 Tvrd\u00fd voskov\u00fd olej Original 10 L -","og_description":"D\u00e1rek: Slevov\u00fd kup\u00f3n v hodnot\u011b 10% v ko\u0161\u00edku Bezbarv\u00fd leskl\u00fd Ide\u00e1ln\u00ed pro prkna z masivn\u00edho d\u0159eva, selsk\u00e1 prkna, palubkov\u00e9 podlahy, OSB\u2013desky a korkov\u00e9 podlahy. Osmo Tvrd\u00e9 voskov\u00e9 oleje jsou odoln\u00e9 v\u016f\u010di o\u0161lap\u00e1n\u00ed, trvale zat\u00ed\u017eiteln\u00e9 a mimo\u0159\u00e1dn\u011b odoln\u00e9. Povrch odpuzuje vodu a ne\u010distoty a je rovn\u011b\u017e odoln\u00fd v\u016f\u010di v\u00ednu, pivu, cole, k\u00e1v\u011b, \u010daji, ovocn\u00e9 \u0161\u0165\u00e1v\u011b, ml\u00e9ku [&hellip;]","og_url":"https:\/\/www.oknobuild.com\/index.php\/produkt\/akce-osmo-3011-tvrdy-voskovy-olej-original-10-l-34529\/","og_image":[{"width":605,"height":605,"url":"https:\/\/www.oknobuild.com\/wp-content\/uploads\/2026\/SK0020391-CZ20260425-092328-0-1777080210-csm_slider-osmo-produkte-farbe-innen-hartwachs-oel-original.webp","type":"image\/webp"}],"twitter_card":"summary_large_image","twitter_misc":{"Odhadovan\u00e1 doba \u010dten\u00ed":"1 minuta"},"schema":{"@context":"https:\/\/schema.org","@graph":[{"@type":"WebPage","@id":"https:\/\/www.oknobuild.com\/index.php\/produkt\/akce-osmo-3011-tvrdy-voskovy-olej-original-10-l-34529\/","url":"https:\/\/www.oknobuild.com\/index.php\/produkt\/akce-osmo-3011-tvrdy-voskovy-olej-original-10-l-34529\/","name":"Akce OSMO 3011 Tvrd\u00fd voskov\u00fd olej Original 10 L -","isPartOf":{"@id":"https:\/\/www.oknobuild.com\/#website"},"primaryImageOfPage":{"@id":"https:\/\/www.oknobuild.com\/index.php\/produkt\/akce-osmo-3011-tvrdy-voskovy-olej-original-10-l-34529\/#primaryimage"},"image":{"@id":"https:\/\/www.oknobuild.com\/index.php\/produkt\/akce-osmo-3011-tvrdy-voskovy-olej-original-10-l-34529\/#primaryimage"},"thumbnailUrl":"https:\/\/www.oknobuild.com\/wp-content\/uploads\/2026\/SK0020391-CZ20260425-092328-0-1777080210-csm_slider-osmo-produkte-farbe-innen-hartwachs-oel-original.webp","datePublished":"2026-04-27T04:42:03+00:00","breadcrumb":{"@id":"https:\/\/www.oknobuild.com\/index.php\/produkt\/akce-osmo-3011-tvrdy-voskovy-olej-original-10-l-34529\/#breadcrumb"},"inLanguage":"cs","potentialAction":[{"@type":"ReadAction","target":["https:\/\/www.oknobuild.com\/index.php\/produkt\/akce-osmo-3011-tvrdy-voskovy-olej-original-10-l-34529\/"]}]},{"@type":"ImageObject","inLanguage":"cs","@id":"https:\/\/www.oknobuild.com\/index.php\/produkt\/akce-osmo-3011-tvrdy-voskovy-olej-original-10-l-34529\/#primaryimage","url":"https:\/\/www.oknobuild.com\/wp-content\/uploads\/2026\/SK0020391-CZ20260425-092328-0-1777080210-csm_slider-osmo-produkte-farbe-innen-hartwachs-oel-original.webp","contentUrl":"https:\/\/www.oknobuild.com\/wp-content\/uploads\/2026\/SK0020391-CZ20260425-092328-0-1777080210-csm_slider-osmo-produkte-farbe-innen-hartwachs-oel-original.webp","width":605,"height":605},{"@type":"BreadcrumbList","@id":"https:\/\/www.oknobuild.com\/index.php\/produkt\/akce-osmo-3011-tvrdy-voskovy-olej-original-10-l-34529\/#breadcrumb","itemListElement":[{"@type":"ListItem","position":1,"name":"Home","item":"https:\/\/www.oknobuild.com\/"},{"@type":"ListItem","position":2,"name":"Products","item":"https:\/\/www.oknobuild.com\/index.php\/products\/"},{"@type":"ListItem","position":3,"name":"Akce OSMO 3011 Tvrd\u00fd voskov\u00fd olej Original 10 L"}]},{"@type":"WebSite","@id":"https:\/\/www.oknobuild.com\/#website","url":"https:\/\/www.oknobuild.com\/","name":"","description":"","potentialAction":[{"@type":"SearchAction","target":{"@type":"EntryPoint","urlTemplate":"https:\/\/www.oknobuild.com\/?s={search_term_string}"},"query-input":{"@type":"PropertyValueSpecification","valueRequired":true,"valueName":"search_term_string"}}],"inLanguage":"cs"}]}},"_links":{"self":[{"href":"https:\/\/www.oknobuild.com\/index.php\/wp-json\/wp\/v2\/product\/34529","targetHints":{"allow":["GET"]}}],"collection":[{"href":"https:\/\/www.oknobuild.com\/index.php\/wp-json\/wp\/v2\/product"}],"about":[{"href":"https:\/\/www.oknobuild.com\/index.php\/wp-json\/wp\/v2\/types\/product"}],"replies":[{"embeddable":true,"href":"https:\/\/www.oknobuild.com\/index.php\/wp-json\/wp\/v2\/comments?post=34529"}],"wp:featuredmedia":[{"embeddable":true,"href":"https:\/\/www.oknobuild.com\/index.php\/wp-json\/wp\/v2\/media\/34629"}],"wp:attachment":[{"href":"https:\/\/www.oknobuild.com\/index.php\/wp-json\/wp\/v2\/media?parent=34529"}],"wp:term":[{"taxonomy":"product_brand","embeddable":true,"href":"https:\/\/www.oknobuild.com\/index.php\/wp-json\/wp\/v2\/product_brand?post=34529"},{"taxonomy":"product_cat","embeddable":true,"href":"https:\/\/www.oknobuild.com\/index.php\/wp-json\/wp\/v2\/product_cat?post=34529"},{"taxonomy":"product_tag","embeddable":true,"href":"https:\/\/www.oknobuild.com\/index.php\/wp-json\/wp\/v2\/product_tag?post=34529"}],"curies":[{"name":"wp","href":"https:\/\/api.w.org\/{rel}","templated":true}]}}