{"id":34547,"date":"2026-04-27T04:42:03","date_gmt":"2026-04-27T04:42:03","guid":{"rendered":""},"modified":"2026-04-27T04:42:03","modified_gmt":"2026-04-27T04:42:03","slug":"znackovy-osmo-3089-tvrdy-voskovy-olej-protiskluzovy-10-l-34547","status":"publish","type":"product","link":"https:\/\/www.oknobuild.com\/index.php\/produkt\/znackovy-osmo-3089-tvrdy-voskovy-olej-protiskluzovy-10-l-34547\/","title":{"rendered":"Zna\u010dkov\u00fd OSMO 3089 Tvrd\u00fd voskov\u00fd olej protiskluzov\u00fd 10 L"},"content":{"rendered":"<table>\n<div class=\"tab-pane active product-description\" id=\"popis\" role=\"tabpanel\">\n<div class=\"gift-text\">D\u00e1rek: Slevov\u00fd kup\u00f3n v hodnot\u011b 10% v ko\u0161\u00edku<\/div>\n<div class=\"short-description\" itemprop=\"description\">Bezbarv\u00fd polomat Protiskluz Extra (R11)<\/div>\n<div class=\"description\"><span class='bullet-line'>Ide\u00e1ln\u00ed pro prkna z masivn\u00edho d\u0159eva, selsk\u00e1 prkna,palubkov\u00e9 podlahy, OSB\u2013desky a korkov\u00e9 podlahy.<br \/><\/span><span class='bullet-line'>N\u00e1t\u011br se snadnou \u00fadr\u017ebou se vyzna\u010duje krom\u011b zvl\u00e1\u0161tn\u00ed tvrdosti povrchu a odolnosti proti o\u0161lap\u00e1n\u00ed sv\u00fdmi zvl\u00e1\u0161tn\u00edmi protiskluzov\u00fdmi vlastnostmi.<br \/><\/span><span class='bullet-line'>Je odoln\u00fd v\u016f\u010di o\u0161lap\u00e1n\u00ed, trvale zat\u00ed\u017eiteln\u00e9 a mimo\u0159\u00e1dn\u011b odoln\u00e9. <br \/><\/span><span class='bullet-line'>Povrch odpuzuje vodu a ne\u010distoty a je rovn\u011b\u017e odoln\u00fd v\u016f\u010di v\u00ednu, pivu, cole, k\u00e1v\u011b, \u010daji, ovocn\u00e9 \u0161\u0165\u00e1v\u011b, ml\u00e9ku a vod\u011b podle DIN 68861 \u2013 1A.<br \/><\/span><span class='bullet-line'>P\u0159\u00edrodn\u00ed povrch z\u016fstane zachov\u00e1n 2 n\u00e1t\u011bry, \u017e\u00e1dn\u00fd z\u00e1kladn\u00ed n\u00e1t\u011br, \u017e\u00e1dn\u00e9 mezibrou\u0161en\u00ed. <br \/><\/span><span class='bullet-line'>1 litr sta\u010d\u00ed na cca 12 m2 p\u0159i dvou n\u00e1t\u011brech<br \/><\/span><span class='bullet-line'>Speci\u00e1ln\u00ed v\u00fdrobek k \u00faprav\u011b d\u0159ev\u011bn\u00fdch podlah a d\u0159ev\u011bn\u00fdch schod\u016f, u kter\u00fdch je vy\u017eadov\u00e1na zv\u00fd\u0161en\u00e1 bezpe\u010dnost proti uklouznut\u00ed.<br \/><\/span><span class='bullet-line'>N\u00e1t\u011br se snadnou \u00fadr\u017ebou se vyzna\u010duje krom\u011b zvl\u00e1\u0161tn\u00ed tvrdosti povrchu a odolnosti proti o\u0161lap\u00e1n\u00ed sv\u00fdmi zvl\u00e1\u0161tn\u00edmi protiskluzov\u00fdmi vlastnostmi. <br \/><\/span><span class='bullet-line'>Materi\u00e1l je k dost\u00e1n\u00ed ve dvou r\u016fzn\u00fdch proveden\u00edch.<br \/><\/span><span class='bullet-line'>3089 Tvrd\u00fd voskov\u00fd olej protiskluzov\u00fd EXTRA: Tento materi\u00e1l se vyzna\u010duje extr\u00e9mn\u011b drsn\u00fdm povrchem. <br \/><\/span><span class='bullet-line'>Speci\u00e1ln\u00ed p\u0159\u00edsady dod\u00e1vaj\u00ed such\u00e9mu n\u00e1t\u011bru strukturu, kter\u00e1 umo\u017e\u0148uje odolnost proti skluzu t\u0159\u00eddy R11.<br \/><\/span><span class='bullet-line'>Vhodn\u00fd zejm\u00e9na na d\u0159ev\u011bn\u00e9 podlahy ve vnit\u0159n\u00edch prostor\u00e1ch, kde je db\u00e1no na bezpe\u010dnost proti uklouznut\u00ed.<\/span><\/div>\n<div class=\"parameters\">\n<tr>\n<td>Balen\u00ed v litrech<\/td>\n<td>10<\/td>\n<\/tr>\n<tr>\n<td>Barevn\u00fd odst\u00edn<\/td>\n<td>3088 bezbarv\u00fd, polomatn\u00fd, protiskluzov\u00fd dle t\u0159\u00eddy R9<\/td>\n<\/tr>\n<tr>\n<td><\/td>\n<td>3089 bezbarv\u00fd, polomatn\u00fd, protiskluzov\u00fd dle t\u0159\u00eddy R11<\/td>\n<\/tr>\n<tr>\n<td>Po\u010det n\u00e1nos\u016f<\/td>\n<td>2 (\u0163\u00e1dn\u00fd z\u00e1kladn\u00ed n\u00e1t\u011br)<\/td>\n<\/tr>\n<tr>\n<td>Renovace<\/td>\n<td>zpravidla 1 n\u00e1nos<\/td>\n<\/tr>\n<tr>\n<td>Vydatnost<\/td>\n<td>1 l = cca 12 m\u00b2 p\u0159i dvou n\u00e1nosech = cca 20 m\u00b2 p\u0159i jednom n\u00e1nosu<\/td>\n<\/tr>\n<tr>\n<td>Velikosti balen\u00ed<\/td>\n<td>0,75 l; 2,5 l, 10 l, 25 l<\/td>\n<\/tr>\n<tr>\n<td>Zbo\u017e\u00ed m\u016f\u017eete objedn\u00e1vat pop\u0159\u00edpad\u011b dohodnout OBJEKTOV\u00c9 CENY i prost\u0159ednictv\u00edm e-mailu<\/td>\n<td>stairsbalak@gmail.com<\/td>\n<\/tr><\/div>\n<\/table>\n","protected":false},"excerpt":{"rendered":"<p>D\u00e1rek: Slevov\u00fd kup\u00f3n v hodnot\u011b 10% v ko\u0161\u00edku Bezbarv\u00fd polomat Protiskluz Extra (R11) Ide\u00e1ln\u00ed pro prkna z masivn\u00edho d\u0159eva, selsk\u00e1 prkna,palubkov\u00e9 podlahy, OSB\u2013desky a korkov\u00e9 podlahy.N\u00e1t\u011br se snadnou \u00fadr\u017ebou se vyzna\u010duje krom\u011b zvl\u00e1\u0161tn\u00ed tvrdosti povrchu a odolnosti proti o\u0161lap\u00e1n\u00ed sv\u00fdmi zvl\u00e1\u0161tn\u00edmi protiskluzov\u00fdmi vlastnostmi.Je odoln\u00fd v\u016f\u010di o\u0161lap\u00e1n\u00ed, trvale zat\u00ed\u017eiteln\u00e9 a mimo\u0159\u00e1dn\u011b odoln\u00e9. Povrch odpuzuje vodu a [&hellip;]<\/p>\n","protected":false},"featured_media":34647,"comment_status":"open","ping_status":"open","template":"","meta":[],"product_brand":[],"product_cat":[50,52,51],"product_tag":[],"class_list":{"0":"post-34547","1":"product","2":"type-product","3":"status-publish","4":"has-post-thumbnail","6":"product_cat-barvy","7":"product_cat-chemie","8":"product_cat-laky","10":"first","11":"instock","12":"sale","13":"shipping-taxable","14":"purchasable","15":"product-type-simple"},"yoast_head":"<!-- This site is optimized with the Yoast SEO plugin v26.8 - https:\/\/yoast.com\/product\/yoast-seo-wordpress\/ -->\n<title>Zna\u010dkov\u00fd OSMO 3089 Tvrd\u00fd voskov\u00fd olej protiskluzov\u00fd 10 L -<\/title>\n<meta name=\"robots\" content=\"index, follow, max-snippet:-1, max-image-preview:large, max-video-preview:-1\" \/>\n<link rel=\"canonical\" href=\"https:\/\/www.oknobuild.com\/index.php\/produkt\/znackovy-osmo-3089-tvrdy-voskovy-olej-protiskluzovy-10-l-34547\/\" \/>\n<meta property=\"og:locale\" content=\"cs_CZ\" \/>\n<meta property=\"og:type\" content=\"article\" \/>\n<meta property=\"og:title\" content=\"Zna\u010dkov\u00fd OSMO 3089 Tvrd\u00fd voskov\u00fd olej protiskluzov\u00fd 10 L -\" \/>\n<meta property=\"og:description\" content=\"D\u00e1rek: Slevov\u00fd kup\u00f3n v hodnot\u011b 10% v ko\u0161\u00edku Bezbarv\u00fd polomat Protiskluz Extra (R11) Ide\u00e1ln\u00ed pro prkna z masivn\u00edho d\u0159eva, selsk\u00e1 prkna,palubkov\u00e9 podlahy, OSB\u2013desky a korkov\u00e9 podlahy.N\u00e1t\u011br se snadnou \u00fadr\u017ebou se vyzna\u010duje krom\u011b zvl\u00e1\u0161tn\u00ed tvrdosti povrchu a odolnosti proti o\u0161lap\u00e1n\u00ed sv\u00fdmi zvl\u00e1\u0161tn\u00edmi protiskluzov\u00fdmi vlastnostmi.Je odoln\u00fd v\u016f\u010di o\u0161lap\u00e1n\u00ed, trvale zat\u00ed\u017eiteln\u00e9 a mimo\u0159\u00e1dn\u011b odoln\u00e9. Povrch odpuzuje vodu a [&hellip;]\" \/>\n<meta property=\"og:url\" content=\"https:\/\/www.oknobuild.com\/index.php\/produkt\/znackovy-osmo-3089-tvrdy-voskovy-olej-protiskluzovy-10-l-34547\/\" \/>\n<meta property=\"og:image\" content=\"https:\/\/www.oknobuild.com\/wp-content\/uploads\/2026\/SK0020409-CZ20260425-092328-0-1777080210-pictureprovider-s1_3.webp\" \/>\n\t<meta property=\"og:image:width\" content=\"600\" \/>\n\t<meta property=\"og:image:height\" content=\"600\" \/>\n\t<meta property=\"og:image:type\" content=\"image\/webp\" \/>\n<meta name=\"twitter:card\" content=\"summary_large_image\" \/>\n<meta name=\"twitter:label1\" content=\"Odhadovan\u00e1 doba \u010dten\u00ed\" \/>\n\t<meta name=\"twitter:data1\" content=\"2 minuty\" \/>\n<script type=\"application\/ld+json\" class=\"yoast-schema-graph\">{\"@context\":\"https:\/\/schema.org\",\"@graph\":[{\"@type\":\"WebPage\",\"@id\":\"https:\/\/www.oknobuild.com\/index.php\/produkt\/znackovy-osmo-3089-tvrdy-voskovy-olej-protiskluzovy-10-l-34547\/\",\"url\":\"https:\/\/www.oknobuild.com\/index.php\/produkt\/znackovy-osmo-3089-tvrdy-voskovy-olej-protiskluzovy-10-l-34547\/\",\"name\":\"Zna\u010dkov\u00fd OSMO 3089 Tvrd\u00fd voskov\u00fd olej protiskluzov\u00fd 10 L -\",\"isPartOf\":{\"@id\":\"https:\/\/www.oknobuild.com\/#website\"},\"primaryImageOfPage\":{\"@id\":\"https:\/\/www.oknobuild.com\/index.php\/produkt\/znackovy-osmo-3089-tvrdy-voskovy-olej-protiskluzovy-10-l-34547\/#primaryimage\"},\"image\":{\"@id\":\"https:\/\/www.oknobuild.com\/index.php\/produkt\/znackovy-osmo-3089-tvrdy-voskovy-olej-protiskluzovy-10-l-34547\/#primaryimage\"},\"thumbnailUrl\":\"https:\/\/www.oknobuild.com\/wp-content\/uploads\/2026\/SK0020409-CZ20260425-092328-0-1777080210-pictureprovider-s1_3.webp\",\"datePublished\":\"2026-04-27T04:42:03+00:00\",\"breadcrumb\":{\"@id\":\"https:\/\/www.oknobuild.com\/index.php\/produkt\/znackovy-osmo-3089-tvrdy-voskovy-olej-protiskluzovy-10-l-34547\/#breadcrumb\"},\"inLanguage\":\"cs\",\"potentialAction\":[{\"@type\":\"ReadAction\",\"target\":[\"https:\/\/www.oknobuild.com\/index.php\/produkt\/znackovy-osmo-3089-tvrdy-voskovy-olej-protiskluzovy-10-l-34547\/\"]}]},{\"@type\":\"ImageObject\",\"inLanguage\":\"cs\",\"@id\":\"https:\/\/www.oknobuild.com\/index.php\/produkt\/znackovy-osmo-3089-tvrdy-voskovy-olej-protiskluzovy-10-l-34547\/#primaryimage\",\"url\":\"https:\/\/www.oknobuild.com\/wp-content\/uploads\/2026\/SK0020409-CZ20260425-092328-0-1777080210-pictureprovider-s1_3.webp\",\"contentUrl\":\"https:\/\/www.oknobuild.com\/wp-content\/uploads\/2026\/SK0020409-CZ20260425-092328-0-1777080210-pictureprovider-s1_3.webp\",\"width\":600,\"height\":600},{\"@type\":\"BreadcrumbList\",\"@id\":\"https:\/\/www.oknobuild.com\/index.php\/produkt\/znackovy-osmo-3089-tvrdy-voskovy-olej-protiskluzovy-10-l-34547\/#breadcrumb\",\"itemListElement\":[{\"@type\":\"ListItem\",\"position\":1,\"name\":\"Home\",\"item\":\"https:\/\/www.oknobuild.com\/\"},{\"@type\":\"ListItem\",\"position\":2,\"name\":\"Products\",\"item\":\"https:\/\/www.oknobuild.com\/index.php\/products\/\"},{\"@type\":\"ListItem\",\"position\":3,\"name\":\"Zna\u010dkov\u00fd OSMO 3089 Tvrd\u00fd voskov\u00fd olej protiskluzov\u00fd 10 L\"}]},{\"@type\":\"WebSite\",\"@id\":\"https:\/\/www.oknobuild.com\/#website\",\"url\":\"https:\/\/www.oknobuild.com\/\",\"name\":\"\",\"description\":\"\",\"potentialAction\":[{\"@type\":\"SearchAction\",\"target\":{\"@type\":\"EntryPoint\",\"urlTemplate\":\"https:\/\/www.oknobuild.com\/?s={search_term_string}\"},\"query-input\":{\"@type\":\"PropertyValueSpecification\",\"valueRequired\":true,\"valueName\":\"search_term_string\"}}],\"inLanguage\":\"cs\"}]}<\/script>\n<!-- \/ Yoast SEO plugin. -->","yoast_head_json":{"title":"Zna\u010dkov\u00fd OSMO 3089 Tvrd\u00fd voskov\u00fd olej protiskluzov\u00fd 10 L -","robots":{"index":"index","follow":"follow","max-snippet":"max-snippet:-1","max-image-preview":"max-image-preview:large","max-video-preview":"max-video-preview:-1"},"canonical":"https:\/\/www.oknobuild.com\/index.php\/produkt\/znackovy-osmo-3089-tvrdy-voskovy-olej-protiskluzovy-10-l-34547\/","og_locale":"cs_CZ","og_type":"article","og_title":"Zna\u010dkov\u00fd OSMO 3089 Tvrd\u00fd voskov\u00fd olej protiskluzov\u00fd 10 L -","og_description":"D\u00e1rek: Slevov\u00fd kup\u00f3n v hodnot\u011b 10% v ko\u0161\u00edku Bezbarv\u00fd polomat Protiskluz Extra (R11) Ide\u00e1ln\u00ed pro prkna z masivn\u00edho d\u0159eva, selsk\u00e1 prkna,palubkov\u00e9 podlahy, OSB\u2013desky a korkov\u00e9 podlahy.N\u00e1t\u011br se snadnou \u00fadr\u017ebou se vyzna\u010duje krom\u011b zvl\u00e1\u0161tn\u00ed tvrdosti povrchu a odolnosti proti o\u0161lap\u00e1n\u00ed sv\u00fdmi zvl\u00e1\u0161tn\u00edmi protiskluzov\u00fdmi vlastnostmi.Je odoln\u00fd v\u016f\u010di o\u0161lap\u00e1n\u00ed, trvale zat\u00ed\u017eiteln\u00e9 a mimo\u0159\u00e1dn\u011b odoln\u00e9. Povrch odpuzuje vodu a [&hellip;]","og_url":"https:\/\/www.oknobuild.com\/index.php\/produkt\/znackovy-osmo-3089-tvrdy-voskovy-olej-protiskluzovy-10-l-34547\/","og_image":[{"width":600,"height":600,"url":"https:\/\/www.oknobuild.com\/wp-content\/uploads\/2026\/SK0020409-CZ20260425-092328-0-1777080210-pictureprovider-s1_3.webp","type":"image\/webp"}],"twitter_card":"summary_large_image","twitter_misc":{"Odhadovan\u00e1 doba \u010dten\u00ed":"2 minuty"},"schema":{"@context":"https:\/\/schema.org","@graph":[{"@type":"WebPage","@id":"https:\/\/www.oknobuild.com\/index.php\/produkt\/znackovy-osmo-3089-tvrdy-voskovy-olej-protiskluzovy-10-l-34547\/","url":"https:\/\/www.oknobuild.com\/index.php\/produkt\/znackovy-osmo-3089-tvrdy-voskovy-olej-protiskluzovy-10-l-34547\/","name":"Zna\u010dkov\u00fd OSMO 3089 Tvrd\u00fd voskov\u00fd olej protiskluzov\u00fd 10 L -","isPartOf":{"@id":"https:\/\/www.oknobuild.com\/#website"},"primaryImageOfPage":{"@id":"https:\/\/www.oknobuild.com\/index.php\/produkt\/znackovy-osmo-3089-tvrdy-voskovy-olej-protiskluzovy-10-l-34547\/#primaryimage"},"image":{"@id":"https:\/\/www.oknobuild.com\/index.php\/produkt\/znackovy-osmo-3089-tvrdy-voskovy-olej-protiskluzovy-10-l-34547\/#primaryimage"},"thumbnailUrl":"https:\/\/www.oknobuild.com\/wp-content\/uploads\/2026\/SK0020409-CZ20260425-092328-0-1777080210-pictureprovider-s1_3.webp","datePublished":"2026-04-27T04:42:03+00:00","breadcrumb":{"@id":"https:\/\/www.oknobuild.com\/index.php\/produkt\/znackovy-osmo-3089-tvrdy-voskovy-olej-protiskluzovy-10-l-34547\/#breadcrumb"},"inLanguage":"cs","potentialAction":[{"@type":"ReadAction","target":["https:\/\/www.oknobuild.com\/index.php\/produkt\/znackovy-osmo-3089-tvrdy-voskovy-olej-protiskluzovy-10-l-34547\/"]}]},{"@type":"ImageObject","inLanguage":"cs","@id":"https:\/\/www.oknobuild.com\/index.php\/produkt\/znackovy-osmo-3089-tvrdy-voskovy-olej-protiskluzovy-10-l-34547\/#primaryimage","url":"https:\/\/www.oknobuild.com\/wp-content\/uploads\/2026\/SK0020409-CZ20260425-092328-0-1777080210-pictureprovider-s1_3.webp","contentUrl":"https:\/\/www.oknobuild.com\/wp-content\/uploads\/2026\/SK0020409-CZ20260425-092328-0-1777080210-pictureprovider-s1_3.webp","width":600,"height":600},{"@type":"BreadcrumbList","@id":"https:\/\/www.oknobuild.com\/index.php\/produkt\/znackovy-osmo-3089-tvrdy-voskovy-olej-protiskluzovy-10-l-34547\/#breadcrumb","itemListElement":[{"@type":"ListItem","position":1,"name":"Home","item":"https:\/\/www.oknobuild.com\/"},{"@type":"ListItem","position":2,"name":"Products","item":"https:\/\/www.oknobuild.com\/index.php\/products\/"},{"@type":"ListItem","position":3,"name":"Zna\u010dkov\u00fd OSMO 3089 Tvrd\u00fd voskov\u00fd olej protiskluzov\u00fd 10 L"}]},{"@type":"WebSite","@id":"https:\/\/www.oknobuild.com\/#website","url":"https:\/\/www.oknobuild.com\/","name":"","description":"","potentialAction":[{"@type":"SearchAction","target":{"@type":"EntryPoint","urlTemplate":"https:\/\/www.oknobuild.com\/?s={search_term_string}"},"query-input":{"@type":"PropertyValueSpecification","valueRequired":true,"valueName":"search_term_string"}}],"inLanguage":"cs"}]}},"_links":{"self":[{"href":"https:\/\/www.oknobuild.com\/index.php\/wp-json\/wp\/v2\/product\/34547","targetHints":{"allow":["GET"]}}],"collection":[{"href":"https:\/\/www.oknobuild.com\/index.php\/wp-json\/wp\/v2\/product"}],"about":[{"href":"https:\/\/www.oknobuild.com\/index.php\/wp-json\/wp\/v2\/types\/product"}],"replies":[{"embeddable":true,"href":"https:\/\/www.oknobuild.com\/index.php\/wp-json\/wp\/v2\/comments?post=34547"}],"wp:featuredmedia":[{"embeddable":true,"href":"https:\/\/www.oknobuild.com\/index.php\/wp-json\/wp\/v2\/media\/34647"}],"wp:attachment":[{"href":"https:\/\/www.oknobuild.com\/index.php\/wp-json\/wp\/v2\/media?parent=34547"}],"wp:term":[{"taxonomy":"product_brand","embeddable":true,"href":"https:\/\/www.oknobuild.com\/index.php\/wp-json\/wp\/v2\/product_brand?post=34547"},{"taxonomy":"product_cat","embeddable":true,"href":"https:\/\/www.oknobuild.com\/index.php\/wp-json\/wp\/v2\/product_cat?post=34547"},{"taxonomy":"product_tag","embeddable":true,"href":"https:\/\/www.oknobuild.com\/index.php\/wp-json\/wp\/v2\/product_tag?post=34547"}],"curies":[{"name":"wp","href":"https:\/\/api.w.org\/{rel}","templated":true}]}}