{"id":34587,"date":"2026-04-27T04:42:03","date_gmt":"2026-04-27T04:42:03","guid":{"rendered":""},"modified":"2026-04-27T04:42:03","modified_gmt":"2026-04-27T04:42:03","slug":"akce-osmo-3073-tvrdy-voskovy-olej-0-75-l-34587","status":"publish","type":"product","link":"https:\/\/www.oknobuild.com\/index.php\/produkt\/akce-osmo-3073-tvrdy-voskovy-olej-0-75-l-34587\/","title":{"rendered":"Akce OSMO 3073 Tvrd\u00fd voskov\u00fd olej 0,75 L"},"content":{"rendered":"<table>\n<div class=\"tab-pane active product-description\" id=\"popis\" role=\"tabpanel\">\n<div class=\"gift-text\">D\u00e1rek: Slevov\u00fd kup\u00f3n v hodnot\u011b 10% v ko\u0161\u00edku<\/div>\n<div class=\"short-description\" itemprop=\"description\">Hn\u011bd\u00e1 zem<\/div>\n<div class=\"description\">\n<p><span class=\"bullet-line\">Osv\u011bd\u010den\u00fd Tvrd\u00fd voskov\u00fd olej v barevn\u00fdch variant\u00e1ch \u2013 pro individu\u00e1ln\u011b barevn\u00e9 d\u0159ev\u011bn\u00e9 podlahy!<\/span><br \/><span class=\"bullet-line\">Transparentn\u00ed, polomatn\u00fd, k pou\u017eit\u00ed uvnit\u0159<\/span><br \/><span class=\"bullet-line\">Obzvl\u00e1\u0161t\u011b se doporu\u010duje pro masivn\u00ed podlahov\u00e9 palubky, selsk\u00e1 prkna, parketov\u00e9 podlahy, OSB a korkov\u00e9 podlahy; tak\u00e9 vhodn\u00fd na plochy n\u00e1bytku a lepen\u00e9 d\u0159evo.<\/span><br \/><span class=\"bullet-line\">Tvrd\u00fd voskov\u00fd olej Barevn\u00fd vytvo\u0159\u00ed barevn\u011b transparentn\u00ed zbarven\u00ed povrchu d\u0159eva ve vybran\u00e9m odst\u00ednu .<\/span><\/p>\n<p>\u25ba Po\u010det n\u00e1t\u011br\u016f<span class=\"bullet-line\">U d\u0159eva na n\u00e1bytek bez povrchov\u00e9 \u00fapravy max. 2 n\u00e1t\u011bry.&nbsp;<\/span><br \/><span class=\"bullet-line\">Podlahy maxim\u00e1ln\u011b 1x \u00faprava Tvrd\u00fdm voskov\u00fdm olejem Barevn\u00fdm.&nbsp;<\/span><br \/><span class=\"bullet-line\">2.n\u00e1t\u011br je t\u0159eba prov\u00e9st jedn\u00edm z bezbarv\u00fdch Osmo Tvrd\u00fdch voskov\u00fdch olej\u016f.<\/span><br \/>Vel<br \/>\u25ba Velikosti balen\u00ed:<span class=\"bullet-line\">0,75 l, 2,5 l, 10l, 25 l<\/span><br \/><span class=\"bullet-line\">1 litr sta\u010d\u00ed p\u0159i jednom n\u00e1t\u011bru na cca 30 m2<\/span><\/p>\n<\/div>\n<div class=\"parameters\">\n<tr>\n<td>Balen\u00ed v litrech<\/td>\n<td>0,75<\/td>\n<\/tr>\n<tr>\n<td>Barevn\u00e9 odst\u00edny<\/td>\n<td>Osmo Tvrd\u00fd voskov\u00fd olej Barevn\u00fd je k dost\u00e1n\u00ed v 8 barevn\u00fdch odst\u00ednech<\/td>\n<\/tr>\n<tr>\n<td><\/td>\n<td>\u010d. 3071 medov\u00e1<\/td>\n<\/tr>\n<tr>\n<td><\/td>\n<td>\u010d. 3072 jantarov\u00e1<\/td>\n<\/tr>\n<tr>\n<td><\/td>\n<td>\u010d. 3073 hn\u011bd\u00e1 zem<\/td>\n<\/tr>\n<tr>\n<td><\/td>\n<td>\u010d. 3074 grafit<\/td>\n<\/tr>\n<tr>\n<td><\/td>\n<td>\u010d. 3075 \u010dern\u00e1<\/td>\n<\/tr>\n<tr>\n<td><\/td>\n<td>\u010d. 3091 st\u0159\u00edbrn\u00e1<\/td>\n<\/tr>\n<tr>\n<td><\/td>\n<td>\u010d. 3092 zlat\u00e1<\/td>\n<\/tr>\n<tr>\n<td>Velikosti balen\u00ed<\/td>\n<td>0,375 l, 0,75 l, 2,5 l<\/td>\n<\/tr>\n<tr>\n<td>Vydatnost<\/td>\n<td>1l sta\u010d\u00ed p\u0159i 1 n\u00e1t\u011bru na cca 24 m2<\/td>\n<\/tr>\n<tr>\n<td>Zbo\u017e\u00ed m\u016f\u017eete objedn\u00e1vat pop\u0159\u00edpad\u011b dohodnout OBJEKTOV\u00c9 CENY i prost\u0159ednictv\u00edm e-mailu<\/td>\n<td>stairsbalak@gmail.com<\/td>\n<\/tr><\/div>\n<\/table>\n","protected":false},"excerpt":{"rendered":"<p>D\u00e1rek: Slevov\u00fd kup\u00f3n v hodnot\u011b 10% v ko\u0161\u00edku Hn\u011bd\u00e1 zem Osv\u011bd\u010den\u00fd Tvrd\u00fd voskov\u00fd olej v barevn\u00fdch variant\u00e1ch \u2013 pro individu\u00e1ln\u011b barevn\u00e9 d\u0159ev\u011bn\u00e9 podlahy!Transparentn\u00ed, polomatn\u00fd, k pou\u017eit\u00ed uvnit\u0159Obzvl\u00e1\u0161t\u011b se doporu\u010duje pro masivn\u00ed podlahov\u00e9 palubky, selsk\u00e1 prkna, parketov\u00e9 podlahy, OSB a korkov\u00e9 podlahy; tak\u00e9 vhodn\u00fd na plochy n\u00e1bytku a lepen\u00e9 d\u0159evo.Tvrd\u00fd voskov\u00fd olej Barevn\u00fd vytvo\u0159\u00ed barevn\u011b transparentn\u00ed [&hellip;]<\/p>\n","protected":false},"featured_media":34687,"comment_status":"open","ping_status":"open","template":"","meta":[],"product_brand":[],"product_cat":[50,52,51],"product_tag":[],"class_list":{"0":"post-34587","1":"product","2":"type-product","3":"status-publish","4":"has-post-thumbnail","6":"product_cat-barvy","7":"product_cat-chemie","8":"product_cat-laky","10":"first","11":"instock","12":"sale","13":"shipping-taxable","14":"purchasable","15":"product-type-simple"},"yoast_head":"<!-- This site is optimized with the Yoast SEO plugin v26.8 - https:\/\/yoast.com\/product\/yoast-seo-wordpress\/ -->\n<title>Akce OSMO 3073 Tvrd\u00fd voskov\u00fd olej 0,75 L -<\/title>\n<meta name=\"robots\" content=\"index, follow, max-snippet:-1, max-image-preview:large, max-video-preview:-1\" \/>\n<link rel=\"canonical\" href=\"https:\/\/www.oknobuild.com\/index.php\/produkt\/akce-osmo-3073-tvrdy-voskovy-olej-0-75-l-34587\/\" \/>\n<meta property=\"og:locale\" content=\"cs_CZ\" \/>\n<meta property=\"og:type\" content=\"article\" \/>\n<meta property=\"og:title\" content=\"Akce OSMO 3073 Tvrd\u00fd voskov\u00fd olej 0,75 L -\" \/>\n<meta property=\"og:description\" content=\"D\u00e1rek: Slevov\u00fd kup\u00f3n v hodnot\u011b 10% v ko\u0161\u00edku Hn\u011bd\u00e1 zem Osv\u011bd\u010den\u00fd Tvrd\u00fd voskov\u00fd olej v barevn\u00fdch variant\u00e1ch \u2013 pro individu\u00e1ln\u011b barevn\u00e9 d\u0159ev\u011bn\u00e9 podlahy!Transparentn\u00ed, polomatn\u00fd, k pou\u017eit\u00ed uvnit\u0159Obzvl\u00e1\u0161t\u011b se doporu\u010duje pro masivn\u00ed podlahov\u00e9 palubky, selsk\u00e1 prkna, parketov\u00e9 podlahy, OSB a korkov\u00e9 podlahy; tak\u00e9 vhodn\u00fd na plochy n\u00e1bytku a lepen\u00e9 d\u0159evo.Tvrd\u00fd voskov\u00fd olej Barevn\u00fd vytvo\u0159\u00ed barevn\u011b transparentn\u00ed [&hellip;]\" \/>\n<meta property=\"og:url\" content=\"https:\/\/www.oknobuild.com\/index.php\/produkt\/akce-osmo-3073-tvrdy-voskovy-olej-0-75-l-34587\/\" \/>\n<meta property=\"og:image\" content=\"https:\/\/www.oknobuild.com\/wp-content\/uploads\/2026\/SK0020449-CZ20260425-092328-0-1777080210-csm_aaasaslider-osssmo-farbe-inssssnen-shartwachs-oel-farbi.webp\" \/>\n\t<meta property=\"og:image:width\" content=\"562\" \/>\n\t<meta property=\"og:image:height\" content=\"562\" \/>\n\t<meta property=\"og:image:type\" content=\"image\/webp\" \/>\n<meta name=\"twitter:card\" content=\"summary_large_image\" \/>\n<meta name=\"twitter:label1\" content=\"Odhadovan\u00e1 doba \u010dten\u00ed\" \/>\n\t<meta name=\"twitter:data1\" content=\"1 minuta\" \/>\n<script type=\"application\/ld+json\" class=\"yoast-schema-graph\">{\"@context\":\"https:\/\/schema.org\",\"@graph\":[{\"@type\":\"WebPage\",\"@id\":\"https:\/\/www.oknobuild.com\/index.php\/produkt\/akce-osmo-3073-tvrdy-voskovy-olej-0-75-l-34587\/\",\"url\":\"https:\/\/www.oknobuild.com\/index.php\/produkt\/akce-osmo-3073-tvrdy-voskovy-olej-0-75-l-34587\/\",\"name\":\"Akce OSMO 3073 Tvrd\u00fd voskov\u00fd olej 0,75 L -\",\"isPartOf\":{\"@id\":\"https:\/\/www.oknobuild.com\/#website\"},\"primaryImageOfPage\":{\"@id\":\"https:\/\/www.oknobuild.com\/index.php\/produkt\/akce-osmo-3073-tvrdy-voskovy-olej-0-75-l-34587\/#primaryimage\"},\"image\":{\"@id\":\"https:\/\/www.oknobuild.com\/index.php\/produkt\/akce-osmo-3073-tvrdy-voskovy-olej-0-75-l-34587\/#primaryimage\"},\"thumbnailUrl\":\"https:\/\/www.oknobuild.com\/wp-content\/uploads\/2026\/SK0020449-CZ20260425-092328-0-1777080210-csm_aaasaslider-osssmo-farbe-inssssnen-shartwachs-oel-farbi.webp\",\"datePublished\":\"2026-04-27T04:42:03+00:00\",\"breadcrumb\":{\"@id\":\"https:\/\/www.oknobuild.com\/index.php\/produkt\/akce-osmo-3073-tvrdy-voskovy-olej-0-75-l-34587\/#breadcrumb\"},\"inLanguage\":\"cs\",\"potentialAction\":[{\"@type\":\"ReadAction\",\"target\":[\"https:\/\/www.oknobuild.com\/index.php\/produkt\/akce-osmo-3073-tvrdy-voskovy-olej-0-75-l-34587\/\"]}]},{\"@type\":\"ImageObject\",\"inLanguage\":\"cs\",\"@id\":\"https:\/\/www.oknobuild.com\/index.php\/produkt\/akce-osmo-3073-tvrdy-voskovy-olej-0-75-l-34587\/#primaryimage\",\"url\":\"https:\/\/www.oknobuild.com\/wp-content\/uploads\/2026\/SK0020449-CZ20260425-092328-0-1777080210-csm_aaasaslider-osssmo-farbe-inssssnen-shartwachs-oel-farbi.webp\",\"contentUrl\":\"https:\/\/www.oknobuild.com\/wp-content\/uploads\/2026\/SK0020449-CZ20260425-092328-0-1777080210-csm_aaasaslider-osssmo-farbe-inssssnen-shartwachs-oel-farbi.webp\",\"width\":562,\"height\":562},{\"@type\":\"BreadcrumbList\",\"@id\":\"https:\/\/www.oknobuild.com\/index.php\/produkt\/akce-osmo-3073-tvrdy-voskovy-olej-0-75-l-34587\/#breadcrumb\",\"itemListElement\":[{\"@type\":\"ListItem\",\"position\":1,\"name\":\"Home\",\"item\":\"https:\/\/www.oknobuild.com\/\"},{\"@type\":\"ListItem\",\"position\":2,\"name\":\"Products\",\"item\":\"https:\/\/www.oknobuild.com\/index.php\/products\/\"},{\"@type\":\"ListItem\",\"position\":3,\"name\":\"Akce OSMO 3073 Tvrd\u00fd voskov\u00fd olej 0,75 L\"}]},{\"@type\":\"WebSite\",\"@id\":\"https:\/\/www.oknobuild.com\/#website\",\"url\":\"https:\/\/www.oknobuild.com\/\",\"name\":\"\",\"description\":\"\",\"potentialAction\":[{\"@type\":\"SearchAction\",\"target\":{\"@type\":\"EntryPoint\",\"urlTemplate\":\"https:\/\/www.oknobuild.com\/?s={search_term_string}\"},\"query-input\":{\"@type\":\"PropertyValueSpecification\",\"valueRequired\":true,\"valueName\":\"search_term_string\"}}],\"inLanguage\":\"cs\"}]}<\/script>\n<!-- \/ Yoast SEO plugin. -->","yoast_head_json":{"title":"Akce OSMO 3073 Tvrd\u00fd voskov\u00fd olej 0,75 L -","robots":{"index":"index","follow":"follow","max-snippet":"max-snippet:-1","max-image-preview":"max-image-preview:large","max-video-preview":"max-video-preview:-1"},"canonical":"https:\/\/www.oknobuild.com\/index.php\/produkt\/akce-osmo-3073-tvrdy-voskovy-olej-0-75-l-34587\/","og_locale":"cs_CZ","og_type":"article","og_title":"Akce OSMO 3073 Tvrd\u00fd voskov\u00fd olej 0,75 L -","og_description":"D\u00e1rek: Slevov\u00fd kup\u00f3n v hodnot\u011b 10% v ko\u0161\u00edku Hn\u011bd\u00e1 zem Osv\u011bd\u010den\u00fd Tvrd\u00fd voskov\u00fd olej v barevn\u00fdch variant\u00e1ch \u2013 pro individu\u00e1ln\u011b barevn\u00e9 d\u0159ev\u011bn\u00e9 podlahy!Transparentn\u00ed, polomatn\u00fd, k pou\u017eit\u00ed uvnit\u0159Obzvl\u00e1\u0161t\u011b se doporu\u010duje pro masivn\u00ed podlahov\u00e9 palubky, selsk\u00e1 prkna, parketov\u00e9 podlahy, OSB a korkov\u00e9 podlahy; tak\u00e9 vhodn\u00fd na plochy n\u00e1bytku a lepen\u00e9 d\u0159evo.Tvrd\u00fd voskov\u00fd olej Barevn\u00fd vytvo\u0159\u00ed barevn\u011b transparentn\u00ed [&hellip;]","og_url":"https:\/\/www.oknobuild.com\/index.php\/produkt\/akce-osmo-3073-tvrdy-voskovy-olej-0-75-l-34587\/","og_image":[{"width":562,"height":562,"url":"https:\/\/www.oknobuild.com\/wp-content\/uploads\/2026\/SK0020449-CZ20260425-092328-0-1777080210-csm_aaasaslider-osssmo-farbe-inssssnen-shartwachs-oel-farbi.webp","type":"image\/webp"}],"twitter_card":"summary_large_image","twitter_misc":{"Odhadovan\u00e1 doba \u010dten\u00ed":"1 minuta"},"schema":{"@context":"https:\/\/schema.org","@graph":[{"@type":"WebPage","@id":"https:\/\/www.oknobuild.com\/index.php\/produkt\/akce-osmo-3073-tvrdy-voskovy-olej-0-75-l-34587\/","url":"https:\/\/www.oknobuild.com\/index.php\/produkt\/akce-osmo-3073-tvrdy-voskovy-olej-0-75-l-34587\/","name":"Akce OSMO 3073 Tvrd\u00fd voskov\u00fd olej 0,75 L -","isPartOf":{"@id":"https:\/\/www.oknobuild.com\/#website"},"primaryImageOfPage":{"@id":"https:\/\/www.oknobuild.com\/index.php\/produkt\/akce-osmo-3073-tvrdy-voskovy-olej-0-75-l-34587\/#primaryimage"},"image":{"@id":"https:\/\/www.oknobuild.com\/index.php\/produkt\/akce-osmo-3073-tvrdy-voskovy-olej-0-75-l-34587\/#primaryimage"},"thumbnailUrl":"https:\/\/www.oknobuild.com\/wp-content\/uploads\/2026\/SK0020449-CZ20260425-092328-0-1777080210-csm_aaasaslider-osssmo-farbe-inssssnen-shartwachs-oel-farbi.webp","datePublished":"2026-04-27T04:42:03+00:00","breadcrumb":{"@id":"https:\/\/www.oknobuild.com\/index.php\/produkt\/akce-osmo-3073-tvrdy-voskovy-olej-0-75-l-34587\/#breadcrumb"},"inLanguage":"cs","potentialAction":[{"@type":"ReadAction","target":["https:\/\/www.oknobuild.com\/index.php\/produkt\/akce-osmo-3073-tvrdy-voskovy-olej-0-75-l-34587\/"]}]},{"@type":"ImageObject","inLanguage":"cs","@id":"https:\/\/www.oknobuild.com\/index.php\/produkt\/akce-osmo-3073-tvrdy-voskovy-olej-0-75-l-34587\/#primaryimage","url":"https:\/\/www.oknobuild.com\/wp-content\/uploads\/2026\/SK0020449-CZ20260425-092328-0-1777080210-csm_aaasaslider-osssmo-farbe-inssssnen-shartwachs-oel-farbi.webp","contentUrl":"https:\/\/www.oknobuild.com\/wp-content\/uploads\/2026\/SK0020449-CZ20260425-092328-0-1777080210-csm_aaasaslider-osssmo-farbe-inssssnen-shartwachs-oel-farbi.webp","width":562,"height":562},{"@type":"BreadcrumbList","@id":"https:\/\/www.oknobuild.com\/index.php\/produkt\/akce-osmo-3073-tvrdy-voskovy-olej-0-75-l-34587\/#breadcrumb","itemListElement":[{"@type":"ListItem","position":1,"name":"Home","item":"https:\/\/www.oknobuild.com\/"},{"@type":"ListItem","position":2,"name":"Products","item":"https:\/\/www.oknobuild.com\/index.php\/products\/"},{"@type":"ListItem","position":3,"name":"Akce OSMO 3073 Tvrd\u00fd voskov\u00fd olej 0,75 L"}]},{"@type":"WebSite","@id":"https:\/\/www.oknobuild.com\/#website","url":"https:\/\/www.oknobuild.com\/","name":"","description":"","potentialAction":[{"@type":"SearchAction","target":{"@type":"EntryPoint","urlTemplate":"https:\/\/www.oknobuild.com\/?s={search_term_string}"},"query-input":{"@type":"PropertyValueSpecification","valueRequired":true,"valueName":"search_term_string"}}],"inLanguage":"cs"}]}},"_links":{"self":[{"href":"https:\/\/www.oknobuild.com\/index.php\/wp-json\/wp\/v2\/product\/34587","targetHints":{"allow":["GET"]}}],"collection":[{"href":"https:\/\/www.oknobuild.com\/index.php\/wp-json\/wp\/v2\/product"}],"about":[{"href":"https:\/\/www.oknobuild.com\/index.php\/wp-json\/wp\/v2\/types\/product"}],"replies":[{"embeddable":true,"href":"https:\/\/www.oknobuild.com\/index.php\/wp-json\/wp\/v2\/comments?post=34587"}],"wp:featuredmedia":[{"embeddable":true,"href":"https:\/\/www.oknobuild.com\/index.php\/wp-json\/wp\/v2\/media\/34687"}],"wp:attachment":[{"href":"https:\/\/www.oknobuild.com\/index.php\/wp-json\/wp\/v2\/media?parent=34587"}],"wp:term":[{"taxonomy":"product_brand","embeddable":true,"href":"https:\/\/www.oknobuild.com\/index.php\/wp-json\/wp\/v2\/product_brand?post=34587"},{"taxonomy":"product_cat","embeddable":true,"href":"https:\/\/www.oknobuild.com\/index.php\/wp-json\/wp\/v2\/product_cat?post=34587"},{"taxonomy":"product_tag","embeddable":true,"href":"https:\/\/www.oknobuild.com\/index.php\/wp-json\/wp\/v2\/product_tag?post=34587"}],"curies":[{"name":"wp","href":"https:\/\/api.w.org\/{rel}","templated":true}]}}