{"id":35170,"date":"2026-04-27T04:42:04","date_gmt":"2026-04-27T04:42:04","guid":{"rendered":""},"modified":"2026-04-27T04:42:04","modified_gmt":"2026-04-27T04:42:04","slug":"znackovy-osmo-731-ochranna-olejova-lazura-0-75-l-35170","status":"publish","type":"product","link":"https:\/\/www.oknobuild.com\/index.php\/produkt\/znackovy-osmo-731-ochranna-olejova-lazura-0-75-l-35170\/","title":{"rendered":"Zna\u010dkov\u00fd OSMO 731 Ochrann\u00e1 olejov\u00e1 lazura 0,75 L"},"content":{"rendered":"<table>\n<div class=\"tab-pane active product-description\" id=\"popis\" role=\"tabpanel\">\n<div class=\"gift-text\">D\u00e1rek: Slevov\u00fd kup\u00f3n v hodnot\u011b 10% v ko\u0161\u00edku<\/div>\n<div class=\"short-description\" itemprop=\"description\">Oregon-Pine<\/div>\n<div class=\"description\">\n<p><span class=\"bullet-line\">Penetrace a lazura sjednocen\u00e1 v jednom n\u00e1t\u011bru \u2013 inovativn\u00ed dlouhodob\u00e1 ochrana d\u0159eva na b\u00e1zi oleje!<\/span><br \/><span class=\"bullet-line\">Transparentn\u00ed, polomatn\u00e1, k pou\u017eit\u00ed venku<\/span><br \/><span class=\"bullet-line\">Zvl\u00e1\u0161t\u011b se doporu\u010duje na d\u0159ev\u011bn\u00e9 fas\u00e1dy, p\u0159\u00edst\u0159e\u0161ky pro auta, balk\u00f3ny, ploty, pohledov\u00e9 z\u00e1brany atd.<\/span><br \/><span class=\"bullet-line\">Ochrann\u00e1 olejov\u00e1 lazura odpuzuje vodu a je mimo\u0159\u00e1dn\u011b odoln\u00e1 v\u016f\u010di pov\u011btrnostn\u00edm vliv\u016fm a UV z\u00e1\u0159en\u00ed.&nbsp;<\/span><br \/><span class=\"bullet-line\">Por\u00e9zn\u00ed povrch s otev\u0159en\u00fdmi p\u00f3ry je preventivn\u011b chr\u00e1n\u011bn proti napaden\u00ed pl\u00edsn\u00ed, \u0159asou a houbou.<\/span><br \/><span class=\"bullet-line\">Ochrann\u00e1 olejov\u00e1 lazura \u010d. 731 je matn\u00fd samostatn\u00fd n\u00e1t\u011br pro svisl\u00e9 chr\u00e1n\u011bn\u00e9 venkovn\u00ed konstrukce jako jsou st\u0159e\u0161n\u00ed podhledy, p\u0159\u00edst\u0159e\u0161ky na auta nebo opl\u00e1\u0161t\u011bn\u00ed budov.&nbsp;<\/span><br \/><span class=\"bullet-line\">Osmo Ochrann\u00e1 olejov\u00e1 lazura 731 bezbarv\u00e1 neposkytuje \u017e\u00e1dnou ochranu proti UV z\u00e1\u0159en\u00ed, a proto nen\u00ed doporu\u010dov\u00e1na pro aplikace na p\u0159\u00edm\u00e9m slunci<\/span><br \/><span class=\"bullet-line\">Je takt\u00e9\u017e vhodn\u00e1 jako bezbarv\u00fd, matn\u00fd vrchn\u00ed n\u00e1t\u011br (pouze pro svisl\u00e9 plochy) na barevn\u00e9 Osmo venkovn\u00ed vrchn\u00ed n\u00e1t\u011bry jako jsou Osmo Selsk\u00e1 barva, Osmo Ochrann\u00e1 olejov\u00e1 lazura nebo Osmo Jednor\u00e1zov\u00e1 lazura HS plus.&nbsp;<\/span><br \/><span class=\"bullet-line\">Doc\u00edl\u00edte t\u00edm dodate\u010dn\u00e9ho p\u0159\u00edrodn\u00edho matn\u00e9ho vzhledu povrchu.<\/span><\/p>\n<\/div>\n<div class=\"parameters\">\n<tr>\n<td>Balen\u00ed v litrech<\/td>\n<td>0,75<\/td>\n<\/tr>\n<tr>\n<td>Po\u010det n\u00e1t\u011br\u016f<\/td>\n<td>U d\u0159eva bez povrchov\u00e9 \u00fapravy dva n\u00e1t\u011bry, v p\u0159\u00edpad\u011b renovace sta\u010d\u00ed zpravidla jeden n\u00e1t\u011br na o\u010di\u0161t\u011bn\u00fd povrch \u2013 bez obru\u0161ov\u00e1n\u00ed!<\/td>\n<\/tr>\n<tr>\n<td>1 litr<\/td>\n<td>sta\u010d\u00ed p\u0159i jednom n\u00e1t\u011bru na cca 26 m2<\/td>\n<\/tr>\n<tr>\n<td>Specifick\u00e1 hmotnost<\/td>\n<td>0,95 &#8211; 1,1 g\/cm\u00b3<\/td>\n<\/tr>\n<tr>\n<td>Viskozita<\/td>\n<td>30 &#8211; 60 s (DIN EN ISO 2431\/3mm , hust\u00e1 )<\/td>\n<\/tr>\n<tr>\n<td>Z\u00e1pach<\/td>\n<td>slab\u00fd\/m\u00edrn\u00fd, po uschnut\u00ed bez z\u00e1pachu<\/td>\n<\/tr>\n<tr>\n<td>Bod vzplanut\u00ed<\/td>\n<td>&gt; 61\u00b0C podle DIN EN ISO 2719<\/td>\n<\/tr>\n<tr>\n<td>Zbo\u017e\u00ed m\u016f\u017eete objedn\u00e1vat pop\u0159\u00edpad\u011b dohodnout OBJEKTOV\u00c9 CENY i prost\u0159ednictv\u00edm e-mailu<\/td>\n<td>stairsbalak@gmail.com<\/td>\n<\/tr><\/div>\n<\/table>\n","protected":false},"excerpt":{"rendered":"<p>D\u00e1rek: Slevov\u00fd kup\u00f3n v hodnot\u011b 10% v ko\u0161\u00edku Oregon-Pine Penetrace a lazura sjednocen\u00e1 v jednom n\u00e1t\u011bru \u2013 inovativn\u00ed dlouhodob\u00e1 ochrana d\u0159eva na b\u00e1zi oleje!Transparentn\u00ed, polomatn\u00e1, k pou\u017eit\u00ed venkuZvl\u00e1\u0161t\u011b se doporu\u010duje na d\u0159ev\u011bn\u00e9 fas\u00e1dy, p\u0159\u00edst\u0159e\u0161ky pro auta, balk\u00f3ny, ploty, pohledov\u00e9 z\u00e1brany atd.Ochrann\u00e1 olejov\u00e1 lazura odpuzuje vodu a je mimo\u0159\u00e1dn\u011b odoln\u00e1 v\u016f\u010di pov\u011btrnostn\u00edm vliv\u016fm a UV z\u00e1\u0159en\u00ed.&nbsp;Por\u00e9zn\u00ed [&hellip;]<\/p>\n","protected":false},"featured_media":35270,"comment_status":"open","ping_status":"open","template":"","meta":[],"product_brand":[],"product_cat":[50,52,51],"product_tag":[],"class_list":{"0":"post-35170","1":"product","2":"type-product","3":"status-publish","4":"has-post-thumbnail","6":"product_cat-barvy","7":"product_cat-chemie","8":"product_cat-laky","10":"first","11":"instock","12":"sale","13":"shipping-taxable","14":"purchasable","15":"product-type-simple"},"yoast_head":"<!-- This site is optimized with the Yoast SEO plugin v26.8 - https:\/\/yoast.com\/product\/yoast-seo-wordpress\/ -->\n<title>Zna\u010dkov\u00fd OSMO 731 Ochrann\u00e1 olejov\u00e1 lazura 0,75 L -<\/title>\n<meta name=\"robots\" content=\"index, follow, max-snippet:-1, max-image-preview:large, max-video-preview:-1\" \/>\n<link rel=\"canonical\" href=\"https:\/\/www.oknobuild.com\/index.php\/produkt\/znackovy-osmo-731-ochranna-olejova-lazura-0-75-l-35170\/\" \/>\n<meta property=\"og:locale\" content=\"cs_CZ\" \/>\n<meta property=\"og:type\" content=\"article\" \/>\n<meta property=\"og:title\" content=\"Zna\u010dkov\u00fd OSMO 731 Ochrann\u00e1 olejov\u00e1 lazura 0,75 L -\" \/>\n<meta property=\"og:description\" content=\"D\u00e1rek: Slevov\u00fd kup\u00f3n v hodnot\u011b 10% v ko\u0161\u00edku Oregon-Pine Penetrace a lazura sjednocen\u00e1 v jednom n\u00e1t\u011bru \u2013 inovativn\u00ed dlouhodob\u00e1 ochrana d\u0159eva na b\u00e1zi oleje!Transparentn\u00ed, polomatn\u00e1, k pou\u017eit\u00ed venkuZvl\u00e1\u0161t\u011b se doporu\u010duje na d\u0159ev\u011bn\u00e9 fas\u00e1dy, p\u0159\u00edst\u0159e\u0161ky pro auta, balk\u00f3ny, ploty, pohledov\u00e9 z\u00e1brany atd.Ochrann\u00e1 olejov\u00e1 lazura odpuzuje vodu a je mimo\u0159\u00e1dn\u011b odoln\u00e1 v\u016f\u010di pov\u011btrnostn\u00edm vliv\u016fm a UV z\u00e1\u0159en\u00ed.&nbsp;Por\u00e9zn\u00ed [&hellip;]\" \/>\n<meta property=\"og:url\" content=\"https:\/\/www.oknobuild.com\/index.php\/produkt\/znackovy-osmo-731-ochranna-olejova-lazura-0-75-l-35170\/\" \/>\n<meta property=\"og:image\" content=\"https:\/\/www.oknobuild.com\/wp-content\/uploads\/2026\/SK0020732-CZ20260425-092328-0-1777080210-ysysssyyyssyssy_1.webp\" \/>\n\t<meta property=\"og:image:width\" content=\"566\" \/>\n\t<meta property=\"og:image:height\" content=\"566\" \/>\n\t<meta property=\"og:image:type\" content=\"image\/webp\" \/>\n<meta name=\"twitter:card\" content=\"summary_large_image\" \/>\n<meta name=\"twitter:label1\" content=\"Odhadovan\u00e1 doba \u010dten\u00ed\" \/>\n\t<meta name=\"twitter:data1\" content=\"2 minuty\" \/>\n<script type=\"application\/ld+json\" class=\"yoast-schema-graph\">{\"@context\":\"https:\/\/schema.org\",\"@graph\":[{\"@type\":\"WebPage\",\"@id\":\"https:\/\/www.oknobuild.com\/index.php\/produkt\/znackovy-osmo-731-ochranna-olejova-lazura-0-75-l-35170\/\",\"url\":\"https:\/\/www.oknobuild.com\/index.php\/produkt\/znackovy-osmo-731-ochranna-olejova-lazura-0-75-l-35170\/\",\"name\":\"Zna\u010dkov\u00fd OSMO 731 Ochrann\u00e1 olejov\u00e1 lazura 0,75 L -\",\"isPartOf\":{\"@id\":\"https:\/\/www.oknobuild.com\/#website\"},\"primaryImageOfPage\":{\"@id\":\"https:\/\/www.oknobuild.com\/index.php\/produkt\/znackovy-osmo-731-ochranna-olejova-lazura-0-75-l-35170\/#primaryimage\"},\"image\":{\"@id\":\"https:\/\/www.oknobuild.com\/index.php\/produkt\/znackovy-osmo-731-ochranna-olejova-lazura-0-75-l-35170\/#primaryimage\"},\"thumbnailUrl\":\"https:\/\/www.oknobuild.com\/wp-content\/uploads\/2026\/SK0020732-CZ20260425-092328-0-1777080210-ysysssyyyssyssy_1.webp\",\"datePublished\":\"2026-04-27T04:42:04+00:00\",\"breadcrumb\":{\"@id\":\"https:\/\/www.oknobuild.com\/index.php\/produkt\/znackovy-osmo-731-ochranna-olejova-lazura-0-75-l-35170\/#breadcrumb\"},\"inLanguage\":\"cs\",\"potentialAction\":[{\"@type\":\"ReadAction\",\"target\":[\"https:\/\/www.oknobuild.com\/index.php\/produkt\/znackovy-osmo-731-ochranna-olejova-lazura-0-75-l-35170\/\"]}]},{\"@type\":\"ImageObject\",\"inLanguage\":\"cs\",\"@id\":\"https:\/\/www.oknobuild.com\/index.php\/produkt\/znackovy-osmo-731-ochranna-olejova-lazura-0-75-l-35170\/#primaryimage\",\"url\":\"https:\/\/www.oknobuild.com\/wp-content\/uploads\/2026\/SK0020732-CZ20260425-092328-0-1777080210-ysysssyyyssyssy_1.webp\",\"contentUrl\":\"https:\/\/www.oknobuild.com\/wp-content\/uploads\/2026\/SK0020732-CZ20260425-092328-0-1777080210-ysysssyyyssyssy_1.webp\",\"width\":566,\"height\":566},{\"@type\":\"BreadcrumbList\",\"@id\":\"https:\/\/www.oknobuild.com\/index.php\/produkt\/znackovy-osmo-731-ochranna-olejova-lazura-0-75-l-35170\/#breadcrumb\",\"itemListElement\":[{\"@type\":\"ListItem\",\"position\":1,\"name\":\"Home\",\"item\":\"https:\/\/www.oknobuild.com\/\"},{\"@type\":\"ListItem\",\"position\":2,\"name\":\"Products\",\"item\":\"https:\/\/www.oknobuild.com\/index.php\/products\/\"},{\"@type\":\"ListItem\",\"position\":3,\"name\":\"Zna\u010dkov\u00fd OSMO 731 Ochrann\u00e1 olejov\u00e1 lazura 0,75 L\"}]},{\"@type\":\"WebSite\",\"@id\":\"https:\/\/www.oknobuild.com\/#website\",\"url\":\"https:\/\/www.oknobuild.com\/\",\"name\":\"\",\"description\":\"\",\"potentialAction\":[{\"@type\":\"SearchAction\",\"target\":{\"@type\":\"EntryPoint\",\"urlTemplate\":\"https:\/\/www.oknobuild.com\/?s={search_term_string}\"},\"query-input\":{\"@type\":\"PropertyValueSpecification\",\"valueRequired\":true,\"valueName\":\"search_term_string\"}}],\"inLanguage\":\"cs\"}]}<\/script>\n<!-- \/ Yoast SEO plugin. -->","yoast_head_json":{"title":"Zna\u010dkov\u00fd OSMO 731 Ochrann\u00e1 olejov\u00e1 lazura 0,75 L -","robots":{"index":"index","follow":"follow","max-snippet":"max-snippet:-1","max-image-preview":"max-image-preview:large","max-video-preview":"max-video-preview:-1"},"canonical":"https:\/\/www.oknobuild.com\/index.php\/produkt\/znackovy-osmo-731-ochranna-olejova-lazura-0-75-l-35170\/","og_locale":"cs_CZ","og_type":"article","og_title":"Zna\u010dkov\u00fd OSMO 731 Ochrann\u00e1 olejov\u00e1 lazura 0,75 L -","og_description":"D\u00e1rek: Slevov\u00fd kup\u00f3n v hodnot\u011b 10% v ko\u0161\u00edku Oregon-Pine Penetrace a lazura sjednocen\u00e1 v jednom n\u00e1t\u011bru \u2013 inovativn\u00ed dlouhodob\u00e1 ochrana d\u0159eva na b\u00e1zi oleje!Transparentn\u00ed, polomatn\u00e1, k pou\u017eit\u00ed venkuZvl\u00e1\u0161t\u011b se doporu\u010duje na d\u0159ev\u011bn\u00e9 fas\u00e1dy, p\u0159\u00edst\u0159e\u0161ky pro auta, balk\u00f3ny, ploty, pohledov\u00e9 z\u00e1brany atd.Ochrann\u00e1 olejov\u00e1 lazura odpuzuje vodu a je mimo\u0159\u00e1dn\u011b odoln\u00e1 v\u016f\u010di pov\u011btrnostn\u00edm vliv\u016fm a UV z\u00e1\u0159en\u00ed.&nbsp;Por\u00e9zn\u00ed [&hellip;]","og_url":"https:\/\/www.oknobuild.com\/index.php\/produkt\/znackovy-osmo-731-ochranna-olejova-lazura-0-75-l-35170\/","og_image":[{"width":566,"height":566,"url":"https:\/\/www.oknobuild.com\/wp-content\/uploads\/2026\/SK0020732-CZ20260425-092328-0-1777080210-ysysssyyyssyssy_1.webp","type":"image\/webp"}],"twitter_card":"summary_large_image","twitter_misc":{"Odhadovan\u00e1 doba \u010dten\u00ed":"2 minuty"},"schema":{"@context":"https:\/\/schema.org","@graph":[{"@type":"WebPage","@id":"https:\/\/www.oknobuild.com\/index.php\/produkt\/znackovy-osmo-731-ochranna-olejova-lazura-0-75-l-35170\/","url":"https:\/\/www.oknobuild.com\/index.php\/produkt\/znackovy-osmo-731-ochranna-olejova-lazura-0-75-l-35170\/","name":"Zna\u010dkov\u00fd OSMO 731 Ochrann\u00e1 olejov\u00e1 lazura 0,75 L -","isPartOf":{"@id":"https:\/\/www.oknobuild.com\/#website"},"primaryImageOfPage":{"@id":"https:\/\/www.oknobuild.com\/index.php\/produkt\/znackovy-osmo-731-ochranna-olejova-lazura-0-75-l-35170\/#primaryimage"},"image":{"@id":"https:\/\/www.oknobuild.com\/index.php\/produkt\/znackovy-osmo-731-ochranna-olejova-lazura-0-75-l-35170\/#primaryimage"},"thumbnailUrl":"https:\/\/www.oknobuild.com\/wp-content\/uploads\/2026\/SK0020732-CZ20260425-092328-0-1777080210-ysysssyyyssyssy_1.webp","datePublished":"2026-04-27T04:42:04+00:00","breadcrumb":{"@id":"https:\/\/www.oknobuild.com\/index.php\/produkt\/znackovy-osmo-731-ochranna-olejova-lazura-0-75-l-35170\/#breadcrumb"},"inLanguage":"cs","potentialAction":[{"@type":"ReadAction","target":["https:\/\/www.oknobuild.com\/index.php\/produkt\/znackovy-osmo-731-ochranna-olejova-lazura-0-75-l-35170\/"]}]},{"@type":"ImageObject","inLanguage":"cs","@id":"https:\/\/www.oknobuild.com\/index.php\/produkt\/znackovy-osmo-731-ochranna-olejova-lazura-0-75-l-35170\/#primaryimage","url":"https:\/\/www.oknobuild.com\/wp-content\/uploads\/2026\/SK0020732-CZ20260425-092328-0-1777080210-ysysssyyyssyssy_1.webp","contentUrl":"https:\/\/www.oknobuild.com\/wp-content\/uploads\/2026\/SK0020732-CZ20260425-092328-0-1777080210-ysysssyyyssyssy_1.webp","width":566,"height":566},{"@type":"BreadcrumbList","@id":"https:\/\/www.oknobuild.com\/index.php\/produkt\/znackovy-osmo-731-ochranna-olejova-lazura-0-75-l-35170\/#breadcrumb","itemListElement":[{"@type":"ListItem","position":1,"name":"Home","item":"https:\/\/www.oknobuild.com\/"},{"@type":"ListItem","position":2,"name":"Products","item":"https:\/\/www.oknobuild.com\/index.php\/products\/"},{"@type":"ListItem","position":3,"name":"Zna\u010dkov\u00fd OSMO 731 Ochrann\u00e1 olejov\u00e1 lazura 0,75 L"}]},{"@type":"WebSite","@id":"https:\/\/www.oknobuild.com\/#website","url":"https:\/\/www.oknobuild.com\/","name":"","description":"","potentialAction":[{"@type":"SearchAction","target":{"@type":"EntryPoint","urlTemplate":"https:\/\/www.oknobuild.com\/?s={search_term_string}"},"query-input":{"@type":"PropertyValueSpecification","valueRequired":true,"valueName":"search_term_string"}}],"inLanguage":"cs"}]}},"_links":{"self":[{"href":"https:\/\/www.oknobuild.com\/index.php\/wp-json\/wp\/v2\/product\/35170","targetHints":{"allow":["GET"]}}],"collection":[{"href":"https:\/\/www.oknobuild.com\/index.php\/wp-json\/wp\/v2\/product"}],"about":[{"href":"https:\/\/www.oknobuild.com\/index.php\/wp-json\/wp\/v2\/types\/product"}],"replies":[{"embeddable":true,"href":"https:\/\/www.oknobuild.com\/index.php\/wp-json\/wp\/v2\/comments?post=35170"}],"wp:featuredmedia":[{"embeddable":true,"href":"https:\/\/www.oknobuild.com\/index.php\/wp-json\/wp\/v2\/media\/35270"}],"wp:attachment":[{"href":"https:\/\/www.oknobuild.com\/index.php\/wp-json\/wp\/v2\/media?parent=35170"}],"wp:term":[{"taxonomy":"product_brand","embeddable":true,"href":"https:\/\/www.oknobuild.com\/index.php\/wp-json\/wp\/v2\/product_brand?post=35170"},{"taxonomy":"product_cat","embeddable":true,"href":"https:\/\/www.oknobuild.com\/index.php\/wp-json\/wp\/v2\/product_cat?post=35170"},{"taxonomy":"product_tag","embeddable":true,"href":"https:\/\/www.oknobuild.com\/index.php\/wp-json\/wp\/v2\/product_tag?post=35170"}],"curies":[{"name":"wp","href":"https:\/\/api.w.org\/{rel}","templated":true}]}}