{"id":35303,"date":"2026-04-27T04:42:05","date_gmt":"2026-04-27T04:42:05","guid":{"rendered":""},"modified":"2026-04-27T04:42:05","modified_gmt":"2026-04-27T04:42:05","slug":"akce-osmo-9261-jednorazova-lazura-hsplus-2-50-l-35303","status":"publish","type":"product","link":"https:\/\/www.oknobuild.com\/index.php\/produkt\/akce-osmo-9261-jednorazova-lazura-hsplus-2-50-l-35303\/","title":{"rendered":"Akce OSMO 9261 Jednor\u00e1zov\u00e1 lazura HSPLUS 2,50 L"},"content":{"rendered":"<table>\n<div class=\"tab-pane active product-description\" id=\"popis\" role=\"tabpanel\">\n<div class=\"gift-text\">D\u00e1rek: Slevov\u00fd kup\u00f3n v hodnot\u011b 10% v ko\u0161\u00edku<\/div>\n<div class=\"short-description\" itemprop=\"description\">O\u0159ech<\/div>\n<div class=\"description\">\n<p><span class=\"bullet-line\">Dvoj\u00ed \u00faspora d\u00edky vysok\u00e9mu pod\u00edlu oleje \u2013 \u0161et\u0159\u00ed \u010das a pen\u00edze!<\/span><br \/><span class=\"bullet-line\">Transparentn\u00ed, polomatn\u00e1, k pou\u017eit\u00ed venku<\/span><br \/><span class=\"bullet-line\">Zvl\u00e1\u0161t\u011b se doporu\u010duje na fas\u00e1dy, balk\u00f3ny, p\u0159\u00edst\u0159e\u0161ky, zahradn\u00ed domky, pohledov\u00e9 z\u00e1brany, ploty\u2026<\/span><br \/><span class=\"bullet-line\">Jednor\u00e1zov\u00e1 lazura HSPLUS vyhlad\u00ed povrch d\u0159eva, neodpr\u00fdsk\u00e1v\u00e1, neprask\u00e1 a neodlupuje se.&nbsp;<\/span><br \/><span class=\"bullet-line\">N\u00e1t\u011br je trvanliv\u00fd, odoln\u00fd v\u016f\u010di pov\u011btrnostn\u00edm vliv\u016fm a UV z\u00e1\u0159en\u00ed, odpuzuje vodu a reguluje vlhkost.&nbsp;<\/span><br \/><span class=\"bullet-line\">Nenech\u00e1 d\u0159evo nabobtnat.<\/span><\/p>\n<\/div>\n<div class=\"parameters\">\n<tr>\n<td>Balen\u00ed v litrech<\/td>\n<td>2,50<\/td>\n<\/tr>\n<tr>\n<td>Po\u010det n\u00e1t\u011br\u016f<\/td>\n<td>Sta\u010d\u00ed jeden n\u00e1t\u011br!<\/td>\n<\/tr>\n<tr>\n<td>1 litr<\/td>\n<td>sta\u010d\u00ed p\u0159i jednom n\u00e1t\u011bru na cca 26 m2<\/td>\n<\/tr>\n<tr>\n<td>specifick\u00e1 hmotnost<\/td>\n<td>0,9 \u2013 1,0 g\/cm3<\/td>\n<\/tr>\n<tr>\n<td>viskozita<\/td>\n<td>&gt;50s DIN EN ISO 2431\/ 4 mm, hust\u00fd<\/td>\n<\/tr>\n<tr>\n<td>z\u00e1pach<\/td>\n<td>slab\u00fd \/ jemn\u00fd; po zaschnut\u00ed bez z\u00e1pachu<\/td>\n<\/tr>\n<tr>\n<td>teplota vzplanut\u00ed<\/td>\n<td>&gt; 60 \u00b0C (DIN EN ISO 2719)<\/td>\n<\/tr>\n<tr>\n<td>Zbo\u017e\u00ed m\u016f\u017eete objedn\u00e1vat pop\u0159\u00edpad\u011b dohodnout OBJEKTOV\u00c9 CENY i prost\u0159ednictv\u00edm e-mailu<\/td>\n<td>stairsbalak@gmail.com<\/td>\n<\/tr><\/div>\n<\/table>\n","protected":false},"excerpt":{"rendered":"<p>D\u00e1rek: Slevov\u00fd kup\u00f3n v hodnot\u011b 10% v ko\u0161\u00edku O\u0159ech Dvoj\u00ed \u00faspora d\u00edky vysok\u00e9mu pod\u00edlu oleje \u2013 \u0161et\u0159\u00ed \u010das a pen\u00edze!Transparentn\u00ed, polomatn\u00e1, k pou\u017eit\u00ed venkuZvl\u00e1\u0161t\u011b se doporu\u010duje na fas\u00e1dy, balk\u00f3ny, p\u0159\u00edst\u0159e\u0161ky, zahradn\u00ed domky, pohledov\u00e9 z\u00e1brany, ploty\u2026Jednor\u00e1zov\u00e1 lazura HSPLUS vyhlad\u00ed povrch d\u0159eva, neodpr\u00fdsk\u00e1v\u00e1, neprask\u00e1 a neodlupuje se.&nbsp;N\u00e1t\u011br je trvanliv\u00fd, odoln\u00fd v\u016f\u010di pov\u011btrnostn\u00edm vliv\u016fm a UV z\u00e1\u0159en\u00ed, odpuzuje [&hellip;]<\/p>\n","protected":false},"featured_media":35403,"comment_status":"open","ping_status":"open","template":"","meta":[],"product_brand":[],"product_cat":[50,52,51],"product_tag":[],"class_list":{"0":"post-35303","1":"product","2":"type-product","3":"status-publish","4":"has-post-thumbnail","6":"product_cat-barvy","7":"product_cat-chemie","8":"product_cat-laky","10":"first","11":"instock","12":"sale","13":"shipping-taxable","14":"purchasable","15":"product-type-simple"},"yoast_head":"<!-- This site is optimized with the Yoast SEO plugin v26.8 - https:\/\/yoast.com\/product\/yoast-seo-wordpress\/ -->\n<title>Akce OSMO 9261 Jednor\u00e1zov\u00e1 lazura HSPLUS 2,50 L -<\/title>\n<meta name=\"robots\" content=\"index, follow, max-snippet:-1, max-image-preview:large, max-video-preview:-1\" \/>\n<link rel=\"canonical\" href=\"https:\/\/www.oknobuild.com\/index.php\/produkt\/akce-osmo-9261-jednorazova-lazura-hsplus-2-50-l-35303\/\" \/>\n<meta property=\"og:locale\" content=\"cs_CZ\" \/>\n<meta property=\"og:type\" content=\"article\" \/>\n<meta property=\"og:title\" content=\"Akce OSMO 9261 Jednor\u00e1zov\u00e1 lazura HSPLUS 2,50 L -\" \/>\n<meta property=\"og:description\" content=\"D\u00e1rek: Slevov\u00fd kup\u00f3n v hodnot\u011b 10% v ko\u0161\u00edku O\u0159ech Dvoj\u00ed \u00faspora d\u00edky vysok\u00e9mu pod\u00edlu oleje \u2013 \u0161et\u0159\u00ed \u010das a pen\u00edze!Transparentn\u00ed, polomatn\u00e1, k pou\u017eit\u00ed venkuZvl\u00e1\u0161t\u011b se doporu\u010duje na fas\u00e1dy, balk\u00f3ny, p\u0159\u00edst\u0159e\u0161ky, zahradn\u00ed domky, pohledov\u00e9 z\u00e1brany, ploty\u2026Jednor\u00e1zov\u00e1 lazura HSPLUS vyhlad\u00ed povrch d\u0159eva, neodpr\u00fdsk\u00e1v\u00e1, neprask\u00e1 a neodlupuje se.&nbsp;N\u00e1t\u011br je trvanliv\u00fd, odoln\u00fd v\u016f\u010di pov\u011btrnostn\u00edm vliv\u016fm a UV z\u00e1\u0159en\u00ed, odpuzuje [&hellip;]\" \/>\n<meta property=\"og:url\" content=\"https:\/\/www.oknobuild.com\/index.php\/produkt\/akce-osmo-9261-jednorazova-lazura-hsplus-2-50-l-35303\/\" \/>\n<meta property=\"og:image\" content=\"https:\/\/www.oknobuild.com\/wp-content\/uploads\/2026\/SK0020765-CZ20260425-092328-0-1777080210-picturaaeypyyyroyaavsyysdidaaer.webp\" \/>\n\t<meta property=\"og:image:width\" content=\"562\" \/>\n\t<meta property=\"og:image:height\" content=\"562\" \/>\n\t<meta property=\"og:image:type\" content=\"image\/webp\" \/>\n<meta name=\"twitter:card\" content=\"summary_large_image\" \/>\n<meta name=\"twitter:label1\" content=\"Odhadovan\u00e1 doba \u010dten\u00ed\" \/>\n\t<meta name=\"twitter:data1\" content=\"1 minuta\" \/>\n<script type=\"application\/ld+json\" class=\"yoast-schema-graph\">{\"@context\":\"https:\/\/schema.org\",\"@graph\":[{\"@type\":\"WebPage\",\"@id\":\"https:\/\/www.oknobuild.com\/index.php\/produkt\/akce-osmo-9261-jednorazova-lazura-hsplus-2-50-l-35303\/\",\"url\":\"https:\/\/www.oknobuild.com\/index.php\/produkt\/akce-osmo-9261-jednorazova-lazura-hsplus-2-50-l-35303\/\",\"name\":\"Akce OSMO 9261 Jednor\u00e1zov\u00e1 lazura HSPLUS 2,50 L -\",\"isPartOf\":{\"@id\":\"https:\/\/www.oknobuild.com\/#website\"},\"primaryImageOfPage\":{\"@id\":\"https:\/\/www.oknobuild.com\/index.php\/produkt\/akce-osmo-9261-jednorazova-lazura-hsplus-2-50-l-35303\/#primaryimage\"},\"image\":{\"@id\":\"https:\/\/www.oknobuild.com\/index.php\/produkt\/akce-osmo-9261-jednorazova-lazura-hsplus-2-50-l-35303\/#primaryimage\"},\"thumbnailUrl\":\"https:\/\/www.oknobuild.com\/wp-content\/uploads\/2026\/SK0020765-CZ20260425-092328-0-1777080210-picturaaeypyyyroyaavsyysdidaaer.webp\",\"datePublished\":\"2026-04-27T04:42:05+00:00\",\"breadcrumb\":{\"@id\":\"https:\/\/www.oknobuild.com\/index.php\/produkt\/akce-osmo-9261-jednorazova-lazura-hsplus-2-50-l-35303\/#breadcrumb\"},\"inLanguage\":\"cs\",\"potentialAction\":[{\"@type\":\"ReadAction\",\"target\":[\"https:\/\/www.oknobuild.com\/index.php\/produkt\/akce-osmo-9261-jednorazova-lazura-hsplus-2-50-l-35303\/\"]}]},{\"@type\":\"ImageObject\",\"inLanguage\":\"cs\",\"@id\":\"https:\/\/www.oknobuild.com\/index.php\/produkt\/akce-osmo-9261-jednorazova-lazura-hsplus-2-50-l-35303\/#primaryimage\",\"url\":\"https:\/\/www.oknobuild.com\/wp-content\/uploads\/2026\/SK0020765-CZ20260425-092328-0-1777080210-picturaaeypyyyroyaavsyysdidaaer.webp\",\"contentUrl\":\"https:\/\/www.oknobuild.com\/wp-content\/uploads\/2026\/SK0020765-CZ20260425-092328-0-1777080210-picturaaeypyyyroyaavsyysdidaaer.webp\",\"width\":562,\"height\":562},{\"@type\":\"BreadcrumbList\",\"@id\":\"https:\/\/www.oknobuild.com\/index.php\/produkt\/akce-osmo-9261-jednorazova-lazura-hsplus-2-50-l-35303\/#breadcrumb\",\"itemListElement\":[{\"@type\":\"ListItem\",\"position\":1,\"name\":\"Home\",\"item\":\"https:\/\/www.oknobuild.com\/\"},{\"@type\":\"ListItem\",\"position\":2,\"name\":\"Products\",\"item\":\"https:\/\/www.oknobuild.com\/index.php\/products\/\"},{\"@type\":\"ListItem\",\"position\":3,\"name\":\"Akce OSMO 9261 Jednor\u00e1zov\u00e1 lazura HSPLUS 2,50 L\"}]},{\"@type\":\"WebSite\",\"@id\":\"https:\/\/www.oknobuild.com\/#website\",\"url\":\"https:\/\/www.oknobuild.com\/\",\"name\":\"\",\"description\":\"\",\"potentialAction\":[{\"@type\":\"SearchAction\",\"target\":{\"@type\":\"EntryPoint\",\"urlTemplate\":\"https:\/\/www.oknobuild.com\/?s={search_term_string}\"},\"query-input\":{\"@type\":\"PropertyValueSpecification\",\"valueRequired\":true,\"valueName\":\"search_term_string\"}}],\"inLanguage\":\"cs\"}]}<\/script>\n<!-- \/ Yoast SEO plugin. -->","yoast_head_json":{"title":"Akce OSMO 9261 Jednor\u00e1zov\u00e1 lazura HSPLUS 2,50 L -","robots":{"index":"index","follow":"follow","max-snippet":"max-snippet:-1","max-image-preview":"max-image-preview:large","max-video-preview":"max-video-preview:-1"},"canonical":"https:\/\/www.oknobuild.com\/index.php\/produkt\/akce-osmo-9261-jednorazova-lazura-hsplus-2-50-l-35303\/","og_locale":"cs_CZ","og_type":"article","og_title":"Akce OSMO 9261 Jednor\u00e1zov\u00e1 lazura HSPLUS 2,50 L -","og_description":"D\u00e1rek: Slevov\u00fd kup\u00f3n v hodnot\u011b 10% v ko\u0161\u00edku O\u0159ech Dvoj\u00ed \u00faspora d\u00edky vysok\u00e9mu pod\u00edlu oleje \u2013 \u0161et\u0159\u00ed \u010das a pen\u00edze!Transparentn\u00ed, polomatn\u00e1, k pou\u017eit\u00ed venkuZvl\u00e1\u0161t\u011b se doporu\u010duje na fas\u00e1dy, balk\u00f3ny, p\u0159\u00edst\u0159e\u0161ky, zahradn\u00ed domky, pohledov\u00e9 z\u00e1brany, ploty\u2026Jednor\u00e1zov\u00e1 lazura HSPLUS vyhlad\u00ed povrch d\u0159eva, neodpr\u00fdsk\u00e1v\u00e1, neprask\u00e1 a neodlupuje se.&nbsp;N\u00e1t\u011br je trvanliv\u00fd, odoln\u00fd v\u016f\u010di pov\u011btrnostn\u00edm vliv\u016fm a UV z\u00e1\u0159en\u00ed, odpuzuje [&hellip;]","og_url":"https:\/\/www.oknobuild.com\/index.php\/produkt\/akce-osmo-9261-jednorazova-lazura-hsplus-2-50-l-35303\/","og_image":[{"width":562,"height":562,"url":"https:\/\/www.oknobuild.com\/wp-content\/uploads\/2026\/SK0020765-CZ20260425-092328-0-1777080210-picturaaeypyyyroyaavsyysdidaaer.webp","type":"image\/webp"}],"twitter_card":"summary_large_image","twitter_misc":{"Odhadovan\u00e1 doba \u010dten\u00ed":"1 minuta"},"schema":{"@context":"https:\/\/schema.org","@graph":[{"@type":"WebPage","@id":"https:\/\/www.oknobuild.com\/index.php\/produkt\/akce-osmo-9261-jednorazova-lazura-hsplus-2-50-l-35303\/","url":"https:\/\/www.oknobuild.com\/index.php\/produkt\/akce-osmo-9261-jednorazova-lazura-hsplus-2-50-l-35303\/","name":"Akce OSMO 9261 Jednor\u00e1zov\u00e1 lazura HSPLUS 2,50 L -","isPartOf":{"@id":"https:\/\/www.oknobuild.com\/#website"},"primaryImageOfPage":{"@id":"https:\/\/www.oknobuild.com\/index.php\/produkt\/akce-osmo-9261-jednorazova-lazura-hsplus-2-50-l-35303\/#primaryimage"},"image":{"@id":"https:\/\/www.oknobuild.com\/index.php\/produkt\/akce-osmo-9261-jednorazova-lazura-hsplus-2-50-l-35303\/#primaryimage"},"thumbnailUrl":"https:\/\/www.oknobuild.com\/wp-content\/uploads\/2026\/SK0020765-CZ20260425-092328-0-1777080210-picturaaeypyyyroyaavsyysdidaaer.webp","datePublished":"2026-04-27T04:42:05+00:00","breadcrumb":{"@id":"https:\/\/www.oknobuild.com\/index.php\/produkt\/akce-osmo-9261-jednorazova-lazura-hsplus-2-50-l-35303\/#breadcrumb"},"inLanguage":"cs","potentialAction":[{"@type":"ReadAction","target":["https:\/\/www.oknobuild.com\/index.php\/produkt\/akce-osmo-9261-jednorazova-lazura-hsplus-2-50-l-35303\/"]}]},{"@type":"ImageObject","inLanguage":"cs","@id":"https:\/\/www.oknobuild.com\/index.php\/produkt\/akce-osmo-9261-jednorazova-lazura-hsplus-2-50-l-35303\/#primaryimage","url":"https:\/\/www.oknobuild.com\/wp-content\/uploads\/2026\/SK0020765-CZ20260425-092328-0-1777080210-picturaaeypyyyroyaavsyysdidaaer.webp","contentUrl":"https:\/\/www.oknobuild.com\/wp-content\/uploads\/2026\/SK0020765-CZ20260425-092328-0-1777080210-picturaaeypyyyroyaavsyysdidaaer.webp","width":562,"height":562},{"@type":"BreadcrumbList","@id":"https:\/\/www.oknobuild.com\/index.php\/produkt\/akce-osmo-9261-jednorazova-lazura-hsplus-2-50-l-35303\/#breadcrumb","itemListElement":[{"@type":"ListItem","position":1,"name":"Home","item":"https:\/\/www.oknobuild.com\/"},{"@type":"ListItem","position":2,"name":"Products","item":"https:\/\/www.oknobuild.com\/index.php\/products\/"},{"@type":"ListItem","position":3,"name":"Akce OSMO 9261 Jednor\u00e1zov\u00e1 lazura HSPLUS 2,50 L"}]},{"@type":"WebSite","@id":"https:\/\/www.oknobuild.com\/#website","url":"https:\/\/www.oknobuild.com\/","name":"","description":"","potentialAction":[{"@type":"SearchAction","target":{"@type":"EntryPoint","urlTemplate":"https:\/\/www.oknobuild.com\/?s={search_term_string}"},"query-input":{"@type":"PropertyValueSpecification","valueRequired":true,"valueName":"search_term_string"}}],"inLanguage":"cs"}]}},"_links":{"self":[{"href":"https:\/\/www.oknobuild.com\/index.php\/wp-json\/wp\/v2\/product\/35303","targetHints":{"allow":["GET"]}}],"collection":[{"href":"https:\/\/www.oknobuild.com\/index.php\/wp-json\/wp\/v2\/product"}],"about":[{"href":"https:\/\/www.oknobuild.com\/index.php\/wp-json\/wp\/v2\/types\/product"}],"replies":[{"embeddable":true,"href":"https:\/\/www.oknobuild.com\/index.php\/wp-json\/wp\/v2\/comments?post=35303"}],"wp:featuredmedia":[{"embeddable":true,"href":"https:\/\/www.oknobuild.com\/index.php\/wp-json\/wp\/v2\/media\/35403"}],"wp:attachment":[{"href":"https:\/\/www.oknobuild.com\/index.php\/wp-json\/wp\/v2\/media?parent=35303"}],"wp:term":[{"taxonomy":"product_brand","embeddable":true,"href":"https:\/\/www.oknobuild.com\/index.php\/wp-json\/wp\/v2\/product_brand?post=35303"},{"taxonomy":"product_cat","embeddable":true,"href":"https:\/\/www.oknobuild.com\/index.php\/wp-json\/wp\/v2\/product_cat?post=35303"},{"taxonomy":"product_tag","embeddable":true,"href":"https:\/\/www.oknobuild.com\/index.php\/wp-json\/wp\/v2\/product_tag?post=35303"}],"curies":[{"name":"wp","href":"https:\/\/api.w.org\/{rel}","templated":true}]}}