{"id":36171,"date":"2026-04-27T04:42:07","date_gmt":"2026-04-27T04:42:07","guid":{"rendered":""},"modified":"2026-04-27T04:42:07","modified_gmt":"2026-04-27T04:42:07","slug":"akce-mexen-s-flat-360deg-m33-podlahovy-zlab-otocny-80-zlaty-1533080-40-36171","status":"publish","type":"product","link":"https:\/\/www.oknobuild.com\/index.php\/produkt\/akce-mexen-s-flat-360deg-m33-podlahovy-zlab-otocny-80-zlaty-1533080-40-36171\/","title":{"rendered":"Akce MEXEN\/S &#8211; Flat 360\u00b0 M33 podlahov\u00fd \u017elab oto\u010dn\u00fd 80, zlat\u00fd 1533080-40"},"content":{"rendered":"<div class=\"basic-description\">\n<h3>Detailn\u00ed popis produktu<\/h3>\n<p>Technick\u00e1 data:<\/p>\n<p>Materi\u00e1l: nerezov\u00e1 ocel AISI 304<\/p>\n<p>Povrchov\u00e1 \u00faprava: zlat\u00e1<\/p>\n<p>\u0160\u00ed\u0159ka: 80 cm<\/p>\n<p>Sifon oto\u010dn\u00fd o 360\u00b0<\/p>\n<p>Mont\u00e1\u017en\u00ed hloubka: 52 mm<\/p>\n<p>Pr\u016ftok: 50 l\/min<\/p>\n<p>Zavinovac\u00ed l\u00edmec &#8211; 2 cm<\/p>\n<p>Zahrnuta:<\/p>\n<p>M\u0159\u00ed\u017eka s tlum\u00edc\u00edmi distan\u010dn\u00edmi vlo\u017ekami<\/p>\n<p>Vyj\u00edmateln\u00fd filtr na ne\u010distoty<\/p>\n<p>Rota\u010dn\u00ed z\u00e1pachov\u00e1 uz\u00e1v\u011brka<\/p>\n<p>\u017dlab pro odvod vody<\/p>\n<p>Nastaviteln\u00e9 no\u017ei\u010dky<\/p>\n<p>Redukce 50\/40 mm<\/p>\n<p>T\u011bsn\u00edc\u00ed man\u017eeta<\/p>\n<p>H\u00e1\u010dek pro sejmut\u00ed masky<\/p>\n<\/p><\/div>\n<div class=\"extended-description\">\n<h3>Dopl\u0148kov\u00e9 parametry<\/h3>\n<table class=\"detail-parameters\">\n<tbody>\n<tr>\n<th>        <span class=\"row-header-label\">            Kategorie<span class=\"row-header-label-colon\">:<\/span>        <\/span>    <\/th>\n<td>            <\/td>\n<\/tr>\n<tr>\n<th>            <span class=\"row-header-label\">                Z\u00e1ruka<span class=\"row-header-label-colon\">:<\/span>            <\/span>        <\/th>\n<td>            24        <\/td>\n<\/tr>\n<tr>\n<th>            <span class=\"row-header-label\">                Hmotnost<span class=\"row-header-label-colon\">:<\/span>            <\/span>        <\/th>\n<td>            5 kg        <\/td>\n<\/tr>\n<tr class=\"productEan\">\n<th>          <span class=\"row-header-label productEan__label\">              EAN<span class=\"row-header-label-colon\">:<\/span>          <\/span>      <\/th>\n<td>          <span class=\"productEan__value\">5905315010391<\/span>      <\/td>\n<\/tr>\n<tr>\n<th>                <span class=\"row-header-label\">                                            Dostupnost<span class=\"row-header-label-colon\">:<\/span>                                    <\/span>            <\/th>\n<td>                                                            Dod\u00e1n\u00ed do 14ti dn\u016f                                                <\/td>\n<\/tr>\n<\/tbody>\n<\/table><\/div>\n<\/p><\/div>\n<\/p><\/div>\n","protected":false},"excerpt":{"rendered":"<p>Detailn\u00ed popis produktu Technick\u00e1 data: Materi\u00e1l: nerezov\u00e1 ocel AISI 304 Povrchov\u00e1 \u00faprava: zlat\u00e1 \u0160\u00ed\u0159ka: 80 cm Sifon oto\u010dn\u00fd o 360\u00b0 Mont\u00e1\u017en\u00ed hloubka: 52 mm Pr\u016ftok: 50 l\/min Zavinovac\u00ed l\u00edmec &#8211; 2 cm Zahrnuta: M\u0159\u00ed\u017eka s tlum\u00edc\u00edmi distan\u010dn\u00edmi vlo\u017ekami Vyj\u00edmateln\u00fd filtr na ne\u010distoty Rota\u010dn\u00ed z\u00e1pachov\u00e1 uz\u00e1v\u011brka \u017dlab pro odvod vody Nastaviteln\u00e9 no\u017ei\u010dky Redukce 50\/40 mm T\u011bsn\u00edc\u00ed [&hellip;]<\/p>\n","protected":false},"featured_media":36271,"comment_status":"open","ping_status":"open","template":"","meta":[],"product_brand":[],"product_cat":[57],"product_tag":[],"class_list":{"0":"post-36171","1":"product","2":"type-product","3":"status-publish","4":"has-post-thumbnail","6":"product_cat-odtokove-kanalky","8":"first","9":"instock","10":"sale","11":"shipping-taxable","12":"purchasable","13":"product-type-simple"},"yoast_head":"<!-- This site is optimized with the Yoast SEO plugin v26.8 - https:\/\/yoast.com\/product\/yoast-seo-wordpress\/ -->\n<title>Akce MEXEN\/S - Flat 360\u00b0 M33 podlahov\u00fd \u017elab oto\u010dn\u00fd 80, zlat\u00fd 1533080-40 -<\/title>\n<meta name=\"robots\" content=\"index, follow, max-snippet:-1, max-image-preview:large, max-video-preview:-1\" \/>\n<link rel=\"canonical\" href=\"https:\/\/www.oknobuild.com\/index.php\/produkt\/akce-mexen-s-flat-360deg-m33-podlahovy-zlab-otocny-80-zlaty-1533080-40-36171\/\" \/>\n<meta property=\"og:locale\" content=\"cs_CZ\" \/>\n<meta property=\"og:type\" content=\"article\" \/>\n<meta property=\"og:title\" content=\"Akce MEXEN\/S - Flat 360\u00b0 M33 podlahov\u00fd \u017elab oto\u010dn\u00fd 80, zlat\u00fd 1533080-40 -\" \/>\n<meta property=\"og:description\" content=\"Detailn\u00ed popis produktu Technick\u00e1 data: Materi\u00e1l: nerezov\u00e1 ocel AISI 304 Povrchov\u00e1 \u00faprava: zlat\u00e1 \u0160\u00ed\u0159ka: 80 cm Sifon oto\u010dn\u00fd o 360\u00b0 Mont\u00e1\u017en\u00ed hloubka: 52 mm Pr\u016ftok: 50 l\/min Zavinovac\u00ed l\u00edmec &#8211; 2 cm Zahrnuta: M\u0159\u00ed\u017eka s tlum\u00edc\u00edmi distan\u010dn\u00edmi vlo\u017ekami Vyj\u00edmateln\u00fd filtr na ne\u010distoty Rota\u010dn\u00ed z\u00e1pachov\u00e1 uz\u00e1v\u011brka \u017dlab pro odvod vody Nastaviteln\u00e9 no\u017ei\u010dky Redukce 50\/40 mm T\u011bsn\u00edc\u00ed [&hellip;]\" \/>\n<meta property=\"og:url\" content=\"https:\/\/www.oknobuild.com\/index.php\/produkt\/akce-mexen-s-flat-360deg-m33-podlahovy-zlab-otocny-80-zlaty-1533080-40-36171\/\" \/>\n<meta property=\"og:image\" content=\"https:\/\/www.oknobuild.com\/wp-content\/uploads\/2026\/SK0021154-CZ20260425-092556-0-1777080363-1695736_mexen-s-flat-360-m33-podlahovy-zlab-otocny-80--zlat.webp\" \/>\n\t<meta property=\"og:image:width\" content=\"1000\" \/>\n\t<meta property=\"og:image:height\" content=\"750\" \/>\n\t<meta property=\"og:image:type\" content=\"image\/webp\" \/>\n<meta name=\"twitter:card\" content=\"summary_large_image\" \/>\n<script type=\"application\/ld+json\" class=\"yoast-schema-graph\">{\"@context\":\"https:\/\/schema.org\",\"@graph\":[{\"@type\":\"WebPage\",\"@id\":\"https:\/\/www.oknobuild.com\/index.php\/produkt\/akce-mexen-s-flat-360deg-m33-podlahovy-zlab-otocny-80-zlaty-1533080-40-36171\/\",\"url\":\"https:\/\/www.oknobuild.com\/index.php\/produkt\/akce-mexen-s-flat-360deg-m33-podlahovy-zlab-otocny-80-zlaty-1533080-40-36171\/\",\"name\":\"Akce MEXEN\/S - Flat 360\u00b0 M33 podlahov\u00fd \u017elab oto\u010dn\u00fd 80, zlat\u00fd 1533080-40 -\",\"isPartOf\":{\"@id\":\"https:\/\/www.oknobuild.com\/#website\"},\"primaryImageOfPage\":{\"@id\":\"https:\/\/www.oknobuild.com\/index.php\/produkt\/akce-mexen-s-flat-360deg-m33-podlahovy-zlab-otocny-80-zlaty-1533080-40-36171\/#primaryimage\"},\"image\":{\"@id\":\"https:\/\/www.oknobuild.com\/index.php\/produkt\/akce-mexen-s-flat-360deg-m33-podlahovy-zlab-otocny-80-zlaty-1533080-40-36171\/#primaryimage\"},\"thumbnailUrl\":\"https:\/\/www.oknobuild.com\/wp-content\/uploads\/2026\/SK0021154-CZ20260425-092556-0-1777080363-1695736_mexen-s-flat-360-m33-podlahovy-zlab-otocny-80--zlat.webp\",\"datePublished\":\"2026-04-27T04:42:07+00:00\",\"breadcrumb\":{\"@id\":\"https:\/\/www.oknobuild.com\/index.php\/produkt\/akce-mexen-s-flat-360deg-m33-podlahovy-zlab-otocny-80-zlaty-1533080-40-36171\/#breadcrumb\"},\"inLanguage\":\"cs\",\"potentialAction\":[{\"@type\":\"ReadAction\",\"target\":[\"https:\/\/www.oknobuild.com\/index.php\/produkt\/akce-mexen-s-flat-360deg-m33-podlahovy-zlab-otocny-80-zlaty-1533080-40-36171\/\"]}]},{\"@type\":\"ImageObject\",\"inLanguage\":\"cs\",\"@id\":\"https:\/\/www.oknobuild.com\/index.php\/produkt\/akce-mexen-s-flat-360deg-m33-podlahovy-zlab-otocny-80-zlaty-1533080-40-36171\/#primaryimage\",\"url\":\"https:\/\/www.oknobuild.com\/wp-content\/uploads\/2026\/SK0021154-CZ20260425-092556-0-1777080363-1695736_mexen-s-flat-360-m33-podlahovy-zlab-otocny-80--zlat.webp\",\"contentUrl\":\"https:\/\/www.oknobuild.com\/wp-content\/uploads\/2026\/SK0021154-CZ20260425-092556-0-1777080363-1695736_mexen-s-flat-360-m33-podlahovy-zlab-otocny-80--zlat.webp\",\"width\":1000,\"height\":750},{\"@type\":\"BreadcrumbList\",\"@id\":\"https:\/\/www.oknobuild.com\/index.php\/produkt\/akce-mexen-s-flat-360deg-m33-podlahovy-zlab-otocny-80-zlaty-1533080-40-36171\/#breadcrumb\",\"itemListElement\":[{\"@type\":\"ListItem\",\"position\":1,\"name\":\"Home\",\"item\":\"https:\/\/www.oknobuild.com\/\"},{\"@type\":\"ListItem\",\"position\":2,\"name\":\"Products\",\"item\":\"https:\/\/www.oknobuild.com\/index.php\/products\/\"},{\"@type\":\"ListItem\",\"position\":3,\"name\":\"Akce MEXEN\/S &#8211; Flat 360\u00b0 M33 podlahov\u00fd \u017elab oto\u010dn\u00fd 80, zlat\u00fd 1533080-40\"}]},{\"@type\":\"WebSite\",\"@id\":\"https:\/\/www.oknobuild.com\/#website\",\"url\":\"https:\/\/www.oknobuild.com\/\",\"name\":\"\",\"description\":\"\",\"potentialAction\":[{\"@type\":\"SearchAction\",\"target\":{\"@type\":\"EntryPoint\",\"urlTemplate\":\"https:\/\/www.oknobuild.com\/?s={search_term_string}\"},\"query-input\":{\"@type\":\"PropertyValueSpecification\",\"valueRequired\":true,\"valueName\":\"search_term_string\"}}],\"inLanguage\":\"cs\"}]}<\/script>\n<!-- \/ Yoast SEO plugin. -->","yoast_head_json":{"title":"Akce MEXEN\/S - Flat 360\u00b0 M33 podlahov\u00fd \u017elab oto\u010dn\u00fd 80, zlat\u00fd 1533080-40 -","robots":{"index":"index","follow":"follow","max-snippet":"max-snippet:-1","max-image-preview":"max-image-preview:large","max-video-preview":"max-video-preview:-1"},"canonical":"https:\/\/www.oknobuild.com\/index.php\/produkt\/akce-mexen-s-flat-360deg-m33-podlahovy-zlab-otocny-80-zlaty-1533080-40-36171\/","og_locale":"cs_CZ","og_type":"article","og_title":"Akce MEXEN\/S - Flat 360\u00b0 M33 podlahov\u00fd \u017elab oto\u010dn\u00fd 80, zlat\u00fd 1533080-40 -","og_description":"Detailn\u00ed popis produktu Technick\u00e1 data: Materi\u00e1l: nerezov\u00e1 ocel AISI 304 Povrchov\u00e1 \u00faprava: zlat\u00e1 \u0160\u00ed\u0159ka: 80 cm Sifon oto\u010dn\u00fd o 360\u00b0 Mont\u00e1\u017en\u00ed hloubka: 52 mm Pr\u016ftok: 50 l\/min Zavinovac\u00ed l\u00edmec &#8211; 2 cm Zahrnuta: M\u0159\u00ed\u017eka s tlum\u00edc\u00edmi distan\u010dn\u00edmi vlo\u017ekami Vyj\u00edmateln\u00fd filtr na ne\u010distoty Rota\u010dn\u00ed z\u00e1pachov\u00e1 uz\u00e1v\u011brka \u017dlab pro odvod vody Nastaviteln\u00e9 no\u017ei\u010dky Redukce 50\/40 mm T\u011bsn\u00edc\u00ed [&hellip;]","og_url":"https:\/\/www.oknobuild.com\/index.php\/produkt\/akce-mexen-s-flat-360deg-m33-podlahovy-zlab-otocny-80-zlaty-1533080-40-36171\/","og_image":[{"width":1000,"height":750,"url":"https:\/\/www.oknobuild.com\/wp-content\/uploads\/2026\/SK0021154-CZ20260425-092556-0-1777080363-1695736_mexen-s-flat-360-m33-podlahovy-zlab-otocny-80--zlat.webp","type":"image\/webp"}],"twitter_card":"summary_large_image","schema":{"@context":"https:\/\/schema.org","@graph":[{"@type":"WebPage","@id":"https:\/\/www.oknobuild.com\/index.php\/produkt\/akce-mexen-s-flat-360deg-m33-podlahovy-zlab-otocny-80-zlaty-1533080-40-36171\/","url":"https:\/\/www.oknobuild.com\/index.php\/produkt\/akce-mexen-s-flat-360deg-m33-podlahovy-zlab-otocny-80-zlaty-1533080-40-36171\/","name":"Akce MEXEN\/S - Flat 360\u00b0 M33 podlahov\u00fd \u017elab oto\u010dn\u00fd 80, zlat\u00fd 1533080-40 -","isPartOf":{"@id":"https:\/\/www.oknobuild.com\/#website"},"primaryImageOfPage":{"@id":"https:\/\/www.oknobuild.com\/index.php\/produkt\/akce-mexen-s-flat-360deg-m33-podlahovy-zlab-otocny-80-zlaty-1533080-40-36171\/#primaryimage"},"image":{"@id":"https:\/\/www.oknobuild.com\/index.php\/produkt\/akce-mexen-s-flat-360deg-m33-podlahovy-zlab-otocny-80-zlaty-1533080-40-36171\/#primaryimage"},"thumbnailUrl":"https:\/\/www.oknobuild.com\/wp-content\/uploads\/2026\/SK0021154-CZ20260425-092556-0-1777080363-1695736_mexen-s-flat-360-m33-podlahovy-zlab-otocny-80--zlat.webp","datePublished":"2026-04-27T04:42:07+00:00","breadcrumb":{"@id":"https:\/\/www.oknobuild.com\/index.php\/produkt\/akce-mexen-s-flat-360deg-m33-podlahovy-zlab-otocny-80-zlaty-1533080-40-36171\/#breadcrumb"},"inLanguage":"cs","potentialAction":[{"@type":"ReadAction","target":["https:\/\/www.oknobuild.com\/index.php\/produkt\/akce-mexen-s-flat-360deg-m33-podlahovy-zlab-otocny-80-zlaty-1533080-40-36171\/"]}]},{"@type":"ImageObject","inLanguage":"cs","@id":"https:\/\/www.oknobuild.com\/index.php\/produkt\/akce-mexen-s-flat-360deg-m33-podlahovy-zlab-otocny-80-zlaty-1533080-40-36171\/#primaryimage","url":"https:\/\/www.oknobuild.com\/wp-content\/uploads\/2026\/SK0021154-CZ20260425-092556-0-1777080363-1695736_mexen-s-flat-360-m33-podlahovy-zlab-otocny-80--zlat.webp","contentUrl":"https:\/\/www.oknobuild.com\/wp-content\/uploads\/2026\/SK0021154-CZ20260425-092556-0-1777080363-1695736_mexen-s-flat-360-m33-podlahovy-zlab-otocny-80--zlat.webp","width":1000,"height":750},{"@type":"BreadcrumbList","@id":"https:\/\/www.oknobuild.com\/index.php\/produkt\/akce-mexen-s-flat-360deg-m33-podlahovy-zlab-otocny-80-zlaty-1533080-40-36171\/#breadcrumb","itemListElement":[{"@type":"ListItem","position":1,"name":"Home","item":"https:\/\/www.oknobuild.com\/"},{"@type":"ListItem","position":2,"name":"Products","item":"https:\/\/www.oknobuild.com\/index.php\/products\/"},{"@type":"ListItem","position":3,"name":"Akce MEXEN\/S &#8211; Flat 360\u00b0 M33 podlahov\u00fd \u017elab oto\u010dn\u00fd 80, zlat\u00fd 1533080-40"}]},{"@type":"WebSite","@id":"https:\/\/www.oknobuild.com\/#website","url":"https:\/\/www.oknobuild.com\/","name":"","description":"","potentialAction":[{"@type":"SearchAction","target":{"@type":"EntryPoint","urlTemplate":"https:\/\/www.oknobuild.com\/?s={search_term_string}"},"query-input":{"@type":"PropertyValueSpecification","valueRequired":true,"valueName":"search_term_string"}}],"inLanguage":"cs"}]}},"_links":{"self":[{"href":"https:\/\/www.oknobuild.com\/index.php\/wp-json\/wp\/v2\/product\/36171","targetHints":{"allow":["GET"]}}],"collection":[{"href":"https:\/\/www.oknobuild.com\/index.php\/wp-json\/wp\/v2\/product"}],"about":[{"href":"https:\/\/www.oknobuild.com\/index.php\/wp-json\/wp\/v2\/types\/product"}],"replies":[{"embeddable":true,"href":"https:\/\/www.oknobuild.com\/index.php\/wp-json\/wp\/v2\/comments?post=36171"}],"wp:featuredmedia":[{"embeddable":true,"href":"https:\/\/www.oknobuild.com\/index.php\/wp-json\/wp\/v2\/media\/36271"}],"wp:attachment":[{"href":"https:\/\/www.oknobuild.com\/index.php\/wp-json\/wp\/v2\/media?parent=36171"}],"wp:term":[{"taxonomy":"product_brand","embeddable":true,"href":"https:\/\/www.oknobuild.com\/index.php\/wp-json\/wp\/v2\/product_brand?post=36171"},{"taxonomy":"product_cat","embeddable":true,"href":"https:\/\/www.oknobuild.com\/index.php\/wp-json\/wp\/v2\/product_cat?post=36171"},{"taxonomy":"product_tag","embeddable":true,"href":"https:\/\/www.oknobuild.com\/index.php\/wp-json\/wp\/v2\/product_tag?post=36171"}],"curies":[{"name":"wp","href":"https:\/\/api.w.org\/{rel}","templated":true}]}}