{"id":36780,"date":"2026-04-27T04:42:09","date_gmt":"2026-04-27T04:42:09","guid":{"rendered":""},"modified":"2026-04-27T04:42:09","modified_gmt":"2026-04-27T04:42:09","slug":"akcni-cena-mexen-flat-360deg-slim-podlahovy-zlab-140-nerez-1041140-36780","status":"publish","type":"product","link":"https:\/\/www.oknobuild.com\/produkt\/akcni-cena-mexen-flat-360deg-slim-podlahovy-zlab-140-nerez-1041140-36780\/","title":{"rendered":"Ak\u010dn\u00ed Cena MEXEN &#8211; Flat 360\u00b0 Slim podlahov\u00fd \u017elab 140, nerez 1041140"},"content":{"rendered":"<div class=\"basic-description\">\n<h3>Detailn\u00ed popis produktu<\/h3>\n<p>Technick\u00e1 data:<\/p>\n<p>Materi\u00e1l: nerezov\u00e1 ocel AISI 304<\/p>\n<p>Povrchov\u00e1 \u00faprava: Chrome<\/p>\n<p>Mont\u00e1\u017en\u00ed hloubka: 52 mm<\/p>\n<p>\u0160\u00ed\u0159ka: 140 cm<\/p>\n<p>Kapacita: 40 l \/ min<\/p>\n<p>\u0160\u00ed\u0159ka krytu: 31 mm<\/p>\n<p>Tlou\u0161\u0165ka okapu a ro\u0161tu: 1,2 mm<\/p>\n<p>Hloubka ro\u0161tu &#8211; 23,5 mm<\/p>\n<p>Zahrnuta:<\/p>\n<p>Jednostrann\u00e9 maskov\u00e1n\u00ed s tlum\u00edc\u00edmi distan\u010dn\u00edmi vlo\u017ekami<\/p>\n<p>Rota\u010dn\u00ed sifon, kter\u00fd zastavuje nep\u0159\u00edjemn\u00e9 pachy<\/p>\n<p>\u017dlab pro odvod vody<\/p>\n<p>Nastaviteln\u00e9 no\u017ei\u010dky<\/p>\n<p>Sn\u00ed\u017een\u00ed 50\/40 mm<\/p>\n<p>T\u011bsn\u00edc\u00ed man\u017eeta<\/p>\n<p>H\u00e1\u010dek pro sejmut\u00ed krytu<\/p>\n<\/p><\/div>\n<div class=\"extended-description\">\n<h3>Dopl\u0148kov\u00e9 parametry<\/h3>\n<table class=\"detail-parameters\">\n<tbody>\n<tr>\n<th>        <span class=\"row-header-label\">            Kategorie<span class=\"row-header-label-colon\">:<\/span>        <\/span>    <\/th>\n<td>            <\/td>\n<\/tr>\n<tr>\n<th>            <span class=\"row-header-label\">                Z\u00e1ruka<span class=\"row-header-label-colon\">:<\/span>            <\/span>        <\/th>\n<td>            24        <\/td>\n<\/tr>\n<tr>\n<th>            <span class=\"row-header-label\">                Hmotnost<span class=\"row-header-label-colon\">:<\/span>            <\/span>        <\/th>\n<td>            5 kg        <\/td>\n<\/tr>\n<tr class=\"productEan\">\n<th>          <span class=\"row-header-label productEan__label\">              EAN<span class=\"row-header-label-colon\">:<\/span>          <\/span>      <\/th>\n<td>          <span class=\"productEan__value\">5907709143791<\/span>      <\/td>\n<\/tr>\n<tr>\n<th>                <span class=\"row-header-label\">                                            Dostupnost<span class=\"row-header-label-colon\">:<\/span>                                    <\/span>            <\/th>\n<td>                                                            Dod\u00e1n\u00ed do 14ti dn\u016f                                                <\/td>\n<\/tr>\n<\/tbody>\n<\/table><\/div>\n<\/p><\/div>\n<\/p><\/div>\n","protected":false},"excerpt":{"rendered":"<p>Detailn\u00ed popis produktu Technick\u00e1 data: Materi\u00e1l: nerezov\u00e1 ocel AISI 304 Povrchov\u00e1 \u00faprava: Chrome Mont\u00e1\u017en\u00ed hloubka: 52 mm \u0160\u00ed\u0159ka: 140 cm Kapacita: 40 l \/ min \u0160\u00ed\u0159ka krytu: 31 mm Tlou\u0161\u0165ka okapu a ro\u0161tu: 1,2 mm Hloubka ro\u0161tu &#8211; 23,5 mm Zahrnuta: Jednostrann\u00e9 maskov\u00e1n\u00ed s tlum\u00edc\u00edmi distan\u010dn\u00edmi vlo\u017ekami Rota\u010dn\u00ed sifon, kter\u00fd zastavuje nep\u0159\u00edjemn\u00e9 pachy \u017dlab pro [&hellip;]<\/p>\n","protected":false},"featured_media":36880,"template":"","meta":[],"product_brand":[],"product_cat":[57],"product_tag":[],"class_list":{"0":"post-36780","1":"product","2":"type-product","3":"status-publish","4":"has-post-thumbnail","6":"product_cat-odtokove-kanalky","8":"first","9":"instock","10":"sale","11":"shipping-taxable","12":"purchasable","13":"product-type-simple"},"yoast_head":"<!-- This site is optimized with the Yoast SEO plugin v26.8 - https:\/\/yoast.com\/product\/yoast-seo-wordpress\/ -->\n<title>Ak\u010dn\u00ed Cena MEXEN - Flat 360\u00b0 Slim podlahov\u00fd \u017elab 140, nerez 1041140 - Stavebn\u00ed materi\u00e1ly a vybaven\u00ed dom\u00e1cnosti<\/title>\n<meta name=\"robots\" content=\"index, follow, max-snippet:-1, max-image-preview:large, max-video-preview:-1\" \/>\n<link rel=\"canonical\" href=\"https:\/\/www.oknobuild.com\/index.php\/produkt\/akcni-cena-mexen-flat-360deg-slim-podlahovy-zlab-140-nerez-1041140-36780\/\" \/>\n<meta property=\"og:locale\" content=\"cs_CZ\" \/>\n<meta property=\"og:type\" content=\"article\" \/>\n<meta property=\"og:title\" content=\"Ak\u010dn\u00ed Cena MEXEN - Flat 360\u00b0 Slim podlahov\u00fd \u017elab 140, nerez 1041140 - Stavebn\u00ed materi\u00e1ly a vybaven\u00ed dom\u00e1cnosti\" \/>\n<meta property=\"og:description\" content=\"Detailn\u00ed popis produktu Technick\u00e1 data: Materi\u00e1l: nerezov\u00e1 ocel AISI 304 Povrchov\u00e1 \u00faprava: Chrome Mont\u00e1\u017en\u00ed hloubka: 52 mm \u0160\u00ed\u0159ka: 140 cm Kapacita: 40 l \/ min \u0160\u00ed\u0159ka krytu: 31 mm Tlou\u0161\u0165ka okapu a ro\u0161tu: 1,2 mm Hloubka ro\u0161tu &#8211; 23,5 mm Zahrnuta: Jednostrann\u00e9 maskov\u00e1n\u00ed s tlum\u00edc\u00edmi distan\u010dn\u00edmi vlo\u017ekami Rota\u010dn\u00ed sifon, kter\u00fd zastavuje nep\u0159\u00edjemn\u00e9 pachy \u017dlab pro [&hellip;]\" \/>\n<meta property=\"og:url\" content=\"https:\/\/www.oknobuild.com\/index.php\/produkt\/akcni-cena-mexen-flat-360deg-slim-podlahovy-zlab-140-nerez-1041140-36780\/\" \/>\n<meta property=\"og:site_name\" content=\"Stavebn\u00ed materi\u00e1ly a vybaven\u00ed dom\u00e1cnosti\" \/>\n<meta property=\"og:image\" content=\"https:\/\/www.oknobuild.com\/wp-content\/uploads\/2026\/SK0021464-CZ20260425-092556-0-1777080363-1699585_mexen-flat-360-slim-podlahovy-zlab-140--nerez-10411.webp\" \/>\n\t<meta property=\"og:image:width\" content=\"1000\" \/>\n\t<meta property=\"og:image:height\" content=\"750\" \/>\n\t<meta property=\"og:image:type\" content=\"image\/webp\" \/>\n<meta name=\"twitter:card\" content=\"summary_large_image\" \/>\n<script type=\"application\/ld+json\" class=\"yoast-schema-graph\">{\"@context\":\"https:\/\/schema.org\",\"@graph\":[{\"@type\":\"WebPage\",\"@id\":\"https:\/\/www.oknobuild.com\/index.php\/produkt\/akcni-cena-mexen-flat-360deg-slim-podlahovy-zlab-140-nerez-1041140-36780\/\",\"url\":\"https:\/\/www.oknobuild.com\/index.php\/produkt\/akcni-cena-mexen-flat-360deg-slim-podlahovy-zlab-140-nerez-1041140-36780\/\",\"name\":\"Ak\u010dn\u00ed Cena MEXEN - Flat 360\u00b0 Slim podlahov\u00fd \u017elab 140, nerez 1041140 - Stavebn\u00ed materi\u00e1ly a vybaven\u00ed dom\u00e1cnosti\",\"isPartOf\":{\"@id\":\"https:\/\/www.oknobuild.com\/#website\"},\"primaryImageOfPage\":{\"@id\":\"https:\/\/www.oknobuild.com\/index.php\/produkt\/akcni-cena-mexen-flat-360deg-slim-podlahovy-zlab-140-nerez-1041140-36780\/#primaryimage\"},\"image\":{\"@id\":\"https:\/\/www.oknobuild.com\/index.php\/produkt\/akcni-cena-mexen-flat-360deg-slim-podlahovy-zlab-140-nerez-1041140-36780\/#primaryimage\"},\"thumbnailUrl\":\"https:\/\/www.oknobuild.com\/wp-content\/uploads\/2026\/SK0021464-CZ20260425-092556-0-1777080363-1699585_mexen-flat-360-slim-podlahovy-zlab-140--nerez-10411.webp\",\"datePublished\":\"2026-04-27T04:42:09+00:00\",\"breadcrumb\":{\"@id\":\"https:\/\/www.oknobuild.com\/index.php\/produkt\/akcni-cena-mexen-flat-360deg-slim-podlahovy-zlab-140-nerez-1041140-36780\/#breadcrumb\"},\"inLanguage\":\"cs\",\"potentialAction\":[{\"@type\":\"ReadAction\",\"target\":[\"https:\/\/www.oknobuild.com\/index.php\/produkt\/akcni-cena-mexen-flat-360deg-slim-podlahovy-zlab-140-nerez-1041140-36780\/\"]}]},{\"@type\":\"ImageObject\",\"inLanguage\":\"cs\",\"@id\":\"https:\/\/www.oknobuild.com\/index.php\/produkt\/akcni-cena-mexen-flat-360deg-slim-podlahovy-zlab-140-nerez-1041140-36780\/#primaryimage\",\"url\":\"https:\/\/www.oknobuild.com\/wp-content\/uploads\/2026\/SK0021464-CZ20260425-092556-0-1777080363-1699585_mexen-flat-360-slim-podlahovy-zlab-140--nerez-10411.webp\",\"contentUrl\":\"https:\/\/www.oknobuild.com\/wp-content\/uploads\/2026\/SK0021464-CZ20260425-092556-0-1777080363-1699585_mexen-flat-360-slim-podlahovy-zlab-140--nerez-10411.webp\",\"width\":1000,\"height\":750},{\"@type\":\"BreadcrumbList\",\"@id\":\"https:\/\/www.oknobuild.com\/index.php\/produkt\/akcni-cena-mexen-flat-360deg-slim-podlahovy-zlab-140-nerez-1041140-36780\/#breadcrumb\",\"itemListElement\":[{\"@type\":\"ListItem\",\"position\":1,\"name\":\"Home\",\"item\":\"https:\/\/www.oknobuild.com\/\"},{\"@type\":\"ListItem\",\"position\":2,\"name\":\"Products\",\"item\":\"https:\/\/www.oknobuild.com\/products\/\"},{\"@type\":\"ListItem\",\"position\":3,\"name\":\"Ak\u010dn\u00ed Cena MEXEN &#8211; Flat 360\u00b0 Slim podlahov\u00fd \u017elab 140, nerez 1041140\"}]},{\"@type\":\"WebSite\",\"@id\":\"https:\/\/www.oknobuild.com\/#website\",\"url\":\"https:\/\/www.oknobuild.com\/\",\"name\":\"Stavebn\u00ed materi\u00e1ly a vybaven\u00ed dom\u00e1cnosti\",\"description\":\"Stavebn\u00ed materi\u00e1ly a vybaven\u00ed dom\u00e1cnosti\",\"publisher\":{\"@id\":\"https:\/\/www.oknobuild.com\/#organization\"},\"potentialAction\":[{\"@type\":\"SearchAction\",\"target\":{\"@type\":\"EntryPoint\",\"urlTemplate\":\"https:\/\/www.oknobuild.com\/?s={search_term_string}\"},\"query-input\":{\"@type\":\"PropertyValueSpecification\",\"valueRequired\":true,\"valueName\":\"search_term_string\"}}],\"inLanguage\":\"cs\"},{\"@type\":\"Organization\",\"@id\":\"https:\/\/www.oknobuild.com\/#organization\",\"name\":\"Stavebn\u00ed materi\u00e1ly a vybaven\u00ed dom\u00e1cnosti\",\"url\":\"https:\/\/www.oknobuild.com\/\",\"logo\":{\"@type\":\"ImageObject\",\"inLanguage\":\"cs\",\"@id\":\"https:\/\/www.oknobuild.com\/#\/schema\/logo\/image\/\",\"url\":\"https:\/\/www.oknobuild.com\/wp-content\/uploads\/2026\/04\/oknobuild_logo.svg\",\"contentUrl\":\"https:\/\/www.oknobuild.com\/wp-content\/uploads\/2026\/04\/oknobuild_logo.svg\",\"width\":720,\"height\":180,\"caption\":\"Stavebn\u00ed materi\u00e1ly a vybaven\u00ed dom\u00e1cnosti\"},\"image\":{\"@id\":\"https:\/\/www.oknobuild.com\/#\/schema\/logo\/image\/\"}}]}<\/script>\n<!-- \/ Yoast SEO plugin. -->","yoast_head_json":{"title":"Ak\u010dn\u00ed Cena MEXEN - Flat 360\u00b0 Slim podlahov\u00fd \u017elab 140, nerez 1041140 - Stavebn\u00ed materi\u00e1ly a vybaven\u00ed dom\u00e1cnosti","robots":{"index":"index","follow":"follow","max-snippet":"max-snippet:-1","max-image-preview":"max-image-preview:large","max-video-preview":"max-video-preview:-1"},"canonical":"https:\/\/www.oknobuild.com\/index.php\/produkt\/akcni-cena-mexen-flat-360deg-slim-podlahovy-zlab-140-nerez-1041140-36780\/","og_locale":"cs_CZ","og_type":"article","og_title":"Ak\u010dn\u00ed Cena MEXEN - Flat 360\u00b0 Slim podlahov\u00fd \u017elab 140, nerez 1041140 - Stavebn\u00ed materi\u00e1ly a vybaven\u00ed dom\u00e1cnosti","og_description":"Detailn\u00ed popis produktu Technick\u00e1 data: Materi\u00e1l: nerezov\u00e1 ocel AISI 304 Povrchov\u00e1 \u00faprava: Chrome Mont\u00e1\u017en\u00ed hloubka: 52 mm \u0160\u00ed\u0159ka: 140 cm Kapacita: 40 l \/ min \u0160\u00ed\u0159ka krytu: 31 mm Tlou\u0161\u0165ka okapu a ro\u0161tu: 1,2 mm Hloubka ro\u0161tu &#8211; 23,5 mm Zahrnuta: Jednostrann\u00e9 maskov\u00e1n\u00ed s tlum\u00edc\u00edmi distan\u010dn\u00edmi vlo\u017ekami Rota\u010dn\u00ed sifon, kter\u00fd zastavuje nep\u0159\u00edjemn\u00e9 pachy \u017dlab pro [&hellip;]","og_url":"https:\/\/www.oknobuild.com\/index.php\/produkt\/akcni-cena-mexen-flat-360deg-slim-podlahovy-zlab-140-nerez-1041140-36780\/","og_site_name":"Stavebn\u00ed materi\u00e1ly a vybaven\u00ed dom\u00e1cnosti","og_image":[{"width":1000,"height":750,"url":"https:\/\/www.oknobuild.com\/wp-content\/uploads\/2026\/SK0021464-CZ20260425-092556-0-1777080363-1699585_mexen-flat-360-slim-podlahovy-zlab-140--nerez-10411.webp","type":"image\/webp"}],"twitter_card":"summary_large_image","schema":{"@context":"https:\/\/schema.org","@graph":[{"@type":"WebPage","@id":"https:\/\/www.oknobuild.com\/index.php\/produkt\/akcni-cena-mexen-flat-360deg-slim-podlahovy-zlab-140-nerez-1041140-36780\/","url":"https:\/\/www.oknobuild.com\/index.php\/produkt\/akcni-cena-mexen-flat-360deg-slim-podlahovy-zlab-140-nerez-1041140-36780\/","name":"Ak\u010dn\u00ed Cena MEXEN - Flat 360\u00b0 Slim podlahov\u00fd \u017elab 140, nerez 1041140 - Stavebn\u00ed materi\u00e1ly a vybaven\u00ed dom\u00e1cnosti","isPartOf":{"@id":"https:\/\/www.oknobuild.com\/#website"},"primaryImageOfPage":{"@id":"https:\/\/www.oknobuild.com\/index.php\/produkt\/akcni-cena-mexen-flat-360deg-slim-podlahovy-zlab-140-nerez-1041140-36780\/#primaryimage"},"image":{"@id":"https:\/\/www.oknobuild.com\/index.php\/produkt\/akcni-cena-mexen-flat-360deg-slim-podlahovy-zlab-140-nerez-1041140-36780\/#primaryimage"},"thumbnailUrl":"https:\/\/www.oknobuild.com\/wp-content\/uploads\/2026\/SK0021464-CZ20260425-092556-0-1777080363-1699585_mexen-flat-360-slim-podlahovy-zlab-140--nerez-10411.webp","datePublished":"2026-04-27T04:42:09+00:00","breadcrumb":{"@id":"https:\/\/www.oknobuild.com\/index.php\/produkt\/akcni-cena-mexen-flat-360deg-slim-podlahovy-zlab-140-nerez-1041140-36780\/#breadcrumb"},"inLanguage":"cs","potentialAction":[{"@type":"ReadAction","target":["https:\/\/www.oknobuild.com\/index.php\/produkt\/akcni-cena-mexen-flat-360deg-slim-podlahovy-zlab-140-nerez-1041140-36780\/"]}]},{"@type":"ImageObject","inLanguage":"cs","@id":"https:\/\/www.oknobuild.com\/index.php\/produkt\/akcni-cena-mexen-flat-360deg-slim-podlahovy-zlab-140-nerez-1041140-36780\/#primaryimage","url":"https:\/\/www.oknobuild.com\/wp-content\/uploads\/2026\/SK0021464-CZ20260425-092556-0-1777080363-1699585_mexen-flat-360-slim-podlahovy-zlab-140--nerez-10411.webp","contentUrl":"https:\/\/www.oknobuild.com\/wp-content\/uploads\/2026\/SK0021464-CZ20260425-092556-0-1777080363-1699585_mexen-flat-360-slim-podlahovy-zlab-140--nerez-10411.webp","width":1000,"height":750},{"@type":"BreadcrumbList","@id":"https:\/\/www.oknobuild.com\/index.php\/produkt\/akcni-cena-mexen-flat-360deg-slim-podlahovy-zlab-140-nerez-1041140-36780\/#breadcrumb","itemListElement":[{"@type":"ListItem","position":1,"name":"Home","item":"https:\/\/www.oknobuild.com\/"},{"@type":"ListItem","position":2,"name":"Products","item":"https:\/\/www.oknobuild.com\/products\/"},{"@type":"ListItem","position":3,"name":"Ak\u010dn\u00ed Cena MEXEN &#8211; Flat 360\u00b0 Slim podlahov\u00fd \u017elab 140, nerez 1041140"}]},{"@type":"WebSite","@id":"https:\/\/www.oknobuild.com\/#website","url":"https:\/\/www.oknobuild.com\/","name":"Stavebn\u00ed materi\u00e1ly a vybaven\u00ed dom\u00e1cnosti","description":"Stavebn\u00ed materi\u00e1ly a vybaven\u00ed dom\u00e1cnosti","publisher":{"@id":"https:\/\/www.oknobuild.com\/#organization"},"potentialAction":[{"@type":"SearchAction","target":{"@type":"EntryPoint","urlTemplate":"https:\/\/www.oknobuild.com\/?s={search_term_string}"},"query-input":{"@type":"PropertyValueSpecification","valueRequired":true,"valueName":"search_term_string"}}],"inLanguage":"cs"},{"@type":"Organization","@id":"https:\/\/www.oknobuild.com\/#organization","name":"Stavebn\u00ed materi\u00e1ly a vybaven\u00ed dom\u00e1cnosti","url":"https:\/\/www.oknobuild.com\/","logo":{"@type":"ImageObject","inLanguage":"cs","@id":"https:\/\/www.oknobuild.com\/#\/schema\/logo\/image\/","url":"https:\/\/www.oknobuild.com\/wp-content\/uploads\/2026\/04\/oknobuild_logo.svg","contentUrl":"https:\/\/www.oknobuild.com\/wp-content\/uploads\/2026\/04\/oknobuild_logo.svg","width":720,"height":180,"caption":"Stavebn\u00ed materi\u00e1ly a vybaven\u00ed dom\u00e1cnosti"},"image":{"@id":"https:\/\/www.oknobuild.com\/#\/schema\/logo\/image\/"}}]}},"_links":{"self":[{"href":"https:\/\/www.oknobuild.com\/wp-json\/wp\/v2\/product\/36780","targetHints":{"allow":["GET"]}}],"collection":[{"href":"https:\/\/www.oknobuild.com\/wp-json\/wp\/v2\/product"}],"about":[{"href":"https:\/\/www.oknobuild.com\/wp-json\/wp\/v2\/types\/product"}],"wp:featuredmedia":[{"embeddable":true,"href":"https:\/\/www.oknobuild.com\/wp-json\/wp\/v2\/media\/36880"}],"wp:attachment":[{"href":"https:\/\/www.oknobuild.com\/wp-json\/wp\/v2\/media?parent=36780"}],"wp:term":[{"taxonomy":"product_brand","embeddable":true,"href":"https:\/\/www.oknobuild.com\/wp-json\/wp\/v2\/product_brand?post=36780"},{"taxonomy":"product_cat","embeddable":true,"href":"https:\/\/www.oknobuild.com\/wp-json\/wp\/v2\/product_cat?post=36780"},{"taxonomy":"product_tag","embeddable":true,"href":"https:\/\/www.oknobuild.com\/wp-json\/wp\/v2\/product_tag?post=36780"}],"curies":[{"name":"wp","href":"https:\/\/api.w.org\/{rel}","templated":true}]}}