{"id":37970,"date":"2026-04-27T04:42:12","date_gmt":"2026-04-27T04:42:12","guid":{"rendered":""},"modified":"2026-04-27T04:42:12","modified_gmt":"2026-04-27T04:42:12","slug":"zlevneny-mexen-dazz-nastenny-sprchovy-set-s-destovou-sprchou-a-baterii-cerna-78107-70-37970","status":"publish","type":"product","link":"https:\/\/www.oknobuild.com\/index.php\/produkt\/zlevneny-mexen-dazz-nastenny-sprchovy-set-s-destovou-sprchou-a-baterii-cerna-78107-70-37970\/","title":{"rendered":"Zlevn\u011bn\u00fd MEXEN &#8211; Dazz n\u00e1st\u011bnn\u00fd sprchov\u00fd set s de\u0161\u0165ovou sprchou a bateri\u00ed, \u010dern\u00e1 78107-70"},"content":{"rendered":"<div class=\"basic-description\">\n<h3>Detailn\u00ed popis produktu<\/h3>\n<p>                                    Specifikace produktu:<\/p>\n<p> Materi\u00e1l sloupku: hlin\u00edk<\/p>\n<p> Povrchov\u00e1 \u00faprava sloupku: \u010cern\u00e1<\/p>\n<p> V\u00fd\u0161ka: 1108 mm<\/p>\n<p> \u0160\u00ed\u0159ka sloupku: 301 mm<\/p>\n<p> Materi\u00e1l de\u0161\u0165ov\u00e9 sprchy: ABS<\/p>\n<p> Povrchov\u00e1 \u00faprava de\u0161\u0165ov\u00e9 sprchy: \u010dern\u00e1<\/p>\n<p> Sprchov\u00e1 hlavice je oto\u010dn\u00e1 o 360\u00b0<\/p>\n<p> Materi\u00e1l sluch\u00e1tka: ABS<\/p>\n<p> Povrchov\u00e1 \u00faprava sluch\u00e1tka: \u010cern\u00e1<\/p>\n<p> Po\u010det funkc\u00ed: 1<\/p>\n<p> Materi\u00e1l hadice: PVC<\/p>\n<p> Povrchov\u00e1 \u00faprava hadice: \u010cern\u00e1<\/p>\n<p> D\u00e9lka hadice: 150 cm<\/p>\n<p> Mosazn\u00e9 hroty<\/p>\n<p> Hladk\u00fd povrch usnad\u0148uje \u00fadr\u017ebu<\/p>\n<p> Oto\u010dn\u00e9 hroty zabra\u0148uj\u00ed kroucen\u00ed<\/p>\n<p> Pru\u017en\u00fd materi\u00e1l odoln\u00fd proti roztahov\u00e1n\u00ed a oh\u00fdb\u00e1n\u00ed<\/p>\n<p> Materi\u00e1l baterie: Mosazn\u00e9 t\u011blo<\/p>\n<p> Povrchov\u00e1 \u00faprava faucetu: \u010cern\u00e1<\/p>\n<p> Po\u010det funkc\u00ed: 3<\/p>\n<p> V\u00fdlevka je um\u00edst\u011bna ve spodn\u00ed \u010d\u00e1sti kohoutku<\/p>\n<p> Praktick\u00e9 police na kosmetiku<\/p>\n<\/p><\/div>\n<div class=\"extended-description\">\n<h3>Dopl\u0148kov\u00e9 parametry<\/h3>\n<table class=\"detail-parameters\">\n<tbody>\n<tr>\n<th>        <span class=\"row-header-label\">            Kategorie<span class=\"row-header-label-colon\">:<\/span>        <\/span>    <\/th>\n<td>            <\/td>\n<\/tr>\n<tr>\n<th>            <span class=\"row-header-label\">                Z\u00e1ruka<span class=\"row-header-label-colon\">:<\/span>            <\/span>        <\/th>\n<td>            24        <\/td>\n<\/tr>\n<tr>\n<th>            <span class=\"row-header-label\">                Hmotnost<span class=\"row-header-label-colon\">:<\/span>            <\/span>        <\/th>\n<td>            5 kg        <\/td>\n<\/tr>\n<tr class=\"productEan\">\n<th>          <span class=\"row-header-label productEan__label\">              EAN<span class=\"row-header-label-colon\">:<\/span>          <\/span>      <\/th>\n<td>          <span class=\"productEan__value\">5905315927811<\/span>      <\/td>\n<\/tr>\n<tr>\n<th>                <span class=\"row-header-label\">                                            Dostupnost<span class=\"row-header-label-colon\">:<\/span>                                    <\/span>            <\/th>\n<td>                                                            Dod\u00e1n\u00ed do 14ti dn\u016f                                                <\/td>\n<\/tr>\n<\/tbody>\n<\/table><\/div>\n<\/p><\/div>\n<\/p><\/div>\n","protected":false},"excerpt":{"rendered":"<p>Detailn\u00ed popis produktu Specifikace produktu: Materi\u00e1l sloupku: hlin\u00edk Povrchov\u00e1 \u00faprava sloupku: \u010cern\u00e1 V\u00fd\u0161ka: 1108 mm \u0160\u00ed\u0159ka sloupku: 301 mm Materi\u00e1l de\u0161\u0165ov\u00e9 sprchy: ABS Povrchov\u00e1 \u00faprava de\u0161\u0165ov\u00e9 sprchy: \u010dern\u00e1 Sprchov\u00e1 hlavice je oto\u010dn\u00e1 o 360\u00b0 Materi\u00e1l sluch\u00e1tka: ABS Povrchov\u00e1 \u00faprava sluch\u00e1tka: \u010cern\u00e1 Po\u010det funkc\u00ed: 1 Materi\u00e1l hadice: PVC Povrchov\u00e1 \u00faprava hadice: \u010cern\u00e1 D\u00e9lka hadice: 150 cm [&hellip;]<\/p>\n","protected":false},"featured_media":38070,"comment_status":"open","ping_status":"open","template":"","meta":[],"product_brand":[],"product_cat":[55],"product_tag":[],"class_list":{"0":"post-37970","1":"product","2":"type-product","3":"status-publish","4":"has-post-thumbnail","6":"product_cat-sprchove-sloupy","8":"first","9":"instock","10":"sale","11":"shipping-taxable","12":"purchasable","13":"product-type-simple"},"yoast_head":"<!-- This site is optimized with the Yoast SEO plugin v26.8 - https:\/\/yoast.com\/product\/yoast-seo-wordpress\/ -->\n<title>Zlevn\u011bn\u00fd MEXEN - Dazz n\u00e1st\u011bnn\u00fd sprchov\u00fd set s de\u0161\u0165ovou sprchou a bateri\u00ed, \u010dern\u00e1 78107-70 -<\/title>\n<meta name=\"robots\" content=\"index, follow, max-snippet:-1, max-image-preview:large, max-video-preview:-1\" \/>\n<link rel=\"canonical\" href=\"https:\/\/www.oknobuild.com\/index.php\/produkt\/zlevneny-mexen-dazz-nastenny-sprchovy-set-s-destovou-sprchou-a-baterii-cerna-78107-70-37970\/\" \/>\n<meta property=\"og:locale\" content=\"cs_CZ\" \/>\n<meta property=\"og:type\" content=\"article\" \/>\n<meta property=\"og:title\" content=\"Zlevn\u011bn\u00fd MEXEN - Dazz n\u00e1st\u011bnn\u00fd sprchov\u00fd set s de\u0161\u0165ovou sprchou a bateri\u00ed, \u010dern\u00e1 78107-70 -\" \/>\n<meta property=\"og:description\" content=\"Detailn\u00ed popis produktu Specifikace produktu: Materi\u00e1l sloupku: hlin\u00edk Povrchov\u00e1 \u00faprava sloupku: \u010cern\u00e1 V\u00fd\u0161ka: 1108 mm \u0160\u00ed\u0159ka sloupku: 301 mm Materi\u00e1l de\u0161\u0165ov\u00e9 sprchy: ABS Povrchov\u00e1 \u00faprava de\u0161\u0165ov\u00e9 sprchy: \u010dern\u00e1 Sprchov\u00e1 hlavice je oto\u010dn\u00e1 o 360\u00b0 Materi\u00e1l sluch\u00e1tka: ABS Povrchov\u00e1 \u00faprava sluch\u00e1tka: \u010cern\u00e1 Po\u010det funkc\u00ed: 1 Materi\u00e1l hadice: PVC Povrchov\u00e1 \u00faprava hadice: \u010cern\u00e1 D\u00e9lka hadice: 150 cm [&hellip;]\" \/>\n<meta property=\"og:url\" content=\"https:\/\/www.oknobuild.com\/index.php\/produkt\/zlevneny-mexen-dazz-nastenny-sprchovy-set-s-destovou-sprchou-a-baterii-cerna-78107-70-37970\/\" \/>\n<meta property=\"og:image\" content=\"https:\/\/www.oknobuild.com\/wp-content\/uploads\/2026\/SK0022059-CZ20260425-092556-0-1777080363-1707595_mexen-dazz-nastenny-sprchovy-set-s-destovou-sprchou.webp\" \/>\n\t<meta property=\"og:image:width\" content=\"1000\" \/>\n\t<meta property=\"og:image:height\" content=\"750\" \/>\n\t<meta property=\"og:image:type\" content=\"image\/webp\" \/>\n<meta name=\"twitter:card\" content=\"summary_large_image\" \/>\n<meta name=\"twitter:label1\" content=\"Odhadovan\u00e1 doba \u010dten\u00ed\" \/>\n\t<meta name=\"twitter:data1\" content=\"1 minuta\" \/>\n<script type=\"application\/ld+json\" class=\"yoast-schema-graph\">{\"@context\":\"https:\/\/schema.org\",\"@graph\":[{\"@type\":\"WebPage\",\"@id\":\"https:\/\/www.oknobuild.com\/index.php\/produkt\/zlevneny-mexen-dazz-nastenny-sprchovy-set-s-destovou-sprchou-a-baterii-cerna-78107-70-37970\/\",\"url\":\"https:\/\/www.oknobuild.com\/index.php\/produkt\/zlevneny-mexen-dazz-nastenny-sprchovy-set-s-destovou-sprchou-a-baterii-cerna-78107-70-37970\/\",\"name\":\"Zlevn\u011bn\u00fd MEXEN - Dazz n\u00e1st\u011bnn\u00fd sprchov\u00fd set s de\u0161\u0165ovou sprchou a bateri\u00ed, \u010dern\u00e1 78107-70 -\",\"isPartOf\":{\"@id\":\"https:\/\/www.oknobuild.com\/#website\"},\"primaryImageOfPage\":{\"@id\":\"https:\/\/www.oknobuild.com\/index.php\/produkt\/zlevneny-mexen-dazz-nastenny-sprchovy-set-s-destovou-sprchou-a-baterii-cerna-78107-70-37970\/#primaryimage\"},\"image\":{\"@id\":\"https:\/\/www.oknobuild.com\/index.php\/produkt\/zlevneny-mexen-dazz-nastenny-sprchovy-set-s-destovou-sprchou-a-baterii-cerna-78107-70-37970\/#primaryimage\"},\"thumbnailUrl\":\"https:\/\/www.oknobuild.com\/wp-content\/uploads\/2026\/SK0022059-CZ20260425-092556-0-1777080363-1707595_mexen-dazz-nastenny-sprchovy-set-s-destovou-sprchou.webp\",\"datePublished\":\"2026-04-27T04:42:12+00:00\",\"breadcrumb\":{\"@id\":\"https:\/\/www.oknobuild.com\/index.php\/produkt\/zlevneny-mexen-dazz-nastenny-sprchovy-set-s-destovou-sprchou-a-baterii-cerna-78107-70-37970\/#breadcrumb\"},\"inLanguage\":\"cs\",\"potentialAction\":[{\"@type\":\"ReadAction\",\"target\":[\"https:\/\/www.oknobuild.com\/index.php\/produkt\/zlevneny-mexen-dazz-nastenny-sprchovy-set-s-destovou-sprchou-a-baterii-cerna-78107-70-37970\/\"]}]},{\"@type\":\"ImageObject\",\"inLanguage\":\"cs\",\"@id\":\"https:\/\/www.oknobuild.com\/index.php\/produkt\/zlevneny-mexen-dazz-nastenny-sprchovy-set-s-destovou-sprchou-a-baterii-cerna-78107-70-37970\/#primaryimage\",\"url\":\"https:\/\/www.oknobuild.com\/wp-content\/uploads\/2026\/SK0022059-CZ20260425-092556-0-1777080363-1707595_mexen-dazz-nastenny-sprchovy-set-s-destovou-sprchou.webp\",\"contentUrl\":\"https:\/\/www.oknobuild.com\/wp-content\/uploads\/2026\/SK0022059-CZ20260425-092556-0-1777080363-1707595_mexen-dazz-nastenny-sprchovy-set-s-destovou-sprchou.webp\",\"width\":1000,\"height\":750},{\"@type\":\"BreadcrumbList\",\"@id\":\"https:\/\/www.oknobuild.com\/index.php\/produkt\/zlevneny-mexen-dazz-nastenny-sprchovy-set-s-destovou-sprchou-a-baterii-cerna-78107-70-37970\/#breadcrumb\",\"itemListElement\":[{\"@type\":\"ListItem\",\"position\":1,\"name\":\"Home\",\"item\":\"https:\/\/www.oknobuild.com\/\"},{\"@type\":\"ListItem\",\"position\":2,\"name\":\"Products\",\"item\":\"https:\/\/www.oknobuild.com\/index.php\/products\/\"},{\"@type\":\"ListItem\",\"position\":3,\"name\":\"Zlevn\u011bn\u00fd MEXEN &#8211; Dazz n\u00e1st\u011bnn\u00fd sprchov\u00fd set s de\u0161\u0165ovou sprchou a bateri\u00ed, \u010dern\u00e1 78107-70\"}]},{\"@type\":\"WebSite\",\"@id\":\"https:\/\/www.oknobuild.com\/#website\",\"url\":\"https:\/\/www.oknobuild.com\/\",\"name\":\"\",\"description\":\"\",\"potentialAction\":[{\"@type\":\"SearchAction\",\"target\":{\"@type\":\"EntryPoint\",\"urlTemplate\":\"https:\/\/www.oknobuild.com\/?s={search_term_string}\"},\"query-input\":{\"@type\":\"PropertyValueSpecification\",\"valueRequired\":true,\"valueName\":\"search_term_string\"}}],\"inLanguage\":\"cs\"}]}<\/script>\n<!-- \/ Yoast SEO plugin. -->","yoast_head_json":{"title":"Zlevn\u011bn\u00fd MEXEN - Dazz n\u00e1st\u011bnn\u00fd sprchov\u00fd set s de\u0161\u0165ovou sprchou a bateri\u00ed, \u010dern\u00e1 78107-70 -","robots":{"index":"index","follow":"follow","max-snippet":"max-snippet:-1","max-image-preview":"max-image-preview:large","max-video-preview":"max-video-preview:-1"},"canonical":"https:\/\/www.oknobuild.com\/index.php\/produkt\/zlevneny-mexen-dazz-nastenny-sprchovy-set-s-destovou-sprchou-a-baterii-cerna-78107-70-37970\/","og_locale":"cs_CZ","og_type":"article","og_title":"Zlevn\u011bn\u00fd MEXEN - Dazz n\u00e1st\u011bnn\u00fd sprchov\u00fd set s de\u0161\u0165ovou sprchou a bateri\u00ed, \u010dern\u00e1 78107-70 -","og_description":"Detailn\u00ed popis produktu Specifikace produktu: Materi\u00e1l sloupku: hlin\u00edk Povrchov\u00e1 \u00faprava sloupku: \u010cern\u00e1 V\u00fd\u0161ka: 1108 mm \u0160\u00ed\u0159ka sloupku: 301 mm Materi\u00e1l de\u0161\u0165ov\u00e9 sprchy: ABS Povrchov\u00e1 \u00faprava de\u0161\u0165ov\u00e9 sprchy: \u010dern\u00e1 Sprchov\u00e1 hlavice je oto\u010dn\u00e1 o 360\u00b0 Materi\u00e1l sluch\u00e1tka: ABS Povrchov\u00e1 \u00faprava sluch\u00e1tka: \u010cern\u00e1 Po\u010det funkc\u00ed: 1 Materi\u00e1l hadice: PVC Povrchov\u00e1 \u00faprava hadice: \u010cern\u00e1 D\u00e9lka hadice: 150 cm [&hellip;]","og_url":"https:\/\/www.oknobuild.com\/index.php\/produkt\/zlevneny-mexen-dazz-nastenny-sprchovy-set-s-destovou-sprchou-a-baterii-cerna-78107-70-37970\/","og_image":[{"width":1000,"height":750,"url":"https:\/\/www.oknobuild.com\/wp-content\/uploads\/2026\/SK0022059-CZ20260425-092556-0-1777080363-1707595_mexen-dazz-nastenny-sprchovy-set-s-destovou-sprchou.webp","type":"image\/webp"}],"twitter_card":"summary_large_image","twitter_misc":{"Odhadovan\u00e1 doba \u010dten\u00ed":"1 minuta"},"schema":{"@context":"https:\/\/schema.org","@graph":[{"@type":"WebPage","@id":"https:\/\/www.oknobuild.com\/index.php\/produkt\/zlevneny-mexen-dazz-nastenny-sprchovy-set-s-destovou-sprchou-a-baterii-cerna-78107-70-37970\/","url":"https:\/\/www.oknobuild.com\/index.php\/produkt\/zlevneny-mexen-dazz-nastenny-sprchovy-set-s-destovou-sprchou-a-baterii-cerna-78107-70-37970\/","name":"Zlevn\u011bn\u00fd MEXEN - Dazz n\u00e1st\u011bnn\u00fd sprchov\u00fd set s de\u0161\u0165ovou sprchou a bateri\u00ed, \u010dern\u00e1 78107-70 -","isPartOf":{"@id":"https:\/\/www.oknobuild.com\/#website"},"primaryImageOfPage":{"@id":"https:\/\/www.oknobuild.com\/index.php\/produkt\/zlevneny-mexen-dazz-nastenny-sprchovy-set-s-destovou-sprchou-a-baterii-cerna-78107-70-37970\/#primaryimage"},"image":{"@id":"https:\/\/www.oknobuild.com\/index.php\/produkt\/zlevneny-mexen-dazz-nastenny-sprchovy-set-s-destovou-sprchou-a-baterii-cerna-78107-70-37970\/#primaryimage"},"thumbnailUrl":"https:\/\/www.oknobuild.com\/wp-content\/uploads\/2026\/SK0022059-CZ20260425-092556-0-1777080363-1707595_mexen-dazz-nastenny-sprchovy-set-s-destovou-sprchou.webp","datePublished":"2026-04-27T04:42:12+00:00","breadcrumb":{"@id":"https:\/\/www.oknobuild.com\/index.php\/produkt\/zlevneny-mexen-dazz-nastenny-sprchovy-set-s-destovou-sprchou-a-baterii-cerna-78107-70-37970\/#breadcrumb"},"inLanguage":"cs","potentialAction":[{"@type":"ReadAction","target":["https:\/\/www.oknobuild.com\/index.php\/produkt\/zlevneny-mexen-dazz-nastenny-sprchovy-set-s-destovou-sprchou-a-baterii-cerna-78107-70-37970\/"]}]},{"@type":"ImageObject","inLanguage":"cs","@id":"https:\/\/www.oknobuild.com\/index.php\/produkt\/zlevneny-mexen-dazz-nastenny-sprchovy-set-s-destovou-sprchou-a-baterii-cerna-78107-70-37970\/#primaryimage","url":"https:\/\/www.oknobuild.com\/wp-content\/uploads\/2026\/SK0022059-CZ20260425-092556-0-1777080363-1707595_mexen-dazz-nastenny-sprchovy-set-s-destovou-sprchou.webp","contentUrl":"https:\/\/www.oknobuild.com\/wp-content\/uploads\/2026\/SK0022059-CZ20260425-092556-0-1777080363-1707595_mexen-dazz-nastenny-sprchovy-set-s-destovou-sprchou.webp","width":1000,"height":750},{"@type":"BreadcrumbList","@id":"https:\/\/www.oknobuild.com\/index.php\/produkt\/zlevneny-mexen-dazz-nastenny-sprchovy-set-s-destovou-sprchou-a-baterii-cerna-78107-70-37970\/#breadcrumb","itemListElement":[{"@type":"ListItem","position":1,"name":"Home","item":"https:\/\/www.oknobuild.com\/"},{"@type":"ListItem","position":2,"name":"Products","item":"https:\/\/www.oknobuild.com\/index.php\/products\/"},{"@type":"ListItem","position":3,"name":"Zlevn\u011bn\u00fd MEXEN &#8211; Dazz n\u00e1st\u011bnn\u00fd sprchov\u00fd set s de\u0161\u0165ovou sprchou a bateri\u00ed, \u010dern\u00e1 78107-70"}]},{"@type":"WebSite","@id":"https:\/\/www.oknobuild.com\/#website","url":"https:\/\/www.oknobuild.com\/","name":"","description":"","potentialAction":[{"@type":"SearchAction","target":{"@type":"EntryPoint","urlTemplate":"https:\/\/www.oknobuild.com\/?s={search_term_string}"},"query-input":{"@type":"PropertyValueSpecification","valueRequired":true,"valueName":"search_term_string"}}],"inLanguage":"cs"}]}},"_links":{"self":[{"href":"https:\/\/www.oknobuild.com\/index.php\/wp-json\/wp\/v2\/product\/37970","targetHints":{"allow":["GET"]}}],"collection":[{"href":"https:\/\/www.oknobuild.com\/index.php\/wp-json\/wp\/v2\/product"}],"about":[{"href":"https:\/\/www.oknobuild.com\/index.php\/wp-json\/wp\/v2\/types\/product"}],"replies":[{"embeddable":true,"href":"https:\/\/www.oknobuild.com\/index.php\/wp-json\/wp\/v2\/comments?post=37970"}],"wp:featuredmedia":[{"embeddable":true,"href":"https:\/\/www.oknobuild.com\/index.php\/wp-json\/wp\/v2\/media\/38070"}],"wp:attachment":[{"href":"https:\/\/www.oknobuild.com\/index.php\/wp-json\/wp\/v2\/media?parent=37970"}],"wp:term":[{"taxonomy":"product_brand","embeddable":true,"href":"https:\/\/www.oknobuild.com\/index.php\/wp-json\/wp\/v2\/product_brand?post=37970"},{"taxonomy":"product_cat","embeddable":true,"href":"https:\/\/www.oknobuild.com\/index.php\/wp-json\/wp\/v2\/product_cat?post=37970"},{"taxonomy":"product_tag","embeddable":true,"href":"https:\/\/www.oknobuild.com\/index.php\/wp-json\/wp\/v2\/product_tag?post=37970"}],"curies":[{"name":"wp","href":"https:\/\/api.w.org\/{rel}","templated":true}]}}