{"id":38150,"date":"2026-04-27T04:42:13","date_gmt":"2026-04-27T04:42:13","guid":{"rendered":""},"modified":"2026-04-27T04:42:13","modified_gmt":"2026-04-27T04:42:13","slug":"deante-alpinia-chrom-sprchovy-sloup-s-vanovou-baterii-pohyblivy-vytok-nac-01am-overeny-38150","status":"publish","type":"product","link":"https:\/\/www.oknobuild.com\/index.php\/produkt\/deante-alpinia-chrom-sprchovy-sloup-s-vanovou-baterii-pohyblivy-vytok-nac-01am-overeny-38150\/","title":{"rendered":"DEANTE &#8211; Alpinia chrom &#8211; Sprchov\u00fd sloup, s vanovou bateri\u00ed &#8211; pohybliv\u00fd v\u00fdtok NAC_01AM Ov\u011b\u0159en\u00fd"},"content":{"rendered":"<div class=\"basic-description\">\n<h3>Detailn\u00ed popis produktu<\/h3>\n<p>                                    Funk\u010dn\u00ed de\u0161\u0165ov\u00e1 sprcha v\u00e1m umo\u017en\u00ed voln\u00fd pohyb ve spr\u0161e, proto\u017ee nemus\u00edte dr\u017eet sluch\u00e1tko v ruce. D\u00edky tradi\u010dn\u00edm tvar\u016fm a modern\u00edmu proveden\u00ed vypad\u00e1 skv\u011ble v pr\u016fmyslov\u00fdch a skandin\u00e1vsk\u00fdch koupeln\u00e1ch, ale i v tradi\u010dn\u011bj\u0161\u00edch interi\u00e9rech. Odoln\u00fd a odoln\u00fd povlak je odoln\u00fd proti od\u0161t\u00edpnut\u00ed a tepeln\u00e9mu \u0161oku. Sprchov\u00e1 hlavice se tak\u00e9 snadno udr\u017euje v dokonal\u00e9 \u010distot\u011b d\u00edky syst\u00e9mu Anti-Calc. Vodn\u00ed k\u00e1men ze silikonov\u00fdch trysek odstran\u00edte jedn\u00edm pohybem ruky. Sada obsahuje krom\u011b de\u0161\u0165ov\u00e9 sprchov\u00e9 hlavice a sprchov\u00e9 hlavice tak\u00e9 pohodlnou vanovou baterii. D\u00edky tomu snadno zkombinujete komfortn\u00ed koupac\u00ed z\u00f3nu s mo\u017enost\u00ed rychl\u00e9 sprchy. V\u00fdlevku lze po vypnut\u00ed pr\u016ftoku sklopit rovnob\u011b\u017en\u011b se st\u011bnou. Jde o velmi praktick\u00e9 \u0159e\u0161en\u00ed, kter\u00e9 v\u00fdrazn\u011b zvy\u0161uje komfort koup\u00e1n\u00ed. Zapomenete na z\u00e1sah do vy\u010dn\u00edvaj\u00edc\u00edho prvku.<\/p>\n<ul>\n<li> Li\u0161ta vyroben\u00e1 z oceli<\/li>\n<li> Pouze ty nejlep\u0161\u00ed materi\u00e1ly, jejich\u017e kvalita je potvrzena laboratorn\u00edmi testy<\/li>\n<li> Sluch\u00e1tko se syst\u00e9mem Anti-calc, kter\u00fd usnad\u0148uje odstra\u0148ov\u00e1n\u00ed vodn\u00edho kamene<\/li>\n<li> Baterie je vybavena perl\u00e1torem, kter\u00fd proud provzdu\u0161\u0148uje<\/li>\n<li> Nab\u00eddka zahrnuje speci\u00e1ln\u00ed bezpe\u010dn\u00fd prost\u0159edek na \u010di\u0161t\u011bn\u00e9 povrchy<\/li>\n<li> Nastaviteln\u00e1 v\u00fd\u0161ka de\u0161\u0165ov\u00e9 sprchy<\/li>\n<li> Lehk\u00fd a jemn\u00fd design<\/li>\n<li> K dispozici jsou speci\u00e1ln\u00ed p\u0159\u00edpravky, kter\u00e9 usnad\u0148uj\u00ed p\u00e9\u010di o produkty<\/li>\n<li> Skl\u00e1dac\u00ed v\u00fdtok zvy\u0161uje pohodl\u00ed a bezpe\u010dnost<\/li>\n<li> T\u011blo baterie je vyrobeno z nejkvalitn\u011bj\u0161\u00ed mosazi<\/li>\n<\/ul><\/div>\n<div class=\"extended-description\">\n<h3>Dopl\u0148kov\u00e9 parametry<\/h3>\n<table class=\"detail-parameters\">\n<tbody>\n<tr>\n<th>        <span class=\"row-header-label\">            Kategorie<span class=\"row-header-label-colon\">:<\/span>        <\/span>    <\/th>\n<td>            <\/td>\n<\/tr>\n<tr>\n<th>            <span class=\"row-header-label\">                Z\u00e1ruka<span class=\"row-header-label-colon\">:<\/span>            <\/span>        <\/th>\n<td>            24        <\/td>\n<\/tr>\n<tr>\n<th>            <span class=\"row-header-label\">                Hmotnost<span class=\"row-header-label-colon\">:<\/span>            <\/span>        <\/th>\n<td>            5 kg        <\/td>\n<\/tr>\n<tr class=\"productEan\">\n<th>          <span class=\"row-header-label productEan__label\">              EAN<span class=\"row-header-label-colon\">:<\/span>          <\/span>      <\/th>\n<td>          <span class=\"productEan__value\">5908212058923<\/span>      <\/td>\n<\/tr>\n<tr>\n<th>                <span class=\"row-header-label\">                                            Dostupnost<span class=\"row-header-label-colon\">:<\/span>                                    <\/span>            <\/th>\n<td>                                                            Dod\u00e1n\u00ed do 14ti dn\u016f                                                <\/td>\n<\/tr>\n<\/tbody>\n<\/table><\/div>\n<\/p><\/div>\n<\/p><\/div>\n","protected":false},"excerpt":{"rendered":"<p>Detailn\u00ed popis produktu Funk\u010dn\u00ed de\u0161\u0165ov\u00e1 sprcha v\u00e1m umo\u017en\u00ed voln\u00fd pohyb ve spr\u0161e, proto\u017ee nemus\u00edte dr\u017eet sluch\u00e1tko v ruce. D\u00edky tradi\u010dn\u00edm tvar\u016fm a modern\u00edmu proveden\u00ed vypad\u00e1 skv\u011ble v pr\u016fmyslov\u00fdch a skandin\u00e1vsk\u00fdch koupeln\u00e1ch, ale i v tradi\u010dn\u011bj\u0161\u00edch interi\u00e9rech. Odoln\u00fd a odoln\u00fd povlak je odoln\u00fd proti od\u0161t\u00edpnut\u00ed a tepeln\u00e9mu \u0161oku. Sprchov\u00e1 hlavice se tak\u00e9 snadno udr\u017euje v dokonal\u00e9 [&hellip;]<\/p>\n","protected":false},"featured_media":38250,"comment_status":"open","ping_status":"open","template":"","meta":[],"product_brand":[],"product_cat":[55],"product_tag":[],"class_list":{"0":"post-38150","1":"product","2":"type-product","3":"status-publish","4":"has-post-thumbnail","6":"product_cat-sprchove-sloupy","8":"first","9":"instock","10":"sale","11":"shipping-taxable","12":"purchasable","13":"product-type-simple"},"yoast_head":"<!-- This site is optimized with the Yoast SEO plugin v26.8 - https:\/\/yoast.com\/product\/yoast-seo-wordpress\/ -->\n<title>DEANTE - Alpinia chrom - Sprchov\u00fd sloup, s vanovou bateri\u00ed - pohybliv\u00fd v\u00fdtok NAC_01AM Ov\u011b\u0159en\u00fd -<\/title>\n<meta name=\"robots\" content=\"index, follow, max-snippet:-1, max-image-preview:large, max-video-preview:-1\" \/>\n<link rel=\"canonical\" href=\"https:\/\/www.oknobuild.com\/index.php\/produkt\/deante-alpinia-chrom-sprchovy-sloup-s-vanovou-baterii-pohyblivy-vytok-nac-01am-overeny-38150\/\" \/>\n<meta property=\"og:locale\" content=\"cs_CZ\" \/>\n<meta property=\"og:type\" content=\"article\" \/>\n<meta property=\"og:title\" content=\"DEANTE - Alpinia chrom - Sprchov\u00fd sloup, s vanovou bateri\u00ed - pohybliv\u00fd v\u00fdtok NAC_01AM Ov\u011b\u0159en\u00fd -\" \/>\n<meta property=\"og:description\" content=\"Detailn\u00ed popis produktu Funk\u010dn\u00ed de\u0161\u0165ov\u00e1 sprcha v\u00e1m umo\u017en\u00ed voln\u00fd pohyb ve spr\u0161e, proto\u017ee nemus\u00edte dr\u017eet sluch\u00e1tko v ruce. D\u00edky tradi\u010dn\u00edm tvar\u016fm a modern\u00edmu proveden\u00ed vypad\u00e1 skv\u011ble v pr\u016fmyslov\u00fdch a skandin\u00e1vsk\u00fdch koupeln\u00e1ch, ale i v tradi\u010dn\u011bj\u0161\u00edch interi\u00e9rech. Odoln\u00fd a odoln\u00fd povlak je odoln\u00fd proti od\u0161t\u00edpnut\u00ed a tepeln\u00e9mu \u0161oku. Sprchov\u00e1 hlavice se tak\u00e9 snadno udr\u017euje v dokonal\u00e9 [&hellip;]\" \/>\n<meta property=\"og:url\" content=\"https:\/\/www.oknobuild.com\/index.php\/produkt\/deante-alpinia-chrom-sprchovy-sloup-s-vanovou-baterii-pohyblivy-vytok-nac-01am-overeny-38150\/\" \/>\n<meta property=\"og:image\" content=\"https:\/\/www.oknobuild.com\/wp-content\/uploads\/2026\/SK0022144-CZ20260425-092556-0-1777080363-1709176_deante-alpinia-chrom-sprchovy-sloup--s-vanovou-bate.webp\" \/>\n\t<meta property=\"og:image:width\" content=\"1000\" \/>\n\t<meta property=\"og:image:height\" content=\"750\" \/>\n\t<meta property=\"og:image:type\" content=\"image\/webp\" \/>\n<meta name=\"twitter:card\" content=\"summary_large_image\" \/>\n<meta name=\"twitter:label1\" content=\"Odhadovan\u00e1 doba \u010dten\u00ed\" \/>\n\t<meta name=\"twitter:data1\" content=\"1 minuta\" \/>\n<script type=\"application\/ld+json\" class=\"yoast-schema-graph\">{\"@context\":\"https:\/\/schema.org\",\"@graph\":[{\"@type\":\"WebPage\",\"@id\":\"https:\/\/www.oknobuild.com\/index.php\/produkt\/deante-alpinia-chrom-sprchovy-sloup-s-vanovou-baterii-pohyblivy-vytok-nac-01am-overeny-38150\/\",\"url\":\"https:\/\/www.oknobuild.com\/index.php\/produkt\/deante-alpinia-chrom-sprchovy-sloup-s-vanovou-baterii-pohyblivy-vytok-nac-01am-overeny-38150\/\",\"name\":\"DEANTE - Alpinia chrom - Sprchov\u00fd sloup, s vanovou bateri\u00ed - pohybliv\u00fd v\u00fdtok NAC_01AM Ov\u011b\u0159en\u00fd -\",\"isPartOf\":{\"@id\":\"https:\/\/www.oknobuild.com\/#website\"},\"primaryImageOfPage\":{\"@id\":\"https:\/\/www.oknobuild.com\/index.php\/produkt\/deante-alpinia-chrom-sprchovy-sloup-s-vanovou-baterii-pohyblivy-vytok-nac-01am-overeny-38150\/#primaryimage\"},\"image\":{\"@id\":\"https:\/\/www.oknobuild.com\/index.php\/produkt\/deante-alpinia-chrom-sprchovy-sloup-s-vanovou-baterii-pohyblivy-vytok-nac-01am-overeny-38150\/#primaryimage\"},\"thumbnailUrl\":\"https:\/\/www.oknobuild.com\/wp-content\/uploads\/2026\/SK0022144-CZ20260425-092556-0-1777080363-1709176_deante-alpinia-chrom-sprchovy-sloup--s-vanovou-bate.webp\",\"datePublished\":\"2026-04-27T04:42:13+00:00\",\"breadcrumb\":{\"@id\":\"https:\/\/www.oknobuild.com\/index.php\/produkt\/deante-alpinia-chrom-sprchovy-sloup-s-vanovou-baterii-pohyblivy-vytok-nac-01am-overeny-38150\/#breadcrumb\"},\"inLanguage\":\"cs\",\"potentialAction\":[{\"@type\":\"ReadAction\",\"target\":[\"https:\/\/www.oknobuild.com\/index.php\/produkt\/deante-alpinia-chrom-sprchovy-sloup-s-vanovou-baterii-pohyblivy-vytok-nac-01am-overeny-38150\/\"]}]},{\"@type\":\"ImageObject\",\"inLanguage\":\"cs\",\"@id\":\"https:\/\/www.oknobuild.com\/index.php\/produkt\/deante-alpinia-chrom-sprchovy-sloup-s-vanovou-baterii-pohyblivy-vytok-nac-01am-overeny-38150\/#primaryimage\",\"url\":\"https:\/\/www.oknobuild.com\/wp-content\/uploads\/2026\/SK0022144-CZ20260425-092556-0-1777080363-1709176_deante-alpinia-chrom-sprchovy-sloup--s-vanovou-bate.webp\",\"contentUrl\":\"https:\/\/www.oknobuild.com\/wp-content\/uploads\/2026\/SK0022144-CZ20260425-092556-0-1777080363-1709176_deante-alpinia-chrom-sprchovy-sloup--s-vanovou-bate.webp\",\"width\":1000,\"height\":750},{\"@type\":\"BreadcrumbList\",\"@id\":\"https:\/\/www.oknobuild.com\/index.php\/produkt\/deante-alpinia-chrom-sprchovy-sloup-s-vanovou-baterii-pohyblivy-vytok-nac-01am-overeny-38150\/#breadcrumb\",\"itemListElement\":[{\"@type\":\"ListItem\",\"position\":1,\"name\":\"Home\",\"item\":\"https:\/\/www.oknobuild.com\/\"},{\"@type\":\"ListItem\",\"position\":2,\"name\":\"Products\",\"item\":\"https:\/\/www.oknobuild.com\/index.php\/products\/\"},{\"@type\":\"ListItem\",\"position\":3,\"name\":\"DEANTE &#8211; Alpinia chrom &#8211; Sprchov\u00fd sloup, s vanovou bateri\u00ed &#8211; pohybliv\u00fd v\u00fdtok NAC_01AM Ov\u011b\u0159en\u00fd\"}]},{\"@type\":\"WebSite\",\"@id\":\"https:\/\/www.oknobuild.com\/#website\",\"url\":\"https:\/\/www.oknobuild.com\/\",\"name\":\"\",\"description\":\"\",\"potentialAction\":[{\"@type\":\"SearchAction\",\"target\":{\"@type\":\"EntryPoint\",\"urlTemplate\":\"https:\/\/www.oknobuild.com\/?s={search_term_string}\"},\"query-input\":{\"@type\":\"PropertyValueSpecification\",\"valueRequired\":true,\"valueName\":\"search_term_string\"}}],\"inLanguage\":\"cs\"}]}<\/script>\n<!-- \/ Yoast SEO plugin. -->","yoast_head_json":{"title":"DEANTE - Alpinia chrom - Sprchov\u00fd sloup, s vanovou bateri\u00ed - pohybliv\u00fd v\u00fdtok NAC_01AM Ov\u011b\u0159en\u00fd -","robots":{"index":"index","follow":"follow","max-snippet":"max-snippet:-1","max-image-preview":"max-image-preview:large","max-video-preview":"max-video-preview:-1"},"canonical":"https:\/\/www.oknobuild.com\/index.php\/produkt\/deante-alpinia-chrom-sprchovy-sloup-s-vanovou-baterii-pohyblivy-vytok-nac-01am-overeny-38150\/","og_locale":"cs_CZ","og_type":"article","og_title":"DEANTE - Alpinia chrom - Sprchov\u00fd sloup, s vanovou bateri\u00ed - pohybliv\u00fd v\u00fdtok NAC_01AM Ov\u011b\u0159en\u00fd -","og_description":"Detailn\u00ed popis produktu Funk\u010dn\u00ed de\u0161\u0165ov\u00e1 sprcha v\u00e1m umo\u017en\u00ed voln\u00fd pohyb ve spr\u0161e, proto\u017ee nemus\u00edte dr\u017eet sluch\u00e1tko v ruce. D\u00edky tradi\u010dn\u00edm tvar\u016fm a modern\u00edmu proveden\u00ed vypad\u00e1 skv\u011ble v pr\u016fmyslov\u00fdch a skandin\u00e1vsk\u00fdch koupeln\u00e1ch, ale i v tradi\u010dn\u011bj\u0161\u00edch interi\u00e9rech. Odoln\u00fd a odoln\u00fd povlak je odoln\u00fd proti od\u0161t\u00edpnut\u00ed a tepeln\u00e9mu \u0161oku. Sprchov\u00e1 hlavice se tak\u00e9 snadno udr\u017euje v dokonal\u00e9 [&hellip;]","og_url":"https:\/\/www.oknobuild.com\/index.php\/produkt\/deante-alpinia-chrom-sprchovy-sloup-s-vanovou-baterii-pohyblivy-vytok-nac-01am-overeny-38150\/","og_image":[{"width":1000,"height":750,"url":"https:\/\/www.oknobuild.com\/wp-content\/uploads\/2026\/SK0022144-CZ20260425-092556-0-1777080363-1709176_deante-alpinia-chrom-sprchovy-sloup--s-vanovou-bate.webp","type":"image\/webp"}],"twitter_card":"summary_large_image","twitter_misc":{"Odhadovan\u00e1 doba \u010dten\u00ed":"1 minuta"},"schema":{"@context":"https:\/\/schema.org","@graph":[{"@type":"WebPage","@id":"https:\/\/www.oknobuild.com\/index.php\/produkt\/deante-alpinia-chrom-sprchovy-sloup-s-vanovou-baterii-pohyblivy-vytok-nac-01am-overeny-38150\/","url":"https:\/\/www.oknobuild.com\/index.php\/produkt\/deante-alpinia-chrom-sprchovy-sloup-s-vanovou-baterii-pohyblivy-vytok-nac-01am-overeny-38150\/","name":"DEANTE - Alpinia chrom - Sprchov\u00fd sloup, s vanovou bateri\u00ed - pohybliv\u00fd v\u00fdtok NAC_01AM Ov\u011b\u0159en\u00fd -","isPartOf":{"@id":"https:\/\/www.oknobuild.com\/#website"},"primaryImageOfPage":{"@id":"https:\/\/www.oknobuild.com\/index.php\/produkt\/deante-alpinia-chrom-sprchovy-sloup-s-vanovou-baterii-pohyblivy-vytok-nac-01am-overeny-38150\/#primaryimage"},"image":{"@id":"https:\/\/www.oknobuild.com\/index.php\/produkt\/deante-alpinia-chrom-sprchovy-sloup-s-vanovou-baterii-pohyblivy-vytok-nac-01am-overeny-38150\/#primaryimage"},"thumbnailUrl":"https:\/\/www.oknobuild.com\/wp-content\/uploads\/2026\/SK0022144-CZ20260425-092556-0-1777080363-1709176_deante-alpinia-chrom-sprchovy-sloup--s-vanovou-bate.webp","datePublished":"2026-04-27T04:42:13+00:00","breadcrumb":{"@id":"https:\/\/www.oknobuild.com\/index.php\/produkt\/deante-alpinia-chrom-sprchovy-sloup-s-vanovou-baterii-pohyblivy-vytok-nac-01am-overeny-38150\/#breadcrumb"},"inLanguage":"cs","potentialAction":[{"@type":"ReadAction","target":["https:\/\/www.oknobuild.com\/index.php\/produkt\/deante-alpinia-chrom-sprchovy-sloup-s-vanovou-baterii-pohyblivy-vytok-nac-01am-overeny-38150\/"]}]},{"@type":"ImageObject","inLanguage":"cs","@id":"https:\/\/www.oknobuild.com\/index.php\/produkt\/deante-alpinia-chrom-sprchovy-sloup-s-vanovou-baterii-pohyblivy-vytok-nac-01am-overeny-38150\/#primaryimage","url":"https:\/\/www.oknobuild.com\/wp-content\/uploads\/2026\/SK0022144-CZ20260425-092556-0-1777080363-1709176_deante-alpinia-chrom-sprchovy-sloup--s-vanovou-bate.webp","contentUrl":"https:\/\/www.oknobuild.com\/wp-content\/uploads\/2026\/SK0022144-CZ20260425-092556-0-1777080363-1709176_deante-alpinia-chrom-sprchovy-sloup--s-vanovou-bate.webp","width":1000,"height":750},{"@type":"BreadcrumbList","@id":"https:\/\/www.oknobuild.com\/index.php\/produkt\/deante-alpinia-chrom-sprchovy-sloup-s-vanovou-baterii-pohyblivy-vytok-nac-01am-overeny-38150\/#breadcrumb","itemListElement":[{"@type":"ListItem","position":1,"name":"Home","item":"https:\/\/www.oknobuild.com\/"},{"@type":"ListItem","position":2,"name":"Products","item":"https:\/\/www.oknobuild.com\/index.php\/products\/"},{"@type":"ListItem","position":3,"name":"DEANTE &#8211; Alpinia chrom &#8211; Sprchov\u00fd sloup, s vanovou bateri\u00ed &#8211; pohybliv\u00fd v\u00fdtok NAC_01AM Ov\u011b\u0159en\u00fd"}]},{"@type":"WebSite","@id":"https:\/\/www.oknobuild.com\/#website","url":"https:\/\/www.oknobuild.com\/","name":"","description":"","potentialAction":[{"@type":"SearchAction","target":{"@type":"EntryPoint","urlTemplate":"https:\/\/www.oknobuild.com\/?s={search_term_string}"},"query-input":{"@type":"PropertyValueSpecification","valueRequired":true,"valueName":"search_term_string"}}],"inLanguage":"cs"}]}},"_links":{"self":[{"href":"https:\/\/www.oknobuild.com\/index.php\/wp-json\/wp\/v2\/product\/38150","targetHints":{"allow":["GET"]}}],"collection":[{"href":"https:\/\/www.oknobuild.com\/index.php\/wp-json\/wp\/v2\/product"}],"about":[{"href":"https:\/\/www.oknobuild.com\/index.php\/wp-json\/wp\/v2\/types\/product"}],"replies":[{"embeddable":true,"href":"https:\/\/www.oknobuild.com\/index.php\/wp-json\/wp\/v2\/comments?post=38150"}],"wp:featuredmedia":[{"embeddable":true,"href":"https:\/\/www.oknobuild.com\/index.php\/wp-json\/wp\/v2\/media\/38250"}],"wp:attachment":[{"href":"https:\/\/www.oknobuild.com\/index.php\/wp-json\/wp\/v2\/media?parent=38150"}],"wp:term":[{"taxonomy":"product_brand","embeddable":true,"href":"https:\/\/www.oknobuild.com\/index.php\/wp-json\/wp\/v2\/product_brand?post=38150"},{"taxonomy":"product_cat","embeddable":true,"href":"https:\/\/www.oknobuild.com\/index.php\/wp-json\/wp\/v2\/product_cat?post=38150"},{"taxonomy":"product_tag","embeddable":true,"href":"https:\/\/www.oknobuild.com\/index.php\/wp-json\/wp\/v2\/product_tag?post=38150"}],"curies":[{"name":"wp","href":"https:\/\/api.w.org\/{rel}","templated":true}]}}