{"id":38692,"date":"2026-04-27T04:42:15","date_gmt":"2026-04-27T04:42:15","guid":{"rendered":""},"modified":"2026-04-27T04:42:15","modified_gmt":"2026-04-27T04:42:15","slug":"originalni-regulus-solarni-cerpadlova-skupina-cse1-sol-g-srs1-t-p-38692","status":"publish","type":"product","link":"https:\/\/www.oknobuild.com\/index.php\/produkt\/originalni-regulus-solarni-cerpadlova-skupina-cse1-sol-g-srs1-t-p-38692\/","title":{"rendered":"Origin\u00e1ln\u00ed Regulus Sol\u00e1rn\u00ed \u010derpadlov\u00e1 skupina CSE1 SOL G SRS1 T P"},"content":{"rendered":"<div class=\"ProductDetail-content NoFixImageContainer\" id=\"productDescription\">\n<div class=\"Heading\">\n<h2 class=\"Heading-title\">Popis produktu <span class=''>Regulus Sol\u00e1rn\u00ed \u010derpadlov\u00e1 skupina CSE1 SOL G SRS1 T P<\/span><\/h2>\n<\/p><\/div>\n<div class=\"ProductDetailContent\">\n<ul>\n<li><span style=\"font-size:16px\">plynul\u00e9 \u0159\u00edzen\u00ed ot\u00e1\u010dek \u010derpadla<\/span><\/li>\n<li><span style=\"font-size:16px\">se sol\u00e1rn\u00edm \u010didlem<\/span><\/li>\n<li><span style=\"font-size:16px\">se zapojen\u00fdm \u010didlem do z\u00e1sobn\u00edku<\/span><\/li>\n<li><span style=\"font-size:16px\">3m nap\u00e1jec\u00ed kabel s vidlic\u00ed do z\u00e1suvky pro nap\u00e1jen\u00ed regul\u00e1toru a \u010derpadla<\/span><\/li>\n<\/ul>\n<p><span style=\"font-size:16px\">Sou\u010d\u00e1st\u00ed je 1 zapojen\u00e9 \u010didlo z\u00e1sobn\u00edku tepl\u00e9 vody. Typy s \u010derpadlem Grundfos obsahuj\u00ed mechanick\u00fd pr\u016ftokom\u011br. Typy s \u010derpadlem Wilo obsahuj\u00ed elektronick\u00e9 m\u011b\u0159en\u00ed pr\u016ftoku zobrazen\u00e9 na displeji.<\/span><\/p>\n<p><span style=\"font-size:18px\"><strong>Skl\u00e1d\u00e1 se:<\/strong><\/span><\/p>\n<ul>\n<li><span style=\"font-size:16px\">Ob\u011bhov\u00e9 \u010derpadlo Grundfos UPM3 Hybrid 25-70 ovl\u00e1d\u00e1n\u00ed PWM nebo ON\/OFF<\/span><\/li>\n<li><span style=\"font-size:16px\">Zp\u011btn\u00fd ventil<\/span><\/li>\n<li><span style=\"font-size:16px\">Pojistn\u00fd ventil<\/span><\/li>\n<li><span style=\"font-size:16px\">Napou\u0161t\u011bc\u00ed a vypou\u0161t\u011bc\u00ed ventil<\/span><\/li>\n<li><span style=\"font-size:16px\">Dva kulov\u00e9 kohouty<\/span><\/li>\n<li><span style=\"font-size:16px\">Tlakom\u011br<\/span><\/li>\n<li><span style=\"font-size:16px\">Teplom\u011br<\/span><\/li>\n<li><span style=\"font-size:16px\">V\u00fdstup pro p\u0159ipojen\u00ed exp. n\u00e1doby<\/span><\/li>\n<li><span style=\"font-size:16px\">Termoizola\u010dn\u00ed oba<\/span><\/li>\n<\/ul><\/div>\n<div class=\"ProductDetailContent\">                                                                    <\/div>\n<\/p><\/div>\n<\/p><\/div>\n<\/p><\/div>\n","protected":false},"excerpt":{"rendered":"<p>Popis produktu Regulus Sol\u00e1rn\u00ed \u010derpadlov\u00e1 skupina CSE1 SOL G SRS1 T P plynul\u00e9 \u0159\u00edzen\u00ed ot\u00e1\u010dek \u010derpadla se sol\u00e1rn\u00edm \u010didlem se zapojen\u00fdm \u010didlem do z\u00e1sobn\u00edku 3m nap\u00e1jec\u00ed kabel s vidlic\u00ed do z\u00e1suvky pro nap\u00e1jen\u00ed regul\u00e1toru a \u010derpadla Sou\u010d\u00e1st\u00ed je 1 zapojen\u00e9 \u010didlo z\u00e1sobn\u00edku tepl\u00e9 vody. Typy s \u010derpadlem Grundfos obsahuj\u00ed mechanick\u00fd pr\u016ftokom\u011br. Typy s \u010derpadlem Wilo [&hellip;]<\/p>\n","protected":false},"featured_media":38792,"comment_status":"open","ping_status":"open","template":"","meta":[],"product_brand":[],"product_cat":[66],"product_tag":[],"class_list":{"0":"post-38692","1":"product","2":"type-product","3":"status-publish","4":"has-post-thumbnail","6":"product_cat-fotovoltaicke-a-solarni-systemy","8":"first","9":"instock","10":"sale","11":"shipping-taxable","12":"purchasable","13":"product-type-simple"},"yoast_head":"<!-- This site is optimized with the Yoast SEO plugin v26.8 - https:\/\/yoast.com\/product\/yoast-seo-wordpress\/ -->\n<title>Origin\u00e1ln\u00ed Regulus Sol\u00e1rn\u00ed \u010derpadlov\u00e1 skupina CSE1 SOL G SRS1 T P -<\/title>\n<meta name=\"robots\" content=\"index, follow, max-snippet:-1, max-image-preview:large, max-video-preview:-1\" \/>\n<link rel=\"canonical\" href=\"https:\/\/www.oknobuild.com\/index.php\/produkt\/originalni-regulus-solarni-cerpadlova-skupina-cse1-sol-g-srs1-t-p-38692\/\" \/>\n<meta property=\"og:locale\" content=\"cs_CZ\" \/>\n<meta property=\"og:type\" content=\"article\" \/>\n<meta property=\"og:title\" content=\"Origin\u00e1ln\u00ed Regulus Sol\u00e1rn\u00ed \u010derpadlov\u00e1 skupina CSE1 SOL G SRS1 T P -\" \/>\n<meta property=\"og:description\" content=\"Popis produktu Regulus Sol\u00e1rn\u00ed \u010derpadlov\u00e1 skupina CSE1 SOL G SRS1 T P plynul\u00e9 \u0159\u00edzen\u00ed ot\u00e1\u010dek \u010derpadla se sol\u00e1rn\u00edm \u010didlem se zapojen\u00fdm \u010didlem do z\u00e1sobn\u00edku 3m nap\u00e1jec\u00ed kabel s vidlic\u00ed do z\u00e1suvky pro nap\u00e1jen\u00ed regul\u00e1toru a \u010derpadla Sou\u010d\u00e1st\u00ed je 1 zapojen\u00e9 \u010didlo z\u00e1sobn\u00edku tepl\u00e9 vody. Typy s \u010derpadlem Grundfos obsahuj\u00ed mechanick\u00fd pr\u016ftokom\u011br. Typy s \u010derpadlem Wilo [&hellip;]\" \/>\n<meta property=\"og:url\" content=\"https:\/\/www.oknobuild.com\/index.php\/produkt\/originalni-regulus-solarni-cerpadlova-skupina-cse1-sol-g-srs1-t-p-38692\/\" \/>\n<meta property=\"og:image\" content=\"https:\/\/www.oknobuild.com\/wp-content\/uploads\/2026\/SK0020305-CZ20260425-092632-0-1777080397-regulus-solarni-cerpadlova-skupina-cse1-sol-g-srs1-t-p-9253.webp\" \/>\n\t<meta property=\"og:image:width\" content=\"600\" \/>\n\t<meta property=\"og:image:height\" content=\"600\" \/>\n\t<meta property=\"og:image:type\" content=\"image\/webp\" \/>\n<meta name=\"twitter:card\" content=\"summary_large_image\" \/>\n<meta name=\"twitter:label1\" content=\"Odhadovan\u00e1 doba \u010dten\u00ed\" \/>\n\t<meta name=\"twitter:data1\" content=\"1 minuta\" \/>\n<script type=\"application\/ld+json\" class=\"yoast-schema-graph\">{\"@context\":\"https:\/\/schema.org\",\"@graph\":[{\"@type\":\"WebPage\",\"@id\":\"https:\/\/www.oknobuild.com\/index.php\/produkt\/originalni-regulus-solarni-cerpadlova-skupina-cse1-sol-g-srs1-t-p-38692\/\",\"url\":\"https:\/\/www.oknobuild.com\/index.php\/produkt\/originalni-regulus-solarni-cerpadlova-skupina-cse1-sol-g-srs1-t-p-38692\/\",\"name\":\"Origin\u00e1ln\u00ed Regulus Sol\u00e1rn\u00ed \u010derpadlov\u00e1 skupina CSE1 SOL G SRS1 T P -\",\"isPartOf\":{\"@id\":\"https:\/\/www.oknobuild.com\/#website\"},\"primaryImageOfPage\":{\"@id\":\"https:\/\/www.oknobuild.com\/index.php\/produkt\/originalni-regulus-solarni-cerpadlova-skupina-cse1-sol-g-srs1-t-p-38692\/#primaryimage\"},\"image\":{\"@id\":\"https:\/\/www.oknobuild.com\/index.php\/produkt\/originalni-regulus-solarni-cerpadlova-skupina-cse1-sol-g-srs1-t-p-38692\/#primaryimage\"},\"thumbnailUrl\":\"https:\/\/www.oknobuild.com\/wp-content\/uploads\/2026\/SK0020305-CZ20260425-092632-0-1777080397-regulus-solarni-cerpadlova-skupina-cse1-sol-g-srs1-t-p-9253.webp\",\"datePublished\":\"2026-04-27T04:42:15+00:00\",\"breadcrumb\":{\"@id\":\"https:\/\/www.oknobuild.com\/index.php\/produkt\/originalni-regulus-solarni-cerpadlova-skupina-cse1-sol-g-srs1-t-p-38692\/#breadcrumb\"},\"inLanguage\":\"cs\",\"potentialAction\":[{\"@type\":\"ReadAction\",\"target\":[\"https:\/\/www.oknobuild.com\/index.php\/produkt\/originalni-regulus-solarni-cerpadlova-skupina-cse1-sol-g-srs1-t-p-38692\/\"]}]},{\"@type\":\"ImageObject\",\"inLanguage\":\"cs\",\"@id\":\"https:\/\/www.oknobuild.com\/index.php\/produkt\/originalni-regulus-solarni-cerpadlova-skupina-cse1-sol-g-srs1-t-p-38692\/#primaryimage\",\"url\":\"https:\/\/www.oknobuild.com\/wp-content\/uploads\/2026\/SK0020305-CZ20260425-092632-0-1777080397-regulus-solarni-cerpadlova-skupina-cse1-sol-g-srs1-t-p-9253.webp\",\"contentUrl\":\"https:\/\/www.oknobuild.com\/wp-content\/uploads\/2026\/SK0020305-CZ20260425-092632-0-1777080397-regulus-solarni-cerpadlova-skupina-cse1-sol-g-srs1-t-p-9253.webp\",\"width\":600,\"height\":600},{\"@type\":\"BreadcrumbList\",\"@id\":\"https:\/\/www.oknobuild.com\/index.php\/produkt\/originalni-regulus-solarni-cerpadlova-skupina-cse1-sol-g-srs1-t-p-38692\/#breadcrumb\",\"itemListElement\":[{\"@type\":\"ListItem\",\"position\":1,\"name\":\"Home\",\"item\":\"https:\/\/www.oknobuild.com\/\"},{\"@type\":\"ListItem\",\"position\":2,\"name\":\"Products\",\"item\":\"https:\/\/www.oknobuild.com\/index.php\/products\/\"},{\"@type\":\"ListItem\",\"position\":3,\"name\":\"Origin\u00e1ln\u00ed Regulus Sol\u00e1rn\u00ed \u010derpadlov\u00e1 skupina CSE1 SOL G SRS1 T P\"}]},{\"@type\":\"WebSite\",\"@id\":\"https:\/\/www.oknobuild.com\/#website\",\"url\":\"https:\/\/www.oknobuild.com\/\",\"name\":\"\",\"description\":\"\",\"potentialAction\":[{\"@type\":\"SearchAction\",\"target\":{\"@type\":\"EntryPoint\",\"urlTemplate\":\"https:\/\/www.oknobuild.com\/?s={search_term_string}\"},\"query-input\":{\"@type\":\"PropertyValueSpecification\",\"valueRequired\":true,\"valueName\":\"search_term_string\"}}],\"inLanguage\":\"cs\"}]}<\/script>\n<!-- \/ Yoast SEO plugin. -->","yoast_head_json":{"title":"Origin\u00e1ln\u00ed Regulus Sol\u00e1rn\u00ed \u010derpadlov\u00e1 skupina CSE1 SOL G SRS1 T P -","robots":{"index":"index","follow":"follow","max-snippet":"max-snippet:-1","max-image-preview":"max-image-preview:large","max-video-preview":"max-video-preview:-1"},"canonical":"https:\/\/www.oknobuild.com\/index.php\/produkt\/originalni-regulus-solarni-cerpadlova-skupina-cse1-sol-g-srs1-t-p-38692\/","og_locale":"cs_CZ","og_type":"article","og_title":"Origin\u00e1ln\u00ed Regulus Sol\u00e1rn\u00ed \u010derpadlov\u00e1 skupina CSE1 SOL G SRS1 T P -","og_description":"Popis produktu Regulus Sol\u00e1rn\u00ed \u010derpadlov\u00e1 skupina CSE1 SOL G SRS1 T P plynul\u00e9 \u0159\u00edzen\u00ed ot\u00e1\u010dek \u010derpadla se sol\u00e1rn\u00edm \u010didlem se zapojen\u00fdm \u010didlem do z\u00e1sobn\u00edku 3m nap\u00e1jec\u00ed kabel s vidlic\u00ed do z\u00e1suvky pro nap\u00e1jen\u00ed regul\u00e1toru a \u010derpadla Sou\u010d\u00e1st\u00ed je 1 zapojen\u00e9 \u010didlo z\u00e1sobn\u00edku tepl\u00e9 vody. Typy s \u010derpadlem Grundfos obsahuj\u00ed mechanick\u00fd pr\u016ftokom\u011br. Typy s \u010derpadlem Wilo [&hellip;]","og_url":"https:\/\/www.oknobuild.com\/index.php\/produkt\/originalni-regulus-solarni-cerpadlova-skupina-cse1-sol-g-srs1-t-p-38692\/","og_image":[{"width":600,"height":600,"url":"https:\/\/www.oknobuild.com\/wp-content\/uploads\/2026\/SK0020305-CZ20260425-092632-0-1777080397-regulus-solarni-cerpadlova-skupina-cse1-sol-g-srs1-t-p-9253.webp","type":"image\/webp"}],"twitter_card":"summary_large_image","twitter_misc":{"Odhadovan\u00e1 doba \u010dten\u00ed":"1 minuta"},"schema":{"@context":"https:\/\/schema.org","@graph":[{"@type":"WebPage","@id":"https:\/\/www.oknobuild.com\/index.php\/produkt\/originalni-regulus-solarni-cerpadlova-skupina-cse1-sol-g-srs1-t-p-38692\/","url":"https:\/\/www.oknobuild.com\/index.php\/produkt\/originalni-regulus-solarni-cerpadlova-skupina-cse1-sol-g-srs1-t-p-38692\/","name":"Origin\u00e1ln\u00ed Regulus Sol\u00e1rn\u00ed \u010derpadlov\u00e1 skupina CSE1 SOL G SRS1 T P -","isPartOf":{"@id":"https:\/\/www.oknobuild.com\/#website"},"primaryImageOfPage":{"@id":"https:\/\/www.oknobuild.com\/index.php\/produkt\/originalni-regulus-solarni-cerpadlova-skupina-cse1-sol-g-srs1-t-p-38692\/#primaryimage"},"image":{"@id":"https:\/\/www.oknobuild.com\/index.php\/produkt\/originalni-regulus-solarni-cerpadlova-skupina-cse1-sol-g-srs1-t-p-38692\/#primaryimage"},"thumbnailUrl":"https:\/\/www.oknobuild.com\/wp-content\/uploads\/2026\/SK0020305-CZ20260425-092632-0-1777080397-regulus-solarni-cerpadlova-skupina-cse1-sol-g-srs1-t-p-9253.webp","datePublished":"2026-04-27T04:42:15+00:00","breadcrumb":{"@id":"https:\/\/www.oknobuild.com\/index.php\/produkt\/originalni-regulus-solarni-cerpadlova-skupina-cse1-sol-g-srs1-t-p-38692\/#breadcrumb"},"inLanguage":"cs","potentialAction":[{"@type":"ReadAction","target":["https:\/\/www.oknobuild.com\/index.php\/produkt\/originalni-regulus-solarni-cerpadlova-skupina-cse1-sol-g-srs1-t-p-38692\/"]}]},{"@type":"ImageObject","inLanguage":"cs","@id":"https:\/\/www.oknobuild.com\/index.php\/produkt\/originalni-regulus-solarni-cerpadlova-skupina-cse1-sol-g-srs1-t-p-38692\/#primaryimage","url":"https:\/\/www.oknobuild.com\/wp-content\/uploads\/2026\/SK0020305-CZ20260425-092632-0-1777080397-regulus-solarni-cerpadlova-skupina-cse1-sol-g-srs1-t-p-9253.webp","contentUrl":"https:\/\/www.oknobuild.com\/wp-content\/uploads\/2026\/SK0020305-CZ20260425-092632-0-1777080397-regulus-solarni-cerpadlova-skupina-cse1-sol-g-srs1-t-p-9253.webp","width":600,"height":600},{"@type":"BreadcrumbList","@id":"https:\/\/www.oknobuild.com\/index.php\/produkt\/originalni-regulus-solarni-cerpadlova-skupina-cse1-sol-g-srs1-t-p-38692\/#breadcrumb","itemListElement":[{"@type":"ListItem","position":1,"name":"Home","item":"https:\/\/www.oknobuild.com\/"},{"@type":"ListItem","position":2,"name":"Products","item":"https:\/\/www.oknobuild.com\/index.php\/products\/"},{"@type":"ListItem","position":3,"name":"Origin\u00e1ln\u00ed Regulus Sol\u00e1rn\u00ed \u010derpadlov\u00e1 skupina CSE1 SOL G SRS1 T P"}]},{"@type":"WebSite","@id":"https:\/\/www.oknobuild.com\/#website","url":"https:\/\/www.oknobuild.com\/","name":"","description":"","potentialAction":[{"@type":"SearchAction","target":{"@type":"EntryPoint","urlTemplate":"https:\/\/www.oknobuild.com\/?s={search_term_string}"},"query-input":{"@type":"PropertyValueSpecification","valueRequired":true,"valueName":"search_term_string"}}],"inLanguage":"cs"}]}},"_links":{"self":[{"href":"https:\/\/www.oknobuild.com\/index.php\/wp-json\/wp\/v2\/product\/38692","targetHints":{"allow":["GET"]}}],"collection":[{"href":"https:\/\/www.oknobuild.com\/index.php\/wp-json\/wp\/v2\/product"}],"about":[{"href":"https:\/\/www.oknobuild.com\/index.php\/wp-json\/wp\/v2\/types\/product"}],"replies":[{"embeddable":true,"href":"https:\/\/www.oknobuild.com\/index.php\/wp-json\/wp\/v2\/comments?post=38692"}],"wp:featuredmedia":[{"embeddable":true,"href":"https:\/\/www.oknobuild.com\/index.php\/wp-json\/wp\/v2\/media\/38792"}],"wp:attachment":[{"href":"https:\/\/www.oknobuild.com\/index.php\/wp-json\/wp\/v2\/media?parent=38692"}],"wp:term":[{"taxonomy":"product_brand","embeddable":true,"href":"https:\/\/www.oknobuild.com\/index.php\/wp-json\/wp\/v2\/product_brand?post=38692"},{"taxonomy":"product_cat","embeddable":true,"href":"https:\/\/www.oknobuild.com\/index.php\/wp-json\/wp\/v2\/product_cat?post=38692"},{"taxonomy":"product_tag","embeddable":true,"href":"https:\/\/www.oknobuild.com\/index.php\/wp-json\/wp\/v2\/product_tag?post=38692"}],"curies":[{"name":"wp","href":"https:\/\/api.w.org\/{rel}","templated":true}]}}