{"id":38705,"date":"2026-04-27T04:42:15","date_gmt":"2026-04-27T04:42:15","guid":{"rendered":""},"modified":"2026-04-27T04:42:15","modified_gmt":"2026-04-27T04:42:15","slug":"regulus-solarni-cerpadlova-skupina-cse2-sol-g-p-finalni-vyprodej-38705","status":"publish","type":"product","link":"https:\/\/www.oknobuild.com\/index.php\/produkt\/regulus-solarni-cerpadlova-skupina-cse2-sol-g-p-finalni-vyprodej-38705\/","title":{"rendered":"Regulus Sol\u00e1rn\u00ed \u010derpadlov\u00e1 skupina CSE2 SOL G P Fin\u00e1ln\u00ed V\u00fdprodej"},"content":{"rendered":"<div class=\"ProductDetail-content NoFixImageContainer\" id=\"productDescription\">\n<div class=\"Heading\">\n<h2 class=\"Heading-title\">Popis produktu <span class=''>Regulus Sol\u00e1rn\u00ed \u010derpadlov\u00e1 skupina CSE2 SOL G P<\/span><\/h2>\n<\/p><\/div>\n<div class=\"ProductDetailContent\">\n<p><strong><span style=\"font-size:18px\">Skl\u00e1d\u00e1 se<\/span><\/strong><\/p>\n<ul>\n<li><span style=\"font-size:16px\">Ob\u011bhov\u00e9 \u010derpadlo Grundfos UPM3 Hybrid 25-70 ovl\u00e1d\u00e1n\u00ed PWM nebo ON\/OFF<\/span><\/li>\n<li><span style=\"font-size:16px\">Zp\u011btn\u00fd ventil<\/span><\/li>\n<li><span style=\"font-size:16px\">Pojistn\u00fd ventil<\/span><\/li>\n<li><span style=\"font-size:16px\">Napou\u0161t\u011bc\u00ed a vypou\u0161t\u011bc\u00ed ventil<\/span><\/li>\n<li><span style=\"font-size:16px\">T\u0159i kulov\u00e9 kohouty<\/span><\/li>\n<li><span style=\"font-size:16px\">Separ\u00e1tor vzduchu<\/span><\/li>\n<li><span style=\"font-size:16px\">Tlakom\u011br<\/span><\/li>\n<li><span style=\"font-size:16px\">Teplom\u011br<\/span><\/li>\n<li><span style=\"font-size:16px\">V\u00fdstup pro p\u0159ipojen\u00ed exp. n\u00e1doby<\/span><\/li>\n<li><span style=\"font-size:16px\">Termoizola\u010dn\u00ed oba<\/span><\/li>\n<\/ul>\n<p><strong><span style=\"font-size:18px\">Parametry \u010derpadlov\u00e9 skupiny<\/span><\/strong><\/p>\n<ul>\n<li><span style=\"font-size:16px\">Max. pracovn\u00ed teplota kapaliny 110 \u00b0C<\/span><\/li>\n<li><span style=\"font-size:16px\">Max. pracovn\u00ed tlak 6 bar<\/span><\/li>\n<li><span style=\"font-size:16px\">Min. tlak v syst\u00e9mu 1,3 bar p\u0159i zastaven\u00e9m \u010derpadle<\/span><\/li>\n<li><span style=\"font-size:16px\">Teplota okol\u00ed 5 a\u017e 40 \u00b0C<\/span><\/li>\n<li><span style=\"font-size:16px\">Max. relativn\u00ed vlhkost 85% p\u0159i 25 \u00b0C<\/span><\/li>\n<li><span style=\"font-size:16px\">Nap\u00e1jen\u00ed 230 V, 50 Hz<\/span><\/li>\n<li><span style=\"font-size:16px\">Materi\u00e1l izolace EPP RG 60 g\/l<\/span><\/li>\n<li><span style=\"font-size:16px\">Elektrick\u00e9 kryt\u00ed IP20<\/span><\/li>\n<li><span style=\"font-size:16px\">Celkov\u00e9 rozm\u011bry (\u0161 x v x h) 310 x 490 x 155 mm<\/span><\/li>\n<li><span style=\"font-size:16px\">Celkov\u00e1 hmotnost 5,9 kg<\/span><\/li>\n<\/ul><\/div>\n<div class=\"ProductDetailContent\">                                                                    <\/div>\n<\/p><\/div>\n<\/p><\/div>\n<\/p><\/div>\n","protected":false},"excerpt":{"rendered":"<p>Popis produktu Regulus Sol\u00e1rn\u00ed \u010derpadlov\u00e1 skupina CSE2 SOL G P Skl\u00e1d\u00e1 se Ob\u011bhov\u00e9 \u010derpadlo Grundfos UPM3 Hybrid 25-70 ovl\u00e1d\u00e1n\u00ed PWM nebo ON\/OFF Zp\u011btn\u00fd ventil Pojistn\u00fd ventil Napou\u0161t\u011bc\u00ed a vypou\u0161t\u011bc\u00ed ventil T\u0159i kulov\u00e9 kohouty Separ\u00e1tor vzduchu Tlakom\u011br Teplom\u011br V\u00fdstup pro p\u0159ipojen\u00ed exp. n\u00e1doby Termoizola\u010dn\u00ed oba Parametry \u010derpadlov\u00e9 skupiny Max. pracovn\u00ed teplota kapaliny 110 \u00b0C Max. pracovn\u00ed [&hellip;]<\/p>\n","protected":false},"featured_media":38805,"comment_status":"open","ping_status":"open","template":"","meta":[],"product_brand":[],"product_cat":[66],"product_tag":[],"class_list":{"0":"post-38705","1":"product","2":"type-product","3":"status-publish","4":"has-post-thumbnail","6":"product_cat-fotovoltaicke-a-solarni-systemy","8":"first","9":"instock","10":"sale","11":"shipping-taxable","12":"purchasable","13":"product-type-simple"},"yoast_head":"<!-- This site is optimized with the Yoast SEO plugin v26.8 - https:\/\/yoast.com\/product\/yoast-seo-wordpress\/ -->\n<title>Regulus Sol\u00e1rn\u00ed \u010derpadlov\u00e1 skupina CSE2 SOL G P Fin\u00e1ln\u00ed V\u00fdprodej -<\/title>\n<meta name=\"robots\" content=\"index, follow, max-snippet:-1, max-image-preview:large, max-video-preview:-1\" \/>\n<link rel=\"canonical\" href=\"https:\/\/www.oknobuild.com\/index.php\/produkt\/regulus-solarni-cerpadlova-skupina-cse2-sol-g-p-finalni-vyprodej-38705\/\" \/>\n<meta property=\"og:locale\" content=\"cs_CZ\" \/>\n<meta property=\"og:type\" content=\"article\" \/>\n<meta property=\"og:title\" content=\"Regulus Sol\u00e1rn\u00ed \u010derpadlov\u00e1 skupina CSE2 SOL G P Fin\u00e1ln\u00ed V\u00fdprodej -\" \/>\n<meta property=\"og:description\" content=\"Popis produktu Regulus Sol\u00e1rn\u00ed \u010derpadlov\u00e1 skupina CSE2 SOL G P Skl\u00e1d\u00e1 se Ob\u011bhov\u00e9 \u010derpadlo Grundfos UPM3 Hybrid 25-70 ovl\u00e1d\u00e1n\u00ed PWM nebo ON\/OFF Zp\u011btn\u00fd ventil Pojistn\u00fd ventil Napou\u0161t\u011bc\u00ed a vypou\u0161t\u011bc\u00ed ventil T\u0159i kulov\u00e9 kohouty Separ\u00e1tor vzduchu Tlakom\u011br Teplom\u011br V\u00fdstup pro p\u0159ipojen\u00ed exp. n\u00e1doby Termoizola\u010dn\u00ed oba Parametry \u010derpadlov\u00e9 skupiny Max. pracovn\u00ed teplota kapaliny 110 \u00b0C Max. pracovn\u00ed [&hellip;]\" \/>\n<meta property=\"og:url\" content=\"https:\/\/www.oknobuild.com\/index.php\/produkt\/regulus-solarni-cerpadlova-skupina-cse2-sol-g-p-finalni-vyprodej-38705\/\" \/>\n<meta property=\"og:image\" content=\"https:\/\/www.oknobuild.com\/wp-content\/uploads\/2026\/SK0020320-CZ20260425-092632-0-1777080397-regulus-solarni-cerpadlova-skupina-cse2-sol-g-p-925368.webp\" \/>\n\t<meta property=\"og:image:width\" content=\"600\" \/>\n\t<meta property=\"og:image:height\" content=\"600\" \/>\n\t<meta property=\"og:image:type\" content=\"image\/webp\" \/>\n<meta name=\"twitter:card\" content=\"summary_large_image\" \/>\n<meta name=\"twitter:label1\" content=\"Odhadovan\u00e1 doba \u010dten\u00ed\" \/>\n\t<meta name=\"twitter:data1\" content=\"1 minuta\" \/>\n<script type=\"application\/ld+json\" class=\"yoast-schema-graph\">{\"@context\":\"https:\/\/schema.org\",\"@graph\":[{\"@type\":\"WebPage\",\"@id\":\"https:\/\/www.oknobuild.com\/index.php\/produkt\/regulus-solarni-cerpadlova-skupina-cse2-sol-g-p-finalni-vyprodej-38705\/\",\"url\":\"https:\/\/www.oknobuild.com\/index.php\/produkt\/regulus-solarni-cerpadlova-skupina-cse2-sol-g-p-finalni-vyprodej-38705\/\",\"name\":\"Regulus Sol\u00e1rn\u00ed \u010derpadlov\u00e1 skupina CSE2 SOL G P Fin\u00e1ln\u00ed V\u00fdprodej -\",\"isPartOf\":{\"@id\":\"https:\/\/www.oknobuild.com\/#website\"},\"primaryImageOfPage\":{\"@id\":\"https:\/\/www.oknobuild.com\/index.php\/produkt\/regulus-solarni-cerpadlova-skupina-cse2-sol-g-p-finalni-vyprodej-38705\/#primaryimage\"},\"image\":{\"@id\":\"https:\/\/www.oknobuild.com\/index.php\/produkt\/regulus-solarni-cerpadlova-skupina-cse2-sol-g-p-finalni-vyprodej-38705\/#primaryimage\"},\"thumbnailUrl\":\"https:\/\/www.oknobuild.com\/wp-content\/uploads\/2026\/SK0020320-CZ20260425-092632-0-1777080397-regulus-solarni-cerpadlova-skupina-cse2-sol-g-p-925368.webp\",\"datePublished\":\"2026-04-27T04:42:15+00:00\",\"breadcrumb\":{\"@id\":\"https:\/\/www.oknobuild.com\/index.php\/produkt\/regulus-solarni-cerpadlova-skupina-cse2-sol-g-p-finalni-vyprodej-38705\/#breadcrumb\"},\"inLanguage\":\"cs\",\"potentialAction\":[{\"@type\":\"ReadAction\",\"target\":[\"https:\/\/www.oknobuild.com\/index.php\/produkt\/regulus-solarni-cerpadlova-skupina-cse2-sol-g-p-finalni-vyprodej-38705\/\"]}]},{\"@type\":\"ImageObject\",\"inLanguage\":\"cs\",\"@id\":\"https:\/\/www.oknobuild.com\/index.php\/produkt\/regulus-solarni-cerpadlova-skupina-cse2-sol-g-p-finalni-vyprodej-38705\/#primaryimage\",\"url\":\"https:\/\/www.oknobuild.com\/wp-content\/uploads\/2026\/SK0020320-CZ20260425-092632-0-1777080397-regulus-solarni-cerpadlova-skupina-cse2-sol-g-p-925368.webp\",\"contentUrl\":\"https:\/\/www.oknobuild.com\/wp-content\/uploads\/2026\/SK0020320-CZ20260425-092632-0-1777080397-regulus-solarni-cerpadlova-skupina-cse2-sol-g-p-925368.webp\",\"width\":600,\"height\":600},{\"@type\":\"BreadcrumbList\",\"@id\":\"https:\/\/www.oknobuild.com\/index.php\/produkt\/regulus-solarni-cerpadlova-skupina-cse2-sol-g-p-finalni-vyprodej-38705\/#breadcrumb\",\"itemListElement\":[{\"@type\":\"ListItem\",\"position\":1,\"name\":\"Home\",\"item\":\"https:\/\/www.oknobuild.com\/\"},{\"@type\":\"ListItem\",\"position\":2,\"name\":\"Products\",\"item\":\"https:\/\/www.oknobuild.com\/index.php\/products\/\"},{\"@type\":\"ListItem\",\"position\":3,\"name\":\"Regulus Sol\u00e1rn\u00ed \u010derpadlov\u00e1 skupina CSE2 SOL G P Fin\u00e1ln\u00ed V\u00fdprodej\"}]},{\"@type\":\"WebSite\",\"@id\":\"https:\/\/www.oknobuild.com\/#website\",\"url\":\"https:\/\/www.oknobuild.com\/\",\"name\":\"\",\"description\":\"\",\"potentialAction\":[{\"@type\":\"SearchAction\",\"target\":{\"@type\":\"EntryPoint\",\"urlTemplate\":\"https:\/\/www.oknobuild.com\/?s={search_term_string}\"},\"query-input\":{\"@type\":\"PropertyValueSpecification\",\"valueRequired\":true,\"valueName\":\"search_term_string\"}}],\"inLanguage\":\"cs\"}]}<\/script>\n<!-- \/ Yoast SEO plugin. -->","yoast_head_json":{"title":"Regulus Sol\u00e1rn\u00ed \u010derpadlov\u00e1 skupina CSE2 SOL G P Fin\u00e1ln\u00ed V\u00fdprodej -","robots":{"index":"index","follow":"follow","max-snippet":"max-snippet:-1","max-image-preview":"max-image-preview:large","max-video-preview":"max-video-preview:-1"},"canonical":"https:\/\/www.oknobuild.com\/index.php\/produkt\/regulus-solarni-cerpadlova-skupina-cse2-sol-g-p-finalni-vyprodej-38705\/","og_locale":"cs_CZ","og_type":"article","og_title":"Regulus Sol\u00e1rn\u00ed \u010derpadlov\u00e1 skupina CSE2 SOL G P Fin\u00e1ln\u00ed V\u00fdprodej -","og_description":"Popis produktu Regulus Sol\u00e1rn\u00ed \u010derpadlov\u00e1 skupina CSE2 SOL G P Skl\u00e1d\u00e1 se Ob\u011bhov\u00e9 \u010derpadlo Grundfos UPM3 Hybrid 25-70 ovl\u00e1d\u00e1n\u00ed PWM nebo ON\/OFF Zp\u011btn\u00fd ventil Pojistn\u00fd ventil Napou\u0161t\u011bc\u00ed a vypou\u0161t\u011bc\u00ed ventil T\u0159i kulov\u00e9 kohouty Separ\u00e1tor vzduchu Tlakom\u011br Teplom\u011br V\u00fdstup pro p\u0159ipojen\u00ed exp. n\u00e1doby Termoizola\u010dn\u00ed oba Parametry \u010derpadlov\u00e9 skupiny Max. pracovn\u00ed teplota kapaliny 110 \u00b0C Max. pracovn\u00ed [&hellip;]","og_url":"https:\/\/www.oknobuild.com\/index.php\/produkt\/regulus-solarni-cerpadlova-skupina-cse2-sol-g-p-finalni-vyprodej-38705\/","og_image":[{"width":600,"height":600,"url":"https:\/\/www.oknobuild.com\/wp-content\/uploads\/2026\/SK0020320-CZ20260425-092632-0-1777080397-regulus-solarni-cerpadlova-skupina-cse2-sol-g-p-925368.webp","type":"image\/webp"}],"twitter_card":"summary_large_image","twitter_misc":{"Odhadovan\u00e1 doba \u010dten\u00ed":"1 minuta"},"schema":{"@context":"https:\/\/schema.org","@graph":[{"@type":"WebPage","@id":"https:\/\/www.oknobuild.com\/index.php\/produkt\/regulus-solarni-cerpadlova-skupina-cse2-sol-g-p-finalni-vyprodej-38705\/","url":"https:\/\/www.oknobuild.com\/index.php\/produkt\/regulus-solarni-cerpadlova-skupina-cse2-sol-g-p-finalni-vyprodej-38705\/","name":"Regulus Sol\u00e1rn\u00ed \u010derpadlov\u00e1 skupina CSE2 SOL G P Fin\u00e1ln\u00ed V\u00fdprodej -","isPartOf":{"@id":"https:\/\/www.oknobuild.com\/#website"},"primaryImageOfPage":{"@id":"https:\/\/www.oknobuild.com\/index.php\/produkt\/regulus-solarni-cerpadlova-skupina-cse2-sol-g-p-finalni-vyprodej-38705\/#primaryimage"},"image":{"@id":"https:\/\/www.oknobuild.com\/index.php\/produkt\/regulus-solarni-cerpadlova-skupina-cse2-sol-g-p-finalni-vyprodej-38705\/#primaryimage"},"thumbnailUrl":"https:\/\/www.oknobuild.com\/wp-content\/uploads\/2026\/SK0020320-CZ20260425-092632-0-1777080397-regulus-solarni-cerpadlova-skupina-cse2-sol-g-p-925368.webp","datePublished":"2026-04-27T04:42:15+00:00","breadcrumb":{"@id":"https:\/\/www.oknobuild.com\/index.php\/produkt\/regulus-solarni-cerpadlova-skupina-cse2-sol-g-p-finalni-vyprodej-38705\/#breadcrumb"},"inLanguage":"cs","potentialAction":[{"@type":"ReadAction","target":["https:\/\/www.oknobuild.com\/index.php\/produkt\/regulus-solarni-cerpadlova-skupina-cse2-sol-g-p-finalni-vyprodej-38705\/"]}]},{"@type":"ImageObject","inLanguage":"cs","@id":"https:\/\/www.oknobuild.com\/index.php\/produkt\/regulus-solarni-cerpadlova-skupina-cse2-sol-g-p-finalni-vyprodej-38705\/#primaryimage","url":"https:\/\/www.oknobuild.com\/wp-content\/uploads\/2026\/SK0020320-CZ20260425-092632-0-1777080397-regulus-solarni-cerpadlova-skupina-cse2-sol-g-p-925368.webp","contentUrl":"https:\/\/www.oknobuild.com\/wp-content\/uploads\/2026\/SK0020320-CZ20260425-092632-0-1777080397-regulus-solarni-cerpadlova-skupina-cse2-sol-g-p-925368.webp","width":600,"height":600},{"@type":"BreadcrumbList","@id":"https:\/\/www.oknobuild.com\/index.php\/produkt\/regulus-solarni-cerpadlova-skupina-cse2-sol-g-p-finalni-vyprodej-38705\/#breadcrumb","itemListElement":[{"@type":"ListItem","position":1,"name":"Home","item":"https:\/\/www.oknobuild.com\/"},{"@type":"ListItem","position":2,"name":"Products","item":"https:\/\/www.oknobuild.com\/index.php\/products\/"},{"@type":"ListItem","position":3,"name":"Regulus Sol\u00e1rn\u00ed \u010derpadlov\u00e1 skupina CSE2 SOL G P Fin\u00e1ln\u00ed V\u00fdprodej"}]},{"@type":"WebSite","@id":"https:\/\/www.oknobuild.com\/#website","url":"https:\/\/www.oknobuild.com\/","name":"","description":"","potentialAction":[{"@type":"SearchAction","target":{"@type":"EntryPoint","urlTemplate":"https:\/\/www.oknobuild.com\/?s={search_term_string}"},"query-input":{"@type":"PropertyValueSpecification","valueRequired":true,"valueName":"search_term_string"}}],"inLanguage":"cs"}]}},"_links":{"self":[{"href":"https:\/\/www.oknobuild.com\/index.php\/wp-json\/wp\/v2\/product\/38705","targetHints":{"allow":["GET"]}}],"collection":[{"href":"https:\/\/www.oknobuild.com\/index.php\/wp-json\/wp\/v2\/product"}],"about":[{"href":"https:\/\/www.oknobuild.com\/index.php\/wp-json\/wp\/v2\/types\/product"}],"replies":[{"embeddable":true,"href":"https:\/\/www.oknobuild.com\/index.php\/wp-json\/wp\/v2\/comments?post=38705"}],"wp:featuredmedia":[{"embeddable":true,"href":"https:\/\/www.oknobuild.com\/index.php\/wp-json\/wp\/v2\/media\/38805"}],"wp:attachment":[{"href":"https:\/\/www.oknobuild.com\/index.php\/wp-json\/wp\/v2\/media?parent=38705"}],"wp:term":[{"taxonomy":"product_brand","embeddable":true,"href":"https:\/\/www.oknobuild.com\/index.php\/wp-json\/wp\/v2\/product_brand?post=38705"},{"taxonomy":"product_cat","embeddable":true,"href":"https:\/\/www.oknobuild.com\/index.php\/wp-json\/wp\/v2\/product_cat?post=38705"},{"taxonomy":"product_tag","embeddable":true,"href":"https:\/\/www.oknobuild.com\/index.php\/wp-json\/wp\/v2\/product_tag?post=38705"}],"curies":[{"name":"wp","href":"https:\/\/api.w.org\/{rel}","templated":true}]}}