{"id":39144,"date":"2026-04-27T04:42:16","date_gmt":"2026-04-27T04:42:16","guid":{"rendered":""},"modified":"2026-04-27T04:42:16","modified_gmt":"2026-04-27T04:42:16","slug":"znackovy-hopa-kombi-wc-robusto-tornado-se-slim-sedatkem-soft-close-vario-odpad-39144","status":"publish","type":"product","link":"https:\/\/www.oknobuild.com\/index.php\/produkt\/znackovy-hopa-kombi-wc-robusto-tornado-se-slim-sedatkem-soft-close-vario-odpad-39144\/","title":{"rendered":"Zna\u010dkov\u00fd Hopa Kombi WC Robusto TORNADO se Slim sed\u00e1tkem Soft-close, vario odpad"},"content":{"rendered":"<div class=\"ProductDetail-content NoFixImageContainer\" id=\"productDescription\">\n<div class=\"Heading\">\n<h2 class=\"Heading-title\">Popis produktu <span class=''>Hopa Kombi WC Robusto TORNADO se Slim sed\u00e1tkem Soft-close, vario odpad<\/span><\/h2>\n<\/p><\/div>\n<div class=\"ProductDetailContent\">\n<p><span style=\"font-size:16px\"><strong>WC kombi ROBUSTO&nbsp;<\/strong>s modern\u00edm&nbsp;<strong>TORNADO syst\u00e9mem<\/strong> splachov\u00e1n\u00ed. WC klozet je vytvo\u0159en pro maxim\u00e1ln\u00ed \u010distotu va\u0161\u00ed toalety. WC je dod\u00e1v\u00e1no <strong>v\u010detn\u011b SLIM sed\u00e1tka se syst\u00e9mem SOFT-CLOSE<\/strong>, s tich\u00fdm dov\u00edr\u00e1n\u00edm. WC ROBUSTO<strong>&nbsp;je dod\u00e1v\u00e1no<\/strong> v ak\u010dn\u00ed sad\u011b s n\u00e1dr\u017ekou a syst\u00e9mem (spodn\u00ed napou\u0161t\u011bn\u00ed).<\/span><\/p>\n<p><span style=\"font-size:16px\">Patentovan\u00fd syst\u00e9m&nbsp;Tornado&nbsp;s tryskou&nbsp;\u010dist\u00ed cel\u00fd vnit\u0159n\u00ed prostor&nbsp;s dosud nev\u00eddanou&nbsp;d\u016fkladnost\u00ed. Voda pod tlakem z trysky pronik\u00e1&nbsp;v\u00ed\u0159iv\u00fdm pohybem do ka\u017ed\u00e9ho z\u00e1hybu m\u00edsy. Tento syst\u00e9m splachov\u00e1n\u00ed&nbsp;je&nbsp;nejen podstatn\u011b&nbsp;\u00fa\u010dinn\u011bj\u0161\u00ed&nbsp;ne\u017e b\u011b\u017en\u00e9 sp\u00e1dov\u00e9 splachov\u00e1n\u00ed, ale tak\u00e9&nbsp;ti\u0161\u0161\u00ed&nbsp;a&nbsp;\u00fasporn\u011bj\u0161\u00ed.&nbsp;Tradi\u010dn\u00ed&nbsp;WC&nbsp;klozety&nbsp;maj\u00ed pod okrajem velmi obt\u00ed\u017en\u011b p\u0159\u00edstupn\u00e1 m\u00edsta, v&nbsp;nich\u017e se shroma\u017e\u010fuj\u00ed ne\u010distoty a bakterie. S&nbsp;inovativn\u00ed&nbsp;technologi\u00ed TORNADO&nbsp;byl tento probl\u00e9m vy\u0159e\u0161en&nbsp;\u2013 ze&nbsp;z\u00e1chodov\u00e9 m\u00edsy byl odstran\u011bn vnit\u0159n\u00ed \u201el\u00edmec\u201c&nbsp;a tedy i&nbsp;obt\u00ed\u017en\u011b p\u0159\u00edstupn\u00e1 m\u00edsta. Nyn\u00ed p\u0159i splachov\u00e1n\u00ed&nbsp;voda oplachuje v\u0161echny vnit\u0159n\u00ed plochy m\u00edsy&nbsp;a snadno se tak\u00e9 dostane ke v\u0161em vnit\u0159n\u00edm ploch\u00e1m, m\u00edsa je tak v\u017edy dokonale \u010dist\u00e1.&nbsp;<\/span><\/p>\n<p><span style=\"font-size:16px\"><strong>K WC ROBUSTO TORNADO V\u00e1m p\u0159id\u00e1me zdarma velmi kvalitn\u00ed duroplastov\u00e9 SLIM sed\u00e1tko se syst\u00e9mem soft-close.<\/strong><\/span><\/p>\n<ul>\n<li><span style=\"font-size:16px\">praktick\u00fd&nbsp;<strong>ov\u00e1ln\u00fd<\/strong>&nbsp;design<\/span><\/li>\n<li><span style=\"font-size:16px\">b\u00edl\u00e1<strong>&nbsp;keramick\u00e1 m\u00edsa<\/strong><\/span><\/li>\n<li><span style=\"font-size:16px\"><strong>Univers\u00e1ln\u00ed&nbsp;<\/strong>zadn\u00ed\/spodn\u00ed odpad<\/span><\/li>\n<li><span style=\"font-size:16px\">komfortn\u00ed&nbsp;<strong>SLIM&nbsp;d<\/strong><strong>uroplastov\u00e9 sed\u00e1tko&nbsp;<\/strong>se syst\u00e9mem<strong>&nbsp;SOFT-close m\u011bkk\u00fd dopad&nbsp;<\/strong><\/span><\/li>\n<li><span style=\"font-size:16px\">\u00fa\u010dinn\u011bj\u0161\u00ed,&nbsp;ti\u0161\u0161\u00ed&nbsp;a&nbsp;\u00fasporn\u011bj\u0161\u00ed splachov\u00e1n\u00ed<\/span><\/li>\n<\/ul>\n<h3><span style=\"font-size:16px\"><strong>Rozm\u011bry:&nbsp;<\/strong><\/span><\/h3>\n<ul>\n<li><span style=\"font-size:16px\"><strong>39 \u00d7 62,5 \u00d7 84,5 cm&nbsp;<\/strong>(\u0161\u00ed\u0159ka \u00d7 hloubka \u00d7 v\u00fd\u0161ka)<\/span><\/li>\n<\/ul><\/div>\n<div class=\"ProductDetailContent\">                                                                    <\/div>\n<\/p><\/div>\n<\/p><\/div>\n<\/p><\/div>\n","protected":false},"excerpt":{"rendered":"<p>Popis produktu Hopa Kombi WC Robusto TORNADO se Slim sed\u00e1tkem Soft-close, vario odpad WC kombi ROBUSTO&nbsp;s modern\u00edm&nbsp;TORNADO syst\u00e9mem splachov\u00e1n\u00ed. WC klozet je vytvo\u0159en pro maxim\u00e1ln\u00ed \u010distotu va\u0161\u00ed toalety. WC je dod\u00e1v\u00e1no v\u010detn\u011b SLIM sed\u00e1tka se syst\u00e9mem SOFT-CLOSE, s tich\u00fdm dov\u00edr\u00e1n\u00edm. WC ROBUSTO&nbsp;je dod\u00e1v\u00e1no v ak\u010dn\u00ed sad\u011b s n\u00e1dr\u017ekou a syst\u00e9mem (spodn\u00ed napou\u0161t\u011bn\u00ed). Patentovan\u00fd syst\u00e9m&nbsp;Tornado&nbsp;s tryskou&nbsp;\u010dist\u00ed [&hellip;]<\/p>\n","protected":false},"featured_media":39244,"comment_status":"open","ping_status":"open","template":"","meta":[],"product_brand":[],"product_cat":[65],"product_tag":[],"class_list":{"0":"post-39144","1":"product","2":"type-product","3":"status-publish","4":"has-post-thumbnail","6":"product_cat-koupelny","8":"first","9":"instock","10":"sale","11":"shipping-taxable","12":"purchasable","13":"product-type-simple"},"yoast_head":"<!-- This site is optimized with the Yoast SEO plugin v26.8 - https:\/\/yoast.com\/product\/yoast-seo-wordpress\/ -->\n<title>Zna\u010dkov\u00fd Hopa Kombi WC Robusto TORNADO se Slim sed\u00e1tkem Soft-close, vario odpad -<\/title>\n<meta name=\"robots\" content=\"index, follow, max-snippet:-1, max-image-preview:large, max-video-preview:-1\" \/>\n<link rel=\"canonical\" href=\"https:\/\/www.oknobuild.com\/index.php\/produkt\/znackovy-hopa-kombi-wc-robusto-tornado-se-slim-sedatkem-soft-close-vario-odpad-39144\/\" \/>\n<meta property=\"og:locale\" content=\"cs_CZ\" \/>\n<meta property=\"og:type\" content=\"article\" \/>\n<meta property=\"og:title\" content=\"Zna\u010dkov\u00fd Hopa Kombi WC Robusto TORNADO se Slim sed\u00e1tkem Soft-close, vario odpad -\" \/>\n<meta property=\"og:description\" content=\"Popis produktu Hopa Kombi WC Robusto TORNADO se Slim sed\u00e1tkem Soft-close, vario odpad WC kombi ROBUSTO&nbsp;s modern\u00edm&nbsp;TORNADO syst\u00e9mem splachov\u00e1n\u00ed. WC klozet je vytvo\u0159en pro maxim\u00e1ln\u00ed \u010distotu va\u0161\u00ed toalety. WC je dod\u00e1v\u00e1no v\u010detn\u011b SLIM sed\u00e1tka se syst\u00e9mem SOFT-CLOSE, s tich\u00fdm dov\u00edr\u00e1n\u00edm. WC ROBUSTO&nbsp;je dod\u00e1v\u00e1no v ak\u010dn\u00ed sad\u011b s n\u00e1dr\u017ekou a syst\u00e9mem (spodn\u00ed napou\u0161t\u011bn\u00ed). Patentovan\u00fd syst\u00e9m&nbsp;Tornado&nbsp;s tryskou&nbsp;\u010dist\u00ed [&hellip;]\" \/>\n<meta property=\"og:url\" content=\"https:\/\/www.oknobuild.com\/index.php\/produkt\/znackovy-hopa-kombi-wc-robusto-tornado-se-slim-sedatkem-soft-close-vario-odpad-39144\/\" \/>\n<meta property=\"og:image\" content=\"https:\/\/www.oknobuild.com\/wp-content\/uploads\/2026\/SK0020586-CZ20260425-092632-0-1777080397-hopa-kombi-wc-robusto-tornado-se-slim-sedatkem-soft-close-v.webp\" \/>\n\t<meta property=\"og:image:width\" content=\"435\" \/>\n\t<meta property=\"og:image:height\" content=\"600\" \/>\n\t<meta property=\"og:image:type\" content=\"image\/webp\" \/>\n<meta name=\"twitter:card\" content=\"summary_large_image\" \/>\n<meta name=\"twitter:label1\" content=\"Odhadovan\u00e1 doba \u010dten\u00ed\" \/>\n\t<meta name=\"twitter:data1\" content=\"2 minuty\" \/>\n<script type=\"application\/ld+json\" class=\"yoast-schema-graph\">{\"@context\":\"https:\/\/schema.org\",\"@graph\":[{\"@type\":\"WebPage\",\"@id\":\"https:\/\/www.oknobuild.com\/index.php\/produkt\/znackovy-hopa-kombi-wc-robusto-tornado-se-slim-sedatkem-soft-close-vario-odpad-39144\/\",\"url\":\"https:\/\/www.oknobuild.com\/index.php\/produkt\/znackovy-hopa-kombi-wc-robusto-tornado-se-slim-sedatkem-soft-close-vario-odpad-39144\/\",\"name\":\"Zna\u010dkov\u00fd Hopa Kombi WC Robusto TORNADO se Slim sed\u00e1tkem Soft-close, vario odpad -\",\"isPartOf\":{\"@id\":\"https:\/\/www.oknobuild.com\/#website\"},\"primaryImageOfPage\":{\"@id\":\"https:\/\/www.oknobuild.com\/index.php\/produkt\/znackovy-hopa-kombi-wc-robusto-tornado-se-slim-sedatkem-soft-close-vario-odpad-39144\/#primaryimage\"},\"image\":{\"@id\":\"https:\/\/www.oknobuild.com\/index.php\/produkt\/znackovy-hopa-kombi-wc-robusto-tornado-se-slim-sedatkem-soft-close-vario-odpad-39144\/#primaryimage\"},\"thumbnailUrl\":\"https:\/\/www.oknobuild.com\/wp-content\/uploads\/2026\/SK0020586-CZ20260425-092632-0-1777080397-hopa-kombi-wc-robusto-tornado-se-slim-sedatkem-soft-close-v.webp\",\"datePublished\":\"2026-04-27T04:42:16+00:00\",\"breadcrumb\":{\"@id\":\"https:\/\/www.oknobuild.com\/index.php\/produkt\/znackovy-hopa-kombi-wc-robusto-tornado-se-slim-sedatkem-soft-close-vario-odpad-39144\/#breadcrumb\"},\"inLanguage\":\"cs\",\"potentialAction\":[{\"@type\":\"ReadAction\",\"target\":[\"https:\/\/www.oknobuild.com\/index.php\/produkt\/znackovy-hopa-kombi-wc-robusto-tornado-se-slim-sedatkem-soft-close-vario-odpad-39144\/\"]}]},{\"@type\":\"ImageObject\",\"inLanguage\":\"cs\",\"@id\":\"https:\/\/www.oknobuild.com\/index.php\/produkt\/znackovy-hopa-kombi-wc-robusto-tornado-se-slim-sedatkem-soft-close-vario-odpad-39144\/#primaryimage\",\"url\":\"https:\/\/www.oknobuild.com\/wp-content\/uploads\/2026\/SK0020586-CZ20260425-092632-0-1777080397-hopa-kombi-wc-robusto-tornado-se-slim-sedatkem-soft-close-v.webp\",\"contentUrl\":\"https:\/\/www.oknobuild.com\/wp-content\/uploads\/2026\/SK0020586-CZ20260425-092632-0-1777080397-hopa-kombi-wc-robusto-tornado-se-slim-sedatkem-soft-close-v.webp\",\"width\":435,\"height\":600},{\"@type\":\"BreadcrumbList\",\"@id\":\"https:\/\/www.oknobuild.com\/index.php\/produkt\/znackovy-hopa-kombi-wc-robusto-tornado-se-slim-sedatkem-soft-close-vario-odpad-39144\/#breadcrumb\",\"itemListElement\":[{\"@type\":\"ListItem\",\"position\":1,\"name\":\"Home\",\"item\":\"https:\/\/www.oknobuild.com\/\"},{\"@type\":\"ListItem\",\"position\":2,\"name\":\"Products\",\"item\":\"https:\/\/www.oknobuild.com\/index.php\/products\/\"},{\"@type\":\"ListItem\",\"position\":3,\"name\":\"Zna\u010dkov\u00fd Hopa Kombi WC Robusto TORNADO se Slim sed\u00e1tkem Soft-close, vario odpad\"}]},{\"@type\":\"WebSite\",\"@id\":\"https:\/\/www.oknobuild.com\/#website\",\"url\":\"https:\/\/www.oknobuild.com\/\",\"name\":\"\",\"description\":\"\",\"potentialAction\":[{\"@type\":\"SearchAction\",\"target\":{\"@type\":\"EntryPoint\",\"urlTemplate\":\"https:\/\/www.oknobuild.com\/?s={search_term_string}\"},\"query-input\":{\"@type\":\"PropertyValueSpecification\",\"valueRequired\":true,\"valueName\":\"search_term_string\"}}],\"inLanguage\":\"cs\"}]}<\/script>\n<!-- \/ Yoast SEO plugin. -->","yoast_head_json":{"title":"Zna\u010dkov\u00fd Hopa Kombi WC Robusto TORNADO se Slim sed\u00e1tkem Soft-close, vario odpad -","robots":{"index":"index","follow":"follow","max-snippet":"max-snippet:-1","max-image-preview":"max-image-preview:large","max-video-preview":"max-video-preview:-1"},"canonical":"https:\/\/www.oknobuild.com\/index.php\/produkt\/znackovy-hopa-kombi-wc-robusto-tornado-se-slim-sedatkem-soft-close-vario-odpad-39144\/","og_locale":"cs_CZ","og_type":"article","og_title":"Zna\u010dkov\u00fd Hopa Kombi WC Robusto TORNADO se Slim sed\u00e1tkem Soft-close, vario odpad -","og_description":"Popis produktu Hopa Kombi WC Robusto TORNADO se Slim sed\u00e1tkem Soft-close, vario odpad WC kombi ROBUSTO&nbsp;s modern\u00edm&nbsp;TORNADO syst\u00e9mem splachov\u00e1n\u00ed. WC klozet je vytvo\u0159en pro maxim\u00e1ln\u00ed \u010distotu va\u0161\u00ed toalety. WC je dod\u00e1v\u00e1no v\u010detn\u011b SLIM sed\u00e1tka se syst\u00e9mem SOFT-CLOSE, s tich\u00fdm dov\u00edr\u00e1n\u00edm. WC ROBUSTO&nbsp;je dod\u00e1v\u00e1no v ak\u010dn\u00ed sad\u011b s n\u00e1dr\u017ekou a syst\u00e9mem (spodn\u00ed napou\u0161t\u011bn\u00ed). Patentovan\u00fd syst\u00e9m&nbsp;Tornado&nbsp;s tryskou&nbsp;\u010dist\u00ed [&hellip;]","og_url":"https:\/\/www.oknobuild.com\/index.php\/produkt\/znackovy-hopa-kombi-wc-robusto-tornado-se-slim-sedatkem-soft-close-vario-odpad-39144\/","og_image":[{"width":435,"height":600,"url":"https:\/\/www.oknobuild.com\/wp-content\/uploads\/2026\/SK0020586-CZ20260425-092632-0-1777080397-hopa-kombi-wc-robusto-tornado-se-slim-sedatkem-soft-close-v.webp","type":"image\/webp"}],"twitter_card":"summary_large_image","twitter_misc":{"Odhadovan\u00e1 doba \u010dten\u00ed":"2 minuty"},"schema":{"@context":"https:\/\/schema.org","@graph":[{"@type":"WebPage","@id":"https:\/\/www.oknobuild.com\/index.php\/produkt\/znackovy-hopa-kombi-wc-robusto-tornado-se-slim-sedatkem-soft-close-vario-odpad-39144\/","url":"https:\/\/www.oknobuild.com\/index.php\/produkt\/znackovy-hopa-kombi-wc-robusto-tornado-se-slim-sedatkem-soft-close-vario-odpad-39144\/","name":"Zna\u010dkov\u00fd Hopa Kombi WC Robusto TORNADO se Slim sed\u00e1tkem Soft-close, vario odpad -","isPartOf":{"@id":"https:\/\/www.oknobuild.com\/#website"},"primaryImageOfPage":{"@id":"https:\/\/www.oknobuild.com\/index.php\/produkt\/znackovy-hopa-kombi-wc-robusto-tornado-se-slim-sedatkem-soft-close-vario-odpad-39144\/#primaryimage"},"image":{"@id":"https:\/\/www.oknobuild.com\/index.php\/produkt\/znackovy-hopa-kombi-wc-robusto-tornado-se-slim-sedatkem-soft-close-vario-odpad-39144\/#primaryimage"},"thumbnailUrl":"https:\/\/www.oknobuild.com\/wp-content\/uploads\/2026\/SK0020586-CZ20260425-092632-0-1777080397-hopa-kombi-wc-robusto-tornado-se-slim-sedatkem-soft-close-v.webp","datePublished":"2026-04-27T04:42:16+00:00","breadcrumb":{"@id":"https:\/\/www.oknobuild.com\/index.php\/produkt\/znackovy-hopa-kombi-wc-robusto-tornado-se-slim-sedatkem-soft-close-vario-odpad-39144\/#breadcrumb"},"inLanguage":"cs","potentialAction":[{"@type":"ReadAction","target":["https:\/\/www.oknobuild.com\/index.php\/produkt\/znackovy-hopa-kombi-wc-robusto-tornado-se-slim-sedatkem-soft-close-vario-odpad-39144\/"]}]},{"@type":"ImageObject","inLanguage":"cs","@id":"https:\/\/www.oknobuild.com\/index.php\/produkt\/znackovy-hopa-kombi-wc-robusto-tornado-se-slim-sedatkem-soft-close-vario-odpad-39144\/#primaryimage","url":"https:\/\/www.oknobuild.com\/wp-content\/uploads\/2026\/SK0020586-CZ20260425-092632-0-1777080397-hopa-kombi-wc-robusto-tornado-se-slim-sedatkem-soft-close-v.webp","contentUrl":"https:\/\/www.oknobuild.com\/wp-content\/uploads\/2026\/SK0020586-CZ20260425-092632-0-1777080397-hopa-kombi-wc-robusto-tornado-se-slim-sedatkem-soft-close-v.webp","width":435,"height":600},{"@type":"BreadcrumbList","@id":"https:\/\/www.oknobuild.com\/index.php\/produkt\/znackovy-hopa-kombi-wc-robusto-tornado-se-slim-sedatkem-soft-close-vario-odpad-39144\/#breadcrumb","itemListElement":[{"@type":"ListItem","position":1,"name":"Home","item":"https:\/\/www.oknobuild.com\/"},{"@type":"ListItem","position":2,"name":"Products","item":"https:\/\/www.oknobuild.com\/index.php\/products\/"},{"@type":"ListItem","position":3,"name":"Zna\u010dkov\u00fd Hopa Kombi WC Robusto TORNADO se Slim sed\u00e1tkem Soft-close, vario odpad"}]},{"@type":"WebSite","@id":"https:\/\/www.oknobuild.com\/#website","url":"https:\/\/www.oknobuild.com\/","name":"","description":"","potentialAction":[{"@type":"SearchAction","target":{"@type":"EntryPoint","urlTemplate":"https:\/\/www.oknobuild.com\/?s={search_term_string}"},"query-input":{"@type":"PropertyValueSpecification","valueRequired":true,"valueName":"search_term_string"}}],"inLanguage":"cs"}]}},"_links":{"self":[{"href":"https:\/\/www.oknobuild.com\/index.php\/wp-json\/wp\/v2\/product\/39144","targetHints":{"allow":["GET"]}}],"collection":[{"href":"https:\/\/www.oknobuild.com\/index.php\/wp-json\/wp\/v2\/product"}],"about":[{"href":"https:\/\/www.oknobuild.com\/index.php\/wp-json\/wp\/v2\/types\/product"}],"replies":[{"embeddable":true,"href":"https:\/\/www.oknobuild.com\/index.php\/wp-json\/wp\/v2\/comments?post=39144"}],"wp:featuredmedia":[{"embeddable":true,"href":"https:\/\/www.oknobuild.com\/index.php\/wp-json\/wp\/v2\/media\/39244"}],"wp:attachment":[{"href":"https:\/\/www.oknobuild.com\/index.php\/wp-json\/wp\/v2\/media?parent=39144"}],"wp:term":[{"taxonomy":"product_brand","embeddable":true,"href":"https:\/\/www.oknobuild.com\/index.php\/wp-json\/wp\/v2\/product_brand?post=39144"},{"taxonomy":"product_cat","embeddable":true,"href":"https:\/\/www.oknobuild.com\/index.php\/wp-json\/wp\/v2\/product_cat?post=39144"},{"taxonomy":"product_tag","embeddable":true,"href":"https:\/\/www.oknobuild.com\/index.php\/wp-json\/wp\/v2\/product_tag?post=39144"}],"curies":[{"name":"wp","href":"https:\/\/api.w.org\/{rel}","templated":true}]}}