{"id":39295,"date":"2026-04-27T04:42:17","date_gmt":"2026-04-27T04:42:17","guid":{"rendered":""},"modified":"2026-04-27T04:42:17","modified_gmt":"2026-04-27T04:42:17","slug":"znackovy-sapho-iconic-stojankova-bidetova-baterie-bez-vypusti-zlato-mat-39295","status":"publish","type":"product","link":"https:\/\/www.oknobuild.com\/index.php\/produkt\/znackovy-sapho-iconic-stojankova-bidetova-baterie-bez-vypusti-zlato-mat-39295\/","title":{"rendered":"Zna\u010dkov\u00fd Sapho ICONIC stoj\u00e1nkov\u00e1 bidetov\u00e1 baterie bez v\u00fdpusti, zlato mat"},"content":{"rendered":"<div class=\"ProductDetail-content NoFixImageContainer\" id=\"productDescription\">\n<div class=\"Heading\">\n<h2 class=\"Heading-title\">Popis produktu <span class=''>Sapho ICONIC stoj\u00e1nkov\u00e1 bidetov\u00e1 baterie bez v\u00fdpusti, zlato mat<\/span><\/h2>\n<\/p><\/div>\n<div class=\"ProductDetailContent\">\n<ul>\n<li><span style=\"font-size:16px\">\u0160\u00ed\u0159ka: 45 mm<\/span><\/li>\n<li><span style=\"font-size:16px\">V\u00fd\u0161ka: 157 mm<\/span><\/li>\n<li><span style=\"font-size:16px\">Barva: Zlato mat<\/span><\/li>\n<li><span style=\"font-size:16px\">Materi\u00e1l: Mosaz<\/span><\/li>\n<li><span style=\"font-size:16px\">Tvar: Kruhov\u00e9<\/span><\/li>\n<li><span style=\"font-size:16px\">Instalace: Stoj\u00e1nkov\u00e1<\/span><\/li>\n<li><span style=\"font-size:16px\">Druh ovl\u00e1d\u00e1n\u00ed: P\u00e1ka<\/span><\/li>\n<li><span style=\"font-size:16px\">Pr\u016fm\u011br kartu\u0161e: 25 mm<\/span><\/li>\n<li><span style=\"font-size:16px\">Ostatn\u00ed: PVD povrchov\u00e1 \u00faprava<\/span><\/li>\n<\/ul>\n<p><strong><span style=\"font-size:16px\">PVD povrchov\u00e1 \u00faprava<\/span><\/strong><\/p>\n<p><span style=\"font-size:16px\">Technologie nan\u00e1\u0161en\u00ed tenk\u00fdch vrstev napa\u0159ov\u00e1n\u00edm ve vakuov\u00e9 komo\u0159e. Nan\u00e1\u0161en\u00fd materi\u00e1l se spojuje s podkladem na molekul\u00e1rn\u00ed b\u00e1zi. D\u00edky tomu se povrch stane tvrd\u00fdm, odoln\u00fdm korozi, kyselin\u00e1m, ot\u011bru a vysok\u00fdm teplot\u00e1m. Tato technologie je nav\u00edc \u0161etrn\u00e1 k \u017eivotn\u00edmu prost\u0159ed\u00ed.<\/span><\/p>\n<\/p><\/div>\n<div class=\"ProductDetailContent\">                                                                    <\/div>\n<\/p><\/div>\n<\/p><\/div>\n<\/p><\/div>\n","protected":false},"excerpt":{"rendered":"<p>Popis produktu Sapho ICONIC stoj\u00e1nkov\u00e1 bidetov\u00e1 baterie bez v\u00fdpusti, zlato mat \u0160\u00ed\u0159ka: 45 mm V\u00fd\u0161ka: 157 mm Barva: Zlato mat Materi\u00e1l: Mosaz Tvar: Kruhov\u00e9 Instalace: Stoj\u00e1nkov\u00e1 Druh ovl\u00e1d\u00e1n\u00ed: P\u00e1ka Pr\u016fm\u011br kartu\u0161e: 25 mm Ostatn\u00ed: PVD povrchov\u00e1 \u00faprava PVD povrchov\u00e1 \u00faprava Technologie nan\u00e1\u0161en\u00ed tenk\u00fdch vrstev napa\u0159ov\u00e1n\u00edm ve vakuov\u00e9 komo\u0159e. Nan\u00e1\u0161en\u00fd materi\u00e1l se spojuje s podkladem na [&hellip;]<\/p>\n","protected":false},"featured_media":39395,"comment_status":"open","ping_status":"open","template":"","meta":[],"product_brand":[],"product_cat":[65],"product_tag":[],"class_list":{"0":"post-39295","1":"product","2":"type-product","3":"status-publish","4":"has-post-thumbnail","6":"product_cat-koupelny","8":"first","9":"instock","10":"sale","11":"shipping-taxable","12":"purchasable","13":"product-type-simple"},"yoast_head":"<!-- This site is optimized with the Yoast SEO plugin v26.8 - https:\/\/yoast.com\/product\/yoast-seo-wordpress\/ -->\n<title>Zna\u010dkov\u00fd Sapho ICONIC stoj\u00e1nkov\u00e1 bidetov\u00e1 baterie bez v\u00fdpusti, zlato mat -<\/title>\n<meta name=\"robots\" content=\"index, follow, max-snippet:-1, max-image-preview:large, max-video-preview:-1\" \/>\n<link rel=\"canonical\" href=\"https:\/\/www.oknobuild.com\/index.php\/produkt\/znackovy-sapho-iconic-stojankova-bidetova-baterie-bez-vypusti-zlato-mat-39295\/\" \/>\n<meta property=\"og:locale\" content=\"cs_CZ\" \/>\n<meta property=\"og:type\" content=\"article\" \/>\n<meta property=\"og:title\" content=\"Zna\u010dkov\u00fd Sapho ICONIC stoj\u00e1nkov\u00e1 bidetov\u00e1 baterie bez v\u00fdpusti, zlato mat -\" \/>\n<meta property=\"og:description\" content=\"Popis produktu Sapho ICONIC stoj\u00e1nkov\u00e1 bidetov\u00e1 baterie bez v\u00fdpusti, zlato mat \u0160\u00ed\u0159ka: 45 mm V\u00fd\u0161ka: 157 mm Barva: Zlato mat Materi\u00e1l: Mosaz Tvar: Kruhov\u00e9 Instalace: Stoj\u00e1nkov\u00e1 Druh ovl\u00e1d\u00e1n\u00ed: P\u00e1ka Pr\u016fm\u011br kartu\u0161e: 25 mm Ostatn\u00ed: PVD povrchov\u00e1 \u00faprava PVD povrchov\u00e1 \u00faprava Technologie nan\u00e1\u0161en\u00ed tenk\u00fdch vrstev napa\u0159ov\u00e1n\u00edm ve vakuov\u00e9 komo\u0159e. Nan\u00e1\u0161en\u00fd materi\u00e1l se spojuje s podkladem na [&hellip;]\" \/>\n<meta property=\"og:url\" content=\"https:\/\/www.oknobuild.com\/index.php\/produkt\/znackovy-sapho-iconic-stojankova-bidetova-baterie-bez-vypusti-zlato-mat-39295\/\" \/>\n<meta property=\"og:image\" content=\"https:\/\/www.oknobuild.com\/wp-content\/uploads\/2026\/SK0020648-CZ20260425-092632-0-1777080397-sapho-iconic-stojankova-bidetova-baterie-bez-vypusti-zlato-.webp\" \/>\n\t<meta property=\"og:image:width\" content=\"600\" \/>\n\t<meta property=\"og:image:height\" content=\"600\" \/>\n\t<meta property=\"og:image:type\" content=\"image\/webp\" \/>\n<meta name=\"twitter:card\" content=\"summary_large_image\" \/>\n<meta name=\"twitter:label1\" content=\"Odhadovan\u00e1 doba \u010dten\u00ed\" \/>\n\t<meta name=\"twitter:data1\" content=\"1 minuta\" \/>\n<script type=\"application\/ld+json\" class=\"yoast-schema-graph\">{\"@context\":\"https:\/\/schema.org\",\"@graph\":[{\"@type\":\"WebPage\",\"@id\":\"https:\/\/www.oknobuild.com\/index.php\/produkt\/znackovy-sapho-iconic-stojankova-bidetova-baterie-bez-vypusti-zlato-mat-39295\/\",\"url\":\"https:\/\/www.oknobuild.com\/index.php\/produkt\/znackovy-sapho-iconic-stojankova-bidetova-baterie-bez-vypusti-zlato-mat-39295\/\",\"name\":\"Zna\u010dkov\u00fd Sapho ICONIC stoj\u00e1nkov\u00e1 bidetov\u00e1 baterie bez v\u00fdpusti, zlato mat -\",\"isPartOf\":{\"@id\":\"https:\/\/www.oknobuild.com\/#website\"},\"primaryImageOfPage\":{\"@id\":\"https:\/\/www.oknobuild.com\/index.php\/produkt\/znackovy-sapho-iconic-stojankova-bidetova-baterie-bez-vypusti-zlato-mat-39295\/#primaryimage\"},\"image\":{\"@id\":\"https:\/\/www.oknobuild.com\/index.php\/produkt\/znackovy-sapho-iconic-stojankova-bidetova-baterie-bez-vypusti-zlato-mat-39295\/#primaryimage\"},\"thumbnailUrl\":\"https:\/\/www.oknobuild.com\/wp-content\/uploads\/2026\/SK0020648-CZ20260425-092632-0-1777080397-sapho-iconic-stojankova-bidetova-baterie-bez-vypusti-zlato-.webp\",\"datePublished\":\"2026-04-27T04:42:17+00:00\",\"breadcrumb\":{\"@id\":\"https:\/\/www.oknobuild.com\/index.php\/produkt\/znackovy-sapho-iconic-stojankova-bidetova-baterie-bez-vypusti-zlato-mat-39295\/#breadcrumb\"},\"inLanguage\":\"cs\",\"potentialAction\":[{\"@type\":\"ReadAction\",\"target\":[\"https:\/\/www.oknobuild.com\/index.php\/produkt\/znackovy-sapho-iconic-stojankova-bidetova-baterie-bez-vypusti-zlato-mat-39295\/\"]}]},{\"@type\":\"ImageObject\",\"inLanguage\":\"cs\",\"@id\":\"https:\/\/www.oknobuild.com\/index.php\/produkt\/znackovy-sapho-iconic-stojankova-bidetova-baterie-bez-vypusti-zlato-mat-39295\/#primaryimage\",\"url\":\"https:\/\/www.oknobuild.com\/wp-content\/uploads\/2026\/SK0020648-CZ20260425-092632-0-1777080397-sapho-iconic-stojankova-bidetova-baterie-bez-vypusti-zlato-.webp\",\"contentUrl\":\"https:\/\/www.oknobuild.com\/wp-content\/uploads\/2026\/SK0020648-CZ20260425-092632-0-1777080397-sapho-iconic-stojankova-bidetova-baterie-bez-vypusti-zlato-.webp\",\"width\":600,\"height\":600},{\"@type\":\"BreadcrumbList\",\"@id\":\"https:\/\/www.oknobuild.com\/index.php\/produkt\/znackovy-sapho-iconic-stojankova-bidetova-baterie-bez-vypusti-zlato-mat-39295\/#breadcrumb\",\"itemListElement\":[{\"@type\":\"ListItem\",\"position\":1,\"name\":\"Home\",\"item\":\"https:\/\/www.oknobuild.com\/\"},{\"@type\":\"ListItem\",\"position\":2,\"name\":\"Products\",\"item\":\"https:\/\/www.oknobuild.com\/index.php\/products\/\"},{\"@type\":\"ListItem\",\"position\":3,\"name\":\"Zna\u010dkov\u00fd Sapho ICONIC stoj\u00e1nkov\u00e1 bidetov\u00e1 baterie bez v\u00fdpusti, zlato mat\"}]},{\"@type\":\"WebSite\",\"@id\":\"https:\/\/www.oknobuild.com\/#website\",\"url\":\"https:\/\/www.oknobuild.com\/\",\"name\":\"\",\"description\":\"\",\"potentialAction\":[{\"@type\":\"SearchAction\",\"target\":{\"@type\":\"EntryPoint\",\"urlTemplate\":\"https:\/\/www.oknobuild.com\/?s={search_term_string}\"},\"query-input\":{\"@type\":\"PropertyValueSpecification\",\"valueRequired\":true,\"valueName\":\"search_term_string\"}}],\"inLanguage\":\"cs\"}]}<\/script>\n<!-- \/ Yoast SEO plugin. -->","yoast_head_json":{"title":"Zna\u010dkov\u00fd Sapho ICONIC stoj\u00e1nkov\u00e1 bidetov\u00e1 baterie bez v\u00fdpusti, zlato mat -","robots":{"index":"index","follow":"follow","max-snippet":"max-snippet:-1","max-image-preview":"max-image-preview:large","max-video-preview":"max-video-preview:-1"},"canonical":"https:\/\/www.oknobuild.com\/index.php\/produkt\/znackovy-sapho-iconic-stojankova-bidetova-baterie-bez-vypusti-zlato-mat-39295\/","og_locale":"cs_CZ","og_type":"article","og_title":"Zna\u010dkov\u00fd Sapho ICONIC stoj\u00e1nkov\u00e1 bidetov\u00e1 baterie bez v\u00fdpusti, zlato mat -","og_description":"Popis produktu Sapho ICONIC stoj\u00e1nkov\u00e1 bidetov\u00e1 baterie bez v\u00fdpusti, zlato mat \u0160\u00ed\u0159ka: 45 mm V\u00fd\u0161ka: 157 mm Barva: Zlato mat Materi\u00e1l: Mosaz Tvar: Kruhov\u00e9 Instalace: Stoj\u00e1nkov\u00e1 Druh ovl\u00e1d\u00e1n\u00ed: P\u00e1ka Pr\u016fm\u011br kartu\u0161e: 25 mm Ostatn\u00ed: PVD povrchov\u00e1 \u00faprava PVD povrchov\u00e1 \u00faprava Technologie nan\u00e1\u0161en\u00ed tenk\u00fdch vrstev napa\u0159ov\u00e1n\u00edm ve vakuov\u00e9 komo\u0159e. Nan\u00e1\u0161en\u00fd materi\u00e1l se spojuje s podkladem na [&hellip;]","og_url":"https:\/\/www.oknobuild.com\/index.php\/produkt\/znackovy-sapho-iconic-stojankova-bidetova-baterie-bez-vypusti-zlato-mat-39295\/","og_image":[{"width":600,"height":600,"url":"https:\/\/www.oknobuild.com\/wp-content\/uploads\/2026\/SK0020648-CZ20260425-092632-0-1777080397-sapho-iconic-stojankova-bidetova-baterie-bez-vypusti-zlato-.webp","type":"image\/webp"}],"twitter_card":"summary_large_image","twitter_misc":{"Odhadovan\u00e1 doba \u010dten\u00ed":"1 minuta"},"schema":{"@context":"https:\/\/schema.org","@graph":[{"@type":"WebPage","@id":"https:\/\/www.oknobuild.com\/index.php\/produkt\/znackovy-sapho-iconic-stojankova-bidetova-baterie-bez-vypusti-zlato-mat-39295\/","url":"https:\/\/www.oknobuild.com\/index.php\/produkt\/znackovy-sapho-iconic-stojankova-bidetova-baterie-bez-vypusti-zlato-mat-39295\/","name":"Zna\u010dkov\u00fd Sapho ICONIC stoj\u00e1nkov\u00e1 bidetov\u00e1 baterie bez v\u00fdpusti, zlato mat -","isPartOf":{"@id":"https:\/\/www.oknobuild.com\/#website"},"primaryImageOfPage":{"@id":"https:\/\/www.oknobuild.com\/index.php\/produkt\/znackovy-sapho-iconic-stojankova-bidetova-baterie-bez-vypusti-zlato-mat-39295\/#primaryimage"},"image":{"@id":"https:\/\/www.oknobuild.com\/index.php\/produkt\/znackovy-sapho-iconic-stojankova-bidetova-baterie-bez-vypusti-zlato-mat-39295\/#primaryimage"},"thumbnailUrl":"https:\/\/www.oknobuild.com\/wp-content\/uploads\/2026\/SK0020648-CZ20260425-092632-0-1777080397-sapho-iconic-stojankova-bidetova-baterie-bez-vypusti-zlato-.webp","datePublished":"2026-04-27T04:42:17+00:00","breadcrumb":{"@id":"https:\/\/www.oknobuild.com\/index.php\/produkt\/znackovy-sapho-iconic-stojankova-bidetova-baterie-bez-vypusti-zlato-mat-39295\/#breadcrumb"},"inLanguage":"cs","potentialAction":[{"@type":"ReadAction","target":["https:\/\/www.oknobuild.com\/index.php\/produkt\/znackovy-sapho-iconic-stojankova-bidetova-baterie-bez-vypusti-zlato-mat-39295\/"]}]},{"@type":"ImageObject","inLanguage":"cs","@id":"https:\/\/www.oknobuild.com\/index.php\/produkt\/znackovy-sapho-iconic-stojankova-bidetova-baterie-bez-vypusti-zlato-mat-39295\/#primaryimage","url":"https:\/\/www.oknobuild.com\/wp-content\/uploads\/2026\/SK0020648-CZ20260425-092632-0-1777080397-sapho-iconic-stojankova-bidetova-baterie-bez-vypusti-zlato-.webp","contentUrl":"https:\/\/www.oknobuild.com\/wp-content\/uploads\/2026\/SK0020648-CZ20260425-092632-0-1777080397-sapho-iconic-stojankova-bidetova-baterie-bez-vypusti-zlato-.webp","width":600,"height":600},{"@type":"BreadcrumbList","@id":"https:\/\/www.oknobuild.com\/index.php\/produkt\/znackovy-sapho-iconic-stojankova-bidetova-baterie-bez-vypusti-zlato-mat-39295\/#breadcrumb","itemListElement":[{"@type":"ListItem","position":1,"name":"Home","item":"https:\/\/www.oknobuild.com\/"},{"@type":"ListItem","position":2,"name":"Products","item":"https:\/\/www.oknobuild.com\/index.php\/products\/"},{"@type":"ListItem","position":3,"name":"Zna\u010dkov\u00fd Sapho ICONIC stoj\u00e1nkov\u00e1 bidetov\u00e1 baterie bez v\u00fdpusti, zlato mat"}]},{"@type":"WebSite","@id":"https:\/\/www.oknobuild.com\/#website","url":"https:\/\/www.oknobuild.com\/","name":"","description":"","potentialAction":[{"@type":"SearchAction","target":{"@type":"EntryPoint","urlTemplate":"https:\/\/www.oknobuild.com\/?s={search_term_string}"},"query-input":{"@type":"PropertyValueSpecification","valueRequired":true,"valueName":"search_term_string"}}],"inLanguage":"cs"}]}},"_links":{"self":[{"href":"https:\/\/www.oknobuild.com\/index.php\/wp-json\/wp\/v2\/product\/39295","targetHints":{"allow":["GET"]}}],"collection":[{"href":"https:\/\/www.oknobuild.com\/index.php\/wp-json\/wp\/v2\/product"}],"about":[{"href":"https:\/\/www.oknobuild.com\/index.php\/wp-json\/wp\/v2\/types\/product"}],"replies":[{"embeddable":true,"href":"https:\/\/www.oknobuild.com\/index.php\/wp-json\/wp\/v2\/comments?post=39295"}],"wp:featuredmedia":[{"embeddable":true,"href":"https:\/\/www.oknobuild.com\/index.php\/wp-json\/wp\/v2\/media\/39395"}],"wp:attachment":[{"href":"https:\/\/www.oknobuild.com\/index.php\/wp-json\/wp\/v2\/media?parent=39295"}],"wp:term":[{"taxonomy":"product_brand","embeddable":true,"href":"https:\/\/www.oknobuild.com\/index.php\/wp-json\/wp\/v2\/product_brand?post=39295"},{"taxonomy":"product_cat","embeddable":true,"href":"https:\/\/www.oknobuild.com\/index.php\/wp-json\/wp\/v2\/product_cat?post=39295"},{"taxonomy":"product_tag","embeddable":true,"href":"https:\/\/www.oknobuild.com\/index.php\/wp-json\/wp\/v2\/product_tag?post=39295"}],"curies":[{"name":"wp","href":"https:\/\/api.w.org\/{rel}","templated":true}]}}