{"id":39330,"date":"2026-04-27T04:42:17","date_gmt":"2026-04-27T04:42:17","guid":{"rendered":""},"modified":"2026-04-27T04:42:17","modified_gmt":"2026-04-27T04:42:17","slug":"airforce-ohebne-potrubi-flexo-al-delka-300cm-cerna-3269d-nejlepsi-volba-39330","status":"publish","type":"product","link":"https:\/\/www.oknobuild.com\/index.php\/produkt\/airforce-ohebne-potrubi-flexo-al-delka-300cm-cerna-3269d-nejlepsi-volba-39330\/","title":{"rendered":"AirForce Ohebn\u00e9 potrub\u00ed FLEXO AL d\u00e9lka 300cm \u010dern\u00e1 &#8211; 3269D Nejlep\u0161\u00ed Volba"},"content":{"rendered":"<div class=\"ProductDetail-content NoFixImageContainer\" id=\"productDescription\">\n<div class=\"Heading\">\n<h2 class=\"Heading-title\">Popis produktu <span class=''>AirForce Ohebn\u00e9 potrub\u00ed FLEXO AL d\u00e9lka 300cm \u010dern\u00e1 &#8211; 3269D<\/span><\/h2>\n<\/p><\/div>\n<div class=\"ProductDetailContent\">                                                                    <\/div>\n<div class=\"ProductDetailContent\">\n<div class=\"ProductDetailContent-item\">\n<ul>\n<li>n\u00e1zev: <strong>FLEXO AL odoln\u00e1 \u010dern\u00e1 125 x 3000 mm<\/strong><\/li>\n<li>hmotnost: <strong>0.38 kg<\/strong><\/li>\n<li>v\u00fdrobce: <strong>&#8212;<\/strong><\/li>\n<\/ul>\n<p>Polotuh\u00e9 ohebn\u00e9 potrub\u00ed je vyrobeno z hlin\u00edkov\u00e9ho p\u00e1sku s \u010dern\u00fdm povrchem o s\u00edle 0,06 mm, kter\u00fd je pevn\u011b spojen pomoc\u00ed speci\u00e1ln\u00edho stroje. <br \/>D\u00edky pou\u017eit\u00e9mu materi\u00e1lu je ALUDAP D mimo\u0159\u00e1dn\u011b lehk\u00fd a ve srovn\u00e1n\u00ed se vzduchovody z ALU f\u00f3lie z\u00e1rove\u0148 velice odoln\u00fd. <br \/>P\u0159i maxim\u00e1ln\u00ed rychlosti vzduchu 25 m\/s a tlaku 2000 Pa ho lze bez obav vystavit teplot\u00e1m v rozsahu od -30 a\u017e do +200 \u00b0C.<br \/>Nen\u00ed vhodn\u00e9 pro vlo\u017ekov\u00e1n\u00ed kom\u00edn\u016f a pro odtah spalin.<\/p>\n<\/p><\/div>\n<\/p><\/div>\n<\/p><\/div>\n<\/p><\/div>\n<\/p><\/div>\n","protected":false},"excerpt":{"rendered":"<p>Popis produktu AirForce Ohebn\u00e9 potrub\u00ed FLEXO AL d\u00e9lka 300cm \u010dern\u00e1 &#8211; 3269D n\u00e1zev: FLEXO AL odoln\u00e1 \u010dern\u00e1 125 x 3000 mm hmotnost: 0.38 kg v\u00fdrobce: &#8212; Polotuh\u00e9 ohebn\u00e9 potrub\u00ed je vyrobeno z hlin\u00edkov\u00e9ho p\u00e1sku s \u010dern\u00fdm povrchem o s\u00edle 0,06 mm, kter\u00fd je pevn\u011b spojen pomoc\u00ed speci\u00e1ln\u00edho stroje. D\u00edky pou\u017eit\u00e9mu materi\u00e1lu je ALUDAP D mimo\u0159\u00e1dn\u011b [&hellip;]<\/p>\n","protected":false},"featured_media":39430,"comment_status":"open","ping_status":"open","template":"","meta":[],"product_brand":[],"product_cat":[70],"product_tag":[],"class_list":{"0":"post-39330","1":"product","2":"type-product","3":"status-publish","4":"has-post-thumbnail","6":"product_cat-rekuperace-vzduchu-a-vody-vetrani","8":"first","9":"instock","10":"sale","11":"shipping-taxable","12":"purchasable","13":"product-type-simple"},"yoast_head":"<!-- This site is optimized with the Yoast SEO plugin v26.8 - https:\/\/yoast.com\/product\/yoast-seo-wordpress\/ -->\n<title>AirForce Ohebn\u00e9 potrub\u00ed FLEXO AL d\u00e9lka 300cm \u010dern\u00e1 - 3269D Nejlep\u0161\u00ed Volba -<\/title>\n<meta name=\"robots\" content=\"index, follow, max-snippet:-1, max-image-preview:large, max-video-preview:-1\" \/>\n<link rel=\"canonical\" href=\"https:\/\/www.oknobuild.com\/index.php\/produkt\/airforce-ohebne-potrubi-flexo-al-delka-300cm-cerna-3269d-nejlepsi-volba-39330\/\" \/>\n<meta property=\"og:locale\" content=\"cs_CZ\" \/>\n<meta property=\"og:type\" content=\"article\" \/>\n<meta property=\"og:title\" content=\"AirForce Ohebn\u00e9 potrub\u00ed FLEXO AL d\u00e9lka 300cm \u010dern\u00e1 - 3269D Nejlep\u0161\u00ed Volba -\" \/>\n<meta property=\"og:description\" content=\"Popis produktu AirForce Ohebn\u00e9 potrub\u00ed FLEXO AL d\u00e9lka 300cm \u010dern\u00e1 &#8211; 3269D n\u00e1zev: FLEXO AL odoln\u00e1 \u010dern\u00e1 125 x 3000 mm hmotnost: 0.38 kg v\u00fdrobce: &#8212; Polotuh\u00e9 ohebn\u00e9 potrub\u00ed je vyrobeno z hlin\u00edkov\u00e9ho p\u00e1sku s \u010dern\u00fdm povrchem o s\u00edle 0,06 mm, kter\u00fd je pevn\u011b spojen pomoc\u00ed speci\u00e1ln\u00edho stroje. D\u00edky pou\u017eit\u00e9mu materi\u00e1lu je ALUDAP D mimo\u0159\u00e1dn\u011b [&hellip;]\" \/>\n<meta property=\"og:url\" content=\"https:\/\/www.oknobuild.com\/index.php\/produkt\/airforce-ohebne-potrubi-flexo-al-delka-300cm-cerna-3269d-nejlepsi-volba-39330\/\" \/>\n<meta property=\"og:image\" content=\"https:\/\/www.oknobuild.com\/wp-content\/uploads\/2026\/SK0020691-CZ20260425-092632-0-1777080397-airforce-ohebne-potrubi-flexo-al-delka-300cm-cerna-3269d-92.webp\" \/>\n\t<meta property=\"og:image:width\" content=\"600\" \/>\n\t<meta property=\"og:image:height\" content=\"600\" \/>\n\t<meta property=\"og:image:type\" content=\"image\/webp\" \/>\n<meta name=\"twitter:card\" content=\"summary_large_image\" \/>\n<meta name=\"twitter:label1\" content=\"Odhadovan\u00e1 doba \u010dten\u00ed\" \/>\n\t<meta name=\"twitter:data1\" content=\"1 minuta\" \/>\n<script type=\"application\/ld+json\" class=\"yoast-schema-graph\">{\"@context\":\"https:\/\/schema.org\",\"@graph\":[{\"@type\":\"WebPage\",\"@id\":\"https:\/\/www.oknobuild.com\/index.php\/produkt\/airforce-ohebne-potrubi-flexo-al-delka-300cm-cerna-3269d-nejlepsi-volba-39330\/\",\"url\":\"https:\/\/www.oknobuild.com\/index.php\/produkt\/airforce-ohebne-potrubi-flexo-al-delka-300cm-cerna-3269d-nejlepsi-volba-39330\/\",\"name\":\"AirForce Ohebn\u00e9 potrub\u00ed FLEXO AL d\u00e9lka 300cm \u010dern\u00e1 - 3269D Nejlep\u0161\u00ed Volba -\",\"isPartOf\":{\"@id\":\"https:\/\/www.oknobuild.com\/#website\"},\"primaryImageOfPage\":{\"@id\":\"https:\/\/www.oknobuild.com\/index.php\/produkt\/airforce-ohebne-potrubi-flexo-al-delka-300cm-cerna-3269d-nejlepsi-volba-39330\/#primaryimage\"},\"image\":{\"@id\":\"https:\/\/www.oknobuild.com\/index.php\/produkt\/airforce-ohebne-potrubi-flexo-al-delka-300cm-cerna-3269d-nejlepsi-volba-39330\/#primaryimage\"},\"thumbnailUrl\":\"https:\/\/www.oknobuild.com\/wp-content\/uploads\/2026\/SK0020691-CZ20260425-092632-0-1777080397-airforce-ohebne-potrubi-flexo-al-delka-300cm-cerna-3269d-92.webp\",\"datePublished\":\"2026-04-27T04:42:17+00:00\",\"breadcrumb\":{\"@id\":\"https:\/\/www.oknobuild.com\/index.php\/produkt\/airforce-ohebne-potrubi-flexo-al-delka-300cm-cerna-3269d-nejlepsi-volba-39330\/#breadcrumb\"},\"inLanguage\":\"cs\",\"potentialAction\":[{\"@type\":\"ReadAction\",\"target\":[\"https:\/\/www.oknobuild.com\/index.php\/produkt\/airforce-ohebne-potrubi-flexo-al-delka-300cm-cerna-3269d-nejlepsi-volba-39330\/\"]}]},{\"@type\":\"ImageObject\",\"inLanguage\":\"cs\",\"@id\":\"https:\/\/www.oknobuild.com\/index.php\/produkt\/airforce-ohebne-potrubi-flexo-al-delka-300cm-cerna-3269d-nejlepsi-volba-39330\/#primaryimage\",\"url\":\"https:\/\/www.oknobuild.com\/wp-content\/uploads\/2026\/SK0020691-CZ20260425-092632-0-1777080397-airforce-ohebne-potrubi-flexo-al-delka-300cm-cerna-3269d-92.webp\",\"contentUrl\":\"https:\/\/www.oknobuild.com\/wp-content\/uploads\/2026\/SK0020691-CZ20260425-092632-0-1777080397-airforce-ohebne-potrubi-flexo-al-delka-300cm-cerna-3269d-92.webp\",\"width\":600,\"height\":600},{\"@type\":\"BreadcrumbList\",\"@id\":\"https:\/\/www.oknobuild.com\/index.php\/produkt\/airforce-ohebne-potrubi-flexo-al-delka-300cm-cerna-3269d-nejlepsi-volba-39330\/#breadcrumb\",\"itemListElement\":[{\"@type\":\"ListItem\",\"position\":1,\"name\":\"Home\",\"item\":\"https:\/\/www.oknobuild.com\/\"},{\"@type\":\"ListItem\",\"position\":2,\"name\":\"Products\",\"item\":\"https:\/\/www.oknobuild.com\/index.php\/products\/\"},{\"@type\":\"ListItem\",\"position\":3,\"name\":\"AirForce Ohebn\u00e9 potrub\u00ed FLEXO AL d\u00e9lka 300cm \u010dern\u00e1 &#8211; 3269D Nejlep\u0161\u00ed Volba\"}]},{\"@type\":\"WebSite\",\"@id\":\"https:\/\/www.oknobuild.com\/#website\",\"url\":\"https:\/\/www.oknobuild.com\/\",\"name\":\"\",\"description\":\"\",\"potentialAction\":[{\"@type\":\"SearchAction\",\"target\":{\"@type\":\"EntryPoint\",\"urlTemplate\":\"https:\/\/www.oknobuild.com\/?s={search_term_string}\"},\"query-input\":{\"@type\":\"PropertyValueSpecification\",\"valueRequired\":true,\"valueName\":\"search_term_string\"}}],\"inLanguage\":\"cs\"}]}<\/script>\n<!-- \/ Yoast SEO plugin. -->","yoast_head_json":{"title":"AirForce Ohebn\u00e9 potrub\u00ed FLEXO AL d\u00e9lka 300cm \u010dern\u00e1 - 3269D Nejlep\u0161\u00ed Volba -","robots":{"index":"index","follow":"follow","max-snippet":"max-snippet:-1","max-image-preview":"max-image-preview:large","max-video-preview":"max-video-preview:-1"},"canonical":"https:\/\/www.oknobuild.com\/index.php\/produkt\/airforce-ohebne-potrubi-flexo-al-delka-300cm-cerna-3269d-nejlepsi-volba-39330\/","og_locale":"cs_CZ","og_type":"article","og_title":"AirForce Ohebn\u00e9 potrub\u00ed FLEXO AL d\u00e9lka 300cm \u010dern\u00e1 - 3269D Nejlep\u0161\u00ed Volba -","og_description":"Popis produktu AirForce Ohebn\u00e9 potrub\u00ed FLEXO AL d\u00e9lka 300cm \u010dern\u00e1 &#8211; 3269D n\u00e1zev: FLEXO AL odoln\u00e1 \u010dern\u00e1 125 x 3000 mm hmotnost: 0.38 kg v\u00fdrobce: &#8212; Polotuh\u00e9 ohebn\u00e9 potrub\u00ed je vyrobeno z hlin\u00edkov\u00e9ho p\u00e1sku s \u010dern\u00fdm povrchem o s\u00edle 0,06 mm, kter\u00fd je pevn\u011b spojen pomoc\u00ed speci\u00e1ln\u00edho stroje. D\u00edky pou\u017eit\u00e9mu materi\u00e1lu je ALUDAP D mimo\u0159\u00e1dn\u011b [&hellip;]","og_url":"https:\/\/www.oknobuild.com\/index.php\/produkt\/airforce-ohebne-potrubi-flexo-al-delka-300cm-cerna-3269d-nejlepsi-volba-39330\/","og_image":[{"width":600,"height":600,"url":"https:\/\/www.oknobuild.com\/wp-content\/uploads\/2026\/SK0020691-CZ20260425-092632-0-1777080397-airforce-ohebne-potrubi-flexo-al-delka-300cm-cerna-3269d-92.webp","type":"image\/webp"}],"twitter_card":"summary_large_image","twitter_misc":{"Odhadovan\u00e1 doba \u010dten\u00ed":"1 minuta"},"schema":{"@context":"https:\/\/schema.org","@graph":[{"@type":"WebPage","@id":"https:\/\/www.oknobuild.com\/index.php\/produkt\/airforce-ohebne-potrubi-flexo-al-delka-300cm-cerna-3269d-nejlepsi-volba-39330\/","url":"https:\/\/www.oknobuild.com\/index.php\/produkt\/airforce-ohebne-potrubi-flexo-al-delka-300cm-cerna-3269d-nejlepsi-volba-39330\/","name":"AirForce Ohebn\u00e9 potrub\u00ed FLEXO AL d\u00e9lka 300cm \u010dern\u00e1 - 3269D Nejlep\u0161\u00ed Volba -","isPartOf":{"@id":"https:\/\/www.oknobuild.com\/#website"},"primaryImageOfPage":{"@id":"https:\/\/www.oknobuild.com\/index.php\/produkt\/airforce-ohebne-potrubi-flexo-al-delka-300cm-cerna-3269d-nejlepsi-volba-39330\/#primaryimage"},"image":{"@id":"https:\/\/www.oknobuild.com\/index.php\/produkt\/airforce-ohebne-potrubi-flexo-al-delka-300cm-cerna-3269d-nejlepsi-volba-39330\/#primaryimage"},"thumbnailUrl":"https:\/\/www.oknobuild.com\/wp-content\/uploads\/2026\/SK0020691-CZ20260425-092632-0-1777080397-airforce-ohebne-potrubi-flexo-al-delka-300cm-cerna-3269d-92.webp","datePublished":"2026-04-27T04:42:17+00:00","breadcrumb":{"@id":"https:\/\/www.oknobuild.com\/index.php\/produkt\/airforce-ohebne-potrubi-flexo-al-delka-300cm-cerna-3269d-nejlepsi-volba-39330\/#breadcrumb"},"inLanguage":"cs","potentialAction":[{"@type":"ReadAction","target":["https:\/\/www.oknobuild.com\/index.php\/produkt\/airforce-ohebne-potrubi-flexo-al-delka-300cm-cerna-3269d-nejlepsi-volba-39330\/"]}]},{"@type":"ImageObject","inLanguage":"cs","@id":"https:\/\/www.oknobuild.com\/index.php\/produkt\/airforce-ohebne-potrubi-flexo-al-delka-300cm-cerna-3269d-nejlepsi-volba-39330\/#primaryimage","url":"https:\/\/www.oknobuild.com\/wp-content\/uploads\/2026\/SK0020691-CZ20260425-092632-0-1777080397-airforce-ohebne-potrubi-flexo-al-delka-300cm-cerna-3269d-92.webp","contentUrl":"https:\/\/www.oknobuild.com\/wp-content\/uploads\/2026\/SK0020691-CZ20260425-092632-0-1777080397-airforce-ohebne-potrubi-flexo-al-delka-300cm-cerna-3269d-92.webp","width":600,"height":600},{"@type":"BreadcrumbList","@id":"https:\/\/www.oknobuild.com\/index.php\/produkt\/airforce-ohebne-potrubi-flexo-al-delka-300cm-cerna-3269d-nejlepsi-volba-39330\/#breadcrumb","itemListElement":[{"@type":"ListItem","position":1,"name":"Home","item":"https:\/\/www.oknobuild.com\/"},{"@type":"ListItem","position":2,"name":"Products","item":"https:\/\/www.oknobuild.com\/index.php\/products\/"},{"@type":"ListItem","position":3,"name":"AirForce Ohebn\u00e9 potrub\u00ed FLEXO AL d\u00e9lka 300cm \u010dern\u00e1 &#8211; 3269D Nejlep\u0161\u00ed Volba"}]},{"@type":"WebSite","@id":"https:\/\/www.oknobuild.com\/#website","url":"https:\/\/www.oknobuild.com\/","name":"","description":"","potentialAction":[{"@type":"SearchAction","target":{"@type":"EntryPoint","urlTemplate":"https:\/\/www.oknobuild.com\/?s={search_term_string}"},"query-input":{"@type":"PropertyValueSpecification","valueRequired":true,"valueName":"search_term_string"}}],"inLanguage":"cs"}]}},"_links":{"self":[{"href":"https:\/\/www.oknobuild.com\/index.php\/wp-json\/wp\/v2\/product\/39330","targetHints":{"allow":["GET"]}}],"collection":[{"href":"https:\/\/www.oknobuild.com\/index.php\/wp-json\/wp\/v2\/product"}],"about":[{"href":"https:\/\/www.oknobuild.com\/index.php\/wp-json\/wp\/v2\/types\/product"}],"replies":[{"embeddable":true,"href":"https:\/\/www.oknobuild.com\/index.php\/wp-json\/wp\/v2\/comments?post=39330"}],"wp:featuredmedia":[{"embeddable":true,"href":"https:\/\/www.oknobuild.com\/index.php\/wp-json\/wp\/v2\/media\/39430"}],"wp:attachment":[{"href":"https:\/\/www.oknobuild.com\/index.php\/wp-json\/wp\/v2\/media?parent=39330"}],"wp:term":[{"taxonomy":"product_brand","embeddable":true,"href":"https:\/\/www.oknobuild.com\/index.php\/wp-json\/wp\/v2\/product_brand?post=39330"},{"taxonomy":"product_cat","embeddable":true,"href":"https:\/\/www.oknobuild.com\/index.php\/wp-json\/wp\/v2\/product_cat?post=39330"},{"taxonomy":"product_tag","embeddable":true,"href":"https:\/\/www.oknobuild.com\/index.php\/wp-json\/wp\/v2\/product_tag?post=39330"}],"curies":[{"name":"wp","href":"https:\/\/api.w.org\/{rel}","templated":true}]}}