{"id":39331,"date":"2026-04-27T04:42:17","date_gmt":"2026-04-27T04:42:17","guid":{"rendered":""},"modified":"2026-04-27T04:42:17","modified_gmt":"2026-04-27T04:42:17","slug":"airforce-uprava-pro-rekuperaci-atrea-flat-4999913-overeny-39331","status":"publish","type":"product","link":"https:\/\/www.oknobuild.com\/index.php\/produkt\/airforce-uprava-pro-rekuperaci-atrea-flat-4999913-overeny-39331\/","title":{"rendered":"AirForce \u00faprava pro rekuperaci ATREA Flat &#8211; 4999913 Ov\u011b\u0159en\u00fd"},"content":{"rendered":"<div class=\"ProductDetail-content NoFixImageContainer\" id=\"productDescription\">\n<div class=\"Heading\">\n<h2 class=\"Heading-title\">Popis produktu <span class=''>AirForce \u00faprava pro rekuperaci ATREA Flat &#8211; 4999913<\/span><\/h2>\n<\/p><\/div>\n<div class=\"ProductDetailContent\">                                                                    <\/div>\n<div class=\"ProductDetailContent\">\n<div class=\"ProductDetailContent-item\">\n<ul>\n<li>n\u00e1zev: <strong>\u00daPRAVA PRO REKUPERACI ATREA FLAT<\/strong><\/li>\n<li>hmotnost: <strong> kg<\/strong><\/li>\n<li>v\u00fdrobce: <strong>&#8212;<\/strong><\/li>\n<\/ul>\n<p>FABER jako jedin\u00fd v\u00fdrobce digesto\u0159\u00ed nab\u00edz\u00ed \u0159adu digesto\u0159\u00ed s mo\u017enost\u00ed \u00fapravy pro p\u0159\u00edm\u00e9 napojen\u00ed do rekupera\u010dn\u00edch syst\u00e9m\u016f ATREA.<\/p>\n<p>Vyb\u00edrat m\u016f\u017eete z digesto\u0159\u00ed ozna\u010den\u00fdch ikonou REKUPERACE s n\u00edzk\u00fdm motorem. Jde o digesto\u0159e bez motoru, s p\u0159\u00eddavn\u00fdm filtrem pro zachycen\u00ed i t\u011bch nejjemn\u011bj\u0161\u00edch mastn\u00fdch \u010d\u00e1stic. Bezprobl\u00e9mov\u00e1 funk\u010dnost je ov\u011b\u0159ena v\u00edce jak desetiletou prax\u00ed.<\/p>\n<p>P\u00e1ry a pachy z varn\u00e9 z\u00f3ny ods\u00e1v\u00e1 digesto\u0159 pomoc\u00ed ventila\u010dn\u00edho syst\u00e9mu rekuperace a odv\u00e1d\u00ed je mimo d\u016fm. \u010cerstv\u00fd vzduch, kter\u00fd se vrac\u00ed zp\u011bt do kuchyn\u011b, je odch\u00e1zej\u00edc\u00edm vzduchem p\u0159i chladn\u00e9m po\u010das\u00ed p\u0159edeh\u0159\u00edv\u00e1n, v tepl\u00fdch m\u011bs\u00edc\u00edch naopak ochlazov\u00e1n.<\/p>\n<p>Ods\u00e1v\u00e1n\u00ed m\u016f\u017eete spustit stiskem tla\u010d\u00edtka na ovl\u00e1dac\u00edm panelu digesto\u0159e, d\u00e1lkov\u00fdm ovlada\u010dem nebo z ovl\u00e1dac\u00edho panelu varn\u00e9 desky FABER (je-li digesto\u0159 vybavena funkcemi REMOTE CONTROL nebo CONNECTION).<\/p>\n<p>V\u00ddHODY:<br \/>\u2022 D\u016fm lze certifikovat jako pasivn\u00ed.<br \/>\u2022 Velk\u00e1 \u010d\u00e1st pach\u016f a par je zachycena p\u0159\u00edmo nad varn\u00fdm centrem a odvedena mimo d\u016fm.<br \/>\u2022 Provoz digesto\u0159e je bezhlu\u010dn\u00fd.<br \/>\u2022 V\u0161echny funkce lze \u0159\u00eddit z ovl\u00e1dac\u00edho panelu digesto\u0159e.<br \/>\u2022 P\u0159\u00eddavn\u00fd filtr je dob\u0159e p\u0159\u00edstupn\u00fd.<br \/>\u2022 N\u00e1klady na v\u00fdm\u011bnu filtra\u010dn\u00edch vlo\u017eek nep\u0159ekro\u010d\u00ed 300 K\u010d za rok.<br \/>\u2022 Bezprobl\u00e9mov\u00e1 funk\u010dnost je ov\u011b\u0159ena v\u00edce jak 10 letou prax\u00ed.<br \/>\u2022 Z\u00e1ruka na bezchybnou funkci digesto\u0159e je 5 let.<\/p>\n<p>NEV\u00ddHODY:<br \/>\u2022 Napojen\u00ed digesto\u0159e do rekupera\u010dn\u00edho syst\u00e9mu je t\u0159eba \u0159e\u0161it ji\u017e ve f\u00e1zi n\u00e1vrhu projektu s dodavatelem rekupera\u010dn\u00edho syst\u00e9mu.<\/p>\n<p>Realizace je mo\u017en\u00e1 na z\u00e1klad\u011b z\u00e1vazn\u00e9 objedn\u00e1vky. Digesto\u0159 je p\u0159ed dod\u00e1n\u00edm upravena popsan\u00fdm zp\u016fsobem na kl\u00ed\u010d a p\u0159ipravena pro okam\u017eitou snadnou instalaci.<\/p>\n<p>Instalace digesto\u0159e je standardn\u00ed, dle pokyn\u016f uveden\u00fdch v N\u00e1vodu k pou\u017eit\u00ed. Elektrick\u00e9 p\u0159ipojen\u00ed k s\u00edti je v m\u00edst\u011b digesto\u0159e.<\/p>\n<p>Cena za \u00fapravu zahrnuje n\u00e1klady na idnividu\u00e1ln\u00ed \u00fapravu standardn\u00edho proveden\u00ed v\u010detn\u011b pot\u0159ebn\u00fdch d\u00edl\u016f.<\/p>\n<p>Jedn\u00e1 se o zak\u00e1zkovou \u00fapravu, proto je t\u0159eba po\u010d\u00edtat s dobou dod\u00e1n\u00ed 10 -15 pracovn\u00edch dn\u00ed.<\/p>\n<p>Ovl\u00e1d\u00e1n\u00ed digesto\u0159e komunikuje s \u0159\u00eddic\u00ed jednotkou rekupera\u010dn\u00edho syst\u00e9mu ATREA. Po stisku tla\u010d\u00edtka na ovl\u00e1dac\u00edm panelu digesto\u0159e (standardn\u011b tla\u010d\u00edtko pro spu\u0161t\u011bn\u00ed motoru) soust\u0159ed\u00ed \u0159\u00eddic\u00ed jednotka rekuperace v\u011bt\u0161inu sac\u00edho v\u00fdkonu pro odtah digesto\u0159e.<\/p>\n<\/p><\/div>\n<\/p><\/div>\n<\/p><\/div>\n<\/p><\/div>\n<\/p><\/div>\n","protected":false},"excerpt":{"rendered":"<p>Popis produktu AirForce \u00faprava pro rekuperaci ATREA Flat &#8211; 4999913 n\u00e1zev: \u00daPRAVA PRO REKUPERACI ATREA FLAT hmotnost: kg v\u00fdrobce: &#8212; FABER jako jedin\u00fd v\u00fdrobce digesto\u0159\u00ed nab\u00edz\u00ed \u0159adu digesto\u0159\u00ed s mo\u017enost\u00ed \u00fapravy pro p\u0159\u00edm\u00e9 napojen\u00ed do rekupera\u010dn\u00edch syst\u00e9m\u016f ATREA. Vyb\u00edrat m\u016f\u017eete z digesto\u0159\u00ed ozna\u010den\u00fdch ikonou REKUPERACE s n\u00edzk\u00fdm motorem. Jde o digesto\u0159e bez motoru, s p\u0159\u00eddavn\u00fdm [&hellip;]<\/p>\n","protected":false},"featured_media":39431,"comment_status":"open","ping_status":"open","template":"","meta":[],"product_brand":[],"product_cat":[70],"product_tag":[],"class_list":{"0":"post-39331","1":"product","2":"type-product","3":"status-publish","4":"has-post-thumbnail","6":"product_cat-rekuperace-vzduchu-a-vody-vetrani","8":"first","9":"instock","10":"sale","11":"shipping-taxable","12":"purchasable","13":"product-type-simple"},"yoast_head":"<!-- This site is optimized with the Yoast SEO plugin v26.8 - https:\/\/yoast.com\/product\/yoast-seo-wordpress\/ -->\n<title>AirForce \u00faprava pro rekuperaci ATREA Flat - 4999913 Ov\u011b\u0159en\u00fd -<\/title>\n<meta name=\"robots\" content=\"index, follow, max-snippet:-1, max-image-preview:large, max-video-preview:-1\" \/>\n<link rel=\"canonical\" href=\"https:\/\/www.oknobuild.com\/index.php\/produkt\/airforce-uprava-pro-rekuperaci-atrea-flat-4999913-overeny-39331\/\" \/>\n<meta property=\"og:locale\" content=\"cs_CZ\" \/>\n<meta property=\"og:type\" content=\"article\" \/>\n<meta property=\"og:title\" content=\"AirForce \u00faprava pro rekuperaci ATREA Flat - 4999913 Ov\u011b\u0159en\u00fd -\" \/>\n<meta property=\"og:description\" content=\"Popis produktu AirForce \u00faprava pro rekuperaci ATREA Flat &#8211; 4999913 n\u00e1zev: \u00daPRAVA PRO REKUPERACI ATREA FLAT hmotnost: kg v\u00fdrobce: &#8212; FABER jako jedin\u00fd v\u00fdrobce digesto\u0159\u00ed nab\u00edz\u00ed \u0159adu digesto\u0159\u00ed s mo\u017enost\u00ed \u00fapravy pro p\u0159\u00edm\u00e9 napojen\u00ed do rekupera\u010dn\u00edch syst\u00e9m\u016f ATREA. Vyb\u00edrat m\u016f\u017eete z digesto\u0159\u00ed ozna\u010den\u00fdch ikonou REKUPERACE s n\u00edzk\u00fdm motorem. Jde o digesto\u0159e bez motoru, s p\u0159\u00eddavn\u00fdm [&hellip;]\" \/>\n<meta property=\"og:url\" content=\"https:\/\/www.oknobuild.com\/index.php\/produkt\/airforce-uprava-pro-rekuperaci-atrea-flat-4999913-overeny-39331\/\" \/>\n<meta property=\"og:image\" content=\"https:\/\/www.oknobuild.com\/wp-content\/uploads\/2026\/SK0020692-CZ20260425-092632-0-1777080397-airforce-uprava-pro-rekuperaci-atrea-flat-4999913-928738.jp.webp\" \/>\n\t<meta property=\"og:image:width\" content=\"600\" \/>\n\t<meta property=\"og:image:height\" content=\"600\" \/>\n\t<meta property=\"og:image:type\" content=\"image\/webp\" \/>\n<meta name=\"twitter:card\" content=\"summary_large_image\" \/>\n<meta name=\"twitter:label1\" content=\"Odhadovan\u00e1 doba \u010dten\u00ed\" \/>\n\t<meta name=\"twitter:data1\" content=\"2 minuty\" \/>\n<script type=\"application\/ld+json\" class=\"yoast-schema-graph\">{\"@context\":\"https:\/\/schema.org\",\"@graph\":[{\"@type\":\"WebPage\",\"@id\":\"https:\/\/www.oknobuild.com\/index.php\/produkt\/airforce-uprava-pro-rekuperaci-atrea-flat-4999913-overeny-39331\/\",\"url\":\"https:\/\/www.oknobuild.com\/index.php\/produkt\/airforce-uprava-pro-rekuperaci-atrea-flat-4999913-overeny-39331\/\",\"name\":\"AirForce \u00faprava pro rekuperaci ATREA Flat - 4999913 Ov\u011b\u0159en\u00fd -\",\"isPartOf\":{\"@id\":\"https:\/\/www.oknobuild.com\/#website\"},\"primaryImageOfPage\":{\"@id\":\"https:\/\/www.oknobuild.com\/index.php\/produkt\/airforce-uprava-pro-rekuperaci-atrea-flat-4999913-overeny-39331\/#primaryimage\"},\"image\":{\"@id\":\"https:\/\/www.oknobuild.com\/index.php\/produkt\/airforce-uprava-pro-rekuperaci-atrea-flat-4999913-overeny-39331\/#primaryimage\"},\"thumbnailUrl\":\"https:\/\/www.oknobuild.com\/wp-content\/uploads\/2026\/SK0020692-CZ20260425-092632-0-1777080397-airforce-uprava-pro-rekuperaci-atrea-flat-4999913-928738.jp.webp\",\"datePublished\":\"2026-04-27T04:42:17+00:00\",\"breadcrumb\":{\"@id\":\"https:\/\/www.oknobuild.com\/index.php\/produkt\/airforce-uprava-pro-rekuperaci-atrea-flat-4999913-overeny-39331\/#breadcrumb\"},\"inLanguage\":\"cs\",\"potentialAction\":[{\"@type\":\"ReadAction\",\"target\":[\"https:\/\/www.oknobuild.com\/index.php\/produkt\/airforce-uprava-pro-rekuperaci-atrea-flat-4999913-overeny-39331\/\"]}]},{\"@type\":\"ImageObject\",\"inLanguage\":\"cs\",\"@id\":\"https:\/\/www.oknobuild.com\/index.php\/produkt\/airforce-uprava-pro-rekuperaci-atrea-flat-4999913-overeny-39331\/#primaryimage\",\"url\":\"https:\/\/www.oknobuild.com\/wp-content\/uploads\/2026\/SK0020692-CZ20260425-092632-0-1777080397-airforce-uprava-pro-rekuperaci-atrea-flat-4999913-928738.jp.webp\",\"contentUrl\":\"https:\/\/www.oknobuild.com\/wp-content\/uploads\/2026\/SK0020692-CZ20260425-092632-0-1777080397-airforce-uprava-pro-rekuperaci-atrea-flat-4999913-928738.jp.webp\",\"width\":600,\"height\":600},{\"@type\":\"BreadcrumbList\",\"@id\":\"https:\/\/www.oknobuild.com\/index.php\/produkt\/airforce-uprava-pro-rekuperaci-atrea-flat-4999913-overeny-39331\/#breadcrumb\",\"itemListElement\":[{\"@type\":\"ListItem\",\"position\":1,\"name\":\"Home\",\"item\":\"https:\/\/www.oknobuild.com\/\"},{\"@type\":\"ListItem\",\"position\":2,\"name\":\"Products\",\"item\":\"https:\/\/www.oknobuild.com\/index.php\/products\/\"},{\"@type\":\"ListItem\",\"position\":3,\"name\":\"AirForce \u00faprava pro rekuperaci ATREA Flat &#8211; 4999913 Ov\u011b\u0159en\u00fd\"}]},{\"@type\":\"WebSite\",\"@id\":\"https:\/\/www.oknobuild.com\/#website\",\"url\":\"https:\/\/www.oknobuild.com\/\",\"name\":\"\",\"description\":\"\",\"potentialAction\":[{\"@type\":\"SearchAction\",\"target\":{\"@type\":\"EntryPoint\",\"urlTemplate\":\"https:\/\/www.oknobuild.com\/?s={search_term_string}\"},\"query-input\":{\"@type\":\"PropertyValueSpecification\",\"valueRequired\":true,\"valueName\":\"search_term_string\"}}],\"inLanguage\":\"cs\"}]}<\/script>\n<!-- \/ Yoast SEO plugin. -->","yoast_head_json":{"title":"AirForce \u00faprava pro rekuperaci ATREA Flat - 4999913 Ov\u011b\u0159en\u00fd -","robots":{"index":"index","follow":"follow","max-snippet":"max-snippet:-1","max-image-preview":"max-image-preview:large","max-video-preview":"max-video-preview:-1"},"canonical":"https:\/\/www.oknobuild.com\/index.php\/produkt\/airforce-uprava-pro-rekuperaci-atrea-flat-4999913-overeny-39331\/","og_locale":"cs_CZ","og_type":"article","og_title":"AirForce \u00faprava pro rekuperaci ATREA Flat - 4999913 Ov\u011b\u0159en\u00fd -","og_description":"Popis produktu AirForce \u00faprava pro rekuperaci ATREA Flat &#8211; 4999913 n\u00e1zev: \u00daPRAVA PRO REKUPERACI ATREA FLAT hmotnost: kg v\u00fdrobce: &#8212; FABER jako jedin\u00fd v\u00fdrobce digesto\u0159\u00ed nab\u00edz\u00ed \u0159adu digesto\u0159\u00ed s mo\u017enost\u00ed \u00fapravy pro p\u0159\u00edm\u00e9 napojen\u00ed do rekupera\u010dn\u00edch syst\u00e9m\u016f ATREA. Vyb\u00edrat m\u016f\u017eete z digesto\u0159\u00ed ozna\u010den\u00fdch ikonou REKUPERACE s n\u00edzk\u00fdm motorem. Jde o digesto\u0159e bez motoru, s p\u0159\u00eddavn\u00fdm [&hellip;]","og_url":"https:\/\/www.oknobuild.com\/index.php\/produkt\/airforce-uprava-pro-rekuperaci-atrea-flat-4999913-overeny-39331\/","og_image":[{"width":600,"height":600,"url":"https:\/\/www.oknobuild.com\/wp-content\/uploads\/2026\/SK0020692-CZ20260425-092632-0-1777080397-airforce-uprava-pro-rekuperaci-atrea-flat-4999913-928738.jp.webp","type":"image\/webp"}],"twitter_card":"summary_large_image","twitter_misc":{"Odhadovan\u00e1 doba \u010dten\u00ed":"2 minuty"},"schema":{"@context":"https:\/\/schema.org","@graph":[{"@type":"WebPage","@id":"https:\/\/www.oknobuild.com\/index.php\/produkt\/airforce-uprava-pro-rekuperaci-atrea-flat-4999913-overeny-39331\/","url":"https:\/\/www.oknobuild.com\/index.php\/produkt\/airforce-uprava-pro-rekuperaci-atrea-flat-4999913-overeny-39331\/","name":"AirForce \u00faprava pro rekuperaci ATREA Flat - 4999913 Ov\u011b\u0159en\u00fd -","isPartOf":{"@id":"https:\/\/www.oknobuild.com\/#website"},"primaryImageOfPage":{"@id":"https:\/\/www.oknobuild.com\/index.php\/produkt\/airforce-uprava-pro-rekuperaci-atrea-flat-4999913-overeny-39331\/#primaryimage"},"image":{"@id":"https:\/\/www.oknobuild.com\/index.php\/produkt\/airforce-uprava-pro-rekuperaci-atrea-flat-4999913-overeny-39331\/#primaryimage"},"thumbnailUrl":"https:\/\/www.oknobuild.com\/wp-content\/uploads\/2026\/SK0020692-CZ20260425-092632-0-1777080397-airforce-uprava-pro-rekuperaci-atrea-flat-4999913-928738.jp.webp","datePublished":"2026-04-27T04:42:17+00:00","breadcrumb":{"@id":"https:\/\/www.oknobuild.com\/index.php\/produkt\/airforce-uprava-pro-rekuperaci-atrea-flat-4999913-overeny-39331\/#breadcrumb"},"inLanguage":"cs","potentialAction":[{"@type":"ReadAction","target":["https:\/\/www.oknobuild.com\/index.php\/produkt\/airforce-uprava-pro-rekuperaci-atrea-flat-4999913-overeny-39331\/"]}]},{"@type":"ImageObject","inLanguage":"cs","@id":"https:\/\/www.oknobuild.com\/index.php\/produkt\/airforce-uprava-pro-rekuperaci-atrea-flat-4999913-overeny-39331\/#primaryimage","url":"https:\/\/www.oknobuild.com\/wp-content\/uploads\/2026\/SK0020692-CZ20260425-092632-0-1777080397-airforce-uprava-pro-rekuperaci-atrea-flat-4999913-928738.jp.webp","contentUrl":"https:\/\/www.oknobuild.com\/wp-content\/uploads\/2026\/SK0020692-CZ20260425-092632-0-1777080397-airforce-uprava-pro-rekuperaci-atrea-flat-4999913-928738.jp.webp","width":600,"height":600},{"@type":"BreadcrumbList","@id":"https:\/\/www.oknobuild.com\/index.php\/produkt\/airforce-uprava-pro-rekuperaci-atrea-flat-4999913-overeny-39331\/#breadcrumb","itemListElement":[{"@type":"ListItem","position":1,"name":"Home","item":"https:\/\/www.oknobuild.com\/"},{"@type":"ListItem","position":2,"name":"Products","item":"https:\/\/www.oknobuild.com\/index.php\/products\/"},{"@type":"ListItem","position":3,"name":"AirForce \u00faprava pro rekuperaci ATREA Flat &#8211; 4999913 Ov\u011b\u0159en\u00fd"}]},{"@type":"WebSite","@id":"https:\/\/www.oknobuild.com\/#website","url":"https:\/\/www.oknobuild.com\/","name":"","description":"","potentialAction":[{"@type":"SearchAction","target":{"@type":"EntryPoint","urlTemplate":"https:\/\/www.oknobuild.com\/?s={search_term_string}"},"query-input":{"@type":"PropertyValueSpecification","valueRequired":true,"valueName":"search_term_string"}}],"inLanguage":"cs"}]}},"_links":{"self":[{"href":"https:\/\/www.oknobuild.com\/index.php\/wp-json\/wp\/v2\/product\/39331","targetHints":{"allow":["GET"]}}],"collection":[{"href":"https:\/\/www.oknobuild.com\/index.php\/wp-json\/wp\/v2\/product"}],"about":[{"href":"https:\/\/www.oknobuild.com\/index.php\/wp-json\/wp\/v2\/types\/product"}],"replies":[{"embeddable":true,"href":"https:\/\/www.oknobuild.com\/index.php\/wp-json\/wp\/v2\/comments?post=39331"}],"wp:featuredmedia":[{"embeddable":true,"href":"https:\/\/www.oknobuild.com\/index.php\/wp-json\/wp\/v2\/media\/39431"}],"wp:attachment":[{"href":"https:\/\/www.oknobuild.com\/index.php\/wp-json\/wp\/v2\/media?parent=39331"}],"wp:term":[{"taxonomy":"product_brand","embeddable":true,"href":"https:\/\/www.oknobuild.com\/index.php\/wp-json\/wp\/v2\/product_brand?post=39331"},{"taxonomy":"product_cat","embeddable":true,"href":"https:\/\/www.oknobuild.com\/index.php\/wp-json\/wp\/v2\/product_cat?post=39331"},{"taxonomy":"product_tag","embeddable":true,"href":"https:\/\/www.oknobuild.com\/index.php\/wp-json\/wp\/v2\/product_tag?post=39331"}],"curies":[{"name":"wp","href":"https:\/\/api.w.org\/{rel}","templated":true}]}}