{"id":39341,"date":"2026-04-27T04:42:17","date_gmt":"2026-04-27T04:42:17","guid":{"rendered":""},"modified":"2026-04-27T04:42:17","modified_gmt":"2026-04-27T04:42:17","slug":"airforce-tlumic-hluku-do-potrubi-o150mm-delka-600mm-5316-nejlepsi-volba-39341","status":"publish","type":"product","link":"https:\/\/www.oknobuild.com\/index.php\/produkt\/airforce-tlumic-hluku-do-potrubi-o150mm-delka-600mm-5316-nejlepsi-volba-39341\/","title":{"rendered":"AirForce Tlumi\u010d hluku do potrub\u00ed \u00d8150mm, d\u00e9lka 600mm &#8211; 5316 Nejlep\u0161\u00ed Volba"},"content":{"rendered":"<div class=\"ProductDetail-content NoFixImageContainer\" id=\"productDescription\">\n<div class=\"Heading\">\n<h2 class=\"Heading-title\">Popis produktu <span class=''>AirForce Tlumi\u010d hluku do potrub\u00ed \u00d8150mm, d\u00e9lka 600mm &#8211; 5316<\/span><\/h2>\n<\/p><\/div>\n<div class=\"ProductDetailContent\">                                                                    <\/div>\n<div class=\"ProductDetailContent\">\n<div class=\"ProductDetailContent-item\">\n<ul>\n<li>n\u00e1zev: <strong>Tlumi\u010d hluku 150\/600 mm<\/strong><\/li>\n<li>hmotnost: <strong>3.0 kg<\/strong><\/li>\n<li>v\u00fdrobce: <strong>&#8212;<\/strong><\/li>\n<\/ul>\n<p>Tlumi\u010de hluku jsou pou\u017e\u00edv\u00e1ny pro zvukovou izolaci v\u011btr\u00e1n\u00ed. Tlumi\u010de jsou schopny sn\u00ed\u017eit hladinu hluku o 20 dB. Je nutn\u00e9 chr\u00e1nit tlumi\u010d proti vniknut\u00ed mo\u017en\u00e9ho kondenz\u00e1tu nap\u0159. kondenza\u010dn\u00ed j\u00edmkou um\u00edst\u011bnou p\u0159ed tlumi\u010dem. Mohou b\u00fdt namontov\u00e1ny v jak\u00e9koli poloze, upevn\u011bn\u00ed je na konc\u00edch. Jsou ur\u010deny pro teploty od -30 do +100 \u00b0 C.<br \/>Tlumi\u010d je vyroben z pozinkovan\u00e9 oceli a napln\u011bn zvukov\u00fdm izola\u010dn\u00edm materi\u00e1lem odoln\u00fdm proti ohni. Je vybaven perforovan\u00fdm krytem, kter\u00fd chr\u00e1n\u00ed p\u0159ed vyfukov\u00e1n\u00edm vl\u00e1ken. Vnit\u0159n\u00ed plocha pl\u00e1\u0161t\u011b je perforovan\u00e1. Tlumi\u010de hluku jsou vybaveny hrdly pr\u016fm\u011bru 150 mm s gumov\u00fdm t\u011bsn\u011bn\u00edm pro vzduchot\u011bsn\u00e9 p\u0159ipojen\u00ed k odtahov\u00e9mu potrub\u00ed.<\/p>\n<\/p><\/div>\n<\/p><\/div>\n<\/p><\/div>\n<\/p><\/div>\n<\/p><\/div>\n","protected":false},"excerpt":{"rendered":"<p>Popis produktu AirForce Tlumi\u010d hluku do potrub\u00ed \u00d8150mm, d\u00e9lka 600mm &#8211; 5316 n\u00e1zev: Tlumi\u010d hluku 150\/600 mm hmotnost: 3.0 kg v\u00fdrobce: &#8212; Tlumi\u010de hluku jsou pou\u017e\u00edv\u00e1ny pro zvukovou izolaci v\u011btr\u00e1n\u00ed. Tlumi\u010de jsou schopny sn\u00ed\u017eit hladinu hluku o 20 dB. Je nutn\u00e9 chr\u00e1nit tlumi\u010d proti vniknut\u00ed mo\u017en\u00e9ho kondenz\u00e1tu nap\u0159. kondenza\u010dn\u00ed j\u00edmkou um\u00edst\u011bnou p\u0159ed tlumi\u010dem. Mohou b\u00fdt [&hellip;]<\/p>\n","protected":false},"featured_media":39441,"comment_status":"open","ping_status":"open","template":"","meta":[],"product_brand":[],"product_cat":[70],"product_tag":[],"class_list":{"0":"post-39341","1":"product","2":"type-product","3":"status-publish","4":"has-post-thumbnail","6":"product_cat-rekuperace-vzduchu-a-vody-vetrani","8":"first","9":"instock","10":"sale","11":"shipping-taxable","12":"purchasable","13":"product-type-simple"},"yoast_head":"<!-- This site is optimized with the Yoast SEO plugin v26.8 - https:\/\/yoast.com\/product\/yoast-seo-wordpress\/ -->\n<title>AirForce Tlumi\u010d hluku do potrub\u00ed \u00d8150mm, d\u00e9lka 600mm - 5316 Nejlep\u0161\u00ed Volba -<\/title>\n<meta name=\"robots\" content=\"index, follow, max-snippet:-1, max-image-preview:large, max-video-preview:-1\" \/>\n<link rel=\"canonical\" href=\"https:\/\/www.oknobuild.com\/index.php\/produkt\/airforce-tlumic-hluku-do-potrubi-o150mm-delka-600mm-5316-nejlepsi-volba-39341\/\" \/>\n<meta property=\"og:locale\" content=\"cs_CZ\" \/>\n<meta property=\"og:type\" content=\"article\" \/>\n<meta property=\"og:title\" content=\"AirForce Tlumi\u010d hluku do potrub\u00ed \u00d8150mm, d\u00e9lka 600mm - 5316 Nejlep\u0161\u00ed Volba -\" \/>\n<meta property=\"og:description\" content=\"Popis produktu AirForce Tlumi\u010d hluku do potrub\u00ed \u00d8150mm, d\u00e9lka 600mm &#8211; 5316 n\u00e1zev: Tlumi\u010d hluku 150\/600 mm hmotnost: 3.0 kg v\u00fdrobce: &#8212; Tlumi\u010de hluku jsou pou\u017e\u00edv\u00e1ny pro zvukovou izolaci v\u011btr\u00e1n\u00ed. Tlumi\u010de jsou schopny sn\u00ed\u017eit hladinu hluku o 20 dB. Je nutn\u00e9 chr\u00e1nit tlumi\u010d proti vniknut\u00ed mo\u017en\u00e9ho kondenz\u00e1tu nap\u0159. kondenza\u010dn\u00ed j\u00edmkou um\u00edst\u011bnou p\u0159ed tlumi\u010dem. Mohou b\u00fdt [&hellip;]\" \/>\n<meta property=\"og:url\" content=\"https:\/\/www.oknobuild.com\/index.php\/produkt\/airforce-tlumic-hluku-do-potrubi-o150mm-delka-600mm-5316-nejlepsi-volba-39341\/\" \/>\n<meta property=\"og:image\" content=\"https:\/\/www.oknobuild.com\/wp-content\/uploads\/2026\/SK0020706-CZ20260425-092632-0-1777080397-airforce-tlumic-hluku-do-potrubi-150mm-delka-600mm-5316-928.webp\" \/>\n\t<meta property=\"og:image:width\" content=\"600\" \/>\n\t<meta property=\"og:image:height\" content=\"480\" \/>\n\t<meta property=\"og:image:type\" content=\"image\/webp\" \/>\n<meta name=\"twitter:card\" content=\"summary_large_image\" \/>\n<meta name=\"twitter:label1\" content=\"Odhadovan\u00e1 doba \u010dten\u00ed\" \/>\n\t<meta name=\"twitter:data1\" content=\"1 minuta\" \/>\n<script type=\"application\/ld+json\" class=\"yoast-schema-graph\">{\"@context\":\"https:\/\/schema.org\",\"@graph\":[{\"@type\":\"WebPage\",\"@id\":\"https:\/\/www.oknobuild.com\/index.php\/produkt\/airforce-tlumic-hluku-do-potrubi-o150mm-delka-600mm-5316-nejlepsi-volba-39341\/\",\"url\":\"https:\/\/www.oknobuild.com\/index.php\/produkt\/airforce-tlumic-hluku-do-potrubi-o150mm-delka-600mm-5316-nejlepsi-volba-39341\/\",\"name\":\"AirForce Tlumi\u010d hluku do potrub\u00ed \u00d8150mm, d\u00e9lka 600mm - 5316 Nejlep\u0161\u00ed Volba -\",\"isPartOf\":{\"@id\":\"https:\/\/www.oknobuild.com\/#website\"},\"primaryImageOfPage\":{\"@id\":\"https:\/\/www.oknobuild.com\/index.php\/produkt\/airforce-tlumic-hluku-do-potrubi-o150mm-delka-600mm-5316-nejlepsi-volba-39341\/#primaryimage\"},\"image\":{\"@id\":\"https:\/\/www.oknobuild.com\/index.php\/produkt\/airforce-tlumic-hluku-do-potrubi-o150mm-delka-600mm-5316-nejlepsi-volba-39341\/#primaryimage\"},\"thumbnailUrl\":\"https:\/\/www.oknobuild.com\/wp-content\/uploads\/2026\/SK0020706-CZ20260425-092632-0-1777080397-airforce-tlumic-hluku-do-potrubi-150mm-delka-600mm-5316-928.webp\",\"datePublished\":\"2026-04-27T04:42:17+00:00\",\"breadcrumb\":{\"@id\":\"https:\/\/www.oknobuild.com\/index.php\/produkt\/airforce-tlumic-hluku-do-potrubi-o150mm-delka-600mm-5316-nejlepsi-volba-39341\/#breadcrumb\"},\"inLanguage\":\"cs\",\"potentialAction\":[{\"@type\":\"ReadAction\",\"target\":[\"https:\/\/www.oknobuild.com\/index.php\/produkt\/airforce-tlumic-hluku-do-potrubi-o150mm-delka-600mm-5316-nejlepsi-volba-39341\/\"]}]},{\"@type\":\"ImageObject\",\"inLanguage\":\"cs\",\"@id\":\"https:\/\/www.oknobuild.com\/index.php\/produkt\/airforce-tlumic-hluku-do-potrubi-o150mm-delka-600mm-5316-nejlepsi-volba-39341\/#primaryimage\",\"url\":\"https:\/\/www.oknobuild.com\/wp-content\/uploads\/2026\/SK0020706-CZ20260425-092632-0-1777080397-airforce-tlumic-hluku-do-potrubi-150mm-delka-600mm-5316-928.webp\",\"contentUrl\":\"https:\/\/www.oknobuild.com\/wp-content\/uploads\/2026\/SK0020706-CZ20260425-092632-0-1777080397-airforce-tlumic-hluku-do-potrubi-150mm-delka-600mm-5316-928.webp\",\"width\":600,\"height\":480},{\"@type\":\"BreadcrumbList\",\"@id\":\"https:\/\/www.oknobuild.com\/index.php\/produkt\/airforce-tlumic-hluku-do-potrubi-o150mm-delka-600mm-5316-nejlepsi-volba-39341\/#breadcrumb\",\"itemListElement\":[{\"@type\":\"ListItem\",\"position\":1,\"name\":\"Home\",\"item\":\"https:\/\/www.oknobuild.com\/\"},{\"@type\":\"ListItem\",\"position\":2,\"name\":\"Products\",\"item\":\"https:\/\/www.oknobuild.com\/index.php\/products\/\"},{\"@type\":\"ListItem\",\"position\":3,\"name\":\"AirForce Tlumi\u010d hluku do potrub\u00ed \u00d8150mm, d\u00e9lka 600mm &#8211; 5316 Nejlep\u0161\u00ed Volba\"}]},{\"@type\":\"WebSite\",\"@id\":\"https:\/\/www.oknobuild.com\/#website\",\"url\":\"https:\/\/www.oknobuild.com\/\",\"name\":\"\",\"description\":\"\",\"potentialAction\":[{\"@type\":\"SearchAction\",\"target\":{\"@type\":\"EntryPoint\",\"urlTemplate\":\"https:\/\/www.oknobuild.com\/?s={search_term_string}\"},\"query-input\":{\"@type\":\"PropertyValueSpecification\",\"valueRequired\":true,\"valueName\":\"search_term_string\"}}],\"inLanguage\":\"cs\"}]}<\/script>\n<!-- \/ Yoast SEO plugin. -->","yoast_head_json":{"title":"AirForce Tlumi\u010d hluku do potrub\u00ed \u00d8150mm, d\u00e9lka 600mm - 5316 Nejlep\u0161\u00ed Volba -","robots":{"index":"index","follow":"follow","max-snippet":"max-snippet:-1","max-image-preview":"max-image-preview:large","max-video-preview":"max-video-preview:-1"},"canonical":"https:\/\/www.oknobuild.com\/index.php\/produkt\/airforce-tlumic-hluku-do-potrubi-o150mm-delka-600mm-5316-nejlepsi-volba-39341\/","og_locale":"cs_CZ","og_type":"article","og_title":"AirForce Tlumi\u010d hluku do potrub\u00ed \u00d8150mm, d\u00e9lka 600mm - 5316 Nejlep\u0161\u00ed Volba -","og_description":"Popis produktu AirForce Tlumi\u010d hluku do potrub\u00ed \u00d8150mm, d\u00e9lka 600mm &#8211; 5316 n\u00e1zev: Tlumi\u010d hluku 150\/600 mm hmotnost: 3.0 kg v\u00fdrobce: &#8212; Tlumi\u010de hluku jsou pou\u017e\u00edv\u00e1ny pro zvukovou izolaci v\u011btr\u00e1n\u00ed. Tlumi\u010de jsou schopny sn\u00ed\u017eit hladinu hluku o 20 dB. Je nutn\u00e9 chr\u00e1nit tlumi\u010d proti vniknut\u00ed mo\u017en\u00e9ho kondenz\u00e1tu nap\u0159. kondenza\u010dn\u00ed j\u00edmkou um\u00edst\u011bnou p\u0159ed tlumi\u010dem. Mohou b\u00fdt [&hellip;]","og_url":"https:\/\/www.oknobuild.com\/index.php\/produkt\/airforce-tlumic-hluku-do-potrubi-o150mm-delka-600mm-5316-nejlepsi-volba-39341\/","og_image":[{"width":600,"height":480,"url":"https:\/\/www.oknobuild.com\/wp-content\/uploads\/2026\/SK0020706-CZ20260425-092632-0-1777080397-airforce-tlumic-hluku-do-potrubi-150mm-delka-600mm-5316-928.webp","type":"image\/webp"}],"twitter_card":"summary_large_image","twitter_misc":{"Odhadovan\u00e1 doba \u010dten\u00ed":"1 minuta"},"schema":{"@context":"https:\/\/schema.org","@graph":[{"@type":"WebPage","@id":"https:\/\/www.oknobuild.com\/index.php\/produkt\/airforce-tlumic-hluku-do-potrubi-o150mm-delka-600mm-5316-nejlepsi-volba-39341\/","url":"https:\/\/www.oknobuild.com\/index.php\/produkt\/airforce-tlumic-hluku-do-potrubi-o150mm-delka-600mm-5316-nejlepsi-volba-39341\/","name":"AirForce Tlumi\u010d hluku do potrub\u00ed \u00d8150mm, d\u00e9lka 600mm - 5316 Nejlep\u0161\u00ed Volba -","isPartOf":{"@id":"https:\/\/www.oknobuild.com\/#website"},"primaryImageOfPage":{"@id":"https:\/\/www.oknobuild.com\/index.php\/produkt\/airforce-tlumic-hluku-do-potrubi-o150mm-delka-600mm-5316-nejlepsi-volba-39341\/#primaryimage"},"image":{"@id":"https:\/\/www.oknobuild.com\/index.php\/produkt\/airforce-tlumic-hluku-do-potrubi-o150mm-delka-600mm-5316-nejlepsi-volba-39341\/#primaryimage"},"thumbnailUrl":"https:\/\/www.oknobuild.com\/wp-content\/uploads\/2026\/SK0020706-CZ20260425-092632-0-1777080397-airforce-tlumic-hluku-do-potrubi-150mm-delka-600mm-5316-928.webp","datePublished":"2026-04-27T04:42:17+00:00","breadcrumb":{"@id":"https:\/\/www.oknobuild.com\/index.php\/produkt\/airforce-tlumic-hluku-do-potrubi-o150mm-delka-600mm-5316-nejlepsi-volba-39341\/#breadcrumb"},"inLanguage":"cs","potentialAction":[{"@type":"ReadAction","target":["https:\/\/www.oknobuild.com\/index.php\/produkt\/airforce-tlumic-hluku-do-potrubi-o150mm-delka-600mm-5316-nejlepsi-volba-39341\/"]}]},{"@type":"ImageObject","inLanguage":"cs","@id":"https:\/\/www.oknobuild.com\/index.php\/produkt\/airforce-tlumic-hluku-do-potrubi-o150mm-delka-600mm-5316-nejlepsi-volba-39341\/#primaryimage","url":"https:\/\/www.oknobuild.com\/wp-content\/uploads\/2026\/SK0020706-CZ20260425-092632-0-1777080397-airforce-tlumic-hluku-do-potrubi-150mm-delka-600mm-5316-928.webp","contentUrl":"https:\/\/www.oknobuild.com\/wp-content\/uploads\/2026\/SK0020706-CZ20260425-092632-0-1777080397-airforce-tlumic-hluku-do-potrubi-150mm-delka-600mm-5316-928.webp","width":600,"height":480},{"@type":"BreadcrumbList","@id":"https:\/\/www.oknobuild.com\/index.php\/produkt\/airforce-tlumic-hluku-do-potrubi-o150mm-delka-600mm-5316-nejlepsi-volba-39341\/#breadcrumb","itemListElement":[{"@type":"ListItem","position":1,"name":"Home","item":"https:\/\/www.oknobuild.com\/"},{"@type":"ListItem","position":2,"name":"Products","item":"https:\/\/www.oknobuild.com\/index.php\/products\/"},{"@type":"ListItem","position":3,"name":"AirForce Tlumi\u010d hluku do potrub\u00ed \u00d8150mm, d\u00e9lka 600mm &#8211; 5316 Nejlep\u0161\u00ed Volba"}]},{"@type":"WebSite","@id":"https:\/\/www.oknobuild.com\/#website","url":"https:\/\/www.oknobuild.com\/","name":"","description":"","potentialAction":[{"@type":"SearchAction","target":{"@type":"EntryPoint","urlTemplate":"https:\/\/www.oknobuild.com\/?s={search_term_string}"},"query-input":{"@type":"PropertyValueSpecification","valueRequired":true,"valueName":"search_term_string"}}],"inLanguage":"cs"}]}},"_links":{"self":[{"href":"https:\/\/www.oknobuild.com\/index.php\/wp-json\/wp\/v2\/product\/39341","targetHints":{"allow":["GET"]}}],"collection":[{"href":"https:\/\/www.oknobuild.com\/index.php\/wp-json\/wp\/v2\/product"}],"about":[{"href":"https:\/\/www.oknobuild.com\/index.php\/wp-json\/wp\/v2\/types\/product"}],"replies":[{"embeddable":true,"href":"https:\/\/www.oknobuild.com\/index.php\/wp-json\/wp\/v2\/comments?post=39341"}],"wp:featuredmedia":[{"embeddable":true,"href":"https:\/\/www.oknobuild.com\/index.php\/wp-json\/wp\/v2\/media\/39441"}],"wp:attachment":[{"href":"https:\/\/www.oknobuild.com\/index.php\/wp-json\/wp\/v2\/media?parent=39341"}],"wp:term":[{"taxonomy":"product_brand","embeddable":true,"href":"https:\/\/www.oknobuild.com\/index.php\/wp-json\/wp\/v2\/product_brand?post=39341"},{"taxonomy":"product_cat","embeddable":true,"href":"https:\/\/www.oknobuild.com\/index.php\/wp-json\/wp\/v2\/product_cat?post=39341"},{"taxonomy":"product_tag","embeddable":true,"href":"https:\/\/www.oknobuild.com\/index.php\/wp-json\/wp\/v2\/product_tag?post=39341"}],"curies":[{"name":"wp","href":"https:\/\/api.w.org\/{rel}","templated":true}]}}