{"id":3935,"date":"2026-04-27T04:40:44","date_gmt":"2026-04-27T04:40:44","guid":{"rendered":""},"modified":"2026-04-27T04:40:44","modified_gmt":"2026-04-27T04:40:44","slug":"zlevneny-scobax-solid-air-branka-1-2-m-ral-8019-tmave-hneda-3935","status":"publish","type":"product","link":"https:\/\/www.oknobuild.com\/index.php\/produkt\/zlevneny-scobax-solid-air-branka-1-2-m-ral-8019-tmave-hneda-3935\/","title":{"rendered":"Zlevn\u011bn\u00fd Scobax Solid Air branka 1,2 m RAL 8019 | tmav\u011b hn\u011bd\u00e1"},"content":{"rendered":"<div class=\"detail-description__right\">\n<div class=\"parameters\">\n<div class=\"table table--simple\">\n<table>\n<tbody>\n<tr>\n<td colspan=\"2\">\n<h4>Vlastnosti<\/h4>\n<\/td>\n<\/tr>\n<tr>\n<td>\u0160\u00ed\u0159ka<\/td>\n<td>1000 mm<\/td>\n<\/tr>\n<tr>\n<td>V\u00fd\u0161ka<\/td>\n<td>1200\u20131700 mm<\/td>\n<\/tr>\n<tr>\n<td>Materi\u00e1l<\/td>\n<td>ocel<\/td>\n<\/tr>\n<tr>\n<td colspan=\"2\">\n<h4>Parametry<\/h4>\n<\/td>\n<\/tr>\n<tr>\n<td>Z\u00e1ruka<\/td>\n<td>24 m\u011bs\u00edc\u016f<\/td>\n<\/tr>\n<tr>\n<td>Zna\u010dka<\/td>\n<td>Scobax<\/td>\n<\/tr>\n<\/tbody>\n<\/table><\/div>\n<\/div><\/div>\n<div class=\"detail-description__top\">\t\t\t\t<\/div>\n<div class=\"detail-description__left\">\n<div class=\"detail-description__left__overflow\">\n<div class=\"detail-description__left__head\">\t\t\t\t\t\tPopis:\t\t\t\t\t<\/div>\n<div class=\"ul-style ul-style--check\">\n<p>Robustn\u00ed\u00a0<strong>r\u00e1m z pozinkovan\u00e9 oceli\u00a0<\/strong>s pr\u00e1\u0161kov\u00fdm lakem zaji\u0161\u0165uje dlouhou \u017eivotnost a vysokou odolnost v\u016f\u010di pov\u011btrnostn\u00edm vliv\u016fm i korozi. Branka se dod\u00e1v\u00e1 jako kompletn\u00ed sada v\u010detn\u011b pant\u016f, z\u00e1mku a klik, tak\u017ee je p\u0159ipravena k okam\u017eit\u00e9 mont\u00e1\u017ei.<\/p>\n<ul class=\"plusminus\">\n<li><i class=\"fas fa-check\"><\/i><span>V\u010detn\u011b pant\u016f, kliky a z\u00e1mku<\/span><\/li>\n<li><i class=\"fas fa-check\"><\/i><span>R\u00e1m z pozinkovan\u00e9 oceli<\/span><\/li>\n<li><i class=\"fas fa-check\"><\/i><span>Kvalitn\u00ed pr\u00e1\u0161kov\u00e9 lakov\u00e1n\u00ed<\/span><\/li>\n<\/ul>\n<p>Branka je\u00a0dostupn\u00e1 ve t\u0159ech v\u00fd\u0161kov\u00fdch variant\u00e1ch, odst\u00ednech antracit (RAL 7016) nebo tmav\u011b hn\u011bd\u00e1 (RAL 8019). Pro spr\u00e1vnou stabilitu a bezprobl\u00e9mov\u00e9 fungov\u00e1n\u00ed doporu\u010dujeme dokoupit sloupky o rozm\u011bru 80 \u00d7 80 mm, kter\u00e9 nejsou sou\u010d\u00e1st\u00ed tohoto produktu.<\/p>\n<p>P\u0159i instalaci branky je nutn\u00e9, aby vzd\u00e1lenost mezi sloupky byla o\u00a012 cm v\u011bt\u0161\u00ed ne\u017e \u0161\u00ed\u0159ka samotn\u00e9 br\u00e1ny. Pro br\u00e1nu o \u0161\u00ed\u0159ce 100 cm mus\u00ed b\u00fdt mezera mezi sloupky\u00a0112 cm. Tento p\u0159esah je nezbytn\u00fd pro spr\u00e1vnou funkci a mont\u00e1\u017e br\u00e1ny.<\/p>\n<\/div>\n<div class=\"detail-description__left__more\">\t\t\t\t\t\t<span> <\/span><span> <\/span>\t\t\t\t\t<\/div>\n<\/p><\/div>\n<\/p><\/div>\n<div class=\"detail-description__more\"><span> <\/span><span> <\/span><\/div>\n<\/p><\/div>\n<\/p><\/div>\n<div class=\"tab tab-detail-7\">\n<div class=\"table-size-classic  table-size--selectable\">\n<table>\n<thead>\n<tr>\n<th data-product-code=\"[&quot;K\u00f3d&quot;]\"><span class=\"selected\">Vybr\u00e1no<\/span><span><\/span><\/th>\n<th data-product-code=\"[&quot;TS039&quot;,&quot;TS043&quot;]\"><span class=\"selected\">Vybr\u00e1no<\/span><span>1,2 m<\/span><\/th>\n<th data-product-code=\"[&quot;TS047&quot;,&quot;TS040&quot;]\"><span class=\"selected\">Vybr\u00e1no<\/span><span>1,5 m<\/span><\/th>\n<th data-product-code=\"[&quot;TS044&quot;,&quot;TS048&quot;]\"><span class=\"selected\">Vybr\u00e1no<\/span><span>1,7 m<\/span><\/th>\n<\/tr>\n<\/thead>\n<tbody>\n<tr class=\"space\">\n<td><\/td>\n<td><\/td>\n<td><\/td>\n<td><\/td>\n<\/tr>\n<tr>\n<td><strong>\u0160\u00ed\u0159ka<\/strong><\/td>\n<td>1000 mm<\/td>\n<td>1000 mm<\/td>\n<td>1000 mm<\/td>\n<\/tr>\n<tr>\n<td><strong>V\u00fd\u0161ka<\/strong><\/td>\n<td>1200 mm<\/td>\n<td>1500 mm<\/td>\n<td>1700 mm<\/td>\n<\/tr>\n<\/tbody>\n<\/table>\n<\/div><\/div>\n","protected":false},"excerpt":{"rendered":"<p>Vlastnosti \u0160\u00ed\u0159ka 1000 mm V\u00fd\u0161ka 1200\u20131700 mm Materi\u00e1l ocel Parametry Z\u00e1ruka 24 m\u011bs\u00edc\u016f Zna\u010dka Scobax Popis: Robustn\u00ed\u00a0r\u00e1m z pozinkovan\u00e9 oceli\u00a0s pr\u00e1\u0161kov\u00fdm lakem zaji\u0161\u0165uje dlouhou \u017eivotnost a vysokou odolnost v\u016f\u010di pov\u011btrnostn\u00edm vliv\u016fm i korozi. Branka se dod\u00e1v\u00e1 jako kompletn\u00ed sada v\u010detn\u011b pant\u016f, z\u00e1mku a klik, tak\u017ee je p\u0159ipravena k okam\u017eit\u00e9 mont\u00e1\u017ei. V\u010detn\u011b pant\u016f, kliky a z\u00e1mku [&hellip;]<\/p>\n","protected":false},"featured_media":4035,"comment_status":"open","ping_status":"open","template":"","meta":[],"product_brand":[],"product_cat":[33],"product_tag":[],"class_list":{"0":"post-3935","1":"product","2":"type-product","3":"status-publish","4":"has-post-thumbnail","6":"product_cat-zahrada","8":"first","9":"instock","10":"sale","11":"shipping-taxable","12":"purchasable","13":"product-type-simple"},"yoast_head":"<!-- This site is optimized with the Yoast SEO plugin v26.8 - https:\/\/yoast.com\/product\/yoast-seo-wordpress\/ -->\n<title>Zlevn\u011bn\u00fd Scobax Solid Air branka 1,2 m RAL 8019 | tmav\u011b hn\u011bd\u00e1 -<\/title>\n<meta name=\"robots\" content=\"index, follow, max-snippet:-1, max-image-preview:large, max-video-preview:-1\" \/>\n<link rel=\"canonical\" href=\"https:\/\/www.oknobuild.com\/index.php\/produkt\/zlevneny-scobax-solid-air-branka-1-2-m-ral-8019-tmave-hneda-3935\/\" \/>\n<meta property=\"og:locale\" content=\"cs_CZ\" \/>\n<meta property=\"og:type\" content=\"article\" \/>\n<meta property=\"og:title\" content=\"Zlevn\u011bn\u00fd Scobax Solid Air branka 1,2 m RAL 8019 | tmav\u011b hn\u011bd\u00e1 -\" \/>\n<meta property=\"og:description\" content=\"Vlastnosti \u0160\u00ed\u0159ka 1000 mm V\u00fd\u0161ka 1200\u20131700 mm Materi\u00e1l ocel Parametry Z\u00e1ruka 24 m\u011bs\u00edc\u016f Zna\u010dka Scobax Popis: Robustn\u00ed\u00a0r\u00e1m z pozinkovan\u00e9 oceli\u00a0s pr\u00e1\u0161kov\u00fdm lakem zaji\u0161\u0165uje dlouhou \u017eivotnost a vysokou odolnost v\u016f\u010di pov\u011btrnostn\u00edm vliv\u016fm i korozi. Branka se dod\u00e1v\u00e1 jako kompletn\u00ed sada v\u010detn\u011b pant\u016f, z\u00e1mku a klik, tak\u017ee je p\u0159ipravena k okam\u017eit\u00e9 mont\u00e1\u017ei. V\u010detn\u011b pant\u016f, kliky a z\u00e1mku [&hellip;]\" \/>\n<meta property=\"og:url\" content=\"https:\/\/www.oknobuild.com\/index.php\/produkt\/zlevneny-scobax-solid-air-branka-1-2-m-ral-8019-tmave-hneda-3935\/\" \/>\n<meta property=\"og:image\" content=\"https:\/\/www.oknobuild.com\/wp-content\/uploads\/2026\/SK0022652-CZ20260425-091936-0-1777079982-branka-plotoveho-systemu-scobax-solid-air-branka-1-2-m-ral-.webp\" \/>\n\t<meta property=\"og:image:width\" content=\"1000\" \/>\n\t<meta property=\"og:image:height\" content=\"523\" \/>\n\t<meta property=\"og:image:type\" content=\"image\/webp\" \/>\n<meta name=\"twitter:card\" content=\"summary_large_image\" \/>\n<meta name=\"twitter:label1\" content=\"Odhadovan\u00e1 doba \u010dten\u00ed\" \/>\n\t<meta name=\"twitter:data1\" content=\"1 minuta\" \/>\n<script type=\"application\/ld+json\" class=\"yoast-schema-graph\">{\"@context\":\"https:\/\/schema.org\",\"@graph\":[{\"@type\":\"WebPage\",\"@id\":\"https:\/\/www.oknobuild.com\/index.php\/produkt\/zlevneny-scobax-solid-air-branka-1-2-m-ral-8019-tmave-hneda-3935\/\",\"url\":\"https:\/\/www.oknobuild.com\/index.php\/produkt\/zlevneny-scobax-solid-air-branka-1-2-m-ral-8019-tmave-hneda-3935\/\",\"name\":\"Zlevn\u011bn\u00fd Scobax Solid Air branka 1,2 m RAL 8019 | tmav\u011b hn\u011bd\u00e1 -\",\"isPartOf\":{\"@id\":\"https:\/\/www.oknobuild.com\/#website\"},\"primaryImageOfPage\":{\"@id\":\"https:\/\/www.oknobuild.com\/index.php\/produkt\/zlevneny-scobax-solid-air-branka-1-2-m-ral-8019-tmave-hneda-3935\/#primaryimage\"},\"image\":{\"@id\":\"https:\/\/www.oknobuild.com\/index.php\/produkt\/zlevneny-scobax-solid-air-branka-1-2-m-ral-8019-tmave-hneda-3935\/#primaryimage\"},\"thumbnailUrl\":\"https:\/\/www.oknobuild.com\/wp-content\/uploads\/2026\/SK0022652-CZ20260425-091936-0-1777079982-branka-plotoveho-systemu-scobax-solid-air-branka-1-2-m-ral-.webp\",\"datePublished\":\"2026-04-27T04:40:44+00:00\",\"breadcrumb\":{\"@id\":\"https:\/\/www.oknobuild.com\/index.php\/produkt\/zlevneny-scobax-solid-air-branka-1-2-m-ral-8019-tmave-hneda-3935\/#breadcrumb\"},\"inLanguage\":\"cs\",\"potentialAction\":[{\"@type\":\"ReadAction\",\"target\":[\"https:\/\/www.oknobuild.com\/index.php\/produkt\/zlevneny-scobax-solid-air-branka-1-2-m-ral-8019-tmave-hneda-3935\/\"]}]},{\"@type\":\"ImageObject\",\"inLanguage\":\"cs\",\"@id\":\"https:\/\/www.oknobuild.com\/index.php\/produkt\/zlevneny-scobax-solid-air-branka-1-2-m-ral-8019-tmave-hneda-3935\/#primaryimage\",\"url\":\"https:\/\/www.oknobuild.com\/wp-content\/uploads\/2026\/SK0022652-CZ20260425-091936-0-1777079982-branka-plotoveho-systemu-scobax-solid-air-branka-1-2-m-ral-.webp\",\"contentUrl\":\"https:\/\/www.oknobuild.com\/wp-content\/uploads\/2026\/SK0022652-CZ20260425-091936-0-1777079982-branka-plotoveho-systemu-scobax-solid-air-branka-1-2-m-ral-.webp\",\"width\":1000,\"height\":523},{\"@type\":\"BreadcrumbList\",\"@id\":\"https:\/\/www.oknobuild.com\/index.php\/produkt\/zlevneny-scobax-solid-air-branka-1-2-m-ral-8019-tmave-hneda-3935\/#breadcrumb\",\"itemListElement\":[{\"@type\":\"ListItem\",\"position\":1,\"name\":\"Home\",\"item\":\"https:\/\/www.oknobuild.com\/\"},{\"@type\":\"ListItem\",\"position\":2,\"name\":\"Products\",\"item\":\"https:\/\/www.oknobuild.com\/index.php\/products\/\"},{\"@type\":\"ListItem\",\"position\":3,\"name\":\"Zlevn\u011bn\u00fd Scobax Solid Air branka 1,2 m RAL 8019 | tmav\u011b hn\u011bd\u00e1\"}]},{\"@type\":\"WebSite\",\"@id\":\"https:\/\/www.oknobuild.com\/#website\",\"url\":\"https:\/\/www.oknobuild.com\/\",\"name\":\"\",\"description\":\"\",\"potentialAction\":[{\"@type\":\"SearchAction\",\"target\":{\"@type\":\"EntryPoint\",\"urlTemplate\":\"https:\/\/www.oknobuild.com\/?s={search_term_string}\"},\"query-input\":{\"@type\":\"PropertyValueSpecification\",\"valueRequired\":true,\"valueName\":\"search_term_string\"}}],\"inLanguage\":\"cs\"}]}<\/script>\n<!-- \/ Yoast SEO plugin. -->","yoast_head_json":{"title":"Zlevn\u011bn\u00fd Scobax Solid Air branka 1,2 m RAL 8019 | tmav\u011b hn\u011bd\u00e1 -","robots":{"index":"index","follow":"follow","max-snippet":"max-snippet:-1","max-image-preview":"max-image-preview:large","max-video-preview":"max-video-preview:-1"},"canonical":"https:\/\/www.oknobuild.com\/index.php\/produkt\/zlevneny-scobax-solid-air-branka-1-2-m-ral-8019-tmave-hneda-3935\/","og_locale":"cs_CZ","og_type":"article","og_title":"Zlevn\u011bn\u00fd Scobax Solid Air branka 1,2 m RAL 8019 | tmav\u011b hn\u011bd\u00e1 -","og_description":"Vlastnosti \u0160\u00ed\u0159ka 1000 mm V\u00fd\u0161ka 1200\u20131700 mm Materi\u00e1l ocel Parametry Z\u00e1ruka 24 m\u011bs\u00edc\u016f Zna\u010dka Scobax Popis: Robustn\u00ed\u00a0r\u00e1m z pozinkovan\u00e9 oceli\u00a0s pr\u00e1\u0161kov\u00fdm lakem zaji\u0161\u0165uje dlouhou \u017eivotnost a vysokou odolnost v\u016f\u010di pov\u011btrnostn\u00edm vliv\u016fm i korozi. Branka se dod\u00e1v\u00e1 jako kompletn\u00ed sada v\u010detn\u011b pant\u016f, z\u00e1mku a klik, tak\u017ee je p\u0159ipravena k okam\u017eit\u00e9 mont\u00e1\u017ei. V\u010detn\u011b pant\u016f, kliky a z\u00e1mku [&hellip;]","og_url":"https:\/\/www.oknobuild.com\/index.php\/produkt\/zlevneny-scobax-solid-air-branka-1-2-m-ral-8019-tmave-hneda-3935\/","og_image":[{"width":1000,"height":523,"url":"https:\/\/www.oknobuild.com\/wp-content\/uploads\/2026\/SK0022652-CZ20260425-091936-0-1777079982-branka-plotoveho-systemu-scobax-solid-air-branka-1-2-m-ral-.webp","type":"image\/webp"}],"twitter_card":"summary_large_image","twitter_misc":{"Odhadovan\u00e1 doba \u010dten\u00ed":"1 minuta"},"schema":{"@context":"https:\/\/schema.org","@graph":[{"@type":"WebPage","@id":"https:\/\/www.oknobuild.com\/index.php\/produkt\/zlevneny-scobax-solid-air-branka-1-2-m-ral-8019-tmave-hneda-3935\/","url":"https:\/\/www.oknobuild.com\/index.php\/produkt\/zlevneny-scobax-solid-air-branka-1-2-m-ral-8019-tmave-hneda-3935\/","name":"Zlevn\u011bn\u00fd Scobax Solid Air branka 1,2 m RAL 8019 | tmav\u011b hn\u011bd\u00e1 -","isPartOf":{"@id":"https:\/\/www.oknobuild.com\/#website"},"primaryImageOfPage":{"@id":"https:\/\/www.oknobuild.com\/index.php\/produkt\/zlevneny-scobax-solid-air-branka-1-2-m-ral-8019-tmave-hneda-3935\/#primaryimage"},"image":{"@id":"https:\/\/www.oknobuild.com\/index.php\/produkt\/zlevneny-scobax-solid-air-branka-1-2-m-ral-8019-tmave-hneda-3935\/#primaryimage"},"thumbnailUrl":"https:\/\/www.oknobuild.com\/wp-content\/uploads\/2026\/SK0022652-CZ20260425-091936-0-1777079982-branka-plotoveho-systemu-scobax-solid-air-branka-1-2-m-ral-.webp","datePublished":"2026-04-27T04:40:44+00:00","breadcrumb":{"@id":"https:\/\/www.oknobuild.com\/index.php\/produkt\/zlevneny-scobax-solid-air-branka-1-2-m-ral-8019-tmave-hneda-3935\/#breadcrumb"},"inLanguage":"cs","potentialAction":[{"@type":"ReadAction","target":["https:\/\/www.oknobuild.com\/index.php\/produkt\/zlevneny-scobax-solid-air-branka-1-2-m-ral-8019-tmave-hneda-3935\/"]}]},{"@type":"ImageObject","inLanguage":"cs","@id":"https:\/\/www.oknobuild.com\/index.php\/produkt\/zlevneny-scobax-solid-air-branka-1-2-m-ral-8019-tmave-hneda-3935\/#primaryimage","url":"https:\/\/www.oknobuild.com\/wp-content\/uploads\/2026\/SK0022652-CZ20260425-091936-0-1777079982-branka-plotoveho-systemu-scobax-solid-air-branka-1-2-m-ral-.webp","contentUrl":"https:\/\/www.oknobuild.com\/wp-content\/uploads\/2026\/SK0022652-CZ20260425-091936-0-1777079982-branka-plotoveho-systemu-scobax-solid-air-branka-1-2-m-ral-.webp","width":1000,"height":523},{"@type":"BreadcrumbList","@id":"https:\/\/www.oknobuild.com\/index.php\/produkt\/zlevneny-scobax-solid-air-branka-1-2-m-ral-8019-tmave-hneda-3935\/#breadcrumb","itemListElement":[{"@type":"ListItem","position":1,"name":"Home","item":"https:\/\/www.oknobuild.com\/"},{"@type":"ListItem","position":2,"name":"Products","item":"https:\/\/www.oknobuild.com\/index.php\/products\/"},{"@type":"ListItem","position":3,"name":"Zlevn\u011bn\u00fd Scobax Solid Air branka 1,2 m RAL 8019 | tmav\u011b hn\u011bd\u00e1"}]},{"@type":"WebSite","@id":"https:\/\/www.oknobuild.com\/#website","url":"https:\/\/www.oknobuild.com\/","name":"","description":"","potentialAction":[{"@type":"SearchAction","target":{"@type":"EntryPoint","urlTemplate":"https:\/\/www.oknobuild.com\/?s={search_term_string}"},"query-input":{"@type":"PropertyValueSpecification","valueRequired":true,"valueName":"search_term_string"}}],"inLanguage":"cs"}]}},"_links":{"self":[{"href":"https:\/\/www.oknobuild.com\/index.php\/wp-json\/wp\/v2\/product\/3935","targetHints":{"allow":["GET"]}}],"collection":[{"href":"https:\/\/www.oknobuild.com\/index.php\/wp-json\/wp\/v2\/product"}],"about":[{"href":"https:\/\/www.oknobuild.com\/index.php\/wp-json\/wp\/v2\/types\/product"}],"replies":[{"embeddable":true,"href":"https:\/\/www.oknobuild.com\/index.php\/wp-json\/wp\/v2\/comments?post=3935"}],"wp:featuredmedia":[{"embeddable":true,"href":"https:\/\/www.oknobuild.com\/index.php\/wp-json\/wp\/v2\/media\/4035"}],"wp:attachment":[{"href":"https:\/\/www.oknobuild.com\/index.php\/wp-json\/wp\/v2\/media?parent=3935"}],"wp:term":[{"taxonomy":"product_brand","embeddable":true,"href":"https:\/\/www.oknobuild.com\/index.php\/wp-json\/wp\/v2\/product_brand?post=3935"},{"taxonomy":"product_cat","embeddable":true,"href":"https:\/\/www.oknobuild.com\/index.php\/wp-json\/wp\/v2\/product_cat?post=3935"},{"taxonomy":"product_tag","embeddable":true,"href":"https:\/\/www.oknobuild.com\/index.php\/wp-json\/wp\/v2\/product_tag?post=3935"}],"curies":[{"name":"wp","href":"https:\/\/api.w.org\/{rel}","templated":true}]}}