{"id":39365,"date":"2026-04-27T04:42:17","date_gmt":"2026-04-27T04:42:17","guid":{"rendered":""},"modified":"2026-04-27T04:42:17","modified_gmt":"2026-04-27T04:42:17","slug":"zlevneny-rav-slezak-rucni-sprcha-retro-chrom-kov-ks0017-39365","status":"publish","type":"product","link":"https:\/\/www.oknobuild.com\/index.php\/produkt\/zlevneny-rav-slezak-rucni-sprcha-retro-chrom-kov-ks0017-39365\/","title":{"rendered":"Zlevn\u011bn\u00fd Rav Slez\u00e1k Ru\u010dn\u00ed sprcha RETRO chrom\/kov &#8211; KS0017"},"content":{"rendered":"<div class=\"ProductDetail-content NoFixImageContainer\" id=\"productDescription\">\n<div class=\"Heading\">\n<h2 class=\"Heading-title\">Popis produktu <span class=''>Rav Slez\u00e1k Ru\u010dn\u00ed sprcha RETRO chrom\/kov &#8211; KS0017<\/span><\/h2>\n<\/p><\/div>\n<div class=\"ProductDetailContent\">                                                                    <\/div>\n<div class=\"ProductDetailContent\">\n<div class=\"ProductDetailContent-item\">\n<p><strong>Ru\u010dn\u00ed sprchov\u00e1 r\u016f\u017eice.<\/strong><\/p>\n<ul>\n<li>syst\u00e9m \u010di\u0161t\u011bn\u00ed trysek: EasyClean &#8211; pro odstran\u011bn\u00ed vodn\u00edho kamene<\/li>\n<li>povrchov\u00e1 \u00faprava\u00a0<strong>chrom, <\/strong>ru\u010dka<strong>\u00a0b\u00edl\u00e1 keramika<\/strong><\/li>\n<li><strong>1<\/strong>-polohov\u00e1<\/li>\n<\/ul><\/div>\n<div class=\"ProductDetailContent-item\">\n<p><strong>Informa\u010dn\u00ed parametry:<\/strong><\/p>\n<ul>\n<li>Typ produktu: <strong>Sprchov\u00fd program<\/strong><\/li>\n<li>Barva: <strong>Chrom<\/strong><\/li>\n<li>Materi\u00e1l: <strong>Mosaz\/Keramika<\/strong><\/li>\n<li>Povrchov\u00e1 \u00faprava: <strong>Chrom<\/strong><\/li>\n<li>Pr\u016fm\u011br sprchy: <strong>76<\/strong><\/li>\n<li>Rozm\u011br: <strong>\u00f8 76mm<\/strong><\/li>\n<li>Ru\u010dn\u00ed sprchy, po\u010det funkc\u00ed: <strong>1<\/strong><\/li>\n<li>se sprchou, bez sprchy: <strong>EASY CLEAN<\/strong><\/li>\n<li>Velikost sprchy ru\u010dn\u00ed sprcha, mm: <strong>\u230076<\/strong><\/li>\n<li>Vzhled (kulat\u00e1, hranat\u00e1) &#8211; ru\u010dn\u00ed a stropn\u00ed sprchy: <strong>retro<\/strong><\/li>\n<\/ul><\/div>\n<div class=\"ProductDetailContent-item\">\n<p><strong>Ostatn\u00ed:<\/strong><\/p>\n<ul>\n<li>V\u00e1ha netto: <strong>0,32<\/strong><\/li>\n<li>V\u00e1ha brutto: <strong>0,32<\/strong><\/li>\n<li>Celn\u00ed k\u00f3d: <strong>73249000<\/strong><\/li>\n<\/ul><\/div>\n<\/p><\/div>\n<\/p><\/div>\n<\/p><\/div>\n<\/p><\/div>\n","protected":false},"excerpt":{"rendered":"<p>Popis produktu Rav Slez\u00e1k Ru\u010dn\u00ed sprcha RETRO chrom\/kov &#8211; KS0017 Ru\u010dn\u00ed sprchov\u00e1 r\u016f\u017eice. syst\u00e9m \u010di\u0161t\u011bn\u00ed trysek: EasyClean &#8211; pro odstran\u011bn\u00ed vodn\u00edho kamene povrchov\u00e1 \u00faprava\u00a0chrom, ru\u010dka\u00a0b\u00edl\u00e1 keramika 1-polohov\u00e1 Informa\u010dn\u00ed parametry: Typ produktu: Sprchov\u00fd program Barva: Chrom Materi\u00e1l: Mosaz\/Keramika Povrchov\u00e1 \u00faprava: Chrom Pr\u016fm\u011br sprchy: 76 Rozm\u011br: \u00f8 76mm Ru\u010dn\u00ed sprchy, po\u010det funkc\u00ed: 1 se sprchou, bez sprchy: [&hellip;]<\/p>\n","protected":false},"featured_media":39465,"comment_status":"open","ping_status":"open","template":"","meta":[],"product_brand":[],"product_cat":[65],"product_tag":[],"class_list":{"0":"post-39365","1":"product","2":"type-product","3":"status-publish","4":"has-post-thumbnail","6":"product_cat-koupelny","8":"first","9":"instock","10":"sale","11":"shipping-taxable","12":"purchasable","13":"product-type-simple"},"yoast_head":"<!-- This site is optimized with the Yoast SEO plugin v26.8 - https:\/\/yoast.com\/product\/yoast-seo-wordpress\/ -->\n<title>Zlevn\u011bn\u00fd Rav Slez\u00e1k Ru\u010dn\u00ed sprcha RETRO chrom\/kov - KS0017 -<\/title>\n<meta name=\"robots\" content=\"index, follow, max-snippet:-1, max-image-preview:large, max-video-preview:-1\" \/>\n<link rel=\"canonical\" href=\"https:\/\/www.oknobuild.com\/index.php\/produkt\/zlevneny-rav-slezak-rucni-sprcha-retro-chrom-kov-ks0017-39365\/\" \/>\n<meta property=\"og:locale\" content=\"cs_CZ\" \/>\n<meta property=\"og:type\" content=\"article\" \/>\n<meta property=\"og:title\" content=\"Zlevn\u011bn\u00fd Rav Slez\u00e1k Ru\u010dn\u00ed sprcha RETRO chrom\/kov - KS0017 -\" \/>\n<meta property=\"og:description\" content=\"Popis produktu Rav Slez\u00e1k Ru\u010dn\u00ed sprcha RETRO chrom\/kov &#8211; KS0017 Ru\u010dn\u00ed sprchov\u00e1 r\u016f\u017eice. syst\u00e9m \u010di\u0161t\u011bn\u00ed trysek: EasyClean &#8211; pro odstran\u011bn\u00ed vodn\u00edho kamene povrchov\u00e1 \u00faprava\u00a0chrom, ru\u010dka\u00a0b\u00edl\u00e1 keramika 1-polohov\u00e1 Informa\u010dn\u00ed parametry: Typ produktu: Sprchov\u00fd program Barva: Chrom Materi\u00e1l: Mosaz\/Keramika Povrchov\u00e1 \u00faprava: Chrom Pr\u016fm\u011br sprchy: 76 Rozm\u011br: \u00f8 76mm Ru\u010dn\u00ed sprchy, po\u010det funkc\u00ed: 1 se sprchou, bez sprchy: [&hellip;]\" \/>\n<meta property=\"og:url\" content=\"https:\/\/www.oknobuild.com\/index.php\/produkt\/zlevneny-rav-slezak-rucni-sprcha-retro-chrom-kov-ks0017-39365\/\" \/>\n<meta property=\"og:image\" content=\"https:\/\/www.oknobuild.com\/wp-content\/uploads\/2026\/SK0020745-CZ20260425-092632-0-1777080397-rav-slezak-rucni-sprcha-retro-chrom-kov-ks0017-932848.webp\" \/>\n\t<meta property=\"og:image:width\" content=\"600\" \/>\n\t<meta property=\"og:image:height\" content=\"600\" \/>\n\t<meta property=\"og:image:type\" content=\"image\/webp\" \/>\n<meta name=\"twitter:card\" content=\"summary_large_image\" \/>\n<script type=\"application\/ld+json\" class=\"yoast-schema-graph\">{\"@context\":\"https:\/\/schema.org\",\"@graph\":[{\"@type\":\"WebPage\",\"@id\":\"https:\/\/www.oknobuild.com\/index.php\/produkt\/zlevneny-rav-slezak-rucni-sprcha-retro-chrom-kov-ks0017-39365\/\",\"url\":\"https:\/\/www.oknobuild.com\/index.php\/produkt\/zlevneny-rav-slezak-rucni-sprcha-retro-chrom-kov-ks0017-39365\/\",\"name\":\"Zlevn\u011bn\u00fd Rav Slez\u00e1k Ru\u010dn\u00ed sprcha RETRO chrom\/kov - KS0017 -\",\"isPartOf\":{\"@id\":\"https:\/\/www.oknobuild.com\/#website\"},\"primaryImageOfPage\":{\"@id\":\"https:\/\/www.oknobuild.com\/index.php\/produkt\/zlevneny-rav-slezak-rucni-sprcha-retro-chrom-kov-ks0017-39365\/#primaryimage\"},\"image\":{\"@id\":\"https:\/\/www.oknobuild.com\/index.php\/produkt\/zlevneny-rav-slezak-rucni-sprcha-retro-chrom-kov-ks0017-39365\/#primaryimage\"},\"thumbnailUrl\":\"https:\/\/www.oknobuild.com\/wp-content\/uploads\/2026\/SK0020745-CZ20260425-092632-0-1777080397-rav-slezak-rucni-sprcha-retro-chrom-kov-ks0017-932848.webp\",\"datePublished\":\"2026-04-27T04:42:17+00:00\",\"breadcrumb\":{\"@id\":\"https:\/\/www.oknobuild.com\/index.php\/produkt\/zlevneny-rav-slezak-rucni-sprcha-retro-chrom-kov-ks0017-39365\/#breadcrumb\"},\"inLanguage\":\"cs\",\"potentialAction\":[{\"@type\":\"ReadAction\",\"target\":[\"https:\/\/www.oknobuild.com\/index.php\/produkt\/zlevneny-rav-slezak-rucni-sprcha-retro-chrom-kov-ks0017-39365\/\"]}]},{\"@type\":\"ImageObject\",\"inLanguage\":\"cs\",\"@id\":\"https:\/\/www.oknobuild.com\/index.php\/produkt\/zlevneny-rav-slezak-rucni-sprcha-retro-chrom-kov-ks0017-39365\/#primaryimage\",\"url\":\"https:\/\/www.oknobuild.com\/wp-content\/uploads\/2026\/SK0020745-CZ20260425-092632-0-1777080397-rav-slezak-rucni-sprcha-retro-chrom-kov-ks0017-932848.webp\",\"contentUrl\":\"https:\/\/www.oknobuild.com\/wp-content\/uploads\/2026\/SK0020745-CZ20260425-092632-0-1777080397-rav-slezak-rucni-sprcha-retro-chrom-kov-ks0017-932848.webp\",\"width\":600,\"height\":600},{\"@type\":\"BreadcrumbList\",\"@id\":\"https:\/\/www.oknobuild.com\/index.php\/produkt\/zlevneny-rav-slezak-rucni-sprcha-retro-chrom-kov-ks0017-39365\/#breadcrumb\",\"itemListElement\":[{\"@type\":\"ListItem\",\"position\":1,\"name\":\"Home\",\"item\":\"https:\/\/www.oknobuild.com\/\"},{\"@type\":\"ListItem\",\"position\":2,\"name\":\"Products\",\"item\":\"https:\/\/www.oknobuild.com\/index.php\/products\/\"},{\"@type\":\"ListItem\",\"position\":3,\"name\":\"Zlevn\u011bn\u00fd Rav Slez\u00e1k Ru\u010dn\u00ed sprcha RETRO chrom\/kov &#8211; KS0017\"}]},{\"@type\":\"WebSite\",\"@id\":\"https:\/\/www.oknobuild.com\/#website\",\"url\":\"https:\/\/www.oknobuild.com\/\",\"name\":\"\",\"description\":\"\",\"potentialAction\":[{\"@type\":\"SearchAction\",\"target\":{\"@type\":\"EntryPoint\",\"urlTemplate\":\"https:\/\/www.oknobuild.com\/?s={search_term_string}\"},\"query-input\":{\"@type\":\"PropertyValueSpecification\",\"valueRequired\":true,\"valueName\":\"search_term_string\"}}],\"inLanguage\":\"cs\"}]}<\/script>\n<!-- \/ Yoast SEO plugin. -->","yoast_head_json":{"title":"Zlevn\u011bn\u00fd Rav Slez\u00e1k Ru\u010dn\u00ed sprcha RETRO chrom\/kov - KS0017 -","robots":{"index":"index","follow":"follow","max-snippet":"max-snippet:-1","max-image-preview":"max-image-preview:large","max-video-preview":"max-video-preview:-1"},"canonical":"https:\/\/www.oknobuild.com\/index.php\/produkt\/zlevneny-rav-slezak-rucni-sprcha-retro-chrom-kov-ks0017-39365\/","og_locale":"cs_CZ","og_type":"article","og_title":"Zlevn\u011bn\u00fd Rav Slez\u00e1k Ru\u010dn\u00ed sprcha RETRO chrom\/kov - KS0017 -","og_description":"Popis produktu Rav Slez\u00e1k Ru\u010dn\u00ed sprcha RETRO chrom\/kov &#8211; KS0017 Ru\u010dn\u00ed sprchov\u00e1 r\u016f\u017eice. syst\u00e9m \u010di\u0161t\u011bn\u00ed trysek: EasyClean &#8211; pro odstran\u011bn\u00ed vodn\u00edho kamene povrchov\u00e1 \u00faprava\u00a0chrom, ru\u010dka\u00a0b\u00edl\u00e1 keramika 1-polohov\u00e1 Informa\u010dn\u00ed parametry: Typ produktu: Sprchov\u00fd program Barva: Chrom Materi\u00e1l: Mosaz\/Keramika Povrchov\u00e1 \u00faprava: Chrom Pr\u016fm\u011br sprchy: 76 Rozm\u011br: \u00f8 76mm Ru\u010dn\u00ed sprchy, po\u010det funkc\u00ed: 1 se sprchou, bez sprchy: [&hellip;]","og_url":"https:\/\/www.oknobuild.com\/index.php\/produkt\/zlevneny-rav-slezak-rucni-sprcha-retro-chrom-kov-ks0017-39365\/","og_image":[{"width":600,"height":600,"url":"https:\/\/www.oknobuild.com\/wp-content\/uploads\/2026\/SK0020745-CZ20260425-092632-0-1777080397-rav-slezak-rucni-sprcha-retro-chrom-kov-ks0017-932848.webp","type":"image\/webp"}],"twitter_card":"summary_large_image","schema":{"@context":"https:\/\/schema.org","@graph":[{"@type":"WebPage","@id":"https:\/\/www.oknobuild.com\/index.php\/produkt\/zlevneny-rav-slezak-rucni-sprcha-retro-chrom-kov-ks0017-39365\/","url":"https:\/\/www.oknobuild.com\/index.php\/produkt\/zlevneny-rav-slezak-rucni-sprcha-retro-chrom-kov-ks0017-39365\/","name":"Zlevn\u011bn\u00fd Rav Slez\u00e1k Ru\u010dn\u00ed sprcha RETRO chrom\/kov - KS0017 -","isPartOf":{"@id":"https:\/\/www.oknobuild.com\/#website"},"primaryImageOfPage":{"@id":"https:\/\/www.oknobuild.com\/index.php\/produkt\/zlevneny-rav-slezak-rucni-sprcha-retro-chrom-kov-ks0017-39365\/#primaryimage"},"image":{"@id":"https:\/\/www.oknobuild.com\/index.php\/produkt\/zlevneny-rav-slezak-rucni-sprcha-retro-chrom-kov-ks0017-39365\/#primaryimage"},"thumbnailUrl":"https:\/\/www.oknobuild.com\/wp-content\/uploads\/2026\/SK0020745-CZ20260425-092632-0-1777080397-rav-slezak-rucni-sprcha-retro-chrom-kov-ks0017-932848.webp","datePublished":"2026-04-27T04:42:17+00:00","breadcrumb":{"@id":"https:\/\/www.oknobuild.com\/index.php\/produkt\/zlevneny-rav-slezak-rucni-sprcha-retro-chrom-kov-ks0017-39365\/#breadcrumb"},"inLanguage":"cs","potentialAction":[{"@type":"ReadAction","target":["https:\/\/www.oknobuild.com\/index.php\/produkt\/zlevneny-rav-slezak-rucni-sprcha-retro-chrom-kov-ks0017-39365\/"]}]},{"@type":"ImageObject","inLanguage":"cs","@id":"https:\/\/www.oknobuild.com\/index.php\/produkt\/zlevneny-rav-slezak-rucni-sprcha-retro-chrom-kov-ks0017-39365\/#primaryimage","url":"https:\/\/www.oknobuild.com\/wp-content\/uploads\/2026\/SK0020745-CZ20260425-092632-0-1777080397-rav-slezak-rucni-sprcha-retro-chrom-kov-ks0017-932848.webp","contentUrl":"https:\/\/www.oknobuild.com\/wp-content\/uploads\/2026\/SK0020745-CZ20260425-092632-0-1777080397-rav-slezak-rucni-sprcha-retro-chrom-kov-ks0017-932848.webp","width":600,"height":600},{"@type":"BreadcrumbList","@id":"https:\/\/www.oknobuild.com\/index.php\/produkt\/zlevneny-rav-slezak-rucni-sprcha-retro-chrom-kov-ks0017-39365\/#breadcrumb","itemListElement":[{"@type":"ListItem","position":1,"name":"Home","item":"https:\/\/www.oknobuild.com\/"},{"@type":"ListItem","position":2,"name":"Products","item":"https:\/\/www.oknobuild.com\/index.php\/products\/"},{"@type":"ListItem","position":3,"name":"Zlevn\u011bn\u00fd Rav Slez\u00e1k Ru\u010dn\u00ed sprcha RETRO chrom\/kov &#8211; KS0017"}]},{"@type":"WebSite","@id":"https:\/\/www.oknobuild.com\/#website","url":"https:\/\/www.oknobuild.com\/","name":"","description":"","potentialAction":[{"@type":"SearchAction","target":{"@type":"EntryPoint","urlTemplate":"https:\/\/www.oknobuild.com\/?s={search_term_string}"},"query-input":{"@type":"PropertyValueSpecification","valueRequired":true,"valueName":"search_term_string"}}],"inLanguage":"cs"}]}},"_links":{"self":[{"href":"https:\/\/www.oknobuild.com\/index.php\/wp-json\/wp\/v2\/product\/39365","targetHints":{"allow":["GET"]}}],"collection":[{"href":"https:\/\/www.oknobuild.com\/index.php\/wp-json\/wp\/v2\/product"}],"about":[{"href":"https:\/\/www.oknobuild.com\/index.php\/wp-json\/wp\/v2\/types\/product"}],"replies":[{"embeddable":true,"href":"https:\/\/www.oknobuild.com\/index.php\/wp-json\/wp\/v2\/comments?post=39365"}],"wp:featuredmedia":[{"embeddable":true,"href":"https:\/\/www.oknobuild.com\/index.php\/wp-json\/wp\/v2\/media\/39465"}],"wp:attachment":[{"href":"https:\/\/www.oknobuild.com\/index.php\/wp-json\/wp\/v2\/media?parent=39365"}],"wp:term":[{"taxonomy":"product_brand","embeddable":true,"href":"https:\/\/www.oknobuild.com\/index.php\/wp-json\/wp\/v2\/product_brand?post=39365"},{"taxonomy":"product_cat","embeddable":true,"href":"https:\/\/www.oknobuild.com\/index.php\/wp-json\/wp\/v2\/product_cat?post=39365"},{"taxonomy":"product_tag","embeddable":true,"href":"https:\/\/www.oknobuild.com\/index.php\/wp-json\/wp\/v2\/product_tag?post=39365"}],"curies":[{"name":"wp","href":"https:\/\/api.w.org\/{rel}","templated":true}]}}