{"id":39366,"date":"2026-04-27T04:42:17","date_gmt":"2026-04-27T04:42:17","guid":{"rendered":""},"modified":"2026-04-27T04:42:17","modified_gmt":"2026-04-27T04:42:17","slug":"zlevneny-rav-slezak-drzak-bocni-pro-hlavovou-sprchu-40-cm-chrom-39366","status":"publish","type":"product","link":"https:\/\/www.oknobuild.com\/index.php\/produkt\/zlevneny-rav-slezak-drzak-bocni-pro-hlavovou-sprchu-40-cm-chrom-39366\/","title":{"rendered":"Zlevn\u011bn\u00fd Rav Slez\u00e1k Dr\u017e\u00e1k bo\u010dn\u00ed  pro hlavovou sprchu 40 cm chrom"},"content":{"rendered":"<div class=\"ProductDetail-content NoFixImageContainer\" id=\"productDescription\">\n<div class=\"Heading\">\n<h2 class=\"Heading-title\">Popis produktu <span class=''>Rav Slez\u00e1k Dr\u017e\u00e1k bo\u010dn\u00ed  pro hlavovou sprchu 40 cm chrom<\/span><\/h2>\n<\/p><\/div>\n<div class=\"ProductDetailContent\">                                                                    <\/div>\n<div class=\"ProductDetailContent\">\n<div class=\"ProductDetailContent-item\">\n<p><strong>Pevn\u00fd dr\u017e\u00e1k bo\u010dn\u00ed ze zdi\u00a0je ur\u010den\u00fd\u00a0pro kombinaci s\u00a0hlavovou sprchou.<\/strong><\/p>\n<ul>\n<li>dr\u017e\u00e1k je kovov\u00fd<\/li>\n<li>d\u00e9lka 40 cm<\/li>\n<li>nosnost dr\u017e\u00e1ku 2,5 kg<\/li>\n<li>p\u0159ipojen\u00ed 1\/2&#8243;<\/li>\n<\/ul>\n<p>\u00a0<\/p>\n<\/p><\/div>\n<div class=\"ProductDetailContent-item\">\n<p><strong>Informa\u010dn\u00ed parametry:<\/strong><\/p>\n<ul>\n<li>Typ produktu: <strong>Sprchov\u00fd program<\/strong><\/li>\n<li>Barva: <strong>Chrom<\/strong><\/li>\n<li>Materi\u00e1l: <strong>Mosaz<\/strong><\/li>\n<li>Povrchov\u00e1 \u00faprava: <strong>Chrom<\/strong><\/li>\n<li>Rozm\u011br: <strong>400 mm<\/strong><\/li>\n<li>Ru\u010dn\u00ed sprchy, po\u010det funkc\u00ed: <strong>pro hlavovou sprchu<\/strong><\/li>\n<li>Velikost sprchy ru\u010dn\u00ed sprcha, mm: <strong>400<\/strong><\/li>\n<\/ul><\/div>\n<div class=\"ProductDetailContent-item\">\n<p><strong>Ostatn\u00ed:<\/strong><\/p>\n<ul>\n<li>V\u00e1ha netto: <strong>0,28<\/strong><\/li>\n<li>V\u00e1ha brutto: <strong>0,29<\/strong><\/li>\n<li>V\u00fd\u0161ka: <strong>490<\/strong><\/li>\n<li>\u0160\u00ed\u0159ka: <strong>80<\/strong><\/li>\n<li>Hloubka: <strong>30<\/strong><\/li>\n<li>Celn\u00ed k\u00f3d: <strong>73249000<\/strong><\/li>\n<\/ul><\/div>\n<\/p><\/div>\n<\/p><\/div>\n<\/p><\/div>\n<\/p><\/div>\n","protected":false},"excerpt":{"rendered":"<p>Popis produktu Rav Slez\u00e1k Dr\u017e\u00e1k bo\u010dn\u00ed pro hlavovou sprchu 40 cm chrom Pevn\u00fd dr\u017e\u00e1k bo\u010dn\u00ed ze zdi\u00a0je ur\u010den\u00fd\u00a0pro kombinaci s\u00a0hlavovou sprchou. dr\u017e\u00e1k je kovov\u00fd d\u00e9lka 40 cm nosnost dr\u017e\u00e1ku 2,5 kg p\u0159ipojen\u00ed 1\/2&#8243; \u00a0 Informa\u010dn\u00ed parametry: Typ produktu: Sprchov\u00fd program Barva: Chrom Materi\u00e1l: Mosaz Povrchov\u00e1 \u00faprava: Chrom Rozm\u011br: 400 mm Ru\u010dn\u00ed sprchy, po\u010det funkc\u00ed: pro [&hellip;]<\/p>\n","protected":false},"featured_media":39466,"comment_status":"open","ping_status":"open","template":"","meta":[],"product_brand":[],"product_cat":[65],"product_tag":[],"class_list":{"0":"post-39366","1":"product","2":"type-product","3":"status-publish","4":"has-post-thumbnail","6":"product_cat-koupelny","8":"first","9":"instock","10":"sale","11":"shipping-taxable","12":"purchasable","13":"product-type-simple"},"yoast_head":"<!-- This site is optimized with the Yoast SEO plugin v26.8 - https:\/\/yoast.com\/product\/yoast-seo-wordpress\/ -->\n<title>Zlevn\u011bn\u00fd Rav Slez\u00e1k Dr\u017e\u00e1k bo\u010dn\u00ed pro hlavovou sprchu 40 cm chrom -<\/title>\n<meta name=\"robots\" content=\"index, follow, max-snippet:-1, max-image-preview:large, max-video-preview:-1\" \/>\n<link rel=\"canonical\" href=\"https:\/\/www.oknobuild.com\/index.php\/produkt\/zlevneny-rav-slezak-drzak-bocni-pro-hlavovou-sprchu-40-cm-chrom-39366\/\" \/>\n<meta property=\"og:locale\" content=\"cs_CZ\" \/>\n<meta property=\"og:type\" content=\"article\" \/>\n<meta property=\"og:title\" content=\"Zlevn\u011bn\u00fd Rav Slez\u00e1k Dr\u017e\u00e1k bo\u010dn\u00ed pro hlavovou sprchu 40 cm chrom -\" \/>\n<meta property=\"og:description\" content=\"Popis produktu Rav Slez\u00e1k Dr\u017e\u00e1k bo\u010dn\u00ed pro hlavovou sprchu 40 cm chrom Pevn\u00fd dr\u017e\u00e1k bo\u010dn\u00ed ze zdi\u00a0je ur\u010den\u00fd\u00a0pro kombinaci s\u00a0hlavovou sprchou. dr\u017e\u00e1k je kovov\u00fd d\u00e9lka 40 cm nosnost dr\u017e\u00e1ku 2,5 kg p\u0159ipojen\u00ed 1\/2&#8243; \u00a0 Informa\u010dn\u00ed parametry: Typ produktu: Sprchov\u00fd program Barva: Chrom Materi\u00e1l: Mosaz Povrchov\u00e1 \u00faprava: Chrom Rozm\u011br: 400 mm Ru\u010dn\u00ed sprchy, po\u010det funkc\u00ed: pro [&hellip;]\" \/>\n<meta property=\"og:url\" content=\"https:\/\/www.oknobuild.com\/index.php\/produkt\/zlevneny-rav-slezak-drzak-bocni-pro-hlavovou-sprchu-40-cm-chrom-39366\/\" \/>\n<meta property=\"og:image\" content=\"https:\/\/www.oknobuild.com\/wp-content\/uploads\/2026\/SK0020746-CZ20260425-092632-0-1777080397-rav-slezak-drzak-bocni-pro-hlavovou-sprchu-40-cm-chrom-9329.webp\" \/>\n\t<meta property=\"og:image:width\" content=\"600\" \/>\n\t<meta property=\"og:image:height\" content=\"233\" \/>\n\t<meta property=\"og:image:type\" content=\"image\/webp\" \/>\n<meta name=\"twitter:card\" content=\"summary_large_image\" \/>\n<script type=\"application\/ld+json\" class=\"yoast-schema-graph\">{\"@context\":\"https:\/\/schema.org\",\"@graph\":[{\"@type\":\"WebPage\",\"@id\":\"https:\/\/www.oknobuild.com\/index.php\/produkt\/zlevneny-rav-slezak-drzak-bocni-pro-hlavovou-sprchu-40-cm-chrom-39366\/\",\"url\":\"https:\/\/www.oknobuild.com\/index.php\/produkt\/zlevneny-rav-slezak-drzak-bocni-pro-hlavovou-sprchu-40-cm-chrom-39366\/\",\"name\":\"Zlevn\u011bn\u00fd Rav Slez\u00e1k Dr\u017e\u00e1k bo\u010dn\u00ed pro hlavovou sprchu 40 cm chrom -\",\"isPartOf\":{\"@id\":\"https:\/\/www.oknobuild.com\/#website\"},\"primaryImageOfPage\":{\"@id\":\"https:\/\/www.oknobuild.com\/index.php\/produkt\/zlevneny-rav-slezak-drzak-bocni-pro-hlavovou-sprchu-40-cm-chrom-39366\/#primaryimage\"},\"image\":{\"@id\":\"https:\/\/www.oknobuild.com\/index.php\/produkt\/zlevneny-rav-slezak-drzak-bocni-pro-hlavovou-sprchu-40-cm-chrom-39366\/#primaryimage\"},\"thumbnailUrl\":\"https:\/\/www.oknobuild.com\/wp-content\/uploads\/2026\/SK0020746-CZ20260425-092632-0-1777080397-rav-slezak-drzak-bocni-pro-hlavovou-sprchu-40-cm-chrom-9329.webp\",\"datePublished\":\"2026-04-27T04:42:17+00:00\",\"breadcrumb\":{\"@id\":\"https:\/\/www.oknobuild.com\/index.php\/produkt\/zlevneny-rav-slezak-drzak-bocni-pro-hlavovou-sprchu-40-cm-chrom-39366\/#breadcrumb\"},\"inLanguage\":\"cs\",\"potentialAction\":[{\"@type\":\"ReadAction\",\"target\":[\"https:\/\/www.oknobuild.com\/index.php\/produkt\/zlevneny-rav-slezak-drzak-bocni-pro-hlavovou-sprchu-40-cm-chrom-39366\/\"]}]},{\"@type\":\"ImageObject\",\"inLanguage\":\"cs\",\"@id\":\"https:\/\/www.oknobuild.com\/index.php\/produkt\/zlevneny-rav-slezak-drzak-bocni-pro-hlavovou-sprchu-40-cm-chrom-39366\/#primaryimage\",\"url\":\"https:\/\/www.oknobuild.com\/wp-content\/uploads\/2026\/SK0020746-CZ20260425-092632-0-1777080397-rav-slezak-drzak-bocni-pro-hlavovou-sprchu-40-cm-chrom-9329.webp\",\"contentUrl\":\"https:\/\/www.oknobuild.com\/wp-content\/uploads\/2026\/SK0020746-CZ20260425-092632-0-1777080397-rav-slezak-drzak-bocni-pro-hlavovou-sprchu-40-cm-chrom-9329.webp\",\"width\":600,\"height\":233},{\"@type\":\"BreadcrumbList\",\"@id\":\"https:\/\/www.oknobuild.com\/index.php\/produkt\/zlevneny-rav-slezak-drzak-bocni-pro-hlavovou-sprchu-40-cm-chrom-39366\/#breadcrumb\",\"itemListElement\":[{\"@type\":\"ListItem\",\"position\":1,\"name\":\"Home\",\"item\":\"https:\/\/www.oknobuild.com\/\"},{\"@type\":\"ListItem\",\"position\":2,\"name\":\"Products\",\"item\":\"https:\/\/www.oknobuild.com\/index.php\/products\/\"},{\"@type\":\"ListItem\",\"position\":3,\"name\":\"Zlevn\u011bn\u00fd Rav Slez\u00e1k Dr\u017e\u00e1k bo\u010dn\u00ed pro hlavovou sprchu 40 cm chrom\"}]},{\"@type\":\"WebSite\",\"@id\":\"https:\/\/www.oknobuild.com\/#website\",\"url\":\"https:\/\/www.oknobuild.com\/\",\"name\":\"\",\"description\":\"\",\"potentialAction\":[{\"@type\":\"SearchAction\",\"target\":{\"@type\":\"EntryPoint\",\"urlTemplate\":\"https:\/\/www.oknobuild.com\/?s={search_term_string}\"},\"query-input\":{\"@type\":\"PropertyValueSpecification\",\"valueRequired\":true,\"valueName\":\"search_term_string\"}}],\"inLanguage\":\"cs\"}]}<\/script>\n<!-- \/ Yoast SEO plugin. -->","yoast_head_json":{"title":"Zlevn\u011bn\u00fd Rav Slez\u00e1k Dr\u017e\u00e1k bo\u010dn\u00ed pro hlavovou sprchu 40 cm chrom -","robots":{"index":"index","follow":"follow","max-snippet":"max-snippet:-1","max-image-preview":"max-image-preview:large","max-video-preview":"max-video-preview:-1"},"canonical":"https:\/\/www.oknobuild.com\/index.php\/produkt\/zlevneny-rav-slezak-drzak-bocni-pro-hlavovou-sprchu-40-cm-chrom-39366\/","og_locale":"cs_CZ","og_type":"article","og_title":"Zlevn\u011bn\u00fd Rav Slez\u00e1k Dr\u017e\u00e1k bo\u010dn\u00ed pro hlavovou sprchu 40 cm chrom -","og_description":"Popis produktu Rav Slez\u00e1k Dr\u017e\u00e1k bo\u010dn\u00ed pro hlavovou sprchu 40 cm chrom Pevn\u00fd dr\u017e\u00e1k bo\u010dn\u00ed ze zdi\u00a0je ur\u010den\u00fd\u00a0pro kombinaci s\u00a0hlavovou sprchou. dr\u017e\u00e1k je kovov\u00fd d\u00e9lka 40 cm nosnost dr\u017e\u00e1ku 2,5 kg p\u0159ipojen\u00ed 1\/2&#8243; \u00a0 Informa\u010dn\u00ed parametry: Typ produktu: Sprchov\u00fd program Barva: Chrom Materi\u00e1l: Mosaz Povrchov\u00e1 \u00faprava: Chrom Rozm\u011br: 400 mm Ru\u010dn\u00ed sprchy, po\u010det funkc\u00ed: pro [&hellip;]","og_url":"https:\/\/www.oknobuild.com\/index.php\/produkt\/zlevneny-rav-slezak-drzak-bocni-pro-hlavovou-sprchu-40-cm-chrom-39366\/","og_image":[{"width":600,"height":233,"url":"https:\/\/www.oknobuild.com\/wp-content\/uploads\/2026\/SK0020746-CZ20260425-092632-0-1777080397-rav-slezak-drzak-bocni-pro-hlavovou-sprchu-40-cm-chrom-9329.webp","type":"image\/webp"}],"twitter_card":"summary_large_image","schema":{"@context":"https:\/\/schema.org","@graph":[{"@type":"WebPage","@id":"https:\/\/www.oknobuild.com\/index.php\/produkt\/zlevneny-rav-slezak-drzak-bocni-pro-hlavovou-sprchu-40-cm-chrom-39366\/","url":"https:\/\/www.oknobuild.com\/index.php\/produkt\/zlevneny-rav-slezak-drzak-bocni-pro-hlavovou-sprchu-40-cm-chrom-39366\/","name":"Zlevn\u011bn\u00fd Rav Slez\u00e1k Dr\u017e\u00e1k bo\u010dn\u00ed pro hlavovou sprchu 40 cm chrom -","isPartOf":{"@id":"https:\/\/www.oknobuild.com\/#website"},"primaryImageOfPage":{"@id":"https:\/\/www.oknobuild.com\/index.php\/produkt\/zlevneny-rav-slezak-drzak-bocni-pro-hlavovou-sprchu-40-cm-chrom-39366\/#primaryimage"},"image":{"@id":"https:\/\/www.oknobuild.com\/index.php\/produkt\/zlevneny-rav-slezak-drzak-bocni-pro-hlavovou-sprchu-40-cm-chrom-39366\/#primaryimage"},"thumbnailUrl":"https:\/\/www.oknobuild.com\/wp-content\/uploads\/2026\/SK0020746-CZ20260425-092632-0-1777080397-rav-slezak-drzak-bocni-pro-hlavovou-sprchu-40-cm-chrom-9329.webp","datePublished":"2026-04-27T04:42:17+00:00","breadcrumb":{"@id":"https:\/\/www.oknobuild.com\/index.php\/produkt\/zlevneny-rav-slezak-drzak-bocni-pro-hlavovou-sprchu-40-cm-chrom-39366\/#breadcrumb"},"inLanguage":"cs","potentialAction":[{"@type":"ReadAction","target":["https:\/\/www.oknobuild.com\/index.php\/produkt\/zlevneny-rav-slezak-drzak-bocni-pro-hlavovou-sprchu-40-cm-chrom-39366\/"]}]},{"@type":"ImageObject","inLanguage":"cs","@id":"https:\/\/www.oknobuild.com\/index.php\/produkt\/zlevneny-rav-slezak-drzak-bocni-pro-hlavovou-sprchu-40-cm-chrom-39366\/#primaryimage","url":"https:\/\/www.oknobuild.com\/wp-content\/uploads\/2026\/SK0020746-CZ20260425-092632-0-1777080397-rav-slezak-drzak-bocni-pro-hlavovou-sprchu-40-cm-chrom-9329.webp","contentUrl":"https:\/\/www.oknobuild.com\/wp-content\/uploads\/2026\/SK0020746-CZ20260425-092632-0-1777080397-rav-slezak-drzak-bocni-pro-hlavovou-sprchu-40-cm-chrom-9329.webp","width":600,"height":233},{"@type":"BreadcrumbList","@id":"https:\/\/www.oknobuild.com\/index.php\/produkt\/zlevneny-rav-slezak-drzak-bocni-pro-hlavovou-sprchu-40-cm-chrom-39366\/#breadcrumb","itemListElement":[{"@type":"ListItem","position":1,"name":"Home","item":"https:\/\/www.oknobuild.com\/"},{"@type":"ListItem","position":2,"name":"Products","item":"https:\/\/www.oknobuild.com\/index.php\/products\/"},{"@type":"ListItem","position":3,"name":"Zlevn\u011bn\u00fd Rav Slez\u00e1k Dr\u017e\u00e1k bo\u010dn\u00ed pro hlavovou sprchu 40 cm chrom"}]},{"@type":"WebSite","@id":"https:\/\/www.oknobuild.com\/#website","url":"https:\/\/www.oknobuild.com\/","name":"","description":"","potentialAction":[{"@type":"SearchAction","target":{"@type":"EntryPoint","urlTemplate":"https:\/\/www.oknobuild.com\/?s={search_term_string}"},"query-input":{"@type":"PropertyValueSpecification","valueRequired":true,"valueName":"search_term_string"}}],"inLanguage":"cs"}]}},"_links":{"self":[{"href":"https:\/\/www.oknobuild.com\/index.php\/wp-json\/wp\/v2\/product\/39366","targetHints":{"allow":["GET"]}}],"collection":[{"href":"https:\/\/www.oknobuild.com\/index.php\/wp-json\/wp\/v2\/product"}],"about":[{"href":"https:\/\/www.oknobuild.com\/index.php\/wp-json\/wp\/v2\/types\/product"}],"replies":[{"embeddable":true,"href":"https:\/\/www.oknobuild.com\/index.php\/wp-json\/wp\/v2\/comments?post=39366"}],"wp:featuredmedia":[{"embeddable":true,"href":"https:\/\/www.oknobuild.com\/index.php\/wp-json\/wp\/v2\/media\/39466"}],"wp:attachment":[{"href":"https:\/\/www.oknobuild.com\/index.php\/wp-json\/wp\/v2\/media?parent=39366"}],"wp:term":[{"taxonomy":"product_brand","embeddable":true,"href":"https:\/\/www.oknobuild.com\/index.php\/wp-json\/wp\/v2\/product_brand?post=39366"},{"taxonomy":"product_cat","embeddable":true,"href":"https:\/\/www.oknobuild.com\/index.php\/wp-json\/wp\/v2\/product_cat?post=39366"},{"taxonomy":"product_tag","embeddable":true,"href":"https:\/\/www.oknobuild.com\/index.php\/wp-json\/wp\/v2\/product_tag?post=39366"}],"curies":[{"name":"wp","href":"https:\/\/api.w.org\/{rel}","templated":true}]}}