{"id":39577,"date":"2026-04-27T04:42:17","date_gmt":"2026-04-27T04:42:17","guid":{"rendered":""},"modified":"2026-04-27T04:42:17","modified_gmt":"2026-04-27T04:42:17","slug":"akce-rav-slezak-drzak-toaletniho-papiru-rezervni-morava-retro-cerna-matna-39577","status":"publish","type":"product","link":"https:\/\/www.oknobuild.com\/index.php\/produkt\/akce-rav-slezak-drzak-toaletniho-papiru-rezervni-morava-retro-cerna-matna-39577\/","title":{"rendered":"Akce Rav Slez\u00e1k Dr\u017e\u00e1k toaletn\u00edho pap\u00edru rezervn\u00ed Morava Retro \u010dern\u00e1 matn\u00e1"},"content":{"rendered":"<div class=\"ProductDetail-content NoFixImageContainer\" id=\"productDescription\">\n<div class=\"Heading\">\n<h2 class=\"Heading-title\">Popis produktu <span class=''>Rav Slez\u00e1k Dr\u017e\u00e1k toaletn\u00edho pap\u00edru rezervn\u00ed Morava Retro \u010dern\u00e1 matn\u00e1<\/span><\/h2>\n<\/p><\/div>\n<div class=\"ProductDetailContent\">                                                                    <\/div>\n<div class=\"ProductDetailContent\">\n<div class=\"ProductDetailContent-item\">\n<p>Zn\u00e1te to, kdy\u017e v\u00e1m na WC dojde toaletn\u00ed pap\u00edr a\u00a0nem\u00e1te dal\u0161\u00ed? To se v\u00e1m ji\u017e nestane s\u00a0dr\u017e\u00e1kem toaletn\u00edho pap\u00edru rezervn\u00edm.<\/p>\n<ul>\n<li>tento v\u00fdrobek je vyroben z\u00a0mosazi s\u00a0povrchovou \u00fapravou <b>\u010dern\u00e1 matn\u00e1<\/b><\/li>\n<li>mont\u00e1\u017e vrt\u00e1n\u00edm nebo lepen\u00edm<\/li>\n<\/ul>\n<p>Z\u00e1ruka:<\/p>\n<ul>\n<li>15 let na funk\u010dnost<\/li>\n<li>2 roky na povrchovou \u00fapravu<\/li>\n<\/ul><\/div>\n<div class=\"ProductDetailContent-item\">\n<p><strong>Informa\u010dn\u00ed parametry:<\/strong><\/p>\n<ul>\n<li>Typ produktu: <strong>Koupelnov\u00fd dopln\u011bk<\/strong><\/li>\n<li>S\u00c9RIE: <strong>Morava RETRO<\/strong><\/li>\n<li>Barva: <strong>\u010cern\u00e1 matn\u00e1<\/strong><\/li>\n<li>Materi\u00e1l: <strong>Mosaz<\/strong><\/li>\n<li>Povrchov\u00e1 \u00faprava: <strong>Lak<\/strong><\/li>\n<\/ul><\/div>\n<div class=\"ProductDetailContent-item\">\n<p><strong>Ostatn\u00ed:<\/strong><\/p>\n<ul>\n<li>Rozm\u011br balen\u00ed: <strong>90 x 190 x 210 mm<\/strong><\/li>\n<li>V\u00e1ha netto: <strong>0,33<\/strong><\/li>\n<li>V\u00e1ha brutto: <strong>0,49<\/strong><\/li>\n<li>V\u00fd\u0161ka: <strong>190<\/strong><\/li>\n<li>\u0160\u00ed\u0159ka: <strong>210<\/strong><\/li>\n<li>Hloubka: <strong>90<\/strong><\/li>\n<li>Celn\u00ed k\u00f3d: <strong>73249000<\/strong><\/li>\n<\/ul><\/div>\n<\/p><\/div>\n<\/p><\/div>\n<\/p><\/div>\n<\/p><\/div>\n","protected":false},"excerpt":{"rendered":"<p>Popis produktu Rav Slez\u00e1k Dr\u017e\u00e1k toaletn\u00edho pap\u00edru rezervn\u00ed Morava Retro \u010dern\u00e1 matn\u00e1 Zn\u00e1te to, kdy\u017e v\u00e1m na WC dojde toaletn\u00ed pap\u00edr a\u00a0nem\u00e1te dal\u0161\u00ed? To se v\u00e1m ji\u017e nestane s\u00a0dr\u017e\u00e1kem toaletn\u00edho pap\u00edru rezervn\u00edm. tento v\u00fdrobek je vyroben z\u00a0mosazi s\u00a0povrchovou \u00fapravou \u010dern\u00e1 matn\u00e1 mont\u00e1\u017e vrt\u00e1n\u00edm nebo lepen\u00edm Z\u00e1ruka: 15 let na funk\u010dnost 2 roky na povrchovou \u00fapravu [&hellip;]<\/p>\n","protected":false},"featured_media":39677,"comment_status":"open","ping_status":"open","template":"","meta":[],"product_brand":[],"product_cat":[65],"product_tag":[],"class_list":{"0":"post-39577","1":"product","2":"type-product","3":"status-publish","4":"has-post-thumbnail","6":"product_cat-koupelny","8":"first","9":"instock","10":"sale","11":"shipping-taxable","12":"purchasable","13":"product-type-simple"},"yoast_head":"<!-- This site is optimized with the Yoast SEO plugin v26.8 - https:\/\/yoast.com\/product\/yoast-seo-wordpress\/ -->\n<title>Akce Rav Slez\u00e1k Dr\u017e\u00e1k toaletn\u00edho pap\u00edru rezervn\u00ed Morava Retro \u010dern\u00e1 matn\u00e1 -<\/title>\n<meta name=\"robots\" content=\"index, follow, max-snippet:-1, max-image-preview:large, max-video-preview:-1\" \/>\n<link rel=\"canonical\" href=\"https:\/\/www.oknobuild.com\/index.php\/produkt\/akce-rav-slezak-drzak-toaletniho-papiru-rezervni-morava-retro-cerna-matna-39577\/\" \/>\n<meta property=\"og:locale\" content=\"cs_CZ\" \/>\n<meta property=\"og:type\" content=\"article\" \/>\n<meta property=\"og:title\" content=\"Akce Rav Slez\u00e1k Dr\u017e\u00e1k toaletn\u00edho pap\u00edru rezervn\u00ed Morava Retro \u010dern\u00e1 matn\u00e1 -\" \/>\n<meta property=\"og:description\" content=\"Popis produktu Rav Slez\u00e1k Dr\u017e\u00e1k toaletn\u00edho pap\u00edru rezervn\u00ed Morava Retro \u010dern\u00e1 matn\u00e1 Zn\u00e1te to, kdy\u017e v\u00e1m na WC dojde toaletn\u00ed pap\u00edr a\u00a0nem\u00e1te dal\u0161\u00ed? To se v\u00e1m ji\u017e nestane s\u00a0dr\u017e\u00e1kem toaletn\u00edho pap\u00edru rezervn\u00edm. tento v\u00fdrobek je vyroben z\u00a0mosazi s\u00a0povrchovou \u00fapravou \u010dern\u00e1 matn\u00e1 mont\u00e1\u017e vrt\u00e1n\u00edm nebo lepen\u00edm Z\u00e1ruka: 15 let na funk\u010dnost 2 roky na povrchovou \u00fapravu [&hellip;]\" \/>\n<meta property=\"og:url\" content=\"https:\/\/www.oknobuild.com\/index.php\/produkt\/akce-rav-slezak-drzak-toaletniho-papiru-rezervni-morava-retro-cerna-matna-39577\/\" \/>\n<meta property=\"og:image\" content=\"https:\/\/www.oknobuild.com\/wp-content\/uploads\/2026\/SK0020857-CZ20260425-092632-0-1777080397-rav-slezak-drzak-toaletniho-papiru-rezervni-morava-retro-ce.webp\" \/>\n\t<meta property=\"og:image:width\" content=\"600\" \/>\n\t<meta property=\"og:image:height\" content=\"600\" \/>\n\t<meta property=\"og:image:type\" content=\"image\/webp\" \/>\n<meta name=\"twitter:card\" content=\"summary_large_image\" \/>\n<meta name=\"twitter:label1\" content=\"Odhadovan\u00e1 doba \u010dten\u00ed\" \/>\n\t<meta name=\"twitter:data1\" content=\"1 minuta\" \/>\n<script type=\"application\/ld+json\" class=\"yoast-schema-graph\">{\"@context\":\"https:\/\/schema.org\",\"@graph\":[{\"@type\":\"WebPage\",\"@id\":\"https:\/\/www.oknobuild.com\/index.php\/produkt\/akce-rav-slezak-drzak-toaletniho-papiru-rezervni-morava-retro-cerna-matna-39577\/\",\"url\":\"https:\/\/www.oknobuild.com\/index.php\/produkt\/akce-rav-slezak-drzak-toaletniho-papiru-rezervni-morava-retro-cerna-matna-39577\/\",\"name\":\"Akce Rav Slez\u00e1k Dr\u017e\u00e1k toaletn\u00edho pap\u00edru rezervn\u00ed Morava Retro \u010dern\u00e1 matn\u00e1 -\",\"isPartOf\":{\"@id\":\"https:\/\/www.oknobuild.com\/#website\"},\"primaryImageOfPage\":{\"@id\":\"https:\/\/www.oknobuild.com\/index.php\/produkt\/akce-rav-slezak-drzak-toaletniho-papiru-rezervni-morava-retro-cerna-matna-39577\/#primaryimage\"},\"image\":{\"@id\":\"https:\/\/www.oknobuild.com\/index.php\/produkt\/akce-rav-slezak-drzak-toaletniho-papiru-rezervni-morava-retro-cerna-matna-39577\/#primaryimage\"},\"thumbnailUrl\":\"https:\/\/www.oknobuild.com\/wp-content\/uploads\/2026\/SK0020857-CZ20260425-092632-0-1777080397-rav-slezak-drzak-toaletniho-papiru-rezervni-morava-retro-ce.webp\",\"datePublished\":\"2026-04-27T04:42:17+00:00\",\"breadcrumb\":{\"@id\":\"https:\/\/www.oknobuild.com\/index.php\/produkt\/akce-rav-slezak-drzak-toaletniho-papiru-rezervni-morava-retro-cerna-matna-39577\/#breadcrumb\"},\"inLanguage\":\"cs\",\"potentialAction\":[{\"@type\":\"ReadAction\",\"target\":[\"https:\/\/www.oknobuild.com\/index.php\/produkt\/akce-rav-slezak-drzak-toaletniho-papiru-rezervni-morava-retro-cerna-matna-39577\/\"]}]},{\"@type\":\"ImageObject\",\"inLanguage\":\"cs\",\"@id\":\"https:\/\/www.oknobuild.com\/index.php\/produkt\/akce-rav-slezak-drzak-toaletniho-papiru-rezervni-morava-retro-cerna-matna-39577\/#primaryimage\",\"url\":\"https:\/\/www.oknobuild.com\/wp-content\/uploads\/2026\/SK0020857-CZ20260425-092632-0-1777080397-rav-slezak-drzak-toaletniho-papiru-rezervni-morava-retro-ce.webp\",\"contentUrl\":\"https:\/\/www.oknobuild.com\/wp-content\/uploads\/2026\/SK0020857-CZ20260425-092632-0-1777080397-rav-slezak-drzak-toaletniho-papiru-rezervni-morava-retro-ce.webp\",\"width\":600,\"height\":600},{\"@type\":\"BreadcrumbList\",\"@id\":\"https:\/\/www.oknobuild.com\/index.php\/produkt\/akce-rav-slezak-drzak-toaletniho-papiru-rezervni-morava-retro-cerna-matna-39577\/#breadcrumb\",\"itemListElement\":[{\"@type\":\"ListItem\",\"position\":1,\"name\":\"Home\",\"item\":\"https:\/\/www.oknobuild.com\/\"},{\"@type\":\"ListItem\",\"position\":2,\"name\":\"Products\",\"item\":\"https:\/\/www.oknobuild.com\/index.php\/products\/\"},{\"@type\":\"ListItem\",\"position\":3,\"name\":\"Akce Rav Slez\u00e1k Dr\u017e\u00e1k toaletn\u00edho pap\u00edru rezervn\u00ed Morava Retro \u010dern\u00e1 matn\u00e1\"}]},{\"@type\":\"WebSite\",\"@id\":\"https:\/\/www.oknobuild.com\/#website\",\"url\":\"https:\/\/www.oknobuild.com\/\",\"name\":\"\",\"description\":\"\",\"potentialAction\":[{\"@type\":\"SearchAction\",\"target\":{\"@type\":\"EntryPoint\",\"urlTemplate\":\"https:\/\/www.oknobuild.com\/?s={search_term_string}\"},\"query-input\":{\"@type\":\"PropertyValueSpecification\",\"valueRequired\":true,\"valueName\":\"search_term_string\"}}],\"inLanguage\":\"cs\"}]}<\/script>\n<!-- \/ Yoast SEO plugin. -->","yoast_head_json":{"title":"Akce Rav Slez\u00e1k Dr\u017e\u00e1k toaletn\u00edho pap\u00edru rezervn\u00ed Morava Retro \u010dern\u00e1 matn\u00e1 -","robots":{"index":"index","follow":"follow","max-snippet":"max-snippet:-1","max-image-preview":"max-image-preview:large","max-video-preview":"max-video-preview:-1"},"canonical":"https:\/\/www.oknobuild.com\/index.php\/produkt\/akce-rav-slezak-drzak-toaletniho-papiru-rezervni-morava-retro-cerna-matna-39577\/","og_locale":"cs_CZ","og_type":"article","og_title":"Akce Rav Slez\u00e1k Dr\u017e\u00e1k toaletn\u00edho pap\u00edru rezervn\u00ed Morava Retro \u010dern\u00e1 matn\u00e1 -","og_description":"Popis produktu Rav Slez\u00e1k Dr\u017e\u00e1k toaletn\u00edho pap\u00edru rezervn\u00ed Morava Retro \u010dern\u00e1 matn\u00e1 Zn\u00e1te to, kdy\u017e v\u00e1m na WC dojde toaletn\u00ed pap\u00edr a\u00a0nem\u00e1te dal\u0161\u00ed? To se v\u00e1m ji\u017e nestane s\u00a0dr\u017e\u00e1kem toaletn\u00edho pap\u00edru rezervn\u00edm. tento v\u00fdrobek je vyroben z\u00a0mosazi s\u00a0povrchovou \u00fapravou \u010dern\u00e1 matn\u00e1 mont\u00e1\u017e vrt\u00e1n\u00edm nebo lepen\u00edm Z\u00e1ruka: 15 let na funk\u010dnost 2 roky na povrchovou \u00fapravu [&hellip;]","og_url":"https:\/\/www.oknobuild.com\/index.php\/produkt\/akce-rav-slezak-drzak-toaletniho-papiru-rezervni-morava-retro-cerna-matna-39577\/","og_image":[{"width":600,"height":600,"url":"https:\/\/www.oknobuild.com\/wp-content\/uploads\/2026\/SK0020857-CZ20260425-092632-0-1777080397-rav-slezak-drzak-toaletniho-papiru-rezervni-morava-retro-ce.webp","type":"image\/webp"}],"twitter_card":"summary_large_image","twitter_misc":{"Odhadovan\u00e1 doba \u010dten\u00ed":"1 minuta"},"schema":{"@context":"https:\/\/schema.org","@graph":[{"@type":"WebPage","@id":"https:\/\/www.oknobuild.com\/index.php\/produkt\/akce-rav-slezak-drzak-toaletniho-papiru-rezervni-morava-retro-cerna-matna-39577\/","url":"https:\/\/www.oknobuild.com\/index.php\/produkt\/akce-rav-slezak-drzak-toaletniho-papiru-rezervni-morava-retro-cerna-matna-39577\/","name":"Akce Rav Slez\u00e1k Dr\u017e\u00e1k toaletn\u00edho pap\u00edru rezervn\u00ed Morava Retro \u010dern\u00e1 matn\u00e1 -","isPartOf":{"@id":"https:\/\/www.oknobuild.com\/#website"},"primaryImageOfPage":{"@id":"https:\/\/www.oknobuild.com\/index.php\/produkt\/akce-rav-slezak-drzak-toaletniho-papiru-rezervni-morava-retro-cerna-matna-39577\/#primaryimage"},"image":{"@id":"https:\/\/www.oknobuild.com\/index.php\/produkt\/akce-rav-slezak-drzak-toaletniho-papiru-rezervni-morava-retro-cerna-matna-39577\/#primaryimage"},"thumbnailUrl":"https:\/\/www.oknobuild.com\/wp-content\/uploads\/2026\/SK0020857-CZ20260425-092632-0-1777080397-rav-slezak-drzak-toaletniho-papiru-rezervni-morava-retro-ce.webp","datePublished":"2026-04-27T04:42:17+00:00","breadcrumb":{"@id":"https:\/\/www.oknobuild.com\/index.php\/produkt\/akce-rav-slezak-drzak-toaletniho-papiru-rezervni-morava-retro-cerna-matna-39577\/#breadcrumb"},"inLanguage":"cs","potentialAction":[{"@type":"ReadAction","target":["https:\/\/www.oknobuild.com\/index.php\/produkt\/akce-rav-slezak-drzak-toaletniho-papiru-rezervni-morava-retro-cerna-matna-39577\/"]}]},{"@type":"ImageObject","inLanguage":"cs","@id":"https:\/\/www.oknobuild.com\/index.php\/produkt\/akce-rav-slezak-drzak-toaletniho-papiru-rezervni-morava-retro-cerna-matna-39577\/#primaryimage","url":"https:\/\/www.oknobuild.com\/wp-content\/uploads\/2026\/SK0020857-CZ20260425-092632-0-1777080397-rav-slezak-drzak-toaletniho-papiru-rezervni-morava-retro-ce.webp","contentUrl":"https:\/\/www.oknobuild.com\/wp-content\/uploads\/2026\/SK0020857-CZ20260425-092632-0-1777080397-rav-slezak-drzak-toaletniho-papiru-rezervni-morava-retro-ce.webp","width":600,"height":600},{"@type":"BreadcrumbList","@id":"https:\/\/www.oknobuild.com\/index.php\/produkt\/akce-rav-slezak-drzak-toaletniho-papiru-rezervni-morava-retro-cerna-matna-39577\/#breadcrumb","itemListElement":[{"@type":"ListItem","position":1,"name":"Home","item":"https:\/\/www.oknobuild.com\/"},{"@type":"ListItem","position":2,"name":"Products","item":"https:\/\/www.oknobuild.com\/index.php\/products\/"},{"@type":"ListItem","position":3,"name":"Akce Rav Slez\u00e1k Dr\u017e\u00e1k toaletn\u00edho pap\u00edru rezervn\u00ed Morava Retro \u010dern\u00e1 matn\u00e1"}]},{"@type":"WebSite","@id":"https:\/\/www.oknobuild.com\/#website","url":"https:\/\/www.oknobuild.com\/","name":"","description":"","potentialAction":[{"@type":"SearchAction","target":{"@type":"EntryPoint","urlTemplate":"https:\/\/www.oknobuild.com\/?s={search_term_string}"},"query-input":{"@type":"PropertyValueSpecification","valueRequired":true,"valueName":"search_term_string"}}],"inLanguage":"cs"}]}},"_links":{"self":[{"href":"https:\/\/www.oknobuild.com\/index.php\/wp-json\/wp\/v2\/product\/39577","targetHints":{"allow":["GET"]}}],"collection":[{"href":"https:\/\/www.oknobuild.com\/index.php\/wp-json\/wp\/v2\/product"}],"about":[{"href":"https:\/\/www.oknobuild.com\/index.php\/wp-json\/wp\/v2\/types\/product"}],"replies":[{"embeddable":true,"href":"https:\/\/www.oknobuild.com\/index.php\/wp-json\/wp\/v2\/comments?post=39577"}],"wp:featuredmedia":[{"embeddable":true,"href":"https:\/\/www.oknobuild.com\/index.php\/wp-json\/wp\/v2\/media\/39677"}],"wp:attachment":[{"href":"https:\/\/www.oknobuild.com\/index.php\/wp-json\/wp\/v2\/media?parent=39577"}],"wp:term":[{"taxonomy":"product_brand","embeddable":true,"href":"https:\/\/www.oknobuild.com\/index.php\/wp-json\/wp\/v2\/product_brand?post=39577"},{"taxonomy":"product_cat","embeddable":true,"href":"https:\/\/www.oknobuild.com\/index.php\/wp-json\/wp\/v2\/product_cat?post=39577"},{"taxonomy":"product_tag","embeddable":true,"href":"https:\/\/www.oknobuild.com\/index.php\/wp-json\/wp\/v2\/product_tag?post=39577"}],"curies":[{"name":"wp","href":"https:\/\/api.w.org\/{rel}","templated":true}]}}