{"id":39701,"date":"2026-04-27T04:42:18","date_gmt":"2026-04-27T04:42:18","guid":{"rendered":""},"modified":"2026-04-27T04:42:18","modified_gmt":"2026-04-27T04:42:18","slug":"zlevneny-rav-slezak-colorado-koupelnovy-vesacek-stara-mosaz-bronz-39701","status":"publish","type":"product","link":"https:\/\/www.oknobuild.com\/index.php\/produkt\/zlevneny-rav-slezak-colorado-koupelnovy-vesacek-stara-mosaz-bronz-39701\/","title":{"rendered":"Zlevn\u011bn\u00fd Rav Slez\u00e1k Colorado Koupelnov\u00fd v\u011b\u0161\u00e1\u010dek star\u00e1 mosaz (bronz)"},"content":{"rendered":"<div class=\"ProductDetail-content NoFixImageContainer\" id=\"productDescription\">\n<div class=\"Heading\">\n<h2 class=\"Heading-title\">Popis produktu <span class=''>Rav Slez\u00e1k Colorado Koupelnov\u00fd v\u011b\u0161\u00e1\u010dek star\u00e1 mosaz (bronz)<\/span><\/h2>\n<\/p><\/div>\n<div class=\"ProductDetailContent\">                                                                    <\/div>\n<div class=\"ProductDetailContent\">\n<div class=\"ProductDetailContent-item\">\n<p><strong>Jednoduch\u00fd v\u011b\u0161\u00e1\u010dek je ide\u00e1ln\u00edm&nbsp;pomocn\u00edkem pro pov\u011b\u0161en\u00ed ru\u010dn\u00edk\u016f, \u017e\u00ednek nebo oble\u010den\u00ed. <\/strong><\/p>\n<ul>\n<li>tento v\u00fdrobek je vyroben z&nbsp;mosazi s&nbsp;povrchovou \u00fapravou <strong>star\u00e1 mosaz&nbsp;<\/strong>(bronz)<\/li>\n<li><b>DU\u00c1LN\u00cd MONT\u00c1\u017d &#8211;&nbsp;<\/b>Kotv\u00edc\u00ed sada v balen\u00ed obsahuje d\u00edly pro klasick\u00e9 vrt\u00e1n\u00ed i mo\u017enost pevn\u00e9ho&nbsp;lepen\u00ed pomoc\u00ed technologie 3M.<\/li>\n<\/ul>\n<p><strong>Z\u00e1ruka:<\/strong><\/p>\n<ul>\n<li>15 let na funk\u010dnost<\/li>\n<li>2 roky na povrchovou \u00fapravu<\/li>\n<\/ul><\/div>\n<div class=\"ProductDetailContent-item\">\n<p><strong>Informa\u010dn\u00ed parametry:<\/strong><\/p>\n<ul>\n<li>Typ produktu: <strong>Koupelnov\u00fd dopln\u011bk<\/strong><\/li>\n<li>S\u00c9RIE: <strong>Colorado<\/strong><\/li>\n<li>Barva: <strong>Star\u00e1 mosaz (Bronz)<\/strong><\/li>\n<li>Materi\u00e1l: <strong>Mosaz<\/strong><\/li>\n<li>Povrchov\u00e1 \u00faprava: <strong>Lak<\/strong><\/li>\n<li>Typ uchycen\u00ed: <strong>Easy installation<\/strong><\/li>\n<\/ul><\/div>\n<div class=\"ProductDetailContent-item\">\n<p><strong>Ostatn\u00ed:<\/strong><\/p>\n<ul>\n<li>Rozm\u011br balen\u00ed: <strong>85 x 125 x 110 mm<\/strong><\/li>\n<li>V\u00e1ha netto: <strong>0,24<\/strong><\/li>\n<li>V\u00e1ha brutto: <strong>0,24<\/strong><\/li>\n<li>Celn\u00ed k\u00f3d: <strong>83025000<\/strong><\/li>\n<\/ul><\/div>\n<\/p><\/div>\n<\/p><\/div>\n<\/p><\/div>\n<\/p><\/div>\n","protected":false},"excerpt":{"rendered":"<p>Popis produktu Rav Slez\u00e1k Colorado Koupelnov\u00fd v\u011b\u0161\u00e1\u010dek star\u00e1 mosaz (bronz) Jednoduch\u00fd v\u011b\u0161\u00e1\u010dek je ide\u00e1ln\u00edm&nbsp;pomocn\u00edkem pro pov\u011b\u0161en\u00ed ru\u010dn\u00edk\u016f, \u017e\u00ednek nebo oble\u010den\u00ed. tento v\u00fdrobek je vyroben z&nbsp;mosazi s&nbsp;povrchovou \u00fapravou star\u00e1 mosaz&nbsp;(bronz) DU\u00c1LN\u00cd MONT\u00c1\u017d &#8211;&nbsp;Kotv\u00edc\u00ed sada v balen\u00ed obsahuje d\u00edly pro klasick\u00e9 vrt\u00e1n\u00ed i mo\u017enost pevn\u00e9ho&nbsp;lepen\u00ed pomoc\u00ed technologie 3M. Z\u00e1ruka: 15 let na funk\u010dnost 2 roky na povrchovou [&hellip;]<\/p>\n","protected":false},"featured_media":39801,"comment_status":"open","ping_status":"open","template":"","meta":[],"product_brand":[],"product_cat":[65],"product_tag":[],"class_list":{"0":"post-39701","1":"product","2":"type-product","3":"status-publish","4":"has-post-thumbnail","6":"product_cat-koupelny","8":"first","9":"instock","10":"sale","11":"shipping-taxable","12":"purchasable","13":"product-type-simple"},"yoast_head":"<!-- This site is optimized with the Yoast SEO plugin v26.8 - https:\/\/yoast.com\/product\/yoast-seo-wordpress\/ -->\n<title>Zlevn\u011bn\u00fd Rav Slez\u00e1k Colorado Koupelnov\u00fd v\u011b\u0161\u00e1\u010dek star\u00e1 mosaz (bronz) -<\/title>\n<meta name=\"robots\" content=\"index, follow, max-snippet:-1, max-image-preview:large, max-video-preview:-1\" \/>\n<link rel=\"canonical\" href=\"https:\/\/www.oknobuild.com\/index.php\/produkt\/zlevneny-rav-slezak-colorado-koupelnovy-vesacek-stara-mosaz-bronz-39701\/\" \/>\n<meta property=\"og:locale\" content=\"cs_CZ\" \/>\n<meta property=\"og:type\" content=\"article\" \/>\n<meta property=\"og:title\" content=\"Zlevn\u011bn\u00fd Rav Slez\u00e1k Colorado Koupelnov\u00fd v\u011b\u0161\u00e1\u010dek star\u00e1 mosaz (bronz) -\" \/>\n<meta property=\"og:description\" content=\"Popis produktu Rav Slez\u00e1k Colorado Koupelnov\u00fd v\u011b\u0161\u00e1\u010dek star\u00e1 mosaz (bronz) Jednoduch\u00fd v\u011b\u0161\u00e1\u010dek je ide\u00e1ln\u00edm&nbsp;pomocn\u00edkem pro pov\u011b\u0161en\u00ed ru\u010dn\u00edk\u016f, \u017e\u00ednek nebo oble\u010den\u00ed. tento v\u00fdrobek je vyroben z&nbsp;mosazi s&nbsp;povrchovou \u00fapravou star\u00e1 mosaz&nbsp;(bronz) DU\u00c1LN\u00cd MONT\u00c1\u017d &#8211;&nbsp;Kotv\u00edc\u00ed sada v balen\u00ed obsahuje d\u00edly pro klasick\u00e9 vrt\u00e1n\u00ed i mo\u017enost pevn\u00e9ho&nbsp;lepen\u00ed pomoc\u00ed technologie 3M. Z\u00e1ruka: 15 let na funk\u010dnost 2 roky na povrchovou [&hellip;]\" \/>\n<meta property=\"og:url\" content=\"https:\/\/www.oknobuild.com\/index.php\/produkt\/zlevneny-rav-slezak-colorado-koupelnovy-vesacek-stara-mosaz-bronz-39701\/\" \/>\n<meta property=\"og:image\" content=\"https:\/\/www.oknobuild.com\/wp-content\/uploads\/2026\/SK0020881-CZ20260425-092632-0-1777080397-rav-slezak-colorado-koupelnovy-vesacek-stara-mosaz-bronz-93.webp\" \/>\n\t<meta property=\"og:image:width\" content=\"600\" \/>\n\t<meta property=\"og:image:height\" content=\"600\" \/>\n\t<meta property=\"og:image:type\" content=\"image\/webp\" \/>\n<meta name=\"twitter:card\" content=\"summary_large_image\" \/>\n<meta name=\"twitter:label1\" content=\"Odhadovan\u00e1 doba \u010dten\u00ed\" \/>\n\t<meta name=\"twitter:data1\" content=\"1 minuta\" \/>\n<script type=\"application\/ld+json\" class=\"yoast-schema-graph\">{\"@context\":\"https:\/\/schema.org\",\"@graph\":[{\"@type\":\"WebPage\",\"@id\":\"https:\/\/www.oknobuild.com\/index.php\/produkt\/zlevneny-rav-slezak-colorado-koupelnovy-vesacek-stara-mosaz-bronz-39701\/\",\"url\":\"https:\/\/www.oknobuild.com\/index.php\/produkt\/zlevneny-rav-slezak-colorado-koupelnovy-vesacek-stara-mosaz-bronz-39701\/\",\"name\":\"Zlevn\u011bn\u00fd Rav Slez\u00e1k Colorado Koupelnov\u00fd v\u011b\u0161\u00e1\u010dek star\u00e1 mosaz (bronz) -\",\"isPartOf\":{\"@id\":\"https:\/\/www.oknobuild.com\/#website\"},\"primaryImageOfPage\":{\"@id\":\"https:\/\/www.oknobuild.com\/index.php\/produkt\/zlevneny-rav-slezak-colorado-koupelnovy-vesacek-stara-mosaz-bronz-39701\/#primaryimage\"},\"image\":{\"@id\":\"https:\/\/www.oknobuild.com\/index.php\/produkt\/zlevneny-rav-slezak-colorado-koupelnovy-vesacek-stara-mosaz-bronz-39701\/#primaryimage\"},\"thumbnailUrl\":\"https:\/\/www.oknobuild.com\/wp-content\/uploads\/2026\/SK0020881-CZ20260425-092632-0-1777080397-rav-slezak-colorado-koupelnovy-vesacek-stara-mosaz-bronz-93.webp\",\"datePublished\":\"2026-04-27T04:42:18+00:00\",\"breadcrumb\":{\"@id\":\"https:\/\/www.oknobuild.com\/index.php\/produkt\/zlevneny-rav-slezak-colorado-koupelnovy-vesacek-stara-mosaz-bronz-39701\/#breadcrumb\"},\"inLanguage\":\"cs\",\"potentialAction\":[{\"@type\":\"ReadAction\",\"target\":[\"https:\/\/www.oknobuild.com\/index.php\/produkt\/zlevneny-rav-slezak-colorado-koupelnovy-vesacek-stara-mosaz-bronz-39701\/\"]}]},{\"@type\":\"ImageObject\",\"inLanguage\":\"cs\",\"@id\":\"https:\/\/www.oknobuild.com\/index.php\/produkt\/zlevneny-rav-slezak-colorado-koupelnovy-vesacek-stara-mosaz-bronz-39701\/#primaryimage\",\"url\":\"https:\/\/www.oknobuild.com\/wp-content\/uploads\/2026\/SK0020881-CZ20260425-092632-0-1777080397-rav-slezak-colorado-koupelnovy-vesacek-stara-mosaz-bronz-93.webp\",\"contentUrl\":\"https:\/\/www.oknobuild.com\/wp-content\/uploads\/2026\/SK0020881-CZ20260425-092632-0-1777080397-rav-slezak-colorado-koupelnovy-vesacek-stara-mosaz-bronz-93.webp\",\"width\":600,\"height\":600},{\"@type\":\"BreadcrumbList\",\"@id\":\"https:\/\/www.oknobuild.com\/index.php\/produkt\/zlevneny-rav-slezak-colorado-koupelnovy-vesacek-stara-mosaz-bronz-39701\/#breadcrumb\",\"itemListElement\":[{\"@type\":\"ListItem\",\"position\":1,\"name\":\"Home\",\"item\":\"https:\/\/www.oknobuild.com\/\"},{\"@type\":\"ListItem\",\"position\":2,\"name\":\"Products\",\"item\":\"https:\/\/www.oknobuild.com\/index.php\/products\/\"},{\"@type\":\"ListItem\",\"position\":3,\"name\":\"Zlevn\u011bn\u00fd Rav Slez\u00e1k Colorado Koupelnov\u00fd v\u011b\u0161\u00e1\u010dek star\u00e1 mosaz (bronz)\"}]},{\"@type\":\"WebSite\",\"@id\":\"https:\/\/www.oknobuild.com\/#website\",\"url\":\"https:\/\/www.oknobuild.com\/\",\"name\":\"\",\"description\":\"\",\"potentialAction\":[{\"@type\":\"SearchAction\",\"target\":{\"@type\":\"EntryPoint\",\"urlTemplate\":\"https:\/\/www.oknobuild.com\/?s={search_term_string}\"},\"query-input\":{\"@type\":\"PropertyValueSpecification\",\"valueRequired\":true,\"valueName\":\"search_term_string\"}}],\"inLanguage\":\"cs\"}]}<\/script>\n<!-- \/ Yoast SEO plugin. -->","yoast_head_json":{"title":"Zlevn\u011bn\u00fd Rav Slez\u00e1k Colorado Koupelnov\u00fd v\u011b\u0161\u00e1\u010dek star\u00e1 mosaz (bronz) -","robots":{"index":"index","follow":"follow","max-snippet":"max-snippet:-1","max-image-preview":"max-image-preview:large","max-video-preview":"max-video-preview:-1"},"canonical":"https:\/\/www.oknobuild.com\/index.php\/produkt\/zlevneny-rav-slezak-colorado-koupelnovy-vesacek-stara-mosaz-bronz-39701\/","og_locale":"cs_CZ","og_type":"article","og_title":"Zlevn\u011bn\u00fd Rav Slez\u00e1k Colorado Koupelnov\u00fd v\u011b\u0161\u00e1\u010dek star\u00e1 mosaz (bronz) -","og_description":"Popis produktu Rav Slez\u00e1k Colorado Koupelnov\u00fd v\u011b\u0161\u00e1\u010dek star\u00e1 mosaz (bronz) Jednoduch\u00fd v\u011b\u0161\u00e1\u010dek je ide\u00e1ln\u00edm&nbsp;pomocn\u00edkem pro pov\u011b\u0161en\u00ed ru\u010dn\u00edk\u016f, \u017e\u00ednek nebo oble\u010den\u00ed. tento v\u00fdrobek je vyroben z&nbsp;mosazi s&nbsp;povrchovou \u00fapravou star\u00e1 mosaz&nbsp;(bronz) DU\u00c1LN\u00cd MONT\u00c1\u017d &#8211;&nbsp;Kotv\u00edc\u00ed sada v balen\u00ed obsahuje d\u00edly pro klasick\u00e9 vrt\u00e1n\u00ed i mo\u017enost pevn\u00e9ho&nbsp;lepen\u00ed pomoc\u00ed technologie 3M. Z\u00e1ruka: 15 let na funk\u010dnost 2 roky na povrchovou [&hellip;]","og_url":"https:\/\/www.oknobuild.com\/index.php\/produkt\/zlevneny-rav-slezak-colorado-koupelnovy-vesacek-stara-mosaz-bronz-39701\/","og_image":[{"width":600,"height":600,"url":"https:\/\/www.oknobuild.com\/wp-content\/uploads\/2026\/SK0020881-CZ20260425-092632-0-1777080397-rav-slezak-colorado-koupelnovy-vesacek-stara-mosaz-bronz-93.webp","type":"image\/webp"}],"twitter_card":"summary_large_image","twitter_misc":{"Odhadovan\u00e1 doba \u010dten\u00ed":"1 minuta"},"schema":{"@context":"https:\/\/schema.org","@graph":[{"@type":"WebPage","@id":"https:\/\/www.oknobuild.com\/index.php\/produkt\/zlevneny-rav-slezak-colorado-koupelnovy-vesacek-stara-mosaz-bronz-39701\/","url":"https:\/\/www.oknobuild.com\/index.php\/produkt\/zlevneny-rav-slezak-colorado-koupelnovy-vesacek-stara-mosaz-bronz-39701\/","name":"Zlevn\u011bn\u00fd Rav Slez\u00e1k Colorado Koupelnov\u00fd v\u011b\u0161\u00e1\u010dek star\u00e1 mosaz (bronz) -","isPartOf":{"@id":"https:\/\/www.oknobuild.com\/#website"},"primaryImageOfPage":{"@id":"https:\/\/www.oknobuild.com\/index.php\/produkt\/zlevneny-rav-slezak-colorado-koupelnovy-vesacek-stara-mosaz-bronz-39701\/#primaryimage"},"image":{"@id":"https:\/\/www.oknobuild.com\/index.php\/produkt\/zlevneny-rav-slezak-colorado-koupelnovy-vesacek-stara-mosaz-bronz-39701\/#primaryimage"},"thumbnailUrl":"https:\/\/www.oknobuild.com\/wp-content\/uploads\/2026\/SK0020881-CZ20260425-092632-0-1777080397-rav-slezak-colorado-koupelnovy-vesacek-stara-mosaz-bronz-93.webp","datePublished":"2026-04-27T04:42:18+00:00","breadcrumb":{"@id":"https:\/\/www.oknobuild.com\/index.php\/produkt\/zlevneny-rav-slezak-colorado-koupelnovy-vesacek-stara-mosaz-bronz-39701\/#breadcrumb"},"inLanguage":"cs","potentialAction":[{"@type":"ReadAction","target":["https:\/\/www.oknobuild.com\/index.php\/produkt\/zlevneny-rav-slezak-colorado-koupelnovy-vesacek-stara-mosaz-bronz-39701\/"]}]},{"@type":"ImageObject","inLanguage":"cs","@id":"https:\/\/www.oknobuild.com\/index.php\/produkt\/zlevneny-rav-slezak-colorado-koupelnovy-vesacek-stara-mosaz-bronz-39701\/#primaryimage","url":"https:\/\/www.oknobuild.com\/wp-content\/uploads\/2026\/SK0020881-CZ20260425-092632-0-1777080397-rav-slezak-colorado-koupelnovy-vesacek-stara-mosaz-bronz-93.webp","contentUrl":"https:\/\/www.oknobuild.com\/wp-content\/uploads\/2026\/SK0020881-CZ20260425-092632-0-1777080397-rav-slezak-colorado-koupelnovy-vesacek-stara-mosaz-bronz-93.webp","width":600,"height":600},{"@type":"BreadcrumbList","@id":"https:\/\/www.oknobuild.com\/index.php\/produkt\/zlevneny-rav-slezak-colorado-koupelnovy-vesacek-stara-mosaz-bronz-39701\/#breadcrumb","itemListElement":[{"@type":"ListItem","position":1,"name":"Home","item":"https:\/\/www.oknobuild.com\/"},{"@type":"ListItem","position":2,"name":"Products","item":"https:\/\/www.oknobuild.com\/index.php\/products\/"},{"@type":"ListItem","position":3,"name":"Zlevn\u011bn\u00fd Rav Slez\u00e1k Colorado Koupelnov\u00fd v\u011b\u0161\u00e1\u010dek star\u00e1 mosaz (bronz)"}]},{"@type":"WebSite","@id":"https:\/\/www.oknobuild.com\/#website","url":"https:\/\/www.oknobuild.com\/","name":"","description":"","potentialAction":[{"@type":"SearchAction","target":{"@type":"EntryPoint","urlTemplate":"https:\/\/www.oknobuild.com\/?s={search_term_string}"},"query-input":{"@type":"PropertyValueSpecification","valueRequired":true,"valueName":"search_term_string"}}],"inLanguage":"cs"}]}},"_links":{"self":[{"href":"https:\/\/www.oknobuild.com\/index.php\/wp-json\/wp\/v2\/product\/39701","targetHints":{"allow":["GET"]}}],"collection":[{"href":"https:\/\/www.oknobuild.com\/index.php\/wp-json\/wp\/v2\/product"}],"about":[{"href":"https:\/\/www.oknobuild.com\/index.php\/wp-json\/wp\/v2\/types\/product"}],"replies":[{"embeddable":true,"href":"https:\/\/www.oknobuild.com\/index.php\/wp-json\/wp\/v2\/comments?post=39701"}],"wp:featuredmedia":[{"embeddable":true,"href":"https:\/\/www.oknobuild.com\/index.php\/wp-json\/wp\/v2\/media\/39801"}],"wp:attachment":[{"href":"https:\/\/www.oknobuild.com\/index.php\/wp-json\/wp\/v2\/media?parent=39701"}],"wp:term":[{"taxonomy":"product_brand","embeddable":true,"href":"https:\/\/www.oknobuild.com\/index.php\/wp-json\/wp\/v2\/product_brand?post=39701"},{"taxonomy":"product_cat","embeddable":true,"href":"https:\/\/www.oknobuild.com\/index.php\/wp-json\/wp\/v2\/product_cat?post=39701"},{"taxonomy":"product_tag","embeddable":true,"href":"https:\/\/www.oknobuild.com\/index.php\/wp-json\/wp\/v2\/product_tag?post=39701"}],"curies":[{"name":"wp","href":"https:\/\/api.w.org\/{rel}","templated":true}]}}