{"id":39913,"date":"2026-04-27T04:42:18","date_gmt":"2026-04-27T04:42:18","guid":{"rendered":""},"modified":"2026-04-27T04:42:18","modified_gmt":"2026-04-27T04:42:18","slug":"znackovy-rav-slezak-hlavova-sprcha-kulata-kovova-o-30cm-s-4-otvorovymi-tryskami-zlata-ruzova-leskla-39913","status":"publish","type":"product","link":"https:\/\/www.oknobuild.com\/index.php\/produkt\/znackovy-rav-slezak-hlavova-sprcha-kulata-kovova-o-30cm-s-4-otvorovymi-tryskami-zlata-ruzova-leskla-39913\/","title":{"rendered":"Zna\u010dkov\u00fd Rav Slez\u00e1k Hlavov\u00e1 sprcha kulat\u00e1 kovov\u00e1 \u00f8 30cm s 4-otvorov\u00fdmi tryskami zlat\u00e1 r\u016f\u017eov\u00e1 leskl\u00e1"},"content":{"rendered":"<div class=\"ProductDetail-content NoFixImageContainer\" id=\"productDescription\">\n<div class=\"Heading\">\n<h2 class=\"Heading-title\">Popis produktu <span class=''>Rav Slez\u00e1k Hlavov\u00e1 sprcha kulat\u00e1 kovov\u00e1 \u00f8 30cm s 4-otvorov\u00fdmi tryskami zlat\u00e1 r\u016f\u017eov\u00e1 leskl\u00e1<\/span><\/h2>\n<\/p><\/div>\n<div class=\"ProductDetailContent\">                                                                    <\/div>\n<div class=\"ProductDetailContent\">\n<div class=\"ProductDetailContent-item\">\n<p><strong>Hlavov\u00e1 sprcha antiv\u00e1penn\u00e1 &#8211; zlat\u00e1 r\u016f\u017eov\u00e1 leskl\u00e1.<\/strong><\/p>\n<ul>\n<li><strong>1<\/strong>-polohov\u00e1 s 4-otvorov\u00fdmi tryskami<\/li>\n<li>sprchovou r\u016f\u017eici doporu\u010dujeme um\u00edstit na sprchov\u00fd dr\u017e\u00e1k ze stropu<\/li>\n<li>hlavov\u00e1 sprcha m\u00e1 funkci EasyClean \u2013 jednoduch\u00e9 \u010di\u0161t\u011bn\u00ed drobn\u00fdch trysek sprchy (vznikaj\u00edc\u00ed vodn\u00ed k\u00e1men lze pouh\u00fdm jemn\u00fdm dotykem z\u00a0povrchu trysek jednodu\u0161e set\u0159\u00edt)<\/li>\n<li>v\u00e1ha sprchy je 1,36 kg<\/li>\n<li>povrchov\u00e1 \u00faprava PVD<\/li>\n<\/ul>\n<p>Z\u00e1ruka:<\/p>\n<ul>\n<li>na u\u017eitn\u00e9 vlastnosti a\u00a0funk\u010dnost &#8211;\u00a02\u00a0roky<\/li>\n<li>na povrchovou \u00fapravu &#8211; 6 let<\/li>\n<\/ul><\/div>\n<div class=\"ProductDetailContent-item\">\n<p><strong>Informa\u010dn\u00ed parametry:<\/strong><\/p>\n<ul>\n<li>Typ produktu: <strong>Sprchov\u00fd program<\/strong><\/li>\n<li>Barva: <strong>Zlat\u00e1 r\u016f\u017eov\u00e1 leskl\u00e1<\/strong><\/li>\n<li>Materi\u00e1l: <strong>Nerez<\/strong><\/li>\n<li>Povrchov\u00e1 \u00faprava: <strong>PVD<\/strong><\/li>\n<li>Pr\u016fm\u011br sprchy: <strong>300<\/strong><\/li>\n<li>Pr\u016ftok vody l\/min: <strong>9<\/strong><\/li>\n<li>Pr\u016ftok vody: <strong>9<\/strong><\/li>\n<li>Rozm\u011br: <strong>300 mm<\/strong><\/li>\n<li>Ru\u010dn\u00ed sprchy, po\u010det funkc\u00ed: <strong>s 4-otvorov\u00fdmi tryskami<\/strong><\/li>\n<li>\u00daspora vody: <strong>50%<\/strong><\/li>\n<li>Velikost sprchy stropn\u00ed, prum, mm: <strong>\u2300300<\/strong><\/li>\n<li>Vzhled (kulat\u00e1, hranat\u00e1) &#8211; ru\u010dn\u00ed a stropn\u00ed sprchy: <strong>kulat\u00e1<\/strong><\/li>\n<\/ul><\/div>\n<div class=\"ProductDetailContent-item\">\n<p><strong>Ostatn\u00ed:<\/strong><\/p>\n<ul>\n<li>Rozm\u011br balen\u00ed: <strong>330 x 310 x 60<\/strong><\/li>\n<li>Celn\u00ed k\u00f3d: <strong>73249000<\/strong><\/li>\n<\/ul><\/div>\n<\/p><\/div>\n<\/p><\/div>\n<\/p><\/div>\n<\/p><\/div>\n","protected":false},"excerpt":{"rendered":"<p>Popis produktu Rav Slez\u00e1k Hlavov\u00e1 sprcha kulat\u00e1 kovov\u00e1 \u00f8 30cm s 4-otvorov\u00fdmi tryskami zlat\u00e1 r\u016f\u017eov\u00e1 leskl\u00e1 Hlavov\u00e1 sprcha antiv\u00e1penn\u00e1 &#8211; zlat\u00e1 r\u016f\u017eov\u00e1 leskl\u00e1. 1-polohov\u00e1 s 4-otvorov\u00fdmi tryskami sprchovou r\u016f\u017eici doporu\u010dujeme um\u00edstit na sprchov\u00fd dr\u017e\u00e1k ze stropu hlavov\u00e1 sprcha m\u00e1 funkci EasyClean \u2013 jednoduch\u00e9 \u010di\u0161t\u011bn\u00ed drobn\u00fdch trysek sprchy (vznikaj\u00edc\u00ed vodn\u00ed k\u00e1men lze pouh\u00fdm jemn\u00fdm dotykem z\u00a0povrchu [&hellip;]<\/p>\n","protected":false},"featured_media":40013,"comment_status":"open","ping_status":"open","template":"","meta":[],"product_brand":[],"product_cat":[65],"product_tag":[],"class_list":{"0":"post-39913","1":"product","2":"type-product","3":"status-publish","4":"has-post-thumbnail","6":"product_cat-koupelny","8":"first","9":"instock","10":"sale","11":"shipping-taxable","12":"purchasable","13":"product-type-simple"},"yoast_head":"<!-- This site is optimized with the Yoast SEO plugin v26.8 - https:\/\/yoast.com\/product\/yoast-seo-wordpress\/ -->\n<title>Zna\u010dkov\u00fd Rav Slez\u00e1k Hlavov\u00e1 sprcha kulat\u00e1 kovov\u00e1 \u00f8 30cm s 4-otvorov\u00fdmi tryskami zlat\u00e1 r\u016f\u017eov\u00e1 leskl\u00e1 -<\/title>\n<meta name=\"robots\" content=\"index, follow, max-snippet:-1, max-image-preview:large, max-video-preview:-1\" \/>\n<link rel=\"canonical\" href=\"https:\/\/www.oknobuild.com\/index.php\/produkt\/znackovy-rav-slezak-hlavova-sprcha-kulata-kovova-o-30cm-s-4-otvorovymi-tryskami-zlata-ruzova-leskla-39913\/\" \/>\n<meta property=\"og:locale\" content=\"cs_CZ\" \/>\n<meta property=\"og:type\" content=\"article\" \/>\n<meta property=\"og:title\" content=\"Zna\u010dkov\u00fd Rav Slez\u00e1k Hlavov\u00e1 sprcha kulat\u00e1 kovov\u00e1 \u00f8 30cm s 4-otvorov\u00fdmi tryskami zlat\u00e1 r\u016f\u017eov\u00e1 leskl\u00e1 -\" \/>\n<meta property=\"og:description\" content=\"Popis produktu Rav Slez\u00e1k Hlavov\u00e1 sprcha kulat\u00e1 kovov\u00e1 \u00f8 30cm s 4-otvorov\u00fdmi tryskami zlat\u00e1 r\u016f\u017eov\u00e1 leskl\u00e1 Hlavov\u00e1 sprcha antiv\u00e1penn\u00e1 &#8211; zlat\u00e1 r\u016f\u017eov\u00e1 leskl\u00e1. 1-polohov\u00e1 s 4-otvorov\u00fdmi tryskami sprchovou r\u016f\u017eici doporu\u010dujeme um\u00edstit na sprchov\u00fd dr\u017e\u00e1k ze stropu hlavov\u00e1 sprcha m\u00e1 funkci EasyClean \u2013 jednoduch\u00e9 \u010di\u0161t\u011bn\u00ed drobn\u00fdch trysek sprchy (vznikaj\u00edc\u00ed vodn\u00ed k\u00e1men lze pouh\u00fdm jemn\u00fdm dotykem z\u00a0povrchu [&hellip;]\" \/>\n<meta property=\"og:url\" content=\"https:\/\/www.oknobuild.com\/index.php\/produkt\/znackovy-rav-slezak-hlavova-sprcha-kulata-kovova-o-30cm-s-4-otvorovymi-tryskami-zlata-ruzova-leskla-39913\/\" \/>\n<meta property=\"og:image\" content=\"https:\/\/www.oknobuild.com\/wp-content\/uploads\/2026\/SK0020993-CZ20260425-092632-0-1777080397-rav-slezak-hlavova-sprcha-kulata-kovova-30cm-s-4-otvorovymi.webp\" \/>\n\t<meta property=\"og:image:width\" content=\"600\" \/>\n\t<meta property=\"og:image:height\" content=\"600\" \/>\n\t<meta property=\"og:image:type\" content=\"image\/webp\" \/>\n<meta name=\"twitter:card\" content=\"summary_large_image\" \/>\n<meta name=\"twitter:label1\" content=\"Odhadovan\u00e1 doba \u010dten\u00ed\" \/>\n\t<meta name=\"twitter:data1\" content=\"1 minuta\" \/>\n<script type=\"application\/ld+json\" class=\"yoast-schema-graph\">{\"@context\":\"https:\/\/schema.org\",\"@graph\":[{\"@type\":\"WebPage\",\"@id\":\"https:\/\/www.oknobuild.com\/index.php\/produkt\/znackovy-rav-slezak-hlavova-sprcha-kulata-kovova-o-30cm-s-4-otvorovymi-tryskami-zlata-ruzova-leskla-39913\/\",\"url\":\"https:\/\/www.oknobuild.com\/index.php\/produkt\/znackovy-rav-slezak-hlavova-sprcha-kulata-kovova-o-30cm-s-4-otvorovymi-tryskami-zlata-ruzova-leskla-39913\/\",\"name\":\"Zna\u010dkov\u00fd Rav Slez\u00e1k Hlavov\u00e1 sprcha kulat\u00e1 kovov\u00e1 \u00f8 30cm s 4-otvorov\u00fdmi tryskami zlat\u00e1 r\u016f\u017eov\u00e1 leskl\u00e1 -\",\"isPartOf\":{\"@id\":\"https:\/\/www.oknobuild.com\/#website\"},\"primaryImageOfPage\":{\"@id\":\"https:\/\/www.oknobuild.com\/index.php\/produkt\/znackovy-rav-slezak-hlavova-sprcha-kulata-kovova-o-30cm-s-4-otvorovymi-tryskami-zlata-ruzova-leskla-39913\/#primaryimage\"},\"image\":{\"@id\":\"https:\/\/www.oknobuild.com\/index.php\/produkt\/znackovy-rav-slezak-hlavova-sprcha-kulata-kovova-o-30cm-s-4-otvorovymi-tryskami-zlata-ruzova-leskla-39913\/#primaryimage\"},\"thumbnailUrl\":\"https:\/\/www.oknobuild.com\/wp-content\/uploads\/2026\/SK0020993-CZ20260425-092632-0-1777080397-rav-slezak-hlavova-sprcha-kulata-kovova-30cm-s-4-otvorovymi.webp\",\"datePublished\":\"2026-04-27T04:42:18+00:00\",\"breadcrumb\":{\"@id\":\"https:\/\/www.oknobuild.com\/index.php\/produkt\/znackovy-rav-slezak-hlavova-sprcha-kulata-kovova-o-30cm-s-4-otvorovymi-tryskami-zlata-ruzova-leskla-39913\/#breadcrumb\"},\"inLanguage\":\"cs\",\"potentialAction\":[{\"@type\":\"ReadAction\",\"target\":[\"https:\/\/www.oknobuild.com\/index.php\/produkt\/znackovy-rav-slezak-hlavova-sprcha-kulata-kovova-o-30cm-s-4-otvorovymi-tryskami-zlata-ruzova-leskla-39913\/\"]}]},{\"@type\":\"ImageObject\",\"inLanguage\":\"cs\",\"@id\":\"https:\/\/www.oknobuild.com\/index.php\/produkt\/znackovy-rav-slezak-hlavova-sprcha-kulata-kovova-o-30cm-s-4-otvorovymi-tryskami-zlata-ruzova-leskla-39913\/#primaryimage\",\"url\":\"https:\/\/www.oknobuild.com\/wp-content\/uploads\/2026\/SK0020993-CZ20260425-092632-0-1777080397-rav-slezak-hlavova-sprcha-kulata-kovova-30cm-s-4-otvorovymi.webp\",\"contentUrl\":\"https:\/\/www.oknobuild.com\/wp-content\/uploads\/2026\/SK0020993-CZ20260425-092632-0-1777080397-rav-slezak-hlavova-sprcha-kulata-kovova-30cm-s-4-otvorovymi.webp\",\"width\":600,\"height\":600},{\"@type\":\"BreadcrumbList\",\"@id\":\"https:\/\/www.oknobuild.com\/index.php\/produkt\/znackovy-rav-slezak-hlavova-sprcha-kulata-kovova-o-30cm-s-4-otvorovymi-tryskami-zlata-ruzova-leskla-39913\/#breadcrumb\",\"itemListElement\":[{\"@type\":\"ListItem\",\"position\":1,\"name\":\"Home\",\"item\":\"https:\/\/www.oknobuild.com\/\"},{\"@type\":\"ListItem\",\"position\":2,\"name\":\"Products\",\"item\":\"https:\/\/www.oknobuild.com\/index.php\/products\/\"},{\"@type\":\"ListItem\",\"position\":3,\"name\":\"Zna\u010dkov\u00fd Rav Slez\u00e1k Hlavov\u00e1 sprcha kulat\u00e1 kovov\u00e1 \u00f8 30cm s 4-otvorov\u00fdmi tryskami zlat\u00e1 r\u016f\u017eov\u00e1 leskl\u00e1\"}]},{\"@type\":\"WebSite\",\"@id\":\"https:\/\/www.oknobuild.com\/#website\",\"url\":\"https:\/\/www.oknobuild.com\/\",\"name\":\"\",\"description\":\"\",\"potentialAction\":[{\"@type\":\"SearchAction\",\"target\":{\"@type\":\"EntryPoint\",\"urlTemplate\":\"https:\/\/www.oknobuild.com\/?s={search_term_string}\"},\"query-input\":{\"@type\":\"PropertyValueSpecification\",\"valueRequired\":true,\"valueName\":\"search_term_string\"}}],\"inLanguage\":\"cs\"}]}<\/script>\n<!-- \/ Yoast SEO plugin. -->","yoast_head_json":{"title":"Zna\u010dkov\u00fd Rav Slez\u00e1k Hlavov\u00e1 sprcha kulat\u00e1 kovov\u00e1 \u00f8 30cm s 4-otvorov\u00fdmi tryskami zlat\u00e1 r\u016f\u017eov\u00e1 leskl\u00e1 -","robots":{"index":"index","follow":"follow","max-snippet":"max-snippet:-1","max-image-preview":"max-image-preview:large","max-video-preview":"max-video-preview:-1"},"canonical":"https:\/\/www.oknobuild.com\/index.php\/produkt\/znackovy-rav-slezak-hlavova-sprcha-kulata-kovova-o-30cm-s-4-otvorovymi-tryskami-zlata-ruzova-leskla-39913\/","og_locale":"cs_CZ","og_type":"article","og_title":"Zna\u010dkov\u00fd Rav Slez\u00e1k Hlavov\u00e1 sprcha kulat\u00e1 kovov\u00e1 \u00f8 30cm s 4-otvorov\u00fdmi tryskami zlat\u00e1 r\u016f\u017eov\u00e1 leskl\u00e1 -","og_description":"Popis produktu Rav Slez\u00e1k Hlavov\u00e1 sprcha kulat\u00e1 kovov\u00e1 \u00f8 30cm s 4-otvorov\u00fdmi tryskami zlat\u00e1 r\u016f\u017eov\u00e1 leskl\u00e1 Hlavov\u00e1 sprcha antiv\u00e1penn\u00e1 &#8211; zlat\u00e1 r\u016f\u017eov\u00e1 leskl\u00e1. 1-polohov\u00e1 s 4-otvorov\u00fdmi tryskami sprchovou r\u016f\u017eici doporu\u010dujeme um\u00edstit na sprchov\u00fd dr\u017e\u00e1k ze stropu hlavov\u00e1 sprcha m\u00e1 funkci EasyClean \u2013 jednoduch\u00e9 \u010di\u0161t\u011bn\u00ed drobn\u00fdch trysek sprchy (vznikaj\u00edc\u00ed vodn\u00ed k\u00e1men lze pouh\u00fdm jemn\u00fdm dotykem z\u00a0povrchu [&hellip;]","og_url":"https:\/\/www.oknobuild.com\/index.php\/produkt\/znackovy-rav-slezak-hlavova-sprcha-kulata-kovova-o-30cm-s-4-otvorovymi-tryskami-zlata-ruzova-leskla-39913\/","og_image":[{"width":600,"height":600,"url":"https:\/\/www.oknobuild.com\/wp-content\/uploads\/2026\/SK0020993-CZ20260425-092632-0-1777080397-rav-slezak-hlavova-sprcha-kulata-kovova-30cm-s-4-otvorovymi.webp","type":"image\/webp"}],"twitter_card":"summary_large_image","twitter_misc":{"Odhadovan\u00e1 doba \u010dten\u00ed":"1 minuta"},"schema":{"@context":"https:\/\/schema.org","@graph":[{"@type":"WebPage","@id":"https:\/\/www.oknobuild.com\/index.php\/produkt\/znackovy-rav-slezak-hlavova-sprcha-kulata-kovova-o-30cm-s-4-otvorovymi-tryskami-zlata-ruzova-leskla-39913\/","url":"https:\/\/www.oknobuild.com\/index.php\/produkt\/znackovy-rav-slezak-hlavova-sprcha-kulata-kovova-o-30cm-s-4-otvorovymi-tryskami-zlata-ruzova-leskla-39913\/","name":"Zna\u010dkov\u00fd Rav Slez\u00e1k Hlavov\u00e1 sprcha kulat\u00e1 kovov\u00e1 \u00f8 30cm s 4-otvorov\u00fdmi tryskami zlat\u00e1 r\u016f\u017eov\u00e1 leskl\u00e1 -","isPartOf":{"@id":"https:\/\/www.oknobuild.com\/#website"},"primaryImageOfPage":{"@id":"https:\/\/www.oknobuild.com\/index.php\/produkt\/znackovy-rav-slezak-hlavova-sprcha-kulata-kovova-o-30cm-s-4-otvorovymi-tryskami-zlata-ruzova-leskla-39913\/#primaryimage"},"image":{"@id":"https:\/\/www.oknobuild.com\/index.php\/produkt\/znackovy-rav-slezak-hlavova-sprcha-kulata-kovova-o-30cm-s-4-otvorovymi-tryskami-zlata-ruzova-leskla-39913\/#primaryimage"},"thumbnailUrl":"https:\/\/www.oknobuild.com\/wp-content\/uploads\/2026\/SK0020993-CZ20260425-092632-0-1777080397-rav-slezak-hlavova-sprcha-kulata-kovova-30cm-s-4-otvorovymi.webp","datePublished":"2026-04-27T04:42:18+00:00","breadcrumb":{"@id":"https:\/\/www.oknobuild.com\/index.php\/produkt\/znackovy-rav-slezak-hlavova-sprcha-kulata-kovova-o-30cm-s-4-otvorovymi-tryskami-zlata-ruzova-leskla-39913\/#breadcrumb"},"inLanguage":"cs","potentialAction":[{"@type":"ReadAction","target":["https:\/\/www.oknobuild.com\/index.php\/produkt\/znackovy-rav-slezak-hlavova-sprcha-kulata-kovova-o-30cm-s-4-otvorovymi-tryskami-zlata-ruzova-leskla-39913\/"]}]},{"@type":"ImageObject","inLanguage":"cs","@id":"https:\/\/www.oknobuild.com\/index.php\/produkt\/znackovy-rav-slezak-hlavova-sprcha-kulata-kovova-o-30cm-s-4-otvorovymi-tryskami-zlata-ruzova-leskla-39913\/#primaryimage","url":"https:\/\/www.oknobuild.com\/wp-content\/uploads\/2026\/SK0020993-CZ20260425-092632-0-1777080397-rav-slezak-hlavova-sprcha-kulata-kovova-30cm-s-4-otvorovymi.webp","contentUrl":"https:\/\/www.oknobuild.com\/wp-content\/uploads\/2026\/SK0020993-CZ20260425-092632-0-1777080397-rav-slezak-hlavova-sprcha-kulata-kovova-30cm-s-4-otvorovymi.webp","width":600,"height":600},{"@type":"BreadcrumbList","@id":"https:\/\/www.oknobuild.com\/index.php\/produkt\/znackovy-rav-slezak-hlavova-sprcha-kulata-kovova-o-30cm-s-4-otvorovymi-tryskami-zlata-ruzova-leskla-39913\/#breadcrumb","itemListElement":[{"@type":"ListItem","position":1,"name":"Home","item":"https:\/\/www.oknobuild.com\/"},{"@type":"ListItem","position":2,"name":"Products","item":"https:\/\/www.oknobuild.com\/index.php\/products\/"},{"@type":"ListItem","position":3,"name":"Zna\u010dkov\u00fd Rav Slez\u00e1k Hlavov\u00e1 sprcha kulat\u00e1 kovov\u00e1 \u00f8 30cm s 4-otvorov\u00fdmi tryskami zlat\u00e1 r\u016f\u017eov\u00e1 leskl\u00e1"}]},{"@type":"WebSite","@id":"https:\/\/www.oknobuild.com\/#website","url":"https:\/\/www.oknobuild.com\/","name":"","description":"","potentialAction":[{"@type":"SearchAction","target":{"@type":"EntryPoint","urlTemplate":"https:\/\/www.oknobuild.com\/?s={search_term_string}"},"query-input":{"@type":"PropertyValueSpecification","valueRequired":true,"valueName":"search_term_string"}}],"inLanguage":"cs"}]}},"_links":{"self":[{"href":"https:\/\/www.oknobuild.com\/index.php\/wp-json\/wp\/v2\/product\/39913","targetHints":{"allow":["GET"]}}],"collection":[{"href":"https:\/\/www.oknobuild.com\/index.php\/wp-json\/wp\/v2\/product"}],"about":[{"href":"https:\/\/www.oknobuild.com\/index.php\/wp-json\/wp\/v2\/types\/product"}],"replies":[{"embeddable":true,"href":"https:\/\/www.oknobuild.com\/index.php\/wp-json\/wp\/v2\/comments?post=39913"}],"wp:featuredmedia":[{"embeddable":true,"href":"https:\/\/www.oknobuild.com\/index.php\/wp-json\/wp\/v2\/media\/40013"}],"wp:attachment":[{"href":"https:\/\/www.oknobuild.com\/index.php\/wp-json\/wp\/v2\/media?parent=39913"}],"wp:term":[{"taxonomy":"product_brand","embeddable":true,"href":"https:\/\/www.oknobuild.com\/index.php\/wp-json\/wp\/v2\/product_brand?post=39913"},{"taxonomy":"product_cat","embeddable":true,"href":"https:\/\/www.oknobuild.com\/index.php\/wp-json\/wp\/v2\/product_cat?post=39913"},{"taxonomy":"product_tag","embeddable":true,"href":"https:\/\/www.oknobuild.com\/index.php\/wp-json\/wp\/v2\/product_tag?post=39913"}],"curies":[{"name":"wp","href":"https:\/\/api.w.org\/{rel}","templated":true}]}}