{"id":40386,"date":"2026-04-27T04:42:20","date_gmt":"2026-04-27T04:42:20","guid":{"rendered":""},"modified":"2026-04-27T04:42:20","modified_gmt":"2026-04-27T04:42:20","slug":"akce-radik-vkm8-radiator-korado-22-300x2000-1900w-bila-40386","status":"publish","type":"product","link":"https:\/\/www.oknobuild.com\/index.php\/produkt\/akce-radik-vkm8-radiator-korado-22-300x2000-1900w-bila-40386\/","title":{"rendered":"Akce Radik VKM8 radi\u00e1tor Korado 22-300&#215;2000 1900W b\u00edl\u00e1"},"content":{"rendered":"<div class=\"ProductDetail-content NoFixImageContainer\" id=\"productDescription\">\n<div class=\"Heading\">\n<h2 class=\"Heading-title\">Popis produktu <span class=''>Radik VKM8 radi\u00e1tor Korado 22-300&#215;2000 1900W b\u00edl\u00e1<\/span><\/h2>\n<\/p><\/div>\n<div class=\"ProductDetailContent\">\n<p><span style=\"font-size:16px\"><strong>Deskov\u00e9 otopn\u00e9 t\u011bleso se spodn\u00edm st\u0159edov\u00fdm nebo spodn\u00edm prav\u00fdm p\u0159ipojen\u00edm.<\/strong><\/span><\/p>\n<p><span style=\"font-size:16px\">Model RADIK VKM8 je deskov\u00e9 otopn\u00e9 t\u011bleso v proveden\u00ed VENTIL KOMPAKT, kter\u00e9 umo\u017e\u0148uje spodn\u00ed st\u0159edov\u00e9 nebo prav\u00e9 spodn\u00ed p\u0159ipojen\u00ed na otopnou soustavu. Typy 20, 21, 22 a 33 maj\u00ed jednotnou vzd\u00e1lenost spodn\u00edho st\u0159edov\u00e9ho p\u0159ipojen\u00ed od st\u011bny. Ze zadn\u00ed strany jsou p\u0159iva\u0159eny dv\u011b horn\u00ed a doln\u00ed p\u0159\u00edchytky, otopn\u00e1 t\u011blesa o d\u00e9lce 1800 mm a del\u0161\u00ed maj\u00ed nava\u0159en\u00fdch \u0161est p\u0159\u00edchytek. Deskov\u00e1 otopn\u00e1 t\u011blesa RADIK VKM8 jsou svou konstrukc\u00ed ur\u010dena pro modern\u011b \u0159e\u0161en\u00e9 otopn\u00e9 soustavy s nucen\u00fdm ob\u011bhem teplonosn\u00e9 l\u00e1tky a horizont\u00e1ln\u011b veden\u00fdm rozvodn\u00fdm potrub\u00edm pod otopn\u00fdm t\u011blesem v podlaze, ve st\u011bn\u011b nebo po st\u011bn\u011b zakryt\u00e9 li\u0161tou.<\/span><\/p>\n<ul>\n<li><span style=\"font-size:16px\">nahrazuje&nbsp;v\u011bt\u0161inu st\u00e1vaj\u00edc\u00edch t\u011bles<\/span><\/li>\n<li><span style=\"font-size:16px\">jedno t\u011bleso, r\u016fzn\u00e9 mo\u017enosti p\u0159ipojen\u00ed<\/span><\/li>\n<li><span style=\"font-size:16px\">jednotn\u00e1 vzd\u00e1lenost spodn\u00edho st\u0159edov\u00e9ho p\u0159ipojen\u00ed od st\u011bny u&nbsp;typ\u016f 20, 21, 22, 33<\/span><\/li>\n<li><span style=\"font-size:16px\">mo\u017enost v\u00fdb\u011bru designu t\u011blesa: klasick\u00fd vzhled nebo PLAN nebo LINE<\/span><\/li>\n<li><span style=\"font-size:16px\">barevn\u00e9 odst\u00edny dle vzorn\u00edku: KORADO a&nbsp;RAL<\/span><\/li>\n<li><span style=\"font-size:16px\">dodate\u010dn\u011b lze vybavit samostatnou \u010deln\u00ed deskou: PLAN nebo LINE<\/span><\/li>\n<\/ul>\n<p><strong><span style=\"font-size:18px\">V\u00fdbava:<\/span><\/strong><\/p>\n<p><span style=\"font-size:16px\">V\u0161echna&nbsp;otopn\u00e1 t\u011blesa v&nbsp;proveden\u00ed VKM8 jsou vybavena&nbsp;integrovan\u00fdm plynule nastaviteln\u00fdm 8-stup\u0148ov\u00fdm ventilem, odvzdu\u0161\u0148ovac\u00ed z\u00e1tkou a&nbsp;p\u0159\u00edslu\u0161n\u00fdm po\u010dtem zaslepovac\u00edch z\u00e1tek. Krom\u011b typu 10 jsou v\u0161echny ostatn\u00ed typy otopn\u00fdch t\u011bles dod\u00e1v\u00e1ny s&nbsp;bo\u010dn\u00edmi kryty a&nbsp;horn\u00ed m\u0159\u00ed\u017ekou.<\/span><\/p>\n<p><span style=\"font-size:18px\"><strong>Rozm\u011bry rad\u00ed\u00e1tor\u016f&nbsp;RADIK VKM8:<\/strong><\/span><\/p>\n<ul>\n<li><span style=\"font-size:16px\">V\u00fd\u0161ka (H): 300, 400, 500, 600, 700, 900 mm<\/span><\/li>\n<li><span style=\"font-size:16px\">D\u00e9lka (L:) 400, 500, 600, 700, 800, 900, 1000, 1100, 1200, 1400, 1600, 1800, 2000, 2300, 2600, 3000 mm<\/span><\/li>\n<li><span style=\"font-size:16px\">Hloubka: Typ 10: 47 mm<\/span><\/li>\n<li><span style=\"font-size:16px\">Hloubka: Typ 11: 63 mm<\/span><\/li>\n<li><span style=\"font-size:16px\">Hloubka: Typ 20: 66 mm<\/span><\/li>\n<li><span style=\"font-size:16px\">Hloubka: Typ 21: 66 mm<\/span><\/li>\n<li><span style=\"font-size:16px\">Hloubka: Typ 22: 100 mm<\/span><\/li>\n<li><span style=\"font-size:16px\">Hloubka: Typ 33: 155 mm<\/span><\/li>\n<\/ul>\n<p><span style=\"font-size:18px\"><strong>Parametry:<\/strong><\/span><\/p>\n<ul>\n<li><span style=\"font-size:16px\">P\u0159ipojovac\u00ed rozte\u010d: 50 mm<\/span><\/li>\n<li><span style=\"font-size:16px\">P\u0159ipojovac\u00ed z\u00e1vit: 8 x G1\/2 vnit\u0159n\u00ed<\/span><\/li>\n<li><span style=\"font-size:16px\">Nejvy\u0161\u0161\u00ed p\u0159\u00edpustn\u00fd provozn\u00ed p\u0159etlak: 1,0 MPa<\/span><\/li>\n<li><span style=\"font-size:16px\">Nejvy\u0161\u0161\u00ed p\u0159\u00edpustn\u00e1 provozn\u00ed teplota: 110 \u00b0C<\/span><\/li>\n<li><span style=\"font-size:16px\">P\u0159ipojen\u00ed otopn\u00e9ho t\u011blesa: st\u0159edov\u00e9 spodn\u00ed, prav\u00e9 spodn\u00ed<\/span><\/li>\n<\/ul>\n<p><span style=\"font-size:16px\">Z\u00e1ruka: 10 let na t\u011bsnost radi\u00e1toru a 2 roky na povrchovou \u00fapravu.<\/span><\/p>\n<\/p><\/div>\n<div class=\"ProductDetailContent\">                                                                    <\/div>\n<\/p><\/div>\n<\/p><\/div>\n<\/p><\/div>\n","protected":false},"excerpt":{"rendered":"<p>Popis produktu Radik VKM8 radi\u00e1tor Korado 22-300&#215;2000 1900W b\u00edl\u00e1 Deskov\u00e9 otopn\u00e9 t\u011bleso se spodn\u00edm st\u0159edov\u00fdm nebo spodn\u00edm prav\u00fdm p\u0159ipojen\u00edm. Model RADIK VKM8 je deskov\u00e9 otopn\u00e9 t\u011bleso v proveden\u00ed VENTIL KOMPAKT, kter\u00e9 umo\u017e\u0148uje spodn\u00ed st\u0159edov\u00e9 nebo prav\u00e9 spodn\u00ed p\u0159ipojen\u00ed na otopnou soustavu. Typy 20, 21, 22 a 33 maj\u00ed jednotnou vzd\u00e1lenost spodn\u00edho st\u0159edov\u00e9ho p\u0159ipojen\u00ed od st\u011bny. [&hellip;]<\/p>\n","protected":false},"featured_media":40486,"comment_status":"open","ping_status":"open","template":"","meta":[],"product_brand":[],"product_cat":[67],"product_tag":[],"class_list":{"0":"post-40386","1":"product","2":"type-product","3":"status-publish","4":"has-post-thumbnail","6":"product_cat-topeni","8":"first","9":"instock","10":"sale","11":"shipping-taxable","12":"purchasable","13":"product-type-simple"},"yoast_head":"<!-- This site is optimized with the Yoast SEO plugin v26.8 - https:\/\/yoast.com\/product\/yoast-seo-wordpress\/ -->\n<title>Akce Radik VKM8 radi\u00e1tor Korado 22-300x2000 1900W b\u00edl\u00e1 -<\/title>\n<meta name=\"robots\" content=\"index, follow, max-snippet:-1, max-image-preview:large, max-video-preview:-1\" \/>\n<link rel=\"canonical\" href=\"https:\/\/www.oknobuild.com\/index.php\/produkt\/akce-radik-vkm8-radiator-korado-22-300x2000-1900w-bila-40386\/\" \/>\n<meta property=\"og:locale\" content=\"cs_CZ\" \/>\n<meta property=\"og:type\" content=\"article\" \/>\n<meta property=\"og:title\" content=\"Akce Radik VKM8 radi\u00e1tor Korado 22-300x2000 1900W b\u00edl\u00e1 -\" \/>\n<meta property=\"og:description\" content=\"Popis produktu Radik VKM8 radi\u00e1tor Korado 22-300&#215;2000 1900W b\u00edl\u00e1 Deskov\u00e9 otopn\u00e9 t\u011bleso se spodn\u00edm st\u0159edov\u00fdm nebo spodn\u00edm prav\u00fdm p\u0159ipojen\u00edm. Model RADIK VKM8 je deskov\u00e9 otopn\u00e9 t\u011bleso v proveden\u00ed VENTIL KOMPAKT, kter\u00e9 umo\u017e\u0148uje spodn\u00ed st\u0159edov\u00e9 nebo prav\u00e9 spodn\u00ed p\u0159ipojen\u00ed na otopnou soustavu. Typy 20, 21, 22 a 33 maj\u00ed jednotnou vzd\u00e1lenost spodn\u00edho st\u0159edov\u00e9ho p\u0159ipojen\u00ed od st\u011bny. [&hellip;]\" \/>\n<meta property=\"og:url\" content=\"https:\/\/www.oknobuild.com\/index.php\/produkt\/akce-radik-vkm8-radiator-korado-22-300x2000-1900w-bila-40386\/\" \/>\n<meta property=\"og:image\" content=\"https:\/\/www.oknobuild.com\/wp-content\/uploads\/2026\/SK0021297-CZ20260425-092632-0-1777080397-radik-vkm8-radiator-korado-22-300x2000-1900w-bila-937733.jp.webp\" \/>\n\t<meta property=\"og:image:width\" content=\"600\" \/>\n\t<meta property=\"og:image:height\" content=\"338\" \/>\n\t<meta property=\"og:image:type\" content=\"image\/webp\" \/>\n<meta name=\"twitter:card\" content=\"summary_large_image\" \/>\n<meta name=\"twitter:label1\" content=\"Odhadovan\u00e1 doba \u010dten\u00ed\" \/>\n\t<meta name=\"twitter:data1\" content=\"2 minuty\" \/>\n<script type=\"application\/ld+json\" class=\"yoast-schema-graph\">{\"@context\":\"https:\/\/schema.org\",\"@graph\":[{\"@type\":\"WebPage\",\"@id\":\"https:\/\/www.oknobuild.com\/index.php\/produkt\/akce-radik-vkm8-radiator-korado-22-300x2000-1900w-bila-40386\/\",\"url\":\"https:\/\/www.oknobuild.com\/index.php\/produkt\/akce-radik-vkm8-radiator-korado-22-300x2000-1900w-bila-40386\/\",\"name\":\"Akce Radik VKM8 radi\u00e1tor Korado 22-300x2000 1900W b\u00edl\u00e1 -\",\"isPartOf\":{\"@id\":\"https:\/\/www.oknobuild.com\/#website\"},\"primaryImageOfPage\":{\"@id\":\"https:\/\/www.oknobuild.com\/index.php\/produkt\/akce-radik-vkm8-radiator-korado-22-300x2000-1900w-bila-40386\/#primaryimage\"},\"image\":{\"@id\":\"https:\/\/www.oknobuild.com\/index.php\/produkt\/akce-radik-vkm8-radiator-korado-22-300x2000-1900w-bila-40386\/#primaryimage\"},\"thumbnailUrl\":\"https:\/\/www.oknobuild.com\/wp-content\/uploads\/2026\/SK0021297-CZ20260425-092632-0-1777080397-radik-vkm8-radiator-korado-22-300x2000-1900w-bila-937733.jp.webp\",\"datePublished\":\"2026-04-27T04:42:20+00:00\",\"breadcrumb\":{\"@id\":\"https:\/\/www.oknobuild.com\/index.php\/produkt\/akce-radik-vkm8-radiator-korado-22-300x2000-1900w-bila-40386\/#breadcrumb\"},\"inLanguage\":\"cs\",\"potentialAction\":[{\"@type\":\"ReadAction\",\"target\":[\"https:\/\/www.oknobuild.com\/index.php\/produkt\/akce-radik-vkm8-radiator-korado-22-300x2000-1900w-bila-40386\/\"]}]},{\"@type\":\"ImageObject\",\"inLanguage\":\"cs\",\"@id\":\"https:\/\/www.oknobuild.com\/index.php\/produkt\/akce-radik-vkm8-radiator-korado-22-300x2000-1900w-bila-40386\/#primaryimage\",\"url\":\"https:\/\/www.oknobuild.com\/wp-content\/uploads\/2026\/SK0021297-CZ20260425-092632-0-1777080397-radik-vkm8-radiator-korado-22-300x2000-1900w-bila-937733.jp.webp\",\"contentUrl\":\"https:\/\/www.oknobuild.com\/wp-content\/uploads\/2026\/SK0021297-CZ20260425-092632-0-1777080397-radik-vkm8-radiator-korado-22-300x2000-1900w-bila-937733.jp.webp\",\"width\":600,\"height\":338},{\"@type\":\"BreadcrumbList\",\"@id\":\"https:\/\/www.oknobuild.com\/index.php\/produkt\/akce-radik-vkm8-radiator-korado-22-300x2000-1900w-bila-40386\/#breadcrumb\",\"itemListElement\":[{\"@type\":\"ListItem\",\"position\":1,\"name\":\"Home\",\"item\":\"https:\/\/www.oknobuild.com\/\"},{\"@type\":\"ListItem\",\"position\":2,\"name\":\"Products\",\"item\":\"https:\/\/www.oknobuild.com\/index.php\/products\/\"},{\"@type\":\"ListItem\",\"position\":3,\"name\":\"Akce Radik VKM8 radi\u00e1tor Korado 22-300&#215;2000 1900W b\u00edl\u00e1\"}]},{\"@type\":\"WebSite\",\"@id\":\"https:\/\/www.oknobuild.com\/#website\",\"url\":\"https:\/\/www.oknobuild.com\/\",\"name\":\"\",\"description\":\"\",\"potentialAction\":[{\"@type\":\"SearchAction\",\"target\":{\"@type\":\"EntryPoint\",\"urlTemplate\":\"https:\/\/www.oknobuild.com\/?s={search_term_string}\"},\"query-input\":{\"@type\":\"PropertyValueSpecification\",\"valueRequired\":true,\"valueName\":\"search_term_string\"}}],\"inLanguage\":\"cs\"}]}<\/script>\n<!-- \/ Yoast SEO plugin. -->","yoast_head_json":{"title":"Akce Radik VKM8 radi\u00e1tor Korado 22-300x2000 1900W b\u00edl\u00e1 -","robots":{"index":"index","follow":"follow","max-snippet":"max-snippet:-1","max-image-preview":"max-image-preview:large","max-video-preview":"max-video-preview:-1"},"canonical":"https:\/\/www.oknobuild.com\/index.php\/produkt\/akce-radik-vkm8-radiator-korado-22-300x2000-1900w-bila-40386\/","og_locale":"cs_CZ","og_type":"article","og_title":"Akce Radik VKM8 radi\u00e1tor Korado 22-300x2000 1900W b\u00edl\u00e1 -","og_description":"Popis produktu Radik VKM8 radi\u00e1tor Korado 22-300&#215;2000 1900W b\u00edl\u00e1 Deskov\u00e9 otopn\u00e9 t\u011bleso se spodn\u00edm st\u0159edov\u00fdm nebo spodn\u00edm prav\u00fdm p\u0159ipojen\u00edm. Model RADIK VKM8 je deskov\u00e9 otopn\u00e9 t\u011bleso v proveden\u00ed VENTIL KOMPAKT, kter\u00e9 umo\u017e\u0148uje spodn\u00ed st\u0159edov\u00e9 nebo prav\u00e9 spodn\u00ed p\u0159ipojen\u00ed na otopnou soustavu. Typy 20, 21, 22 a 33 maj\u00ed jednotnou vzd\u00e1lenost spodn\u00edho st\u0159edov\u00e9ho p\u0159ipojen\u00ed od st\u011bny. [&hellip;]","og_url":"https:\/\/www.oknobuild.com\/index.php\/produkt\/akce-radik-vkm8-radiator-korado-22-300x2000-1900w-bila-40386\/","og_image":[{"width":600,"height":338,"url":"https:\/\/www.oknobuild.com\/wp-content\/uploads\/2026\/SK0021297-CZ20260425-092632-0-1777080397-radik-vkm8-radiator-korado-22-300x2000-1900w-bila-937733.jp.webp","type":"image\/webp"}],"twitter_card":"summary_large_image","twitter_misc":{"Odhadovan\u00e1 doba \u010dten\u00ed":"2 minuty"},"schema":{"@context":"https:\/\/schema.org","@graph":[{"@type":"WebPage","@id":"https:\/\/www.oknobuild.com\/index.php\/produkt\/akce-radik-vkm8-radiator-korado-22-300x2000-1900w-bila-40386\/","url":"https:\/\/www.oknobuild.com\/index.php\/produkt\/akce-radik-vkm8-radiator-korado-22-300x2000-1900w-bila-40386\/","name":"Akce Radik VKM8 radi\u00e1tor Korado 22-300x2000 1900W b\u00edl\u00e1 -","isPartOf":{"@id":"https:\/\/www.oknobuild.com\/#website"},"primaryImageOfPage":{"@id":"https:\/\/www.oknobuild.com\/index.php\/produkt\/akce-radik-vkm8-radiator-korado-22-300x2000-1900w-bila-40386\/#primaryimage"},"image":{"@id":"https:\/\/www.oknobuild.com\/index.php\/produkt\/akce-radik-vkm8-radiator-korado-22-300x2000-1900w-bila-40386\/#primaryimage"},"thumbnailUrl":"https:\/\/www.oknobuild.com\/wp-content\/uploads\/2026\/SK0021297-CZ20260425-092632-0-1777080397-radik-vkm8-radiator-korado-22-300x2000-1900w-bila-937733.jp.webp","datePublished":"2026-04-27T04:42:20+00:00","breadcrumb":{"@id":"https:\/\/www.oknobuild.com\/index.php\/produkt\/akce-radik-vkm8-radiator-korado-22-300x2000-1900w-bila-40386\/#breadcrumb"},"inLanguage":"cs","potentialAction":[{"@type":"ReadAction","target":["https:\/\/www.oknobuild.com\/index.php\/produkt\/akce-radik-vkm8-radiator-korado-22-300x2000-1900w-bila-40386\/"]}]},{"@type":"ImageObject","inLanguage":"cs","@id":"https:\/\/www.oknobuild.com\/index.php\/produkt\/akce-radik-vkm8-radiator-korado-22-300x2000-1900w-bila-40386\/#primaryimage","url":"https:\/\/www.oknobuild.com\/wp-content\/uploads\/2026\/SK0021297-CZ20260425-092632-0-1777080397-radik-vkm8-radiator-korado-22-300x2000-1900w-bila-937733.jp.webp","contentUrl":"https:\/\/www.oknobuild.com\/wp-content\/uploads\/2026\/SK0021297-CZ20260425-092632-0-1777080397-radik-vkm8-radiator-korado-22-300x2000-1900w-bila-937733.jp.webp","width":600,"height":338},{"@type":"BreadcrumbList","@id":"https:\/\/www.oknobuild.com\/index.php\/produkt\/akce-radik-vkm8-radiator-korado-22-300x2000-1900w-bila-40386\/#breadcrumb","itemListElement":[{"@type":"ListItem","position":1,"name":"Home","item":"https:\/\/www.oknobuild.com\/"},{"@type":"ListItem","position":2,"name":"Products","item":"https:\/\/www.oknobuild.com\/index.php\/products\/"},{"@type":"ListItem","position":3,"name":"Akce Radik VKM8 radi\u00e1tor Korado 22-300&#215;2000 1900W b\u00edl\u00e1"}]},{"@type":"WebSite","@id":"https:\/\/www.oknobuild.com\/#website","url":"https:\/\/www.oknobuild.com\/","name":"","description":"","potentialAction":[{"@type":"SearchAction","target":{"@type":"EntryPoint","urlTemplate":"https:\/\/www.oknobuild.com\/?s={search_term_string}"},"query-input":{"@type":"PropertyValueSpecification","valueRequired":true,"valueName":"search_term_string"}}],"inLanguage":"cs"}]}},"_links":{"self":[{"href":"https:\/\/www.oknobuild.com\/index.php\/wp-json\/wp\/v2\/product\/40386","targetHints":{"allow":["GET"]}}],"collection":[{"href":"https:\/\/www.oknobuild.com\/index.php\/wp-json\/wp\/v2\/product"}],"about":[{"href":"https:\/\/www.oknobuild.com\/index.php\/wp-json\/wp\/v2\/types\/product"}],"replies":[{"embeddable":true,"href":"https:\/\/www.oknobuild.com\/index.php\/wp-json\/wp\/v2\/comments?post=40386"}],"wp:featuredmedia":[{"embeddable":true,"href":"https:\/\/www.oknobuild.com\/index.php\/wp-json\/wp\/v2\/media\/40486"}],"wp:attachment":[{"href":"https:\/\/www.oknobuild.com\/index.php\/wp-json\/wp\/v2\/media?parent=40386"}],"wp:term":[{"taxonomy":"product_brand","embeddable":true,"href":"https:\/\/www.oknobuild.com\/index.php\/wp-json\/wp\/v2\/product_brand?post=40386"},{"taxonomy":"product_cat","embeddable":true,"href":"https:\/\/www.oknobuild.com\/index.php\/wp-json\/wp\/v2\/product_cat?post=40386"},{"taxonomy":"product_tag","embeddable":true,"href":"https:\/\/www.oknobuild.com\/index.php\/wp-json\/wp\/v2\/product_tag?post=40386"}],"curies":[{"name":"wp","href":"https:\/\/api.w.org\/{rel}","templated":true}]}}