{"id":40752,"date":"2026-04-27T04:42:21","date_gmt":"2026-04-27T04:42:21","guid":{"rendered":""},"modified":"2026-04-27T04:42:21","modified_gmt":"2026-04-27T04:42:21","slug":"akce-korado-radik-radiator-s-ventilatorem-v-power-22-624x1400-bila-40752","status":"publish","type":"product","link":"https:\/\/www.oknobuild.com\/index.php\/produkt\/akce-korado-radik-radiator-s-ventilatorem-v-power-22-624x1400-bila-40752\/","title":{"rendered":"Akce Korado Radik Radi\u00e1tor s ventil\u00e1torem V-POWER 22-624&#215;1400 b\u00edl\u00e1"},"content":{"rendered":"<div class=\"ProductDetail-content NoFixImageContainer\" id=\"productDescription\">\n<div class=\"Heading\">\n<h2 class=\"Heading-title\">Popis produktu <span class=''>Korado Radik Radi\u00e1tor s ventil\u00e1torem V-POWER 22-624&#215;1400 b\u00edl\u00e1<\/span><\/h2>\n<\/p><\/div>\n<div class=\"ProductDetailContent\">\n<p><span style=\"font-size:16px\">Model RADIK V-POWER je deskov\u00e9 inovativn\u00ed otopn\u00e9 t\u011bleso v proveden\u00ed PLAN s hladkou \u010deln\u00ed deskou a s integrovan\u00fdm modulem s ventil\u00e1tory, kter\u00e9 zv\u00fd\u0161\u00ed teplen\u00fd v\u00fdkon a\u017e o 60 %. Svou konstrukc\u00ed je ur\u010den pro n\u00edzkoteplotn\u00ed otopn\u00e9 soustavy, nej\u010dast\u011bji s tepeln\u00fdmi \u010derpadly. Umo\u017e\u0148uje spodn\u00ed st\u0159edov\u00e9, prav\u00e9 spodn\u00ed, lev\u00e9 nebo prav\u00e9 bo\u010dn\u00ed p\u0159ipojen\u00ed na rozvod otopn\u00e9 soustavy. Ze zadn\u00ed strany jsou p\u0159iva\u0159eny dv\u011b horn\u00ed a doln\u00ed p\u0159\u00edchytky. Otopn\u00e1 t\u011blesa o d\u00e9lce 1 800 mm a del\u0161\u00ed maj\u00ed nava\u0159en\u00fdch \u0161est p\u0159\u00edchytek.<\/span><\/p>\n<p><span style=\"font-size:18px\"><strong>Technick\u00e9 parametry<\/strong><\/span><\/p>\n<ul>\n<li><span style=\"font-size:16px\">V\u00fdkon &#8211; nastaven\u00ed ventil\u00e1toru: 0=764W, 3=1029W, 5=1123W<\/span><\/li>\n<li><span style=\"font-size:16px\">H: V\u00fd\u0161ka (mm): 524, 624, 924<\/span><\/li>\n<li><span style=\"font-size:16px\">L: D\u00e9lka (mm): 400, 500, 600, 700, 800, 900, 1000, 1100, 1200, 1400, 1600, 1800, 2000<\/span><\/li>\n<li><span style=\"font-size:16px\">Typ 22 hloubka: 102 mm<\/span><\/li>\n<li><span style=\"font-size:16px\">Nejvy\u0161\u0161\u00ed p\u0159\u00edpustn\u00e1 provozn\u00ed teplota: 60 \u00b0C<\/span><\/li>\n<li><span style=\"font-size:16px\">Nejvy\u0161\u0161\u00ed p\u0159\u00edpustn\u00fd provozn\u00ed p\u0159etlak: 1,2 MPa<\/span><\/li>\n<li><span style=\"font-size:16px\">P\u0159ipojovac\u00ed z\u00e1vit: G 1\/2&#8243; vnit\u0159n\u00ed<\/span><\/li>\n<li><span style=\"font-size:16px\">P\u0159ipojovac\u00ed rozte\u010d: 50 mm<\/span><\/li>\n<\/ul>\n<p><span style=\"font-size:18px\"><strong>Sada krom\u011b deskov\u00e9ho radi\u00e1toru obsahuje<\/strong><\/span><\/p>\n<ul>\n<li><span style=\"font-size:16px\">ventila\u010dn\u00ed jednotku<\/span><\/li>\n<li><span style=\"font-size:16px\">sn\u00edma\u010de teploty<\/span><\/li>\n<li><span style=\"font-size:16px\">nap\u00e1jec\u00ed konektor<\/span><\/li>\n<li><span style=\"font-size:16px\">nap\u00e1jec\u00ed adapt\u00e9r \u2013 1,2 m<\/span><\/li>\n<li><span style=\"font-size:16px\">rovnou \u010deln\u00ed desku<\/span><\/li>\n<li><span style=\"font-size:16px\">p\u0159\u00edslu\u0161enstv\u00ed pro mont\u00e1\u017e na otopn\u00e9 t\u011bleso<\/span><\/li>\n<\/ul>\n<p><span style=\"font-size:18px\"><strong>Voliteln\u00e9 p\u0159\u00edslu\u0161enstv\u00ed<\/strong><\/span><\/p>\n<ul>\n<li><span style=\"font-size:16px\">bo\u010dn\u00ed kryty<\/span><\/li>\n<li><span style=\"font-size:16px\">prodlu\u017eovac\u00ed kabel<\/span><\/li>\n<\/ul>\n<p><span style=\"font-size:16px\"><strong>Deskov\u00fd radi\u00e1tor Korado um\u00ed chladit m\u00edsto klimatizace<\/strong><br \/>Nov\u00e9 deskov\u00e9 t\u011bleso RADIK V-POWER najde nav\u00edc uplatn\u011bn\u00ed i v letn\u00edch m\u011bs\u00edc\u00edch. V re\u017eimu dochlazov\u00e1n\u00ed um\u00ed pracovat s chladn\u011bj\u0161\u00ed vodou, kterou n\u011bkter\u00e9 druhy tepeln\u00fdch \u010derpadel dok\u00e1\u017e\u00ed dod\u00e1vat do otopn\u00e9 soustavy pro ochlazov\u00e1n\u00ed budovy.<\/span><\/p>\n<p><span style=\"font-size:16px\"><strong>Radi\u00e1tory Korado v n\u011bkolika velikostech i v\u00fdkonech<\/strong><br \/>RADIK V-POWER je dod\u00e1v\u00e1n v typu 22 s v\u00fd\u0161kami <strong>524, 624 a 924 mm a ve standardn\u00edch d\u00e9lk\u00e1ch od 400 do 2000 mm<\/strong>. Jedine\u010dn\u00e1 konstrukce samostatn\u00e9ho modulu s ventil\u00e1tory a integrovanou regulac\u00ed umo\u017en\u00ed dodate\u010dnou instalaci na star\u0161\u00ed typy otopn\u00fdch t\u011bles KORADO se stejn\u00fdmi rozm\u011bry, ve kter\u00fdch je dod\u00e1v\u00e1n RADIK V-POWER. To ocen\u00ed p\u0159edev\u0161\u00edm u\u017eivatel\u00e9 tepeln\u00fdch \u010derpadel, kte\u0159\u00ed po v\u00fdm\u011bn\u011b kotle na plyn \u010di fosiln\u00ed paliva <strong>pot\u0159ebuj\u00ed dos\u00e1hnout zv\u00fd\u0161en\u00e9ho v\u00fdkonu<\/strong> otopn\u00e9ho t\u011blesa p\u0159i ni\u017e\u0161\u00edch teplotn\u00edch sp\u00e1dech. Jist\u011b uv\u00edt\u00e1te i velmi tich\u00fd provoz. Maxim\u00e1ln\u00ed bezpe\u010dnost je zaji\u0161t\u011bna d\u00edky nap\u00e1jen\u00ed stejnosm\u011brn\u00fdm nap\u011bt\u00edm <strong>12 V<\/strong> z extern\u00edho s\u00ed\u0165ov\u00e9ho zdroje. Spot\u0159eba elektrick\u00e9 energie se pohybuje <strong>od 4 do 15 W<\/strong>.<\/span><\/p>\n<p><span style=\"font-size:16px\"><strong>RADIK V-POWER SET &#8211; \u0159e\u0161en\u00ed pro dodate\u010dnou mont\u00e1\u017e<\/strong><br \/>Je kompatibiln\u00ed i se star\u0161\u00edmi otopn\u00fdmi t\u011blesy KORADO o velikosti do 2000 mm, typ 22. Tento set vyu\u017eij\u00ed v\u0161ichni z\u00e1kazn\u00edci, kte\u0159\u00ed provedli v\u00fdm\u011bnu zdroje tepla. Set obsahuje ve\u0161ker\u00e9 sou\u010d\u00e1sti, kter\u00e9 pot\u0159ebujete k mont\u00e1\u017ei a provozu.<\/span><\/p>\n<p><span style=\"font-size:16px\">Stejn\u011b jako v p\u0159\u00edpad\u011b jin\u00fdch <strong>radi\u00e1tor\u016f Korado<\/strong>, je mo\u017en\u00e9 si objednat r\u016fzn\u00e1 barevn\u00e9 proveden\u00ed. Vyb\u00edrat lze ze vzorn\u00edku <strong>KORADO<\/strong> a ze vzorn\u00edku RAL.<\/span><\/p>\n<\/p><\/div>\n<div class=\"ProductDetailContent\">                                                                    <\/div>\n<\/p><\/div>\n<\/p><\/div>\n<\/p><\/div>\n","protected":false},"excerpt":{"rendered":"<p>Popis produktu Korado Radik Radi\u00e1tor s ventil\u00e1torem V-POWER 22-624&#215;1400 b\u00edl\u00e1 Model RADIK V-POWER je deskov\u00e9 inovativn\u00ed otopn\u00e9 t\u011bleso v proveden\u00ed PLAN s hladkou \u010deln\u00ed deskou a s integrovan\u00fdm modulem s ventil\u00e1tory, kter\u00e9 zv\u00fd\u0161\u00ed teplen\u00fd v\u00fdkon a\u017e o 60 %. Svou konstrukc\u00ed je ur\u010den pro n\u00edzkoteplotn\u00ed otopn\u00e9 soustavy, nej\u010dast\u011bji s tepeln\u00fdmi \u010derpadly. Umo\u017e\u0148uje spodn\u00ed st\u0159edov\u00e9, prav\u00e9 [&hellip;]<\/p>\n","protected":false},"featured_media":40852,"comment_status":"open","ping_status":"open","template":"","meta":[],"product_brand":[],"product_cat":[67],"product_tag":[],"class_list":{"0":"post-40752","1":"product","2":"type-product","3":"status-publish","4":"has-post-thumbnail","6":"product_cat-topeni","8":"first","9":"instock","10":"sale","11":"shipping-taxable","12":"purchasable","13":"product-type-simple"},"yoast_head":"<!-- This site is optimized with the Yoast SEO plugin v26.8 - https:\/\/yoast.com\/product\/yoast-seo-wordpress\/ -->\n<title>Akce Korado Radik Radi\u00e1tor s ventil\u00e1torem V-POWER 22-624x1400 b\u00edl\u00e1 -<\/title>\n<meta name=\"robots\" content=\"index, follow, max-snippet:-1, max-image-preview:large, max-video-preview:-1\" \/>\n<link rel=\"canonical\" href=\"https:\/\/www.oknobuild.com\/index.php\/produkt\/akce-korado-radik-radiator-s-ventilatorem-v-power-22-624x1400-bila-40752\/\" \/>\n<meta property=\"og:locale\" content=\"cs_CZ\" \/>\n<meta property=\"og:type\" content=\"article\" \/>\n<meta property=\"og:title\" content=\"Akce Korado Radik Radi\u00e1tor s ventil\u00e1torem V-POWER 22-624x1400 b\u00edl\u00e1 -\" \/>\n<meta property=\"og:description\" content=\"Popis produktu Korado Radik Radi\u00e1tor s ventil\u00e1torem V-POWER 22-624&#215;1400 b\u00edl\u00e1 Model RADIK V-POWER je deskov\u00e9 inovativn\u00ed otopn\u00e9 t\u011bleso v proveden\u00ed PLAN s hladkou \u010deln\u00ed deskou a s integrovan\u00fdm modulem s ventil\u00e1tory, kter\u00e9 zv\u00fd\u0161\u00ed teplen\u00fd v\u00fdkon a\u017e o 60 %. Svou konstrukc\u00ed je ur\u010den pro n\u00edzkoteplotn\u00ed otopn\u00e9 soustavy, nej\u010dast\u011bji s tepeln\u00fdmi \u010derpadly. Umo\u017e\u0148uje spodn\u00ed st\u0159edov\u00e9, prav\u00e9 [&hellip;]\" \/>\n<meta property=\"og:url\" content=\"https:\/\/www.oknobuild.com\/index.php\/produkt\/akce-korado-radik-radiator-s-ventilatorem-v-power-22-624x1400-bila-40752\/\" \/>\n<meta property=\"og:image\" content=\"https:\/\/www.oknobuild.com\/wp-content\/uploads\/2026\/SK0021468-CZ20260425-092632-0-1777080397-korado-radik-radiator-s-ventilatorem-v-power-22-624x1400-bi.webp\" \/>\n\t<meta property=\"og:image:width\" content=\"600\" \/>\n\t<meta property=\"og:image:height\" content=\"338\" \/>\n\t<meta property=\"og:image:type\" content=\"image\/webp\" \/>\n<meta name=\"twitter:card\" content=\"summary_large_image\" \/>\n<meta name=\"twitter:label1\" content=\"Odhadovan\u00e1 doba \u010dten\u00ed\" \/>\n\t<meta name=\"twitter:data1\" content=\"2 minuty\" \/>\n<script type=\"application\/ld+json\" class=\"yoast-schema-graph\">{\"@context\":\"https:\/\/schema.org\",\"@graph\":[{\"@type\":\"WebPage\",\"@id\":\"https:\/\/www.oknobuild.com\/index.php\/produkt\/akce-korado-radik-radiator-s-ventilatorem-v-power-22-624x1400-bila-40752\/\",\"url\":\"https:\/\/www.oknobuild.com\/index.php\/produkt\/akce-korado-radik-radiator-s-ventilatorem-v-power-22-624x1400-bila-40752\/\",\"name\":\"Akce Korado Radik Radi\u00e1tor s ventil\u00e1torem V-POWER 22-624x1400 b\u00edl\u00e1 -\",\"isPartOf\":{\"@id\":\"https:\/\/www.oknobuild.com\/#website\"},\"primaryImageOfPage\":{\"@id\":\"https:\/\/www.oknobuild.com\/index.php\/produkt\/akce-korado-radik-radiator-s-ventilatorem-v-power-22-624x1400-bila-40752\/#primaryimage\"},\"image\":{\"@id\":\"https:\/\/www.oknobuild.com\/index.php\/produkt\/akce-korado-radik-radiator-s-ventilatorem-v-power-22-624x1400-bila-40752\/#primaryimage\"},\"thumbnailUrl\":\"https:\/\/www.oknobuild.com\/wp-content\/uploads\/2026\/SK0021468-CZ20260425-092632-0-1777080397-korado-radik-radiator-s-ventilatorem-v-power-22-624x1400-bi.webp\",\"datePublished\":\"2026-04-27T04:42:21+00:00\",\"breadcrumb\":{\"@id\":\"https:\/\/www.oknobuild.com\/index.php\/produkt\/akce-korado-radik-radiator-s-ventilatorem-v-power-22-624x1400-bila-40752\/#breadcrumb\"},\"inLanguage\":\"cs\",\"potentialAction\":[{\"@type\":\"ReadAction\",\"target\":[\"https:\/\/www.oknobuild.com\/index.php\/produkt\/akce-korado-radik-radiator-s-ventilatorem-v-power-22-624x1400-bila-40752\/\"]}]},{\"@type\":\"ImageObject\",\"inLanguage\":\"cs\",\"@id\":\"https:\/\/www.oknobuild.com\/index.php\/produkt\/akce-korado-radik-radiator-s-ventilatorem-v-power-22-624x1400-bila-40752\/#primaryimage\",\"url\":\"https:\/\/www.oknobuild.com\/wp-content\/uploads\/2026\/SK0021468-CZ20260425-092632-0-1777080397-korado-radik-radiator-s-ventilatorem-v-power-22-624x1400-bi.webp\",\"contentUrl\":\"https:\/\/www.oknobuild.com\/wp-content\/uploads\/2026\/SK0021468-CZ20260425-092632-0-1777080397-korado-radik-radiator-s-ventilatorem-v-power-22-624x1400-bi.webp\",\"width\":600,\"height\":338},{\"@type\":\"BreadcrumbList\",\"@id\":\"https:\/\/www.oknobuild.com\/index.php\/produkt\/akce-korado-radik-radiator-s-ventilatorem-v-power-22-624x1400-bila-40752\/#breadcrumb\",\"itemListElement\":[{\"@type\":\"ListItem\",\"position\":1,\"name\":\"Home\",\"item\":\"https:\/\/www.oknobuild.com\/\"},{\"@type\":\"ListItem\",\"position\":2,\"name\":\"Products\",\"item\":\"https:\/\/www.oknobuild.com\/index.php\/products\/\"},{\"@type\":\"ListItem\",\"position\":3,\"name\":\"Akce Korado Radik Radi\u00e1tor s ventil\u00e1torem V-POWER 22-624&#215;1400 b\u00edl\u00e1\"}]},{\"@type\":\"WebSite\",\"@id\":\"https:\/\/www.oknobuild.com\/#website\",\"url\":\"https:\/\/www.oknobuild.com\/\",\"name\":\"\",\"description\":\"\",\"potentialAction\":[{\"@type\":\"SearchAction\",\"target\":{\"@type\":\"EntryPoint\",\"urlTemplate\":\"https:\/\/www.oknobuild.com\/?s={search_term_string}\"},\"query-input\":{\"@type\":\"PropertyValueSpecification\",\"valueRequired\":true,\"valueName\":\"search_term_string\"}}],\"inLanguage\":\"cs\"}]}<\/script>\n<!-- \/ Yoast SEO plugin. -->","yoast_head_json":{"title":"Akce Korado Radik Radi\u00e1tor s ventil\u00e1torem V-POWER 22-624x1400 b\u00edl\u00e1 -","robots":{"index":"index","follow":"follow","max-snippet":"max-snippet:-1","max-image-preview":"max-image-preview:large","max-video-preview":"max-video-preview:-1"},"canonical":"https:\/\/www.oknobuild.com\/index.php\/produkt\/akce-korado-radik-radiator-s-ventilatorem-v-power-22-624x1400-bila-40752\/","og_locale":"cs_CZ","og_type":"article","og_title":"Akce Korado Radik Radi\u00e1tor s ventil\u00e1torem V-POWER 22-624x1400 b\u00edl\u00e1 -","og_description":"Popis produktu Korado Radik Radi\u00e1tor s ventil\u00e1torem V-POWER 22-624&#215;1400 b\u00edl\u00e1 Model RADIK V-POWER je deskov\u00e9 inovativn\u00ed otopn\u00e9 t\u011bleso v proveden\u00ed PLAN s hladkou \u010deln\u00ed deskou a s integrovan\u00fdm modulem s ventil\u00e1tory, kter\u00e9 zv\u00fd\u0161\u00ed teplen\u00fd v\u00fdkon a\u017e o 60 %. Svou konstrukc\u00ed je ur\u010den pro n\u00edzkoteplotn\u00ed otopn\u00e9 soustavy, nej\u010dast\u011bji s tepeln\u00fdmi \u010derpadly. Umo\u017e\u0148uje spodn\u00ed st\u0159edov\u00e9, prav\u00e9 [&hellip;]","og_url":"https:\/\/www.oknobuild.com\/index.php\/produkt\/akce-korado-radik-radiator-s-ventilatorem-v-power-22-624x1400-bila-40752\/","og_image":[{"width":600,"height":338,"url":"https:\/\/www.oknobuild.com\/wp-content\/uploads\/2026\/SK0021468-CZ20260425-092632-0-1777080397-korado-radik-radiator-s-ventilatorem-v-power-22-624x1400-bi.webp","type":"image\/webp"}],"twitter_card":"summary_large_image","twitter_misc":{"Odhadovan\u00e1 doba \u010dten\u00ed":"2 minuty"},"schema":{"@context":"https:\/\/schema.org","@graph":[{"@type":"WebPage","@id":"https:\/\/www.oknobuild.com\/index.php\/produkt\/akce-korado-radik-radiator-s-ventilatorem-v-power-22-624x1400-bila-40752\/","url":"https:\/\/www.oknobuild.com\/index.php\/produkt\/akce-korado-radik-radiator-s-ventilatorem-v-power-22-624x1400-bila-40752\/","name":"Akce Korado Radik Radi\u00e1tor s ventil\u00e1torem V-POWER 22-624x1400 b\u00edl\u00e1 -","isPartOf":{"@id":"https:\/\/www.oknobuild.com\/#website"},"primaryImageOfPage":{"@id":"https:\/\/www.oknobuild.com\/index.php\/produkt\/akce-korado-radik-radiator-s-ventilatorem-v-power-22-624x1400-bila-40752\/#primaryimage"},"image":{"@id":"https:\/\/www.oknobuild.com\/index.php\/produkt\/akce-korado-radik-radiator-s-ventilatorem-v-power-22-624x1400-bila-40752\/#primaryimage"},"thumbnailUrl":"https:\/\/www.oknobuild.com\/wp-content\/uploads\/2026\/SK0021468-CZ20260425-092632-0-1777080397-korado-radik-radiator-s-ventilatorem-v-power-22-624x1400-bi.webp","datePublished":"2026-04-27T04:42:21+00:00","breadcrumb":{"@id":"https:\/\/www.oknobuild.com\/index.php\/produkt\/akce-korado-radik-radiator-s-ventilatorem-v-power-22-624x1400-bila-40752\/#breadcrumb"},"inLanguage":"cs","potentialAction":[{"@type":"ReadAction","target":["https:\/\/www.oknobuild.com\/index.php\/produkt\/akce-korado-radik-radiator-s-ventilatorem-v-power-22-624x1400-bila-40752\/"]}]},{"@type":"ImageObject","inLanguage":"cs","@id":"https:\/\/www.oknobuild.com\/index.php\/produkt\/akce-korado-radik-radiator-s-ventilatorem-v-power-22-624x1400-bila-40752\/#primaryimage","url":"https:\/\/www.oknobuild.com\/wp-content\/uploads\/2026\/SK0021468-CZ20260425-092632-0-1777080397-korado-radik-radiator-s-ventilatorem-v-power-22-624x1400-bi.webp","contentUrl":"https:\/\/www.oknobuild.com\/wp-content\/uploads\/2026\/SK0021468-CZ20260425-092632-0-1777080397-korado-radik-radiator-s-ventilatorem-v-power-22-624x1400-bi.webp","width":600,"height":338},{"@type":"BreadcrumbList","@id":"https:\/\/www.oknobuild.com\/index.php\/produkt\/akce-korado-radik-radiator-s-ventilatorem-v-power-22-624x1400-bila-40752\/#breadcrumb","itemListElement":[{"@type":"ListItem","position":1,"name":"Home","item":"https:\/\/www.oknobuild.com\/"},{"@type":"ListItem","position":2,"name":"Products","item":"https:\/\/www.oknobuild.com\/index.php\/products\/"},{"@type":"ListItem","position":3,"name":"Akce Korado Radik Radi\u00e1tor s ventil\u00e1torem V-POWER 22-624&#215;1400 b\u00edl\u00e1"}]},{"@type":"WebSite","@id":"https:\/\/www.oknobuild.com\/#website","url":"https:\/\/www.oknobuild.com\/","name":"","description":"","potentialAction":[{"@type":"SearchAction","target":{"@type":"EntryPoint","urlTemplate":"https:\/\/www.oknobuild.com\/?s={search_term_string}"},"query-input":{"@type":"PropertyValueSpecification","valueRequired":true,"valueName":"search_term_string"}}],"inLanguage":"cs"}]}},"_links":{"self":[{"href":"https:\/\/www.oknobuild.com\/index.php\/wp-json\/wp\/v2\/product\/40752","targetHints":{"allow":["GET"]}}],"collection":[{"href":"https:\/\/www.oknobuild.com\/index.php\/wp-json\/wp\/v2\/product"}],"about":[{"href":"https:\/\/www.oknobuild.com\/index.php\/wp-json\/wp\/v2\/types\/product"}],"replies":[{"embeddable":true,"href":"https:\/\/www.oknobuild.com\/index.php\/wp-json\/wp\/v2\/comments?post=40752"}],"wp:featuredmedia":[{"embeddable":true,"href":"https:\/\/www.oknobuild.com\/index.php\/wp-json\/wp\/v2\/media\/40852"}],"wp:attachment":[{"href":"https:\/\/www.oknobuild.com\/index.php\/wp-json\/wp\/v2\/media?parent=40752"}],"wp:term":[{"taxonomy":"product_brand","embeddable":true,"href":"https:\/\/www.oknobuild.com\/index.php\/wp-json\/wp\/v2\/product_brand?post=40752"},{"taxonomy":"product_cat","embeddable":true,"href":"https:\/\/www.oknobuild.com\/index.php\/wp-json\/wp\/v2\/product_cat?post=40752"},{"taxonomy":"product_tag","embeddable":true,"href":"https:\/\/www.oknobuild.com\/index.php\/wp-json\/wp\/v2\/product_tag?post=40752"}],"curies":[{"name":"wp","href":"https:\/\/api.w.org\/{rel}","templated":true}]}}